{"id":6087,"date":"2026-02-09T14:43:20","date_gmt":"2026-02-09T17:43:20","guid":{"rendered":"https:\/\/fullsolutions.info\/produto\/solberg-fs-485p-dn200-filter-silencer\/"},"modified":"2026-02-10T11:00:20","modified_gmt":"2026-02-10T14:00:20","slug":"solberg-fs-485p-dn200","status":"publish","type":"product","link":"https:\/\/fullsolutions.info\/en\/product\/solberg-fs-485p-dn200\/","title":{"rendered":"Solberg FS-485P-DN200 Filtro"},"content":{"rendered":"<p data-start=\"1753\" data-end=\"1829\">Este filtro silenciador \u00e9 adequado para uso em ambientes industriais como:<\/p>\n<ul data-start=\"1830\" data-end=\"2100\">\n<li data-start=\"1830\" data-end=\"1873\">\n<p data-start=\"1832\" data-end=\"1873\">Sopradores <em data-start=\"1843\" data-end=\"1871\">side channel\/regenerativos<\/em><\/p>\n<\/li>\n<li data-start=\"1874\" data-end=\"1915\">\n<p data-start=\"1876\" data-end=\"1915\">Compressores de ar (parafuso, pist\u00e3o)<\/p>\n<\/li>\n<li data-start=\"1916\" data-end=\"1944\">\n<p data-start=\"1918\" data-end=\"1944\">Ventiladores industriais<\/p>\n<\/li>\n<li data-start=\"1945\" data-end=\"1982\">\n<p data-start=\"1947\" data-end=\"1982\">Sistemas de transporte pneum\u00e1tico<\/p>\n<\/li>\n<li data-start=\"1983\" data-end=\"2013\">\n<p data-start=\"1985\" data-end=\"2013\">Aera\u00e7\u00e3o de \u00e1guas residuais<\/p>\n<\/li>\n<li data-start=\"2014\" data-end=\"2100\">\n<p data-start=\"2016\" data-end=\"2100\">Oficinas e ambientes de filtra\u00e7\u00e3o de ar pesada<\/p>\n<\/li>\n<\/ul>","protected":false},"excerpt":{"rendered":"<p>Este filtro silenciador \u00e9 adequado para uso em ambientes industriais como: Sopradores side channel\/regenerativos Compressores de ar (parafuso, pist\u00e3o) Ventiladores industriais Sistemas de transporte pneum\u00e1tico Aera\u00e7\u00e3o de \u00e1guas residuais Oficinas e ambientes de filtra\u00e7\u00e3o de ar pesada<\/p>","protected":false},"featured_media":0,"comment_status":"open","ping_status":"closed","template":"","meta":{"_joinchat":[]},"product_brand":[],"product_cat":[181],"product_tag":[],"marca":[182],"class_list":{"0":"post-6087","1":"product","2":"type-product","3":"status-publish","5":"product_cat-filtros","6":"marca-solberg","8":"first","9":"instock","10":"shipping-taxable","11":"product-type-simple"},"yoast_head":"<!-- This site is optimized with the Yoast SEO plugin v27.2 - https:\/\/yoast.com\/product\/yoast-seo-wordpress\/ -->\n<title>Solberg FS-485P-DN200 Filtro - Full Solutions<\/title>\n<meta name=\"robots\" content=\"index, follow, max-snippet:-1, max-image-preview:large, max-video-preview:-1\" \/>\n<link rel=\"canonical\" href=\"https:\/\/fullsolutions.info\/en\/product\/solberg-fs-485p-dn200\/\" \/>\n<meta property=\"og:locale\" content=\"en_US\" \/>\n<meta property=\"og:type\" content=\"article\" \/>\n<meta property=\"og:title\" content=\"Solberg FS-485P-DN200 Filtro - Full Solutions\" \/>\n<meta property=\"og:description\" content=\"Este filtro silenciador \u00e9 adequado para uso em ambientes industriais como: Sopradores side channel\/regenerativos Compressores de ar (parafuso, pist\u00e3o) Ventiladores industriais Sistemas de transporte pneum\u00e1tico Aera\u00e7\u00e3o de \u00e1guas residuais Oficinas e ambientes de filtra\u00e7\u00e3o de ar pesada\" \/>\n<meta property=\"og:url\" content=\"https:\/\/fullsolutions.info\/en\/product\/solberg-fs-485p-dn200\/\" \/>\n<meta property=\"og:site_name\" content=\"Full Solutions\" \/>\n<meta property=\"article:modified_time\" content=\"2026-02-10T14:00:20+00:00\" \/>\n<meta name=\"twitter:card\" content=\"summary_large_image\" \/>\n<script type=\"application\/ld+json\" class=\"yoast-schema-graph\">{\"@context\":\"https:\/\/schema.org\",\"@graph\":[{\"@type\":\"WebPage\",\"@id\":\"https:\/\/fullsolutions.info\/produto\/solberg-fs-485p-dn200\/\",\"url\":\"https:\/\/fullsolutions.info\/produto\/solberg-fs-485p-dn200\/\",\"name\":\"Solberg FS-485P-DN200 Filtro - Full Solutions\",\"isPartOf\":{\"@id\":\"https:\/\/fullsolutions.info\/#website\"},\"datePublished\":\"2026-02-09T17:43:20+00:00\",\"dateModified\":\"2026-02-10T14:00:20+00:00\",\"breadcrumb\":{\"@id\":\"https:\/\/fullsolutions.info\/produto\/solberg-fs-485p-dn200\/#breadcrumb\"},\"inLanguage\":\"en-US\",\"potentialAction\":[{\"@type\":\"ReadAction\",\"target\":[\"https:\/\/fullsolutions.info\/produto\/solberg-fs-485p-dn200\/\"]}]},{\"@type\":\"BreadcrumbList\",\"@id\":\"https:\/\/fullsolutions.info\/produto\/solberg-fs-485p-dn200\/#breadcrumb\",\"itemListElement\":[{\"@type\":\"ListItem\",\"position\":1,\"name\":\"In\u00edcio\",\"item\":\"https:\/\/fullsolutions.info\/\"},{\"@type\":\"ListItem\",\"position\":2,\"name\":\"Produtos\",\"item\":\"https:\/\/fullsolutions.info\/shop\/\"},{\"@type\":\"ListItem\",\"position\":3,\"name\":\"Solberg FS-485P-DN200 Filtro\"}]},{\"@type\":\"WebSite\",\"@id\":\"https:\/\/fullsolutions.info\/#website\",\"url\":\"https:\/\/fullsolutions.info\/\",\"name\":\"Full Solutions\",\"description\":\"Empresa na \u00c1rea de Procurement\",\"publisher\":{\"@id\":\"https:\/\/fullsolutions.info\/#organization\"},\"potentialAction\":[{\"@type\":\"SearchAction\",\"target\":{\"@type\":\"EntryPoint\",\"urlTemplate\":\"https:\/\/fullsolutions.info\/?s={search_term_string}\"},\"query-input\":{\"@type\":\"PropertyValueSpecification\",\"valueRequired\":true,\"valueName\":\"search_term_string\"}}],\"inLanguage\":\"en-US\"},{\"@type\":\"Organization\",\"@id\":\"https:\/\/fullsolutions.info\/#organization\",\"name\":\"Full Solutions\",\"url\":\"https:\/\/fullsolutions.info\/\",\"logo\":{\"@type\":\"ImageObject\",\"inLanguage\":\"en-US\",\"@id\":\"https:\/\/fullsolutions.info\/#\/schema\/logo\/image\/\",\"url\":\"https:\/\/mlhff0prgoxu.i.optimole.com\/cb:s0sM.767\/w:auto\/h:auto\/q:mauto\/f:best\/https:\/\/fullsolutions.info\/wp-content\/uploads\/2021\/07\/cropped-Design-sem-nome-300x193-1-e1627062664782.png\",\"contentUrl\":\"https:\/\/mlhff0prgoxu.i.optimole.com\/cb:s0sM.767\/w:auto\/h:auto\/q:mauto\/f:best\/https:\/\/fullsolutions.info\/wp-content\/uploads\/2021\/07\/cropped-Design-sem-nome-300x193-1-e1627062664782.png\",\"width\":202,\"height\":155,\"caption\":\"Full Solutions\"},\"image\":{\"@id\":\"https:\/\/fullsolutions.info\/#\/schema\/logo\/image\/\"},\"sameAs\":[\"https:\/\/www.linkedin.com\/company\/full-solutions-equipment\"]}]}<\/script>\n<!-- \/ Yoast SEO plugin. -->","yoast_head_json":{"title":"Solberg FS-485P-DN200 Filtro - Full Solutions","robots":{"index":"index","follow":"follow","max-snippet":"max-snippet:-1","max-image-preview":"max-image-preview:large","max-video-preview":"max-video-preview:-1"},"canonical":"https:\/\/fullsolutions.info\/en\/product\/solberg-fs-485p-dn200\/","og_locale":"en_US","og_type":"article","og_title":"Solberg FS-485P-DN200 Filtro - Full Solutions","og_description":"Este filtro silenciador \u00e9 adequado para uso em ambientes industriais como: Sopradores side channel\/regenerativos Compressores de ar (parafuso, pist\u00e3o) Ventiladores industriais Sistemas de transporte pneum\u00e1tico Aera\u00e7\u00e3o de \u00e1guas residuais Oficinas e ambientes de filtra\u00e7\u00e3o de ar pesada","og_url":"https:\/\/fullsolutions.info\/en\/product\/solberg-fs-485p-dn200\/","og_site_name":"Full Solutions","article_modified_time":"2026-02-10T14:00:20+00:00","twitter_card":"summary_large_image","schema":{"@context":"https:\/\/schema.org","@graph":[{"@type":"WebPage","@id":"https:\/\/fullsolutions.info\/produto\/solberg-fs-485p-dn200\/","url":"https:\/\/fullsolutions.info\/produto\/solberg-fs-485p-dn200\/","name":"Solberg FS-485P-DN200 Filtro - Full Solutions","isPartOf":{"@id":"https:\/\/fullsolutions.info\/#website"},"datePublished":"2026-02-09T17:43:20+00:00","dateModified":"2026-02-10T14:00:20+00:00","breadcrumb":{"@id":"https:\/\/fullsolutions.info\/produto\/solberg-fs-485p-dn200\/#breadcrumb"},"inLanguage":"en-US","potentialAction":[{"@type":"ReadAction","target":["https:\/\/fullsolutions.info\/produto\/solberg-fs-485p-dn200\/"]}]},{"@type":"BreadcrumbList","@id":"https:\/\/fullsolutions.info\/produto\/solberg-fs-485p-dn200\/#breadcrumb","itemListElement":[{"@type":"ListItem","position":1,"name":"In\u00edcio","item":"https:\/\/fullsolutions.info\/"},{"@type":"ListItem","position":2,"name":"Produtos","item":"https:\/\/fullsolutions.info\/shop\/"},{"@type":"ListItem","position":3,"name":"Solberg FS-485P-DN200 Filtro"}]},{"@type":"WebSite","@id":"https:\/\/fullsolutions.info\/#website","url":"https:\/\/fullsolutions.info\/","name":"Full Solutions","description":"Empresa na \u00c1rea de Procurement","publisher":{"@id":"https:\/\/fullsolutions.info\/#organization"},"potentialAction":[{"@type":"SearchAction","target":{"@type":"EntryPoint","urlTemplate":"https:\/\/fullsolutions.info\/?s={search_term_string}"},"query-input":{"@type":"PropertyValueSpecification","valueRequired":true,"valueName":"search_term_string"}}],"inLanguage":"en-US"},{"@type":"Organization","@id":"https:\/\/fullsolutions.info\/#organization","name":"Full Solutions","url":"https:\/\/fullsolutions.info\/","logo":{"@type":"ImageObject","inLanguage":"en-US","@id":"https:\/\/fullsolutions.info\/#\/schema\/logo\/image\/","url":"https:\/\/mlhff0prgoxu.i.optimole.com\/cb:s0sM.767\/w:auto\/h:auto\/q:mauto\/f:best\/https:\/\/fullsolutions.info\/wp-content\/uploads\/2021\/07\/cropped-Design-sem-nome-300x193-1-e1627062664782.png","contentUrl":"https:\/\/mlhff0prgoxu.i.optimole.com\/cb:s0sM.767\/w:auto\/h:auto\/q:mauto\/f:best\/https:\/\/fullsolutions.info\/wp-content\/uploads\/2021\/07\/cropped-Design-sem-nome-300x193-1-e1627062664782.png","width":202,"height":155,"caption":"Full Solutions"},"image":{"@id":"https:\/\/fullsolutions.info\/#\/schema\/logo\/image\/"},"sameAs":["https:\/\/www.linkedin.com\/company\/full-solutions-equipment"]}]}},"_links":{"self":[{"href":"https:\/\/fullsolutions.info\/en\/wp-json\/wp\/v2\/product\/6087","targetHints":{"allow":["GET"]}}],"collection":[{"href":"https:\/\/fullsolutions.info\/en\/wp-json\/wp\/v2\/product"}],"about":[{"href":"https:\/\/fullsolutions.info\/en\/wp-json\/wp\/v2\/types\/product"}],"replies":[{"embeddable":true,"href":"https:\/\/fullsolutions.info\/en\/wp-json\/wp\/v2\/comments?post=6087"}],"wp:attachment":[{"href":"https:\/\/fullsolutions.info\/en\/wp-json\/wp\/v2\/media?parent=6087"}],"wp:term":[{"taxonomy":"product_brand","embeddable":true,"href":"https:\/\/fullsolutions.info\/en\/wp-json\/wp\/v2\/product_brand?post=6087"},{"taxonomy":"product_cat","embeddable":true,"href":"https:\/\/fullsolutions.info\/en\/wp-json\/wp\/v2\/product_cat?post=6087"},{"taxonomy":"product_tag","embeddable":true,"href":"https:\/\/fullsolutions.info\/en\/wp-json\/wp\/v2\/product_tag?post=6087"},{"taxonomy":"marca","embeddable":true,"href":"https:\/\/fullsolutions.info\/en\/wp-json\/wp\/v2\/marca?post=6087"}],"curies":[{"name":"wp","href":"https:\/\/api.w.org\/{rel}","templated":true}]}}