{"id":6086,"date":"2026-02-09T14:43:20","date_gmt":"2026-02-09T17:43:20","guid":{"rendered":"https:\/\/fullsolutions.info\/produto\/solberg-fs-685p-1400f-filter-silencer\/"},"modified":"2026-02-10T11:01:04","modified_gmt":"2026-02-10T14:01:04","slug":"solberg-fs-685p-1400f","status":"publish","type":"product","link":"https:\/\/fullsolutions.info\/en\/product\/solberg-fs-685p-1400f\/","title":{"rendered":"Solberg FS-685P-1400F Filtro"},"content":{"rendered":"<p>Este filtro silenciador \u00e9 indicado para aplica\u00e7\u00f5es industriais onde \u00e9 necess\u00e1rio:<\/p>\n<p><br data-start=\"2303\" data-end=\"2306\" \/>\u2714 <strong data-start=\"2308\" data-end=\"2338\">Filtrar part\u00edculas s\u00f3lidas<\/strong> do ar de admiss\u00e3o para proteger equipamentos<br data-start=\"2383\" data-end=\"2386\" \/>\u2714 <strong data-start=\"2388\" data-end=\"2405\">Reduzir ru\u00eddo<\/strong> gerado pelo fluxo de ar de entrada<br data-start=\"2440\" data-end=\"2443\" \/>\u2714 <strong data-start=\"2445\" data-end=\"2475\">Minimizar queda de press\u00e3o<\/strong>, mantendo desempenho do equipamento<br data-start=\"2511\" data-end=\"2514\" \/>\u2714 Facilitar manuten\u00e7\u00e3o com elementos substitu\u00edveis<\/p>","protected":false},"excerpt":{"rendered":"<p>Este filtro silenciador \u00e9 indicado para aplica\u00e7\u00f5es industriais onde \u00e9 necess\u00e1rio: \u2714 Filtrar part\u00edculas s\u00f3lidas do ar de admiss\u00e3o para proteger equipamentos\u2714 Reduzir ru\u00eddo gerado pelo fluxo de ar de entrada\u2714 Minimizar queda de press\u00e3o, mantendo desempenho do equipamento\u2714 Facilitar manuten\u00e7\u00e3o com elementos substitu\u00edveis<\/p>","protected":false},"featured_media":0,"comment_status":"open","ping_status":"closed","template":"","meta":{"_joinchat":[]},"product_brand":[],"product_cat":[181],"product_tag":[],"marca":[182],"class_list":{"0":"post-6086","1":"product","2":"type-product","3":"status-publish","5":"product_cat-filtros","6":"marca-solberg","8":"first","9":"instock","10":"shipping-taxable","11":"product-type-simple"},"yoast_head":"<!-- This site is optimized with the Yoast SEO plugin v27.2 - https:\/\/yoast.com\/product\/yoast-seo-wordpress\/ -->\n<title>Solberg FS-685P-1400F Filtro - Full Solutions<\/title>\n<meta name=\"robots\" content=\"index, follow, max-snippet:-1, max-image-preview:large, max-video-preview:-1\" \/>\n<link rel=\"canonical\" href=\"https:\/\/fullsolutions.info\/en\/product\/solberg-fs-685p-1400f\/\" \/>\n<meta property=\"og:locale\" content=\"en_US\" \/>\n<meta property=\"og:type\" content=\"article\" \/>\n<meta property=\"og:title\" content=\"Solberg FS-685P-1400F Filtro - Full Solutions\" \/>\n<meta property=\"og:description\" content=\"Este filtro silenciador \u00e9 indicado para aplica\u00e7\u00f5es industriais onde \u00e9 necess\u00e1rio: \u2714 Filtrar part\u00edculas s\u00f3lidas do ar de admiss\u00e3o para proteger equipamentos\u2714 Reduzir ru\u00eddo gerado pelo fluxo de ar de entrada\u2714 Minimizar queda de press\u00e3o, mantendo desempenho do equipamento\u2714 Facilitar manuten\u00e7\u00e3o com elementos substitu\u00edveis\" \/>\n<meta property=\"og:url\" content=\"https:\/\/fullsolutions.info\/en\/product\/solberg-fs-685p-1400f\/\" \/>\n<meta property=\"og:site_name\" content=\"Full Solutions\" \/>\n<meta property=\"article:modified_time\" content=\"2026-02-10T14:01:04+00:00\" \/>\n<meta name=\"twitter:card\" content=\"summary_large_image\" \/>\n<script type=\"application\/ld+json\" class=\"yoast-schema-graph\">{\"@context\":\"https:\/\/schema.org\",\"@graph\":[{\"@type\":\"WebPage\",\"@id\":\"https:\/\/fullsolutions.info\/produto\/solberg-fs-685p-1400f\/\",\"url\":\"https:\/\/fullsolutions.info\/produto\/solberg-fs-685p-1400f\/\",\"name\":\"Solberg FS-685P-1400F Filtro - Full Solutions\",\"isPartOf\":{\"@id\":\"https:\/\/fullsolutions.info\/#website\"},\"datePublished\":\"2026-02-09T17:43:20+00:00\",\"dateModified\":\"2026-02-10T14:01:04+00:00\",\"breadcrumb\":{\"@id\":\"https:\/\/fullsolutions.info\/produto\/solberg-fs-685p-1400f\/#breadcrumb\"},\"inLanguage\":\"en-US\",\"potentialAction\":[{\"@type\":\"ReadAction\",\"target\":[\"https:\/\/fullsolutions.info\/produto\/solberg-fs-685p-1400f\/\"]}]},{\"@type\":\"BreadcrumbList\",\"@id\":\"https:\/\/fullsolutions.info\/produto\/solberg-fs-685p-1400f\/#breadcrumb\",\"itemListElement\":[{\"@type\":\"ListItem\",\"position\":1,\"name\":\"In\u00edcio\",\"item\":\"https:\/\/fullsolutions.info\/\"},{\"@type\":\"ListItem\",\"position\":2,\"name\":\"Produtos\",\"item\":\"https:\/\/fullsolutions.info\/shop\/\"},{\"@type\":\"ListItem\",\"position\":3,\"name\":\"Solberg FS-685P-1400F Filtro\"}]},{\"@type\":\"WebSite\",\"@id\":\"https:\/\/fullsolutions.info\/#website\",\"url\":\"https:\/\/fullsolutions.info\/\",\"name\":\"Full Solutions\",\"description\":\"Empresa na \u00c1rea de Procurement\",\"publisher\":{\"@id\":\"https:\/\/fullsolutions.info\/#organization\"},\"potentialAction\":[{\"@type\":\"SearchAction\",\"target\":{\"@type\":\"EntryPoint\",\"urlTemplate\":\"https:\/\/fullsolutions.info\/?s={search_term_string}\"},\"query-input\":{\"@type\":\"PropertyValueSpecification\",\"valueRequired\":true,\"valueName\":\"search_term_string\"}}],\"inLanguage\":\"en-US\"},{\"@type\":\"Organization\",\"@id\":\"https:\/\/fullsolutions.info\/#organization\",\"name\":\"Full Solutions\",\"url\":\"https:\/\/fullsolutions.info\/\",\"logo\":{\"@type\":\"ImageObject\",\"inLanguage\":\"en-US\",\"@id\":\"https:\/\/fullsolutions.info\/#\/schema\/logo\/image\/\",\"url\":\"https:\/\/mlhff0prgoxu.i.optimole.com\/cb:s0sM.767\/w:auto\/h:auto\/q:mauto\/f:best\/https:\/\/fullsolutions.info\/wp-content\/uploads\/2021\/07\/cropped-Design-sem-nome-300x193-1-e1627062664782.png\",\"contentUrl\":\"https:\/\/mlhff0prgoxu.i.optimole.com\/cb:s0sM.767\/w:auto\/h:auto\/q:mauto\/f:best\/https:\/\/fullsolutions.info\/wp-content\/uploads\/2021\/07\/cropped-Design-sem-nome-300x193-1-e1627062664782.png\",\"width\":202,\"height\":155,\"caption\":\"Full Solutions\"},\"image\":{\"@id\":\"https:\/\/fullsolutions.info\/#\/schema\/logo\/image\/\"},\"sameAs\":[\"https:\/\/www.linkedin.com\/company\/full-solutions-equipment\"]}]}<\/script>\n<!-- \/ Yoast SEO plugin. -->","yoast_head_json":{"title":"Solberg FS-685P-1400F Filtro - Full Solutions","robots":{"index":"index","follow":"follow","max-snippet":"max-snippet:-1","max-image-preview":"max-image-preview:large","max-video-preview":"max-video-preview:-1"},"canonical":"https:\/\/fullsolutions.info\/en\/product\/solberg-fs-685p-1400f\/","og_locale":"en_US","og_type":"article","og_title":"Solberg FS-685P-1400F Filtro - Full Solutions","og_description":"Este filtro silenciador \u00e9 indicado para aplica\u00e7\u00f5es industriais onde \u00e9 necess\u00e1rio: \u2714 Filtrar part\u00edculas s\u00f3lidas do ar de admiss\u00e3o para proteger equipamentos\u2714 Reduzir ru\u00eddo gerado pelo fluxo de ar de entrada\u2714 Minimizar queda de press\u00e3o, mantendo desempenho do equipamento\u2714 Facilitar manuten\u00e7\u00e3o com elementos substitu\u00edveis","og_url":"https:\/\/fullsolutions.info\/en\/product\/solberg-fs-685p-1400f\/","og_site_name":"Full Solutions","article_modified_time":"2026-02-10T14:01:04+00:00","twitter_card":"summary_large_image","schema":{"@context":"https:\/\/schema.org","@graph":[{"@type":"WebPage","@id":"https:\/\/fullsolutions.info\/produto\/solberg-fs-685p-1400f\/","url":"https:\/\/fullsolutions.info\/produto\/solberg-fs-685p-1400f\/","name":"Solberg FS-685P-1400F Filtro - Full Solutions","isPartOf":{"@id":"https:\/\/fullsolutions.info\/#website"},"datePublished":"2026-02-09T17:43:20+00:00","dateModified":"2026-02-10T14:01:04+00:00","breadcrumb":{"@id":"https:\/\/fullsolutions.info\/produto\/solberg-fs-685p-1400f\/#breadcrumb"},"inLanguage":"en-US","potentialAction":[{"@type":"ReadAction","target":["https:\/\/fullsolutions.info\/produto\/solberg-fs-685p-1400f\/"]}]},{"@type":"BreadcrumbList","@id":"https:\/\/fullsolutions.info\/produto\/solberg-fs-685p-1400f\/#breadcrumb","itemListElement":[{"@type":"ListItem","position":1,"name":"In\u00edcio","item":"https:\/\/fullsolutions.info\/"},{"@type":"ListItem","position":2,"name":"Produtos","item":"https:\/\/fullsolutions.info\/shop\/"},{"@type":"ListItem","position":3,"name":"Solberg FS-685P-1400F Filtro"}]},{"@type":"WebSite","@id":"https:\/\/fullsolutions.info\/#website","url":"https:\/\/fullsolutions.info\/","name":"Full Solutions","description":"Empresa na \u00c1rea de Procurement","publisher":{"@id":"https:\/\/fullsolutions.info\/#organization"},"potentialAction":[{"@type":"SearchAction","target":{"@type":"EntryPoint","urlTemplate":"https:\/\/fullsolutions.info\/?s={search_term_string}"},"query-input":{"@type":"PropertyValueSpecification","valueRequired":true,"valueName":"search_term_string"}}],"inLanguage":"en-US"},{"@type":"Organization","@id":"https:\/\/fullsolutions.info\/#organization","name":"Full Solutions","url":"https:\/\/fullsolutions.info\/","logo":{"@type":"ImageObject","inLanguage":"en-US","@id":"https:\/\/fullsolutions.info\/#\/schema\/logo\/image\/","url":"https:\/\/mlhff0prgoxu.i.optimole.com\/cb:s0sM.767\/w:auto\/h:auto\/q:mauto\/f:best\/https:\/\/fullsolutions.info\/wp-content\/uploads\/2021\/07\/cropped-Design-sem-nome-300x193-1-e1627062664782.png","contentUrl":"https:\/\/mlhff0prgoxu.i.optimole.com\/cb:s0sM.767\/w:auto\/h:auto\/q:mauto\/f:best\/https:\/\/fullsolutions.info\/wp-content\/uploads\/2021\/07\/cropped-Design-sem-nome-300x193-1-e1627062664782.png","width":202,"height":155,"caption":"Full Solutions"},"image":{"@id":"https:\/\/fullsolutions.info\/#\/schema\/logo\/image\/"},"sameAs":["https:\/\/www.linkedin.com\/company\/full-solutions-equipment"]}]}},"_links":{"self":[{"href":"https:\/\/fullsolutions.info\/en\/wp-json\/wp\/v2\/product\/6086","targetHints":{"allow":["GET"]}}],"collection":[{"href":"https:\/\/fullsolutions.info\/en\/wp-json\/wp\/v2\/product"}],"about":[{"href":"https:\/\/fullsolutions.info\/en\/wp-json\/wp\/v2\/types\/product"}],"replies":[{"embeddable":true,"href":"https:\/\/fullsolutions.info\/en\/wp-json\/wp\/v2\/comments?post=6086"}],"wp:attachment":[{"href":"https:\/\/fullsolutions.info\/en\/wp-json\/wp\/v2\/media?parent=6086"}],"wp:term":[{"taxonomy":"product_brand","embeddable":true,"href":"https:\/\/fullsolutions.info\/en\/wp-json\/wp\/v2\/product_brand?post=6086"},{"taxonomy":"product_cat","embeddable":true,"href":"https:\/\/fullsolutions.info\/en\/wp-json\/wp\/v2\/product_cat?post=6086"},{"taxonomy":"product_tag","embeddable":true,"href":"https:\/\/fullsolutions.info\/en\/wp-json\/wp\/v2\/product_tag?post=6086"},{"taxonomy":"marca","embeddable":true,"href":"https:\/\/fullsolutions.info\/en\/wp-json\/wp\/v2\/marca?post=6086"}],"curies":[{"name":"wp","href":"https:\/\/api.w.org\/{rel}","templated":true}]}}