{"id":6078,"date":"2026-02-09T14:43:17","date_gmt":"2026-02-09T17:43:17","guid":{"rendered":"https:\/\/fullsolutions.info\/produto\/solberg-fs12-235p-400-filter-silencer\/"},"modified":"2026-02-10T13:34:33","modified_gmt":"2026-02-10T16:34:33","slug":"solberg-fs12-235p-400","status":"publish","type":"product","link":"https:\/\/fullsolutions.info\/en\/product\/solberg-fs12-235p-400\/","title":{"rendered":"Solberg FS(12)-235P-400 Filtro"},"content":{"rendered":"<p data-start=\"1848\" data-end=\"1895\">Este filtro silenciador \u00e9 adequado para uso em:<\/p>\n<p data-start=\"1897\" data-end=\"2255\">\u2714 Sopradores (<em data-start=\"1911\" data-end=\"1925\">side-channel<\/em>, regenerativos)<br data-start=\"1941\" data-end=\"1944\" \/>\u2714 Compressores de ar (parafuso, pist\u00e3o)<br data-start=\"1983\" data-end=\"1986\" \/>\u2714 Ventiladores industriais<br data-start=\"2012\" data-end=\"2015\" \/>\u2714 Transporte pneum\u00e1tico<br data-start=\"2038\" data-end=\"2041\" \/>\u2714 Aera\u00e7\u00e3o de \u00e1guas residuais<br data-start=\"2069\" data-end=\"2072\" \/>\u2714 Respiros hidr\u00e1ulicos com filtra\u00e7\u00e3o fina<br data-start=\"2113\" data-end=\"2116\" \/>\u2714 Oficinas e outras aplica\u00e7\u00f5es industriais que exigem filtra\u00e7\u00e3o e redu\u00e7\u00e3o de ru\u00eddo de admiss\u00e3o de ar.<\/p>","protected":false},"excerpt":{"rendered":"<p>Este filtro silenciador \u00e9 adequado para uso em: \u2714 Sopradores (side-channel, regenerativos)\u2714 Compressores de ar (parafuso, pist\u00e3o)\u2714 Ventiladores industriais\u2714 Transporte pneum\u00e1tico\u2714 Aera\u00e7\u00e3o de \u00e1guas residuais\u2714 Respiros hidr\u00e1ulicos com filtra\u00e7\u00e3o fina\u2714 Oficinas e outras aplica\u00e7\u00f5es industriais que exigem filtra\u00e7\u00e3o e redu\u00e7\u00e3o de ru\u00eddo de admiss\u00e3o de ar.<\/p>","protected":false},"featured_media":0,"comment_status":"open","ping_status":"closed","template":"","meta":{"_joinchat":[]},"product_brand":[],"product_cat":[181],"product_tag":[],"marca":[176],"class_list":{"0":"post-6078","1":"product","2":"type-product","3":"status-publish","5":"product_cat-filtros","6":"marca-vega","8":"first","9":"instock","10":"shipping-taxable","11":"product-type-simple"},"yoast_head":"<!-- This site is optimized with the Yoast SEO plugin v27.2 - https:\/\/yoast.com\/product\/yoast-seo-wordpress\/ -->\n<title>Solberg FS(12)-235P-400 Filtro - Full Solutions<\/title>\n<meta name=\"robots\" content=\"index, follow, max-snippet:-1, max-image-preview:large, max-video-preview:-1\" \/>\n<link rel=\"canonical\" href=\"https:\/\/fullsolutions.info\/en\/product\/solberg-fs12-235p-400\/\" \/>\n<meta property=\"og:locale\" content=\"en_US\" \/>\n<meta property=\"og:type\" content=\"article\" \/>\n<meta property=\"og:title\" content=\"Solberg FS(12)-235P-400 Filtro - Full Solutions\" \/>\n<meta property=\"og:description\" content=\"Este filtro silenciador \u00e9 adequado para uso em: \u2714 Sopradores (side-channel, regenerativos)\u2714 Compressores de ar (parafuso, pist\u00e3o)\u2714 Ventiladores industriais\u2714 Transporte pneum\u00e1tico\u2714 Aera\u00e7\u00e3o de \u00e1guas residuais\u2714 Respiros hidr\u00e1ulicos com filtra\u00e7\u00e3o fina\u2714 Oficinas e outras aplica\u00e7\u00f5es industriais que exigem filtra\u00e7\u00e3o e redu\u00e7\u00e3o de ru\u00eddo de admiss\u00e3o de ar.\" \/>\n<meta property=\"og:url\" content=\"https:\/\/fullsolutions.info\/en\/product\/solberg-fs12-235p-400\/\" \/>\n<meta property=\"og:site_name\" content=\"Full Solutions\" \/>\n<meta property=\"article:modified_time\" content=\"2026-02-10T16:34:33+00:00\" \/>\n<meta name=\"twitter:card\" content=\"summary_large_image\" \/>\n<script type=\"application\/ld+json\" class=\"yoast-schema-graph\">{\"@context\":\"https:\/\/schema.org\",\"@graph\":[{\"@type\":\"WebPage\",\"@id\":\"https:\/\/fullsolutions.info\/produto\/solberg-fs12-235p-400\/\",\"url\":\"https:\/\/fullsolutions.info\/produto\/solberg-fs12-235p-400\/\",\"name\":\"Solberg FS(12)-235P-400 Filtro - Full Solutions\",\"isPartOf\":{\"@id\":\"https:\/\/fullsolutions.info\/#website\"},\"datePublished\":\"2026-02-09T17:43:17+00:00\",\"dateModified\":\"2026-02-10T16:34:33+00:00\",\"breadcrumb\":{\"@id\":\"https:\/\/fullsolutions.info\/produto\/solberg-fs12-235p-400\/#breadcrumb\"},\"inLanguage\":\"en-US\",\"potentialAction\":[{\"@type\":\"ReadAction\",\"target\":[\"https:\/\/fullsolutions.info\/produto\/solberg-fs12-235p-400\/\"]}]},{\"@type\":\"BreadcrumbList\",\"@id\":\"https:\/\/fullsolutions.info\/produto\/solberg-fs12-235p-400\/#breadcrumb\",\"itemListElement\":[{\"@type\":\"ListItem\",\"position\":1,\"name\":\"In\u00edcio\",\"item\":\"https:\/\/fullsolutions.info\/\"},{\"@type\":\"ListItem\",\"position\":2,\"name\":\"Produtos\",\"item\":\"https:\/\/fullsolutions.info\/shop\/\"},{\"@type\":\"ListItem\",\"position\":3,\"name\":\"Solberg FS(12)-235P-400 Filtro\"}]},{\"@type\":\"WebSite\",\"@id\":\"https:\/\/fullsolutions.info\/#website\",\"url\":\"https:\/\/fullsolutions.info\/\",\"name\":\"Full Solutions\",\"description\":\"Empresa na \u00c1rea de Procurement\",\"publisher\":{\"@id\":\"https:\/\/fullsolutions.info\/#organization\"},\"potentialAction\":[{\"@type\":\"SearchAction\",\"target\":{\"@type\":\"EntryPoint\",\"urlTemplate\":\"https:\/\/fullsolutions.info\/?s={search_term_string}\"},\"query-input\":{\"@type\":\"PropertyValueSpecification\",\"valueRequired\":true,\"valueName\":\"search_term_string\"}}],\"inLanguage\":\"en-US\"},{\"@type\":\"Organization\",\"@id\":\"https:\/\/fullsolutions.info\/#organization\",\"name\":\"Full Solutions\",\"url\":\"https:\/\/fullsolutions.info\/\",\"logo\":{\"@type\":\"ImageObject\",\"inLanguage\":\"en-US\",\"@id\":\"https:\/\/fullsolutions.info\/#\/schema\/logo\/image\/\",\"url\":\"https:\/\/mlhff0prgoxu.i.optimole.com\/cb:s0sM.767\/w:auto\/h:auto\/q:mauto\/f:best\/https:\/\/fullsolutions.info\/wp-content\/uploads\/2021\/07\/cropped-Design-sem-nome-300x193-1-e1627062664782.png\",\"contentUrl\":\"https:\/\/mlhff0prgoxu.i.optimole.com\/cb:s0sM.767\/w:auto\/h:auto\/q:mauto\/f:best\/https:\/\/fullsolutions.info\/wp-content\/uploads\/2021\/07\/cropped-Design-sem-nome-300x193-1-e1627062664782.png\",\"width\":202,\"height\":155,\"caption\":\"Full Solutions\"},\"image\":{\"@id\":\"https:\/\/fullsolutions.info\/#\/schema\/logo\/image\/\"},\"sameAs\":[\"https:\/\/www.linkedin.com\/company\/full-solutions-equipment\"]}]}<\/script>\n<!-- \/ Yoast SEO plugin. -->","yoast_head_json":{"title":"Solberg FS(12)-235P-400 Filtro - Full Solutions","robots":{"index":"index","follow":"follow","max-snippet":"max-snippet:-1","max-image-preview":"max-image-preview:large","max-video-preview":"max-video-preview:-1"},"canonical":"https:\/\/fullsolutions.info\/en\/product\/solberg-fs12-235p-400\/","og_locale":"en_US","og_type":"article","og_title":"Solberg FS(12)-235P-400 Filtro - Full Solutions","og_description":"Este filtro silenciador \u00e9 adequado para uso em: \u2714 Sopradores (side-channel, regenerativos)\u2714 Compressores de ar (parafuso, pist\u00e3o)\u2714 Ventiladores industriais\u2714 Transporte pneum\u00e1tico\u2714 Aera\u00e7\u00e3o de \u00e1guas residuais\u2714 Respiros hidr\u00e1ulicos com filtra\u00e7\u00e3o fina\u2714 Oficinas e outras aplica\u00e7\u00f5es industriais que exigem filtra\u00e7\u00e3o e redu\u00e7\u00e3o de ru\u00eddo de admiss\u00e3o de ar.","og_url":"https:\/\/fullsolutions.info\/en\/product\/solberg-fs12-235p-400\/","og_site_name":"Full Solutions","article_modified_time":"2026-02-10T16:34:33+00:00","twitter_card":"summary_large_image","schema":{"@context":"https:\/\/schema.org","@graph":[{"@type":"WebPage","@id":"https:\/\/fullsolutions.info\/produto\/solberg-fs12-235p-400\/","url":"https:\/\/fullsolutions.info\/produto\/solberg-fs12-235p-400\/","name":"Solberg FS(12)-235P-400 Filtro - Full Solutions","isPartOf":{"@id":"https:\/\/fullsolutions.info\/#website"},"datePublished":"2026-02-09T17:43:17+00:00","dateModified":"2026-02-10T16:34:33+00:00","breadcrumb":{"@id":"https:\/\/fullsolutions.info\/produto\/solberg-fs12-235p-400\/#breadcrumb"},"inLanguage":"en-US","potentialAction":[{"@type":"ReadAction","target":["https:\/\/fullsolutions.info\/produto\/solberg-fs12-235p-400\/"]}]},{"@type":"BreadcrumbList","@id":"https:\/\/fullsolutions.info\/produto\/solberg-fs12-235p-400\/#breadcrumb","itemListElement":[{"@type":"ListItem","position":1,"name":"In\u00edcio","item":"https:\/\/fullsolutions.info\/"},{"@type":"ListItem","position":2,"name":"Produtos","item":"https:\/\/fullsolutions.info\/shop\/"},{"@type":"ListItem","position":3,"name":"Solberg FS(12)-235P-400 Filtro"}]},{"@type":"WebSite","@id":"https:\/\/fullsolutions.info\/#website","url":"https:\/\/fullsolutions.info\/","name":"Full Solutions","description":"Empresa na \u00c1rea de Procurement","publisher":{"@id":"https:\/\/fullsolutions.info\/#organization"},"potentialAction":[{"@type":"SearchAction","target":{"@type":"EntryPoint","urlTemplate":"https:\/\/fullsolutions.info\/?s={search_term_string}"},"query-input":{"@type":"PropertyValueSpecification","valueRequired":true,"valueName":"search_term_string"}}],"inLanguage":"en-US"},{"@type":"Organization","@id":"https:\/\/fullsolutions.info\/#organization","name":"Full Solutions","url":"https:\/\/fullsolutions.info\/","logo":{"@type":"ImageObject","inLanguage":"en-US","@id":"https:\/\/fullsolutions.info\/#\/schema\/logo\/image\/","url":"https:\/\/mlhff0prgoxu.i.optimole.com\/cb:s0sM.767\/w:auto\/h:auto\/q:mauto\/f:best\/https:\/\/fullsolutions.info\/wp-content\/uploads\/2021\/07\/cropped-Design-sem-nome-300x193-1-e1627062664782.png","contentUrl":"https:\/\/mlhff0prgoxu.i.optimole.com\/cb:s0sM.767\/w:auto\/h:auto\/q:mauto\/f:best\/https:\/\/fullsolutions.info\/wp-content\/uploads\/2021\/07\/cropped-Design-sem-nome-300x193-1-e1627062664782.png","width":202,"height":155,"caption":"Full Solutions"},"image":{"@id":"https:\/\/fullsolutions.info\/#\/schema\/logo\/image\/"},"sameAs":["https:\/\/www.linkedin.com\/company\/full-solutions-equipment"]}]}},"_links":{"self":[{"href":"https:\/\/fullsolutions.info\/en\/wp-json\/wp\/v2\/product\/6078","targetHints":{"allow":["GET"]}}],"collection":[{"href":"https:\/\/fullsolutions.info\/en\/wp-json\/wp\/v2\/product"}],"about":[{"href":"https:\/\/fullsolutions.info\/en\/wp-json\/wp\/v2\/types\/product"}],"replies":[{"embeddable":true,"href":"https:\/\/fullsolutions.info\/en\/wp-json\/wp\/v2\/comments?post=6078"}],"wp:attachment":[{"href":"https:\/\/fullsolutions.info\/en\/wp-json\/wp\/v2\/media?parent=6078"}],"wp:term":[{"taxonomy":"product_brand","embeddable":true,"href":"https:\/\/fullsolutions.info\/en\/wp-json\/wp\/v2\/product_brand?post=6078"},{"taxonomy":"product_cat","embeddable":true,"href":"https:\/\/fullsolutions.info\/en\/wp-json\/wp\/v2\/product_cat?post=6078"},{"taxonomy":"product_tag","embeddable":true,"href":"https:\/\/fullsolutions.info\/en\/wp-json\/wp\/v2\/product_tag?post=6078"},{"taxonomy":"marca","embeddable":true,"href":"https:\/\/fullsolutions.info\/en\/wp-json\/wp\/v2\/marca?post=6078"}],"curies":[{"name":"wp","href":"https:\/\/api.w.org\/{rel}","templated":true}]}}