{"id":6069,"date":"2026-02-09T14:43:12","date_gmt":"2026-02-09T17:43:12","guid":{"rendered":"https:\/\/fullsolutions.info\/produto\/solberg-fs-18p-100-filter-silencer\/"},"modified":"2026-02-10T13:41:44","modified_gmt":"2026-02-10T16:41:44","slug":"solberg-fs-18p-100","status":"publish","type":"product","link":"https:\/\/fullsolutions.info\/en\/product\/solberg-fs-18p-100\/","title":{"rendered":"Solberg FS-18P-100 Filtro"},"content":{"rendered":"<p data-start=\"2377\" data-end=\"2448\">Este modelo \u00e9 adequado para sistemas e equipamentos industriais como:<\/p>\n<ul data-start=\"2449\" data-end=\"2766\">\n<li data-start=\"2449\" data-end=\"2496\">\n<p data-start=\"2451\" data-end=\"2496\">Sopradores (<em data-start=\"2463\" data-end=\"2493\">side-channel \/ regenerativos<\/em>)<\/p>\n<\/li>\n<li data-start=\"2497\" data-end=\"2538\">\n<p data-start=\"2499\" data-end=\"2538\">Compressores de ar (parafuso, pist\u00e3o)<\/p>\n<\/li>\n<li data-start=\"2539\" data-end=\"2567\">\n<p data-start=\"2541\" data-end=\"2567\">Ventiladores industriais<\/p>\n<\/li>\n<li data-start=\"2568\" data-end=\"2598\">\n<p data-start=\"2570\" data-end=\"2598\">Respiros hidr\u00e1ulicos finos<\/p>\n<\/li>\n<li data-start=\"2599\" data-end=\"2636\">\n<p data-start=\"2601\" data-end=\"2636\">Sistemas de transporte pneum\u00e1tico<\/p>\n<\/li>\n<li data-start=\"2637\" data-end=\"2674\">\n<p data-start=\"2639\" data-end=\"2674\">Aera\u00e7\u00e3o em esta\u00e7\u00f5es de tratamento<\/p>\n<\/li>\n<li data-start=\"2675\" data-end=\"2766\">\n<p data-start=\"2677\" data-end=\"2766\">Aplica\u00e7\u00f5es gerais de ar comprimido e pneum\u00e1tica<\/p>\n<\/li>\n<\/ul>","protected":false},"excerpt":{"rendered":"<p>Este modelo \u00e9 adequado para sistemas e equipamentos industriais como: Sopradores (side-channel \/ regenerativos) Compressores de ar (parafuso, pist\u00e3o) Ventiladores industriais Respiros hidr\u00e1ulicos finos Sistemas de transporte pneum\u00e1tico Aera\u00e7\u00e3o em esta\u00e7\u00f5es de tratamento Aplica\u00e7\u00f5es gerais de ar comprimido e pneum\u00e1tica<\/p>","protected":false},"featured_media":0,"comment_status":"open","ping_status":"closed","template":"","meta":{"_joinchat":[]},"product_brand":[],"product_cat":[181],"product_tag":[],"marca":[176],"class_list":{"0":"post-6069","1":"product","2":"type-product","3":"status-publish","5":"product_cat-filtros","6":"marca-vega","8":"first","9":"instock","10":"shipping-taxable","11":"product-type-simple"},"yoast_head":"<!-- This site is optimized with the Yoast SEO plugin v27.2 - https:\/\/yoast.com\/product\/yoast-seo-wordpress\/ -->\n<title>Solberg FS-18P-100 Filtro - Full Solutions<\/title>\n<meta name=\"robots\" content=\"index, follow, max-snippet:-1, max-image-preview:large, max-video-preview:-1\" \/>\n<link rel=\"canonical\" href=\"https:\/\/fullsolutions.info\/en\/product\/solberg-fs-18p-100\/\" \/>\n<meta property=\"og:locale\" content=\"en_US\" \/>\n<meta property=\"og:type\" content=\"article\" \/>\n<meta property=\"og:title\" content=\"Solberg FS-18P-100 Filtro - Full Solutions\" \/>\n<meta property=\"og:description\" content=\"Este modelo \u00e9 adequado para sistemas e equipamentos industriais como: Sopradores (side-channel \/ regenerativos) Compressores de ar (parafuso, pist\u00e3o) Ventiladores industriais Respiros hidr\u00e1ulicos finos Sistemas de transporte pneum\u00e1tico Aera\u00e7\u00e3o em esta\u00e7\u00f5es de tratamento Aplica\u00e7\u00f5es gerais de ar comprimido e pneum\u00e1tica\" \/>\n<meta property=\"og:url\" content=\"https:\/\/fullsolutions.info\/en\/product\/solberg-fs-18p-100\/\" \/>\n<meta property=\"og:site_name\" content=\"Full Solutions\" \/>\n<meta property=\"article:modified_time\" content=\"2026-02-10T16:41:44+00:00\" \/>\n<meta name=\"twitter:card\" content=\"summary_large_image\" \/>\n<script type=\"application\/ld+json\" class=\"yoast-schema-graph\">{\"@context\":\"https:\/\/schema.org\",\"@graph\":[{\"@type\":\"WebPage\",\"@id\":\"https:\/\/fullsolutions.info\/produto\/solberg-fs-18p-100\/\",\"url\":\"https:\/\/fullsolutions.info\/produto\/solberg-fs-18p-100\/\",\"name\":\"Solberg FS-18P-100 Filtro - Full Solutions\",\"isPartOf\":{\"@id\":\"https:\/\/fullsolutions.info\/#website\"},\"datePublished\":\"2026-02-09T17:43:12+00:00\",\"dateModified\":\"2026-02-10T16:41:44+00:00\",\"breadcrumb\":{\"@id\":\"https:\/\/fullsolutions.info\/produto\/solberg-fs-18p-100\/#breadcrumb\"},\"inLanguage\":\"en-US\",\"potentialAction\":[{\"@type\":\"ReadAction\",\"target\":[\"https:\/\/fullsolutions.info\/produto\/solberg-fs-18p-100\/\"]}]},{\"@type\":\"BreadcrumbList\",\"@id\":\"https:\/\/fullsolutions.info\/produto\/solberg-fs-18p-100\/#breadcrumb\",\"itemListElement\":[{\"@type\":\"ListItem\",\"position\":1,\"name\":\"In\u00edcio\",\"item\":\"https:\/\/fullsolutions.info\/\"},{\"@type\":\"ListItem\",\"position\":2,\"name\":\"Produtos\",\"item\":\"https:\/\/fullsolutions.info\/shop\/\"},{\"@type\":\"ListItem\",\"position\":3,\"name\":\"Solberg FS-18P-100 Filtro\"}]},{\"@type\":\"WebSite\",\"@id\":\"https:\/\/fullsolutions.info\/#website\",\"url\":\"https:\/\/fullsolutions.info\/\",\"name\":\"Full Solutions\",\"description\":\"Empresa na \u00c1rea de Procurement\",\"publisher\":{\"@id\":\"https:\/\/fullsolutions.info\/#organization\"},\"potentialAction\":[{\"@type\":\"SearchAction\",\"target\":{\"@type\":\"EntryPoint\",\"urlTemplate\":\"https:\/\/fullsolutions.info\/?s={search_term_string}\"},\"query-input\":{\"@type\":\"PropertyValueSpecification\",\"valueRequired\":true,\"valueName\":\"search_term_string\"}}],\"inLanguage\":\"en-US\"},{\"@type\":\"Organization\",\"@id\":\"https:\/\/fullsolutions.info\/#organization\",\"name\":\"Full Solutions\",\"url\":\"https:\/\/fullsolutions.info\/\",\"logo\":{\"@type\":\"ImageObject\",\"inLanguage\":\"en-US\",\"@id\":\"https:\/\/fullsolutions.info\/#\/schema\/logo\/image\/\",\"url\":\"https:\/\/mlhff0prgoxu.i.optimole.com\/cb:s0sM.767\/w:auto\/h:auto\/q:mauto\/f:best\/https:\/\/fullsolutions.info\/wp-content\/uploads\/2021\/07\/cropped-Design-sem-nome-300x193-1-e1627062664782.png\",\"contentUrl\":\"https:\/\/mlhff0prgoxu.i.optimole.com\/cb:s0sM.767\/w:auto\/h:auto\/q:mauto\/f:best\/https:\/\/fullsolutions.info\/wp-content\/uploads\/2021\/07\/cropped-Design-sem-nome-300x193-1-e1627062664782.png\",\"width\":202,\"height\":155,\"caption\":\"Full Solutions\"},\"image\":{\"@id\":\"https:\/\/fullsolutions.info\/#\/schema\/logo\/image\/\"},\"sameAs\":[\"https:\/\/www.linkedin.com\/company\/full-solutions-equipment\"]}]}<\/script>\n<!-- \/ Yoast SEO plugin. -->","yoast_head_json":{"title":"Solberg FS-18P-100 Filtro - Full Solutions","robots":{"index":"index","follow":"follow","max-snippet":"max-snippet:-1","max-image-preview":"max-image-preview:large","max-video-preview":"max-video-preview:-1"},"canonical":"https:\/\/fullsolutions.info\/en\/product\/solberg-fs-18p-100\/","og_locale":"en_US","og_type":"article","og_title":"Solberg FS-18P-100 Filtro - Full Solutions","og_description":"Este modelo \u00e9 adequado para sistemas e equipamentos industriais como: Sopradores (side-channel \/ regenerativos) Compressores de ar (parafuso, pist\u00e3o) Ventiladores industriais Respiros hidr\u00e1ulicos finos Sistemas de transporte pneum\u00e1tico Aera\u00e7\u00e3o em esta\u00e7\u00f5es de tratamento Aplica\u00e7\u00f5es gerais de ar comprimido e pneum\u00e1tica","og_url":"https:\/\/fullsolutions.info\/en\/product\/solberg-fs-18p-100\/","og_site_name":"Full Solutions","article_modified_time":"2026-02-10T16:41:44+00:00","twitter_card":"summary_large_image","schema":{"@context":"https:\/\/schema.org","@graph":[{"@type":"WebPage","@id":"https:\/\/fullsolutions.info\/produto\/solberg-fs-18p-100\/","url":"https:\/\/fullsolutions.info\/produto\/solberg-fs-18p-100\/","name":"Solberg FS-18P-100 Filtro - Full Solutions","isPartOf":{"@id":"https:\/\/fullsolutions.info\/#website"},"datePublished":"2026-02-09T17:43:12+00:00","dateModified":"2026-02-10T16:41:44+00:00","breadcrumb":{"@id":"https:\/\/fullsolutions.info\/produto\/solberg-fs-18p-100\/#breadcrumb"},"inLanguage":"en-US","potentialAction":[{"@type":"ReadAction","target":["https:\/\/fullsolutions.info\/produto\/solberg-fs-18p-100\/"]}]},{"@type":"BreadcrumbList","@id":"https:\/\/fullsolutions.info\/produto\/solberg-fs-18p-100\/#breadcrumb","itemListElement":[{"@type":"ListItem","position":1,"name":"In\u00edcio","item":"https:\/\/fullsolutions.info\/"},{"@type":"ListItem","position":2,"name":"Produtos","item":"https:\/\/fullsolutions.info\/shop\/"},{"@type":"ListItem","position":3,"name":"Solberg FS-18P-100 Filtro"}]},{"@type":"WebSite","@id":"https:\/\/fullsolutions.info\/#website","url":"https:\/\/fullsolutions.info\/","name":"Full Solutions","description":"Empresa na \u00c1rea de Procurement","publisher":{"@id":"https:\/\/fullsolutions.info\/#organization"},"potentialAction":[{"@type":"SearchAction","target":{"@type":"EntryPoint","urlTemplate":"https:\/\/fullsolutions.info\/?s={search_term_string}"},"query-input":{"@type":"PropertyValueSpecification","valueRequired":true,"valueName":"search_term_string"}}],"inLanguage":"en-US"},{"@type":"Organization","@id":"https:\/\/fullsolutions.info\/#organization","name":"Full Solutions","url":"https:\/\/fullsolutions.info\/","logo":{"@type":"ImageObject","inLanguage":"en-US","@id":"https:\/\/fullsolutions.info\/#\/schema\/logo\/image\/","url":"https:\/\/mlhff0prgoxu.i.optimole.com\/cb:s0sM.767\/w:auto\/h:auto\/q:mauto\/f:best\/https:\/\/fullsolutions.info\/wp-content\/uploads\/2021\/07\/cropped-Design-sem-nome-300x193-1-e1627062664782.png","contentUrl":"https:\/\/mlhff0prgoxu.i.optimole.com\/cb:s0sM.767\/w:auto\/h:auto\/q:mauto\/f:best\/https:\/\/fullsolutions.info\/wp-content\/uploads\/2021\/07\/cropped-Design-sem-nome-300x193-1-e1627062664782.png","width":202,"height":155,"caption":"Full Solutions"},"image":{"@id":"https:\/\/fullsolutions.info\/#\/schema\/logo\/image\/"},"sameAs":["https:\/\/www.linkedin.com\/company\/full-solutions-equipment"]}]}},"_links":{"self":[{"href":"https:\/\/fullsolutions.info\/en\/wp-json\/wp\/v2\/product\/6069","targetHints":{"allow":["GET"]}}],"collection":[{"href":"https:\/\/fullsolutions.info\/en\/wp-json\/wp\/v2\/product"}],"about":[{"href":"https:\/\/fullsolutions.info\/en\/wp-json\/wp\/v2\/types\/product"}],"replies":[{"embeddable":true,"href":"https:\/\/fullsolutions.info\/en\/wp-json\/wp\/v2\/comments?post=6069"}],"wp:attachment":[{"href":"https:\/\/fullsolutions.info\/en\/wp-json\/wp\/v2\/media?parent=6069"}],"wp:term":[{"taxonomy":"product_brand","embeddable":true,"href":"https:\/\/fullsolutions.info\/en\/wp-json\/wp\/v2\/product_brand?post=6069"},{"taxonomy":"product_cat","embeddable":true,"href":"https:\/\/fullsolutions.info\/en\/wp-json\/wp\/v2\/product_cat?post=6069"},{"taxonomy":"product_tag","embeddable":true,"href":"https:\/\/fullsolutions.info\/en\/wp-json\/wp\/v2\/product_tag?post=6069"},{"taxonomy":"marca","embeddable":true,"href":"https:\/\/fullsolutions.info\/en\/wp-json\/wp\/v2\/marca?post=6069"}],"curies":[{"name":"wp","href":"https:\/\/api.w.org\/{rel}","templated":true}]}}