{"id":6068,"date":"2026-02-09T14:43:12","date_gmt":"2026-02-09T17:43:12","guid":{"rendered":"https:\/\/fullsolutions.info\/produto\/solberg-fs-15-100-filter-silencer\/"},"modified":"2026-02-10T13:37:21","modified_gmt":"2026-02-10T16:37:21","slug":"solberg-fs-15-100","status":"publish","type":"product","link":"https:\/\/fullsolutions.info\/en\/product\/solberg-fs-15-100\/","title":{"rendered":"Solberg FS-15-100 Filtro"},"content":{"rendered":"<p>Este filtro silenciador \u00e9 usado para <strong data-start=\"2550\" data-end=\"2577\">proteger entradas de ar<\/strong> em equipamentos industriais, fornecendo <strong data-start=\"2618\" data-end=\"2664\">filtragem de part\u00edculas e redu\u00e7\u00e3o de ru\u00eddo<\/strong> ao ar admitido em:<br data-start=\"2683\" data-end=\"2686\" \/>\u2714 Sopradores (<em data-start=\"2700\" data-end=\"2724\">blowers \u2014 side-channel<\/em>)<br data-start=\"2725\" data-end=\"2728\" \/>\u2714 Compressores de ar<br data-start=\"2748\" data-end=\"2751\" \/>\u2714 Ventiladores industriais<br data-start=\"2777\" data-end=\"2780\" \/>\u2714 Equipamentos pneum\u00e1ticos em geral<br data-start=\"2815\" data-end=\"2818\" \/>\u2714 Respiros hidr\u00e1ulicos finos<br data-start=\"2846\" data-end=\"2849\" \/>\u2714 Sistemas de transporte pneum\u00e1tico<br data-start=\"2884\" data-end=\"2887\" \/>\u2714 Aera\u00e7\u00e3o de \u00e1guas residuais e aplica\u00e7\u00f5es de linha leve\/compacta<\/p>","protected":false},"excerpt":{"rendered":"<p>Este filtro silenciador \u00e9 usado para proteger entradas de ar em equipamentos industriais, fornecendo filtragem de part\u00edculas e redu\u00e7\u00e3o de ru\u00eddo ao ar admitido em:\u2714 Sopradores (blowers \u2014 side-channel)\u2714 Compressores de ar\u2714 Ventiladores industriais\u2714 Equipamentos pneum\u00e1ticos em geral\u2714 Respiros hidr\u00e1ulicos finos\u2714 Sistemas de transporte pneum\u00e1tico\u2714 Aera\u00e7\u00e3o de \u00e1guas residuais e aplica\u00e7\u00f5es de linha leve\/compacta<\/p>","protected":false},"featured_media":0,"comment_status":"open","ping_status":"closed","template":"","meta":{"_joinchat":[]},"product_brand":[],"product_cat":[181],"product_tag":[],"marca":[176],"class_list":{"0":"post-6068","1":"product","2":"type-product","3":"status-publish","5":"product_cat-filtros","6":"marca-vega","8":"first","9":"instock","10":"shipping-taxable","11":"product-type-simple"},"yoast_head":"<!-- This site is optimized with the Yoast SEO plugin v27.2 - https:\/\/yoast.com\/product\/yoast-seo-wordpress\/ -->\n<title>Solberg FS-15-100 Filtro - Full Solutions<\/title>\n<meta name=\"robots\" content=\"index, follow, max-snippet:-1, max-image-preview:large, max-video-preview:-1\" \/>\n<link rel=\"canonical\" href=\"https:\/\/fullsolutions.info\/en\/product\/solberg-fs-15-100\/\" \/>\n<meta property=\"og:locale\" content=\"en_US\" \/>\n<meta property=\"og:type\" content=\"article\" \/>\n<meta property=\"og:title\" content=\"Solberg FS-15-100 Filtro - Full Solutions\" \/>\n<meta property=\"og:description\" content=\"Este filtro silenciador \u00e9 usado para proteger entradas de ar em equipamentos industriais, fornecendo filtragem de part\u00edculas e redu\u00e7\u00e3o de ru\u00eddo ao ar admitido em:\u2714 Sopradores (blowers \u2014 side-channel)\u2714 Compressores de ar\u2714 Ventiladores industriais\u2714 Equipamentos pneum\u00e1ticos em geral\u2714 Respiros hidr\u00e1ulicos finos\u2714 Sistemas de transporte pneum\u00e1tico\u2714 Aera\u00e7\u00e3o de \u00e1guas residuais e aplica\u00e7\u00f5es de linha leve\/compacta\" \/>\n<meta property=\"og:url\" content=\"https:\/\/fullsolutions.info\/en\/product\/solberg-fs-15-100\/\" \/>\n<meta property=\"og:site_name\" content=\"Full Solutions\" \/>\n<meta property=\"article:modified_time\" content=\"2026-02-10T16:37:21+00:00\" \/>\n<meta name=\"twitter:card\" content=\"summary_large_image\" \/>\n<script type=\"application\/ld+json\" class=\"yoast-schema-graph\">{\"@context\":\"https:\/\/schema.org\",\"@graph\":[{\"@type\":\"WebPage\",\"@id\":\"https:\/\/fullsolutions.info\/produto\/solberg-fs-15-100\/\",\"url\":\"https:\/\/fullsolutions.info\/produto\/solberg-fs-15-100\/\",\"name\":\"Solberg FS-15-100 Filtro - Full Solutions\",\"isPartOf\":{\"@id\":\"https:\/\/fullsolutions.info\/#website\"},\"datePublished\":\"2026-02-09T17:43:12+00:00\",\"dateModified\":\"2026-02-10T16:37:21+00:00\",\"breadcrumb\":{\"@id\":\"https:\/\/fullsolutions.info\/produto\/solberg-fs-15-100\/#breadcrumb\"},\"inLanguage\":\"en-US\",\"potentialAction\":[{\"@type\":\"ReadAction\",\"target\":[\"https:\/\/fullsolutions.info\/produto\/solberg-fs-15-100\/\"]}]},{\"@type\":\"BreadcrumbList\",\"@id\":\"https:\/\/fullsolutions.info\/produto\/solberg-fs-15-100\/#breadcrumb\",\"itemListElement\":[{\"@type\":\"ListItem\",\"position\":1,\"name\":\"In\u00edcio\",\"item\":\"https:\/\/fullsolutions.info\/\"},{\"@type\":\"ListItem\",\"position\":2,\"name\":\"Produtos\",\"item\":\"https:\/\/fullsolutions.info\/shop\/\"},{\"@type\":\"ListItem\",\"position\":3,\"name\":\"Solberg FS-15-100 Filtro\"}]},{\"@type\":\"WebSite\",\"@id\":\"https:\/\/fullsolutions.info\/#website\",\"url\":\"https:\/\/fullsolutions.info\/\",\"name\":\"Full Solutions\",\"description\":\"Empresa na \u00c1rea de Procurement\",\"publisher\":{\"@id\":\"https:\/\/fullsolutions.info\/#organization\"},\"potentialAction\":[{\"@type\":\"SearchAction\",\"target\":{\"@type\":\"EntryPoint\",\"urlTemplate\":\"https:\/\/fullsolutions.info\/?s={search_term_string}\"},\"query-input\":{\"@type\":\"PropertyValueSpecification\",\"valueRequired\":true,\"valueName\":\"search_term_string\"}}],\"inLanguage\":\"en-US\"},{\"@type\":\"Organization\",\"@id\":\"https:\/\/fullsolutions.info\/#organization\",\"name\":\"Full Solutions\",\"url\":\"https:\/\/fullsolutions.info\/\",\"logo\":{\"@type\":\"ImageObject\",\"inLanguage\":\"en-US\",\"@id\":\"https:\/\/fullsolutions.info\/#\/schema\/logo\/image\/\",\"url\":\"https:\/\/mlhff0prgoxu.i.optimole.com\/cb:s0sM.767\/w:auto\/h:auto\/q:mauto\/f:best\/https:\/\/fullsolutions.info\/wp-content\/uploads\/2021\/07\/cropped-Design-sem-nome-300x193-1-e1627062664782.png\",\"contentUrl\":\"https:\/\/mlhff0prgoxu.i.optimole.com\/cb:s0sM.767\/w:auto\/h:auto\/q:mauto\/f:best\/https:\/\/fullsolutions.info\/wp-content\/uploads\/2021\/07\/cropped-Design-sem-nome-300x193-1-e1627062664782.png\",\"width\":202,\"height\":155,\"caption\":\"Full Solutions\"},\"image\":{\"@id\":\"https:\/\/fullsolutions.info\/#\/schema\/logo\/image\/\"},\"sameAs\":[\"https:\/\/www.linkedin.com\/company\/full-solutions-equipment\"]}]}<\/script>\n<!-- \/ Yoast SEO plugin. -->","yoast_head_json":{"title":"Solberg FS-15-100 Filtro - Full Solutions","robots":{"index":"index","follow":"follow","max-snippet":"max-snippet:-1","max-image-preview":"max-image-preview:large","max-video-preview":"max-video-preview:-1"},"canonical":"https:\/\/fullsolutions.info\/en\/product\/solberg-fs-15-100\/","og_locale":"en_US","og_type":"article","og_title":"Solberg FS-15-100 Filtro - Full Solutions","og_description":"Este filtro silenciador \u00e9 usado para proteger entradas de ar em equipamentos industriais, fornecendo filtragem de part\u00edculas e redu\u00e7\u00e3o de ru\u00eddo ao ar admitido em:\u2714 Sopradores (blowers \u2014 side-channel)\u2714 Compressores de ar\u2714 Ventiladores industriais\u2714 Equipamentos pneum\u00e1ticos em geral\u2714 Respiros hidr\u00e1ulicos finos\u2714 Sistemas de transporte pneum\u00e1tico\u2714 Aera\u00e7\u00e3o de \u00e1guas residuais e aplica\u00e7\u00f5es de linha leve\/compacta","og_url":"https:\/\/fullsolutions.info\/en\/product\/solberg-fs-15-100\/","og_site_name":"Full Solutions","article_modified_time":"2026-02-10T16:37:21+00:00","twitter_card":"summary_large_image","schema":{"@context":"https:\/\/schema.org","@graph":[{"@type":"WebPage","@id":"https:\/\/fullsolutions.info\/produto\/solberg-fs-15-100\/","url":"https:\/\/fullsolutions.info\/produto\/solberg-fs-15-100\/","name":"Solberg FS-15-100 Filtro - Full Solutions","isPartOf":{"@id":"https:\/\/fullsolutions.info\/#website"},"datePublished":"2026-02-09T17:43:12+00:00","dateModified":"2026-02-10T16:37:21+00:00","breadcrumb":{"@id":"https:\/\/fullsolutions.info\/produto\/solberg-fs-15-100\/#breadcrumb"},"inLanguage":"en-US","potentialAction":[{"@type":"ReadAction","target":["https:\/\/fullsolutions.info\/produto\/solberg-fs-15-100\/"]}]},{"@type":"BreadcrumbList","@id":"https:\/\/fullsolutions.info\/produto\/solberg-fs-15-100\/#breadcrumb","itemListElement":[{"@type":"ListItem","position":1,"name":"In\u00edcio","item":"https:\/\/fullsolutions.info\/"},{"@type":"ListItem","position":2,"name":"Produtos","item":"https:\/\/fullsolutions.info\/shop\/"},{"@type":"ListItem","position":3,"name":"Solberg FS-15-100 Filtro"}]},{"@type":"WebSite","@id":"https:\/\/fullsolutions.info\/#website","url":"https:\/\/fullsolutions.info\/","name":"Full Solutions","description":"Empresa na \u00c1rea de Procurement","publisher":{"@id":"https:\/\/fullsolutions.info\/#organization"},"potentialAction":[{"@type":"SearchAction","target":{"@type":"EntryPoint","urlTemplate":"https:\/\/fullsolutions.info\/?s={search_term_string}"},"query-input":{"@type":"PropertyValueSpecification","valueRequired":true,"valueName":"search_term_string"}}],"inLanguage":"en-US"},{"@type":"Organization","@id":"https:\/\/fullsolutions.info\/#organization","name":"Full Solutions","url":"https:\/\/fullsolutions.info\/","logo":{"@type":"ImageObject","inLanguage":"en-US","@id":"https:\/\/fullsolutions.info\/#\/schema\/logo\/image\/","url":"https:\/\/mlhff0prgoxu.i.optimole.com\/cb:s0sM.767\/w:auto\/h:auto\/q:mauto\/f:best\/https:\/\/fullsolutions.info\/wp-content\/uploads\/2021\/07\/cropped-Design-sem-nome-300x193-1-e1627062664782.png","contentUrl":"https:\/\/mlhff0prgoxu.i.optimole.com\/cb:s0sM.767\/w:auto\/h:auto\/q:mauto\/f:best\/https:\/\/fullsolutions.info\/wp-content\/uploads\/2021\/07\/cropped-Design-sem-nome-300x193-1-e1627062664782.png","width":202,"height":155,"caption":"Full Solutions"},"image":{"@id":"https:\/\/fullsolutions.info\/#\/schema\/logo\/image\/"},"sameAs":["https:\/\/www.linkedin.com\/company\/full-solutions-equipment"]}]}},"_links":{"self":[{"href":"https:\/\/fullsolutions.info\/en\/wp-json\/wp\/v2\/product\/6068","targetHints":{"allow":["GET"]}}],"collection":[{"href":"https:\/\/fullsolutions.info\/en\/wp-json\/wp\/v2\/product"}],"about":[{"href":"https:\/\/fullsolutions.info\/en\/wp-json\/wp\/v2\/types\/product"}],"replies":[{"embeddable":true,"href":"https:\/\/fullsolutions.info\/en\/wp-json\/wp\/v2\/comments?post=6068"}],"wp:attachment":[{"href":"https:\/\/fullsolutions.info\/en\/wp-json\/wp\/v2\/media?parent=6068"}],"wp:term":[{"taxonomy":"product_brand","embeddable":true,"href":"https:\/\/fullsolutions.info\/en\/wp-json\/wp\/v2\/product_brand?post=6068"},{"taxonomy":"product_cat","embeddable":true,"href":"https:\/\/fullsolutions.info\/en\/wp-json\/wp\/v2\/product_cat?post=6068"},{"taxonomy":"product_tag","embeddable":true,"href":"https:\/\/fullsolutions.info\/en\/wp-json\/wp\/v2\/product_tag?post=6068"},{"taxonomy":"marca","embeddable":true,"href":"https:\/\/fullsolutions.info\/en\/wp-json\/wp\/v2\/marca?post=6068"}],"curies":[{"name":"wp","href":"https:\/\/api.w.org\/{rel}","templated":true}]}}