{"id":6067,"date":"2026-02-09T14:43:12","date_gmt":"2026-02-09T17:43:12","guid":{"rendered":"https:\/\/fullsolutions.info\/produto\/solberg-fs-15-075-filter-silencer\/"},"modified":"2026-02-10T13:47:09","modified_gmt":"2026-02-10T16:47:09","slug":"solberg-fs-15-075","status":"publish","type":"product","link":"https:\/\/fullsolutions.info\/en\/product\/solberg-fs-15-075\/","title":{"rendered":"Solberg FS-15-075 Filtro"},"content":{"rendered":"<p data-start=\"2140\" data-end=\"2180\">Este filtro silenciador \u00e9 adequado para:<\/p>\n<p data-start=\"2182\" data-end=\"2527\">\u2714 Sopradores (<em data-start=\"2196\" data-end=\"2205\">blowers<\/em>, incluindo side-channel\/regenerativos)<br data-start=\"2244\" data-end=\"2247\" \/>\u2714 Compressores de ar (parafuso e alternativo)<br data-start=\"2292\" data-end=\"2295\" \/>\u2714 Ventiladores industriais e sistemas de ventila\u00e7\u00e3o<br data-start=\"2346\" data-end=\"2349\" \/>\u2714 Pneum\u00e1tica em geral e respiros hidr\u00e1ulicos com filtra\u00e7\u00e3o fina<br data-start=\"2412\" data-end=\"2415\" \/>\u2714 Aera\u00e7\u00e3o de \u00e1guas residuais, transporte pneum\u00e1tico e oficinas industriais<\/p>","protected":false},"excerpt":{"rendered":"<p>Este filtro silenciador \u00e9 adequado para: \u2714 Sopradores (blowers, incluindo side-channel\/regenerativos)\u2714 Compressores de ar (parafuso e alternativo)\u2714 Ventiladores industriais e sistemas de ventila\u00e7\u00e3o\u2714 Pneum\u00e1tica em geral e respiros hidr\u00e1ulicos com filtra\u00e7\u00e3o fina\u2714 Aera\u00e7\u00e3o de \u00e1guas residuais, transporte pneum\u00e1tico e oficinas industriais<\/p>","protected":false},"featured_media":0,"comment_status":"open","ping_status":"closed","template":"","meta":{"_joinchat":[]},"product_brand":[],"product_cat":[181],"product_tag":[],"marca":[176],"class_list":{"0":"post-6067","1":"product","2":"type-product","3":"status-publish","5":"product_cat-filtros","6":"marca-vega","8":"first","9":"instock","10":"shipping-taxable","11":"product-type-simple"},"yoast_head":"<!-- This site is optimized with the Yoast SEO plugin v27.2 - https:\/\/yoast.com\/product\/yoast-seo-wordpress\/ -->\n<title>Solberg FS-15-075 Filtro - Full Solutions<\/title>\n<meta name=\"robots\" content=\"index, follow, max-snippet:-1, max-image-preview:large, max-video-preview:-1\" \/>\n<link rel=\"canonical\" href=\"https:\/\/fullsolutions.info\/en\/product\/solberg-fs-15-075\/\" \/>\n<meta property=\"og:locale\" content=\"en_US\" \/>\n<meta property=\"og:type\" content=\"article\" \/>\n<meta property=\"og:title\" content=\"Solberg FS-15-075 Filtro - Full Solutions\" \/>\n<meta property=\"og:description\" content=\"Este filtro silenciador \u00e9 adequado para: \u2714 Sopradores (blowers, incluindo side-channel\/regenerativos)\u2714 Compressores de ar (parafuso e alternativo)\u2714 Ventiladores industriais e sistemas de ventila\u00e7\u00e3o\u2714 Pneum\u00e1tica em geral e respiros hidr\u00e1ulicos com filtra\u00e7\u00e3o fina\u2714 Aera\u00e7\u00e3o de \u00e1guas residuais, transporte pneum\u00e1tico e oficinas industriais\" \/>\n<meta property=\"og:url\" content=\"https:\/\/fullsolutions.info\/en\/product\/solberg-fs-15-075\/\" \/>\n<meta property=\"og:site_name\" content=\"Full Solutions\" \/>\n<meta property=\"article:modified_time\" content=\"2026-02-10T16:47:09+00:00\" \/>\n<meta name=\"twitter:card\" content=\"summary_large_image\" \/>\n<script type=\"application\/ld+json\" class=\"yoast-schema-graph\">{\"@context\":\"https:\/\/schema.org\",\"@graph\":[{\"@type\":\"WebPage\",\"@id\":\"https:\/\/fullsolutions.info\/produto\/solberg-fs-15-075\/\",\"url\":\"https:\/\/fullsolutions.info\/produto\/solberg-fs-15-075\/\",\"name\":\"Solberg FS-15-075 Filtro - Full Solutions\",\"isPartOf\":{\"@id\":\"https:\/\/fullsolutions.info\/#website\"},\"datePublished\":\"2026-02-09T17:43:12+00:00\",\"dateModified\":\"2026-02-10T16:47:09+00:00\",\"breadcrumb\":{\"@id\":\"https:\/\/fullsolutions.info\/produto\/solberg-fs-15-075\/#breadcrumb\"},\"inLanguage\":\"en-US\",\"potentialAction\":[{\"@type\":\"ReadAction\",\"target\":[\"https:\/\/fullsolutions.info\/produto\/solberg-fs-15-075\/\"]}]},{\"@type\":\"BreadcrumbList\",\"@id\":\"https:\/\/fullsolutions.info\/produto\/solberg-fs-15-075\/#breadcrumb\",\"itemListElement\":[{\"@type\":\"ListItem\",\"position\":1,\"name\":\"In\u00edcio\",\"item\":\"https:\/\/fullsolutions.info\/\"},{\"@type\":\"ListItem\",\"position\":2,\"name\":\"Produtos\",\"item\":\"https:\/\/fullsolutions.info\/shop\/\"},{\"@type\":\"ListItem\",\"position\":3,\"name\":\"Solberg FS-15-075 Filtro\"}]},{\"@type\":\"WebSite\",\"@id\":\"https:\/\/fullsolutions.info\/#website\",\"url\":\"https:\/\/fullsolutions.info\/\",\"name\":\"Full Solutions\",\"description\":\"Empresa na \u00c1rea de Procurement\",\"publisher\":{\"@id\":\"https:\/\/fullsolutions.info\/#organization\"},\"potentialAction\":[{\"@type\":\"SearchAction\",\"target\":{\"@type\":\"EntryPoint\",\"urlTemplate\":\"https:\/\/fullsolutions.info\/?s={search_term_string}\"},\"query-input\":{\"@type\":\"PropertyValueSpecification\",\"valueRequired\":true,\"valueName\":\"search_term_string\"}}],\"inLanguage\":\"en-US\"},{\"@type\":\"Organization\",\"@id\":\"https:\/\/fullsolutions.info\/#organization\",\"name\":\"Full Solutions\",\"url\":\"https:\/\/fullsolutions.info\/\",\"logo\":{\"@type\":\"ImageObject\",\"inLanguage\":\"en-US\",\"@id\":\"https:\/\/fullsolutions.info\/#\/schema\/logo\/image\/\",\"url\":\"https:\/\/mlhff0prgoxu.i.optimole.com\/cb:s0sM.767\/w:auto\/h:auto\/q:mauto\/f:best\/https:\/\/fullsolutions.info\/wp-content\/uploads\/2021\/07\/cropped-Design-sem-nome-300x193-1-e1627062664782.png\",\"contentUrl\":\"https:\/\/mlhff0prgoxu.i.optimole.com\/cb:s0sM.767\/w:auto\/h:auto\/q:mauto\/f:best\/https:\/\/fullsolutions.info\/wp-content\/uploads\/2021\/07\/cropped-Design-sem-nome-300x193-1-e1627062664782.png\",\"width\":202,\"height\":155,\"caption\":\"Full Solutions\"},\"image\":{\"@id\":\"https:\/\/fullsolutions.info\/#\/schema\/logo\/image\/\"},\"sameAs\":[\"https:\/\/www.linkedin.com\/company\/full-solutions-equipment\"]}]}<\/script>\n<!-- \/ Yoast SEO plugin. -->","yoast_head_json":{"title":"Solberg FS-15-075 Filtro - Full Solutions","robots":{"index":"index","follow":"follow","max-snippet":"max-snippet:-1","max-image-preview":"max-image-preview:large","max-video-preview":"max-video-preview:-1"},"canonical":"https:\/\/fullsolutions.info\/en\/product\/solberg-fs-15-075\/","og_locale":"en_US","og_type":"article","og_title":"Solberg FS-15-075 Filtro - Full Solutions","og_description":"Este filtro silenciador \u00e9 adequado para: \u2714 Sopradores (blowers, incluindo side-channel\/regenerativos)\u2714 Compressores de ar (parafuso e alternativo)\u2714 Ventiladores industriais e sistemas de ventila\u00e7\u00e3o\u2714 Pneum\u00e1tica em geral e respiros hidr\u00e1ulicos com filtra\u00e7\u00e3o fina\u2714 Aera\u00e7\u00e3o de \u00e1guas residuais, transporte pneum\u00e1tico e oficinas industriais","og_url":"https:\/\/fullsolutions.info\/en\/product\/solberg-fs-15-075\/","og_site_name":"Full Solutions","article_modified_time":"2026-02-10T16:47:09+00:00","twitter_card":"summary_large_image","schema":{"@context":"https:\/\/schema.org","@graph":[{"@type":"WebPage","@id":"https:\/\/fullsolutions.info\/produto\/solberg-fs-15-075\/","url":"https:\/\/fullsolutions.info\/produto\/solberg-fs-15-075\/","name":"Solberg FS-15-075 Filtro - Full Solutions","isPartOf":{"@id":"https:\/\/fullsolutions.info\/#website"},"datePublished":"2026-02-09T17:43:12+00:00","dateModified":"2026-02-10T16:47:09+00:00","breadcrumb":{"@id":"https:\/\/fullsolutions.info\/produto\/solberg-fs-15-075\/#breadcrumb"},"inLanguage":"en-US","potentialAction":[{"@type":"ReadAction","target":["https:\/\/fullsolutions.info\/produto\/solberg-fs-15-075\/"]}]},{"@type":"BreadcrumbList","@id":"https:\/\/fullsolutions.info\/produto\/solberg-fs-15-075\/#breadcrumb","itemListElement":[{"@type":"ListItem","position":1,"name":"In\u00edcio","item":"https:\/\/fullsolutions.info\/"},{"@type":"ListItem","position":2,"name":"Produtos","item":"https:\/\/fullsolutions.info\/shop\/"},{"@type":"ListItem","position":3,"name":"Solberg FS-15-075 Filtro"}]},{"@type":"WebSite","@id":"https:\/\/fullsolutions.info\/#website","url":"https:\/\/fullsolutions.info\/","name":"Full Solutions","description":"Empresa na \u00c1rea de Procurement","publisher":{"@id":"https:\/\/fullsolutions.info\/#organization"},"potentialAction":[{"@type":"SearchAction","target":{"@type":"EntryPoint","urlTemplate":"https:\/\/fullsolutions.info\/?s={search_term_string}"},"query-input":{"@type":"PropertyValueSpecification","valueRequired":true,"valueName":"search_term_string"}}],"inLanguage":"en-US"},{"@type":"Organization","@id":"https:\/\/fullsolutions.info\/#organization","name":"Full Solutions","url":"https:\/\/fullsolutions.info\/","logo":{"@type":"ImageObject","inLanguage":"en-US","@id":"https:\/\/fullsolutions.info\/#\/schema\/logo\/image\/","url":"https:\/\/mlhff0prgoxu.i.optimole.com\/cb:s0sM.767\/w:auto\/h:auto\/q:mauto\/f:best\/https:\/\/fullsolutions.info\/wp-content\/uploads\/2021\/07\/cropped-Design-sem-nome-300x193-1-e1627062664782.png","contentUrl":"https:\/\/mlhff0prgoxu.i.optimole.com\/cb:s0sM.767\/w:auto\/h:auto\/q:mauto\/f:best\/https:\/\/fullsolutions.info\/wp-content\/uploads\/2021\/07\/cropped-Design-sem-nome-300x193-1-e1627062664782.png","width":202,"height":155,"caption":"Full Solutions"},"image":{"@id":"https:\/\/fullsolutions.info\/#\/schema\/logo\/image\/"},"sameAs":["https:\/\/www.linkedin.com\/company\/full-solutions-equipment"]}]}},"_links":{"self":[{"href":"https:\/\/fullsolutions.info\/en\/wp-json\/wp\/v2\/product\/6067","targetHints":{"allow":["GET"]}}],"collection":[{"href":"https:\/\/fullsolutions.info\/en\/wp-json\/wp\/v2\/product"}],"about":[{"href":"https:\/\/fullsolutions.info\/en\/wp-json\/wp\/v2\/types\/product"}],"replies":[{"embeddable":true,"href":"https:\/\/fullsolutions.info\/en\/wp-json\/wp\/v2\/comments?post=6067"}],"wp:attachment":[{"href":"https:\/\/fullsolutions.info\/en\/wp-json\/wp\/v2\/media?parent=6067"}],"wp:term":[{"taxonomy":"product_brand","embeddable":true,"href":"https:\/\/fullsolutions.info\/en\/wp-json\/wp\/v2\/product_brand?post=6067"},{"taxonomy":"product_cat","embeddable":true,"href":"https:\/\/fullsolutions.info\/en\/wp-json\/wp\/v2\/product_cat?post=6067"},{"taxonomy":"product_tag","embeddable":true,"href":"https:\/\/fullsolutions.info\/en\/wp-json\/wp\/v2\/product_tag?post=6067"},{"taxonomy":"marca","embeddable":true,"href":"https:\/\/fullsolutions.info\/en\/wp-json\/wp\/v2\/marca?post=6067"}],"curies":[{"name":"wp","href":"https:\/\/api.w.org\/{rel}","templated":true}]}}