{"id":6057,"date":"2026-02-09T14:43:09","date_gmt":"2026-02-09T17:43:09","guid":{"rendered":"https:\/\/fullsolutions.info\/produto\/solberg-fs-10-050-filter-silencer\/"},"modified":"2026-02-10T13:51:02","modified_gmt":"2026-02-10T16:51:02","slug":"solberg-fs-10-050","status":"publish","type":"product","link":"https:\/\/fullsolutions.info\/en\/product\/solberg-fs-10-050\/","title":{"rendered":"Solberg FS-10-050 Filtro"},"content":{"rendered":"<p data-start=\"0\" data-end=\"387\">Filtra o ar de admiss\u00e3o, removendo part\u00edculas s\u00f3lidas e contaminantes antes da entrada no equipamento, contribuindo para a prote\u00e7\u00e3o dos componentes internos e aumento da vida \u00fatil do sistema. Atua tamb\u00e9m como silenciador, reduzindo o ru\u00eddo gerado pelo fluxo de ar na admiss\u00e3o, sendo indicado para aplica\u00e7\u00f5es industriais que exigem ar limpo e menor n\u00edvel de ru\u00eddo operacional.<\/p>\n<p data-start=\"389\" data-end=\"429\"><strong data-start=\"389\" data-end=\"429\">Fun\u00e7\u00f5es &amp; Aplica\u00e7\u00f5es:<\/strong><\/p>\n<ul data-start=\"430\" data-end=\"816\" data-is-last-node=\"\" data-is-only-node=\"\">\n<li data-start=\"430\" data-end=\"506\">\n<p data-start=\"432\" data-end=\"506\">Filtragem do ar de admiss\u00e3o para reten\u00e7\u00e3o de poeira e part\u00edculas s\u00f3lidas<\/p>\n<\/li>\n<li data-start=\"507\" data-end=\"561\">\n<p data-start=\"509\" data-end=\"561\">Redu\u00e7\u00e3o de ru\u00eddo na entrada de ar dos equipamentos<\/p>\n<\/li>\n<li data-start=\"562\" data-end=\"629\">\n<p data-start=\"564\" data-end=\"629\">Prote\u00e7\u00e3o de sopradores, compressores e ventiladores industriais<\/p>\n<\/li>\n<li data-start=\"630\" data-end=\"691\">\n<p data-start=\"632\" data-end=\"691\">Aplica\u00e7\u00e3o em sistemas pneum\u00e1ticos e transporte pneum\u00e1tico<\/p>\n<\/li>\n<li data-start=\"692\" data-end=\"748\">\n<p data-start=\"694\" data-end=\"748\">Uso em sistemas de aera\u00e7\u00e3o e tratamento de efluentes<\/p>\n<\/li>\n<li data-start=\"749\" data-end=\"816\" data-is-last-node=\"\">\n<p data-start=\"751\" data-end=\"816\" data-is-last-node=\"\">Indicado para respiros e admiss\u00f5es de ar em ambientes industriais<\/p>\n<\/li>\n<\/ul>","protected":false},"excerpt":{"rendered":"<p>Filtra o ar de admiss\u00e3o, removendo part\u00edculas s\u00f3lidas e contaminantes antes da entrada no equipamento, contribuindo para a prote\u00e7\u00e3o dos componentes internos e aumento da vida \u00fatil do sistema. Atua tamb\u00e9m como silenciador, reduzindo o ru\u00eddo gerado pelo fluxo de ar na admiss\u00e3o, sendo indicado para aplica\u00e7\u00f5es industriais que exigem ar limpo e menor n\u00edvel de ru\u00eddo operacional. Fun\u00e7\u00f5es &amp; Aplica\u00e7\u00f5es: Filtragem do ar de admiss\u00e3o para reten\u00e7\u00e3o de poeira e part\u00edculas s\u00f3lidas Redu\u00e7\u00e3o de ru\u00eddo na entrada de ar dos equipamentos Prote\u00e7\u00e3o de sopradores, compressores e ventiladores industriais Aplica\u00e7\u00e3o em sistemas pneum\u00e1ticos e transporte pneum\u00e1tico Uso em sistemas de aera\u00e7\u00e3o e tratamento de efluentes Indicado para respiros e admiss\u00f5es de ar em ambientes industriais<\/p>","protected":false},"featured_media":0,"comment_status":"open","ping_status":"closed","template":"","meta":{"_joinchat":[]},"product_brand":[],"product_cat":[181],"product_tag":[],"marca":[182],"class_list":{"0":"post-6057","1":"product","2":"type-product","3":"status-publish","5":"product_cat-filtros","6":"marca-solberg","8":"first","9":"instock","10":"shipping-taxable","11":"product-type-simple"},"yoast_head":"<!-- This site is optimized with the Yoast SEO plugin v27.2 - https:\/\/yoast.com\/product\/yoast-seo-wordpress\/ -->\n<title>Solberg FS-10-050 Filtro - Full Solutions<\/title>\n<meta name=\"robots\" content=\"index, follow, max-snippet:-1, max-image-preview:large, max-video-preview:-1\" \/>\n<link rel=\"canonical\" href=\"https:\/\/fullsolutions.info\/en\/product\/solberg-fs-10-050\/\" \/>\n<meta property=\"og:locale\" content=\"en_US\" \/>\n<meta property=\"og:type\" content=\"article\" \/>\n<meta property=\"og:title\" content=\"Solberg FS-10-050 Filtro - Full Solutions\" \/>\n<meta property=\"og:description\" content=\"Filtra o ar de admiss\u00e3o, removendo part\u00edculas s\u00f3lidas e contaminantes antes da entrada no equipamento, contribuindo para a prote\u00e7\u00e3o dos componentes internos e aumento da vida \u00fatil do sistema. Atua tamb\u00e9m como silenciador, reduzindo o ru\u00eddo gerado pelo fluxo de ar na admiss\u00e3o, sendo indicado para aplica\u00e7\u00f5es industriais que exigem ar limpo e menor n\u00edvel de ru\u00eddo operacional. Fun\u00e7\u00f5es &amp; Aplica\u00e7\u00f5es: Filtragem do ar de admiss\u00e3o para reten\u00e7\u00e3o de poeira e part\u00edculas s\u00f3lidas Redu\u00e7\u00e3o de ru\u00eddo na entrada de ar dos equipamentos Prote\u00e7\u00e3o de sopradores, compressores e ventiladores industriais Aplica\u00e7\u00e3o em sistemas pneum\u00e1ticos e transporte pneum\u00e1tico Uso em sistemas de aera\u00e7\u00e3o e tratamento de efluentes Indicado para respiros e admiss\u00f5es de ar em ambientes industriais\" \/>\n<meta property=\"og:url\" content=\"https:\/\/fullsolutions.info\/en\/product\/solberg-fs-10-050\/\" \/>\n<meta property=\"og:site_name\" content=\"Full Solutions\" \/>\n<meta property=\"article:modified_time\" content=\"2026-02-10T16:51:02+00:00\" \/>\n<meta name=\"twitter:card\" content=\"summary_large_image\" \/>\n<meta name=\"twitter:label1\" content=\"Est. reading time\" \/>\n\t<meta name=\"twitter:data1\" content=\"1 minute\" \/>\n<script type=\"application\/ld+json\" class=\"yoast-schema-graph\">{\"@context\":\"https:\/\/schema.org\",\"@graph\":[{\"@type\":\"WebPage\",\"@id\":\"https:\/\/fullsolutions.info\/produto\/solberg-fs-10-050\/\",\"url\":\"https:\/\/fullsolutions.info\/produto\/solberg-fs-10-050\/\",\"name\":\"Solberg FS-10-050 Filtro - Full Solutions\",\"isPartOf\":{\"@id\":\"https:\/\/fullsolutions.info\/#website\"},\"datePublished\":\"2026-02-09T17:43:09+00:00\",\"dateModified\":\"2026-02-10T16:51:02+00:00\",\"breadcrumb\":{\"@id\":\"https:\/\/fullsolutions.info\/produto\/solberg-fs-10-050\/#breadcrumb\"},\"inLanguage\":\"en-US\",\"potentialAction\":[{\"@type\":\"ReadAction\",\"target\":[\"https:\/\/fullsolutions.info\/produto\/solberg-fs-10-050\/\"]}]},{\"@type\":\"BreadcrumbList\",\"@id\":\"https:\/\/fullsolutions.info\/produto\/solberg-fs-10-050\/#breadcrumb\",\"itemListElement\":[{\"@type\":\"ListItem\",\"position\":1,\"name\":\"In\u00edcio\",\"item\":\"https:\/\/fullsolutions.info\/\"},{\"@type\":\"ListItem\",\"position\":2,\"name\":\"Produtos\",\"item\":\"https:\/\/fullsolutions.info\/shop\/\"},{\"@type\":\"ListItem\",\"position\":3,\"name\":\"Solberg FS-10-050 Filtro\"}]},{\"@type\":\"WebSite\",\"@id\":\"https:\/\/fullsolutions.info\/#website\",\"url\":\"https:\/\/fullsolutions.info\/\",\"name\":\"Full Solutions\",\"description\":\"Empresa na \u00c1rea de Procurement\",\"publisher\":{\"@id\":\"https:\/\/fullsolutions.info\/#organization\"},\"potentialAction\":[{\"@type\":\"SearchAction\",\"target\":{\"@type\":\"EntryPoint\",\"urlTemplate\":\"https:\/\/fullsolutions.info\/?s={search_term_string}\"},\"query-input\":{\"@type\":\"PropertyValueSpecification\",\"valueRequired\":true,\"valueName\":\"search_term_string\"}}],\"inLanguage\":\"en-US\"},{\"@type\":\"Organization\",\"@id\":\"https:\/\/fullsolutions.info\/#organization\",\"name\":\"Full Solutions\",\"url\":\"https:\/\/fullsolutions.info\/\",\"logo\":{\"@type\":\"ImageObject\",\"inLanguage\":\"en-US\",\"@id\":\"https:\/\/fullsolutions.info\/#\/schema\/logo\/image\/\",\"url\":\"https:\/\/mlhff0prgoxu.i.optimole.com\/cb:s0sM.767\/w:auto\/h:auto\/q:mauto\/f:best\/https:\/\/fullsolutions.info\/wp-content\/uploads\/2021\/07\/cropped-Design-sem-nome-300x193-1-e1627062664782.png\",\"contentUrl\":\"https:\/\/mlhff0prgoxu.i.optimole.com\/cb:s0sM.767\/w:auto\/h:auto\/q:mauto\/f:best\/https:\/\/fullsolutions.info\/wp-content\/uploads\/2021\/07\/cropped-Design-sem-nome-300x193-1-e1627062664782.png\",\"width\":202,\"height\":155,\"caption\":\"Full Solutions\"},\"image\":{\"@id\":\"https:\/\/fullsolutions.info\/#\/schema\/logo\/image\/\"},\"sameAs\":[\"https:\/\/www.linkedin.com\/company\/full-solutions-equipment\"]}]}<\/script>\n<!-- \/ Yoast SEO plugin. -->","yoast_head_json":{"title":"Solberg FS-10-050 Filtro - Full Solutions","robots":{"index":"index","follow":"follow","max-snippet":"max-snippet:-1","max-image-preview":"max-image-preview:large","max-video-preview":"max-video-preview:-1"},"canonical":"https:\/\/fullsolutions.info\/en\/product\/solberg-fs-10-050\/","og_locale":"en_US","og_type":"article","og_title":"Solberg FS-10-050 Filtro - Full Solutions","og_description":"Filtra o ar de admiss\u00e3o, removendo part\u00edculas s\u00f3lidas e contaminantes antes da entrada no equipamento, contribuindo para a prote\u00e7\u00e3o dos componentes internos e aumento da vida \u00fatil do sistema. Atua tamb\u00e9m como silenciador, reduzindo o ru\u00eddo gerado pelo fluxo de ar na admiss\u00e3o, sendo indicado para aplica\u00e7\u00f5es industriais que exigem ar limpo e menor n\u00edvel de ru\u00eddo operacional. Fun\u00e7\u00f5es &amp; Aplica\u00e7\u00f5es: Filtragem do ar de admiss\u00e3o para reten\u00e7\u00e3o de poeira e part\u00edculas s\u00f3lidas Redu\u00e7\u00e3o de ru\u00eddo na entrada de ar dos equipamentos Prote\u00e7\u00e3o de sopradores, compressores e ventiladores industriais Aplica\u00e7\u00e3o em sistemas pneum\u00e1ticos e transporte pneum\u00e1tico Uso em sistemas de aera\u00e7\u00e3o e tratamento de efluentes Indicado para respiros e admiss\u00f5es de ar em ambientes industriais","og_url":"https:\/\/fullsolutions.info\/en\/product\/solberg-fs-10-050\/","og_site_name":"Full Solutions","article_modified_time":"2026-02-10T16:51:02+00:00","twitter_card":"summary_large_image","twitter_misc":{"Est. reading time":"1 minute"},"schema":{"@context":"https:\/\/schema.org","@graph":[{"@type":"WebPage","@id":"https:\/\/fullsolutions.info\/produto\/solberg-fs-10-050\/","url":"https:\/\/fullsolutions.info\/produto\/solberg-fs-10-050\/","name":"Solberg FS-10-050 Filtro - Full Solutions","isPartOf":{"@id":"https:\/\/fullsolutions.info\/#website"},"datePublished":"2026-02-09T17:43:09+00:00","dateModified":"2026-02-10T16:51:02+00:00","breadcrumb":{"@id":"https:\/\/fullsolutions.info\/produto\/solberg-fs-10-050\/#breadcrumb"},"inLanguage":"en-US","potentialAction":[{"@type":"ReadAction","target":["https:\/\/fullsolutions.info\/produto\/solberg-fs-10-050\/"]}]},{"@type":"BreadcrumbList","@id":"https:\/\/fullsolutions.info\/produto\/solberg-fs-10-050\/#breadcrumb","itemListElement":[{"@type":"ListItem","position":1,"name":"In\u00edcio","item":"https:\/\/fullsolutions.info\/"},{"@type":"ListItem","position":2,"name":"Produtos","item":"https:\/\/fullsolutions.info\/shop\/"},{"@type":"ListItem","position":3,"name":"Solberg FS-10-050 Filtro"}]},{"@type":"WebSite","@id":"https:\/\/fullsolutions.info\/#website","url":"https:\/\/fullsolutions.info\/","name":"Full Solutions","description":"Empresa na \u00c1rea de Procurement","publisher":{"@id":"https:\/\/fullsolutions.info\/#organization"},"potentialAction":[{"@type":"SearchAction","target":{"@type":"EntryPoint","urlTemplate":"https:\/\/fullsolutions.info\/?s={search_term_string}"},"query-input":{"@type":"PropertyValueSpecification","valueRequired":true,"valueName":"search_term_string"}}],"inLanguage":"en-US"},{"@type":"Organization","@id":"https:\/\/fullsolutions.info\/#organization","name":"Full Solutions","url":"https:\/\/fullsolutions.info\/","logo":{"@type":"ImageObject","inLanguage":"en-US","@id":"https:\/\/fullsolutions.info\/#\/schema\/logo\/image\/","url":"https:\/\/mlhff0prgoxu.i.optimole.com\/cb:s0sM.767\/w:auto\/h:auto\/q:mauto\/f:best\/https:\/\/fullsolutions.info\/wp-content\/uploads\/2021\/07\/cropped-Design-sem-nome-300x193-1-e1627062664782.png","contentUrl":"https:\/\/mlhff0prgoxu.i.optimole.com\/cb:s0sM.767\/w:auto\/h:auto\/q:mauto\/f:best\/https:\/\/fullsolutions.info\/wp-content\/uploads\/2021\/07\/cropped-Design-sem-nome-300x193-1-e1627062664782.png","width":202,"height":155,"caption":"Full Solutions"},"image":{"@id":"https:\/\/fullsolutions.info\/#\/schema\/logo\/image\/"},"sameAs":["https:\/\/www.linkedin.com\/company\/full-solutions-equipment"]}]}},"_links":{"self":[{"href":"https:\/\/fullsolutions.info\/en\/wp-json\/wp\/v2\/product\/6057","targetHints":{"allow":["GET"]}}],"collection":[{"href":"https:\/\/fullsolutions.info\/en\/wp-json\/wp\/v2\/product"}],"about":[{"href":"https:\/\/fullsolutions.info\/en\/wp-json\/wp\/v2\/types\/product"}],"replies":[{"embeddable":true,"href":"https:\/\/fullsolutions.info\/en\/wp-json\/wp\/v2\/comments?post=6057"}],"wp:attachment":[{"href":"https:\/\/fullsolutions.info\/en\/wp-json\/wp\/v2\/media?parent=6057"}],"wp:term":[{"taxonomy":"product_brand","embeddable":true,"href":"https:\/\/fullsolutions.info\/en\/wp-json\/wp\/v2\/product_brand?post=6057"},{"taxonomy":"product_cat","embeddable":true,"href":"https:\/\/fullsolutions.info\/en\/wp-json\/wp\/v2\/product_cat?post=6057"},{"taxonomy":"product_tag","embeddable":true,"href":"https:\/\/fullsolutions.info\/en\/wp-json\/wp\/v2\/product_tag?post=6057"},{"taxonomy":"marca","embeddable":true,"href":"https:\/\/fullsolutions.info\/en\/wp-json\/wp\/v2\/marca?post=6057"}],"curies":[{"name":"wp","href":"https:\/\/api.w.org\/{rel}","templated":true}]}}