{"id":6054,"date":"2026-02-09T14:43:08","date_gmt":"2026-02-09T17:43:08","guid":{"rendered":"https:\/\/fullsolutions.info\/produto\/solberg-fs-07-038-filter-silencer\/"},"modified":"2026-02-10T13:54:59","modified_gmt":"2026-02-10T16:54:59","slug":"solberg-fs-07-038","status":"publish","type":"product","link":"https:\/\/fullsolutions.info\/en\/product\/solberg-fs-07-038\/","title":{"rendered":"Solberg FS-07-038 Filtro"},"content":{"rendered":"<h3 data-start=\"865\" data-end=\"894\"><strong data-start=\"872\" data-end=\"894\">Aplica\u00e7\u00f5es T\u00edpicas<\/strong><\/h3>\n<p data-start=\"895\" data-end=\"1070\">Este tipo de filtro silenciador \u00e9 usado em diversas aplica\u00e7\u00f5es industriais e pneum\u00e1ticas, especialmente em equipamentos de pequeno porte:<\/p>\n<ul data-start=\"1072\" data-end=\"1435\">\n<li data-start=\"1072\" data-end=\"1144\">\n<p data-start=\"1074\" data-end=\"1144\">Entrada de ar em <strong data-start=\"1091\" data-end=\"1115\">sopradores (blowers)<\/strong> e <strong data-start=\"1118\" data-end=\"1134\">ventiladores<\/strong> menores<\/p>\n<\/li>\n<li data-start=\"1145\" data-end=\"1181\">\n<p data-start=\"1147\" data-end=\"1181\"><strong data-start=\"1147\" data-end=\"1169\">Compressores de ar<\/strong> compactos<\/p>\n<\/li>\n<li data-start=\"1182\" data-end=\"1246\">\n<p data-start=\"1184\" data-end=\"1246\"><strong data-start=\"1184\" data-end=\"1211\">Ferramentas pneum\u00e1ticas<\/strong> e sistemas de ar comprimido leve<\/p>\n<\/li>\n<li data-start=\"1247\" data-end=\"1294\">\n<p data-start=\"1249\" data-end=\"1294\"><strong data-start=\"1249\" data-end=\"1273\">Sistemas pneum\u00e1ticos<\/strong> com fluxo reduzido<\/p>\n<\/li>\n<li data-start=\"1295\" data-end=\"1361\">\n<p data-start=\"1297\" data-end=\"1361\"><strong data-start=\"1297\" data-end=\"1330\">Respiros hidr\u00e1ulicos internos<\/strong> onde se requer ar mais limpo<\/p>\n<\/li>\n<li data-start=\"1362\" data-end=\"1435\">\n<p data-start=\"1364\" data-end=\"1435\"><strong data-start=\"1364\" data-end=\"1399\">Aera\u00e7\u00e3o de pequenas instala\u00e7\u00f5es<\/strong> e aplica\u00e7\u00f5es de ar de processo leve<\/p>\n<\/li>\n<\/ul>","protected":false},"excerpt":{"rendered":"<p>Aplica\u00e7\u00f5es T\u00edpicas Este tipo de filtro silenciador \u00e9 usado em diversas aplica\u00e7\u00f5es industriais e pneum\u00e1ticas, especialmente em equipamentos de pequeno porte: Entrada de ar em sopradores (blowers) e ventiladores menores Compressores de ar compactos Ferramentas pneum\u00e1ticas e sistemas de ar comprimido leve Sistemas pneum\u00e1ticos com fluxo reduzido Respiros hidr\u00e1ulicos internos onde se requer ar mais limpo Aera\u00e7\u00e3o de pequenas instala\u00e7\u00f5es e aplica\u00e7\u00f5es de ar de processo leve<\/p>","protected":false},"featured_media":0,"comment_status":"open","ping_status":"closed","template":"","meta":{"_joinchat":[]},"product_brand":[],"product_cat":[181],"product_tag":[],"marca":[182],"class_list":{"0":"post-6054","1":"product","2":"type-product","3":"status-publish","5":"product_cat-filtros","6":"marca-solberg","8":"first","9":"instock","10":"shipping-taxable","11":"product-type-simple"},"yoast_head":"<!-- This site is optimized with the Yoast SEO plugin v27.2 - https:\/\/yoast.com\/product\/yoast-seo-wordpress\/ -->\n<title>Solberg FS-07-038 Filtro - Full Solutions<\/title>\n<meta name=\"robots\" content=\"index, follow, max-snippet:-1, max-image-preview:large, max-video-preview:-1\" \/>\n<link rel=\"canonical\" href=\"https:\/\/fullsolutions.info\/en\/product\/solberg-fs-07-038\/\" \/>\n<meta property=\"og:locale\" content=\"en_US\" \/>\n<meta property=\"og:type\" content=\"article\" \/>\n<meta property=\"og:title\" content=\"Solberg FS-07-038 Filtro - Full Solutions\" \/>\n<meta property=\"og:description\" content=\"Aplica\u00e7\u00f5es T\u00edpicas Este tipo de filtro silenciador \u00e9 usado em diversas aplica\u00e7\u00f5es industriais e pneum\u00e1ticas, especialmente em equipamentos de pequeno porte: Entrada de ar em sopradores (blowers) e ventiladores menores Compressores de ar compactos Ferramentas pneum\u00e1ticas e sistemas de ar comprimido leve Sistemas pneum\u00e1ticos com fluxo reduzido Respiros hidr\u00e1ulicos internos onde se requer ar mais limpo Aera\u00e7\u00e3o de pequenas instala\u00e7\u00f5es e aplica\u00e7\u00f5es de ar de processo leve\" \/>\n<meta property=\"og:url\" content=\"https:\/\/fullsolutions.info\/en\/product\/solberg-fs-07-038\/\" \/>\n<meta property=\"og:site_name\" content=\"Full Solutions\" \/>\n<meta property=\"article:modified_time\" content=\"2026-02-10T16:54:59+00:00\" \/>\n<meta name=\"twitter:card\" content=\"summary_large_image\" \/>\n<script type=\"application\/ld+json\" class=\"yoast-schema-graph\">{\"@context\":\"https:\/\/schema.org\",\"@graph\":[{\"@type\":\"WebPage\",\"@id\":\"https:\/\/fullsolutions.info\/produto\/solberg-fs-07-038\/\",\"url\":\"https:\/\/fullsolutions.info\/produto\/solberg-fs-07-038\/\",\"name\":\"Solberg FS-07-038 Filtro - Full Solutions\",\"isPartOf\":{\"@id\":\"https:\/\/fullsolutions.info\/#website\"},\"datePublished\":\"2026-02-09T17:43:08+00:00\",\"dateModified\":\"2026-02-10T16:54:59+00:00\",\"breadcrumb\":{\"@id\":\"https:\/\/fullsolutions.info\/produto\/solberg-fs-07-038\/#breadcrumb\"},\"inLanguage\":\"en-US\",\"potentialAction\":[{\"@type\":\"ReadAction\",\"target\":[\"https:\/\/fullsolutions.info\/produto\/solberg-fs-07-038\/\"]}]},{\"@type\":\"BreadcrumbList\",\"@id\":\"https:\/\/fullsolutions.info\/produto\/solberg-fs-07-038\/#breadcrumb\",\"itemListElement\":[{\"@type\":\"ListItem\",\"position\":1,\"name\":\"In\u00edcio\",\"item\":\"https:\/\/fullsolutions.info\/\"},{\"@type\":\"ListItem\",\"position\":2,\"name\":\"Produtos\",\"item\":\"https:\/\/fullsolutions.info\/shop\/\"},{\"@type\":\"ListItem\",\"position\":3,\"name\":\"Solberg FS-07-038 Filtro\"}]},{\"@type\":\"WebSite\",\"@id\":\"https:\/\/fullsolutions.info\/#website\",\"url\":\"https:\/\/fullsolutions.info\/\",\"name\":\"Full Solutions\",\"description\":\"Empresa na \u00c1rea de Procurement\",\"publisher\":{\"@id\":\"https:\/\/fullsolutions.info\/#organization\"},\"potentialAction\":[{\"@type\":\"SearchAction\",\"target\":{\"@type\":\"EntryPoint\",\"urlTemplate\":\"https:\/\/fullsolutions.info\/?s={search_term_string}\"},\"query-input\":{\"@type\":\"PropertyValueSpecification\",\"valueRequired\":true,\"valueName\":\"search_term_string\"}}],\"inLanguage\":\"en-US\"},{\"@type\":\"Organization\",\"@id\":\"https:\/\/fullsolutions.info\/#organization\",\"name\":\"Full Solutions\",\"url\":\"https:\/\/fullsolutions.info\/\",\"logo\":{\"@type\":\"ImageObject\",\"inLanguage\":\"en-US\",\"@id\":\"https:\/\/fullsolutions.info\/#\/schema\/logo\/image\/\",\"url\":\"https:\/\/mlhff0prgoxu.i.optimole.com\/cb:s0sM.767\/w:auto\/h:auto\/q:mauto\/f:best\/https:\/\/fullsolutions.info\/wp-content\/uploads\/2021\/07\/cropped-Design-sem-nome-300x193-1-e1627062664782.png\",\"contentUrl\":\"https:\/\/mlhff0prgoxu.i.optimole.com\/cb:s0sM.767\/w:auto\/h:auto\/q:mauto\/f:best\/https:\/\/fullsolutions.info\/wp-content\/uploads\/2021\/07\/cropped-Design-sem-nome-300x193-1-e1627062664782.png\",\"width\":202,\"height\":155,\"caption\":\"Full Solutions\"},\"image\":{\"@id\":\"https:\/\/fullsolutions.info\/#\/schema\/logo\/image\/\"},\"sameAs\":[\"https:\/\/www.linkedin.com\/company\/full-solutions-equipment\"]}]}<\/script>\n<!-- \/ Yoast SEO plugin. -->","yoast_head_json":{"title":"Solberg FS-07-038 Filtro - Full Solutions","robots":{"index":"index","follow":"follow","max-snippet":"max-snippet:-1","max-image-preview":"max-image-preview:large","max-video-preview":"max-video-preview:-1"},"canonical":"https:\/\/fullsolutions.info\/en\/product\/solberg-fs-07-038\/","og_locale":"en_US","og_type":"article","og_title":"Solberg FS-07-038 Filtro - Full Solutions","og_description":"Aplica\u00e7\u00f5es T\u00edpicas Este tipo de filtro silenciador \u00e9 usado em diversas aplica\u00e7\u00f5es industriais e pneum\u00e1ticas, especialmente em equipamentos de pequeno porte: Entrada de ar em sopradores (blowers) e ventiladores menores Compressores de ar compactos Ferramentas pneum\u00e1ticas e sistemas de ar comprimido leve Sistemas pneum\u00e1ticos com fluxo reduzido Respiros hidr\u00e1ulicos internos onde se requer ar mais limpo Aera\u00e7\u00e3o de pequenas instala\u00e7\u00f5es e aplica\u00e7\u00f5es de ar de processo leve","og_url":"https:\/\/fullsolutions.info\/en\/product\/solberg-fs-07-038\/","og_site_name":"Full Solutions","article_modified_time":"2026-02-10T16:54:59+00:00","twitter_card":"summary_large_image","schema":{"@context":"https:\/\/schema.org","@graph":[{"@type":"WebPage","@id":"https:\/\/fullsolutions.info\/produto\/solberg-fs-07-038\/","url":"https:\/\/fullsolutions.info\/produto\/solberg-fs-07-038\/","name":"Solberg FS-07-038 Filtro - Full Solutions","isPartOf":{"@id":"https:\/\/fullsolutions.info\/#website"},"datePublished":"2026-02-09T17:43:08+00:00","dateModified":"2026-02-10T16:54:59+00:00","breadcrumb":{"@id":"https:\/\/fullsolutions.info\/produto\/solberg-fs-07-038\/#breadcrumb"},"inLanguage":"en-US","potentialAction":[{"@type":"ReadAction","target":["https:\/\/fullsolutions.info\/produto\/solberg-fs-07-038\/"]}]},{"@type":"BreadcrumbList","@id":"https:\/\/fullsolutions.info\/produto\/solberg-fs-07-038\/#breadcrumb","itemListElement":[{"@type":"ListItem","position":1,"name":"In\u00edcio","item":"https:\/\/fullsolutions.info\/"},{"@type":"ListItem","position":2,"name":"Produtos","item":"https:\/\/fullsolutions.info\/shop\/"},{"@type":"ListItem","position":3,"name":"Solberg FS-07-038 Filtro"}]},{"@type":"WebSite","@id":"https:\/\/fullsolutions.info\/#website","url":"https:\/\/fullsolutions.info\/","name":"Full Solutions","description":"Empresa na \u00c1rea de Procurement","publisher":{"@id":"https:\/\/fullsolutions.info\/#organization"},"potentialAction":[{"@type":"SearchAction","target":{"@type":"EntryPoint","urlTemplate":"https:\/\/fullsolutions.info\/?s={search_term_string}"},"query-input":{"@type":"PropertyValueSpecification","valueRequired":true,"valueName":"search_term_string"}}],"inLanguage":"en-US"},{"@type":"Organization","@id":"https:\/\/fullsolutions.info\/#organization","name":"Full Solutions","url":"https:\/\/fullsolutions.info\/","logo":{"@type":"ImageObject","inLanguage":"en-US","@id":"https:\/\/fullsolutions.info\/#\/schema\/logo\/image\/","url":"https:\/\/mlhff0prgoxu.i.optimole.com\/cb:s0sM.767\/w:auto\/h:auto\/q:mauto\/f:best\/https:\/\/fullsolutions.info\/wp-content\/uploads\/2021\/07\/cropped-Design-sem-nome-300x193-1-e1627062664782.png","contentUrl":"https:\/\/mlhff0prgoxu.i.optimole.com\/cb:s0sM.767\/w:auto\/h:auto\/q:mauto\/f:best\/https:\/\/fullsolutions.info\/wp-content\/uploads\/2021\/07\/cropped-Design-sem-nome-300x193-1-e1627062664782.png","width":202,"height":155,"caption":"Full Solutions"},"image":{"@id":"https:\/\/fullsolutions.info\/#\/schema\/logo\/image\/"},"sameAs":["https:\/\/www.linkedin.com\/company\/full-solutions-equipment"]}]}},"_links":{"self":[{"href":"https:\/\/fullsolutions.info\/en\/wp-json\/wp\/v2\/product\/6054","targetHints":{"allow":["GET"]}}],"collection":[{"href":"https:\/\/fullsolutions.info\/en\/wp-json\/wp\/v2\/product"}],"about":[{"href":"https:\/\/fullsolutions.info\/en\/wp-json\/wp\/v2\/types\/product"}],"replies":[{"embeddable":true,"href":"https:\/\/fullsolutions.info\/en\/wp-json\/wp\/v2\/comments?post=6054"}],"wp:attachment":[{"href":"https:\/\/fullsolutions.info\/en\/wp-json\/wp\/v2\/media?parent=6054"}],"wp:term":[{"taxonomy":"product_brand","embeddable":true,"href":"https:\/\/fullsolutions.info\/en\/wp-json\/wp\/v2\/product_brand?post=6054"},{"taxonomy":"product_cat","embeddable":true,"href":"https:\/\/fullsolutions.info\/en\/wp-json\/wp\/v2\/product_cat?post=6054"},{"taxonomy":"product_tag","embeddable":true,"href":"https:\/\/fullsolutions.info\/en\/wp-json\/wp\/v2\/product_tag?post=6054"},{"taxonomy":"marca","embeddable":true,"href":"https:\/\/fullsolutions.info\/en\/wp-json\/wp\/v2\/marca?post=6054"}],"curies":[{"name":"wp","href":"https:\/\/api.w.org\/{rel}","templated":true}]}}