{"id":6050,"date":"2026-02-09T14:43:07","date_gmt":"2026-02-09T17:43:07","guid":{"rendered":"https:\/\/fullsolutions.info\/produto\/solberg-fs-05-050-filter-silencer\/"},"modified":"2026-02-10T14:01:28","modified_gmt":"2026-02-10T17:01:28","slug":"solberg-fs-05-050","status":"publish","type":"product","link":"https:\/\/fullsolutions.info\/en\/product\/solberg-fs-05-050\/","title":{"rendered":"Solberg FS-05-050 Filtro"},"content":{"rendered":"<h3 data-start=\"777\" data-end=\"802\">Aplica\u00e7\u00f5es T\u00edpicas<\/h3>\n<ul data-start=\"803\" data-end=\"1464\">\n<li data-start=\"803\" data-end=\"916\">\n<p data-start=\"805\" data-end=\"916\">Filtro de entrada de ar para <strong data-start=\"834\" data-end=\"858\">sopradores (blowers)<\/strong> de pequeno porte.<\/p>\n<\/li>\n<li data-start=\"917\" data-end=\"1034\">\n<p data-start=\"919\" data-end=\"1034\">Uso em <strong data-start=\"926\" data-end=\"958\">compressores de ar compactos<\/strong> e pequenas ferramentas pneum\u00e1ticas.<\/p>\n<\/li>\n<li data-start=\"1035\" data-end=\"1161\">\n<p data-start=\"1037\" data-end=\"1161\"><strong data-start=\"1037\" data-end=\"1073\">Ventiladores industriais menores<\/strong> e sistemas de ventila\u00e7\u00e3o com admiss\u00e3o reduzida.<\/p>\n<\/li>\n<li data-start=\"1162\" data-end=\"1316\">\n<p data-start=\"1164\" data-end=\"1316\">Sistemas pneum\u00e1ticos leves e <strong data-start=\"1193\" data-end=\"1223\">respiros hidr\u00e1ulicos finos<\/strong> que exigem ar limpo com baixas altera\u00e7\u00f5es ac\u00fasticas.<\/p>\n<\/li>\n<li data-start=\"1317\" data-end=\"1464\">\n<p data-start=\"1319\" data-end=\"1464\">Oficinas e ambientes industriais que precisam de <strong data-start=\"1368\" data-end=\"1425\">filtragem + redu\u00e7\u00e3o de ru\u00eddo em linhas de ar pequenas<\/strong>.<\/p>\n<\/li>\n<\/ul>","protected":false},"excerpt":{"rendered":"<p>Aplica\u00e7\u00f5es T\u00edpicas Filtro de entrada de ar para sopradores (blowers) de pequeno porte. Uso em compressores de ar compactos e pequenas ferramentas pneum\u00e1ticas. Ventiladores industriais menores e sistemas de ventila\u00e7\u00e3o com admiss\u00e3o reduzida. Sistemas pneum\u00e1ticos leves e respiros hidr\u00e1ulicos finos que exigem ar limpo com baixas altera\u00e7\u00f5es ac\u00fasticas. Oficinas e ambientes industriais que precisam de filtragem + redu\u00e7\u00e3o de ru\u00eddo em linhas de ar pequenas.<\/p>","protected":false},"featured_media":0,"comment_status":"open","ping_status":"closed","template":"","meta":{"_joinchat":[]},"product_brand":[],"product_cat":[181],"product_tag":[],"marca":[182],"class_list":{"0":"post-6050","1":"product","2":"type-product","3":"status-publish","5":"product_cat-filtros","6":"marca-solberg","8":"first","9":"instock","10":"shipping-taxable","11":"product-type-simple"},"yoast_head":"<!-- This site is optimized with the Yoast SEO plugin v27.2 - https:\/\/yoast.com\/product\/yoast-seo-wordpress\/ -->\n<title>Solberg FS-05-050 Filtro - Full Solutions<\/title>\n<meta name=\"robots\" content=\"index, follow, max-snippet:-1, max-image-preview:large, max-video-preview:-1\" \/>\n<link rel=\"canonical\" href=\"https:\/\/fullsolutions.info\/en\/product\/solberg-fs-05-050\/\" \/>\n<meta property=\"og:locale\" content=\"en_US\" \/>\n<meta property=\"og:type\" content=\"article\" \/>\n<meta property=\"og:title\" content=\"Solberg FS-05-050 Filtro - Full Solutions\" \/>\n<meta property=\"og:description\" content=\"Aplica\u00e7\u00f5es T\u00edpicas Filtro de entrada de ar para sopradores (blowers) de pequeno porte. Uso em compressores de ar compactos e pequenas ferramentas pneum\u00e1ticas. Ventiladores industriais menores e sistemas de ventila\u00e7\u00e3o com admiss\u00e3o reduzida. Sistemas pneum\u00e1ticos leves e respiros hidr\u00e1ulicos finos que exigem ar limpo com baixas altera\u00e7\u00f5es ac\u00fasticas. Oficinas e ambientes industriais que precisam de filtragem + redu\u00e7\u00e3o de ru\u00eddo em linhas de ar pequenas.\" \/>\n<meta property=\"og:url\" content=\"https:\/\/fullsolutions.info\/en\/product\/solberg-fs-05-050\/\" \/>\n<meta property=\"og:site_name\" content=\"Full Solutions\" \/>\n<meta property=\"article:modified_time\" content=\"2026-02-10T17:01:28+00:00\" \/>\n<meta name=\"twitter:card\" content=\"summary_large_image\" \/>\n<script type=\"application\/ld+json\" class=\"yoast-schema-graph\">{\"@context\":\"https:\/\/schema.org\",\"@graph\":[{\"@type\":\"WebPage\",\"@id\":\"https:\/\/fullsolutions.info\/produto\/solberg-fs-05-050\/\",\"url\":\"https:\/\/fullsolutions.info\/produto\/solberg-fs-05-050\/\",\"name\":\"Solberg FS-05-050 Filtro - Full Solutions\",\"isPartOf\":{\"@id\":\"https:\/\/fullsolutions.info\/#website\"},\"datePublished\":\"2026-02-09T17:43:07+00:00\",\"dateModified\":\"2026-02-10T17:01:28+00:00\",\"breadcrumb\":{\"@id\":\"https:\/\/fullsolutions.info\/produto\/solberg-fs-05-050\/#breadcrumb\"},\"inLanguage\":\"en-US\",\"potentialAction\":[{\"@type\":\"ReadAction\",\"target\":[\"https:\/\/fullsolutions.info\/produto\/solberg-fs-05-050\/\"]}]},{\"@type\":\"BreadcrumbList\",\"@id\":\"https:\/\/fullsolutions.info\/produto\/solberg-fs-05-050\/#breadcrumb\",\"itemListElement\":[{\"@type\":\"ListItem\",\"position\":1,\"name\":\"In\u00edcio\",\"item\":\"https:\/\/fullsolutions.info\/\"},{\"@type\":\"ListItem\",\"position\":2,\"name\":\"Produtos\",\"item\":\"https:\/\/fullsolutions.info\/shop\/\"},{\"@type\":\"ListItem\",\"position\":3,\"name\":\"Solberg FS-05-050 Filtro\"}]},{\"@type\":\"WebSite\",\"@id\":\"https:\/\/fullsolutions.info\/#website\",\"url\":\"https:\/\/fullsolutions.info\/\",\"name\":\"Full Solutions\",\"description\":\"Empresa na \u00c1rea de Procurement\",\"publisher\":{\"@id\":\"https:\/\/fullsolutions.info\/#organization\"},\"potentialAction\":[{\"@type\":\"SearchAction\",\"target\":{\"@type\":\"EntryPoint\",\"urlTemplate\":\"https:\/\/fullsolutions.info\/?s={search_term_string}\"},\"query-input\":{\"@type\":\"PropertyValueSpecification\",\"valueRequired\":true,\"valueName\":\"search_term_string\"}}],\"inLanguage\":\"en-US\"},{\"@type\":\"Organization\",\"@id\":\"https:\/\/fullsolutions.info\/#organization\",\"name\":\"Full Solutions\",\"url\":\"https:\/\/fullsolutions.info\/\",\"logo\":{\"@type\":\"ImageObject\",\"inLanguage\":\"en-US\",\"@id\":\"https:\/\/fullsolutions.info\/#\/schema\/logo\/image\/\",\"url\":\"https:\/\/mlhff0prgoxu.i.optimole.com\/cb:s0sM.767\/w:auto\/h:auto\/q:mauto\/f:best\/https:\/\/fullsolutions.info\/wp-content\/uploads\/2021\/07\/cropped-Design-sem-nome-300x193-1-e1627062664782.png\",\"contentUrl\":\"https:\/\/mlhff0prgoxu.i.optimole.com\/cb:s0sM.767\/w:auto\/h:auto\/q:mauto\/f:best\/https:\/\/fullsolutions.info\/wp-content\/uploads\/2021\/07\/cropped-Design-sem-nome-300x193-1-e1627062664782.png\",\"width\":202,\"height\":155,\"caption\":\"Full Solutions\"},\"image\":{\"@id\":\"https:\/\/fullsolutions.info\/#\/schema\/logo\/image\/\"},\"sameAs\":[\"https:\/\/www.linkedin.com\/company\/full-solutions-equipment\"]}]}<\/script>\n<!-- \/ Yoast SEO plugin. -->","yoast_head_json":{"title":"Solberg FS-05-050 Filtro - Full Solutions","robots":{"index":"index","follow":"follow","max-snippet":"max-snippet:-1","max-image-preview":"max-image-preview:large","max-video-preview":"max-video-preview:-1"},"canonical":"https:\/\/fullsolutions.info\/en\/product\/solberg-fs-05-050\/","og_locale":"en_US","og_type":"article","og_title":"Solberg FS-05-050 Filtro - Full Solutions","og_description":"Aplica\u00e7\u00f5es T\u00edpicas Filtro de entrada de ar para sopradores (blowers) de pequeno porte. Uso em compressores de ar compactos e pequenas ferramentas pneum\u00e1ticas. Ventiladores industriais menores e sistemas de ventila\u00e7\u00e3o com admiss\u00e3o reduzida. Sistemas pneum\u00e1ticos leves e respiros hidr\u00e1ulicos finos que exigem ar limpo com baixas altera\u00e7\u00f5es ac\u00fasticas. Oficinas e ambientes industriais que precisam de filtragem + redu\u00e7\u00e3o de ru\u00eddo em linhas de ar pequenas.","og_url":"https:\/\/fullsolutions.info\/en\/product\/solberg-fs-05-050\/","og_site_name":"Full Solutions","article_modified_time":"2026-02-10T17:01:28+00:00","twitter_card":"summary_large_image","schema":{"@context":"https:\/\/schema.org","@graph":[{"@type":"WebPage","@id":"https:\/\/fullsolutions.info\/produto\/solberg-fs-05-050\/","url":"https:\/\/fullsolutions.info\/produto\/solberg-fs-05-050\/","name":"Solberg FS-05-050 Filtro - Full Solutions","isPartOf":{"@id":"https:\/\/fullsolutions.info\/#website"},"datePublished":"2026-02-09T17:43:07+00:00","dateModified":"2026-02-10T17:01:28+00:00","breadcrumb":{"@id":"https:\/\/fullsolutions.info\/produto\/solberg-fs-05-050\/#breadcrumb"},"inLanguage":"en-US","potentialAction":[{"@type":"ReadAction","target":["https:\/\/fullsolutions.info\/produto\/solberg-fs-05-050\/"]}]},{"@type":"BreadcrumbList","@id":"https:\/\/fullsolutions.info\/produto\/solberg-fs-05-050\/#breadcrumb","itemListElement":[{"@type":"ListItem","position":1,"name":"In\u00edcio","item":"https:\/\/fullsolutions.info\/"},{"@type":"ListItem","position":2,"name":"Produtos","item":"https:\/\/fullsolutions.info\/shop\/"},{"@type":"ListItem","position":3,"name":"Solberg FS-05-050 Filtro"}]},{"@type":"WebSite","@id":"https:\/\/fullsolutions.info\/#website","url":"https:\/\/fullsolutions.info\/","name":"Full Solutions","description":"Empresa na \u00c1rea de Procurement","publisher":{"@id":"https:\/\/fullsolutions.info\/#organization"},"potentialAction":[{"@type":"SearchAction","target":{"@type":"EntryPoint","urlTemplate":"https:\/\/fullsolutions.info\/?s={search_term_string}"},"query-input":{"@type":"PropertyValueSpecification","valueRequired":true,"valueName":"search_term_string"}}],"inLanguage":"en-US"},{"@type":"Organization","@id":"https:\/\/fullsolutions.info\/#organization","name":"Full Solutions","url":"https:\/\/fullsolutions.info\/","logo":{"@type":"ImageObject","inLanguage":"en-US","@id":"https:\/\/fullsolutions.info\/#\/schema\/logo\/image\/","url":"https:\/\/mlhff0prgoxu.i.optimole.com\/cb:s0sM.767\/w:auto\/h:auto\/q:mauto\/f:best\/https:\/\/fullsolutions.info\/wp-content\/uploads\/2021\/07\/cropped-Design-sem-nome-300x193-1-e1627062664782.png","contentUrl":"https:\/\/mlhff0prgoxu.i.optimole.com\/cb:s0sM.767\/w:auto\/h:auto\/q:mauto\/f:best\/https:\/\/fullsolutions.info\/wp-content\/uploads\/2021\/07\/cropped-Design-sem-nome-300x193-1-e1627062664782.png","width":202,"height":155,"caption":"Full Solutions"},"image":{"@id":"https:\/\/fullsolutions.info\/#\/schema\/logo\/image\/"},"sameAs":["https:\/\/www.linkedin.com\/company\/full-solutions-equipment"]}]}},"_links":{"self":[{"href":"https:\/\/fullsolutions.info\/en\/wp-json\/wp\/v2\/product\/6050","targetHints":{"allow":["GET"]}}],"collection":[{"href":"https:\/\/fullsolutions.info\/en\/wp-json\/wp\/v2\/product"}],"about":[{"href":"https:\/\/fullsolutions.info\/en\/wp-json\/wp\/v2\/types\/product"}],"replies":[{"embeddable":true,"href":"https:\/\/fullsolutions.info\/en\/wp-json\/wp\/v2\/comments?post=6050"}],"wp:attachment":[{"href":"https:\/\/fullsolutions.info\/en\/wp-json\/wp\/v2\/media?parent=6050"}],"wp:term":[{"taxonomy":"product_brand","embeddable":true,"href":"https:\/\/fullsolutions.info\/en\/wp-json\/wp\/v2\/product_brand?post=6050"},{"taxonomy":"product_cat","embeddable":true,"href":"https:\/\/fullsolutions.info\/en\/wp-json\/wp\/v2\/product_cat?post=6050"},{"taxonomy":"product_tag","embeddable":true,"href":"https:\/\/fullsolutions.info\/en\/wp-json\/wp\/v2\/product_tag?post=6050"},{"taxonomy":"marca","embeddable":true,"href":"https:\/\/fullsolutions.info\/en\/wp-json\/wp\/v2\/marca?post=6050"}],"curies":[{"name":"wp","href":"https:\/\/api.w.org\/{rel}","templated":true}]}}