{"id":5951,"date":"2026-02-09T11:03:31","date_gmt":"2026-02-09T14:03:31","guid":{"rendered":"https:\/\/fullsolutions.info\/?post_type=product&#038;p=5951"},"modified":"2026-04-14T14:14:18","modified_gmt":"2026-04-14T17:14:18","slug":"vegabox-03","status":"publish","type":"product","link":"https:\/\/fullsolutions.info\/en\/product\/vegabox-03\/","title":{"rendered":"VEGABOX 03"},"content":{"rendered":"<p>Inv\u00f3lucro de equaliza\u00e7\u00e3o de press\u00e3o com filtro de ventila\u00e7\u00e3o<\/p>\n<p>A sonda de n\u00edvel VEGAWELL 52 mede n\u00edvel em po\u00e7os, esta\u00e7\u00f5es de tratamento de esgoto e aplica\u00e7\u00f5es similares. Al\u00e9m disso, ela se conecta ao sistema de controle central por meio do inv\u00f3lucro de equaliza\u00e7\u00e3o de press\u00e3o VEGABOX 03.<\/p>\n<p>O VEGABOX 03 compensa varia\u00e7\u00f5es da press\u00e3o atmosf\u00e9rica causadas por mudan\u00e7as clim\u00e1ticas. Dessa forma, o sistema evita interfer\u00eancias na medi\u00e7\u00e3o de n\u00edvel.<\/p>\n<p>O equipamento permite a entrada da press\u00e3o atmosf\u00e9rica por meio de um filtro. Em seguida, o sistema compensa essa press\u00e3o diretamente na c\u00e9lula de medi\u00e7\u00e3o da sonda.<\/p>\n<p>O inv\u00f3lucro do terminal permite instala\u00e7\u00e3o em locais de f\u00e1cil acesso. Por exemplo, o usu\u00e1rio pode mont\u00e1-lo na parede, em trilho ou em tubo.<\/p>","protected":false},"excerpt":{"rendered":"<p>Inv\u00f3lucro de equaliza\u00e7\u00e3o de press\u00e3o com filtro de ventila\u00e7\u00e3o A sonda de n\u00edvel VEGAWELL 52 mede n\u00edvel em po\u00e7os, esta\u00e7\u00f5es de tratamento de esgoto e aplica\u00e7\u00f5es similares. Al\u00e9m disso, ela se conecta ao sistema de controle central por meio do inv\u00f3lucro de equaliza\u00e7\u00e3o de press\u00e3o VEGABOX 03. O VEGABOX 03 compensa varia\u00e7\u00f5es da press\u00e3o atmosf\u00e9rica causadas por mudan\u00e7as clim\u00e1ticas. Dessa forma, o sistema evita interfer\u00eancias na medi\u00e7\u00e3o de n\u00edvel. O equipamento permite a entrada da press\u00e3o atmosf\u00e9rica por meio de um filtro. Em seguida, o sistema compensa essa press\u00e3o diretamente na c\u00e9lula de medi\u00e7\u00e3o da sonda. O inv\u00f3lucro do terminal permite instala\u00e7\u00e3o em locais de f\u00e1cil acesso. Por exemplo, o usu\u00e1rio pode mont\u00e1-lo na parede, em trilho ou em tubo.<\/p>","protected":false},"featured_media":5952,"comment_status":"open","ping_status":"closed","template":"","meta":{"_joinchat":[]},"product_brand":[],"product_cat":[175],"product_tag":[],"marca":[176],"class_list":{"0":"post-5951","1":"product","2":"type-product","3":"status-publish","4":"has-post-thumbnail","6":"product_cat-medicao","7":"marca-vega","9":"first","10":"instock","11":"shipping-taxable","12":"product-type-simple"},"yoast_head":"<!-- This site is optimized with the Yoast SEO plugin v27.2 - https:\/\/yoast.com\/product\/yoast-seo-wordpress\/ -->\n<title>VEGABOX 03 - Full Solutions<\/title>\n<meta name=\"description\" content=\"VEGABOX 03 \u00e9 um inv\u00f3lucro de equaliza\u00e7\u00e3o de press\u00e3o com filtro de ventila\u00e7\u00e3o, projetado para compensar varia\u00e7\u00f5es atmosf\u00e9ricas em medi\u00e7\u00f5es de n\u00edvel, garantindo maior precis\u00e3o.\" \/>\n<meta name=\"robots\" content=\"index, follow, max-snippet:-1, max-image-preview:large, max-video-preview:-1\" \/>\n<link rel=\"canonical\" href=\"https:\/\/fullsolutions.info\/en\/product\/vegabox-03\/\" \/>\n<meta property=\"og:locale\" content=\"en_US\" \/>\n<meta property=\"og:type\" content=\"article\" \/>\n<meta property=\"og:title\" content=\"VEGABOX 03 - Full Solutions\" \/>\n<meta property=\"og:description\" content=\"VEGABOX 03 \u00e9 um inv\u00f3lucro de equaliza\u00e7\u00e3o de press\u00e3o com filtro de ventila\u00e7\u00e3o, projetado para compensar varia\u00e7\u00f5es atmosf\u00e9ricas em medi\u00e7\u00f5es de n\u00edvel, garantindo maior precis\u00e3o.\" \/>\n<meta property=\"og:url\" content=\"https:\/\/fullsolutions.info\/en\/product\/vegabox-03\/\" \/>\n<meta property=\"og:site_name\" content=\"Full Solutions\" \/>\n<meta property=\"article:modified_time\" content=\"2026-04-14T17:14:18+00:00\" \/>\n<meta property=\"og:image\" content=\"https:\/\/mlhff0prgoxu.i.optimole.com\/cb:s0sM.767\/w:auto\/h:auto\/q:mauto\/f:best\/https:\/\/fullsolutions.info\/wp-content\/uploads\/2026\/02\/F-BOX03-XXIKXNXCX-V01.png\" \/>\n\t<meta property=\"og:image:width\" content=\"549\" \/>\n\t<meta property=\"og:image:height\" content=\"533\" \/>\n\t<meta property=\"og:image:type\" content=\"image\/png\" \/>\n<meta name=\"twitter:card\" content=\"summary_large_image\" \/>\n<meta name=\"twitter:label1\" content=\"Est. reading time\" \/>\n\t<meta name=\"twitter:data1\" content=\"1 minute\" \/>\n<script type=\"application\/ld+json\" class=\"yoast-schema-graph\">{\"@context\":\"https:\/\/schema.org\",\"@graph\":[{\"@type\":\"WebPage\",\"@id\":\"https:\/\/fullsolutions.info\/produto\/vegabox-03\/\",\"url\":\"https:\/\/fullsolutions.info\/produto\/vegabox-03\/\",\"name\":\"VEGABOX 03 - Full Solutions\",\"isPartOf\":{\"@id\":\"https:\/\/fullsolutions.info\/#website\"},\"primaryImageOfPage\":{\"@id\":\"https:\/\/fullsolutions.info\/produto\/vegabox-03\/#primaryimage\"},\"image\":{\"@id\":\"https:\/\/fullsolutions.info\/produto\/vegabox-03\/#primaryimage\"},\"thumbnailUrl\":\"https:\/\/mlhff0prgoxu.i.optimole.com\/cb:s0sM.767\/w:auto\/h:auto\/q:mauto\/f:best\/https:\/\/fullsolutions.info\/wp-content\/uploads\/2026\/02\/F-BOX03-XXIKXNXCX-V01.png\",\"datePublished\":\"2026-02-09T14:03:31+00:00\",\"dateModified\":\"2026-04-14T17:14:18+00:00\",\"description\":\"VEGABOX 03 \u00e9 um inv\u00f3lucro de equaliza\u00e7\u00e3o de press\u00e3o com filtro de ventila\u00e7\u00e3o, projetado para compensar varia\u00e7\u00f5es atmosf\u00e9ricas em medi\u00e7\u00f5es de n\u00edvel, garantindo maior precis\u00e3o.\",\"breadcrumb\":{\"@id\":\"https:\/\/fullsolutions.info\/produto\/vegabox-03\/#breadcrumb\"},\"inLanguage\":\"en-US\",\"potentialAction\":[{\"@type\":\"ReadAction\",\"target\":[\"https:\/\/fullsolutions.info\/produto\/vegabox-03\/\"]}]},{\"@type\":\"ImageObject\",\"inLanguage\":\"en-US\",\"@id\":\"https:\/\/fullsolutions.info\/produto\/vegabox-03\/#primaryimage\",\"url\":\"https:\/\/mlhff0prgoxu.i.optimole.com\/cb:s0sM.767\/w:auto\/h:auto\/q:mauto\/f:best\/https:\/\/fullsolutions.info\/wp-content\/uploads\/2026\/02\/F-BOX03-XXIKXNXCX-V01.png\",\"contentUrl\":\"https:\/\/mlhff0prgoxu.i.optimole.com\/cb:s0sM.767\/w:auto\/h:auto\/q:mauto\/f:best\/https:\/\/fullsolutions.info\/wp-content\/uploads\/2026\/02\/F-BOX03-XXIKXNXCX-V01.png\",\"width\":549,\"height\":533},{\"@type\":\"BreadcrumbList\",\"@id\":\"https:\/\/fullsolutions.info\/produto\/vegabox-03\/#breadcrumb\",\"itemListElement\":[{\"@type\":\"ListItem\",\"position\":1,\"name\":\"In\u00edcio\",\"item\":\"https:\/\/fullsolutions.info\/\"},{\"@type\":\"ListItem\",\"position\":2,\"name\":\"Produtos\",\"item\":\"https:\/\/fullsolutions.info\/shop\/\"},{\"@type\":\"ListItem\",\"position\":3,\"name\":\"VEGABOX 03\"}]},{\"@type\":\"WebSite\",\"@id\":\"https:\/\/fullsolutions.info\/#website\",\"url\":\"https:\/\/fullsolutions.info\/\",\"name\":\"Full Solutions\",\"description\":\"Empresa na \u00c1rea de Procurement\",\"publisher\":{\"@id\":\"https:\/\/fullsolutions.info\/#organization\"},\"potentialAction\":[{\"@type\":\"SearchAction\",\"target\":{\"@type\":\"EntryPoint\",\"urlTemplate\":\"https:\/\/fullsolutions.info\/?s={search_term_string}\"},\"query-input\":{\"@type\":\"PropertyValueSpecification\",\"valueRequired\":true,\"valueName\":\"search_term_string\"}}],\"inLanguage\":\"en-US\"},{\"@type\":\"Organization\",\"@id\":\"https:\/\/fullsolutions.info\/#organization\",\"name\":\"Full Solutions\",\"url\":\"https:\/\/fullsolutions.info\/\",\"logo\":{\"@type\":\"ImageObject\",\"inLanguage\":\"en-US\",\"@id\":\"https:\/\/fullsolutions.info\/#\/schema\/logo\/image\/\",\"url\":\"https:\/\/mlhff0prgoxu.i.optimole.com\/cb:s0sM.767\/w:auto\/h:auto\/q:mauto\/f:best\/https:\/\/fullsolutions.info\/wp-content\/uploads\/2021\/07\/cropped-Design-sem-nome-300x193-1-e1627062664782.png\",\"contentUrl\":\"https:\/\/mlhff0prgoxu.i.optimole.com\/cb:s0sM.767\/w:auto\/h:auto\/q:mauto\/f:best\/https:\/\/fullsolutions.info\/wp-content\/uploads\/2021\/07\/cropped-Design-sem-nome-300x193-1-e1627062664782.png\",\"width\":202,\"height\":155,\"caption\":\"Full Solutions\"},\"image\":{\"@id\":\"https:\/\/fullsolutions.info\/#\/schema\/logo\/image\/\"},\"sameAs\":[\"https:\/\/www.linkedin.com\/company\/full-solutions-equipment\"]}]}<\/script>\n<!-- \/ Yoast SEO plugin. -->","yoast_head_json":{"title":"VEGABOX 03 - Full Solutions","description":"VEGABOX 03 \u00e9 um inv\u00f3lucro de equaliza\u00e7\u00e3o de press\u00e3o com filtro de ventila\u00e7\u00e3o, projetado para compensar varia\u00e7\u00f5es atmosf\u00e9ricas em medi\u00e7\u00f5es de n\u00edvel, garantindo maior precis\u00e3o.","robots":{"index":"index","follow":"follow","max-snippet":"max-snippet:-1","max-image-preview":"max-image-preview:large","max-video-preview":"max-video-preview:-1"},"canonical":"https:\/\/fullsolutions.info\/en\/product\/vegabox-03\/","og_locale":"en_US","og_type":"article","og_title":"VEGABOX 03 - Full Solutions","og_description":"VEGABOX 03 \u00e9 um inv\u00f3lucro de equaliza\u00e7\u00e3o de press\u00e3o com filtro de ventila\u00e7\u00e3o, projetado para compensar varia\u00e7\u00f5es atmosf\u00e9ricas em medi\u00e7\u00f5es de n\u00edvel, garantindo maior precis\u00e3o.","og_url":"https:\/\/fullsolutions.info\/en\/product\/vegabox-03\/","og_site_name":"Full Solutions","article_modified_time":"2026-04-14T17:14:18+00:00","og_image":[{"width":549,"height":533,"url":"https:\/\/mlhff0prgoxu.i.optimole.com\/cb:s0sM.767\/w:auto\/h:auto\/q:mauto\/f:best\/https:\/\/fullsolutions.info\/wp-content\/uploads\/2026\/02\/F-BOX03-XXIKXNXCX-V01.png","type":"image\/png"}],"twitter_card":"summary_large_image","twitter_misc":{"Est. reading time":"1 minute"},"schema":{"@context":"https:\/\/schema.org","@graph":[{"@type":"WebPage","@id":"https:\/\/fullsolutions.info\/produto\/vegabox-03\/","url":"https:\/\/fullsolutions.info\/produto\/vegabox-03\/","name":"VEGABOX 03 - Full Solutions","isPartOf":{"@id":"https:\/\/fullsolutions.info\/#website"},"primaryImageOfPage":{"@id":"https:\/\/fullsolutions.info\/produto\/vegabox-03\/#primaryimage"},"image":{"@id":"https:\/\/fullsolutions.info\/produto\/vegabox-03\/#primaryimage"},"thumbnailUrl":"https:\/\/mlhff0prgoxu.i.optimole.com\/cb:s0sM.767\/w:auto\/h:auto\/q:mauto\/f:best\/https:\/\/fullsolutions.info\/wp-content\/uploads\/2026\/02\/F-BOX03-XXIKXNXCX-V01.png","datePublished":"2026-02-09T14:03:31+00:00","dateModified":"2026-04-14T17:14:18+00:00","description":"VEGABOX 03 \u00e9 um inv\u00f3lucro de equaliza\u00e7\u00e3o de press\u00e3o com filtro de ventila\u00e7\u00e3o, projetado para compensar varia\u00e7\u00f5es atmosf\u00e9ricas em medi\u00e7\u00f5es de n\u00edvel, garantindo maior precis\u00e3o.","breadcrumb":{"@id":"https:\/\/fullsolutions.info\/produto\/vegabox-03\/#breadcrumb"},"inLanguage":"en-US","potentialAction":[{"@type":"ReadAction","target":["https:\/\/fullsolutions.info\/produto\/vegabox-03\/"]}]},{"@type":"ImageObject","inLanguage":"en-US","@id":"https:\/\/fullsolutions.info\/produto\/vegabox-03\/#primaryimage","url":"https:\/\/mlhff0prgoxu.i.optimole.com\/cb:s0sM.767\/w:auto\/h:auto\/q:mauto\/f:best\/https:\/\/fullsolutions.info\/wp-content\/uploads\/2026\/02\/F-BOX03-XXIKXNXCX-V01.png","contentUrl":"https:\/\/mlhff0prgoxu.i.optimole.com\/cb:s0sM.767\/w:auto\/h:auto\/q:mauto\/f:best\/https:\/\/fullsolutions.info\/wp-content\/uploads\/2026\/02\/F-BOX03-XXIKXNXCX-V01.png","width":549,"height":533},{"@type":"BreadcrumbList","@id":"https:\/\/fullsolutions.info\/produto\/vegabox-03\/#breadcrumb","itemListElement":[{"@type":"ListItem","position":1,"name":"In\u00edcio","item":"https:\/\/fullsolutions.info\/"},{"@type":"ListItem","position":2,"name":"Produtos","item":"https:\/\/fullsolutions.info\/shop\/"},{"@type":"ListItem","position":3,"name":"VEGABOX 03"}]},{"@type":"WebSite","@id":"https:\/\/fullsolutions.info\/#website","url":"https:\/\/fullsolutions.info\/","name":"Full Solutions","description":"Empresa na \u00c1rea de Procurement","publisher":{"@id":"https:\/\/fullsolutions.info\/#organization"},"potentialAction":[{"@type":"SearchAction","target":{"@type":"EntryPoint","urlTemplate":"https:\/\/fullsolutions.info\/?s={search_term_string}"},"query-input":{"@type":"PropertyValueSpecification","valueRequired":true,"valueName":"search_term_string"}}],"inLanguage":"en-US"},{"@type":"Organization","@id":"https:\/\/fullsolutions.info\/#organization","name":"Full Solutions","url":"https:\/\/fullsolutions.info\/","logo":{"@type":"ImageObject","inLanguage":"en-US","@id":"https:\/\/fullsolutions.info\/#\/schema\/logo\/image\/","url":"https:\/\/mlhff0prgoxu.i.optimole.com\/cb:s0sM.767\/w:auto\/h:auto\/q:mauto\/f:best\/https:\/\/fullsolutions.info\/wp-content\/uploads\/2021\/07\/cropped-Design-sem-nome-300x193-1-e1627062664782.png","contentUrl":"https:\/\/mlhff0prgoxu.i.optimole.com\/cb:s0sM.767\/w:auto\/h:auto\/q:mauto\/f:best\/https:\/\/fullsolutions.info\/wp-content\/uploads\/2021\/07\/cropped-Design-sem-nome-300x193-1-e1627062664782.png","width":202,"height":155,"caption":"Full Solutions"},"image":{"@id":"https:\/\/fullsolutions.info\/#\/schema\/logo\/image\/"},"sameAs":["https:\/\/www.linkedin.com\/company\/full-solutions-equipment"]}]}},"_links":{"self":[{"href":"https:\/\/fullsolutions.info\/en\/wp-json\/wp\/v2\/product\/5951","targetHints":{"allow":["GET"]}}],"collection":[{"href":"https:\/\/fullsolutions.info\/en\/wp-json\/wp\/v2\/product"}],"about":[{"href":"https:\/\/fullsolutions.info\/en\/wp-json\/wp\/v2\/types\/product"}],"replies":[{"embeddable":true,"href":"https:\/\/fullsolutions.info\/en\/wp-json\/wp\/v2\/comments?post=5951"}],"wp:featuredmedia":[{"embeddable":true,"href":"https:\/\/fullsolutions.info\/en\/wp-json\/wp\/v2\/media\/5952"}],"wp:attachment":[{"href":"https:\/\/fullsolutions.info\/en\/wp-json\/wp\/v2\/media?parent=5951"}],"wp:term":[{"taxonomy":"product_brand","embeddable":true,"href":"https:\/\/fullsolutions.info\/en\/wp-json\/wp\/v2\/product_brand?post=5951"},{"taxonomy":"product_cat","embeddable":true,"href":"https:\/\/fullsolutions.info\/en\/wp-json\/wp\/v2\/product_cat?post=5951"},{"taxonomy":"product_tag","embeddable":true,"href":"https:\/\/fullsolutions.info\/en\/wp-json\/wp\/v2\/product_tag?post=5951"},{"taxonomy":"marca","embeddable":true,"href":"https:\/\/fullsolutions.info\/en\/wp-json\/wp\/v2\/marca?post=5951"}],"curies":[{"name":"wp","href":"https:\/\/api.w.org\/{rel}","templated":true}]}}