{"id":5949,"date":"2026-02-09T10:59:11","date_gmt":"2026-02-09T13:59:11","guid":{"rendered":"https:\/\/fullsolutions.info\/?post_type=product&#038;p=5949"},"modified":"2026-04-14T14:17:32","modified_gmt":"2026-04-14T17:17:32","slug":"vegaconnect","status":"publish","type":"product","link":"https:\/\/fullsolutions.info\/en\/product\/vegaconnect\/","title":{"rendered":"VEGACONNECT"},"content":{"rendered":"<p>O VEGACONNECT \u00e9 um adaptador de interface que permite a comunica\u00e7\u00e3o entre instrumentos de campo VEGA e softwares de configura\u00e7\u00e3o, como o PACTware. Al\u00e9m disso, ele possibilita parametriza\u00e7\u00e3o, diagn\u00f3stico e comissionamento de forma simples e eficiente.<\/p>\n<p>O dispositivo conecta-se diretamente ao sensor ou ao computador por meio de interface USB. Dessa forma, o usu\u00e1rio acessa todos os par\u00e2metros do instrumento com rapidez e precis\u00e3o.<\/p>\n<p>Al\u00e9m disso, o VEGACONNECT suporta comunica\u00e7\u00e3o via HART e outros protocolos compat\u00edveis. Assim, ele garante flexibilidade na integra\u00e7\u00e3o com diferentes equipamentos.<\/p>\n<p>O equipamento possui design compacto e port\u00e1til. Portanto, ele facilita o uso em campo e em ambientes industriais.<\/p>","protected":false},"excerpt":{"rendered":"<p>O VEGACONNECT \u00e9 um adaptador de interface que permite a comunica\u00e7\u00e3o entre instrumentos de campo VEGA e softwares de configura\u00e7\u00e3o, como o PACTware. Al\u00e9m disso, ele possibilita parametriza\u00e7\u00e3o, diagn\u00f3stico e comissionamento de forma simples e eficiente. O dispositivo conecta-se diretamente ao sensor ou ao computador por meio de interface USB. Dessa forma, o usu\u00e1rio acessa todos os par\u00e2metros do instrumento com rapidez e precis\u00e3o. Al\u00e9m disso, o VEGACONNECT suporta comunica\u00e7\u00e3o via HART e outros protocolos compat\u00edveis. Assim, ele garante flexibilidade na integra\u00e7\u00e3o com diferentes equipamentos. O equipamento possui design compacto e port\u00e1til. Portanto, ele facilita o uso em campo e em ambientes industriais.<\/p>","protected":false},"featured_media":5950,"comment_status":"open","ping_status":"closed","template":"","meta":{"_joinchat":[]},"product_brand":[],"product_cat":[175],"product_tag":[],"marca":[176],"class_list":{"0":"post-5949","1":"product","2":"type-product","3":"status-publish","4":"has-post-thumbnail","6":"product_cat-medicao","7":"marca-vega","9":"first","10":"instock","11":"shipping-taxable","12":"product-type-simple"},"yoast_head":"<!-- This site is optimized with the Yoast SEO plugin v27.2 - https:\/\/yoast.com\/product\/yoast-seo-wordpress\/ -->\n<title>VEGACONNECT - Full Solutions<\/title>\n<meta name=\"description\" content=\"VEGACONNECT \u00e9 um adaptador de interface para configura\u00e7\u00e3o e diagn\u00f3stico de instrumentos VEGA, com conex\u00e3o USB, suporte HART e opera\u00e7\u00e3o pr\u00e1tica em campo.\" \/>\n<meta name=\"robots\" content=\"index, follow, max-snippet:-1, max-image-preview:large, max-video-preview:-1\" \/>\n<link rel=\"canonical\" href=\"https:\/\/fullsolutions.info\/en\/product\/vegaconnect\/\" \/>\n<meta property=\"og:locale\" content=\"en_US\" \/>\n<meta property=\"og:type\" content=\"article\" \/>\n<meta property=\"og:title\" content=\"VEGACONNECT - Full Solutions\" \/>\n<meta property=\"og:description\" content=\"VEGACONNECT \u00e9 um adaptador de interface para configura\u00e7\u00e3o e diagn\u00f3stico de instrumentos VEGA, com conex\u00e3o USB, suporte HART e opera\u00e7\u00e3o pr\u00e1tica em campo.\" \/>\n<meta property=\"og:url\" content=\"https:\/\/fullsolutions.info\/en\/product\/vegaconnect\/\" \/>\n<meta property=\"og:site_name\" content=\"Full Solutions\" \/>\n<meta property=\"article:modified_time\" content=\"2026-04-14T17:17:32+00:00\" \/>\n<meta property=\"og:image\" content=\"https:\/\/mlhff0prgoxu.i.optimole.com\/cb:s0sM.767\/w:auto\/h:auto\/q:mauto\/f:best\/https:\/\/fullsolutions.info\/wp-content\/uploads\/2026\/02\/F-VEGACONNECT-Interface-adapter.png\" \/>\n\t<meta property=\"og:image:width\" content=\"549\" \/>\n\t<meta property=\"og:image:height\" content=\"533\" \/>\n\t<meta property=\"og:image:type\" content=\"image\/png\" \/>\n<meta name=\"twitter:card\" content=\"summary_large_image\" \/>\n<meta name=\"twitter:label1\" content=\"Est. reading time\" \/>\n\t<meta name=\"twitter:data1\" content=\"1 minute\" \/>\n<script type=\"application\/ld+json\" class=\"yoast-schema-graph\">{\"@context\":\"https:\/\/schema.org\",\"@graph\":[{\"@type\":\"WebPage\",\"@id\":\"https:\/\/fullsolutions.info\/produto\/vegaconnect\/\",\"url\":\"https:\/\/fullsolutions.info\/produto\/vegaconnect\/\",\"name\":\"VEGACONNECT - Full Solutions\",\"isPartOf\":{\"@id\":\"https:\/\/fullsolutions.info\/#website\"},\"primaryImageOfPage\":{\"@id\":\"https:\/\/fullsolutions.info\/produto\/vegaconnect\/#primaryimage\"},\"image\":{\"@id\":\"https:\/\/fullsolutions.info\/produto\/vegaconnect\/#primaryimage\"},\"thumbnailUrl\":\"https:\/\/mlhff0prgoxu.i.optimole.com\/cb:s0sM.767\/w:auto\/h:auto\/q:mauto\/f:best\/https:\/\/fullsolutions.info\/wp-content\/uploads\/2026\/02\/F-VEGACONNECT-Interface-adapter.png\",\"datePublished\":\"2026-02-09T13:59:11+00:00\",\"dateModified\":\"2026-04-14T17:17:32+00:00\",\"description\":\"VEGACONNECT \u00e9 um adaptador de interface para configura\u00e7\u00e3o e diagn\u00f3stico de instrumentos VEGA, com conex\u00e3o USB, suporte HART e opera\u00e7\u00e3o pr\u00e1tica em campo.\",\"breadcrumb\":{\"@id\":\"https:\/\/fullsolutions.info\/produto\/vegaconnect\/#breadcrumb\"},\"inLanguage\":\"en-US\",\"potentialAction\":[{\"@type\":\"ReadAction\",\"target\":[\"https:\/\/fullsolutions.info\/produto\/vegaconnect\/\"]}]},{\"@type\":\"ImageObject\",\"inLanguage\":\"en-US\",\"@id\":\"https:\/\/fullsolutions.info\/produto\/vegaconnect\/#primaryimage\",\"url\":\"https:\/\/mlhff0prgoxu.i.optimole.com\/cb:s0sM.767\/w:auto\/h:auto\/q:mauto\/f:best\/https:\/\/fullsolutions.info\/wp-content\/uploads\/2026\/02\/F-VEGACONNECT-Interface-adapter.png\",\"contentUrl\":\"https:\/\/mlhff0prgoxu.i.optimole.com\/cb:s0sM.767\/w:auto\/h:auto\/q:mauto\/f:best\/https:\/\/fullsolutions.info\/wp-content\/uploads\/2026\/02\/F-VEGACONNECT-Interface-adapter.png\",\"width\":549,\"height\":533},{\"@type\":\"BreadcrumbList\",\"@id\":\"https:\/\/fullsolutions.info\/produto\/vegaconnect\/#breadcrumb\",\"itemListElement\":[{\"@type\":\"ListItem\",\"position\":1,\"name\":\"In\u00edcio\",\"item\":\"https:\/\/fullsolutions.info\/\"},{\"@type\":\"ListItem\",\"position\":2,\"name\":\"Produtos\",\"item\":\"https:\/\/fullsolutions.info\/shop\/\"},{\"@type\":\"ListItem\",\"position\":3,\"name\":\"VEGACONNECT\"}]},{\"@type\":\"WebSite\",\"@id\":\"https:\/\/fullsolutions.info\/#website\",\"url\":\"https:\/\/fullsolutions.info\/\",\"name\":\"Full Solutions\",\"description\":\"Empresa na \u00c1rea de Procurement\",\"publisher\":{\"@id\":\"https:\/\/fullsolutions.info\/#organization\"},\"potentialAction\":[{\"@type\":\"SearchAction\",\"target\":{\"@type\":\"EntryPoint\",\"urlTemplate\":\"https:\/\/fullsolutions.info\/?s={search_term_string}\"},\"query-input\":{\"@type\":\"PropertyValueSpecification\",\"valueRequired\":true,\"valueName\":\"search_term_string\"}}],\"inLanguage\":\"en-US\"},{\"@type\":\"Organization\",\"@id\":\"https:\/\/fullsolutions.info\/#organization\",\"name\":\"Full Solutions\",\"url\":\"https:\/\/fullsolutions.info\/\",\"logo\":{\"@type\":\"ImageObject\",\"inLanguage\":\"en-US\",\"@id\":\"https:\/\/fullsolutions.info\/#\/schema\/logo\/image\/\",\"url\":\"https:\/\/mlhff0prgoxu.i.optimole.com\/cb:s0sM.767\/w:auto\/h:auto\/q:mauto\/f:best\/https:\/\/fullsolutions.info\/wp-content\/uploads\/2021\/07\/cropped-Design-sem-nome-300x193-1-e1627062664782.png\",\"contentUrl\":\"https:\/\/mlhff0prgoxu.i.optimole.com\/cb:s0sM.767\/w:auto\/h:auto\/q:mauto\/f:best\/https:\/\/fullsolutions.info\/wp-content\/uploads\/2021\/07\/cropped-Design-sem-nome-300x193-1-e1627062664782.png\",\"width\":202,\"height\":155,\"caption\":\"Full Solutions\"},\"image\":{\"@id\":\"https:\/\/fullsolutions.info\/#\/schema\/logo\/image\/\"},\"sameAs\":[\"https:\/\/www.linkedin.com\/company\/full-solutions-equipment\"]}]}<\/script>\n<!-- \/ Yoast SEO plugin. -->","yoast_head_json":{"title":"VEGACONNECT - Full Solutions","description":"VEGACONNECT \u00e9 um adaptador de interface para configura\u00e7\u00e3o e diagn\u00f3stico de instrumentos VEGA, com conex\u00e3o USB, suporte HART e opera\u00e7\u00e3o pr\u00e1tica em campo.","robots":{"index":"index","follow":"follow","max-snippet":"max-snippet:-1","max-image-preview":"max-image-preview:large","max-video-preview":"max-video-preview:-1"},"canonical":"https:\/\/fullsolutions.info\/en\/product\/vegaconnect\/","og_locale":"en_US","og_type":"article","og_title":"VEGACONNECT - Full Solutions","og_description":"VEGACONNECT \u00e9 um adaptador de interface para configura\u00e7\u00e3o e diagn\u00f3stico de instrumentos VEGA, com conex\u00e3o USB, suporte HART e opera\u00e7\u00e3o pr\u00e1tica em campo.","og_url":"https:\/\/fullsolutions.info\/en\/product\/vegaconnect\/","og_site_name":"Full Solutions","article_modified_time":"2026-04-14T17:17:32+00:00","og_image":[{"width":549,"height":533,"url":"https:\/\/mlhff0prgoxu.i.optimole.com\/cb:s0sM.767\/w:auto\/h:auto\/q:mauto\/f:best\/https:\/\/fullsolutions.info\/wp-content\/uploads\/2026\/02\/F-VEGACONNECT-Interface-adapter.png","type":"image\/png"}],"twitter_card":"summary_large_image","twitter_misc":{"Est. reading time":"1 minute"},"schema":{"@context":"https:\/\/schema.org","@graph":[{"@type":"WebPage","@id":"https:\/\/fullsolutions.info\/produto\/vegaconnect\/","url":"https:\/\/fullsolutions.info\/produto\/vegaconnect\/","name":"VEGACONNECT - Full Solutions","isPartOf":{"@id":"https:\/\/fullsolutions.info\/#website"},"primaryImageOfPage":{"@id":"https:\/\/fullsolutions.info\/produto\/vegaconnect\/#primaryimage"},"image":{"@id":"https:\/\/fullsolutions.info\/produto\/vegaconnect\/#primaryimage"},"thumbnailUrl":"https:\/\/mlhff0prgoxu.i.optimole.com\/cb:s0sM.767\/w:auto\/h:auto\/q:mauto\/f:best\/https:\/\/fullsolutions.info\/wp-content\/uploads\/2026\/02\/F-VEGACONNECT-Interface-adapter.png","datePublished":"2026-02-09T13:59:11+00:00","dateModified":"2026-04-14T17:17:32+00:00","description":"VEGACONNECT \u00e9 um adaptador de interface para configura\u00e7\u00e3o e diagn\u00f3stico de instrumentos VEGA, com conex\u00e3o USB, suporte HART e opera\u00e7\u00e3o pr\u00e1tica em campo.","breadcrumb":{"@id":"https:\/\/fullsolutions.info\/produto\/vegaconnect\/#breadcrumb"},"inLanguage":"en-US","potentialAction":[{"@type":"ReadAction","target":["https:\/\/fullsolutions.info\/produto\/vegaconnect\/"]}]},{"@type":"ImageObject","inLanguage":"en-US","@id":"https:\/\/fullsolutions.info\/produto\/vegaconnect\/#primaryimage","url":"https:\/\/mlhff0prgoxu.i.optimole.com\/cb:s0sM.767\/w:auto\/h:auto\/q:mauto\/f:best\/https:\/\/fullsolutions.info\/wp-content\/uploads\/2026\/02\/F-VEGACONNECT-Interface-adapter.png","contentUrl":"https:\/\/mlhff0prgoxu.i.optimole.com\/cb:s0sM.767\/w:auto\/h:auto\/q:mauto\/f:best\/https:\/\/fullsolutions.info\/wp-content\/uploads\/2026\/02\/F-VEGACONNECT-Interface-adapter.png","width":549,"height":533},{"@type":"BreadcrumbList","@id":"https:\/\/fullsolutions.info\/produto\/vegaconnect\/#breadcrumb","itemListElement":[{"@type":"ListItem","position":1,"name":"In\u00edcio","item":"https:\/\/fullsolutions.info\/"},{"@type":"ListItem","position":2,"name":"Produtos","item":"https:\/\/fullsolutions.info\/shop\/"},{"@type":"ListItem","position":3,"name":"VEGACONNECT"}]},{"@type":"WebSite","@id":"https:\/\/fullsolutions.info\/#website","url":"https:\/\/fullsolutions.info\/","name":"Full Solutions","description":"Empresa na \u00c1rea de Procurement","publisher":{"@id":"https:\/\/fullsolutions.info\/#organization"},"potentialAction":[{"@type":"SearchAction","target":{"@type":"EntryPoint","urlTemplate":"https:\/\/fullsolutions.info\/?s={search_term_string}"},"query-input":{"@type":"PropertyValueSpecification","valueRequired":true,"valueName":"search_term_string"}}],"inLanguage":"en-US"},{"@type":"Organization","@id":"https:\/\/fullsolutions.info\/#organization","name":"Full Solutions","url":"https:\/\/fullsolutions.info\/","logo":{"@type":"ImageObject","inLanguage":"en-US","@id":"https:\/\/fullsolutions.info\/#\/schema\/logo\/image\/","url":"https:\/\/mlhff0prgoxu.i.optimole.com\/cb:s0sM.767\/w:auto\/h:auto\/q:mauto\/f:best\/https:\/\/fullsolutions.info\/wp-content\/uploads\/2021\/07\/cropped-Design-sem-nome-300x193-1-e1627062664782.png","contentUrl":"https:\/\/mlhff0prgoxu.i.optimole.com\/cb:s0sM.767\/w:auto\/h:auto\/q:mauto\/f:best\/https:\/\/fullsolutions.info\/wp-content\/uploads\/2021\/07\/cropped-Design-sem-nome-300x193-1-e1627062664782.png","width":202,"height":155,"caption":"Full Solutions"},"image":{"@id":"https:\/\/fullsolutions.info\/#\/schema\/logo\/image\/"},"sameAs":["https:\/\/www.linkedin.com\/company\/full-solutions-equipment"]}]}},"_links":{"self":[{"href":"https:\/\/fullsolutions.info\/en\/wp-json\/wp\/v2\/product\/5949","targetHints":{"allow":["GET"]}}],"collection":[{"href":"https:\/\/fullsolutions.info\/en\/wp-json\/wp\/v2\/product"}],"about":[{"href":"https:\/\/fullsolutions.info\/en\/wp-json\/wp\/v2\/types\/product"}],"replies":[{"embeddable":true,"href":"https:\/\/fullsolutions.info\/en\/wp-json\/wp\/v2\/comments?post=5949"}],"wp:featuredmedia":[{"embeddable":true,"href":"https:\/\/fullsolutions.info\/en\/wp-json\/wp\/v2\/media\/5950"}],"wp:attachment":[{"href":"https:\/\/fullsolutions.info\/en\/wp-json\/wp\/v2\/media?parent=5949"}],"wp:term":[{"taxonomy":"product_brand","embeddable":true,"href":"https:\/\/fullsolutions.info\/en\/wp-json\/wp\/v2\/product_brand?post=5949"},{"taxonomy":"product_cat","embeddable":true,"href":"https:\/\/fullsolutions.info\/en\/wp-json\/wp\/v2\/product_cat?post=5949"},{"taxonomy":"product_tag","embeddable":true,"href":"https:\/\/fullsolutions.info\/en\/wp-json\/wp\/v2\/product_tag?post=5949"},{"taxonomy":"marca","embeddable":true,"href":"https:\/\/fullsolutions.info\/en\/wp-json\/wp\/v2\/marca?post=5949"}],"curies":[{"name":"wp","href":"https:\/\/api.w.org\/{rel}","templated":true}]}}