{"id":5943,"date":"2026-02-09T10:43:08","date_gmt":"2026-02-09T13:43:08","guid":{"rendered":"https:\/\/fullsolutions.info\/?post_type=product&#038;p=5943"},"modified":"2026-04-14T14:25:08","modified_gmt":"2026-04-14T17:25:08","slug":"protecao-contra-sobretensao-b-53-19","status":"publish","type":"product","link":"https:\/\/fullsolutions.info\/en\/product\/protecao-contra-sobretensao-b-53-19\/","title":{"rendered":"Prote\u00e7\u00e3o contra sobretens\u00e3o VEGA B53-19"},"content":{"rendered":"<p data-start=\"92\" data-end=\"298\">O <strong data-start=\"94\" data-end=\"110\">VEGA B 53-19<\/strong> \u00e9 um dispositivo de prote\u00e7\u00e3o contra sobretens\u00e3o para instrumentos de campo e sistemas de automa\u00e7\u00e3o. Al\u00e9m disso, ele protege sinais de medi\u00e7\u00e3o contra picos de tens\u00e3o e descargas el\u00e9tricas.<\/p>\n<p data-start=\"300\" data-end=\"453\">O equipamento desvia surtos el\u00e9tricos para o aterramento de forma controlada. Dessa forma, ele reduz falhas, danos em equipamentos e paradas inesperadas.<\/p>\n<p data-start=\"455\" data-end=\"632\">Al\u00e9m disso, o VEGA B 53-19 aumenta a seguran\u00e7a em ambientes industriais cr\u00edticos. Assim, ele garante maior confiabilidade na opera\u00e7\u00e3o cont\u00ednua de sistemas de controle e medi\u00e7\u00e3o.<\/p>\n<p data-start=\"634\" data-end=\"768\">O dispositivo possui instala\u00e7\u00e3o simples em trilho DIN. Portanto, ele facilita a integra\u00e7\u00e3o em pain\u00e9is el\u00e9tricos e aplica\u00e7\u00f5es de campo.<\/p>","protected":false},"excerpt":{"rendered":"<p>O VEGA B 53-19 \u00e9 um dispositivo de prote\u00e7\u00e3o contra sobretens\u00e3o para instrumentos de campo e sistemas de automa\u00e7\u00e3o. Al\u00e9m disso, ele protege sinais de medi\u00e7\u00e3o contra picos de tens\u00e3o e descargas el\u00e9tricas. O equipamento desvia surtos el\u00e9tricos para o aterramento de forma controlada. Dessa forma, ele reduz falhas, danos em equipamentos e paradas inesperadas. Al\u00e9m disso, o VEGA B 53-19 aumenta a seguran\u00e7a em ambientes industriais cr\u00edticos. Assim, ele garante maior confiabilidade na opera\u00e7\u00e3o cont\u00ednua de sistemas de controle e medi\u00e7\u00e3o. O dispositivo possui instala\u00e7\u00e3o simples em trilho DIN. Portanto, ele facilita a integra\u00e7\u00e3o em pain\u00e9is el\u00e9tricos e aplica\u00e7\u00f5es de campo.<\/p>","protected":false},"featured_media":5944,"comment_status":"open","ping_status":"closed","template":"","meta":{"_joinchat":[]},"product_brand":[],"product_cat":[178],"product_tag":[],"marca":[176],"class_list":{"0":"post-5943","1":"product","2":"type-product","3":"status-publish","4":"has-post-thumbnail","6":"product_cat-sobretensao","7":"marca-vega","9":"first","10":"instock","11":"shipping-taxable","12":"product-type-simple"},"yoast_head":"<!-- This site is optimized with the Yoast SEO plugin v27.2 - https:\/\/yoast.com\/product\/yoast-seo-wordpress\/ -->\n<title>Prote\u00e7\u00e3o contra sobretens\u00e3o VEGA B53-19 - Full Solutions<\/title>\n<meta name=\"description\" content=\"VEGA B 53-19 \u00e9 um dispositivo de prote\u00e7\u00e3o contra sobretens\u00e3o para instrumentos de campo, com desvio de picos el\u00e9tricos e maior seguran\u00e7a operacional\" \/>\n<meta name=\"robots\" content=\"index, follow, max-snippet:-1, max-image-preview:large, max-video-preview:-1\" \/>\n<link rel=\"canonical\" href=\"https:\/\/fullsolutions.info\/en\/product\/protecao-contra-sobretensao-b-53-19\/\" \/>\n<meta property=\"og:locale\" content=\"en_US\" \/>\n<meta property=\"og:type\" content=\"article\" \/>\n<meta property=\"og:title\" content=\"Prote\u00e7\u00e3o contra sobretens\u00e3o VEGA B53-19 - Full Solutions\" \/>\n<meta property=\"og:description\" content=\"VEGA B 53-19 \u00e9 um dispositivo de prote\u00e7\u00e3o contra sobretens\u00e3o para instrumentos de campo, com desvio de picos el\u00e9tricos e maior seguran\u00e7a operacional\" \/>\n<meta property=\"og:url\" content=\"https:\/\/fullsolutions.info\/en\/product\/protecao-contra-sobretensao-b-53-19\/\" \/>\n<meta property=\"og:site_name\" content=\"Full Solutions\" \/>\n<meta property=\"article:modified_time\" content=\"2026-04-14T17:25:08+00:00\" \/>\n<meta property=\"og:image\" content=\"https:\/\/mlhff0prgoxu.i.optimole.com\/cb:s0sM.767\/w:auto\/h:auto\/q:mauto\/f:best\/https:\/\/fullsolutions.info\/wp-content\/uploads\/2026\/02\/F-Ueberspannungsschutz-B53-19-fuer-die-Signalleitung-konduktiver-Messsonden.png\" \/>\n\t<meta property=\"og:image:width\" content=\"549\" \/>\n\t<meta property=\"og:image:height\" content=\"533\" \/>\n\t<meta property=\"og:image:type\" content=\"image\/png\" \/>\n<meta name=\"twitter:card\" content=\"summary_large_image\" \/>\n<meta name=\"twitter:label1\" content=\"Est. reading time\" \/>\n\t<meta name=\"twitter:data1\" content=\"1 minute\" \/>\n<script type=\"application\/ld+json\" class=\"yoast-schema-graph\">{\"@context\":\"https:\/\/schema.org\",\"@graph\":[{\"@type\":\"WebPage\",\"@id\":\"https:\/\/fullsolutions.info\/produto\/protecao-contra-sobretensao-b-53-19\/\",\"url\":\"https:\/\/fullsolutions.info\/produto\/protecao-contra-sobretensao-b-53-19\/\",\"name\":\"Prote\u00e7\u00e3o contra sobretens\u00e3o VEGA B53-19 - Full Solutions\",\"isPartOf\":{\"@id\":\"https:\/\/fullsolutions.info\/#website\"},\"primaryImageOfPage\":{\"@id\":\"https:\/\/fullsolutions.info\/produto\/protecao-contra-sobretensao-b-53-19\/#primaryimage\"},\"image\":{\"@id\":\"https:\/\/fullsolutions.info\/produto\/protecao-contra-sobretensao-b-53-19\/#primaryimage\"},\"thumbnailUrl\":\"https:\/\/mlhff0prgoxu.i.optimole.com\/cb:s0sM.767\/w:auto\/h:auto\/q:mauto\/f:best\/https:\/\/fullsolutions.info\/wp-content\/uploads\/2026\/02\/F-Ueberspannungsschutz-B53-19-fuer-die-Signalleitung-konduktiver-Messsonden.png\",\"datePublished\":\"2026-02-09T13:43:08+00:00\",\"dateModified\":\"2026-04-14T17:25:08+00:00\",\"description\":\"VEGA B 53-19 \u00e9 um dispositivo de prote\u00e7\u00e3o contra sobretens\u00e3o para instrumentos de campo, com desvio de picos el\u00e9tricos e maior seguran\u00e7a operacional\",\"breadcrumb\":{\"@id\":\"https:\/\/fullsolutions.info\/produto\/protecao-contra-sobretensao-b-53-19\/#breadcrumb\"},\"inLanguage\":\"en-US\",\"potentialAction\":[{\"@type\":\"ReadAction\",\"target\":[\"https:\/\/fullsolutions.info\/produto\/protecao-contra-sobretensao-b-53-19\/\"]}]},{\"@type\":\"ImageObject\",\"inLanguage\":\"en-US\",\"@id\":\"https:\/\/fullsolutions.info\/produto\/protecao-contra-sobretensao-b-53-19\/#primaryimage\",\"url\":\"https:\/\/mlhff0prgoxu.i.optimole.com\/cb:s0sM.767\/w:auto\/h:auto\/q:mauto\/f:best\/https:\/\/fullsolutions.info\/wp-content\/uploads\/2026\/02\/F-Ueberspannungsschutz-B53-19-fuer-die-Signalleitung-konduktiver-Messsonden.png\",\"contentUrl\":\"https:\/\/mlhff0prgoxu.i.optimole.com\/cb:s0sM.767\/w:auto\/h:auto\/q:mauto\/f:best\/https:\/\/fullsolutions.info\/wp-content\/uploads\/2026\/02\/F-Ueberspannungsschutz-B53-19-fuer-die-Signalleitung-konduktiver-Messsonden.png\",\"width\":549,\"height\":533},{\"@type\":\"BreadcrumbList\",\"@id\":\"https:\/\/fullsolutions.info\/produto\/protecao-contra-sobretensao-b-53-19\/#breadcrumb\",\"itemListElement\":[{\"@type\":\"ListItem\",\"position\":1,\"name\":\"In\u00edcio\",\"item\":\"https:\/\/fullsolutions.info\/\"},{\"@type\":\"ListItem\",\"position\":2,\"name\":\"Produtos\",\"item\":\"https:\/\/fullsolutions.info\/shop\/\"},{\"@type\":\"ListItem\",\"position\":3,\"name\":\"Prote\u00e7\u00e3o contra sobretens\u00e3o VEGA B53-19\"}]},{\"@type\":\"WebSite\",\"@id\":\"https:\/\/fullsolutions.info\/#website\",\"url\":\"https:\/\/fullsolutions.info\/\",\"name\":\"Full Solutions\",\"description\":\"Empresa na \u00c1rea de Procurement\",\"publisher\":{\"@id\":\"https:\/\/fullsolutions.info\/#organization\"},\"potentialAction\":[{\"@type\":\"SearchAction\",\"target\":{\"@type\":\"EntryPoint\",\"urlTemplate\":\"https:\/\/fullsolutions.info\/?s={search_term_string}\"},\"query-input\":{\"@type\":\"PropertyValueSpecification\",\"valueRequired\":true,\"valueName\":\"search_term_string\"}}],\"inLanguage\":\"en-US\"},{\"@type\":\"Organization\",\"@id\":\"https:\/\/fullsolutions.info\/#organization\",\"name\":\"Full Solutions\",\"url\":\"https:\/\/fullsolutions.info\/\",\"logo\":{\"@type\":\"ImageObject\",\"inLanguage\":\"en-US\",\"@id\":\"https:\/\/fullsolutions.info\/#\/schema\/logo\/image\/\",\"url\":\"https:\/\/mlhff0prgoxu.i.optimole.com\/cb:s0sM.767\/w:auto\/h:auto\/q:mauto\/f:best\/https:\/\/fullsolutions.info\/wp-content\/uploads\/2021\/07\/cropped-Design-sem-nome-300x193-1-e1627062664782.png\",\"contentUrl\":\"https:\/\/mlhff0prgoxu.i.optimole.com\/cb:s0sM.767\/w:auto\/h:auto\/q:mauto\/f:best\/https:\/\/fullsolutions.info\/wp-content\/uploads\/2021\/07\/cropped-Design-sem-nome-300x193-1-e1627062664782.png\",\"width\":202,\"height\":155,\"caption\":\"Full Solutions\"},\"image\":{\"@id\":\"https:\/\/fullsolutions.info\/#\/schema\/logo\/image\/\"},\"sameAs\":[\"https:\/\/www.linkedin.com\/company\/full-solutions-equipment\"]}]}<\/script>\n<!-- \/ Yoast SEO plugin. -->","yoast_head_json":{"title":"Prote\u00e7\u00e3o contra sobretens\u00e3o VEGA B53-19 - Full Solutions","description":"VEGA B 53-19 \u00e9 um dispositivo de prote\u00e7\u00e3o contra sobretens\u00e3o para instrumentos de campo, com desvio de picos el\u00e9tricos e maior seguran\u00e7a operacional","robots":{"index":"index","follow":"follow","max-snippet":"max-snippet:-1","max-image-preview":"max-image-preview:large","max-video-preview":"max-video-preview:-1"},"canonical":"https:\/\/fullsolutions.info\/en\/product\/protecao-contra-sobretensao-b-53-19\/","og_locale":"en_US","og_type":"article","og_title":"Prote\u00e7\u00e3o contra sobretens\u00e3o VEGA B53-19 - Full Solutions","og_description":"VEGA B 53-19 \u00e9 um dispositivo de prote\u00e7\u00e3o contra sobretens\u00e3o para instrumentos de campo, com desvio de picos el\u00e9tricos e maior seguran\u00e7a operacional","og_url":"https:\/\/fullsolutions.info\/en\/product\/protecao-contra-sobretensao-b-53-19\/","og_site_name":"Full Solutions","article_modified_time":"2026-04-14T17:25:08+00:00","og_image":[{"width":549,"height":533,"url":"https:\/\/mlhff0prgoxu.i.optimole.com\/cb:s0sM.767\/w:auto\/h:auto\/q:mauto\/f:best\/https:\/\/fullsolutions.info\/wp-content\/uploads\/2026\/02\/F-Ueberspannungsschutz-B53-19-fuer-die-Signalleitung-konduktiver-Messsonden.png","type":"image\/png"}],"twitter_card":"summary_large_image","twitter_misc":{"Est. reading time":"1 minute"},"schema":{"@context":"https:\/\/schema.org","@graph":[{"@type":"WebPage","@id":"https:\/\/fullsolutions.info\/produto\/protecao-contra-sobretensao-b-53-19\/","url":"https:\/\/fullsolutions.info\/produto\/protecao-contra-sobretensao-b-53-19\/","name":"Prote\u00e7\u00e3o contra sobretens\u00e3o VEGA B53-19 - Full Solutions","isPartOf":{"@id":"https:\/\/fullsolutions.info\/#website"},"primaryImageOfPage":{"@id":"https:\/\/fullsolutions.info\/produto\/protecao-contra-sobretensao-b-53-19\/#primaryimage"},"image":{"@id":"https:\/\/fullsolutions.info\/produto\/protecao-contra-sobretensao-b-53-19\/#primaryimage"},"thumbnailUrl":"https:\/\/mlhff0prgoxu.i.optimole.com\/cb:s0sM.767\/w:auto\/h:auto\/q:mauto\/f:best\/https:\/\/fullsolutions.info\/wp-content\/uploads\/2026\/02\/F-Ueberspannungsschutz-B53-19-fuer-die-Signalleitung-konduktiver-Messsonden.png","datePublished":"2026-02-09T13:43:08+00:00","dateModified":"2026-04-14T17:25:08+00:00","description":"VEGA B 53-19 \u00e9 um dispositivo de prote\u00e7\u00e3o contra sobretens\u00e3o para instrumentos de campo, com desvio de picos el\u00e9tricos e maior seguran\u00e7a operacional","breadcrumb":{"@id":"https:\/\/fullsolutions.info\/produto\/protecao-contra-sobretensao-b-53-19\/#breadcrumb"},"inLanguage":"en-US","potentialAction":[{"@type":"ReadAction","target":["https:\/\/fullsolutions.info\/produto\/protecao-contra-sobretensao-b-53-19\/"]}]},{"@type":"ImageObject","inLanguage":"en-US","@id":"https:\/\/fullsolutions.info\/produto\/protecao-contra-sobretensao-b-53-19\/#primaryimage","url":"https:\/\/mlhff0prgoxu.i.optimole.com\/cb:s0sM.767\/w:auto\/h:auto\/q:mauto\/f:best\/https:\/\/fullsolutions.info\/wp-content\/uploads\/2026\/02\/F-Ueberspannungsschutz-B53-19-fuer-die-Signalleitung-konduktiver-Messsonden.png","contentUrl":"https:\/\/mlhff0prgoxu.i.optimole.com\/cb:s0sM.767\/w:auto\/h:auto\/q:mauto\/f:best\/https:\/\/fullsolutions.info\/wp-content\/uploads\/2026\/02\/F-Ueberspannungsschutz-B53-19-fuer-die-Signalleitung-konduktiver-Messsonden.png","width":549,"height":533},{"@type":"BreadcrumbList","@id":"https:\/\/fullsolutions.info\/produto\/protecao-contra-sobretensao-b-53-19\/#breadcrumb","itemListElement":[{"@type":"ListItem","position":1,"name":"In\u00edcio","item":"https:\/\/fullsolutions.info\/"},{"@type":"ListItem","position":2,"name":"Produtos","item":"https:\/\/fullsolutions.info\/shop\/"},{"@type":"ListItem","position":3,"name":"Prote\u00e7\u00e3o contra sobretens\u00e3o VEGA B53-19"}]},{"@type":"WebSite","@id":"https:\/\/fullsolutions.info\/#website","url":"https:\/\/fullsolutions.info\/","name":"Full Solutions","description":"Empresa na \u00c1rea de Procurement","publisher":{"@id":"https:\/\/fullsolutions.info\/#organization"},"potentialAction":[{"@type":"SearchAction","target":{"@type":"EntryPoint","urlTemplate":"https:\/\/fullsolutions.info\/?s={search_term_string}"},"query-input":{"@type":"PropertyValueSpecification","valueRequired":true,"valueName":"search_term_string"}}],"inLanguage":"en-US"},{"@type":"Organization","@id":"https:\/\/fullsolutions.info\/#organization","name":"Full Solutions","url":"https:\/\/fullsolutions.info\/","logo":{"@type":"ImageObject","inLanguage":"en-US","@id":"https:\/\/fullsolutions.info\/#\/schema\/logo\/image\/","url":"https:\/\/mlhff0prgoxu.i.optimole.com\/cb:s0sM.767\/w:auto\/h:auto\/q:mauto\/f:best\/https:\/\/fullsolutions.info\/wp-content\/uploads\/2021\/07\/cropped-Design-sem-nome-300x193-1-e1627062664782.png","contentUrl":"https:\/\/mlhff0prgoxu.i.optimole.com\/cb:s0sM.767\/w:auto\/h:auto\/q:mauto\/f:best\/https:\/\/fullsolutions.info\/wp-content\/uploads\/2021\/07\/cropped-Design-sem-nome-300x193-1-e1627062664782.png","width":202,"height":155,"caption":"Full Solutions"},"image":{"@id":"https:\/\/fullsolutions.info\/#\/schema\/logo\/image\/"},"sameAs":["https:\/\/www.linkedin.com\/company\/full-solutions-equipment"]}]}},"_links":{"self":[{"href":"https:\/\/fullsolutions.info\/en\/wp-json\/wp\/v2\/product\/5943","targetHints":{"allow":["GET"]}}],"collection":[{"href":"https:\/\/fullsolutions.info\/en\/wp-json\/wp\/v2\/product"}],"about":[{"href":"https:\/\/fullsolutions.info\/en\/wp-json\/wp\/v2\/types\/product"}],"replies":[{"embeddable":true,"href":"https:\/\/fullsolutions.info\/en\/wp-json\/wp\/v2\/comments?post=5943"}],"wp:featuredmedia":[{"embeddable":true,"href":"https:\/\/fullsolutions.info\/en\/wp-json\/wp\/v2\/media\/5944"}],"wp:attachment":[{"href":"https:\/\/fullsolutions.info\/en\/wp-json\/wp\/v2\/media?parent=5943"}],"wp:term":[{"taxonomy":"product_brand","embeddable":true,"href":"https:\/\/fullsolutions.info\/en\/wp-json\/wp\/v2\/product_brand?post=5943"},{"taxonomy":"product_cat","embeddable":true,"href":"https:\/\/fullsolutions.info\/en\/wp-json\/wp\/v2\/product_cat?post=5943"},{"taxonomy":"product_tag","embeddable":true,"href":"https:\/\/fullsolutions.info\/en\/wp-json\/wp\/v2\/product_tag?post=5943"},{"taxonomy":"marca","embeddable":true,"href":"https:\/\/fullsolutions.info\/en\/wp-json\/wp\/v2\/marca?post=5943"}],"curies":[{"name":"wp","href":"https:\/\/api.w.org\/{rel}","templated":true}]}}