{"id":5934,"date":"2026-02-09T10:14:37","date_gmt":"2026-02-09T13:14:37","guid":{"rendered":"https:\/\/fullsolutions.info\/?post_type=product&#038;p=5934"},"modified":"2026-04-14T14:34:25","modified_gmt":"2026-04-14T17:34:25","slug":"vegatrenn-151","status":"publish","type":"product","link":"https:\/\/fullsolutions.info\/en\/product\/vegatrenn-151\/","title":{"rendered":"VEGATRENN 151"},"content":{"rendered":"<p>O VEGA VEGATRENN 151 atua como isolador e condicionador de sinal para instrumentos de campo em sistemas de automa\u00e7\u00e3o industrial. Al\u00e9m disso, ele garante separa\u00e7\u00e3o galv\u00e2nica entre sensores e sistemas de controle.<\/p>\n<p>O equipamento transmite sinais de forma est\u00e1vel e confi\u00e1vel. Dessa forma, ele reduz interfer\u00eancias el\u00e9tricas e melhora a integridade do sinal em ambientes industriais.<\/p>\n<p>Al\u00e9m disso, o VEGATRENN 151 aumenta a precis\u00e3o das medi\u00e7\u00f5es ao minimizar ru\u00eddos no circuito. Assim, ele contribui para maior confiabilidade operacional do sistema.<\/p>\n<p>O dispositivo possui montagem em trilho DIN. Portanto, ele facilita a instala\u00e7\u00e3o em pain\u00e9is el\u00e9tricos e arm\u00e1rios de controle.<\/p>","protected":false},"excerpt":{"rendered":"<p>O VEGA VEGATRENN 151 atua como isolador e condicionador de sinal para instrumentos de campo em sistemas de automa\u00e7\u00e3o industrial. Al\u00e9m disso, ele garante separa\u00e7\u00e3o galv\u00e2nica entre sensores e sistemas de controle. O equipamento transmite sinais de forma est\u00e1vel e confi\u00e1vel. Dessa forma, ele reduz interfer\u00eancias el\u00e9tricas e melhora a integridade do sinal em ambientes industriais. Al\u00e9m disso, o VEGATRENN 151 aumenta a precis\u00e3o das medi\u00e7\u00f5es ao minimizar ru\u00eddos no circuito. Assim, ele contribui para maior confiabilidade operacional do sistema. O dispositivo possui montagem em trilho DIN. Portanto, ele facilita a instala\u00e7\u00e3o em pain\u00e9is el\u00e9tricos e arm\u00e1rios de controle.<\/p>","protected":false},"featured_media":5935,"comment_status":"open","ping_status":"closed","template":"","meta":{"_joinchat":[]},"product_brand":[],"product_cat":[175],"product_tag":[],"marca":[176],"class_list":{"0":"post-5934","1":"product","2":"type-product","3":"status-publish","4":"has-post-thumbnail","6":"product_cat-medicao","7":"marca-vega","9":"first","10":"instock","11":"shipping-taxable","12":"product-type-simple"},"yoast_head":"<!-- This site is optimized with the Yoast SEO plugin v27.2 - https:\/\/yoast.com\/product\/yoast-seo-wordpress\/ -->\n<title>VEGATRENN 151 - Full Solutions<\/title>\n<meta name=\"description\" content=\"VEGA VEGATRENN 151 \u00e9 um isolador e condicionador de sinal para instrumentos de campo, com separa\u00e7\u00e3o galv\u00e2nica e instala\u00e7\u00e3o em trilho DIN.\" \/>\n<meta name=\"robots\" content=\"index, follow, max-snippet:-1, max-image-preview:large, max-video-preview:-1\" \/>\n<link rel=\"canonical\" href=\"https:\/\/fullsolutions.info\/en\/product\/vegatrenn-151\/\" \/>\n<meta property=\"og:locale\" content=\"en_US\" \/>\n<meta property=\"og:type\" content=\"article\" \/>\n<meta property=\"og:title\" content=\"VEGATRENN 151 - Full Solutions\" \/>\n<meta property=\"og:description\" content=\"VEGA VEGATRENN 151 \u00e9 um isolador e condicionador de sinal para instrumentos de campo, com separa\u00e7\u00e3o galv\u00e2nica e instala\u00e7\u00e3o em trilho DIN.\" \/>\n<meta property=\"og:url\" content=\"https:\/\/fullsolutions.info\/en\/product\/vegatrenn-151\/\" \/>\n<meta property=\"og:site_name\" content=\"Full Solutions\" \/>\n<meta property=\"article:modified_time\" content=\"2026-04-14T17:34:25+00:00\" \/>\n<meta property=\"og:image\" content=\"https:\/\/mlhff0prgoxu.i.optimole.com\/cb:s0sM.767\/w:auto\/h:auto\/q:mauto\/f:best\/https:\/\/fullsolutions.info\/wp-content\/uploads\/2026\/02\/F-VEGATRENN151-1.png\" \/>\n\t<meta property=\"og:image:width\" content=\"549\" \/>\n\t<meta property=\"og:image:height\" content=\"533\" \/>\n\t<meta property=\"og:image:type\" content=\"image\/png\" \/>\n<meta name=\"twitter:card\" content=\"summary_large_image\" \/>\n<meta name=\"twitter:label1\" content=\"Est. reading time\" \/>\n\t<meta name=\"twitter:data1\" content=\"1 minute\" \/>\n<script type=\"application\/ld+json\" class=\"yoast-schema-graph\">{\"@context\":\"https:\/\/schema.org\",\"@graph\":[{\"@type\":\"WebPage\",\"@id\":\"https:\/\/fullsolutions.info\/produto\/vegatrenn-151\/\",\"url\":\"https:\/\/fullsolutions.info\/produto\/vegatrenn-151\/\",\"name\":\"VEGATRENN 151 - Full Solutions\",\"isPartOf\":{\"@id\":\"https:\/\/fullsolutions.info\/#website\"},\"primaryImageOfPage\":{\"@id\":\"https:\/\/fullsolutions.info\/produto\/vegatrenn-151\/#primaryimage\"},\"image\":{\"@id\":\"https:\/\/fullsolutions.info\/produto\/vegatrenn-151\/#primaryimage\"},\"thumbnailUrl\":\"https:\/\/mlhff0prgoxu.i.optimole.com\/cb:s0sM.767\/w:auto\/h:auto\/q:mauto\/f:best\/https:\/\/fullsolutions.info\/wp-content\/uploads\/2026\/02\/F-VEGATRENN151-1.png\",\"datePublished\":\"2026-02-09T13:14:37+00:00\",\"dateModified\":\"2026-04-14T17:34:25+00:00\",\"description\":\"VEGA VEGATRENN 151 \u00e9 um isolador e condicionador de sinal para instrumentos de campo, com separa\u00e7\u00e3o galv\u00e2nica e instala\u00e7\u00e3o em trilho DIN.\",\"breadcrumb\":{\"@id\":\"https:\/\/fullsolutions.info\/produto\/vegatrenn-151\/#breadcrumb\"},\"inLanguage\":\"en-US\",\"potentialAction\":[{\"@type\":\"ReadAction\",\"target\":[\"https:\/\/fullsolutions.info\/produto\/vegatrenn-151\/\"]}]},{\"@type\":\"ImageObject\",\"inLanguage\":\"en-US\",\"@id\":\"https:\/\/fullsolutions.info\/produto\/vegatrenn-151\/#primaryimage\",\"url\":\"https:\/\/mlhff0prgoxu.i.optimole.com\/cb:s0sM.767\/w:auto\/h:auto\/q:mauto\/f:best\/https:\/\/fullsolutions.info\/wp-content\/uploads\/2026\/02\/F-VEGATRENN151-1.png\",\"contentUrl\":\"https:\/\/mlhff0prgoxu.i.optimole.com\/cb:s0sM.767\/w:auto\/h:auto\/q:mauto\/f:best\/https:\/\/fullsolutions.info\/wp-content\/uploads\/2026\/02\/F-VEGATRENN151-1.png\",\"width\":549,\"height\":533},{\"@type\":\"BreadcrumbList\",\"@id\":\"https:\/\/fullsolutions.info\/produto\/vegatrenn-151\/#breadcrumb\",\"itemListElement\":[{\"@type\":\"ListItem\",\"position\":1,\"name\":\"In\u00edcio\",\"item\":\"https:\/\/fullsolutions.info\/\"},{\"@type\":\"ListItem\",\"position\":2,\"name\":\"Produtos\",\"item\":\"https:\/\/fullsolutions.info\/shop\/\"},{\"@type\":\"ListItem\",\"position\":3,\"name\":\"VEGATRENN 151\"}]},{\"@type\":\"WebSite\",\"@id\":\"https:\/\/fullsolutions.info\/#website\",\"url\":\"https:\/\/fullsolutions.info\/\",\"name\":\"Full Solutions\",\"description\":\"Empresa na \u00c1rea de Procurement\",\"publisher\":{\"@id\":\"https:\/\/fullsolutions.info\/#organization\"},\"potentialAction\":[{\"@type\":\"SearchAction\",\"target\":{\"@type\":\"EntryPoint\",\"urlTemplate\":\"https:\/\/fullsolutions.info\/?s={search_term_string}\"},\"query-input\":{\"@type\":\"PropertyValueSpecification\",\"valueRequired\":true,\"valueName\":\"search_term_string\"}}],\"inLanguage\":\"en-US\"},{\"@type\":\"Organization\",\"@id\":\"https:\/\/fullsolutions.info\/#organization\",\"name\":\"Full Solutions\",\"url\":\"https:\/\/fullsolutions.info\/\",\"logo\":{\"@type\":\"ImageObject\",\"inLanguage\":\"en-US\",\"@id\":\"https:\/\/fullsolutions.info\/#\/schema\/logo\/image\/\",\"url\":\"https:\/\/mlhff0prgoxu.i.optimole.com\/cb:s0sM.767\/w:auto\/h:auto\/q:mauto\/f:best\/https:\/\/fullsolutions.info\/wp-content\/uploads\/2021\/07\/cropped-Design-sem-nome-300x193-1-e1627062664782.png\",\"contentUrl\":\"https:\/\/mlhff0prgoxu.i.optimole.com\/cb:s0sM.767\/w:auto\/h:auto\/q:mauto\/f:best\/https:\/\/fullsolutions.info\/wp-content\/uploads\/2021\/07\/cropped-Design-sem-nome-300x193-1-e1627062664782.png\",\"width\":202,\"height\":155,\"caption\":\"Full Solutions\"},\"image\":{\"@id\":\"https:\/\/fullsolutions.info\/#\/schema\/logo\/image\/\"},\"sameAs\":[\"https:\/\/www.linkedin.com\/company\/full-solutions-equipment\"]}]}<\/script>\n<!-- \/ Yoast SEO plugin. -->","yoast_head_json":{"title":"VEGATRENN 151 - Full Solutions","description":"VEGA VEGATRENN 151 \u00e9 um isolador e condicionador de sinal para instrumentos de campo, com separa\u00e7\u00e3o galv\u00e2nica e instala\u00e7\u00e3o em trilho DIN.","robots":{"index":"index","follow":"follow","max-snippet":"max-snippet:-1","max-image-preview":"max-image-preview:large","max-video-preview":"max-video-preview:-1"},"canonical":"https:\/\/fullsolutions.info\/en\/product\/vegatrenn-151\/","og_locale":"en_US","og_type":"article","og_title":"VEGATRENN 151 - Full Solutions","og_description":"VEGA VEGATRENN 151 \u00e9 um isolador e condicionador de sinal para instrumentos de campo, com separa\u00e7\u00e3o galv\u00e2nica e instala\u00e7\u00e3o em trilho DIN.","og_url":"https:\/\/fullsolutions.info\/en\/product\/vegatrenn-151\/","og_site_name":"Full Solutions","article_modified_time":"2026-04-14T17:34:25+00:00","og_image":[{"width":549,"height":533,"url":"https:\/\/mlhff0prgoxu.i.optimole.com\/cb:s0sM.767\/w:auto\/h:auto\/q:mauto\/f:best\/https:\/\/fullsolutions.info\/wp-content\/uploads\/2026\/02\/F-VEGATRENN151-1.png","type":"image\/png"}],"twitter_card":"summary_large_image","twitter_misc":{"Est. reading time":"1 minute"},"schema":{"@context":"https:\/\/schema.org","@graph":[{"@type":"WebPage","@id":"https:\/\/fullsolutions.info\/produto\/vegatrenn-151\/","url":"https:\/\/fullsolutions.info\/produto\/vegatrenn-151\/","name":"VEGATRENN 151 - Full Solutions","isPartOf":{"@id":"https:\/\/fullsolutions.info\/#website"},"primaryImageOfPage":{"@id":"https:\/\/fullsolutions.info\/produto\/vegatrenn-151\/#primaryimage"},"image":{"@id":"https:\/\/fullsolutions.info\/produto\/vegatrenn-151\/#primaryimage"},"thumbnailUrl":"https:\/\/mlhff0prgoxu.i.optimole.com\/cb:s0sM.767\/w:auto\/h:auto\/q:mauto\/f:best\/https:\/\/fullsolutions.info\/wp-content\/uploads\/2026\/02\/F-VEGATRENN151-1.png","datePublished":"2026-02-09T13:14:37+00:00","dateModified":"2026-04-14T17:34:25+00:00","description":"VEGA VEGATRENN 151 \u00e9 um isolador e condicionador de sinal para instrumentos de campo, com separa\u00e7\u00e3o galv\u00e2nica e instala\u00e7\u00e3o em trilho DIN.","breadcrumb":{"@id":"https:\/\/fullsolutions.info\/produto\/vegatrenn-151\/#breadcrumb"},"inLanguage":"en-US","potentialAction":[{"@type":"ReadAction","target":["https:\/\/fullsolutions.info\/produto\/vegatrenn-151\/"]}]},{"@type":"ImageObject","inLanguage":"en-US","@id":"https:\/\/fullsolutions.info\/produto\/vegatrenn-151\/#primaryimage","url":"https:\/\/mlhff0prgoxu.i.optimole.com\/cb:s0sM.767\/w:auto\/h:auto\/q:mauto\/f:best\/https:\/\/fullsolutions.info\/wp-content\/uploads\/2026\/02\/F-VEGATRENN151-1.png","contentUrl":"https:\/\/mlhff0prgoxu.i.optimole.com\/cb:s0sM.767\/w:auto\/h:auto\/q:mauto\/f:best\/https:\/\/fullsolutions.info\/wp-content\/uploads\/2026\/02\/F-VEGATRENN151-1.png","width":549,"height":533},{"@type":"BreadcrumbList","@id":"https:\/\/fullsolutions.info\/produto\/vegatrenn-151\/#breadcrumb","itemListElement":[{"@type":"ListItem","position":1,"name":"In\u00edcio","item":"https:\/\/fullsolutions.info\/"},{"@type":"ListItem","position":2,"name":"Produtos","item":"https:\/\/fullsolutions.info\/shop\/"},{"@type":"ListItem","position":3,"name":"VEGATRENN 151"}]},{"@type":"WebSite","@id":"https:\/\/fullsolutions.info\/#website","url":"https:\/\/fullsolutions.info\/","name":"Full Solutions","description":"Empresa na \u00c1rea de Procurement","publisher":{"@id":"https:\/\/fullsolutions.info\/#organization"},"potentialAction":[{"@type":"SearchAction","target":{"@type":"EntryPoint","urlTemplate":"https:\/\/fullsolutions.info\/?s={search_term_string}"},"query-input":{"@type":"PropertyValueSpecification","valueRequired":true,"valueName":"search_term_string"}}],"inLanguage":"en-US"},{"@type":"Organization","@id":"https:\/\/fullsolutions.info\/#organization","name":"Full Solutions","url":"https:\/\/fullsolutions.info\/","logo":{"@type":"ImageObject","inLanguage":"en-US","@id":"https:\/\/fullsolutions.info\/#\/schema\/logo\/image\/","url":"https:\/\/mlhff0prgoxu.i.optimole.com\/cb:s0sM.767\/w:auto\/h:auto\/q:mauto\/f:best\/https:\/\/fullsolutions.info\/wp-content\/uploads\/2021\/07\/cropped-Design-sem-nome-300x193-1-e1627062664782.png","contentUrl":"https:\/\/mlhff0prgoxu.i.optimole.com\/cb:s0sM.767\/w:auto\/h:auto\/q:mauto\/f:best\/https:\/\/fullsolutions.info\/wp-content\/uploads\/2021\/07\/cropped-Design-sem-nome-300x193-1-e1627062664782.png","width":202,"height":155,"caption":"Full Solutions"},"image":{"@id":"https:\/\/fullsolutions.info\/#\/schema\/logo\/image\/"},"sameAs":["https:\/\/www.linkedin.com\/company\/full-solutions-equipment"]}]}},"_links":{"self":[{"href":"https:\/\/fullsolutions.info\/en\/wp-json\/wp\/v2\/product\/5934","targetHints":{"allow":["GET"]}}],"collection":[{"href":"https:\/\/fullsolutions.info\/en\/wp-json\/wp\/v2\/product"}],"about":[{"href":"https:\/\/fullsolutions.info\/en\/wp-json\/wp\/v2\/types\/product"}],"replies":[{"embeddable":true,"href":"https:\/\/fullsolutions.info\/en\/wp-json\/wp\/v2\/comments?post=5934"}],"wp:featuredmedia":[{"embeddable":true,"href":"https:\/\/fullsolutions.info\/en\/wp-json\/wp\/v2\/media\/5935"}],"wp:attachment":[{"href":"https:\/\/fullsolutions.info\/en\/wp-json\/wp\/v2\/media?parent=5934"}],"wp:term":[{"taxonomy":"product_brand","embeddable":true,"href":"https:\/\/fullsolutions.info\/en\/wp-json\/wp\/v2\/product_brand?post=5934"},{"taxonomy":"product_cat","embeddable":true,"href":"https:\/\/fullsolutions.info\/en\/wp-json\/wp\/v2\/product_cat?post=5934"},{"taxonomy":"product_tag","embeddable":true,"href":"https:\/\/fullsolutions.info\/en\/wp-json\/wp\/v2\/product_tag?post=5934"},{"taxonomy":"marca","embeddable":true,"href":"https:\/\/fullsolutions.info\/en\/wp-json\/wp\/v2\/marca?post=5934"}],"curies":[{"name":"wp","href":"https:\/\/api.w.org\/{rel}","templated":true}]}}