{"id":5924,"date":"2026-02-09T09:52:48","date_gmt":"2026-02-09T12:52:48","guid":{"rendered":"https:\/\/fullsolutions.info\/?post_type=product&#038;p=5924"},"modified":"2026-04-14T14:42:49","modified_gmt":"2026-04-14T17:42:49","slug":"adaptador-bluetooth-usb","status":"publish","type":"product","link":"https:\/\/fullsolutions.info\/en\/product\/adaptador-bluetooth-usb\/","title":{"rendered":"VEGA Adaptador Bluetooth USB"},"content":{"rendered":"<p data-start=\"80\" data-end=\"290\">O <strong data-start=\"82\" data-end=\"114\">VEGA Adaptador Bluetooth USB<\/strong> permite a comunica\u00e7\u00e3o sem fio entre instrumentos VEGA e dispositivos como notebooks e tablets. Al\u00e9m disso, ele facilita a configura\u00e7\u00e3o, diagn\u00f3stico e comissionamento em campo.<\/p>\n<p data-start=\"292\" data-end=\"480\">O adaptador converte a comunica\u00e7\u00e3o do instrumento para Bluetooth de forma est\u00e1vel. Dessa forma, o usu\u00e1rio acessa par\u00e2metros e dados do equipamento sem necessidade de conex\u00e3o f\u00edsica direta.<\/p>\n<p data-start=\"482\" data-end=\"653\">Al\u00e9m disso, o VEGA Adaptador Bluetooth USB melhora a mobilidade durante o trabalho em campo. Assim, ele reduz o tempo de manuten\u00e7\u00e3o e simplifica o acesso aos dispositivos.<\/p>","protected":false},"excerpt":{"rendered":"<p>O VEGA Adaptador Bluetooth USB permite a comunica\u00e7\u00e3o sem fio entre instrumentos VEGA e dispositivos como notebooks e tablets. Al\u00e9m disso, ele facilita a configura\u00e7\u00e3o, diagn\u00f3stico e comissionamento em campo. O adaptador converte a comunica\u00e7\u00e3o do instrumento para Bluetooth de forma est\u00e1vel. Dessa forma, o usu\u00e1rio acessa par\u00e2metros e dados do equipamento sem necessidade de conex\u00e3o f\u00edsica direta. Al\u00e9m disso, o VEGA Adaptador Bluetooth USB melhora a mobilidade durante o trabalho em campo. Assim, ele reduz o tempo de manuten\u00e7\u00e3o e simplifica o acesso aos dispositivos.<\/p>","protected":false},"featured_media":5929,"comment_status":"open","ping_status":"closed","template":"","meta":{"_joinchat":[]},"product_brand":[],"product_cat":[177],"product_tag":[],"marca":[176],"class_list":{"0":"post-5924","1":"product","2":"type-product","3":"status-publish","4":"has-post-thumbnail","6":"product_cat-acessorios","7":"marca-vega","9":"first","10":"instock","11":"shipping-taxable","12":"product-type-simple"},"yoast_head":"<!-- This site is optimized with the Yoast SEO plugin v27.2 - https:\/\/yoast.com\/product\/yoast-seo-wordpress\/ -->\n<title>VEGA Adaptador Bluetooth USB - Full Solutions<\/title>\n<meta name=\"description\" content=\"VEGA Adaptador Bluetooth USB para comunica\u00e7\u00e3o sem fio com instrumentos de campo, com configura\u00e7\u00e3o e diagn\u00f3stico remoto e opera\u00e7\u00e3o pr\u00e1tica.\" \/>\n<meta name=\"robots\" content=\"index, follow, max-snippet:-1, max-image-preview:large, max-video-preview:-1\" \/>\n<link rel=\"canonical\" href=\"https:\/\/fullsolutions.info\/en\/product\/adaptador-bluetooth-usb\/\" \/>\n<meta property=\"og:locale\" content=\"en_US\" \/>\n<meta property=\"og:type\" content=\"article\" \/>\n<meta property=\"og:title\" content=\"VEGA Adaptador Bluetooth USB - Full Solutions\" \/>\n<meta property=\"og:description\" content=\"VEGA Adaptador Bluetooth USB para comunica\u00e7\u00e3o sem fio com instrumentos de campo, com configura\u00e7\u00e3o e diagn\u00f3stico remoto e opera\u00e7\u00e3o pr\u00e1tica.\" \/>\n<meta property=\"og:url\" content=\"https:\/\/fullsolutions.info\/en\/product\/adaptador-bluetooth-usb\/\" \/>\n<meta property=\"og:site_name\" content=\"Full Solutions\" \/>\n<meta property=\"article:modified_time\" content=\"2026-04-14T17:42:49+00:00\" \/>\n<meta property=\"og:image\" content=\"https:\/\/mlhff0prgoxu.i.optimole.com\/cb:s0sM.767\/w:auto\/h:auto\/q:mauto\/f:best\/https:\/\/fullsolutions.info\/wp-content\/uploads\/2026\/02\/Bluetooth-USB-adapter.png\" \/>\n\t<meta property=\"og:image:width\" content=\"549\" \/>\n\t<meta property=\"og:image:height\" content=\"533\" \/>\n\t<meta property=\"og:image:type\" content=\"image\/png\" \/>\n<meta name=\"twitter:card\" content=\"summary_large_image\" \/>\n<meta name=\"twitter:label1\" content=\"Est. reading time\" \/>\n\t<meta name=\"twitter:data1\" content=\"1 minute\" \/>\n<script type=\"application\/ld+json\" class=\"yoast-schema-graph\">{\"@context\":\"https:\/\/schema.org\",\"@graph\":[{\"@type\":\"WebPage\",\"@id\":\"https:\/\/fullsolutions.info\/produto\/adaptador-bluetooth-usb\/\",\"url\":\"https:\/\/fullsolutions.info\/produto\/adaptador-bluetooth-usb\/\",\"name\":\"VEGA Adaptador Bluetooth USB - Full Solutions\",\"isPartOf\":{\"@id\":\"https:\/\/fullsolutions.info\/#website\"},\"primaryImageOfPage\":{\"@id\":\"https:\/\/fullsolutions.info\/produto\/adaptador-bluetooth-usb\/#primaryimage\"},\"image\":{\"@id\":\"https:\/\/fullsolutions.info\/produto\/adaptador-bluetooth-usb\/#primaryimage\"},\"thumbnailUrl\":\"https:\/\/mlhff0prgoxu.i.optimole.com\/cb:s0sM.767\/w:auto\/h:auto\/q:mauto\/f:best\/https:\/\/fullsolutions.info\/wp-content\/uploads\/2026\/02\/Bluetooth-USB-adapter.png\",\"datePublished\":\"2026-02-09T12:52:48+00:00\",\"dateModified\":\"2026-04-14T17:42:49+00:00\",\"description\":\"VEGA Adaptador Bluetooth USB para comunica\u00e7\u00e3o sem fio com instrumentos de campo, com configura\u00e7\u00e3o e diagn\u00f3stico remoto e opera\u00e7\u00e3o pr\u00e1tica.\",\"breadcrumb\":{\"@id\":\"https:\/\/fullsolutions.info\/produto\/adaptador-bluetooth-usb\/#breadcrumb\"},\"inLanguage\":\"en-US\",\"potentialAction\":[{\"@type\":\"ReadAction\",\"target\":[\"https:\/\/fullsolutions.info\/produto\/adaptador-bluetooth-usb\/\"]}]},{\"@type\":\"ImageObject\",\"inLanguage\":\"en-US\",\"@id\":\"https:\/\/fullsolutions.info\/produto\/adaptador-bluetooth-usb\/#primaryimage\",\"url\":\"https:\/\/mlhff0prgoxu.i.optimole.com\/cb:s0sM.767\/w:auto\/h:auto\/q:mauto\/f:best\/https:\/\/fullsolutions.info\/wp-content\/uploads\/2026\/02\/Bluetooth-USB-adapter.png\",\"contentUrl\":\"https:\/\/mlhff0prgoxu.i.optimole.com\/cb:s0sM.767\/w:auto\/h:auto\/q:mauto\/f:best\/https:\/\/fullsolutions.info\/wp-content\/uploads\/2026\/02\/Bluetooth-USB-adapter.png\",\"width\":549,\"height\":533},{\"@type\":\"BreadcrumbList\",\"@id\":\"https:\/\/fullsolutions.info\/produto\/adaptador-bluetooth-usb\/#breadcrumb\",\"itemListElement\":[{\"@type\":\"ListItem\",\"position\":1,\"name\":\"In\u00edcio\",\"item\":\"https:\/\/fullsolutions.info\/\"},{\"@type\":\"ListItem\",\"position\":2,\"name\":\"Produtos\",\"item\":\"https:\/\/fullsolutions.info\/shop\/\"},{\"@type\":\"ListItem\",\"position\":3,\"name\":\"VEGA Adaptador Bluetooth USB\"}]},{\"@type\":\"WebSite\",\"@id\":\"https:\/\/fullsolutions.info\/#website\",\"url\":\"https:\/\/fullsolutions.info\/\",\"name\":\"Full Solutions\",\"description\":\"Empresa na \u00c1rea de Procurement\",\"publisher\":{\"@id\":\"https:\/\/fullsolutions.info\/#organization\"},\"potentialAction\":[{\"@type\":\"SearchAction\",\"target\":{\"@type\":\"EntryPoint\",\"urlTemplate\":\"https:\/\/fullsolutions.info\/?s={search_term_string}\"},\"query-input\":{\"@type\":\"PropertyValueSpecification\",\"valueRequired\":true,\"valueName\":\"search_term_string\"}}],\"inLanguage\":\"en-US\"},{\"@type\":\"Organization\",\"@id\":\"https:\/\/fullsolutions.info\/#organization\",\"name\":\"Full Solutions\",\"url\":\"https:\/\/fullsolutions.info\/\",\"logo\":{\"@type\":\"ImageObject\",\"inLanguage\":\"en-US\",\"@id\":\"https:\/\/fullsolutions.info\/#\/schema\/logo\/image\/\",\"url\":\"https:\/\/mlhff0prgoxu.i.optimole.com\/cb:s0sM.767\/w:auto\/h:auto\/q:mauto\/f:best\/https:\/\/fullsolutions.info\/wp-content\/uploads\/2021\/07\/cropped-Design-sem-nome-300x193-1-e1627062664782.png\",\"contentUrl\":\"https:\/\/mlhff0prgoxu.i.optimole.com\/cb:s0sM.767\/w:auto\/h:auto\/q:mauto\/f:best\/https:\/\/fullsolutions.info\/wp-content\/uploads\/2021\/07\/cropped-Design-sem-nome-300x193-1-e1627062664782.png\",\"width\":202,\"height\":155,\"caption\":\"Full Solutions\"},\"image\":{\"@id\":\"https:\/\/fullsolutions.info\/#\/schema\/logo\/image\/\"},\"sameAs\":[\"https:\/\/www.linkedin.com\/company\/full-solutions-equipment\"]}]}<\/script>\n<!-- \/ Yoast SEO plugin. -->","yoast_head_json":{"title":"VEGA Adaptador Bluetooth USB - Full Solutions","description":"VEGA Adaptador Bluetooth USB para comunica\u00e7\u00e3o sem fio com instrumentos de campo, com configura\u00e7\u00e3o e diagn\u00f3stico remoto e opera\u00e7\u00e3o pr\u00e1tica.","robots":{"index":"index","follow":"follow","max-snippet":"max-snippet:-1","max-image-preview":"max-image-preview:large","max-video-preview":"max-video-preview:-1"},"canonical":"https:\/\/fullsolutions.info\/en\/product\/adaptador-bluetooth-usb\/","og_locale":"en_US","og_type":"article","og_title":"VEGA Adaptador Bluetooth USB - Full Solutions","og_description":"VEGA Adaptador Bluetooth USB para comunica\u00e7\u00e3o sem fio com instrumentos de campo, com configura\u00e7\u00e3o e diagn\u00f3stico remoto e opera\u00e7\u00e3o pr\u00e1tica.","og_url":"https:\/\/fullsolutions.info\/en\/product\/adaptador-bluetooth-usb\/","og_site_name":"Full Solutions","article_modified_time":"2026-04-14T17:42:49+00:00","og_image":[{"width":549,"height":533,"url":"https:\/\/mlhff0prgoxu.i.optimole.com\/cb:s0sM.767\/w:auto\/h:auto\/q:mauto\/f:best\/https:\/\/fullsolutions.info\/wp-content\/uploads\/2026\/02\/Bluetooth-USB-adapter.png","type":"image\/png"}],"twitter_card":"summary_large_image","twitter_misc":{"Est. reading time":"1 minute"},"schema":{"@context":"https:\/\/schema.org","@graph":[{"@type":"WebPage","@id":"https:\/\/fullsolutions.info\/produto\/adaptador-bluetooth-usb\/","url":"https:\/\/fullsolutions.info\/produto\/adaptador-bluetooth-usb\/","name":"VEGA Adaptador Bluetooth USB - Full Solutions","isPartOf":{"@id":"https:\/\/fullsolutions.info\/#website"},"primaryImageOfPage":{"@id":"https:\/\/fullsolutions.info\/produto\/adaptador-bluetooth-usb\/#primaryimage"},"image":{"@id":"https:\/\/fullsolutions.info\/produto\/adaptador-bluetooth-usb\/#primaryimage"},"thumbnailUrl":"https:\/\/mlhff0prgoxu.i.optimole.com\/cb:s0sM.767\/w:auto\/h:auto\/q:mauto\/f:best\/https:\/\/fullsolutions.info\/wp-content\/uploads\/2026\/02\/Bluetooth-USB-adapter.png","datePublished":"2026-02-09T12:52:48+00:00","dateModified":"2026-04-14T17:42:49+00:00","description":"VEGA Adaptador Bluetooth USB para comunica\u00e7\u00e3o sem fio com instrumentos de campo, com configura\u00e7\u00e3o e diagn\u00f3stico remoto e opera\u00e7\u00e3o pr\u00e1tica.","breadcrumb":{"@id":"https:\/\/fullsolutions.info\/produto\/adaptador-bluetooth-usb\/#breadcrumb"},"inLanguage":"en-US","potentialAction":[{"@type":"ReadAction","target":["https:\/\/fullsolutions.info\/produto\/adaptador-bluetooth-usb\/"]}]},{"@type":"ImageObject","inLanguage":"en-US","@id":"https:\/\/fullsolutions.info\/produto\/adaptador-bluetooth-usb\/#primaryimage","url":"https:\/\/mlhff0prgoxu.i.optimole.com\/cb:s0sM.767\/w:auto\/h:auto\/q:mauto\/f:best\/https:\/\/fullsolutions.info\/wp-content\/uploads\/2026\/02\/Bluetooth-USB-adapter.png","contentUrl":"https:\/\/mlhff0prgoxu.i.optimole.com\/cb:s0sM.767\/w:auto\/h:auto\/q:mauto\/f:best\/https:\/\/fullsolutions.info\/wp-content\/uploads\/2026\/02\/Bluetooth-USB-adapter.png","width":549,"height":533},{"@type":"BreadcrumbList","@id":"https:\/\/fullsolutions.info\/produto\/adaptador-bluetooth-usb\/#breadcrumb","itemListElement":[{"@type":"ListItem","position":1,"name":"In\u00edcio","item":"https:\/\/fullsolutions.info\/"},{"@type":"ListItem","position":2,"name":"Produtos","item":"https:\/\/fullsolutions.info\/shop\/"},{"@type":"ListItem","position":3,"name":"VEGA Adaptador Bluetooth USB"}]},{"@type":"WebSite","@id":"https:\/\/fullsolutions.info\/#website","url":"https:\/\/fullsolutions.info\/","name":"Full Solutions","description":"Empresa na \u00c1rea de Procurement","publisher":{"@id":"https:\/\/fullsolutions.info\/#organization"},"potentialAction":[{"@type":"SearchAction","target":{"@type":"EntryPoint","urlTemplate":"https:\/\/fullsolutions.info\/?s={search_term_string}"},"query-input":{"@type":"PropertyValueSpecification","valueRequired":true,"valueName":"search_term_string"}}],"inLanguage":"en-US"},{"@type":"Organization","@id":"https:\/\/fullsolutions.info\/#organization","name":"Full Solutions","url":"https:\/\/fullsolutions.info\/","logo":{"@type":"ImageObject","inLanguage":"en-US","@id":"https:\/\/fullsolutions.info\/#\/schema\/logo\/image\/","url":"https:\/\/mlhff0prgoxu.i.optimole.com\/cb:s0sM.767\/w:auto\/h:auto\/q:mauto\/f:best\/https:\/\/fullsolutions.info\/wp-content\/uploads\/2021\/07\/cropped-Design-sem-nome-300x193-1-e1627062664782.png","contentUrl":"https:\/\/mlhff0prgoxu.i.optimole.com\/cb:s0sM.767\/w:auto\/h:auto\/q:mauto\/f:best\/https:\/\/fullsolutions.info\/wp-content\/uploads\/2021\/07\/cropped-Design-sem-nome-300x193-1-e1627062664782.png","width":202,"height":155,"caption":"Full Solutions"},"image":{"@id":"https:\/\/fullsolutions.info\/#\/schema\/logo\/image\/"},"sameAs":["https:\/\/www.linkedin.com\/company\/full-solutions-equipment"]}]}},"_links":{"self":[{"href":"https:\/\/fullsolutions.info\/en\/wp-json\/wp\/v2\/product\/5924","targetHints":{"allow":["GET"]}}],"collection":[{"href":"https:\/\/fullsolutions.info\/en\/wp-json\/wp\/v2\/product"}],"about":[{"href":"https:\/\/fullsolutions.info\/en\/wp-json\/wp\/v2\/types\/product"}],"replies":[{"embeddable":true,"href":"https:\/\/fullsolutions.info\/en\/wp-json\/wp\/v2\/comments?post=5924"}],"wp:featuredmedia":[{"embeddable":true,"href":"https:\/\/fullsolutions.info\/en\/wp-json\/wp\/v2\/media\/5929"}],"wp:attachment":[{"href":"https:\/\/fullsolutions.info\/en\/wp-json\/wp\/v2\/media?parent=5924"}],"wp:term":[{"taxonomy":"product_brand","embeddable":true,"href":"https:\/\/fullsolutions.info\/en\/wp-json\/wp\/v2\/product_brand?post=5924"},{"taxonomy":"product_cat","embeddable":true,"href":"https:\/\/fullsolutions.info\/en\/wp-json\/wp\/v2\/product_cat?post=5924"},{"taxonomy":"product_tag","embeddable":true,"href":"https:\/\/fullsolutions.info\/en\/wp-json\/wp\/v2\/product_tag?post=5924"},{"taxonomy":"marca","embeddable":true,"href":"https:\/\/fullsolutions.info\/en\/wp-json\/wp\/v2\/marca?post=5924"}],"curies":[{"name":"wp","href":"https:\/\/api.w.org\/{rel}","templated":true}]}}