{"id":5922,"date":"2026-02-09T09:50:43","date_gmt":"2026-02-09T12:50:43","guid":{"rendered":"https:\/\/fullsolutions.info\/?post_type=product&#038;p=5922"},"modified":"2026-04-14T14:47:29","modified_gmt":"2026-04-14T17:47:29","slug":"antena-para-rede-movel-vega","status":"publish","type":"product","link":"https:\/\/fullsolutions.info\/en\/product\/antena-para-rede-movel-vega\/","title":{"rendered":"Antena para rede m\u00f3vel &#8211; VEGA"},"content":{"rendered":"<p data-start=\"79\" data-end=\"265\">A <strong data-start=\"81\" data-end=\"112\">VEGA antena para rede m\u00f3vel<\/strong> melhora a qualidade da comunica\u00e7\u00e3o em dispositivos de transmiss\u00e3o remota. Al\u00e9m disso, ela garante maior estabilidade de sinal em aplica\u00e7\u00f5es industriais.<\/p>\n<p data-start=\"267\" data-end=\"405\">A antena otimiza a recep\u00e7\u00e3o e transmiss\u00e3o de dados em redes m\u00f3veis. Dessa forma, ela reduz perdas de comunica\u00e7\u00e3o em \u00e1reas com sinal fraco.<\/p>\n<p data-start=\"407\" data-end=\"555\">Al\u00e9m disso, o equipamento amplia a confiabilidade de sistemas de monitoramento remoto. Assim, ele assegura transmiss\u00e3o cont\u00ednua de dados de medi\u00e7\u00e3o.<\/p>","protected":false},"excerpt":{"rendered":"<p>A VEGA antena para rede m\u00f3vel melhora a qualidade da comunica\u00e7\u00e3o em dispositivos de transmiss\u00e3o remota. Al\u00e9m disso, ela garante maior estabilidade de sinal em aplica\u00e7\u00f5es industriais. A antena otimiza a recep\u00e7\u00e3o e transmiss\u00e3o de dados em redes m\u00f3veis. Dessa forma, ela reduz perdas de comunica\u00e7\u00e3o em \u00e1reas com sinal fraco. Al\u00e9m disso, o equipamento amplia a confiabilidade de sistemas de monitoramento remoto. Assim, ele assegura transmiss\u00e3o cont\u00ednua de dados de medi\u00e7\u00e3o.<\/p>","protected":false},"featured_media":5923,"comment_status":"open","ping_status":"closed","template":"","meta":{"_joinchat":[]},"product_brand":[],"product_cat":[177],"product_tag":[],"marca":[176],"class_list":{"0":"post-5922","1":"product","2":"type-product","3":"status-publish","4":"has-post-thumbnail","6":"product_cat-acessorios","7":"marca-vega","9":"first","10":"instock","11":"shipping-taxable","12":"product-type-simple"},"yoast_head":"<!-- This site is optimized with the Yoast SEO plugin v27.2 - https:\/\/yoast.com\/product\/yoast-seo-wordpress\/ -->\n<title>Antena para rede m\u00f3vel - VEGA - Full Solutions<\/title>\n<meta name=\"description\" content=\"Antena para rede m\u00f3vel para melhoria de sinal em comunica\u00e7\u00e3o industrial, com maior estabilidade, transmiss\u00e3o confi\u00e1vel de dados.\" \/>\n<meta name=\"robots\" content=\"index, follow, max-snippet:-1, max-image-preview:large, max-video-preview:-1\" \/>\n<link rel=\"canonical\" href=\"https:\/\/fullsolutions.info\/en\/product\/antena-para-rede-movel-vega\/\" \/>\n<meta property=\"og:locale\" content=\"en_US\" \/>\n<meta property=\"og:type\" content=\"article\" \/>\n<meta property=\"og:title\" content=\"Antena para rede m\u00f3vel - VEGA - Full Solutions\" \/>\n<meta property=\"og:description\" content=\"Antena para rede m\u00f3vel para melhoria de sinal em comunica\u00e7\u00e3o industrial, com maior estabilidade, transmiss\u00e3o confi\u00e1vel de dados.\" \/>\n<meta property=\"og:url\" content=\"https:\/\/fullsolutions.info\/en\/product\/antena-para-rede-movel-vega\/\" \/>\n<meta property=\"og:site_name\" content=\"Full Solutions\" \/>\n<meta property=\"article:modified_time\" content=\"2026-04-14T17:47:29+00:00\" \/>\n<meta property=\"og:image\" content=\"https:\/\/mlhff0prgoxu.i.optimole.com\/cb:s0sM.767\/w:auto\/h:auto\/q:mauto\/f:best\/https:\/\/fullsolutions.info\/wp-content\/uploads\/2026\/02\/F-Wireless-Antenna.png\" \/>\n\t<meta property=\"og:image:width\" content=\"549\" \/>\n\t<meta property=\"og:image:height\" content=\"533\" \/>\n\t<meta property=\"og:image:type\" content=\"image\/png\" \/>\n<meta name=\"twitter:card\" content=\"summary_large_image\" \/>\n<meta name=\"twitter:label1\" content=\"Est. reading time\" \/>\n\t<meta name=\"twitter:data1\" content=\"1 minute\" \/>\n<script type=\"application\/ld+json\" class=\"yoast-schema-graph\">{\"@context\":\"https:\/\/schema.org\",\"@graph\":[{\"@type\":\"WebPage\",\"@id\":\"https:\/\/fullsolutions.info\/produto\/antena-para-rede-movel-vega\/\",\"url\":\"https:\/\/fullsolutions.info\/produto\/antena-para-rede-movel-vega\/\",\"name\":\"Antena para rede m\u00f3vel - VEGA - Full Solutions\",\"isPartOf\":{\"@id\":\"https:\/\/fullsolutions.info\/#website\"},\"primaryImageOfPage\":{\"@id\":\"https:\/\/fullsolutions.info\/produto\/antena-para-rede-movel-vega\/#primaryimage\"},\"image\":{\"@id\":\"https:\/\/fullsolutions.info\/produto\/antena-para-rede-movel-vega\/#primaryimage\"},\"thumbnailUrl\":\"https:\/\/mlhff0prgoxu.i.optimole.com\/cb:s0sM.767\/w:auto\/h:auto\/q:mauto\/f:best\/https:\/\/fullsolutions.info\/wp-content\/uploads\/2026\/02\/F-Wireless-Antenna.png\",\"datePublished\":\"2026-02-09T12:50:43+00:00\",\"dateModified\":\"2026-04-14T17:47:29+00:00\",\"description\":\"Antena para rede m\u00f3vel para melhoria de sinal em comunica\u00e7\u00e3o industrial, com maior estabilidade, transmiss\u00e3o confi\u00e1vel de dados.\",\"breadcrumb\":{\"@id\":\"https:\/\/fullsolutions.info\/produto\/antena-para-rede-movel-vega\/#breadcrumb\"},\"inLanguage\":\"en-US\",\"potentialAction\":[{\"@type\":\"ReadAction\",\"target\":[\"https:\/\/fullsolutions.info\/produto\/antena-para-rede-movel-vega\/\"]}]},{\"@type\":\"ImageObject\",\"inLanguage\":\"en-US\",\"@id\":\"https:\/\/fullsolutions.info\/produto\/antena-para-rede-movel-vega\/#primaryimage\",\"url\":\"https:\/\/mlhff0prgoxu.i.optimole.com\/cb:s0sM.767\/w:auto\/h:auto\/q:mauto\/f:best\/https:\/\/fullsolutions.info\/wp-content\/uploads\/2026\/02\/F-Wireless-Antenna.png\",\"contentUrl\":\"https:\/\/mlhff0prgoxu.i.optimole.com\/cb:s0sM.767\/w:auto\/h:auto\/q:mauto\/f:best\/https:\/\/fullsolutions.info\/wp-content\/uploads\/2026\/02\/F-Wireless-Antenna.png\",\"width\":549,\"height\":533},{\"@type\":\"BreadcrumbList\",\"@id\":\"https:\/\/fullsolutions.info\/produto\/antena-para-rede-movel-vega\/#breadcrumb\",\"itemListElement\":[{\"@type\":\"ListItem\",\"position\":1,\"name\":\"In\u00edcio\",\"item\":\"https:\/\/fullsolutions.info\/\"},{\"@type\":\"ListItem\",\"position\":2,\"name\":\"Produtos\",\"item\":\"https:\/\/fullsolutions.info\/shop\/\"},{\"@type\":\"ListItem\",\"position\":3,\"name\":\"Antena para rede m\u00f3vel &#8211; VEGA\"}]},{\"@type\":\"WebSite\",\"@id\":\"https:\/\/fullsolutions.info\/#website\",\"url\":\"https:\/\/fullsolutions.info\/\",\"name\":\"Full Solutions\",\"description\":\"Empresa na \u00c1rea de Procurement\",\"publisher\":{\"@id\":\"https:\/\/fullsolutions.info\/#organization\"},\"potentialAction\":[{\"@type\":\"SearchAction\",\"target\":{\"@type\":\"EntryPoint\",\"urlTemplate\":\"https:\/\/fullsolutions.info\/?s={search_term_string}\"},\"query-input\":{\"@type\":\"PropertyValueSpecification\",\"valueRequired\":true,\"valueName\":\"search_term_string\"}}],\"inLanguage\":\"en-US\"},{\"@type\":\"Organization\",\"@id\":\"https:\/\/fullsolutions.info\/#organization\",\"name\":\"Full Solutions\",\"url\":\"https:\/\/fullsolutions.info\/\",\"logo\":{\"@type\":\"ImageObject\",\"inLanguage\":\"en-US\",\"@id\":\"https:\/\/fullsolutions.info\/#\/schema\/logo\/image\/\",\"url\":\"https:\/\/mlhff0prgoxu.i.optimole.com\/cb:s0sM.767\/w:auto\/h:auto\/q:mauto\/f:best\/https:\/\/fullsolutions.info\/wp-content\/uploads\/2021\/07\/cropped-Design-sem-nome-300x193-1-e1627062664782.png\",\"contentUrl\":\"https:\/\/mlhff0prgoxu.i.optimole.com\/cb:s0sM.767\/w:auto\/h:auto\/q:mauto\/f:best\/https:\/\/fullsolutions.info\/wp-content\/uploads\/2021\/07\/cropped-Design-sem-nome-300x193-1-e1627062664782.png\",\"width\":202,\"height\":155,\"caption\":\"Full Solutions\"},\"image\":{\"@id\":\"https:\/\/fullsolutions.info\/#\/schema\/logo\/image\/\"},\"sameAs\":[\"https:\/\/www.linkedin.com\/company\/full-solutions-equipment\"]}]}<\/script>\n<!-- \/ Yoast SEO plugin. -->","yoast_head_json":{"title":"Antena para rede m\u00f3vel - VEGA - Full Solutions","description":"Antena para rede m\u00f3vel para melhoria de sinal em comunica\u00e7\u00e3o industrial, com maior estabilidade, transmiss\u00e3o confi\u00e1vel de dados.","robots":{"index":"index","follow":"follow","max-snippet":"max-snippet:-1","max-image-preview":"max-image-preview:large","max-video-preview":"max-video-preview:-1"},"canonical":"https:\/\/fullsolutions.info\/en\/product\/antena-para-rede-movel-vega\/","og_locale":"en_US","og_type":"article","og_title":"Antena para rede m\u00f3vel - VEGA - Full Solutions","og_description":"Antena para rede m\u00f3vel para melhoria de sinal em comunica\u00e7\u00e3o industrial, com maior estabilidade, transmiss\u00e3o confi\u00e1vel de dados.","og_url":"https:\/\/fullsolutions.info\/en\/product\/antena-para-rede-movel-vega\/","og_site_name":"Full Solutions","article_modified_time":"2026-04-14T17:47:29+00:00","og_image":[{"width":549,"height":533,"url":"https:\/\/mlhff0prgoxu.i.optimole.com\/cb:s0sM.767\/w:auto\/h:auto\/q:mauto\/f:best\/https:\/\/fullsolutions.info\/wp-content\/uploads\/2026\/02\/F-Wireless-Antenna.png","type":"image\/png"}],"twitter_card":"summary_large_image","twitter_misc":{"Est. reading time":"1 minute"},"schema":{"@context":"https:\/\/schema.org","@graph":[{"@type":"WebPage","@id":"https:\/\/fullsolutions.info\/produto\/antena-para-rede-movel-vega\/","url":"https:\/\/fullsolutions.info\/produto\/antena-para-rede-movel-vega\/","name":"Antena para rede m\u00f3vel - VEGA - Full Solutions","isPartOf":{"@id":"https:\/\/fullsolutions.info\/#website"},"primaryImageOfPage":{"@id":"https:\/\/fullsolutions.info\/produto\/antena-para-rede-movel-vega\/#primaryimage"},"image":{"@id":"https:\/\/fullsolutions.info\/produto\/antena-para-rede-movel-vega\/#primaryimage"},"thumbnailUrl":"https:\/\/mlhff0prgoxu.i.optimole.com\/cb:s0sM.767\/w:auto\/h:auto\/q:mauto\/f:best\/https:\/\/fullsolutions.info\/wp-content\/uploads\/2026\/02\/F-Wireless-Antenna.png","datePublished":"2026-02-09T12:50:43+00:00","dateModified":"2026-04-14T17:47:29+00:00","description":"Antena para rede m\u00f3vel para melhoria de sinal em comunica\u00e7\u00e3o industrial, com maior estabilidade, transmiss\u00e3o confi\u00e1vel de dados.","breadcrumb":{"@id":"https:\/\/fullsolutions.info\/produto\/antena-para-rede-movel-vega\/#breadcrumb"},"inLanguage":"en-US","potentialAction":[{"@type":"ReadAction","target":["https:\/\/fullsolutions.info\/produto\/antena-para-rede-movel-vega\/"]}]},{"@type":"ImageObject","inLanguage":"en-US","@id":"https:\/\/fullsolutions.info\/produto\/antena-para-rede-movel-vega\/#primaryimage","url":"https:\/\/mlhff0prgoxu.i.optimole.com\/cb:s0sM.767\/w:auto\/h:auto\/q:mauto\/f:best\/https:\/\/fullsolutions.info\/wp-content\/uploads\/2026\/02\/F-Wireless-Antenna.png","contentUrl":"https:\/\/mlhff0prgoxu.i.optimole.com\/cb:s0sM.767\/w:auto\/h:auto\/q:mauto\/f:best\/https:\/\/fullsolutions.info\/wp-content\/uploads\/2026\/02\/F-Wireless-Antenna.png","width":549,"height":533},{"@type":"BreadcrumbList","@id":"https:\/\/fullsolutions.info\/produto\/antena-para-rede-movel-vega\/#breadcrumb","itemListElement":[{"@type":"ListItem","position":1,"name":"In\u00edcio","item":"https:\/\/fullsolutions.info\/"},{"@type":"ListItem","position":2,"name":"Produtos","item":"https:\/\/fullsolutions.info\/shop\/"},{"@type":"ListItem","position":3,"name":"Antena para rede m\u00f3vel &#8211; VEGA"}]},{"@type":"WebSite","@id":"https:\/\/fullsolutions.info\/#website","url":"https:\/\/fullsolutions.info\/","name":"Full Solutions","description":"Empresa na \u00c1rea de Procurement","publisher":{"@id":"https:\/\/fullsolutions.info\/#organization"},"potentialAction":[{"@type":"SearchAction","target":{"@type":"EntryPoint","urlTemplate":"https:\/\/fullsolutions.info\/?s={search_term_string}"},"query-input":{"@type":"PropertyValueSpecification","valueRequired":true,"valueName":"search_term_string"}}],"inLanguage":"en-US"},{"@type":"Organization","@id":"https:\/\/fullsolutions.info\/#organization","name":"Full Solutions","url":"https:\/\/fullsolutions.info\/","logo":{"@type":"ImageObject","inLanguage":"en-US","@id":"https:\/\/fullsolutions.info\/#\/schema\/logo\/image\/","url":"https:\/\/mlhff0prgoxu.i.optimole.com\/cb:s0sM.767\/w:auto\/h:auto\/q:mauto\/f:best\/https:\/\/fullsolutions.info\/wp-content\/uploads\/2021\/07\/cropped-Design-sem-nome-300x193-1-e1627062664782.png","contentUrl":"https:\/\/mlhff0prgoxu.i.optimole.com\/cb:s0sM.767\/w:auto\/h:auto\/q:mauto\/f:best\/https:\/\/fullsolutions.info\/wp-content\/uploads\/2021\/07\/cropped-Design-sem-nome-300x193-1-e1627062664782.png","width":202,"height":155,"caption":"Full Solutions"},"image":{"@id":"https:\/\/fullsolutions.info\/#\/schema\/logo\/image\/"},"sameAs":["https:\/\/www.linkedin.com\/company\/full-solutions-equipment"]}]}},"_links":{"self":[{"href":"https:\/\/fullsolutions.info\/en\/wp-json\/wp\/v2\/product\/5922","targetHints":{"allow":["GET"]}}],"collection":[{"href":"https:\/\/fullsolutions.info\/en\/wp-json\/wp\/v2\/product"}],"about":[{"href":"https:\/\/fullsolutions.info\/en\/wp-json\/wp\/v2\/types\/product"}],"replies":[{"embeddable":true,"href":"https:\/\/fullsolutions.info\/en\/wp-json\/wp\/v2\/comments?post=5922"}],"wp:featuredmedia":[{"embeddable":true,"href":"https:\/\/fullsolutions.info\/en\/wp-json\/wp\/v2\/media\/5923"}],"wp:attachment":[{"href":"https:\/\/fullsolutions.info\/en\/wp-json\/wp\/v2\/media?parent=5922"}],"wp:term":[{"taxonomy":"product_brand","embeddable":true,"href":"https:\/\/fullsolutions.info\/en\/wp-json\/wp\/v2\/product_brand?post=5922"},{"taxonomy":"product_cat","embeddable":true,"href":"https:\/\/fullsolutions.info\/en\/wp-json\/wp\/v2\/product_cat?post=5922"},{"taxonomy":"product_tag","embeddable":true,"href":"https:\/\/fullsolutions.info\/en\/wp-json\/wp\/v2\/product_tag?post=5922"},{"taxonomy":"marca","embeddable":true,"href":"https:\/\/fullsolutions.info\/en\/wp-json\/wp\/v2\/marca?post=5922"}],"curies":[{"name":"wp","href":"https:\/\/api.w.org\/{rel}","templated":true}]}}