{"id":5917,"date":"2026-02-09T09:32:41","date_gmt":"2026-02-09T12:32:41","guid":{"rendered":"https:\/\/fullsolutions.info\/?post_type=product&#038;p=5917"},"modified":"2026-04-14T14:50:25","modified_gmt":"2026-04-14T17:50:25","slug":"plicsmobile-b81","status":"publish","type":"product","link":"https:\/\/fullsolutions.info\/en\/product\/plicsmobile-b81\/","title":{"rendered":"PLICSMOBILE B81"},"content":{"rendered":"<p data-start=\"103\" data-end=\"320\">O <strong data-start=\"105\" data-end=\"129\">VEGA PLICSMOBILE B81<\/strong> \u00e9 uma unidade de comunica\u00e7\u00e3o m\u00f3vel para transmiss\u00e3o de dados de instrumentos de campo. Al\u00e9m disso, ele permite monitoramento remoto em aplica\u00e7\u00f5es industriais sem infraestrutura fixa de rede.<\/p>\n<p data-start=\"322\" data-end=\"481\">O equipamento transmite valores de medi\u00e7\u00e3o por redes m\u00f3veis de forma cont\u00ednua. Dessa forma, ele garante acesso remoto \u00e0s informa\u00e7\u00f5es do processo em tempo real.<\/p>\n<p data-start=\"483\" data-end=\"654\">Al\u00e9m disso, o PLICSMOBILE B81 suporta opera\u00e7\u00e3o aut\u00f4noma com alimenta\u00e7\u00e3o por bateria ou sistema solar. Assim, ele viabiliza medi\u00e7\u00f5es em locais remotos ou de dif\u00edcil acesso.<\/p>","protected":false},"excerpt":{"rendered":"<p>O VEGA PLICSMOBILE B81 \u00e9 uma unidade de comunica\u00e7\u00e3o m\u00f3vel para transmiss\u00e3o de dados de instrumentos de campo. Al\u00e9m disso, ele permite monitoramento remoto em aplica\u00e7\u00f5es industriais sem infraestrutura fixa de rede. O equipamento transmite valores de medi\u00e7\u00e3o por redes m\u00f3veis de forma cont\u00ednua. Dessa forma, ele garante acesso remoto \u00e0s informa\u00e7\u00f5es do processo em tempo real. Al\u00e9m disso, o PLICSMOBILE B81 suporta opera\u00e7\u00e3o aut\u00f4noma com alimenta\u00e7\u00e3o por bateria ou sistema solar. Assim, ele viabiliza medi\u00e7\u00f5es em locais remotos ou de dif\u00edcil acesso.<\/p>","protected":false},"featured_media":5918,"comment_status":"open","ping_status":"closed","template":"","meta":{"_joinchat":[]},"product_brand":[],"product_cat":[175],"product_tag":[],"marca":[176],"class_list":{"0":"post-5917","1":"product","2":"type-product","3":"status-publish","4":"has-post-thumbnail","6":"product_cat-medicao","7":"marca-vega","9":"first","10":"instock","11":"shipping-taxable","12":"product-type-simple"},"yoast_head":"<!-- This site is optimized with the Yoast SEO plugin v27.2 - https:\/\/yoast.com\/product\/yoast-seo-wordpress\/ -->\n<title>PLICSMOBILE B81 - Full Solutions<\/title>\n<meta name=\"description\" content=\"VEGA PLICSMOBILE B81 \u00e9 uma unidade de comunica\u00e7\u00e3o m\u00f3vel para transmiss\u00e3o de dados de instrumentos de campo, com monitoramento remoto.\" \/>\n<meta name=\"robots\" content=\"index, follow, max-snippet:-1, max-image-preview:large, max-video-preview:-1\" \/>\n<link rel=\"canonical\" href=\"https:\/\/fullsolutions.info\/en\/product\/plicsmobile-b81\/\" \/>\n<meta property=\"og:locale\" content=\"en_US\" \/>\n<meta property=\"og:type\" content=\"article\" \/>\n<meta property=\"og:title\" content=\"PLICSMOBILE B81 - Full Solutions\" \/>\n<meta property=\"og:description\" content=\"VEGA PLICSMOBILE B81 \u00e9 uma unidade de comunica\u00e7\u00e3o m\u00f3vel para transmiss\u00e3o de dados de instrumentos de campo, com monitoramento remoto.\" \/>\n<meta property=\"og:url\" content=\"https:\/\/fullsolutions.info\/en\/product\/plicsmobile-b81\/\" \/>\n<meta property=\"og:site_name\" content=\"Full Solutions\" \/>\n<meta property=\"article:modified_time\" content=\"2026-04-14T17:50:25+00:00\" \/>\n<meta property=\"og:image\" content=\"https:\/\/mlhff0prgoxu.i.optimole.com\/cb:s0sM.767\/w:auto\/h:auto\/q:mauto\/f:best\/https:\/\/fullsolutions.info\/wp-content\/uploads\/2026\/02\/F-PLICSMOBILEB81-Externe-Batterie-oder-Akku-Einheit-fr-PLICSMOBILE.png\" \/>\n\t<meta property=\"og:image:width\" content=\"549\" \/>\n\t<meta property=\"og:image:height\" content=\"533\" \/>\n\t<meta property=\"og:image:type\" content=\"image\/png\" \/>\n<meta name=\"twitter:card\" content=\"summary_large_image\" \/>\n<meta name=\"twitter:label1\" content=\"Est. reading time\" \/>\n\t<meta name=\"twitter:data1\" content=\"1 minute\" \/>\n<script type=\"application\/ld+json\" class=\"yoast-schema-graph\">{\"@context\":\"https:\/\/schema.org\",\"@graph\":[{\"@type\":\"WebPage\",\"@id\":\"https:\/\/fullsolutions.info\/produto\/plicsmobile-b81\/\",\"url\":\"https:\/\/fullsolutions.info\/produto\/plicsmobile-b81\/\",\"name\":\"PLICSMOBILE B81 - Full Solutions\",\"isPartOf\":{\"@id\":\"https:\/\/fullsolutions.info\/#website\"},\"primaryImageOfPage\":{\"@id\":\"https:\/\/fullsolutions.info\/produto\/plicsmobile-b81\/#primaryimage\"},\"image\":{\"@id\":\"https:\/\/fullsolutions.info\/produto\/plicsmobile-b81\/#primaryimage\"},\"thumbnailUrl\":\"https:\/\/mlhff0prgoxu.i.optimole.com\/cb:s0sM.767\/w:auto\/h:auto\/q:mauto\/f:best\/https:\/\/fullsolutions.info\/wp-content\/uploads\/2026\/02\/F-PLICSMOBILEB81-Externe-Batterie-oder-Akku-Einheit-fr-PLICSMOBILE.png\",\"datePublished\":\"2026-02-09T12:32:41+00:00\",\"dateModified\":\"2026-04-14T17:50:25+00:00\",\"description\":\"VEGA PLICSMOBILE B81 \u00e9 uma unidade de comunica\u00e7\u00e3o m\u00f3vel para transmiss\u00e3o de dados de instrumentos de campo, com monitoramento remoto.\",\"breadcrumb\":{\"@id\":\"https:\/\/fullsolutions.info\/produto\/plicsmobile-b81\/#breadcrumb\"},\"inLanguage\":\"en-US\",\"potentialAction\":[{\"@type\":\"ReadAction\",\"target\":[\"https:\/\/fullsolutions.info\/produto\/plicsmobile-b81\/\"]}]},{\"@type\":\"ImageObject\",\"inLanguage\":\"en-US\",\"@id\":\"https:\/\/fullsolutions.info\/produto\/plicsmobile-b81\/#primaryimage\",\"url\":\"https:\/\/mlhff0prgoxu.i.optimole.com\/cb:s0sM.767\/w:auto\/h:auto\/q:mauto\/f:best\/https:\/\/fullsolutions.info\/wp-content\/uploads\/2026\/02\/F-PLICSMOBILEB81-Externe-Batterie-oder-Akku-Einheit-fr-PLICSMOBILE.png\",\"contentUrl\":\"https:\/\/mlhff0prgoxu.i.optimole.com\/cb:s0sM.767\/w:auto\/h:auto\/q:mauto\/f:best\/https:\/\/fullsolutions.info\/wp-content\/uploads\/2026\/02\/F-PLICSMOBILEB81-Externe-Batterie-oder-Akku-Einheit-fr-PLICSMOBILE.png\",\"width\":549,\"height\":533},{\"@type\":\"BreadcrumbList\",\"@id\":\"https:\/\/fullsolutions.info\/produto\/plicsmobile-b81\/#breadcrumb\",\"itemListElement\":[{\"@type\":\"ListItem\",\"position\":1,\"name\":\"In\u00edcio\",\"item\":\"https:\/\/fullsolutions.info\/\"},{\"@type\":\"ListItem\",\"position\":2,\"name\":\"Produtos\",\"item\":\"https:\/\/fullsolutions.info\/shop\/\"},{\"@type\":\"ListItem\",\"position\":3,\"name\":\"PLICSMOBILE B81\"}]},{\"@type\":\"WebSite\",\"@id\":\"https:\/\/fullsolutions.info\/#website\",\"url\":\"https:\/\/fullsolutions.info\/\",\"name\":\"Full Solutions\",\"description\":\"Empresa na \u00c1rea de Procurement\",\"publisher\":{\"@id\":\"https:\/\/fullsolutions.info\/#organization\"},\"potentialAction\":[{\"@type\":\"SearchAction\",\"target\":{\"@type\":\"EntryPoint\",\"urlTemplate\":\"https:\/\/fullsolutions.info\/?s={search_term_string}\"},\"query-input\":{\"@type\":\"PropertyValueSpecification\",\"valueRequired\":true,\"valueName\":\"search_term_string\"}}],\"inLanguage\":\"en-US\"},{\"@type\":\"Organization\",\"@id\":\"https:\/\/fullsolutions.info\/#organization\",\"name\":\"Full Solutions\",\"url\":\"https:\/\/fullsolutions.info\/\",\"logo\":{\"@type\":\"ImageObject\",\"inLanguage\":\"en-US\",\"@id\":\"https:\/\/fullsolutions.info\/#\/schema\/logo\/image\/\",\"url\":\"https:\/\/mlhff0prgoxu.i.optimole.com\/cb:s0sM.767\/w:auto\/h:auto\/q:mauto\/f:best\/https:\/\/fullsolutions.info\/wp-content\/uploads\/2021\/07\/cropped-Design-sem-nome-300x193-1-e1627062664782.png\",\"contentUrl\":\"https:\/\/mlhff0prgoxu.i.optimole.com\/cb:s0sM.767\/w:auto\/h:auto\/q:mauto\/f:best\/https:\/\/fullsolutions.info\/wp-content\/uploads\/2021\/07\/cropped-Design-sem-nome-300x193-1-e1627062664782.png\",\"width\":202,\"height\":155,\"caption\":\"Full Solutions\"},\"image\":{\"@id\":\"https:\/\/fullsolutions.info\/#\/schema\/logo\/image\/\"},\"sameAs\":[\"https:\/\/www.linkedin.com\/company\/full-solutions-equipment\"]}]}<\/script>\n<!-- \/ Yoast SEO plugin. -->","yoast_head_json":{"title":"PLICSMOBILE B81 - Full Solutions","description":"VEGA PLICSMOBILE B81 \u00e9 uma unidade de comunica\u00e7\u00e3o m\u00f3vel para transmiss\u00e3o de dados de instrumentos de campo, com monitoramento remoto.","robots":{"index":"index","follow":"follow","max-snippet":"max-snippet:-1","max-image-preview":"max-image-preview:large","max-video-preview":"max-video-preview:-1"},"canonical":"https:\/\/fullsolutions.info\/en\/product\/plicsmobile-b81\/","og_locale":"en_US","og_type":"article","og_title":"PLICSMOBILE B81 - Full Solutions","og_description":"VEGA PLICSMOBILE B81 \u00e9 uma unidade de comunica\u00e7\u00e3o m\u00f3vel para transmiss\u00e3o de dados de instrumentos de campo, com monitoramento remoto.","og_url":"https:\/\/fullsolutions.info\/en\/product\/plicsmobile-b81\/","og_site_name":"Full Solutions","article_modified_time":"2026-04-14T17:50:25+00:00","og_image":[{"width":549,"height":533,"url":"https:\/\/mlhff0prgoxu.i.optimole.com\/cb:s0sM.767\/w:auto\/h:auto\/q:mauto\/f:best\/https:\/\/fullsolutions.info\/wp-content\/uploads\/2026\/02\/F-PLICSMOBILEB81-Externe-Batterie-oder-Akku-Einheit-fr-PLICSMOBILE.png","type":"image\/png"}],"twitter_card":"summary_large_image","twitter_misc":{"Est. reading time":"1 minute"},"schema":{"@context":"https:\/\/schema.org","@graph":[{"@type":"WebPage","@id":"https:\/\/fullsolutions.info\/produto\/plicsmobile-b81\/","url":"https:\/\/fullsolutions.info\/produto\/plicsmobile-b81\/","name":"PLICSMOBILE B81 - Full Solutions","isPartOf":{"@id":"https:\/\/fullsolutions.info\/#website"},"primaryImageOfPage":{"@id":"https:\/\/fullsolutions.info\/produto\/plicsmobile-b81\/#primaryimage"},"image":{"@id":"https:\/\/fullsolutions.info\/produto\/plicsmobile-b81\/#primaryimage"},"thumbnailUrl":"https:\/\/mlhff0prgoxu.i.optimole.com\/cb:s0sM.767\/w:auto\/h:auto\/q:mauto\/f:best\/https:\/\/fullsolutions.info\/wp-content\/uploads\/2026\/02\/F-PLICSMOBILEB81-Externe-Batterie-oder-Akku-Einheit-fr-PLICSMOBILE.png","datePublished":"2026-02-09T12:32:41+00:00","dateModified":"2026-04-14T17:50:25+00:00","description":"VEGA PLICSMOBILE B81 \u00e9 uma unidade de comunica\u00e7\u00e3o m\u00f3vel para transmiss\u00e3o de dados de instrumentos de campo, com monitoramento remoto.","breadcrumb":{"@id":"https:\/\/fullsolutions.info\/produto\/plicsmobile-b81\/#breadcrumb"},"inLanguage":"en-US","potentialAction":[{"@type":"ReadAction","target":["https:\/\/fullsolutions.info\/produto\/plicsmobile-b81\/"]}]},{"@type":"ImageObject","inLanguage":"en-US","@id":"https:\/\/fullsolutions.info\/produto\/plicsmobile-b81\/#primaryimage","url":"https:\/\/mlhff0prgoxu.i.optimole.com\/cb:s0sM.767\/w:auto\/h:auto\/q:mauto\/f:best\/https:\/\/fullsolutions.info\/wp-content\/uploads\/2026\/02\/F-PLICSMOBILEB81-Externe-Batterie-oder-Akku-Einheit-fr-PLICSMOBILE.png","contentUrl":"https:\/\/mlhff0prgoxu.i.optimole.com\/cb:s0sM.767\/w:auto\/h:auto\/q:mauto\/f:best\/https:\/\/fullsolutions.info\/wp-content\/uploads\/2026\/02\/F-PLICSMOBILEB81-Externe-Batterie-oder-Akku-Einheit-fr-PLICSMOBILE.png","width":549,"height":533},{"@type":"BreadcrumbList","@id":"https:\/\/fullsolutions.info\/produto\/plicsmobile-b81\/#breadcrumb","itemListElement":[{"@type":"ListItem","position":1,"name":"In\u00edcio","item":"https:\/\/fullsolutions.info\/"},{"@type":"ListItem","position":2,"name":"Produtos","item":"https:\/\/fullsolutions.info\/shop\/"},{"@type":"ListItem","position":3,"name":"PLICSMOBILE B81"}]},{"@type":"WebSite","@id":"https:\/\/fullsolutions.info\/#website","url":"https:\/\/fullsolutions.info\/","name":"Full Solutions","description":"Empresa na \u00c1rea de Procurement","publisher":{"@id":"https:\/\/fullsolutions.info\/#organization"},"potentialAction":[{"@type":"SearchAction","target":{"@type":"EntryPoint","urlTemplate":"https:\/\/fullsolutions.info\/?s={search_term_string}"},"query-input":{"@type":"PropertyValueSpecification","valueRequired":true,"valueName":"search_term_string"}}],"inLanguage":"en-US"},{"@type":"Organization","@id":"https:\/\/fullsolutions.info\/#organization","name":"Full Solutions","url":"https:\/\/fullsolutions.info\/","logo":{"@type":"ImageObject","inLanguage":"en-US","@id":"https:\/\/fullsolutions.info\/#\/schema\/logo\/image\/","url":"https:\/\/mlhff0prgoxu.i.optimole.com\/cb:s0sM.767\/w:auto\/h:auto\/q:mauto\/f:best\/https:\/\/fullsolutions.info\/wp-content\/uploads\/2021\/07\/cropped-Design-sem-nome-300x193-1-e1627062664782.png","contentUrl":"https:\/\/mlhff0prgoxu.i.optimole.com\/cb:s0sM.767\/w:auto\/h:auto\/q:mauto\/f:best\/https:\/\/fullsolutions.info\/wp-content\/uploads\/2021\/07\/cropped-Design-sem-nome-300x193-1-e1627062664782.png","width":202,"height":155,"caption":"Full Solutions"},"image":{"@id":"https:\/\/fullsolutions.info\/#\/schema\/logo\/image\/"},"sameAs":["https:\/\/www.linkedin.com\/company\/full-solutions-equipment"]}]}},"_links":{"self":[{"href":"https:\/\/fullsolutions.info\/en\/wp-json\/wp\/v2\/product\/5917","targetHints":{"allow":["GET"]}}],"collection":[{"href":"https:\/\/fullsolutions.info\/en\/wp-json\/wp\/v2\/product"}],"about":[{"href":"https:\/\/fullsolutions.info\/en\/wp-json\/wp\/v2\/types\/product"}],"replies":[{"embeddable":true,"href":"https:\/\/fullsolutions.info\/en\/wp-json\/wp\/v2\/comments?post=5917"}],"wp:featuredmedia":[{"embeddable":true,"href":"https:\/\/fullsolutions.info\/en\/wp-json\/wp\/v2\/media\/5918"}],"wp:attachment":[{"href":"https:\/\/fullsolutions.info\/en\/wp-json\/wp\/v2\/media?parent=5917"}],"wp:term":[{"taxonomy":"product_brand","embeddable":true,"href":"https:\/\/fullsolutions.info\/en\/wp-json\/wp\/v2\/product_brand?post=5917"},{"taxonomy":"product_cat","embeddable":true,"href":"https:\/\/fullsolutions.info\/en\/wp-json\/wp\/v2\/product_cat?post=5917"},{"taxonomy":"product_tag","embeddable":true,"href":"https:\/\/fullsolutions.info\/en\/wp-json\/wp\/v2\/product_tag?post=5917"},{"taxonomy":"marca","embeddable":true,"href":"https:\/\/fullsolutions.info\/en\/wp-json\/wp\/v2\/marca?post=5917"}],"curies":[{"name":"wp","href":"https:\/\/api.w.org\/{rel}","templated":true}]}}