{"id":5910,"date":"2026-02-06T11:00:26","date_gmt":"2026-02-06T14:00:26","guid":{"rendered":"https:\/\/fullsolutions.info\/?post_type=product&#038;p=5910"},"modified":"2026-04-14T14:53:04","modified_gmt":"2026-04-14T17:53:04","slug":"plicsmobile-t81","status":"publish","type":"product","link":"https:\/\/fullsolutions.info\/en\/product\/plicsmobile-t81\/","title":{"rendered":"PLICSMOBILE T81"},"content":{"rendered":"<p data-start=\"72\" data-end=\"270\">O <strong data-start=\"74\" data-end=\"98\">VEGA PLICSMOBILE T81<\/strong> atua como unidade de transmiss\u00e3o para comunica\u00e7\u00e3o m\u00f3vel em sistemas de medi\u00e7\u00e3o. Al\u00e9m disso, ele permite o envio de dados de instrumentos de campo para plataformas remotas.<\/p>\n<p data-start=\"272\" data-end=\"431\">O equipamento transmite valores de medi\u00e7\u00e3o por redes m\u00f3veis de forma cont\u00ednua. Dessa forma, ele garante acesso remoto \u00e0s informa\u00e7\u00f5es do processo em tempo real.<\/p>\n<p data-start=\"433\" data-end=\"582\">Al\u00e9m disso, o PLICSMOBILE T81 suporta opera\u00e7\u00e3o em aplica\u00e7\u00f5es aut\u00f4nomas. Assim, ele viabiliza monitoramento em locais sem infraestrutura de rede fixa.<\/p>","protected":false},"excerpt":{"rendered":"<p>O VEGA PLICSMOBILE T81 atua como unidade de transmiss\u00e3o para comunica\u00e7\u00e3o m\u00f3vel em sistemas de medi\u00e7\u00e3o. Al\u00e9m disso, ele permite o envio de dados de instrumentos de campo para plataformas remotas. O equipamento transmite valores de medi\u00e7\u00e3o por redes m\u00f3veis de forma cont\u00ednua. Dessa forma, ele garante acesso remoto \u00e0s informa\u00e7\u00f5es do processo em tempo real. Al\u00e9m disso, o PLICSMOBILE T81 suporta opera\u00e7\u00e3o em aplica\u00e7\u00f5es aut\u00f4nomas. Assim, ele viabiliza monitoramento em locais sem infraestrutura de rede fixa.<\/p>","protected":false},"featured_media":5911,"comment_status":"open","ping_status":"closed","template":"","meta":{"_joinchat":[]},"product_brand":[],"product_cat":[175],"product_tag":[],"marca":[176],"class_list":{"0":"post-5910","1":"product","2":"type-product","3":"status-publish","4":"has-post-thumbnail","6":"product_cat-medicao","7":"marca-vega","9":"first","10":"instock","11":"shipping-taxable","12":"product-type-simple"},"yoast_head":"<!-- This site is optimized with the Yoast SEO plugin v27.2 - https:\/\/yoast.com\/product\/yoast-seo-wordpress\/ -->\n<title>PLICSMOBILE T81 - Full Solutions<\/title>\n<meta name=\"description\" content=\"VEGA PLICSMOBILE T81 \u00e9 uma unidade de transmiss\u00e3o para comunica\u00e7\u00e3o m\u00f3vel de instrumentos de campo, com monitoramento remoto.\" \/>\n<meta name=\"robots\" content=\"index, follow, max-snippet:-1, max-image-preview:large, max-video-preview:-1\" \/>\n<link rel=\"canonical\" href=\"https:\/\/fullsolutions.info\/en\/product\/plicsmobile-t81\/\" \/>\n<meta property=\"og:locale\" content=\"en_US\" \/>\n<meta property=\"og:type\" content=\"article\" \/>\n<meta property=\"og:title\" content=\"PLICSMOBILE T81 - Full Solutions\" \/>\n<meta property=\"og:description\" content=\"VEGA PLICSMOBILE T81 \u00e9 uma unidade de transmiss\u00e3o para comunica\u00e7\u00e3o m\u00f3vel de instrumentos de campo, com monitoramento remoto.\" \/>\n<meta property=\"og:url\" content=\"https:\/\/fullsolutions.info\/en\/product\/plicsmobile-t81\/\" \/>\n<meta property=\"og:site_name\" content=\"Full Solutions\" \/>\n<meta property=\"article:modified_time\" content=\"2026-04-14T17:53:04+00:00\" \/>\n<meta property=\"og:image\" content=\"https:\/\/mlhff0prgoxu.i.optimole.com\/cb:s0sM.767\/w:auto\/h:auto\/q:mauto\/f:best\/https:\/\/fullsolutions.info\/wp-content\/uploads\/2026\/02\/F-PLICSMOBILET81-external-radio-unit-for-HART-sensors.png\" \/>\n\t<meta property=\"og:image:width\" content=\"549\" \/>\n\t<meta property=\"og:image:height\" content=\"533\" \/>\n\t<meta property=\"og:image:type\" content=\"image\/png\" \/>\n<meta name=\"twitter:card\" content=\"summary_large_image\" \/>\n<meta name=\"twitter:label1\" content=\"Est. reading time\" \/>\n\t<meta name=\"twitter:data1\" content=\"1 minute\" \/>\n<script type=\"application\/ld+json\" class=\"yoast-schema-graph\">{\"@context\":\"https:\/\/schema.org\",\"@graph\":[{\"@type\":\"WebPage\",\"@id\":\"https:\/\/fullsolutions.info\/produto\/plicsmobile-t81\/\",\"url\":\"https:\/\/fullsolutions.info\/produto\/plicsmobile-t81\/\",\"name\":\"PLICSMOBILE T81 - Full Solutions\",\"isPartOf\":{\"@id\":\"https:\/\/fullsolutions.info\/#website\"},\"primaryImageOfPage\":{\"@id\":\"https:\/\/fullsolutions.info\/produto\/plicsmobile-t81\/#primaryimage\"},\"image\":{\"@id\":\"https:\/\/fullsolutions.info\/produto\/plicsmobile-t81\/#primaryimage\"},\"thumbnailUrl\":\"https:\/\/mlhff0prgoxu.i.optimole.com\/cb:s0sM.767\/w:auto\/h:auto\/q:mauto\/f:best\/https:\/\/fullsolutions.info\/wp-content\/uploads\/2026\/02\/F-PLICSMOBILET81-external-radio-unit-for-HART-sensors.png\",\"datePublished\":\"2026-02-06T14:00:26+00:00\",\"dateModified\":\"2026-04-14T17:53:04+00:00\",\"description\":\"VEGA PLICSMOBILE T81 \u00e9 uma unidade de transmiss\u00e3o para comunica\u00e7\u00e3o m\u00f3vel de instrumentos de campo, com monitoramento remoto.\",\"breadcrumb\":{\"@id\":\"https:\/\/fullsolutions.info\/produto\/plicsmobile-t81\/#breadcrumb\"},\"inLanguage\":\"en-US\",\"potentialAction\":[{\"@type\":\"ReadAction\",\"target\":[\"https:\/\/fullsolutions.info\/produto\/plicsmobile-t81\/\"]}]},{\"@type\":\"ImageObject\",\"inLanguage\":\"en-US\",\"@id\":\"https:\/\/fullsolutions.info\/produto\/plicsmobile-t81\/#primaryimage\",\"url\":\"https:\/\/mlhff0prgoxu.i.optimole.com\/cb:s0sM.767\/w:auto\/h:auto\/q:mauto\/f:best\/https:\/\/fullsolutions.info\/wp-content\/uploads\/2026\/02\/F-PLICSMOBILET81-external-radio-unit-for-HART-sensors.png\",\"contentUrl\":\"https:\/\/mlhff0prgoxu.i.optimole.com\/cb:s0sM.767\/w:auto\/h:auto\/q:mauto\/f:best\/https:\/\/fullsolutions.info\/wp-content\/uploads\/2026\/02\/F-PLICSMOBILET81-external-radio-unit-for-HART-sensors.png\",\"width\":549,\"height\":533},{\"@type\":\"BreadcrumbList\",\"@id\":\"https:\/\/fullsolutions.info\/produto\/plicsmobile-t81\/#breadcrumb\",\"itemListElement\":[{\"@type\":\"ListItem\",\"position\":1,\"name\":\"In\u00edcio\",\"item\":\"https:\/\/fullsolutions.info\/\"},{\"@type\":\"ListItem\",\"position\":2,\"name\":\"Produtos\",\"item\":\"https:\/\/fullsolutions.info\/shop\/\"},{\"@type\":\"ListItem\",\"position\":3,\"name\":\"PLICSMOBILE T81\"}]},{\"@type\":\"WebSite\",\"@id\":\"https:\/\/fullsolutions.info\/#website\",\"url\":\"https:\/\/fullsolutions.info\/\",\"name\":\"Full Solutions\",\"description\":\"Empresa na \u00c1rea de Procurement\",\"publisher\":{\"@id\":\"https:\/\/fullsolutions.info\/#organization\"},\"potentialAction\":[{\"@type\":\"SearchAction\",\"target\":{\"@type\":\"EntryPoint\",\"urlTemplate\":\"https:\/\/fullsolutions.info\/?s={search_term_string}\"},\"query-input\":{\"@type\":\"PropertyValueSpecification\",\"valueRequired\":true,\"valueName\":\"search_term_string\"}}],\"inLanguage\":\"en-US\"},{\"@type\":\"Organization\",\"@id\":\"https:\/\/fullsolutions.info\/#organization\",\"name\":\"Full Solutions\",\"url\":\"https:\/\/fullsolutions.info\/\",\"logo\":{\"@type\":\"ImageObject\",\"inLanguage\":\"en-US\",\"@id\":\"https:\/\/fullsolutions.info\/#\/schema\/logo\/image\/\",\"url\":\"https:\/\/mlhff0prgoxu.i.optimole.com\/cb:s0sM.767\/w:auto\/h:auto\/q:mauto\/f:best\/https:\/\/fullsolutions.info\/wp-content\/uploads\/2021\/07\/cropped-Design-sem-nome-300x193-1-e1627062664782.png\",\"contentUrl\":\"https:\/\/mlhff0prgoxu.i.optimole.com\/cb:s0sM.767\/w:auto\/h:auto\/q:mauto\/f:best\/https:\/\/fullsolutions.info\/wp-content\/uploads\/2021\/07\/cropped-Design-sem-nome-300x193-1-e1627062664782.png\",\"width\":202,\"height\":155,\"caption\":\"Full Solutions\"},\"image\":{\"@id\":\"https:\/\/fullsolutions.info\/#\/schema\/logo\/image\/\"},\"sameAs\":[\"https:\/\/www.linkedin.com\/company\/full-solutions-equipment\"]}]}<\/script>\n<!-- \/ Yoast SEO plugin. -->","yoast_head_json":{"title":"PLICSMOBILE T81 - Full Solutions","description":"VEGA PLICSMOBILE T81 \u00e9 uma unidade de transmiss\u00e3o para comunica\u00e7\u00e3o m\u00f3vel de instrumentos de campo, com monitoramento remoto.","robots":{"index":"index","follow":"follow","max-snippet":"max-snippet:-1","max-image-preview":"max-image-preview:large","max-video-preview":"max-video-preview:-1"},"canonical":"https:\/\/fullsolutions.info\/en\/product\/plicsmobile-t81\/","og_locale":"en_US","og_type":"article","og_title":"PLICSMOBILE T81 - Full Solutions","og_description":"VEGA PLICSMOBILE T81 \u00e9 uma unidade de transmiss\u00e3o para comunica\u00e7\u00e3o m\u00f3vel de instrumentos de campo, com monitoramento remoto.","og_url":"https:\/\/fullsolutions.info\/en\/product\/plicsmobile-t81\/","og_site_name":"Full Solutions","article_modified_time":"2026-04-14T17:53:04+00:00","og_image":[{"width":549,"height":533,"url":"https:\/\/mlhff0prgoxu.i.optimole.com\/cb:s0sM.767\/w:auto\/h:auto\/q:mauto\/f:best\/https:\/\/fullsolutions.info\/wp-content\/uploads\/2026\/02\/F-PLICSMOBILET81-external-radio-unit-for-HART-sensors.png","type":"image\/png"}],"twitter_card":"summary_large_image","twitter_misc":{"Est. reading time":"1 minute"},"schema":{"@context":"https:\/\/schema.org","@graph":[{"@type":"WebPage","@id":"https:\/\/fullsolutions.info\/produto\/plicsmobile-t81\/","url":"https:\/\/fullsolutions.info\/produto\/plicsmobile-t81\/","name":"PLICSMOBILE T81 - Full Solutions","isPartOf":{"@id":"https:\/\/fullsolutions.info\/#website"},"primaryImageOfPage":{"@id":"https:\/\/fullsolutions.info\/produto\/plicsmobile-t81\/#primaryimage"},"image":{"@id":"https:\/\/fullsolutions.info\/produto\/plicsmobile-t81\/#primaryimage"},"thumbnailUrl":"https:\/\/mlhff0prgoxu.i.optimole.com\/cb:s0sM.767\/w:auto\/h:auto\/q:mauto\/f:best\/https:\/\/fullsolutions.info\/wp-content\/uploads\/2026\/02\/F-PLICSMOBILET81-external-radio-unit-for-HART-sensors.png","datePublished":"2026-02-06T14:00:26+00:00","dateModified":"2026-04-14T17:53:04+00:00","description":"VEGA PLICSMOBILE T81 \u00e9 uma unidade de transmiss\u00e3o para comunica\u00e7\u00e3o m\u00f3vel de instrumentos de campo, com monitoramento remoto.","breadcrumb":{"@id":"https:\/\/fullsolutions.info\/produto\/plicsmobile-t81\/#breadcrumb"},"inLanguage":"en-US","potentialAction":[{"@type":"ReadAction","target":["https:\/\/fullsolutions.info\/produto\/plicsmobile-t81\/"]}]},{"@type":"ImageObject","inLanguage":"en-US","@id":"https:\/\/fullsolutions.info\/produto\/plicsmobile-t81\/#primaryimage","url":"https:\/\/mlhff0prgoxu.i.optimole.com\/cb:s0sM.767\/w:auto\/h:auto\/q:mauto\/f:best\/https:\/\/fullsolutions.info\/wp-content\/uploads\/2026\/02\/F-PLICSMOBILET81-external-radio-unit-for-HART-sensors.png","contentUrl":"https:\/\/mlhff0prgoxu.i.optimole.com\/cb:s0sM.767\/w:auto\/h:auto\/q:mauto\/f:best\/https:\/\/fullsolutions.info\/wp-content\/uploads\/2026\/02\/F-PLICSMOBILET81-external-radio-unit-for-HART-sensors.png","width":549,"height":533},{"@type":"BreadcrumbList","@id":"https:\/\/fullsolutions.info\/produto\/plicsmobile-t81\/#breadcrumb","itemListElement":[{"@type":"ListItem","position":1,"name":"In\u00edcio","item":"https:\/\/fullsolutions.info\/"},{"@type":"ListItem","position":2,"name":"Produtos","item":"https:\/\/fullsolutions.info\/shop\/"},{"@type":"ListItem","position":3,"name":"PLICSMOBILE T81"}]},{"@type":"WebSite","@id":"https:\/\/fullsolutions.info\/#website","url":"https:\/\/fullsolutions.info\/","name":"Full Solutions","description":"Empresa na \u00c1rea de Procurement","publisher":{"@id":"https:\/\/fullsolutions.info\/#organization"},"potentialAction":[{"@type":"SearchAction","target":{"@type":"EntryPoint","urlTemplate":"https:\/\/fullsolutions.info\/?s={search_term_string}"},"query-input":{"@type":"PropertyValueSpecification","valueRequired":true,"valueName":"search_term_string"}}],"inLanguage":"en-US"},{"@type":"Organization","@id":"https:\/\/fullsolutions.info\/#organization","name":"Full Solutions","url":"https:\/\/fullsolutions.info\/","logo":{"@type":"ImageObject","inLanguage":"en-US","@id":"https:\/\/fullsolutions.info\/#\/schema\/logo\/image\/","url":"https:\/\/mlhff0prgoxu.i.optimole.com\/cb:s0sM.767\/w:auto\/h:auto\/q:mauto\/f:best\/https:\/\/fullsolutions.info\/wp-content\/uploads\/2021\/07\/cropped-Design-sem-nome-300x193-1-e1627062664782.png","contentUrl":"https:\/\/mlhff0prgoxu.i.optimole.com\/cb:s0sM.767\/w:auto\/h:auto\/q:mauto\/f:best\/https:\/\/fullsolutions.info\/wp-content\/uploads\/2021\/07\/cropped-Design-sem-nome-300x193-1-e1627062664782.png","width":202,"height":155,"caption":"Full Solutions"},"image":{"@id":"https:\/\/fullsolutions.info\/#\/schema\/logo\/image\/"},"sameAs":["https:\/\/www.linkedin.com\/company\/full-solutions-equipment"]}]}},"_links":{"self":[{"href":"https:\/\/fullsolutions.info\/en\/wp-json\/wp\/v2\/product\/5910","targetHints":{"allow":["GET"]}}],"collection":[{"href":"https:\/\/fullsolutions.info\/en\/wp-json\/wp\/v2\/product"}],"about":[{"href":"https:\/\/fullsolutions.info\/en\/wp-json\/wp\/v2\/types\/product"}],"replies":[{"embeddable":true,"href":"https:\/\/fullsolutions.info\/en\/wp-json\/wp\/v2\/comments?post=5910"}],"wp:featuredmedia":[{"embeddable":true,"href":"https:\/\/fullsolutions.info\/en\/wp-json\/wp\/v2\/media\/5911"}],"wp:attachment":[{"href":"https:\/\/fullsolutions.info\/en\/wp-json\/wp\/v2\/media?parent=5910"}],"wp:term":[{"taxonomy":"product_brand","embeddable":true,"href":"https:\/\/fullsolutions.info\/en\/wp-json\/wp\/v2\/product_brand?post=5910"},{"taxonomy":"product_cat","embeddable":true,"href":"https:\/\/fullsolutions.info\/en\/wp-json\/wp\/v2\/product_cat?post=5910"},{"taxonomy":"product_tag","embeddable":true,"href":"https:\/\/fullsolutions.info\/en\/wp-json\/wp\/v2\/product_tag?post=5910"},{"taxonomy":"marca","embeddable":true,"href":"https:\/\/fullsolutions.info\/en\/wp-json\/wp\/v2\/marca?post=5910"}],"curies":[{"name":"wp","href":"https:\/\/api.w.org\/{rel}","templated":true}]}}