{"id":5824,"date":"2026-02-03T15:12:22","date_gmt":"2026-02-03T18:12:22","guid":{"rendered":"https:\/\/fullsolutions.info\/?post_type=product&#038;p=5824"},"modified":"2026-04-20T09:29:48","modified_gmt":"2026-04-20T12:29:48","slug":"vegakon-61","status":"publish","type":"product","link":"https:\/\/fullsolutions.info\/en\/product\/vegakon-61\/","title":{"rendered":"VEGAKON 61"},"content":{"rendered":"<p data-start=\"555\" data-end=\"757\">O VEGAKON 61 detecta o n\u00edvel pontual de s\u00f3lidos a granel e l\u00edquidos por meio de tecnologia capacitiva. O sensor identifica a presen\u00e7a do material ao medir a varia\u00e7\u00e3o de capacit\u00e2ncia no ponto de medi\u00e7\u00e3o.<\/p>\n<p data-start=\"759\" data-end=\"1019\">Voc\u00ea pode instalar o VEGAKON 61 em silos, tanques e reservat\u00f3rios, garantindo flexibilidade de aplica\u00e7\u00e3o em diferentes processos industriais. O equipamento mant\u00e9m desempenho confi\u00e1vel mesmo em ambientes com poeira, ac\u00famulo de material ou varia\u00e7\u00f5es de processo.<\/p>\n<p data-start=\"1021\" data-end=\"1177\">O dispositivo permite controle eficiente do n\u00edvel, atuando em aplica\u00e7\u00f5es como prote\u00e7\u00e3o contra transbordo, controle de n\u00edvel m\u00ednimo e automa\u00e7\u00e3o de processos.<\/p>","protected":false},"excerpt":{"rendered":"<p>O VEGAKON 61 detecta o n\u00edvel pontual de s\u00f3lidos a granel e l\u00edquidos por meio de tecnologia capacitiva. O sensor identifica a presen\u00e7a do material ao medir a varia\u00e7\u00e3o de capacit\u00e2ncia no ponto de medi\u00e7\u00e3o. Voc\u00ea pode instalar o VEGAKON 61 em silos, tanques e reservat\u00f3rios, garantindo flexibilidade de aplica\u00e7\u00e3o em diferentes processos industriais. O equipamento mant\u00e9m desempenho confi\u00e1vel mesmo em ambientes com poeira, ac\u00famulo de material ou varia\u00e7\u00f5es de processo. O dispositivo permite controle eficiente do n\u00edvel, atuando em aplica\u00e7\u00f5es como prote\u00e7\u00e3o contra transbordo, controle de n\u00edvel m\u00ednimo e automa\u00e7\u00e3o de processos.<\/p>","protected":false},"featured_media":5825,"comment_status":"open","ping_status":"closed","template":"","meta":{"_joinchat":[]},"product_brand":[],"product_cat":[175],"product_tag":[],"marca":[176],"class_list":{"0":"post-5824","1":"product","2":"type-product","3":"status-publish","4":"has-post-thumbnail","6":"product_cat-medicao","7":"marca-vega","9":"first","10":"instock","11":"shipping-taxable","12":"product-type-simple"},"yoast_head":"<!-- This site is optimized with the Yoast SEO plugin v27.2 - https:\/\/yoast.com\/product\/yoast-seo-wordpress\/ -->\n<title>VEGAKON 61 - Full Solutions<\/title>\n<meta name=\"description\" content=\"VEGAKON 61 da VEGA: sensor capacitivo para detec\u00e7\u00e3o de n\u00edvel pontual em s\u00f3lidos e l\u00edquidos. Alta confiabilidade em aplica\u00e7\u00f5es industriais. Solicite cota\u00e7\u00e3o.\" \/>\n<meta name=\"robots\" content=\"index, follow, max-snippet:-1, max-image-preview:large, max-video-preview:-1\" \/>\n<link rel=\"canonical\" href=\"https:\/\/fullsolutions.info\/en\/product\/vegakon-61\/\" \/>\n<meta property=\"og:locale\" content=\"en_US\" \/>\n<meta property=\"og:type\" content=\"article\" \/>\n<meta property=\"og:title\" content=\"VEGAKON 61 - Full Solutions\" \/>\n<meta property=\"og:description\" content=\"VEGAKON 61 da VEGA: sensor capacitivo para detec\u00e7\u00e3o de n\u00edvel pontual em s\u00f3lidos e l\u00edquidos. Alta confiabilidade em aplica\u00e7\u00f5es industriais. Solicite cota\u00e7\u00e3o.\" \/>\n<meta property=\"og:url\" content=\"https:\/\/fullsolutions.info\/en\/product\/vegakon-61\/\" \/>\n<meta property=\"og:site_name\" content=\"Full Solutions\" \/>\n<meta property=\"article:modified_time\" content=\"2026-04-20T12:29:48+00:00\" \/>\n<meta property=\"og:image\" content=\"https:\/\/mlhff0prgoxu.i.optimole.com\/cb:s0sM.767\/w:auto\/h:auto\/q:mauto\/f:best\/https:\/\/fullsolutions.info\/wp-content\/uploads\/2026\/02\/F-KON61-Konduktiver-Grenzschalter-fuer-Fluessigkeiten-V01.png\" \/>\n\t<meta property=\"og:image:width\" content=\"549\" \/>\n\t<meta property=\"og:image:height\" content=\"533\" \/>\n\t<meta property=\"og:image:type\" content=\"image\/png\" \/>\n<meta name=\"twitter:card\" content=\"summary_large_image\" \/>\n<meta name=\"twitter:label1\" content=\"Est. reading time\" \/>\n\t<meta name=\"twitter:data1\" content=\"1 minute\" \/>\n<script type=\"application\/ld+json\" class=\"yoast-schema-graph\">{\"@context\":\"https:\/\/schema.org\",\"@graph\":[{\"@type\":\"WebPage\",\"@id\":\"https:\/\/fullsolutions.info\/produto\/vegakon-61\/\",\"url\":\"https:\/\/fullsolutions.info\/produto\/vegakon-61\/\",\"name\":\"VEGAKON 61 - Full Solutions\",\"isPartOf\":{\"@id\":\"https:\/\/fullsolutions.info\/#website\"},\"primaryImageOfPage\":{\"@id\":\"https:\/\/fullsolutions.info\/produto\/vegakon-61\/#primaryimage\"},\"image\":{\"@id\":\"https:\/\/fullsolutions.info\/produto\/vegakon-61\/#primaryimage\"},\"thumbnailUrl\":\"https:\/\/mlhff0prgoxu.i.optimole.com\/cb:s0sM.767\/w:auto\/h:auto\/q:mauto\/f:best\/https:\/\/fullsolutions.info\/wp-content\/uploads\/2026\/02\/F-KON61-Konduktiver-Grenzschalter-fuer-Fluessigkeiten-V01.png\",\"datePublished\":\"2026-02-03T18:12:22+00:00\",\"dateModified\":\"2026-04-20T12:29:48+00:00\",\"description\":\"VEGAKON 61 da VEGA: sensor capacitivo para detec\u00e7\u00e3o de n\u00edvel pontual em s\u00f3lidos e l\u00edquidos. Alta confiabilidade em aplica\u00e7\u00f5es industriais. Solicite cota\u00e7\u00e3o.\",\"breadcrumb\":{\"@id\":\"https:\/\/fullsolutions.info\/produto\/vegakon-61\/#breadcrumb\"},\"inLanguage\":\"en-US\",\"potentialAction\":[{\"@type\":\"ReadAction\",\"target\":[\"https:\/\/fullsolutions.info\/produto\/vegakon-61\/\"]}]},{\"@type\":\"ImageObject\",\"inLanguage\":\"en-US\",\"@id\":\"https:\/\/fullsolutions.info\/produto\/vegakon-61\/#primaryimage\",\"url\":\"https:\/\/mlhff0prgoxu.i.optimole.com\/cb:s0sM.767\/w:auto\/h:auto\/q:mauto\/f:best\/https:\/\/fullsolutions.info\/wp-content\/uploads\/2026\/02\/F-KON61-Konduktiver-Grenzschalter-fuer-Fluessigkeiten-V01.png\",\"contentUrl\":\"https:\/\/mlhff0prgoxu.i.optimole.com\/cb:s0sM.767\/w:auto\/h:auto\/q:mauto\/f:best\/https:\/\/fullsolutions.info\/wp-content\/uploads\/2026\/02\/F-KON61-Konduktiver-Grenzschalter-fuer-Fluessigkeiten-V01.png\",\"width\":549,\"height\":533},{\"@type\":\"BreadcrumbList\",\"@id\":\"https:\/\/fullsolutions.info\/produto\/vegakon-61\/#breadcrumb\",\"itemListElement\":[{\"@type\":\"ListItem\",\"position\":1,\"name\":\"In\u00edcio\",\"item\":\"https:\/\/fullsolutions.info\/\"},{\"@type\":\"ListItem\",\"position\":2,\"name\":\"Produtos\",\"item\":\"https:\/\/fullsolutions.info\/shop\/\"},{\"@type\":\"ListItem\",\"position\":3,\"name\":\"VEGAKON 61\"}]},{\"@type\":\"WebSite\",\"@id\":\"https:\/\/fullsolutions.info\/#website\",\"url\":\"https:\/\/fullsolutions.info\/\",\"name\":\"Full Solutions\",\"description\":\"Empresa na \u00c1rea de Procurement\",\"publisher\":{\"@id\":\"https:\/\/fullsolutions.info\/#organization\"},\"potentialAction\":[{\"@type\":\"SearchAction\",\"target\":{\"@type\":\"EntryPoint\",\"urlTemplate\":\"https:\/\/fullsolutions.info\/?s={search_term_string}\"},\"query-input\":{\"@type\":\"PropertyValueSpecification\",\"valueRequired\":true,\"valueName\":\"search_term_string\"}}],\"inLanguage\":\"en-US\"},{\"@type\":\"Organization\",\"@id\":\"https:\/\/fullsolutions.info\/#organization\",\"name\":\"Full Solutions\",\"url\":\"https:\/\/fullsolutions.info\/\",\"logo\":{\"@type\":\"ImageObject\",\"inLanguage\":\"en-US\",\"@id\":\"https:\/\/fullsolutions.info\/#\/schema\/logo\/image\/\",\"url\":\"https:\/\/mlhff0prgoxu.i.optimole.com\/cb:s0sM.767\/w:auto\/h:auto\/q:mauto\/f:best\/https:\/\/fullsolutions.info\/wp-content\/uploads\/2021\/07\/cropped-Design-sem-nome-300x193-1-e1627062664782.png\",\"contentUrl\":\"https:\/\/mlhff0prgoxu.i.optimole.com\/cb:s0sM.767\/w:auto\/h:auto\/q:mauto\/f:best\/https:\/\/fullsolutions.info\/wp-content\/uploads\/2021\/07\/cropped-Design-sem-nome-300x193-1-e1627062664782.png\",\"width\":202,\"height\":155,\"caption\":\"Full Solutions\"},\"image\":{\"@id\":\"https:\/\/fullsolutions.info\/#\/schema\/logo\/image\/\"},\"sameAs\":[\"https:\/\/www.linkedin.com\/company\/full-solutions-equipment\"]}]}<\/script>\n<!-- \/ Yoast SEO plugin. -->","yoast_head_json":{"title":"VEGAKON 61 - Full Solutions","description":"VEGAKON 61 da VEGA: sensor capacitivo para detec\u00e7\u00e3o de n\u00edvel pontual em s\u00f3lidos e l\u00edquidos. Alta confiabilidade em aplica\u00e7\u00f5es industriais. Solicite cota\u00e7\u00e3o.","robots":{"index":"index","follow":"follow","max-snippet":"max-snippet:-1","max-image-preview":"max-image-preview:large","max-video-preview":"max-video-preview:-1"},"canonical":"https:\/\/fullsolutions.info\/en\/product\/vegakon-61\/","og_locale":"en_US","og_type":"article","og_title":"VEGAKON 61 - Full Solutions","og_description":"VEGAKON 61 da VEGA: sensor capacitivo para detec\u00e7\u00e3o de n\u00edvel pontual em s\u00f3lidos e l\u00edquidos. Alta confiabilidade em aplica\u00e7\u00f5es industriais. Solicite cota\u00e7\u00e3o.","og_url":"https:\/\/fullsolutions.info\/en\/product\/vegakon-61\/","og_site_name":"Full Solutions","article_modified_time":"2026-04-20T12:29:48+00:00","og_image":[{"width":549,"height":533,"url":"https:\/\/mlhff0prgoxu.i.optimole.com\/cb:s0sM.767\/w:auto\/h:auto\/q:mauto\/f:best\/https:\/\/fullsolutions.info\/wp-content\/uploads\/2026\/02\/F-KON61-Konduktiver-Grenzschalter-fuer-Fluessigkeiten-V01.png","type":"image\/png"}],"twitter_card":"summary_large_image","twitter_misc":{"Est. reading time":"1 minute"},"schema":{"@context":"https:\/\/schema.org","@graph":[{"@type":"WebPage","@id":"https:\/\/fullsolutions.info\/produto\/vegakon-61\/","url":"https:\/\/fullsolutions.info\/produto\/vegakon-61\/","name":"VEGAKON 61 - Full Solutions","isPartOf":{"@id":"https:\/\/fullsolutions.info\/#website"},"primaryImageOfPage":{"@id":"https:\/\/fullsolutions.info\/produto\/vegakon-61\/#primaryimage"},"image":{"@id":"https:\/\/fullsolutions.info\/produto\/vegakon-61\/#primaryimage"},"thumbnailUrl":"https:\/\/mlhff0prgoxu.i.optimole.com\/cb:s0sM.767\/w:auto\/h:auto\/q:mauto\/f:best\/https:\/\/fullsolutions.info\/wp-content\/uploads\/2026\/02\/F-KON61-Konduktiver-Grenzschalter-fuer-Fluessigkeiten-V01.png","datePublished":"2026-02-03T18:12:22+00:00","dateModified":"2026-04-20T12:29:48+00:00","description":"VEGAKON 61 da VEGA: sensor capacitivo para detec\u00e7\u00e3o de n\u00edvel pontual em s\u00f3lidos e l\u00edquidos. Alta confiabilidade em aplica\u00e7\u00f5es industriais. Solicite cota\u00e7\u00e3o.","breadcrumb":{"@id":"https:\/\/fullsolutions.info\/produto\/vegakon-61\/#breadcrumb"},"inLanguage":"en-US","potentialAction":[{"@type":"ReadAction","target":["https:\/\/fullsolutions.info\/produto\/vegakon-61\/"]}]},{"@type":"ImageObject","inLanguage":"en-US","@id":"https:\/\/fullsolutions.info\/produto\/vegakon-61\/#primaryimage","url":"https:\/\/mlhff0prgoxu.i.optimole.com\/cb:s0sM.767\/w:auto\/h:auto\/q:mauto\/f:best\/https:\/\/fullsolutions.info\/wp-content\/uploads\/2026\/02\/F-KON61-Konduktiver-Grenzschalter-fuer-Fluessigkeiten-V01.png","contentUrl":"https:\/\/mlhff0prgoxu.i.optimole.com\/cb:s0sM.767\/w:auto\/h:auto\/q:mauto\/f:best\/https:\/\/fullsolutions.info\/wp-content\/uploads\/2026\/02\/F-KON61-Konduktiver-Grenzschalter-fuer-Fluessigkeiten-V01.png","width":549,"height":533},{"@type":"BreadcrumbList","@id":"https:\/\/fullsolutions.info\/produto\/vegakon-61\/#breadcrumb","itemListElement":[{"@type":"ListItem","position":1,"name":"In\u00edcio","item":"https:\/\/fullsolutions.info\/"},{"@type":"ListItem","position":2,"name":"Produtos","item":"https:\/\/fullsolutions.info\/shop\/"},{"@type":"ListItem","position":3,"name":"VEGAKON 61"}]},{"@type":"WebSite","@id":"https:\/\/fullsolutions.info\/#website","url":"https:\/\/fullsolutions.info\/","name":"Full Solutions","description":"Empresa na \u00c1rea de Procurement","publisher":{"@id":"https:\/\/fullsolutions.info\/#organization"},"potentialAction":[{"@type":"SearchAction","target":{"@type":"EntryPoint","urlTemplate":"https:\/\/fullsolutions.info\/?s={search_term_string}"},"query-input":{"@type":"PropertyValueSpecification","valueRequired":true,"valueName":"search_term_string"}}],"inLanguage":"en-US"},{"@type":"Organization","@id":"https:\/\/fullsolutions.info\/#organization","name":"Full Solutions","url":"https:\/\/fullsolutions.info\/","logo":{"@type":"ImageObject","inLanguage":"en-US","@id":"https:\/\/fullsolutions.info\/#\/schema\/logo\/image\/","url":"https:\/\/mlhff0prgoxu.i.optimole.com\/cb:s0sM.767\/w:auto\/h:auto\/q:mauto\/f:best\/https:\/\/fullsolutions.info\/wp-content\/uploads\/2021\/07\/cropped-Design-sem-nome-300x193-1-e1627062664782.png","contentUrl":"https:\/\/mlhff0prgoxu.i.optimole.com\/cb:s0sM.767\/w:auto\/h:auto\/q:mauto\/f:best\/https:\/\/fullsolutions.info\/wp-content\/uploads\/2021\/07\/cropped-Design-sem-nome-300x193-1-e1627062664782.png","width":202,"height":155,"caption":"Full Solutions"},"image":{"@id":"https:\/\/fullsolutions.info\/#\/schema\/logo\/image\/"},"sameAs":["https:\/\/www.linkedin.com\/company\/full-solutions-equipment"]}]}},"_links":{"self":[{"href":"https:\/\/fullsolutions.info\/en\/wp-json\/wp\/v2\/product\/5824","targetHints":{"allow":["GET"]}}],"collection":[{"href":"https:\/\/fullsolutions.info\/en\/wp-json\/wp\/v2\/product"}],"about":[{"href":"https:\/\/fullsolutions.info\/en\/wp-json\/wp\/v2\/types\/product"}],"replies":[{"embeddable":true,"href":"https:\/\/fullsolutions.info\/en\/wp-json\/wp\/v2\/comments?post=5824"}],"wp:featuredmedia":[{"embeddable":true,"href":"https:\/\/fullsolutions.info\/en\/wp-json\/wp\/v2\/media\/5825"}],"wp:attachment":[{"href":"https:\/\/fullsolutions.info\/en\/wp-json\/wp\/v2\/media?parent=5824"}],"wp:term":[{"taxonomy":"product_brand","embeddable":true,"href":"https:\/\/fullsolutions.info\/en\/wp-json\/wp\/v2\/product_brand?post=5824"},{"taxonomy":"product_cat","embeddable":true,"href":"https:\/\/fullsolutions.info\/en\/wp-json\/wp\/v2\/product_cat?post=5824"},{"taxonomy":"product_tag","embeddable":true,"href":"https:\/\/fullsolutions.info\/en\/wp-json\/wp\/v2\/product_tag?post=5824"},{"taxonomy":"marca","embeddable":true,"href":"https:\/\/fullsolutions.info\/en\/wp-json\/wp\/v2\/marca?post=5824"}],"curies":[{"name":"wp","href":"https:\/\/api.w.org\/{rel}","templated":true}]}}