{"id":5772,"date":"2026-02-02T14:03:37","date_gmt":"2026-02-02T17:03:37","guid":{"rendered":"https:\/\/fullsolutions.info\/?post_type=product&#038;p=5772"},"modified":"2026-04-20T10:25:33","modified_gmt":"2026-04-20T13:25:33","slug":"shlm-mi-series-source-holder","status":"publish","type":"product","link":"https:\/\/fullsolutions.info\/en\/product\/shlm-mi-series-source-holder\/","title":{"rendered":"SHLM-MI Series Source Holder"},"content":{"rendered":"<p>O <strong data-start=\"207\" data-end=\"219\">SHLM MI4<\/strong> \u00e9 um <strong data-start=\"225\" data-end=\"252\">porta-fonte de radia\u00e7\u00e3o<\/strong> projetado para medi\u00e7\u00f5es industriais baseadas em radia\u00e7\u00e3o, principalmente para <strong data-start=\"331\" data-end=\"344\">densidade<\/strong> e <strong data-start=\"347\" data-end=\"377\">n\u00edvel (cont\u00ednuo e pontual)<\/strong>. \u00c9 amplamente utilizado em ambientes industriais severos, onde m\u00e9todos convencionais de medi\u00e7\u00e3o n\u00e3o s\u00e3o vi\u00e1veis.<\/p>\n<ul data-start=\"728\" data-end=\"1217\">\n<li data-start=\"728\" data-end=\"825\">\n<p data-start=\"730\" data-end=\"825\">Corpo em <strong data-start=\"739\" data-end=\"779\">a\u00e7o soldado com enchimento de chumbo<\/strong>, garantindo blindagem eficaz contra radia\u00e7\u00e3o.<\/p>\n<\/li>\n<li data-start=\"826\" data-end=\"995\">\n<p data-start=\"828\" data-end=\"995\">Sistema interno com <strong data-start=\"848\" data-end=\"883\">cabo de a\u00e7o inoxid\u00e1vel retr\u00e1til<\/strong>, respons\u00e1vel por posicionar a fonte radioativa dentro do vaso de processo por meio de <strong data-start=\"970\" data-end=\"994\">po\u00e7o seco (dry well)<\/strong>.<\/p>\n<\/li>\n<li data-start=\"996\" data-end=\"1136\">\n<p data-start=\"998\" data-end=\"1066\">Dispon\u00edvel em diferentes vers\u00f5es de blindagem (n\u00edveis 1 a 4), sendo:<\/p>\n<ul data-start=\"1069\" data-end=\"1136\">\n<li data-start=\"1069\" data-end=\"1102\">\n<p data-start=\"1071\" data-end=\"1102\"><strong data-start=\"1071\" data-end=\"1083\">Modelo 4<\/strong>: maior blindagem<\/p>\n<\/li>\n<li data-start=\"1105\" data-end=\"1136\">\n<p data-start=\"1107\" data-end=\"1136\"><strong data-start=\"1107\" data-end=\"1119\">Modelo 1<\/strong>: menor blindagem<\/p>\n<\/li>\n<\/ul>\n<\/li>\n<li data-start=\"1137\" data-end=\"1217\">\n<p data-start=\"1139\" data-end=\"1217\">Pode operar com <strong data-start=\"1155\" data-end=\"1191\">uma ou m\u00faltiplas fontes pontuais<\/strong>, dependendo da aplica\u00e7\u00e3o.<\/p>\n<\/li>\n<\/ul>","protected":false},"excerpt":{"rendered":"<p>O SHLM MI4 \u00e9 um porta-fonte de radia\u00e7\u00e3o projetado para medi\u00e7\u00f5es industriais baseadas em radia\u00e7\u00e3o, principalmente para densidade e n\u00edvel (cont\u00ednuo e pontual). \u00c9 amplamente utilizado em ambientes industriais severos, onde m\u00e9todos convencionais de medi\u00e7\u00e3o n\u00e3o s\u00e3o vi\u00e1veis. Corpo em a\u00e7o soldado com enchimento de chumbo, garantindo blindagem eficaz contra radia\u00e7\u00e3o. Sistema interno com cabo de a\u00e7o inoxid\u00e1vel retr\u00e1til, respons\u00e1vel por posicionar a fonte radioativa dentro do vaso de processo por meio de po\u00e7o seco (dry well). Dispon\u00edvel em diferentes vers\u00f5es de blindagem (n\u00edveis 1 a 4), sendo: Modelo 4: maior blindagem Modelo 1: menor blindagem Pode operar com uma ou m\u00faltiplas fontes pontuais, dependendo da aplica\u00e7\u00e3o.<\/p>","protected":false},"featured_media":5773,"comment_status":"open","ping_status":"closed","template":"","meta":{"_joinchat":[]},"product_brand":[],"product_cat":[175],"product_tag":[],"marca":[176],"class_list":{"0":"post-5772","1":"product","2":"type-product","3":"status-publish","4":"has-post-thumbnail","6":"product_cat-medicao","7":"marca-vega","9":"first","10":"instock","11":"shipping-taxable","12":"product-type-simple"},"yoast_head":"<!-- This site is optimized with the Yoast SEO plugin v27.2 - https:\/\/yoast.com\/product\/yoast-seo-wordpress\/ -->\n<title>SHLM-MI Series Source Holder - Full Solutions<\/title>\n<meta name=\"description\" content=\"SHLM-MI Series Source Holder para sistemas de medi\u00e7\u00e3o por radia\u00e7\u00e3o. Seguran\u00e7a, blindagem eficiente e alta confiabilidade industrial. Solicite cota\u00e7\u00e3o.\" \/>\n<meta name=\"robots\" content=\"index, follow, max-snippet:-1, max-image-preview:large, max-video-preview:-1\" \/>\n<link rel=\"canonical\" href=\"https:\/\/fullsolutions.info\/en\/product\/shlm-mi-series-source-holder\/\" \/>\n<meta property=\"og:locale\" content=\"en_US\" \/>\n<meta property=\"og:type\" content=\"article\" \/>\n<meta property=\"og:title\" content=\"SHLM-MI Series Source Holder - Full Solutions\" \/>\n<meta property=\"og:description\" content=\"SHLM-MI Series Source Holder para sistemas de medi\u00e7\u00e3o por radia\u00e7\u00e3o. Seguran\u00e7a, blindagem eficiente e alta confiabilidade industrial. Solicite cota\u00e7\u00e3o.\" \/>\n<meta property=\"og:url\" content=\"https:\/\/fullsolutions.info\/en\/product\/shlm-mi-series-source-holder\/\" \/>\n<meta property=\"og:site_name\" content=\"Full Solutions\" \/>\n<meta property=\"article:modified_time\" content=\"2026-04-20T13:25:33+00:00\" \/>\n<meta property=\"og:image\" content=\"https:\/\/mlhff0prgoxu.i.optimole.com\/cb:s0sM.767\/w:auto\/h:auto\/q:mauto\/f:best\/https:\/\/fullsolutions.info\/wp-content\/uploads\/2026\/02\/Source-holder-SHLM-MI.png\" \/>\n\t<meta property=\"og:image:width\" content=\"549\" \/>\n\t<meta property=\"og:image:height\" content=\"533\" \/>\n\t<meta property=\"og:image:type\" content=\"image\/png\" \/>\n<meta name=\"twitter:card\" content=\"summary_large_image\" \/>\n<meta name=\"twitter:label1\" content=\"Est. reading time\" \/>\n\t<meta name=\"twitter:data1\" content=\"1 minute\" \/>\n<script type=\"application\/ld+json\" class=\"yoast-schema-graph\">{\"@context\":\"https:\/\/schema.org\",\"@graph\":[{\"@type\":\"WebPage\",\"@id\":\"https:\/\/fullsolutions.info\/produto\/shlm-mi-series-source-holder\/\",\"url\":\"https:\/\/fullsolutions.info\/produto\/shlm-mi-series-source-holder\/\",\"name\":\"SHLM-MI Series Source Holder - Full Solutions\",\"isPartOf\":{\"@id\":\"https:\/\/fullsolutions.info\/#website\"},\"primaryImageOfPage\":{\"@id\":\"https:\/\/fullsolutions.info\/produto\/shlm-mi-series-source-holder\/#primaryimage\"},\"image\":{\"@id\":\"https:\/\/fullsolutions.info\/produto\/shlm-mi-series-source-holder\/#primaryimage\"},\"thumbnailUrl\":\"https:\/\/mlhff0prgoxu.i.optimole.com\/cb:s0sM.767\/w:auto\/h:auto\/q:mauto\/f:best\/https:\/\/fullsolutions.info\/wp-content\/uploads\/2026\/02\/Source-holder-SHLM-MI.png\",\"datePublished\":\"2026-02-02T17:03:37+00:00\",\"dateModified\":\"2026-04-20T13:25:33+00:00\",\"description\":\"SHLM-MI Series Source Holder para sistemas de medi\u00e7\u00e3o por radia\u00e7\u00e3o. Seguran\u00e7a, blindagem eficiente e alta confiabilidade industrial. Solicite cota\u00e7\u00e3o.\",\"breadcrumb\":{\"@id\":\"https:\/\/fullsolutions.info\/produto\/shlm-mi-series-source-holder\/#breadcrumb\"},\"inLanguage\":\"en-US\",\"potentialAction\":[{\"@type\":\"ReadAction\",\"target\":[\"https:\/\/fullsolutions.info\/produto\/shlm-mi-series-source-holder\/\"]}]},{\"@type\":\"ImageObject\",\"inLanguage\":\"en-US\",\"@id\":\"https:\/\/fullsolutions.info\/produto\/shlm-mi-series-source-holder\/#primaryimage\",\"url\":\"https:\/\/mlhff0prgoxu.i.optimole.com\/cb:s0sM.767\/w:auto\/h:auto\/q:mauto\/f:best\/https:\/\/fullsolutions.info\/wp-content\/uploads\/2026\/02\/Source-holder-SHLM-MI.png\",\"contentUrl\":\"https:\/\/mlhff0prgoxu.i.optimole.com\/cb:s0sM.767\/w:auto\/h:auto\/q:mauto\/f:best\/https:\/\/fullsolutions.info\/wp-content\/uploads\/2026\/02\/Source-holder-SHLM-MI.png\",\"width\":549,\"height\":533},{\"@type\":\"BreadcrumbList\",\"@id\":\"https:\/\/fullsolutions.info\/produto\/shlm-mi-series-source-holder\/#breadcrumb\",\"itemListElement\":[{\"@type\":\"ListItem\",\"position\":1,\"name\":\"In\u00edcio\",\"item\":\"https:\/\/fullsolutions.info\/\"},{\"@type\":\"ListItem\",\"position\":2,\"name\":\"Produtos\",\"item\":\"https:\/\/fullsolutions.info\/shop\/\"},{\"@type\":\"ListItem\",\"position\":3,\"name\":\"SHLM-MI Series Source Holder\"}]},{\"@type\":\"WebSite\",\"@id\":\"https:\/\/fullsolutions.info\/#website\",\"url\":\"https:\/\/fullsolutions.info\/\",\"name\":\"Full Solutions\",\"description\":\"Empresa na \u00c1rea de Procurement\",\"publisher\":{\"@id\":\"https:\/\/fullsolutions.info\/#organization\"},\"potentialAction\":[{\"@type\":\"SearchAction\",\"target\":{\"@type\":\"EntryPoint\",\"urlTemplate\":\"https:\/\/fullsolutions.info\/?s={search_term_string}\"},\"query-input\":{\"@type\":\"PropertyValueSpecification\",\"valueRequired\":true,\"valueName\":\"search_term_string\"}}],\"inLanguage\":\"en-US\"},{\"@type\":\"Organization\",\"@id\":\"https:\/\/fullsolutions.info\/#organization\",\"name\":\"Full Solutions\",\"url\":\"https:\/\/fullsolutions.info\/\",\"logo\":{\"@type\":\"ImageObject\",\"inLanguage\":\"en-US\",\"@id\":\"https:\/\/fullsolutions.info\/#\/schema\/logo\/image\/\",\"url\":\"https:\/\/mlhff0prgoxu.i.optimole.com\/cb:s0sM.767\/w:auto\/h:auto\/q:mauto\/f:best\/https:\/\/fullsolutions.info\/wp-content\/uploads\/2021\/07\/cropped-Design-sem-nome-300x193-1-e1627062664782.png\",\"contentUrl\":\"https:\/\/mlhff0prgoxu.i.optimole.com\/cb:s0sM.767\/w:auto\/h:auto\/q:mauto\/f:best\/https:\/\/fullsolutions.info\/wp-content\/uploads\/2021\/07\/cropped-Design-sem-nome-300x193-1-e1627062664782.png\",\"width\":202,\"height\":155,\"caption\":\"Full Solutions\"},\"image\":{\"@id\":\"https:\/\/fullsolutions.info\/#\/schema\/logo\/image\/\"},\"sameAs\":[\"https:\/\/www.linkedin.com\/company\/full-solutions-equipment\"]}]}<\/script>\n<!-- \/ Yoast SEO plugin. -->","yoast_head_json":{"title":"SHLM-MI Series Source Holder - Full Solutions","description":"SHLM-MI Series Source Holder para sistemas de medi\u00e7\u00e3o por radia\u00e7\u00e3o. Seguran\u00e7a, blindagem eficiente e alta confiabilidade industrial. Solicite cota\u00e7\u00e3o.","robots":{"index":"index","follow":"follow","max-snippet":"max-snippet:-1","max-image-preview":"max-image-preview:large","max-video-preview":"max-video-preview:-1"},"canonical":"https:\/\/fullsolutions.info\/en\/product\/shlm-mi-series-source-holder\/","og_locale":"en_US","og_type":"article","og_title":"SHLM-MI Series Source Holder - Full Solutions","og_description":"SHLM-MI Series Source Holder para sistemas de medi\u00e7\u00e3o por radia\u00e7\u00e3o. Seguran\u00e7a, blindagem eficiente e alta confiabilidade industrial. Solicite cota\u00e7\u00e3o.","og_url":"https:\/\/fullsolutions.info\/en\/product\/shlm-mi-series-source-holder\/","og_site_name":"Full Solutions","article_modified_time":"2026-04-20T13:25:33+00:00","og_image":[{"width":549,"height":533,"url":"https:\/\/mlhff0prgoxu.i.optimole.com\/cb:s0sM.767\/w:auto\/h:auto\/q:mauto\/f:best\/https:\/\/fullsolutions.info\/wp-content\/uploads\/2026\/02\/Source-holder-SHLM-MI.png","type":"image\/png"}],"twitter_card":"summary_large_image","twitter_misc":{"Est. reading time":"1 minute"},"schema":{"@context":"https:\/\/schema.org","@graph":[{"@type":"WebPage","@id":"https:\/\/fullsolutions.info\/produto\/shlm-mi-series-source-holder\/","url":"https:\/\/fullsolutions.info\/produto\/shlm-mi-series-source-holder\/","name":"SHLM-MI Series Source Holder - Full Solutions","isPartOf":{"@id":"https:\/\/fullsolutions.info\/#website"},"primaryImageOfPage":{"@id":"https:\/\/fullsolutions.info\/produto\/shlm-mi-series-source-holder\/#primaryimage"},"image":{"@id":"https:\/\/fullsolutions.info\/produto\/shlm-mi-series-source-holder\/#primaryimage"},"thumbnailUrl":"https:\/\/mlhff0prgoxu.i.optimole.com\/cb:s0sM.767\/w:auto\/h:auto\/q:mauto\/f:best\/https:\/\/fullsolutions.info\/wp-content\/uploads\/2026\/02\/Source-holder-SHLM-MI.png","datePublished":"2026-02-02T17:03:37+00:00","dateModified":"2026-04-20T13:25:33+00:00","description":"SHLM-MI Series Source Holder para sistemas de medi\u00e7\u00e3o por radia\u00e7\u00e3o. Seguran\u00e7a, blindagem eficiente e alta confiabilidade industrial. Solicite cota\u00e7\u00e3o.","breadcrumb":{"@id":"https:\/\/fullsolutions.info\/produto\/shlm-mi-series-source-holder\/#breadcrumb"},"inLanguage":"en-US","potentialAction":[{"@type":"ReadAction","target":["https:\/\/fullsolutions.info\/produto\/shlm-mi-series-source-holder\/"]}]},{"@type":"ImageObject","inLanguage":"en-US","@id":"https:\/\/fullsolutions.info\/produto\/shlm-mi-series-source-holder\/#primaryimage","url":"https:\/\/mlhff0prgoxu.i.optimole.com\/cb:s0sM.767\/w:auto\/h:auto\/q:mauto\/f:best\/https:\/\/fullsolutions.info\/wp-content\/uploads\/2026\/02\/Source-holder-SHLM-MI.png","contentUrl":"https:\/\/mlhff0prgoxu.i.optimole.com\/cb:s0sM.767\/w:auto\/h:auto\/q:mauto\/f:best\/https:\/\/fullsolutions.info\/wp-content\/uploads\/2026\/02\/Source-holder-SHLM-MI.png","width":549,"height":533},{"@type":"BreadcrumbList","@id":"https:\/\/fullsolutions.info\/produto\/shlm-mi-series-source-holder\/#breadcrumb","itemListElement":[{"@type":"ListItem","position":1,"name":"In\u00edcio","item":"https:\/\/fullsolutions.info\/"},{"@type":"ListItem","position":2,"name":"Produtos","item":"https:\/\/fullsolutions.info\/shop\/"},{"@type":"ListItem","position":3,"name":"SHLM-MI Series Source Holder"}]},{"@type":"WebSite","@id":"https:\/\/fullsolutions.info\/#website","url":"https:\/\/fullsolutions.info\/","name":"Full Solutions","description":"Empresa na \u00c1rea de Procurement","publisher":{"@id":"https:\/\/fullsolutions.info\/#organization"},"potentialAction":[{"@type":"SearchAction","target":{"@type":"EntryPoint","urlTemplate":"https:\/\/fullsolutions.info\/?s={search_term_string}"},"query-input":{"@type":"PropertyValueSpecification","valueRequired":true,"valueName":"search_term_string"}}],"inLanguage":"en-US"},{"@type":"Organization","@id":"https:\/\/fullsolutions.info\/#organization","name":"Full Solutions","url":"https:\/\/fullsolutions.info\/","logo":{"@type":"ImageObject","inLanguage":"en-US","@id":"https:\/\/fullsolutions.info\/#\/schema\/logo\/image\/","url":"https:\/\/mlhff0prgoxu.i.optimole.com\/cb:s0sM.767\/w:auto\/h:auto\/q:mauto\/f:best\/https:\/\/fullsolutions.info\/wp-content\/uploads\/2021\/07\/cropped-Design-sem-nome-300x193-1-e1627062664782.png","contentUrl":"https:\/\/mlhff0prgoxu.i.optimole.com\/cb:s0sM.767\/w:auto\/h:auto\/q:mauto\/f:best\/https:\/\/fullsolutions.info\/wp-content\/uploads\/2021\/07\/cropped-Design-sem-nome-300x193-1-e1627062664782.png","width":202,"height":155,"caption":"Full Solutions"},"image":{"@id":"https:\/\/fullsolutions.info\/#\/schema\/logo\/image\/"},"sameAs":["https:\/\/www.linkedin.com\/company\/full-solutions-equipment"]}]}},"_links":{"self":[{"href":"https:\/\/fullsolutions.info\/en\/wp-json\/wp\/v2\/product\/5772","targetHints":{"allow":["GET"]}}],"collection":[{"href":"https:\/\/fullsolutions.info\/en\/wp-json\/wp\/v2\/product"}],"about":[{"href":"https:\/\/fullsolutions.info\/en\/wp-json\/wp\/v2\/types\/product"}],"replies":[{"embeddable":true,"href":"https:\/\/fullsolutions.info\/en\/wp-json\/wp\/v2\/comments?post=5772"}],"wp:featuredmedia":[{"embeddable":true,"href":"https:\/\/fullsolutions.info\/en\/wp-json\/wp\/v2\/media\/5773"}],"wp:attachment":[{"href":"https:\/\/fullsolutions.info\/en\/wp-json\/wp\/v2\/media?parent=5772"}],"wp:term":[{"taxonomy":"product_brand","embeddable":true,"href":"https:\/\/fullsolutions.info\/en\/wp-json\/wp\/v2\/product_brand?post=5772"},{"taxonomy":"product_cat","embeddable":true,"href":"https:\/\/fullsolutions.info\/en\/wp-json\/wp\/v2\/product_cat?post=5772"},{"taxonomy":"product_tag","embeddable":true,"href":"https:\/\/fullsolutions.info\/en\/wp-json\/wp\/v2\/product_tag?post=5772"},{"taxonomy":"marca","embeddable":true,"href":"https:\/\/fullsolutions.info\/en\/wp-json\/wp\/v2\/marca?post=5772"}],"curies":[{"name":"wp","href":"https:\/\/api.w.org\/{rel}","templated":true}]}}