{"id":5746,"date":"2026-02-02T09:43:59","date_gmt":"2026-02-02T12:43:59","guid":{"rendered":"https:\/\/fullsolutions.info\/?post_type=product&#038;p=5746"},"modified":"2026-04-20T10:54:15","modified_gmt":"2026-04-20T13:54:15","slug":"fibertrac-32","status":"publish","type":"product","link":"https:\/\/fullsolutions.info\/en\/product\/fibertrac-32\/","title":{"rendered":"FIBERTRAC 32"},"content":{"rendered":"<div class=\"product-characteristic-text\">\n<p data-start=\"604\" data-end=\"750\">O FIBERTRAC 32 realiza a medi\u00e7\u00e3o cont\u00ednua de n\u00edvel utilizando tecnologia radiom\u00e9trica, permitindo monitoramento preciso sem contato com o produto.<\/p>\n<p data-start=\"752\" data-end=\"1061\">O sensor capta a radia\u00e7\u00e3o emitida por uma fonte instalada externamente ao processo e converte essa informa\u00e7\u00e3o em sinal de n\u00edvel cont\u00ednuo. Voc\u00ea pode instalar o FIBERTRAC 32 externamente ao vaso ou \u00e0 tubula\u00e7\u00e3o, garantindo opera\u00e7\u00e3o segura mesmo em ambientes com alta temperatura, press\u00e3o ou materiais agressivos.<\/p>\n<p data-start=\"1063\" data-end=\"1210\">O equipamento oferece alta sensibilidade e estabilidade, sendo ideal para aplica\u00e7\u00f5es industriais complexas onde outras tecnologias n\u00e3o s\u00e3o vi\u00e1veis.<\/p>\n<\/div>","protected":false},"excerpt":{"rendered":"<p>O FIBERTRAC 32 realiza a medi\u00e7\u00e3o cont\u00ednua de n\u00edvel utilizando tecnologia radiom\u00e9trica, permitindo monitoramento preciso sem contato com o produto. O sensor capta a radia\u00e7\u00e3o emitida por uma fonte instalada externamente ao processo e converte essa informa\u00e7\u00e3o em sinal de n\u00edvel cont\u00ednuo. Voc\u00ea pode instalar o FIBERTRAC 32 externamente ao vaso ou \u00e0 tubula\u00e7\u00e3o, garantindo opera\u00e7\u00e3o segura mesmo em ambientes com alta temperatura, press\u00e3o ou materiais agressivos. O equipamento oferece alta sensibilidade e estabilidade, sendo ideal para aplica\u00e7\u00f5es industriais complexas onde outras tecnologias n\u00e3o s\u00e3o vi\u00e1veis.<\/p>","protected":false},"featured_media":5749,"comment_status":"open","ping_status":"closed","template":"","meta":{"_joinchat":[]},"product_brand":[],"product_cat":[175],"product_tag":[],"marca":[176],"class_list":{"0":"post-5746","1":"product","2":"type-product","3":"status-publish","4":"has-post-thumbnail","6":"product_cat-medicao","7":"marca-vega","9":"first","10":"instock","11":"shipping-taxable","12":"product-type-simple"},"yoast_head":"<!-- This site is optimized with the Yoast SEO plugin v27.2 - https:\/\/yoast.com\/product\/yoast-seo-wordpress\/ -->\n<title>FIBERTRAC 32 - Full Solutions<\/title>\n<meta name=\"description\" content=\"FIBERTRAC 32 da VEGA: sensor radiom\u00e9trico para medi\u00e7\u00e3o cont\u00ednua de n\u00edvel sem contato. Ideal para processos industriais severos. Solicite cota\u00e7\u00e3o.\" \/>\n<meta name=\"robots\" content=\"index, follow, max-snippet:-1, max-image-preview:large, max-video-preview:-1\" \/>\n<link rel=\"canonical\" href=\"https:\/\/fullsolutions.info\/en\/product\/fibertrac-32\/\" \/>\n<meta property=\"og:locale\" content=\"en_US\" \/>\n<meta property=\"og:type\" content=\"article\" \/>\n<meta property=\"og:title\" content=\"FIBERTRAC 32 - Full Solutions\" \/>\n<meta property=\"og:description\" content=\"FIBERTRAC 32 da VEGA: sensor radiom\u00e9trico para medi\u00e7\u00e3o cont\u00ednua de n\u00edvel sem contato. Ideal para processos industriais severos. Solicite cota\u00e7\u00e3o.\" \/>\n<meta property=\"og:url\" content=\"https:\/\/fullsolutions.info\/en\/product\/fibertrac-32\/\" \/>\n<meta property=\"og:site_name\" content=\"Full Solutions\" \/>\n<meta property=\"article:modified_time\" content=\"2026-04-20T13:54:15+00:00\" \/>\n<meta property=\"og:image\" content=\"https:\/\/mlhff0prgoxu.i.optimole.com\/cb:s0sM.767\/w:auto\/h:auto\/q:mauto\/f:best\/https:\/\/fullsolutions.info\/wp-content\/uploads\/2026\/02\/F-FiberTrac-Radiometrischer-Sensor-zur-kontinuierlichen-Fuellstandmessung-FIBERTRAC32-2.png\" \/>\n\t<meta property=\"og:image:width\" content=\"549\" \/>\n\t<meta property=\"og:image:height\" content=\"533\" \/>\n\t<meta property=\"og:image:type\" content=\"image\/png\" \/>\n<meta name=\"twitter:card\" content=\"summary_large_image\" \/>\n<meta name=\"twitter:label1\" content=\"Est. reading time\" \/>\n\t<meta name=\"twitter:data1\" content=\"1 minute\" \/>\n<script type=\"application\/ld+json\" class=\"yoast-schema-graph\">{\"@context\":\"https:\/\/schema.org\",\"@graph\":[{\"@type\":\"WebPage\",\"@id\":\"https:\/\/fullsolutions.info\/produto\/fibertrac-32\/\",\"url\":\"https:\/\/fullsolutions.info\/produto\/fibertrac-32\/\",\"name\":\"FIBERTRAC 32 - Full Solutions\",\"isPartOf\":{\"@id\":\"https:\/\/fullsolutions.info\/#website\"},\"primaryImageOfPage\":{\"@id\":\"https:\/\/fullsolutions.info\/produto\/fibertrac-32\/#primaryimage\"},\"image\":{\"@id\":\"https:\/\/fullsolutions.info\/produto\/fibertrac-32\/#primaryimage\"},\"thumbnailUrl\":\"https:\/\/mlhff0prgoxu.i.optimole.com\/cb:s0sM.767\/w:auto\/h:auto\/q:mauto\/f:best\/https:\/\/fullsolutions.info\/wp-content\/uploads\/2026\/02\/F-FiberTrac-Radiometrischer-Sensor-zur-kontinuierlichen-Fuellstandmessung-FIBERTRAC32-2.png\",\"datePublished\":\"2026-02-02T12:43:59+00:00\",\"dateModified\":\"2026-04-20T13:54:15+00:00\",\"description\":\"FIBERTRAC 32 da VEGA: sensor radiom\u00e9trico para medi\u00e7\u00e3o cont\u00ednua de n\u00edvel sem contato. Ideal para processos industriais severos. Solicite cota\u00e7\u00e3o.\",\"breadcrumb\":{\"@id\":\"https:\/\/fullsolutions.info\/produto\/fibertrac-32\/#breadcrumb\"},\"inLanguage\":\"en-US\",\"potentialAction\":[{\"@type\":\"ReadAction\",\"target\":[\"https:\/\/fullsolutions.info\/produto\/fibertrac-32\/\"]}]},{\"@type\":\"ImageObject\",\"inLanguage\":\"en-US\",\"@id\":\"https:\/\/fullsolutions.info\/produto\/fibertrac-32\/#primaryimage\",\"url\":\"https:\/\/mlhff0prgoxu.i.optimole.com\/cb:s0sM.767\/w:auto\/h:auto\/q:mauto\/f:best\/https:\/\/fullsolutions.info\/wp-content\/uploads\/2026\/02\/F-FiberTrac-Radiometrischer-Sensor-zur-kontinuierlichen-Fuellstandmessung-FIBERTRAC32-2.png\",\"contentUrl\":\"https:\/\/mlhff0prgoxu.i.optimole.com\/cb:s0sM.767\/w:auto\/h:auto\/q:mauto\/f:best\/https:\/\/fullsolutions.info\/wp-content\/uploads\/2026\/02\/F-FiberTrac-Radiometrischer-Sensor-zur-kontinuierlichen-Fuellstandmessung-FIBERTRAC32-2.png\",\"width\":549,\"height\":533},{\"@type\":\"BreadcrumbList\",\"@id\":\"https:\/\/fullsolutions.info\/produto\/fibertrac-32\/#breadcrumb\",\"itemListElement\":[{\"@type\":\"ListItem\",\"position\":1,\"name\":\"In\u00edcio\",\"item\":\"https:\/\/fullsolutions.info\/\"},{\"@type\":\"ListItem\",\"position\":2,\"name\":\"Produtos\",\"item\":\"https:\/\/fullsolutions.info\/shop\/\"},{\"@type\":\"ListItem\",\"position\":3,\"name\":\"FIBERTRAC 32\"}]},{\"@type\":\"WebSite\",\"@id\":\"https:\/\/fullsolutions.info\/#website\",\"url\":\"https:\/\/fullsolutions.info\/\",\"name\":\"Full Solutions\",\"description\":\"Empresa na \u00c1rea de Procurement\",\"publisher\":{\"@id\":\"https:\/\/fullsolutions.info\/#organization\"},\"potentialAction\":[{\"@type\":\"SearchAction\",\"target\":{\"@type\":\"EntryPoint\",\"urlTemplate\":\"https:\/\/fullsolutions.info\/?s={search_term_string}\"},\"query-input\":{\"@type\":\"PropertyValueSpecification\",\"valueRequired\":true,\"valueName\":\"search_term_string\"}}],\"inLanguage\":\"en-US\"},{\"@type\":\"Organization\",\"@id\":\"https:\/\/fullsolutions.info\/#organization\",\"name\":\"Full Solutions\",\"url\":\"https:\/\/fullsolutions.info\/\",\"logo\":{\"@type\":\"ImageObject\",\"inLanguage\":\"en-US\",\"@id\":\"https:\/\/fullsolutions.info\/#\/schema\/logo\/image\/\",\"url\":\"https:\/\/mlhff0prgoxu.i.optimole.com\/cb:s0sM.767\/w:auto\/h:auto\/q:mauto\/f:best\/https:\/\/fullsolutions.info\/wp-content\/uploads\/2021\/07\/cropped-Design-sem-nome-300x193-1-e1627062664782.png\",\"contentUrl\":\"https:\/\/mlhff0prgoxu.i.optimole.com\/cb:s0sM.767\/w:auto\/h:auto\/q:mauto\/f:best\/https:\/\/fullsolutions.info\/wp-content\/uploads\/2021\/07\/cropped-Design-sem-nome-300x193-1-e1627062664782.png\",\"width\":202,\"height\":155,\"caption\":\"Full Solutions\"},\"image\":{\"@id\":\"https:\/\/fullsolutions.info\/#\/schema\/logo\/image\/\"},\"sameAs\":[\"https:\/\/www.linkedin.com\/company\/full-solutions-equipment\"]}]}<\/script>\n<!-- \/ Yoast SEO plugin. -->","yoast_head_json":{"title":"FIBERTRAC 32 - Full Solutions","description":"FIBERTRAC 32 da VEGA: sensor radiom\u00e9trico para medi\u00e7\u00e3o cont\u00ednua de n\u00edvel sem contato. Ideal para processos industriais severos. Solicite cota\u00e7\u00e3o.","robots":{"index":"index","follow":"follow","max-snippet":"max-snippet:-1","max-image-preview":"max-image-preview:large","max-video-preview":"max-video-preview:-1"},"canonical":"https:\/\/fullsolutions.info\/en\/product\/fibertrac-32\/","og_locale":"en_US","og_type":"article","og_title":"FIBERTRAC 32 - Full Solutions","og_description":"FIBERTRAC 32 da VEGA: sensor radiom\u00e9trico para medi\u00e7\u00e3o cont\u00ednua de n\u00edvel sem contato. Ideal para processos industriais severos. Solicite cota\u00e7\u00e3o.","og_url":"https:\/\/fullsolutions.info\/en\/product\/fibertrac-32\/","og_site_name":"Full Solutions","article_modified_time":"2026-04-20T13:54:15+00:00","og_image":[{"width":549,"height":533,"url":"https:\/\/mlhff0prgoxu.i.optimole.com\/cb:s0sM.767\/w:auto\/h:auto\/q:mauto\/f:best\/https:\/\/fullsolutions.info\/wp-content\/uploads\/2026\/02\/F-FiberTrac-Radiometrischer-Sensor-zur-kontinuierlichen-Fuellstandmessung-FIBERTRAC32-2.png","type":"image\/png"}],"twitter_card":"summary_large_image","twitter_misc":{"Est. reading time":"1 minute"},"schema":{"@context":"https:\/\/schema.org","@graph":[{"@type":"WebPage","@id":"https:\/\/fullsolutions.info\/produto\/fibertrac-32\/","url":"https:\/\/fullsolutions.info\/produto\/fibertrac-32\/","name":"FIBERTRAC 32 - Full Solutions","isPartOf":{"@id":"https:\/\/fullsolutions.info\/#website"},"primaryImageOfPage":{"@id":"https:\/\/fullsolutions.info\/produto\/fibertrac-32\/#primaryimage"},"image":{"@id":"https:\/\/fullsolutions.info\/produto\/fibertrac-32\/#primaryimage"},"thumbnailUrl":"https:\/\/mlhff0prgoxu.i.optimole.com\/cb:s0sM.767\/w:auto\/h:auto\/q:mauto\/f:best\/https:\/\/fullsolutions.info\/wp-content\/uploads\/2026\/02\/F-FiberTrac-Radiometrischer-Sensor-zur-kontinuierlichen-Fuellstandmessung-FIBERTRAC32-2.png","datePublished":"2026-02-02T12:43:59+00:00","dateModified":"2026-04-20T13:54:15+00:00","description":"FIBERTRAC 32 da VEGA: sensor radiom\u00e9trico para medi\u00e7\u00e3o cont\u00ednua de n\u00edvel sem contato. Ideal para processos industriais severos. Solicite cota\u00e7\u00e3o.","breadcrumb":{"@id":"https:\/\/fullsolutions.info\/produto\/fibertrac-32\/#breadcrumb"},"inLanguage":"en-US","potentialAction":[{"@type":"ReadAction","target":["https:\/\/fullsolutions.info\/produto\/fibertrac-32\/"]}]},{"@type":"ImageObject","inLanguage":"en-US","@id":"https:\/\/fullsolutions.info\/produto\/fibertrac-32\/#primaryimage","url":"https:\/\/mlhff0prgoxu.i.optimole.com\/cb:s0sM.767\/w:auto\/h:auto\/q:mauto\/f:best\/https:\/\/fullsolutions.info\/wp-content\/uploads\/2026\/02\/F-FiberTrac-Radiometrischer-Sensor-zur-kontinuierlichen-Fuellstandmessung-FIBERTRAC32-2.png","contentUrl":"https:\/\/mlhff0prgoxu.i.optimole.com\/cb:s0sM.767\/w:auto\/h:auto\/q:mauto\/f:best\/https:\/\/fullsolutions.info\/wp-content\/uploads\/2026\/02\/F-FiberTrac-Radiometrischer-Sensor-zur-kontinuierlichen-Fuellstandmessung-FIBERTRAC32-2.png","width":549,"height":533},{"@type":"BreadcrumbList","@id":"https:\/\/fullsolutions.info\/produto\/fibertrac-32\/#breadcrumb","itemListElement":[{"@type":"ListItem","position":1,"name":"In\u00edcio","item":"https:\/\/fullsolutions.info\/"},{"@type":"ListItem","position":2,"name":"Produtos","item":"https:\/\/fullsolutions.info\/shop\/"},{"@type":"ListItem","position":3,"name":"FIBERTRAC 32"}]},{"@type":"WebSite","@id":"https:\/\/fullsolutions.info\/#website","url":"https:\/\/fullsolutions.info\/","name":"Full Solutions","description":"Empresa na \u00c1rea de Procurement","publisher":{"@id":"https:\/\/fullsolutions.info\/#organization"},"potentialAction":[{"@type":"SearchAction","target":{"@type":"EntryPoint","urlTemplate":"https:\/\/fullsolutions.info\/?s={search_term_string}"},"query-input":{"@type":"PropertyValueSpecification","valueRequired":true,"valueName":"search_term_string"}}],"inLanguage":"en-US"},{"@type":"Organization","@id":"https:\/\/fullsolutions.info\/#organization","name":"Full Solutions","url":"https:\/\/fullsolutions.info\/","logo":{"@type":"ImageObject","inLanguage":"en-US","@id":"https:\/\/fullsolutions.info\/#\/schema\/logo\/image\/","url":"https:\/\/mlhff0prgoxu.i.optimole.com\/cb:s0sM.767\/w:auto\/h:auto\/q:mauto\/f:best\/https:\/\/fullsolutions.info\/wp-content\/uploads\/2021\/07\/cropped-Design-sem-nome-300x193-1-e1627062664782.png","contentUrl":"https:\/\/mlhff0prgoxu.i.optimole.com\/cb:s0sM.767\/w:auto\/h:auto\/q:mauto\/f:best\/https:\/\/fullsolutions.info\/wp-content\/uploads\/2021\/07\/cropped-Design-sem-nome-300x193-1-e1627062664782.png","width":202,"height":155,"caption":"Full Solutions"},"image":{"@id":"https:\/\/fullsolutions.info\/#\/schema\/logo\/image\/"},"sameAs":["https:\/\/www.linkedin.com\/company\/full-solutions-equipment"]}]}},"_links":{"self":[{"href":"https:\/\/fullsolutions.info\/en\/wp-json\/wp\/v2\/product\/5746","targetHints":{"allow":["GET"]}}],"collection":[{"href":"https:\/\/fullsolutions.info\/en\/wp-json\/wp\/v2\/product"}],"about":[{"href":"https:\/\/fullsolutions.info\/en\/wp-json\/wp\/v2\/types\/product"}],"replies":[{"embeddable":true,"href":"https:\/\/fullsolutions.info\/en\/wp-json\/wp\/v2\/comments?post=5746"}],"wp:featuredmedia":[{"embeddable":true,"href":"https:\/\/fullsolutions.info\/en\/wp-json\/wp\/v2\/media\/5749"}],"wp:attachment":[{"href":"https:\/\/fullsolutions.info\/en\/wp-json\/wp\/v2\/media?parent=5746"}],"wp:term":[{"taxonomy":"product_brand","embeddable":true,"href":"https:\/\/fullsolutions.info\/en\/wp-json\/wp\/v2\/product_brand?post=5746"},{"taxonomy":"product_cat","embeddable":true,"href":"https:\/\/fullsolutions.info\/en\/wp-json\/wp\/v2\/product_cat?post=5746"},{"taxonomy":"product_tag","embeddable":true,"href":"https:\/\/fullsolutions.info\/en\/wp-json\/wp\/v2\/product_tag?post=5746"},{"taxonomy":"marca","embeddable":true,"href":"https:\/\/fullsolutions.info\/en\/wp-json\/wp\/v2\/marca?post=5746"}],"curies":[{"name":"wp","href":"https:\/\/api.w.org\/{rel}","templated":true}]}}