{"id":5744,"date":"2026-02-02T09:40:21","date_gmt":"2026-02-02T12:40:21","guid":{"rendered":"https:\/\/fullsolutions.info\/?post_type=product&#038;p=5744"},"modified":"2026-04-20T15:19:48","modified_gmt":"2026-04-20T18:19:48","slug":"fibertrac-31","status":"publish","type":"product","link":"https:\/\/fullsolutions.info\/en\/product\/fibertrac-31\/","title":{"rendered":"FIBERTRAC 31"},"content":{"rendered":"<div class=\"product-characteristic-text\">\n<p data-start=\"557\" data-end=\"665\">O FIBERTRAC 31 mede o n\u00edvel de forma cont\u00ednua utilizando tecnologia radiom\u00e9trica, sem contato com o produto.<\/p>\n<p data-start=\"667\" data-end=\"931\">O sensor capta a radia\u00e7\u00e3o emitida por uma fonte instalada externamente ao processo e converte esse sinal em um valor cont\u00ednuo de n\u00edvel. Voc\u00ea pode instalar o equipamento externamente ao vaso ou \u00e0 tubula\u00e7\u00e3o, eliminando desgaste mec\u00e2nico e interfer\u00eancias do processo.<\/p>\n<p data-start=\"933\" data-end=\"1092\">O FIBERTRAC 31 mant\u00e9m desempenho confi\u00e1vel mesmo em condi\u00e7\u00f5es cr\u00edticas, como alta temperatura, press\u00e3o elevada, incrusta\u00e7\u00e3o e presen\u00e7a de materiais agressivos.<\/p>\n<\/div>","protected":false},"excerpt":{"rendered":"<p>O FIBERTRAC 31 mede o n\u00edvel de forma cont\u00ednua utilizando tecnologia radiom\u00e9trica, sem contato com o produto. O sensor capta a radia\u00e7\u00e3o emitida por uma fonte instalada externamente ao processo e converte esse sinal em um valor cont\u00ednuo de n\u00edvel. Voc\u00ea pode instalar o equipamento externamente ao vaso ou \u00e0 tubula\u00e7\u00e3o, eliminando desgaste mec\u00e2nico e interfer\u00eancias do processo. O FIBERTRAC 31 mant\u00e9m desempenho confi\u00e1vel mesmo em condi\u00e7\u00f5es cr\u00edticas, como alta temperatura, press\u00e3o elevada, incrusta\u00e7\u00e3o e presen\u00e7a de materiais agressivos.<\/p>","protected":false},"featured_media":5745,"comment_status":"open","ping_status":"closed","template":"","meta":{"_joinchat":[]},"product_brand":[],"product_cat":[175],"product_tag":[],"marca":[176],"class_list":{"0":"post-5744","1":"product","2":"type-product","3":"status-publish","4":"has-post-thumbnail","6":"product_cat-medicao","7":"marca-vega","9":"first","10":"instock","11":"shipping-taxable","12":"product-type-simple"},"yoast_head":"<!-- This site is optimized with the Yoast SEO plugin v27.2 - https:\/\/yoast.com\/product\/yoast-seo-wordpress\/ -->\n<title>FIBERTRAC 31 - Full Solutions<\/title>\n<meta name=\"description\" content=\"FIBERTRAC 31 da VEGA: sensor radiom\u00e9trico para medi\u00e7\u00e3o cont\u00ednua de n\u00edvel sem contato. Ideal para aplica\u00e7\u00f5es industriais severas. Solicite cota\u00e7\u00e3o.\" \/>\n<meta name=\"robots\" content=\"index, follow, max-snippet:-1, max-image-preview:large, max-video-preview:-1\" \/>\n<link rel=\"canonical\" href=\"https:\/\/fullsolutions.info\/en\/product\/fibertrac-31\/\" \/>\n<meta property=\"og:locale\" content=\"en_US\" \/>\n<meta property=\"og:type\" content=\"article\" \/>\n<meta property=\"og:title\" content=\"FIBERTRAC 31 - Full Solutions\" \/>\n<meta property=\"og:description\" content=\"FIBERTRAC 31 da VEGA: sensor radiom\u00e9trico para medi\u00e7\u00e3o cont\u00ednua de n\u00edvel sem contato. Ideal para aplica\u00e7\u00f5es industriais severas. Solicite cota\u00e7\u00e3o.\" \/>\n<meta property=\"og:url\" content=\"https:\/\/fullsolutions.info\/en\/product\/fibertrac-31\/\" \/>\n<meta property=\"og:site_name\" content=\"Full Solutions\" \/>\n<meta property=\"article:modified_time\" content=\"2026-04-20T18:19:48+00:00\" \/>\n<meta property=\"og:image\" content=\"https:\/\/mlhff0prgoxu.i.optimole.com\/cb:s0sM.767\/w:auto\/h:auto\/q:mauto\/f:best\/https:\/\/fullsolutions.info\/wp-content\/uploads\/2026\/02\/F-FiberTrac-Radiometrischer-Sensor-zur-kontinuierlichen-Fuellstandmessung-FIBERTRAC31n.png\" \/>\n\t<meta property=\"og:image:width\" content=\"549\" \/>\n\t<meta property=\"og:image:height\" content=\"533\" \/>\n\t<meta property=\"og:image:type\" content=\"image\/png\" \/>\n<meta name=\"twitter:card\" content=\"summary_large_image\" \/>\n<meta name=\"twitter:label1\" content=\"Est. reading time\" \/>\n\t<meta name=\"twitter:data1\" content=\"1 minute\" \/>\n<script type=\"application\/ld+json\" class=\"yoast-schema-graph\">{\"@context\":\"https:\/\/schema.org\",\"@graph\":[{\"@type\":\"WebPage\",\"@id\":\"https:\/\/fullsolutions.info\/produto\/fibertrac-31\/\",\"url\":\"https:\/\/fullsolutions.info\/produto\/fibertrac-31\/\",\"name\":\"FIBERTRAC 31 - Full Solutions\",\"isPartOf\":{\"@id\":\"https:\/\/fullsolutions.info\/#website\"},\"primaryImageOfPage\":{\"@id\":\"https:\/\/fullsolutions.info\/produto\/fibertrac-31\/#primaryimage\"},\"image\":{\"@id\":\"https:\/\/fullsolutions.info\/produto\/fibertrac-31\/#primaryimage\"},\"thumbnailUrl\":\"https:\/\/mlhff0prgoxu.i.optimole.com\/cb:s0sM.767\/w:auto\/h:auto\/q:mauto\/f:best\/https:\/\/fullsolutions.info\/wp-content\/uploads\/2026\/02\/F-FiberTrac-Radiometrischer-Sensor-zur-kontinuierlichen-Fuellstandmessung-FIBERTRAC31n.png\",\"datePublished\":\"2026-02-02T12:40:21+00:00\",\"dateModified\":\"2026-04-20T18:19:48+00:00\",\"description\":\"FIBERTRAC 31 da VEGA: sensor radiom\u00e9trico para medi\u00e7\u00e3o cont\u00ednua de n\u00edvel sem contato. Ideal para aplica\u00e7\u00f5es industriais severas. Solicite cota\u00e7\u00e3o.\",\"breadcrumb\":{\"@id\":\"https:\/\/fullsolutions.info\/produto\/fibertrac-31\/#breadcrumb\"},\"inLanguage\":\"en-US\",\"potentialAction\":[{\"@type\":\"ReadAction\",\"target\":[\"https:\/\/fullsolutions.info\/produto\/fibertrac-31\/\"]}]},{\"@type\":\"ImageObject\",\"inLanguage\":\"en-US\",\"@id\":\"https:\/\/fullsolutions.info\/produto\/fibertrac-31\/#primaryimage\",\"url\":\"https:\/\/mlhff0prgoxu.i.optimole.com\/cb:s0sM.767\/w:auto\/h:auto\/q:mauto\/f:best\/https:\/\/fullsolutions.info\/wp-content\/uploads\/2026\/02\/F-FiberTrac-Radiometrischer-Sensor-zur-kontinuierlichen-Fuellstandmessung-FIBERTRAC31n.png\",\"contentUrl\":\"https:\/\/mlhff0prgoxu.i.optimole.com\/cb:s0sM.767\/w:auto\/h:auto\/q:mauto\/f:best\/https:\/\/fullsolutions.info\/wp-content\/uploads\/2026\/02\/F-FiberTrac-Radiometrischer-Sensor-zur-kontinuierlichen-Fuellstandmessung-FIBERTRAC31n.png\",\"width\":549,\"height\":533},{\"@type\":\"BreadcrumbList\",\"@id\":\"https:\/\/fullsolutions.info\/produto\/fibertrac-31\/#breadcrumb\",\"itemListElement\":[{\"@type\":\"ListItem\",\"position\":1,\"name\":\"In\u00edcio\",\"item\":\"https:\/\/fullsolutions.info\/\"},{\"@type\":\"ListItem\",\"position\":2,\"name\":\"Produtos\",\"item\":\"https:\/\/fullsolutions.info\/shop\/\"},{\"@type\":\"ListItem\",\"position\":3,\"name\":\"FIBERTRAC 31\"}]},{\"@type\":\"WebSite\",\"@id\":\"https:\/\/fullsolutions.info\/#website\",\"url\":\"https:\/\/fullsolutions.info\/\",\"name\":\"Full Solutions\",\"description\":\"Empresa na \u00c1rea de Procurement\",\"publisher\":{\"@id\":\"https:\/\/fullsolutions.info\/#organization\"},\"potentialAction\":[{\"@type\":\"SearchAction\",\"target\":{\"@type\":\"EntryPoint\",\"urlTemplate\":\"https:\/\/fullsolutions.info\/?s={search_term_string}\"},\"query-input\":{\"@type\":\"PropertyValueSpecification\",\"valueRequired\":true,\"valueName\":\"search_term_string\"}}],\"inLanguage\":\"en-US\"},{\"@type\":\"Organization\",\"@id\":\"https:\/\/fullsolutions.info\/#organization\",\"name\":\"Full Solutions\",\"url\":\"https:\/\/fullsolutions.info\/\",\"logo\":{\"@type\":\"ImageObject\",\"inLanguage\":\"en-US\",\"@id\":\"https:\/\/fullsolutions.info\/#\/schema\/logo\/image\/\",\"url\":\"https:\/\/mlhff0prgoxu.i.optimole.com\/cb:s0sM.767\/w:auto\/h:auto\/q:mauto\/f:best\/https:\/\/fullsolutions.info\/wp-content\/uploads\/2021\/07\/cropped-Design-sem-nome-300x193-1-e1627062664782.png\",\"contentUrl\":\"https:\/\/mlhff0prgoxu.i.optimole.com\/cb:s0sM.767\/w:auto\/h:auto\/q:mauto\/f:best\/https:\/\/fullsolutions.info\/wp-content\/uploads\/2021\/07\/cropped-Design-sem-nome-300x193-1-e1627062664782.png\",\"width\":202,\"height\":155,\"caption\":\"Full Solutions\"},\"image\":{\"@id\":\"https:\/\/fullsolutions.info\/#\/schema\/logo\/image\/\"},\"sameAs\":[\"https:\/\/www.linkedin.com\/company\/full-solutions-equipment\"]}]}<\/script>\n<!-- \/ Yoast SEO plugin. -->","yoast_head_json":{"title":"FIBERTRAC 31 - Full Solutions","description":"FIBERTRAC 31 da VEGA: sensor radiom\u00e9trico para medi\u00e7\u00e3o cont\u00ednua de n\u00edvel sem contato. Ideal para aplica\u00e7\u00f5es industriais severas. Solicite cota\u00e7\u00e3o.","robots":{"index":"index","follow":"follow","max-snippet":"max-snippet:-1","max-image-preview":"max-image-preview:large","max-video-preview":"max-video-preview:-1"},"canonical":"https:\/\/fullsolutions.info\/en\/product\/fibertrac-31\/","og_locale":"en_US","og_type":"article","og_title":"FIBERTRAC 31 - Full Solutions","og_description":"FIBERTRAC 31 da VEGA: sensor radiom\u00e9trico para medi\u00e7\u00e3o cont\u00ednua de n\u00edvel sem contato. Ideal para aplica\u00e7\u00f5es industriais severas. Solicite cota\u00e7\u00e3o.","og_url":"https:\/\/fullsolutions.info\/en\/product\/fibertrac-31\/","og_site_name":"Full Solutions","article_modified_time":"2026-04-20T18:19:48+00:00","og_image":[{"width":549,"height":533,"url":"https:\/\/mlhff0prgoxu.i.optimole.com\/cb:s0sM.767\/w:auto\/h:auto\/q:mauto\/f:best\/https:\/\/fullsolutions.info\/wp-content\/uploads\/2026\/02\/F-FiberTrac-Radiometrischer-Sensor-zur-kontinuierlichen-Fuellstandmessung-FIBERTRAC31n.png","type":"image\/png"}],"twitter_card":"summary_large_image","twitter_misc":{"Est. reading time":"1 minute"},"schema":{"@context":"https:\/\/schema.org","@graph":[{"@type":"WebPage","@id":"https:\/\/fullsolutions.info\/produto\/fibertrac-31\/","url":"https:\/\/fullsolutions.info\/produto\/fibertrac-31\/","name":"FIBERTRAC 31 - Full Solutions","isPartOf":{"@id":"https:\/\/fullsolutions.info\/#website"},"primaryImageOfPage":{"@id":"https:\/\/fullsolutions.info\/produto\/fibertrac-31\/#primaryimage"},"image":{"@id":"https:\/\/fullsolutions.info\/produto\/fibertrac-31\/#primaryimage"},"thumbnailUrl":"https:\/\/mlhff0prgoxu.i.optimole.com\/cb:s0sM.767\/w:auto\/h:auto\/q:mauto\/f:best\/https:\/\/fullsolutions.info\/wp-content\/uploads\/2026\/02\/F-FiberTrac-Radiometrischer-Sensor-zur-kontinuierlichen-Fuellstandmessung-FIBERTRAC31n.png","datePublished":"2026-02-02T12:40:21+00:00","dateModified":"2026-04-20T18:19:48+00:00","description":"FIBERTRAC 31 da VEGA: sensor radiom\u00e9trico para medi\u00e7\u00e3o cont\u00ednua de n\u00edvel sem contato. Ideal para aplica\u00e7\u00f5es industriais severas. Solicite cota\u00e7\u00e3o.","breadcrumb":{"@id":"https:\/\/fullsolutions.info\/produto\/fibertrac-31\/#breadcrumb"},"inLanguage":"en-US","potentialAction":[{"@type":"ReadAction","target":["https:\/\/fullsolutions.info\/produto\/fibertrac-31\/"]}]},{"@type":"ImageObject","inLanguage":"en-US","@id":"https:\/\/fullsolutions.info\/produto\/fibertrac-31\/#primaryimage","url":"https:\/\/mlhff0prgoxu.i.optimole.com\/cb:s0sM.767\/w:auto\/h:auto\/q:mauto\/f:best\/https:\/\/fullsolutions.info\/wp-content\/uploads\/2026\/02\/F-FiberTrac-Radiometrischer-Sensor-zur-kontinuierlichen-Fuellstandmessung-FIBERTRAC31n.png","contentUrl":"https:\/\/mlhff0prgoxu.i.optimole.com\/cb:s0sM.767\/w:auto\/h:auto\/q:mauto\/f:best\/https:\/\/fullsolutions.info\/wp-content\/uploads\/2026\/02\/F-FiberTrac-Radiometrischer-Sensor-zur-kontinuierlichen-Fuellstandmessung-FIBERTRAC31n.png","width":549,"height":533},{"@type":"BreadcrumbList","@id":"https:\/\/fullsolutions.info\/produto\/fibertrac-31\/#breadcrumb","itemListElement":[{"@type":"ListItem","position":1,"name":"In\u00edcio","item":"https:\/\/fullsolutions.info\/"},{"@type":"ListItem","position":2,"name":"Produtos","item":"https:\/\/fullsolutions.info\/shop\/"},{"@type":"ListItem","position":3,"name":"FIBERTRAC 31"}]},{"@type":"WebSite","@id":"https:\/\/fullsolutions.info\/#website","url":"https:\/\/fullsolutions.info\/","name":"Full Solutions","description":"Empresa na \u00c1rea de Procurement","publisher":{"@id":"https:\/\/fullsolutions.info\/#organization"},"potentialAction":[{"@type":"SearchAction","target":{"@type":"EntryPoint","urlTemplate":"https:\/\/fullsolutions.info\/?s={search_term_string}"},"query-input":{"@type":"PropertyValueSpecification","valueRequired":true,"valueName":"search_term_string"}}],"inLanguage":"en-US"},{"@type":"Organization","@id":"https:\/\/fullsolutions.info\/#organization","name":"Full Solutions","url":"https:\/\/fullsolutions.info\/","logo":{"@type":"ImageObject","inLanguage":"en-US","@id":"https:\/\/fullsolutions.info\/#\/schema\/logo\/image\/","url":"https:\/\/mlhff0prgoxu.i.optimole.com\/cb:s0sM.767\/w:auto\/h:auto\/q:mauto\/f:best\/https:\/\/fullsolutions.info\/wp-content\/uploads\/2021\/07\/cropped-Design-sem-nome-300x193-1-e1627062664782.png","contentUrl":"https:\/\/mlhff0prgoxu.i.optimole.com\/cb:s0sM.767\/w:auto\/h:auto\/q:mauto\/f:best\/https:\/\/fullsolutions.info\/wp-content\/uploads\/2021\/07\/cropped-Design-sem-nome-300x193-1-e1627062664782.png","width":202,"height":155,"caption":"Full Solutions"},"image":{"@id":"https:\/\/fullsolutions.info\/#\/schema\/logo\/image\/"},"sameAs":["https:\/\/www.linkedin.com\/company\/full-solutions-equipment"]}]}},"_links":{"self":[{"href":"https:\/\/fullsolutions.info\/en\/wp-json\/wp\/v2\/product\/5744","targetHints":{"allow":["GET"]}}],"collection":[{"href":"https:\/\/fullsolutions.info\/en\/wp-json\/wp\/v2\/product"}],"about":[{"href":"https:\/\/fullsolutions.info\/en\/wp-json\/wp\/v2\/types\/product"}],"replies":[{"embeddable":true,"href":"https:\/\/fullsolutions.info\/en\/wp-json\/wp\/v2\/comments?post=5744"}],"wp:featuredmedia":[{"embeddable":true,"href":"https:\/\/fullsolutions.info\/en\/wp-json\/wp\/v2\/media\/5745"}],"wp:attachment":[{"href":"https:\/\/fullsolutions.info\/en\/wp-json\/wp\/v2\/media?parent=5744"}],"wp:term":[{"taxonomy":"product_brand","embeddable":true,"href":"https:\/\/fullsolutions.info\/en\/wp-json\/wp\/v2\/product_brand?post=5744"},{"taxonomy":"product_cat","embeddable":true,"href":"https:\/\/fullsolutions.info\/en\/wp-json\/wp\/v2\/product_cat?post=5744"},{"taxonomy":"product_tag","embeddable":true,"href":"https:\/\/fullsolutions.info\/en\/wp-json\/wp\/v2\/product_tag?post=5744"},{"taxonomy":"marca","embeddable":true,"href":"https:\/\/fullsolutions.info\/en\/wp-json\/wp\/v2\/marca?post=5744"}],"curies":[{"name":"wp","href":"https:\/\/api.w.org\/{rel}","templated":true}]}}