{"id":5739,"date":"2026-02-02T09:17:57","date_gmt":"2026-02-02T12:17:57","guid":{"rendered":"https:\/\/fullsolutions.info\/?post_type=product&#038;p=5739"},"modified":"2026-04-20T15:59:15","modified_gmt":"2026-04-20T18:59:15","slug":"vegabar-86-2","status":"publish","type":"product","link":"https:\/\/fullsolutions.info\/en\/product\/vegabar-86-2\/","title":{"rendered":"VEGABAR 86"},"content":{"rendered":"<div class=\"product-characteristic-text\">\n<p data-start=\"513\" data-end=\"701\">O VEGABAR 86 realiza a medi\u00e7\u00e3o de n\u00edvel e press\u00e3o por meio do princ\u00edpio hidrost\u00e1tico. O sensor converte a press\u00e3o exercida pela coluna de l\u00edquido em um sinal cont\u00ednuo e preciso de medi\u00e7\u00e3o.<\/p>\n<p data-start=\"703\" data-end=\"914\">Voc\u00ea pode instalar o VEGABAR 86 diretamente no meio l\u00edquido ou em po\u00e7os de medi\u00e7\u00e3o. O equipamento opera de forma est\u00e1vel em \u00e1gua, efluentes e l\u00edquidos industriais, mesmo sob varia\u00e7\u00f5es de temperatura e densidade.<\/p>\n<p data-start=\"916\" data-end=\"1007\">O dispositivo garante medi\u00e7\u00e3o confi\u00e1vel de longo prazo com baixa necessidade de manuten\u00e7\u00e3o.<\/p>\n<\/div>","protected":false},"excerpt":{"rendered":"<p>O VEGABAR 86 realiza a medi\u00e7\u00e3o de n\u00edvel e press\u00e3o por meio do princ\u00edpio hidrost\u00e1tico. O sensor converte a press\u00e3o exercida pela coluna de l\u00edquido em um sinal cont\u00ednuo e preciso de medi\u00e7\u00e3o. Voc\u00ea pode instalar o VEGABAR 86 diretamente no meio l\u00edquido ou em po\u00e7os de medi\u00e7\u00e3o. O equipamento opera de forma est\u00e1vel em \u00e1gua, efluentes e l\u00edquidos industriais, mesmo sob varia\u00e7\u00f5es de temperatura e densidade. O dispositivo garante medi\u00e7\u00e3o confi\u00e1vel de longo prazo com baixa necessidade de manuten\u00e7\u00e3o.<\/p>","protected":false},"featured_media":5740,"comment_status":"open","ping_status":"closed","template":"","meta":{"_joinchat":[]},"product_brand":[],"product_cat":[175],"product_tag":[],"marca":[176],"class_list":{"0":"post-5739","1":"product","2":"type-product","3":"status-publish","4":"has-post-thumbnail","6":"product_cat-medicao","7":"marca-vega","9":"first","10":"instock","11":"shipping-taxable","12":"product-type-simple"},"yoast_head":"<!-- This site is optimized with the Yoast SEO plugin v27.2 - https:\/\/yoast.com\/product\/yoast-seo-wordpress\/ -->\n<title>VEGABAR 86 - Full Solutions<\/title>\n<meta name=\"description\" content=\"VEGABAR 86 da VEGA: transmissor de press\u00e3o submers\u00edvel para medi\u00e7\u00e3o hidrost\u00e1tica de n\u00edvel. Alta precis\u00e3o e robustez industrial. Solicite cota\u00e7\u00e3o.\" \/>\n<meta name=\"robots\" content=\"index, follow, max-snippet:-1, max-image-preview:large, max-video-preview:-1\" \/>\n<link rel=\"canonical\" href=\"https:\/\/fullsolutions.info\/en\/product\/vegabar-86-2\/\" \/>\n<meta property=\"og:locale\" content=\"en_US\" \/>\n<meta property=\"og:type\" content=\"article\" \/>\n<meta property=\"og:title\" content=\"VEGABAR 86 - Full Solutions\" \/>\n<meta property=\"og:description\" content=\"VEGABAR 86 da VEGA: transmissor de press\u00e3o submers\u00edvel para medi\u00e7\u00e3o hidrost\u00e1tica de n\u00edvel. Alta precis\u00e3o e robustez industrial. Solicite cota\u00e7\u00e3o.\" \/>\n<meta property=\"og:url\" content=\"https:\/\/fullsolutions.info\/en\/product\/vegabar-86-2\/\" \/>\n<meta property=\"og:site_name\" content=\"Full Solutions\" \/>\n<meta property=\"article:modified_time\" content=\"2026-04-20T18:59:15+00:00\" \/>\n<meta property=\"og:image\" content=\"https:\/\/mlhff0prgoxu.i.optimole.com\/cb:s0sM.767\/w:auto\/h:auto\/q:mauto\/f:best\/https:\/\/fullsolutions.info\/wp-content\/uploads\/2026\/02\/F-BR86-Submersible-pressure-transmitter-VEGABAR86-Cable-Thread-2.png\" \/>\n\t<meta property=\"og:image:width\" content=\"549\" \/>\n\t<meta property=\"og:image:height\" content=\"533\" \/>\n\t<meta property=\"og:image:type\" content=\"image\/png\" \/>\n<meta name=\"twitter:card\" content=\"summary_large_image\" \/>\n<meta name=\"twitter:label1\" content=\"Est. reading time\" \/>\n\t<meta name=\"twitter:data1\" content=\"1 minute\" \/>\n<script type=\"application\/ld+json\" class=\"yoast-schema-graph\">{\"@context\":\"https:\/\/schema.org\",\"@graph\":[{\"@type\":\"WebPage\",\"@id\":\"https:\/\/fullsolutions.info\/produto\/vegabar-86-2\/\",\"url\":\"https:\/\/fullsolutions.info\/produto\/vegabar-86-2\/\",\"name\":\"VEGABAR 86 - Full Solutions\",\"isPartOf\":{\"@id\":\"https:\/\/fullsolutions.info\/#website\"},\"primaryImageOfPage\":{\"@id\":\"https:\/\/fullsolutions.info\/produto\/vegabar-86-2\/#primaryimage\"},\"image\":{\"@id\":\"https:\/\/fullsolutions.info\/produto\/vegabar-86-2\/#primaryimage\"},\"thumbnailUrl\":\"https:\/\/mlhff0prgoxu.i.optimole.com\/cb:s0sM.767\/w:auto\/h:auto\/q:mauto\/f:best\/https:\/\/fullsolutions.info\/wp-content\/uploads\/2026\/02\/F-BR86-Submersible-pressure-transmitter-VEGABAR86-Cable-Thread-2.png\",\"datePublished\":\"2026-02-02T12:17:57+00:00\",\"dateModified\":\"2026-04-20T18:59:15+00:00\",\"description\":\"VEGABAR 86 da VEGA: transmissor de press\u00e3o submers\u00edvel para medi\u00e7\u00e3o hidrost\u00e1tica de n\u00edvel. Alta precis\u00e3o e robustez industrial. Solicite cota\u00e7\u00e3o.\",\"breadcrumb\":{\"@id\":\"https:\/\/fullsolutions.info\/produto\/vegabar-86-2\/#breadcrumb\"},\"inLanguage\":\"en-US\",\"potentialAction\":[{\"@type\":\"ReadAction\",\"target\":[\"https:\/\/fullsolutions.info\/produto\/vegabar-86-2\/\"]}]},{\"@type\":\"ImageObject\",\"inLanguage\":\"en-US\",\"@id\":\"https:\/\/fullsolutions.info\/produto\/vegabar-86-2\/#primaryimage\",\"url\":\"https:\/\/mlhff0prgoxu.i.optimole.com\/cb:s0sM.767\/w:auto\/h:auto\/q:mauto\/f:best\/https:\/\/fullsolutions.info\/wp-content\/uploads\/2026\/02\/F-BR86-Submersible-pressure-transmitter-VEGABAR86-Cable-Thread-2.png\",\"contentUrl\":\"https:\/\/mlhff0prgoxu.i.optimole.com\/cb:s0sM.767\/w:auto\/h:auto\/q:mauto\/f:best\/https:\/\/fullsolutions.info\/wp-content\/uploads\/2026\/02\/F-BR86-Submersible-pressure-transmitter-VEGABAR86-Cable-Thread-2.png\",\"width\":549,\"height\":533},{\"@type\":\"BreadcrumbList\",\"@id\":\"https:\/\/fullsolutions.info\/produto\/vegabar-86-2\/#breadcrumb\",\"itemListElement\":[{\"@type\":\"ListItem\",\"position\":1,\"name\":\"In\u00edcio\",\"item\":\"https:\/\/fullsolutions.info\/\"},{\"@type\":\"ListItem\",\"position\":2,\"name\":\"Produtos\",\"item\":\"https:\/\/fullsolutions.info\/shop\/\"},{\"@type\":\"ListItem\",\"position\":3,\"name\":\"VEGABAR 86\"}]},{\"@type\":\"WebSite\",\"@id\":\"https:\/\/fullsolutions.info\/#website\",\"url\":\"https:\/\/fullsolutions.info\/\",\"name\":\"Full Solutions\",\"description\":\"Empresa na \u00c1rea de Procurement\",\"publisher\":{\"@id\":\"https:\/\/fullsolutions.info\/#organization\"},\"potentialAction\":[{\"@type\":\"SearchAction\",\"target\":{\"@type\":\"EntryPoint\",\"urlTemplate\":\"https:\/\/fullsolutions.info\/?s={search_term_string}\"},\"query-input\":{\"@type\":\"PropertyValueSpecification\",\"valueRequired\":true,\"valueName\":\"search_term_string\"}}],\"inLanguage\":\"en-US\"},{\"@type\":\"Organization\",\"@id\":\"https:\/\/fullsolutions.info\/#organization\",\"name\":\"Full Solutions\",\"url\":\"https:\/\/fullsolutions.info\/\",\"logo\":{\"@type\":\"ImageObject\",\"inLanguage\":\"en-US\",\"@id\":\"https:\/\/fullsolutions.info\/#\/schema\/logo\/image\/\",\"url\":\"https:\/\/mlhff0prgoxu.i.optimole.com\/cb:s0sM.767\/w:auto\/h:auto\/q:mauto\/f:best\/https:\/\/fullsolutions.info\/wp-content\/uploads\/2021\/07\/cropped-Design-sem-nome-300x193-1-e1627062664782.png\",\"contentUrl\":\"https:\/\/mlhff0prgoxu.i.optimole.com\/cb:s0sM.767\/w:auto\/h:auto\/q:mauto\/f:best\/https:\/\/fullsolutions.info\/wp-content\/uploads\/2021\/07\/cropped-Design-sem-nome-300x193-1-e1627062664782.png\",\"width\":202,\"height\":155,\"caption\":\"Full Solutions\"},\"image\":{\"@id\":\"https:\/\/fullsolutions.info\/#\/schema\/logo\/image\/\"},\"sameAs\":[\"https:\/\/www.linkedin.com\/company\/full-solutions-equipment\"]}]}<\/script>\n<!-- \/ Yoast SEO plugin. -->","yoast_head_json":{"title":"VEGABAR 86 - Full Solutions","description":"VEGABAR 86 da VEGA: transmissor de press\u00e3o submers\u00edvel para medi\u00e7\u00e3o hidrost\u00e1tica de n\u00edvel. Alta precis\u00e3o e robustez industrial. Solicite cota\u00e7\u00e3o.","robots":{"index":"index","follow":"follow","max-snippet":"max-snippet:-1","max-image-preview":"max-image-preview:large","max-video-preview":"max-video-preview:-1"},"canonical":"https:\/\/fullsolutions.info\/en\/product\/vegabar-86-2\/","og_locale":"en_US","og_type":"article","og_title":"VEGABAR 86 - Full Solutions","og_description":"VEGABAR 86 da VEGA: transmissor de press\u00e3o submers\u00edvel para medi\u00e7\u00e3o hidrost\u00e1tica de n\u00edvel. Alta precis\u00e3o e robustez industrial. Solicite cota\u00e7\u00e3o.","og_url":"https:\/\/fullsolutions.info\/en\/product\/vegabar-86-2\/","og_site_name":"Full Solutions","article_modified_time":"2026-04-20T18:59:15+00:00","og_image":[{"width":549,"height":533,"url":"https:\/\/mlhff0prgoxu.i.optimole.com\/cb:s0sM.767\/w:auto\/h:auto\/q:mauto\/f:best\/https:\/\/fullsolutions.info\/wp-content\/uploads\/2026\/02\/F-BR86-Submersible-pressure-transmitter-VEGABAR86-Cable-Thread-2.png","type":"image\/png"}],"twitter_card":"summary_large_image","twitter_misc":{"Est. reading time":"1 minute"},"schema":{"@context":"https:\/\/schema.org","@graph":[{"@type":"WebPage","@id":"https:\/\/fullsolutions.info\/produto\/vegabar-86-2\/","url":"https:\/\/fullsolutions.info\/produto\/vegabar-86-2\/","name":"VEGABAR 86 - Full Solutions","isPartOf":{"@id":"https:\/\/fullsolutions.info\/#website"},"primaryImageOfPage":{"@id":"https:\/\/fullsolutions.info\/produto\/vegabar-86-2\/#primaryimage"},"image":{"@id":"https:\/\/fullsolutions.info\/produto\/vegabar-86-2\/#primaryimage"},"thumbnailUrl":"https:\/\/mlhff0prgoxu.i.optimole.com\/cb:s0sM.767\/w:auto\/h:auto\/q:mauto\/f:best\/https:\/\/fullsolutions.info\/wp-content\/uploads\/2026\/02\/F-BR86-Submersible-pressure-transmitter-VEGABAR86-Cable-Thread-2.png","datePublished":"2026-02-02T12:17:57+00:00","dateModified":"2026-04-20T18:59:15+00:00","description":"VEGABAR 86 da VEGA: transmissor de press\u00e3o submers\u00edvel para medi\u00e7\u00e3o hidrost\u00e1tica de n\u00edvel. Alta precis\u00e3o e robustez industrial. Solicite cota\u00e7\u00e3o.","breadcrumb":{"@id":"https:\/\/fullsolutions.info\/produto\/vegabar-86-2\/#breadcrumb"},"inLanguage":"en-US","potentialAction":[{"@type":"ReadAction","target":["https:\/\/fullsolutions.info\/produto\/vegabar-86-2\/"]}]},{"@type":"ImageObject","inLanguage":"en-US","@id":"https:\/\/fullsolutions.info\/produto\/vegabar-86-2\/#primaryimage","url":"https:\/\/mlhff0prgoxu.i.optimole.com\/cb:s0sM.767\/w:auto\/h:auto\/q:mauto\/f:best\/https:\/\/fullsolutions.info\/wp-content\/uploads\/2026\/02\/F-BR86-Submersible-pressure-transmitter-VEGABAR86-Cable-Thread-2.png","contentUrl":"https:\/\/mlhff0prgoxu.i.optimole.com\/cb:s0sM.767\/w:auto\/h:auto\/q:mauto\/f:best\/https:\/\/fullsolutions.info\/wp-content\/uploads\/2026\/02\/F-BR86-Submersible-pressure-transmitter-VEGABAR86-Cable-Thread-2.png","width":549,"height":533},{"@type":"BreadcrumbList","@id":"https:\/\/fullsolutions.info\/produto\/vegabar-86-2\/#breadcrumb","itemListElement":[{"@type":"ListItem","position":1,"name":"In\u00edcio","item":"https:\/\/fullsolutions.info\/"},{"@type":"ListItem","position":2,"name":"Produtos","item":"https:\/\/fullsolutions.info\/shop\/"},{"@type":"ListItem","position":3,"name":"VEGABAR 86"}]},{"@type":"WebSite","@id":"https:\/\/fullsolutions.info\/#website","url":"https:\/\/fullsolutions.info\/","name":"Full Solutions","description":"Empresa na \u00c1rea de Procurement","publisher":{"@id":"https:\/\/fullsolutions.info\/#organization"},"potentialAction":[{"@type":"SearchAction","target":{"@type":"EntryPoint","urlTemplate":"https:\/\/fullsolutions.info\/?s={search_term_string}"},"query-input":{"@type":"PropertyValueSpecification","valueRequired":true,"valueName":"search_term_string"}}],"inLanguage":"en-US"},{"@type":"Organization","@id":"https:\/\/fullsolutions.info\/#organization","name":"Full Solutions","url":"https:\/\/fullsolutions.info\/","logo":{"@type":"ImageObject","inLanguage":"en-US","@id":"https:\/\/fullsolutions.info\/#\/schema\/logo\/image\/","url":"https:\/\/mlhff0prgoxu.i.optimole.com\/cb:s0sM.767\/w:auto\/h:auto\/q:mauto\/f:best\/https:\/\/fullsolutions.info\/wp-content\/uploads\/2021\/07\/cropped-Design-sem-nome-300x193-1-e1627062664782.png","contentUrl":"https:\/\/mlhff0prgoxu.i.optimole.com\/cb:s0sM.767\/w:auto\/h:auto\/q:mauto\/f:best\/https:\/\/fullsolutions.info\/wp-content\/uploads\/2021\/07\/cropped-Design-sem-nome-300x193-1-e1627062664782.png","width":202,"height":155,"caption":"Full Solutions"},"image":{"@id":"https:\/\/fullsolutions.info\/#\/schema\/logo\/image\/"},"sameAs":["https:\/\/www.linkedin.com\/company\/full-solutions-equipment"]}]}},"_links":{"self":[{"href":"https:\/\/fullsolutions.info\/en\/wp-json\/wp\/v2\/product\/5739","targetHints":{"allow":["GET"]}}],"collection":[{"href":"https:\/\/fullsolutions.info\/en\/wp-json\/wp\/v2\/product"}],"about":[{"href":"https:\/\/fullsolutions.info\/en\/wp-json\/wp\/v2\/types\/product"}],"replies":[{"embeddable":true,"href":"https:\/\/fullsolutions.info\/en\/wp-json\/wp\/v2\/comments?post=5739"}],"wp:featuredmedia":[{"embeddable":true,"href":"https:\/\/fullsolutions.info\/en\/wp-json\/wp\/v2\/media\/5740"}],"wp:attachment":[{"href":"https:\/\/fullsolutions.info\/en\/wp-json\/wp\/v2\/media?parent=5739"}],"wp:term":[{"taxonomy":"product_brand","embeddable":true,"href":"https:\/\/fullsolutions.info\/en\/wp-json\/wp\/v2\/product_brand?post=5739"},{"taxonomy":"product_cat","embeddable":true,"href":"https:\/\/fullsolutions.info\/en\/wp-json\/wp\/v2\/product_cat?post=5739"},{"taxonomy":"product_tag","embeddable":true,"href":"https:\/\/fullsolutions.info\/en\/wp-json\/wp\/v2\/product_tag?post=5739"},{"taxonomy":"marca","embeddable":true,"href":"https:\/\/fullsolutions.info\/en\/wp-json\/wp\/v2\/marca?post=5739"}],"curies":[{"name":"wp","href":"https:\/\/api.w.org\/{rel}","templated":true}]}}