{"id":5715,"date":"2026-01-30T15:08:34","date_gmt":"2026-01-30T18:08:34","guid":{"rendered":"https:\/\/fullsolutions.info\/?post_type=product&#038;p=5715"},"modified":"2026-04-20T16:24:16","modified_gmt":"2026-04-20T19:24:16","slug":"vegabar-28","status":"publish","type":"product","link":"https:\/\/fullsolutions.info\/en\/product\/vegabar-28\/","title":{"rendered":"VEGABAR 28"},"content":{"rendered":"<div class=\"product-characteristic-text\">\n<p data-start=\"563\" data-end=\"685\">O VEGABAR 28 mede press\u00e3o em l\u00edquidos, gases e vapor e converte esse valor em um sinal cont\u00ednuo para controle de processo.<\/p>\n<p data-start=\"687\" data-end=\"902\">Voc\u00ea pode utilizar o VEGABAR 28 em aplica\u00e7\u00f5es industriais que exigem um sensor compacto, robusto e de f\u00e1cil instala\u00e7\u00e3o. O equipamento mant\u00e9m alta precis\u00e3o e estabilidade mesmo sob varia\u00e7\u00f5es de temperatura e press\u00e3o.<\/p>\n<p data-start=\"904\" data-end=\"1021\">O transmissor oferece desempenho confi\u00e1vel em sistemas industriais e \u00e9 ideal para aplica\u00e7\u00f5es com restri\u00e7\u00e3o de espa\u00e7o.<\/p>\n<p>De rosca \u00bd&#8221;, conex\u00f5es higi\u00eanicas, conex\u00e3o universal G1&#8243; para adaptador higi\u00eanico, 4 &#8230; 20 mA, tr\u00eas fios: PNP\/NPN, 4 &#8230; 20 mA, IO-Link, aprova\u00e7\u00e3o EX e higi\u00eanica, display colorido 360\u00b0<\/p>\n<\/div>\n<div class=\"product-application-text\">O VEGABAR 28 \u00e9 um transmissor de press\u00e3o universal com c\u00e9lula de medi\u00e7\u00e3o cer\u00e2mica para a medi\u00e7\u00e3o de gases, vapores e l\u00edquidos at\u00e9 130 \u00b0C. A conex\u00e3o universal opcional para adaptadores de higiene garante um menor esfor\u00e7o de instala\u00e7\u00e3o e uma manuten\u00e7\u00e3o mais enxuta do estoque.<\/div>","protected":false},"excerpt":{"rendered":"<p>O VEGABAR 28 mede press\u00e3o em l\u00edquidos, gases e vapor e converte esse valor em um sinal cont\u00ednuo para controle de processo. Voc\u00ea pode utilizar o VEGABAR 28 em aplica\u00e7\u00f5es industriais que exigem um sensor compacto, robusto e de f\u00e1cil instala\u00e7\u00e3o. O equipamento mant\u00e9m alta precis\u00e3o e estabilidade mesmo sob varia\u00e7\u00f5es de temperatura e press\u00e3o. O transmissor oferece desempenho confi\u00e1vel em sistemas industriais e \u00e9 ideal para aplica\u00e7\u00f5es com restri\u00e7\u00e3o de espa\u00e7o. De rosca \u00bd&#8221;, conex\u00f5es higi\u00eanicas, conex\u00e3o universal G1&#8243; para adaptador higi\u00eanico, 4 &#8230; 20 mA, tr\u00eas fios: PNP\/NPN, 4 &#8230; 20 mA, IO-Link, aprova\u00e7\u00e3o EX e higi\u00eanica, display colorido 360\u00b0 O VEGABAR 28 \u00e9 um transmissor de press\u00e3o universal com c\u00e9lula de medi\u00e7\u00e3o cer\u00e2mica para a medi\u00e7\u00e3o de gases, vapores e l\u00edquidos at\u00e9 130 \u00b0C. A conex\u00e3o universal opcional para adaptadores de higiene garante um menor esfor\u00e7o de instala\u00e7\u00e3o e uma manuten\u00e7\u00e3o mais enxuta do estoque.<\/p>","protected":false},"featured_media":5725,"comment_status":"open","ping_status":"closed","template":"","meta":{"_joinchat":[]},"product_brand":[],"product_cat":[175],"product_tag":[],"marca":[176],"class_list":{"0":"post-5715","1":"product","2":"type-product","3":"status-publish","4":"has-post-thumbnail","6":"product_cat-medicao","7":"marca-vega","9":"first","10":"instock","11":"shipping-taxable","12":"product-type-simple"},"yoast_head":"<!-- This site is optimized with the Yoast SEO plugin v27.2 - https:\/\/yoast.com\/product\/yoast-seo-wordpress\/ -->\n<title>VEGABAR 28 - Full Solutions<\/title>\n<meta name=\"description\" content=\"Transmissor de press\u00e3o compacto para l\u00edquidos, gases e vapor. Alta confiabilidade e f\u00e1cil instala\u00e7\u00e3o. Ideal para aplica\u00e7\u00f5es industriais. Solicite cota\u00e7\u00e3o.\" \/>\n<meta name=\"robots\" content=\"index, follow, max-snippet:-1, max-image-preview:large, max-video-preview:-1\" \/>\n<link rel=\"canonical\" href=\"https:\/\/fullsolutions.info\/en\/product\/vegabar-28\/\" \/>\n<meta property=\"og:locale\" content=\"en_US\" \/>\n<meta property=\"og:type\" content=\"article\" \/>\n<meta property=\"og:title\" content=\"VEGABAR 28 - Full Solutions\" \/>\n<meta property=\"og:description\" content=\"Transmissor de press\u00e3o compacto para l\u00edquidos, gases e vapor. Alta confiabilidade e f\u00e1cil instala\u00e7\u00e3o. Ideal para aplica\u00e7\u00f5es industriais. Solicite cota\u00e7\u00e3o.\" \/>\n<meta property=\"og:url\" content=\"https:\/\/fullsolutions.info\/en\/product\/vegabar-28\/\" \/>\n<meta property=\"og:site_name\" content=\"Full Solutions\" \/>\n<meta property=\"article:modified_time\" content=\"2026-04-20T19:24:16+00:00\" \/>\n<meta property=\"og:image\" content=\"https:\/\/mlhff0prgoxu.i.optimole.com\/cb:s0sM.767\/w:auto\/h:auto\/q:mauto\/f:best\/https:\/\/fullsolutions.info\/wp-content\/uploads\/2026\/01\/F-VEGABAR-28-DU-M.png\" \/>\n\t<meta property=\"og:image:width\" content=\"549\" \/>\n\t<meta property=\"og:image:height\" content=\"533\" \/>\n\t<meta property=\"og:image:type\" content=\"image\/png\" \/>\n<meta name=\"twitter:card\" content=\"summary_large_image\" \/>\n<meta name=\"twitter:label1\" content=\"Est. reading time\" \/>\n\t<meta name=\"twitter:data1\" content=\"2 minutes\" \/>\n<script type=\"application\/ld+json\" class=\"yoast-schema-graph\">{\"@context\":\"https:\/\/schema.org\",\"@graph\":[{\"@type\":\"WebPage\",\"@id\":\"https:\/\/fullsolutions.info\/produto\/vegabar-28\/\",\"url\":\"https:\/\/fullsolutions.info\/produto\/vegabar-28\/\",\"name\":\"VEGABAR 28 - Full Solutions\",\"isPartOf\":{\"@id\":\"https:\/\/fullsolutions.info\/#website\"},\"primaryImageOfPage\":{\"@id\":\"https:\/\/fullsolutions.info\/produto\/vegabar-28\/#primaryimage\"},\"image\":{\"@id\":\"https:\/\/fullsolutions.info\/produto\/vegabar-28\/#primaryimage\"},\"thumbnailUrl\":\"https:\/\/mlhff0prgoxu.i.optimole.com\/cb:s0sM.767\/w:auto\/h:auto\/q:mauto\/f:best\/https:\/\/fullsolutions.info\/wp-content\/uploads\/2026\/01\/F-VEGABAR-28-DU-M.png\",\"datePublished\":\"2026-01-30T18:08:34+00:00\",\"dateModified\":\"2026-04-20T19:24:16+00:00\",\"description\":\"Transmissor de press\u00e3o compacto para l\u00edquidos, gases e vapor. Alta confiabilidade e f\u00e1cil instala\u00e7\u00e3o. Ideal para aplica\u00e7\u00f5es industriais. Solicite cota\u00e7\u00e3o.\",\"breadcrumb\":{\"@id\":\"https:\/\/fullsolutions.info\/produto\/vegabar-28\/#breadcrumb\"},\"inLanguage\":\"en-US\",\"potentialAction\":[{\"@type\":\"ReadAction\",\"target\":[\"https:\/\/fullsolutions.info\/produto\/vegabar-28\/\"]}]},{\"@type\":\"ImageObject\",\"inLanguage\":\"en-US\",\"@id\":\"https:\/\/fullsolutions.info\/produto\/vegabar-28\/#primaryimage\",\"url\":\"https:\/\/mlhff0prgoxu.i.optimole.com\/cb:s0sM.767\/w:auto\/h:auto\/q:mauto\/f:best\/https:\/\/fullsolutions.info\/wp-content\/uploads\/2026\/01\/F-VEGABAR-28-DU-M.png\",\"contentUrl\":\"https:\/\/mlhff0prgoxu.i.optimole.com\/cb:s0sM.767\/w:auto\/h:auto\/q:mauto\/f:best\/https:\/\/fullsolutions.info\/wp-content\/uploads\/2026\/01\/F-VEGABAR-28-DU-M.png\",\"width\":549,\"height\":533},{\"@type\":\"BreadcrumbList\",\"@id\":\"https:\/\/fullsolutions.info\/produto\/vegabar-28\/#breadcrumb\",\"itemListElement\":[{\"@type\":\"ListItem\",\"position\":1,\"name\":\"In\u00edcio\",\"item\":\"https:\/\/fullsolutions.info\/\"},{\"@type\":\"ListItem\",\"position\":2,\"name\":\"Produtos\",\"item\":\"https:\/\/fullsolutions.info\/shop\/\"},{\"@type\":\"ListItem\",\"position\":3,\"name\":\"VEGABAR 28\"}]},{\"@type\":\"WebSite\",\"@id\":\"https:\/\/fullsolutions.info\/#website\",\"url\":\"https:\/\/fullsolutions.info\/\",\"name\":\"Full Solutions\",\"description\":\"Empresa na \u00c1rea de Procurement\",\"publisher\":{\"@id\":\"https:\/\/fullsolutions.info\/#organization\"},\"potentialAction\":[{\"@type\":\"SearchAction\",\"target\":{\"@type\":\"EntryPoint\",\"urlTemplate\":\"https:\/\/fullsolutions.info\/?s={search_term_string}\"},\"query-input\":{\"@type\":\"PropertyValueSpecification\",\"valueRequired\":true,\"valueName\":\"search_term_string\"}}],\"inLanguage\":\"en-US\"},{\"@type\":\"Organization\",\"@id\":\"https:\/\/fullsolutions.info\/#organization\",\"name\":\"Full Solutions\",\"url\":\"https:\/\/fullsolutions.info\/\",\"logo\":{\"@type\":\"ImageObject\",\"inLanguage\":\"en-US\",\"@id\":\"https:\/\/fullsolutions.info\/#\/schema\/logo\/image\/\",\"url\":\"https:\/\/mlhff0prgoxu.i.optimole.com\/cb:s0sM.767\/w:auto\/h:auto\/q:mauto\/f:best\/https:\/\/fullsolutions.info\/wp-content\/uploads\/2021\/07\/cropped-Design-sem-nome-300x193-1-e1627062664782.png\",\"contentUrl\":\"https:\/\/mlhff0prgoxu.i.optimole.com\/cb:s0sM.767\/w:auto\/h:auto\/q:mauto\/f:best\/https:\/\/fullsolutions.info\/wp-content\/uploads\/2021\/07\/cropped-Design-sem-nome-300x193-1-e1627062664782.png\",\"width\":202,\"height\":155,\"caption\":\"Full Solutions\"},\"image\":{\"@id\":\"https:\/\/fullsolutions.info\/#\/schema\/logo\/image\/\"},\"sameAs\":[\"https:\/\/www.linkedin.com\/company\/full-solutions-equipment\"]}]}<\/script>\n<!-- \/ Yoast SEO plugin. -->","yoast_head_json":{"title":"VEGABAR 28 - Full Solutions","description":"Transmissor de press\u00e3o compacto para l\u00edquidos, gases e vapor. Alta confiabilidade e f\u00e1cil instala\u00e7\u00e3o. Ideal para aplica\u00e7\u00f5es industriais. Solicite cota\u00e7\u00e3o.","robots":{"index":"index","follow":"follow","max-snippet":"max-snippet:-1","max-image-preview":"max-image-preview:large","max-video-preview":"max-video-preview:-1"},"canonical":"https:\/\/fullsolutions.info\/en\/product\/vegabar-28\/","og_locale":"en_US","og_type":"article","og_title":"VEGABAR 28 - Full Solutions","og_description":"Transmissor de press\u00e3o compacto para l\u00edquidos, gases e vapor. Alta confiabilidade e f\u00e1cil instala\u00e7\u00e3o. Ideal para aplica\u00e7\u00f5es industriais. Solicite cota\u00e7\u00e3o.","og_url":"https:\/\/fullsolutions.info\/en\/product\/vegabar-28\/","og_site_name":"Full Solutions","article_modified_time":"2026-04-20T19:24:16+00:00","og_image":[{"width":549,"height":533,"url":"https:\/\/mlhff0prgoxu.i.optimole.com\/cb:s0sM.767\/w:auto\/h:auto\/q:mauto\/f:best\/https:\/\/fullsolutions.info\/wp-content\/uploads\/2026\/01\/F-VEGABAR-28-DU-M.png","type":"image\/png"}],"twitter_card":"summary_large_image","twitter_misc":{"Est. reading time":"2 minutes"},"schema":{"@context":"https:\/\/schema.org","@graph":[{"@type":"WebPage","@id":"https:\/\/fullsolutions.info\/produto\/vegabar-28\/","url":"https:\/\/fullsolutions.info\/produto\/vegabar-28\/","name":"VEGABAR 28 - Full Solutions","isPartOf":{"@id":"https:\/\/fullsolutions.info\/#website"},"primaryImageOfPage":{"@id":"https:\/\/fullsolutions.info\/produto\/vegabar-28\/#primaryimage"},"image":{"@id":"https:\/\/fullsolutions.info\/produto\/vegabar-28\/#primaryimage"},"thumbnailUrl":"https:\/\/mlhff0prgoxu.i.optimole.com\/cb:s0sM.767\/w:auto\/h:auto\/q:mauto\/f:best\/https:\/\/fullsolutions.info\/wp-content\/uploads\/2026\/01\/F-VEGABAR-28-DU-M.png","datePublished":"2026-01-30T18:08:34+00:00","dateModified":"2026-04-20T19:24:16+00:00","description":"Transmissor de press\u00e3o compacto para l\u00edquidos, gases e vapor. Alta confiabilidade e f\u00e1cil instala\u00e7\u00e3o. Ideal para aplica\u00e7\u00f5es industriais. Solicite cota\u00e7\u00e3o.","breadcrumb":{"@id":"https:\/\/fullsolutions.info\/produto\/vegabar-28\/#breadcrumb"},"inLanguage":"en-US","potentialAction":[{"@type":"ReadAction","target":["https:\/\/fullsolutions.info\/produto\/vegabar-28\/"]}]},{"@type":"ImageObject","inLanguage":"en-US","@id":"https:\/\/fullsolutions.info\/produto\/vegabar-28\/#primaryimage","url":"https:\/\/mlhff0prgoxu.i.optimole.com\/cb:s0sM.767\/w:auto\/h:auto\/q:mauto\/f:best\/https:\/\/fullsolutions.info\/wp-content\/uploads\/2026\/01\/F-VEGABAR-28-DU-M.png","contentUrl":"https:\/\/mlhff0prgoxu.i.optimole.com\/cb:s0sM.767\/w:auto\/h:auto\/q:mauto\/f:best\/https:\/\/fullsolutions.info\/wp-content\/uploads\/2026\/01\/F-VEGABAR-28-DU-M.png","width":549,"height":533},{"@type":"BreadcrumbList","@id":"https:\/\/fullsolutions.info\/produto\/vegabar-28\/#breadcrumb","itemListElement":[{"@type":"ListItem","position":1,"name":"In\u00edcio","item":"https:\/\/fullsolutions.info\/"},{"@type":"ListItem","position":2,"name":"Produtos","item":"https:\/\/fullsolutions.info\/shop\/"},{"@type":"ListItem","position":3,"name":"VEGABAR 28"}]},{"@type":"WebSite","@id":"https:\/\/fullsolutions.info\/#website","url":"https:\/\/fullsolutions.info\/","name":"Full Solutions","description":"Empresa na \u00c1rea de Procurement","publisher":{"@id":"https:\/\/fullsolutions.info\/#organization"},"potentialAction":[{"@type":"SearchAction","target":{"@type":"EntryPoint","urlTemplate":"https:\/\/fullsolutions.info\/?s={search_term_string}"},"query-input":{"@type":"PropertyValueSpecification","valueRequired":true,"valueName":"search_term_string"}}],"inLanguage":"en-US"},{"@type":"Organization","@id":"https:\/\/fullsolutions.info\/#organization","name":"Full Solutions","url":"https:\/\/fullsolutions.info\/","logo":{"@type":"ImageObject","inLanguage":"en-US","@id":"https:\/\/fullsolutions.info\/#\/schema\/logo\/image\/","url":"https:\/\/mlhff0prgoxu.i.optimole.com\/cb:s0sM.767\/w:auto\/h:auto\/q:mauto\/f:best\/https:\/\/fullsolutions.info\/wp-content\/uploads\/2021\/07\/cropped-Design-sem-nome-300x193-1-e1627062664782.png","contentUrl":"https:\/\/mlhff0prgoxu.i.optimole.com\/cb:s0sM.767\/w:auto\/h:auto\/q:mauto\/f:best\/https:\/\/fullsolutions.info\/wp-content\/uploads\/2021\/07\/cropped-Design-sem-nome-300x193-1-e1627062664782.png","width":202,"height":155,"caption":"Full Solutions"},"image":{"@id":"https:\/\/fullsolutions.info\/#\/schema\/logo\/image\/"},"sameAs":["https:\/\/www.linkedin.com\/company\/full-solutions-equipment"]}]}},"_links":{"self":[{"href":"https:\/\/fullsolutions.info\/en\/wp-json\/wp\/v2\/product\/5715","targetHints":{"allow":["GET"]}}],"collection":[{"href":"https:\/\/fullsolutions.info\/en\/wp-json\/wp\/v2\/product"}],"about":[{"href":"https:\/\/fullsolutions.info\/en\/wp-json\/wp\/v2\/types\/product"}],"replies":[{"embeddable":true,"href":"https:\/\/fullsolutions.info\/en\/wp-json\/wp\/v2\/comments?post=5715"}],"wp:featuredmedia":[{"embeddable":true,"href":"https:\/\/fullsolutions.info\/en\/wp-json\/wp\/v2\/media\/5725"}],"wp:attachment":[{"href":"https:\/\/fullsolutions.info\/en\/wp-json\/wp\/v2\/media?parent=5715"}],"wp:term":[{"taxonomy":"product_brand","embeddable":true,"href":"https:\/\/fullsolutions.info\/en\/wp-json\/wp\/v2\/product_brand?post=5715"},{"taxonomy":"product_cat","embeddable":true,"href":"https:\/\/fullsolutions.info\/en\/wp-json\/wp\/v2\/product_cat?post=5715"},{"taxonomy":"product_tag","embeddable":true,"href":"https:\/\/fullsolutions.info\/en\/wp-json\/wp\/v2\/product_tag?post=5715"},{"taxonomy":"marca","embeddable":true,"href":"https:\/\/fullsolutions.info\/en\/wp-json\/wp\/v2\/marca?post=5715"}],"curies":[{"name":"wp","href":"https:\/\/api.w.org\/{rel}","templated":true}]}}