{"id":5691,"date":"2026-01-29T15:03:49","date_gmt":"2026-01-29T18:03:49","guid":{"rendered":"https:\/\/fullsolutions.info\/?post_type=product&#038;p=5691"},"modified":"2026-04-22T09:01:01","modified_gmt":"2026-04-22T12:01:01","slug":"vegaflex-82","status":"publish","type":"product","link":"https:\/\/fullsolutions.info\/en\/product\/vegaflex-82\/","title":{"rendered":"VEGAFLEX 82"},"content":{"rendered":"<div class=\"product-characteristic-text\">\n<p data-start=\"553\" data-end=\"695\">O VEGAFLEX 82 realiza a medi\u00e7\u00e3o cont\u00ednua de n\u00edvel em l\u00edquidos utilizando tecnologia de radar de onda guiada (TDR \u2013 Time Domain Reflectometry).<\/p>\n<p data-start=\"697\" data-end=\"891\">O sensor envia pulsos eletromagn\u00e9ticos ao longo de uma sonda. Ele mede o tempo de retorno do sinal refletido pelo produto.<\/p>\n<p data-start=\"893\" data-end=\"1149\">Voc\u00ea pode aplicar o VEGAFLEX 82 em tanques e vasos de processo, mesmo em condi\u00e7\u00f5es desafiadoras como vapor, forma\u00e7\u00e3o de espuma, varia\u00e7\u00f5es de densidade ou presen\u00e7a de incrusta\u00e7\u00f5es. O equipamento mant\u00e9m alta confiabilidade em ambientes industriais exigentes.<\/p>\n<\/div>","protected":false},"excerpt":{"rendered":"<p>O VEGAFLEX 82 realiza a medi\u00e7\u00e3o cont\u00ednua de n\u00edvel em l\u00edquidos utilizando tecnologia de radar de onda guiada (TDR \u2013 Time Domain Reflectometry). O sensor envia pulsos eletromagn\u00e9ticos ao longo de uma sonda. Ele mede o tempo de retorno do sinal refletido pelo produto. Voc\u00ea pode aplicar o VEGAFLEX 82 em tanques e vasos de processo, mesmo em condi\u00e7\u00f5es desafiadoras como vapor, forma\u00e7\u00e3o de espuma, varia\u00e7\u00f5es de densidade ou presen\u00e7a de incrusta\u00e7\u00f5es. O equipamento mant\u00e9m alta confiabilidade em ambientes industriais exigentes.<\/p>","protected":false},"featured_media":5692,"comment_status":"open","ping_status":"closed","template":"","meta":{"_joinchat":[]},"product_brand":[],"product_cat":[175],"product_tag":[],"marca":[176],"class_list":{"0":"post-5691","1":"product","2":"type-product","3":"status-publish","4":"has-post-thumbnail","6":"product_cat-medicao","7":"marca-vega","9":"first","10":"instock","11":"shipping-taxable","12":"product-type-simple"},"yoast_head":"<!-- This site is optimized with the Yoast SEO plugin v27.2 - https:\/\/yoast.com\/product\/yoast-seo-wordpress\/ -->\n<title>VEGAFLEX 82 - Full Solutions<\/title>\n<meta name=\"description\" content=\"VEGAFLEX 82 da VEGA: medi\u00e7\u00e3o de n\u00edvel por radar de onda guiada (TDR) para l\u00edquidos. Alta precis\u00e3o em aplica\u00e7\u00f5es industriais exigentes. Solicite cota\u00e7\u00e3o.\" \/>\n<meta name=\"robots\" content=\"index, follow, max-snippet:-1, max-image-preview:large, max-video-preview:-1\" \/>\n<link rel=\"canonical\" href=\"https:\/\/fullsolutions.info\/en\/product\/vegaflex-82\/\" \/>\n<meta property=\"og:locale\" content=\"en_US\" \/>\n<meta property=\"og:type\" content=\"article\" \/>\n<meta property=\"og:title\" content=\"VEGAFLEX 82 - Full Solutions\" \/>\n<meta property=\"og:description\" content=\"VEGAFLEX 82 da VEGA: medi\u00e7\u00e3o de n\u00edvel por radar de onda guiada (TDR) para l\u00edquidos. Alta precis\u00e3o em aplica\u00e7\u00f5es industriais exigentes. Solicite cota\u00e7\u00e3o.\" \/>\n<meta property=\"og:url\" content=\"https:\/\/fullsolutions.info\/en\/product\/vegaflex-82\/\" \/>\n<meta property=\"og:site_name\" content=\"Full Solutions\" \/>\n<meta property=\"article:modified_time\" content=\"2026-04-22T12:01:01+00:00\" \/>\n<meta property=\"og:image\" content=\"https:\/\/mlhff0prgoxu.i.optimole.com\/cb:s0sM.767\/w:auto\/h:auto\/q:mauto\/f:best\/https:\/\/fullsolutions.info\/wp-content\/uploads\/2026\/01\/F-FX82-gefuehrtes-Radar-TDR-VEGAFLEX82-fuellstand-schuettgut-Flansch.png\" \/>\n\t<meta property=\"og:image:width\" content=\"549\" \/>\n\t<meta property=\"og:image:height\" content=\"533\" \/>\n\t<meta property=\"og:image:type\" content=\"image\/png\" \/>\n<meta name=\"twitter:card\" content=\"summary_large_image\" \/>\n<meta name=\"twitter:label1\" content=\"Est. reading time\" \/>\n\t<meta name=\"twitter:data1\" content=\"1 minute\" \/>\n<script type=\"application\/ld+json\" class=\"yoast-schema-graph\">{\"@context\":\"https:\/\/schema.org\",\"@graph\":[{\"@type\":\"WebPage\",\"@id\":\"https:\/\/fullsolutions.info\/produto\/vegaflex-82\/\",\"url\":\"https:\/\/fullsolutions.info\/produto\/vegaflex-82\/\",\"name\":\"VEGAFLEX 82 - Full Solutions\",\"isPartOf\":{\"@id\":\"https:\/\/fullsolutions.info\/#website\"},\"primaryImageOfPage\":{\"@id\":\"https:\/\/fullsolutions.info\/produto\/vegaflex-82\/#primaryimage\"},\"image\":{\"@id\":\"https:\/\/fullsolutions.info\/produto\/vegaflex-82\/#primaryimage\"},\"thumbnailUrl\":\"https:\/\/mlhff0prgoxu.i.optimole.com\/cb:s0sM.767\/w:auto\/h:auto\/q:mauto\/f:best\/https:\/\/fullsolutions.info\/wp-content\/uploads\/2026\/01\/F-FX82-gefuehrtes-Radar-TDR-VEGAFLEX82-fuellstand-schuettgut-Flansch.png\",\"datePublished\":\"2026-01-29T18:03:49+00:00\",\"dateModified\":\"2026-04-22T12:01:01+00:00\",\"description\":\"VEGAFLEX 82 da VEGA: medi\u00e7\u00e3o de n\u00edvel por radar de onda guiada (TDR) para l\u00edquidos. Alta precis\u00e3o em aplica\u00e7\u00f5es industriais exigentes. Solicite cota\u00e7\u00e3o.\",\"breadcrumb\":{\"@id\":\"https:\/\/fullsolutions.info\/produto\/vegaflex-82\/#breadcrumb\"},\"inLanguage\":\"en-US\",\"potentialAction\":[{\"@type\":\"ReadAction\",\"target\":[\"https:\/\/fullsolutions.info\/produto\/vegaflex-82\/\"]}]},{\"@type\":\"ImageObject\",\"inLanguage\":\"en-US\",\"@id\":\"https:\/\/fullsolutions.info\/produto\/vegaflex-82\/#primaryimage\",\"url\":\"https:\/\/mlhff0prgoxu.i.optimole.com\/cb:s0sM.767\/w:auto\/h:auto\/q:mauto\/f:best\/https:\/\/fullsolutions.info\/wp-content\/uploads\/2026\/01\/F-FX82-gefuehrtes-Radar-TDR-VEGAFLEX82-fuellstand-schuettgut-Flansch.png\",\"contentUrl\":\"https:\/\/mlhff0prgoxu.i.optimole.com\/cb:s0sM.767\/w:auto\/h:auto\/q:mauto\/f:best\/https:\/\/fullsolutions.info\/wp-content\/uploads\/2026\/01\/F-FX82-gefuehrtes-Radar-TDR-VEGAFLEX82-fuellstand-schuettgut-Flansch.png\",\"width\":549,\"height\":533},{\"@type\":\"BreadcrumbList\",\"@id\":\"https:\/\/fullsolutions.info\/produto\/vegaflex-82\/#breadcrumb\",\"itemListElement\":[{\"@type\":\"ListItem\",\"position\":1,\"name\":\"In\u00edcio\",\"item\":\"https:\/\/fullsolutions.info\/\"},{\"@type\":\"ListItem\",\"position\":2,\"name\":\"Produtos\",\"item\":\"https:\/\/fullsolutions.info\/shop\/\"},{\"@type\":\"ListItem\",\"position\":3,\"name\":\"VEGAFLEX 82\"}]},{\"@type\":\"WebSite\",\"@id\":\"https:\/\/fullsolutions.info\/#website\",\"url\":\"https:\/\/fullsolutions.info\/\",\"name\":\"Full Solutions\",\"description\":\"Empresa na \u00c1rea de Procurement\",\"publisher\":{\"@id\":\"https:\/\/fullsolutions.info\/#organization\"},\"potentialAction\":[{\"@type\":\"SearchAction\",\"target\":{\"@type\":\"EntryPoint\",\"urlTemplate\":\"https:\/\/fullsolutions.info\/?s={search_term_string}\"},\"query-input\":{\"@type\":\"PropertyValueSpecification\",\"valueRequired\":true,\"valueName\":\"search_term_string\"}}],\"inLanguage\":\"en-US\"},{\"@type\":\"Organization\",\"@id\":\"https:\/\/fullsolutions.info\/#organization\",\"name\":\"Full Solutions\",\"url\":\"https:\/\/fullsolutions.info\/\",\"logo\":{\"@type\":\"ImageObject\",\"inLanguage\":\"en-US\",\"@id\":\"https:\/\/fullsolutions.info\/#\/schema\/logo\/image\/\",\"url\":\"https:\/\/mlhff0prgoxu.i.optimole.com\/cb:s0sM.767\/w:auto\/h:auto\/q:mauto\/f:best\/https:\/\/fullsolutions.info\/wp-content\/uploads\/2021\/07\/cropped-Design-sem-nome-300x193-1-e1627062664782.png\",\"contentUrl\":\"https:\/\/mlhff0prgoxu.i.optimole.com\/cb:s0sM.767\/w:auto\/h:auto\/q:mauto\/f:best\/https:\/\/fullsolutions.info\/wp-content\/uploads\/2021\/07\/cropped-Design-sem-nome-300x193-1-e1627062664782.png\",\"width\":202,\"height\":155,\"caption\":\"Full Solutions\"},\"image\":{\"@id\":\"https:\/\/fullsolutions.info\/#\/schema\/logo\/image\/\"},\"sameAs\":[\"https:\/\/www.linkedin.com\/company\/full-solutions-equipment\"]}]}<\/script>\n<!-- \/ Yoast SEO plugin. -->","yoast_head_json":{"title":"VEGAFLEX 82 - Full Solutions","description":"VEGAFLEX 82 da VEGA: medi\u00e7\u00e3o de n\u00edvel por radar de onda guiada (TDR) para l\u00edquidos. Alta precis\u00e3o em aplica\u00e7\u00f5es industriais exigentes. Solicite cota\u00e7\u00e3o.","robots":{"index":"index","follow":"follow","max-snippet":"max-snippet:-1","max-image-preview":"max-image-preview:large","max-video-preview":"max-video-preview:-1"},"canonical":"https:\/\/fullsolutions.info\/en\/product\/vegaflex-82\/","og_locale":"en_US","og_type":"article","og_title":"VEGAFLEX 82 - Full Solutions","og_description":"VEGAFLEX 82 da VEGA: medi\u00e7\u00e3o de n\u00edvel por radar de onda guiada (TDR) para l\u00edquidos. Alta precis\u00e3o em aplica\u00e7\u00f5es industriais exigentes. Solicite cota\u00e7\u00e3o.","og_url":"https:\/\/fullsolutions.info\/en\/product\/vegaflex-82\/","og_site_name":"Full Solutions","article_modified_time":"2026-04-22T12:01:01+00:00","og_image":[{"width":549,"height":533,"url":"https:\/\/mlhff0prgoxu.i.optimole.com\/cb:s0sM.767\/w:auto\/h:auto\/q:mauto\/f:best\/https:\/\/fullsolutions.info\/wp-content\/uploads\/2026\/01\/F-FX82-gefuehrtes-Radar-TDR-VEGAFLEX82-fuellstand-schuettgut-Flansch.png","type":"image\/png"}],"twitter_card":"summary_large_image","twitter_misc":{"Est. reading time":"1 minute"},"schema":{"@context":"https:\/\/schema.org","@graph":[{"@type":"WebPage","@id":"https:\/\/fullsolutions.info\/produto\/vegaflex-82\/","url":"https:\/\/fullsolutions.info\/produto\/vegaflex-82\/","name":"VEGAFLEX 82 - Full Solutions","isPartOf":{"@id":"https:\/\/fullsolutions.info\/#website"},"primaryImageOfPage":{"@id":"https:\/\/fullsolutions.info\/produto\/vegaflex-82\/#primaryimage"},"image":{"@id":"https:\/\/fullsolutions.info\/produto\/vegaflex-82\/#primaryimage"},"thumbnailUrl":"https:\/\/mlhff0prgoxu.i.optimole.com\/cb:s0sM.767\/w:auto\/h:auto\/q:mauto\/f:best\/https:\/\/fullsolutions.info\/wp-content\/uploads\/2026\/01\/F-FX82-gefuehrtes-Radar-TDR-VEGAFLEX82-fuellstand-schuettgut-Flansch.png","datePublished":"2026-01-29T18:03:49+00:00","dateModified":"2026-04-22T12:01:01+00:00","description":"VEGAFLEX 82 da VEGA: medi\u00e7\u00e3o de n\u00edvel por radar de onda guiada (TDR) para l\u00edquidos. Alta precis\u00e3o em aplica\u00e7\u00f5es industriais exigentes. Solicite cota\u00e7\u00e3o.","breadcrumb":{"@id":"https:\/\/fullsolutions.info\/produto\/vegaflex-82\/#breadcrumb"},"inLanguage":"en-US","potentialAction":[{"@type":"ReadAction","target":["https:\/\/fullsolutions.info\/produto\/vegaflex-82\/"]}]},{"@type":"ImageObject","inLanguage":"en-US","@id":"https:\/\/fullsolutions.info\/produto\/vegaflex-82\/#primaryimage","url":"https:\/\/mlhff0prgoxu.i.optimole.com\/cb:s0sM.767\/w:auto\/h:auto\/q:mauto\/f:best\/https:\/\/fullsolutions.info\/wp-content\/uploads\/2026\/01\/F-FX82-gefuehrtes-Radar-TDR-VEGAFLEX82-fuellstand-schuettgut-Flansch.png","contentUrl":"https:\/\/mlhff0prgoxu.i.optimole.com\/cb:s0sM.767\/w:auto\/h:auto\/q:mauto\/f:best\/https:\/\/fullsolutions.info\/wp-content\/uploads\/2026\/01\/F-FX82-gefuehrtes-Radar-TDR-VEGAFLEX82-fuellstand-schuettgut-Flansch.png","width":549,"height":533},{"@type":"BreadcrumbList","@id":"https:\/\/fullsolutions.info\/produto\/vegaflex-82\/#breadcrumb","itemListElement":[{"@type":"ListItem","position":1,"name":"In\u00edcio","item":"https:\/\/fullsolutions.info\/"},{"@type":"ListItem","position":2,"name":"Produtos","item":"https:\/\/fullsolutions.info\/shop\/"},{"@type":"ListItem","position":3,"name":"VEGAFLEX 82"}]},{"@type":"WebSite","@id":"https:\/\/fullsolutions.info\/#website","url":"https:\/\/fullsolutions.info\/","name":"Full Solutions","description":"Empresa na \u00c1rea de Procurement","publisher":{"@id":"https:\/\/fullsolutions.info\/#organization"},"potentialAction":[{"@type":"SearchAction","target":{"@type":"EntryPoint","urlTemplate":"https:\/\/fullsolutions.info\/?s={search_term_string}"},"query-input":{"@type":"PropertyValueSpecification","valueRequired":true,"valueName":"search_term_string"}}],"inLanguage":"en-US"},{"@type":"Organization","@id":"https:\/\/fullsolutions.info\/#organization","name":"Full Solutions","url":"https:\/\/fullsolutions.info\/","logo":{"@type":"ImageObject","inLanguage":"en-US","@id":"https:\/\/fullsolutions.info\/#\/schema\/logo\/image\/","url":"https:\/\/mlhff0prgoxu.i.optimole.com\/cb:s0sM.767\/w:auto\/h:auto\/q:mauto\/f:best\/https:\/\/fullsolutions.info\/wp-content\/uploads\/2021\/07\/cropped-Design-sem-nome-300x193-1-e1627062664782.png","contentUrl":"https:\/\/mlhff0prgoxu.i.optimole.com\/cb:s0sM.767\/w:auto\/h:auto\/q:mauto\/f:best\/https:\/\/fullsolutions.info\/wp-content\/uploads\/2021\/07\/cropped-Design-sem-nome-300x193-1-e1627062664782.png","width":202,"height":155,"caption":"Full Solutions"},"image":{"@id":"https:\/\/fullsolutions.info\/#\/schema\/logo\/image\/"},"sameAs":["https:\/\/www.linkedin.com\/company\/full-solutions-equipment"]}]}},"_links":{"self":[{"href":"https:\/\/fullsolutions.info\/en\/wp-json\/wp\/v2\/product\/5691","targetHints":{"allow":["GET"]}}],"collection":[{"href":"https:\/\/fullsolutions.info\/en\/wp-json\/wp\/v2\/product"}],"about":[{"href":"https:\/\/fullsolutions.info\/en\/wp-json\/wp\/v2\/types\/product"}],"replies":[{"embeddable":true,"href":"https:\/\/fullsolutions.info\/en\/wp-json\/wp\/v2\/comments?post=5691"}],"wp:featuredmedia":[{"embeddable":true,"href":"https:\/\/fullsolutions.info\/en\/wp-json\/wp\/v2\/media\/5692"}],"wp:attachment":[{"href":"https:\/\/fullsolutions.info\/en\/wp-json\/wp\/v2\/media?parent=5691"}],"wp:term":[{"taxonomy":"product_brand","embeddable":true,"href":"https:\/\/fullsolutions.info\/en\/wp-json\/wp\/v2\/product_brand?post=5691"},{"taxonomy":"product_cat","embeddable":true,"href":"https:\/\/fullsolutions.info\/en\/wp-json\/wp\/v2\/product_cat?post=5691"},{"taxonomy":"product_tag","embeddable":true,"href":"https:\/\/fullsolutions.info\/en\/wp-json\/wp\/v2\/product_tag?post=5691"},{"taxonomy":"marca","embeddable":true,"href":"https:\/\/fullsolutions.info\/en\/wp-json\/wp\/v2\/marca?post=5691"}],"curies":[{"name":"wp","href":"https:\/\/api.w.org\/{rel}","templated":true}]}}