{"id":5678,"date":"2026-01-29T13:25:06","date_gmt":"2026-01-29T16:25:06","guid":{"rendered":"https:\/\/fullsolutions.info\/?post_type=product&#038;p=5678"},"modified":"2026-04-22T09:23:48","modified_gmt":"2026-04-22T12:23:48","slug":"vega-puls-c-22","status":"publish","type":"product","link":"https:\/\/fullsolutions.info\/en\/product\/vega-puls-c-22\/","title":{"rendered":"VEGA PULS C 22"},"content":{"rendered":"<div class=\"product-content-block\">\n<div class=\"product-characteristic-text\">\n<p data-start=\"585\" data-end=\"725\">O VEGAPULS C 22 mede o n\u00edvel de l\u00edquidos por radar sem contato. O sensor oferece alta precis\u00e3o e opera\u00e7\u00e3o est\u00e1vel em aplica\u00e7\u00f5es industriais. Ele emite ondas eletromagn\u00e9ticas em dire\u00e7\u00e3o ao produto. Em seguida, analisa o sinal refletido pela superf\u00edcie. Assim, calcula o n\u00edvel de forma confi\u00e1vel. Al\u00e9m disso, o VEGAPULS C 22 n\u00e3o sofre influ\u00eancia de temperatura ou press\u00e3o.<\/p>\n<p data-start=\"585\" data-end=\"725\">O sensor tamb\u00e9m opera bem em ambientes com vapor ou condensa\u00e7\u00e3o. Isso garante medi\u00e7\u00f5es consistentes ao longo do tempo. Por fim, o equipamento possui design compacto e instala\u00e7\u00e3o simples. \u00c9 uma solu\u00e7\u00e3o eficiente para tanques e reservat\u00f3rios.<\/p>\n<p>Sa\u00edda de cabo lateral, faixa de medi\u00e7\u00e3o de at\u00e9 20 m, precis\u00e3o \u00b12 mm, 4 &#8230; 20 mA, sa\u00edda HART, SDI-12 ou Modbus, aprova\u00e7\u00e3o Ex opcional.<\/p>\n<\/div>\n<\/div>","protected":false},"excerpt":{"rendered":"<p>O VEGAPULS C 22 mede o n\u00edvel de l\u00edquidos por radar sem contato. O sensor oferece alta precis\u00e3o e opera\u00e7\u00e3o est\u00e1vel em aplica\u00e7\u00f5es industriais. Ele emite ondas eletromagn\u00e9ticas em dire\u00e7\u00e3o ao produto. Em seguida, analisa o sinal refletido pela superf\u00edcie. Assim, calcula o n\u00edvel de forma confi\u00e1vel. Al\u00e9m disso, o VEGAPULS C 22 n\u00e3o sofre influ\u00eancia de temperatura ou press\u00e3o. O sensor tamb\u00e9m opera bem em ambientes com vapor ou condensa\u00e7\u00e3o. Isso garante medi\u00e7\u00f5es consistentes ao longo do tempo. Por fim, o equipamento possui design compacto e instala\u00e7\u00e3o simples. \u00c9 uma solu\u00e7\u00e3o eficiente para tanques e reservat\u00f3rios. Sa\u00edda de cabo lateral, faixa de medi\u00e7\u00e3o de at\u00e9 20 m, precis\u00e3o \u00b12 mm, 4 &#8230; 20 mA, sa\u00edda HART, SDI-12 ou Modbus, aprova\u00e7\u00e3o Ex opcional.<\/p>","protected":false},"featured_media":5679,"comment_status":"open","ping_status":"closed","template":"","meta":{"_joinchat":[]},"product_brand":[],"product_cat":[175],"product_tag":[],"marca":[176],"class_list":{"0":"post-5678","1":"product","2":"type-product","3":"status-publish","4":"has-post-thumbnail","6":"product_cat-medicao","7":"marca-vega","9":"first","10":"instock","11":"shipping-taxable","12":"product-type-simple"},"yoast_head":"<!-- This site is optimized with the Yoast SEO plugin v27.2 - https:\/\/yoast.com\/product\/yoast-seo-wordpress\/ -->\n<title>VEGA PULS C 22 - Full Solutions<\/title>\n<meta name=\"description\" content=\"VEGAPULS C 22 da VEGA: sensor de n\u00edvel por radar sem contato para l\u00edquidos. Compacto, preciso e confi\u00e1vel. Ideal para aplica\u00e7\u00f5es industriais. Solicite cota\u00e7\u00e3o.\" \/>\n<meta name=\"robots\" content=\"index, follow, max-snippet:-1, max-image-preview:large, max-video-preview:-1\" \/>\n<link rel=\"canonical\" href=\"https:\/\/fullsolutions.info\/en\/product\/vega-puls-c-22\/\" \/>\n<meta property=\"og:locale\" content=\"en_US\" \/>\n<meta property=\"og:type\" content=\"article\" \/>\n<meta property=\"og:title\" content=\"VEGA PULS C 22 - Full Solutions\" \/>\n<meta property=\"og:description\" content=\"VEGAPULS C 22 da VEGA: sensor de n\u00edvel por radar sem contato para l\u00edquidos. Compacto, preciso e confi\u00e1vel. Ideal para aplica\u00e7\u00f5es industriais. Solicite cota\u00e7\u00e3o.\" \/>\n<meta property=\"og:url\" content=\"https:\/\/fullsolutions.info\/en\/product\/vega-puls-c-22\/\" \/>\n<meta property=\"og:site_name\" content=\"Full Solutions\" \/>\n<meta property=\"article:modified_time\" content=\"2026-04-22T12:23:48+00:00\" \/>\n<meta property=\"og:image\" content=\"https:\/\/mlhff0prgoxu.i.optimole.com\/cb:s0sM.767\/w:auto\/h:auto\/q:mauto\/f:best\/https:\/\/fullsolutions.info\/wp-content\/uploads\/2026\/01\/F-VEGAPULS-C22-G.png\" \/>\n\t<meta property=\"og:image:width\" content=\"549\" \/>\n\t<meta property=\"og:image:height\" content=\"533\" \/>\n\t<meta property=\"og:image:type\" content=\"image\/png\" \/>\n<meta name=\"twitter:card\" content=\"summary_large_image\" \/>\n<meta name=\"twitter:label1\" content=\"Est. reading time\" \/>\n\t<meta name=\"twitter:data1\" content=\"1 minute\" \/>\n<script type=\"application\/ld+json\" class=\"yoast-schema-graph\">{\"@context\":\"https:\/\/schema.org\",\"@graph\":[{\"@type\":\"WebPage\",\"@id\":\"https:\/\/fullsolutions.info\/produto\/vega-puls-c-22\/\",\"url\":\"https:\/\/fullsolutions.info\/produto\/vega-puls-c-22\/\",\"name\":\"VEGA PULS C 22 - Full Solutions\",\"isPartOf\":{\"@id\":\"https:\/\/fullsolutions.info\/#website\"},\"primaryImageOfPage\":{\"@id\":\"https:\/\/fullsolutions.info\/produto\/vega-puls-c-22\/#primaryimage\"},\"image\":{\"@id\":\"https:\/\/fullsolutions.info\/produto\/vega-puls-c-22\/#primaryimage\"},\"thumbnailUrl\":\"https:\/\/mlhff0prgoxu.i.optimole.com\/cb:s0sM.767\/w:auto\/h:auto\/q:mauto\/f:best\/https:\/\/fullsolutions.info\/wp-content\/uploads\/2026\/01\/F-VEGAPULS-C22-G.png\",\"datePublished\":\"2026-01-29T16:25:06+00:00\",\"dateModified\":\"2026-04-22T12:23:48+00:00\",\"description\":\"VEGAPULS C 22 da VEGA: sensor de n\u00edvel por radar sem contato para l\u00edquidos. Compacto, preciso e confi\u00e1vel. Ideal para aplica\u00e7\u00f5es industriais. Solicite cota\u00e7\u00e3o.\",\"breadcrumb\":{\"@id\":\"https:\/\/fullsolutions.info\/produto\/vega-puls-c-22\/#breadcrumb\"},\"inLanguage\":\"en-US\",\"potentialAction\":[{\"@type\":\"ReadAction\",\"target\":[\"https:\/\/fullsolutions.info\/produto\/vega-puls-c-22\/\"]}]},{\"@type\":\"ImageObject\",\"inLanguage\":\"en-US\",\"@id\":\"https:\/\/fullsolutions.info\/produto\/vega-puls-c-22\/#primaryimage\",\"url\":\"https:\/\/mlhff0prgoxu.i.optimole.com\/cb:s0sM.767\/w:auto\/h:auto\/q:mauto\/f:best\/https:\/\/fullsolutions.info\/wp-content\/uploads\/2026\/01\/F-VEGAPULS-C22-G.png\",\"contentUrl\":\"https:\/\/mlhff0prgoxu.i.optimole.com\/cb:s0sM.767\/w:auto\/h:auto\/q:mauto\/f:best\/https:\/\/fullsolutions.info\/wp-content\/uploads\/2026\/01\/F-VEGAPULS-C22-G.png\",\"width\":549,\"height\":533},{\"@type\":\"BreadcrumbList\",\"@id\":\"https:\/\/fullsolutions.info\/produto\/vega-puls-c-22\/#breadcrumb\",\"itemListElement\":[{\"@type\":\"ListItem\",\"position\":1,\"name\":\"In\u00edcio\",\"item\":\"https:\/\/fullsolutions.info\/\"},{\"@type\":\"ListItem\",\"position\":2,\"name\":\"Produtos\",\"item\":\"https:\/\/fullsolutions.info\/shop\/\"},{\"@type\":\"ListItem\",\"position\":3,\"name\":\"VEGA PULS C 22\"}]},{\"@type\":\"WebSite\",\"@id\":\"https:\/\/fullsolutions.info\/#website\",\"url\":\"https:\/\/fullsolutions.info\/\",\"name\":\"Full Solutions\",\"description\":\"Empresa na \u00c1rea de Procurement\",\"publisher\":{\"@id\":\"https:\/\/fullsolutions.info\/#organization\"},\"potentialAction\":[{\"@type\":\"SearchAction\",\"target\":{\"@type\":\"EntryPoint\",\"urlTemplate\":\"https:\/\/fullsolutions.info\/?s={search_term_string}\"},\"query-input\":{\"@type\":\"PropertyValueSpecification\",\"valueRequired\":true,\"valueName\":\"search_term_string\"}}],\"inLanguage\":\"en-US\"},{\"@type\":\"Organization\",\"@id\":\"https:\/\/fullsolutions.info\/#organization\",\"name\":\"Full Solutions\",\"url\":\"https:\/\/fullsolutions.info\/\",\"logo\":{\"@type\":\"ImageObject\",\"inLanguage\":\"en-US\",\"@id\":\"https:\/\/fullsolutions.info\/#\/schema\/logo\/image\/\",\"url\":\"https:\/\/mlhff0prgoxu.i.optimole.com\/cb:s0sM.767\/w:auto\/h:auto\/q:mauto\/f:best\/https:\/\/fullsolutions.info\/wp-content\/uploads\/2021\/07\/cropped-Design-sem-nome-300x193-1-e1627062664782.png\",\"contentUrl\":\"https:\/\/mlhff0prgoxu.i.optimole.com\/cb:s0sM.767\/w:auto\/h:auto\/q:mauto\/f:best\/https:\/\/fullsolutions.info\/wp-content\/uploads\/2021\/07\/cropped-Design-sem-nome-300x193-1-e1627062664782.png\",\"width\":202,\"height\":155,\"caption\":\"Full Solutions\"},\"image\":{\"@id\":\"https:\/\/fullsolutions.info\/#\/schema\/logo\/image\/\"},\"sameAs\":[\"https:\/\/www.linkedin.com\/company\/full-solutions-equipment\"]}]}<\/script>\n<!-- \/ Yoast SEO plugin. -->","yoast_head_json":{"title":"VEGA PULS C 22 - Full Solutions","description":"VEGAPULS C 22 da VEGA: sensor de n\u00edvel por radar sem contato para l\u00edquidos. Compacto, preciso e confi\u00e1vel. Ideal para aplica\u00e7\u00f5es industriais. Solicite cota\u00e7\u00e3o.","robots":{"index":"index","follow":"follow","max-snippet":"max-snippet:-1","max-image-preview":"max-image-preview:large","max-video-preview":"max-video-preview:-1"},"canonical":"https:\/\/fullsolutions.info\/en\/product\/vega-puls-c-22\/","og_locale":"en_US","og_type":"article","og_title":"VEGA PULS C 22 - Full Solutions","og_description":"VEGAPULS C 22 da VEGA: sensor de n\u00edvel por radar sem contato para l\u00edquidos. Compacto, preciso e confi\u00e1vel. Ideal para aplica\u00e7\u00f5es industriais. Solicite cota\u00e7\u00e3o.","og_url":"https:\/\/fullsolutions.info\/en\/product\/vega-puls-c-22\/","og_site_name":"Full Solutions","article_modified_time":"2026-04-22T12:23:48+00:00","og_image":[{"width":549,"height":533,"url":"https:\/\/mlhff0prgoxu.i.optimole.com\/cb:s0sM.767\/w:auto\/h:auto\/q:mauto\/f:best\/https:\/\/fullsolutions.info\/wp-content\/uploads\/2026\/01\/F-VEGAPULS-C22-G.png","type":"image\/png"}],"twitter_card":"summary_large_image","twitter_misc":{"Est. reading time":"1 minute"},"schema":{"@context":"https:\/\/schema.org","@graph":[{"@type":"WebPage","@id":"https:\/\/fullsolutions.info\/produto\/vega-puls-c-22\/","url":"https:\/\/fullsolutions.info\/produto\/vega-puls-c-22\/","name":"VEGA PULS C 22 - Full Solutions","isPartOf":{"@id":"https:\/\/fullsolutions.info\/#website"},"primaryImageOfPage":{"@id":"https:\/\/fullsolutions.info\/produto\/vega-puls-c-22\/#primaryimage"},"image":{"@id":"https:\/\/fullsolutions.info\/produto\/vega-puls-c-22\/#primaryimage"},"thumbnailUrl":"https:\/\/mlhff0prgoxu.i.optimole.com\/cb:s0sM.767\/w:auto\/h:auto\/q:mauto\/f:best\/https:\/\/fullsolutions.info\/wp-content\/uploads\/2026\/01\/F-VEGAPULS-C22-G.png","datePublished":"2026-01-29T16:25:06+00:00","dateModified":"2026-04-22T12:23:48+00:00","description":"VEGAPULS C 22 da VEGA: sensor de n\u00edvel por radar sem contato para l\u00edquidos. Compacto, preciso e confi\u00e1vel. Ideal para aplica\u00e7\u00f5es industriais. Solicite cota\u00e7\u00e3o.","breadcrumb":{"@id":"https:\/\/fullsolutions.info\/produto\/vega-puls-c-22\/#breadcrumb"},"inLanguage":"en-US","potentialAction":[{"@type":"ReadAction","target":["https:\/\/fullsolutions.info\/produto\/vega-puls-c-22\/"]}]},{"@type":"ImageObject","inLanguage":"en-US","@id":"https:\/\/fullsolutions.info\/produto\/vega-puls-c-22\/#primaryimage","url":"https:\/\/mlhff0prgoxu.i.optimole.com\/cb:s0sM.767\/w:auto\/h:auto\/q:mauto\/f:best\/https:\/\/fullsolutions.info\/wp-content\/uploads\/2026\/01\/F-VEGAPULS-C22-G.png","contentUrl":"https:\/\/mlhff0prgoxu.i.optimole.com\/cb:s0sM.767\/w:auto\/h:auto\/q:mauto\/f:best\/https:\/\/fullsolutions.info\/wp-content\/uploads\/2026\/01\/F-VEGAPULS-C22-G.png","width":549,"height":533},{"@type":"BreadcrumbList","@id":"https:\/\/fullsolutions.info\/produto\/vega-puls-c-22\/#breadcrumb","itemListElement":[{"@type":"ListItem","position":1,"name":"In\u00edcio","item":"https:\/\/fullsolutions.info\/"},{"@type":"ListItem","position":2,"name":"Produtos","item":"https:\/\/fullsolutions.info\/shop\/"},{"@type":"ListItem","position":3,"name":"VEGA PULS C 22"}]},{"@type":"WebSite","@id":"https:\/\/fullsolutions.info\/#website","url":"https:\/\/fullsolutions.info\/","name":"Full Solutions","description":"Empresa na \u00c1rea de Procurement","publisher":{"@id":"https:\/\/fullsolutions.info\/#organization"},"potentialAction":[{"@type":"SearchAction","target":{"@type":"EntryPoint","urlTemplate":"https:\/\/fullsolutions.info\/?s={search_term_string}"},"query-input":{"@type":"PropertyValueSpecification","valueRequired":true,"valueName":"search_term_string"}}],"inLanguage":"en-US"},{"@type":"Organization","@id":"https:\/\/fullsolutions.info\/#organization","name":"Full Solutions","url":"https:\/\/fullsolutions.info\/","logo":{"@type":"ImageObject","inLanguage":"en-US","@id":"https:\/\/fullsolutions.info\/#\/schema\/logo\/image\/","url":"https:\/\/mlhff0prgoxu.i.optimole.com\/cb:s0sM.767\/w:auto\/h:auto\/q:mauto\/f:best\/https:\/\/fullsolutions.info\/wp-content\/uploads\/2021\/07\/cropped-Design-sem-nome-300x193-1-e1627062664782.png","contentUrl":"https:\/\/mlhff0prgoxu.i.optimole.com\/cb:s0sM.767\/w:auto\/h:auto\/q:mauto\/f:best\/https:\/\/fullsolutions.info\/wp-content\/uploads\/2021\/07\/cropped-Design-sem-nome-300x193-1-e1627062664782.png","width":202,"height":155,"caption":"Full Solutions"},"image":{"@id":"https:\/\/fullsolutions.info\/#\/schema\/logo\/image\/"},"sameAs":["https:\/\/www.linkedin.com\/company\/full-solutions-equipment"]}]}},"_links":{"self":[{"href":"https:\/\/fullsolutions.info\/en\/wp-json\/wp\/v2\/product\/5678","targetHints":{"allow":["GET"]}}],"collection":[{"href":"https:\/\/fullsolutions.info\/en\/wp-json\/wp\/v2\/product"}],"about":[{"href":"https:\/\/fullsolutions.info\/en\/wp-json\/wp\/v2\/types\/product"}],"replies":[{"embeddable":true,"href":"https:\/\/fullsolutions.info\/en\/wp-json\/wp\/v2\/comments?post=5678"}],"wp:featuredmedia":[{"embeddable":true,"href":"https:\/\/fullsolutions.info\/en\/wp-json\/wp\/v2\/media\/5679"}],"wp:attachment":[{"href":"https:\/\/fullsolutions.info\/en\/wp-json\/wp\/v2\/media?parent=5678"}],"wp:term":[{"taxonomy":"product_brand","embeddable":true,"href":"https:\/\/fullsolutions.info\/en\/wp-json\/wp\/v2\/product_brand?post=5678"},{"taxonomy":"product_cat","embeddable":true,"href":"https:\/\/fullsolutions.info\/en\/wp-json\/wp\/v2\/product_cat?post=5678"},{"taxonomy":"product_tag","embeddable":true,"href":"https:\/\/fullsolutions.info\/en\/wp-json\/wp\/v2\/product_tag?post=5678"},{"taxonomy":"marca","embeddable":true,"href":"https:\/\/fullsolutions.info\/en\/wp-json\/wp\/v2\/marca?post=5678"}],"curies":[{"name":"wp","href":"https:\/\/api.w.org\/{rel}","templated":true}]}}