{"id":5659,"date":"2026-01-28T14:57:59","date_gmt":"2026-01-28T17:57:59","guid":{"rendered":"https:\/\/fullsolutions.info\/?post_type=product&#038;p=5659"},"modified":"2026-04-22T10:08:45","modified_gmt":"2026-04-22T13:08:45","slug":"vegapuls-6x","status":"publish","type":"product","link":"https:\/\/fullsolutions.info\/en\/product\/vegapuls-6x\/","title":{"rendered":"VEGAPULS 6X"},"content":{"rendered":"<p data-start=\"574\" data-end=\"713\">O VEGAPULS 6X mede o n\u00edvel de l\u00edquidos e s\u00f3lidos por radar sem contato. O sensor oferece alta precis\u00e3o em aplica\u00e7\u00f5es industriais exigentes. Emite ondas eletromagn\u00e9ticas em dire\u00e7\u00e3o ao produto. Em seguida, recebe o sinal refletido pela superf\u00edcie. Assim, calcula o n\u00edvel com grande confiabilidade.<\/p>\n<p data-start=\"876\" data-end=\"1056\">Al\u00e9m disso, o VEGAPULS 6X adapta-se automaticamente \u00e0s condi\u00e7\u00f5es do processo. O sensor opera bem com vapor, poeira ou condensa\u00e7\u00e3o garantindo medi\u00e7\u00f5es est\u00e1veis ao longo do tempo.<\/p>\n<p data-start=\"1058\" data-end=\"1224\">O equipamento tamb\u00e9m possui alta flexibilidade de configura\u00e7\u00e3o. Atende diferentes aplica\u00e7\u00f5es com um \u00fanico modelo.<\/p>","protected":false},"excerpt":{"rendered":"<p>O VEGAPULS 6X mede o n\u00edvel de l\u00edquidos e s\u00f3lidos por radar sem contato. O sensor oferece alta precis\u00e3o em aplica\u00e7\u00f5es industriais exigentes. Emite ondas eletromagn\u00e9ticas em dire\u00e7\u00e3o ao produto. Em seguida, recebe o sinal refletido pela superf\u00edcie. Assim, calcula o n\u00edvel com grande confiabilidade. Al\u00e9m disso, o VEGAPULS 6X adapta-se automaticamente \u00e0s condi\u00e7\u00f5es do processo. O sensor opera bem com vapor, poeira ou condensa\u00e7\u00e3o garantindo medi\u00e7\u00f5es est\u00e1veis ao longo do tempo. O equipamento tamb\u00e9m possui alta flexibilidade de configura\u00e7\u00e3o. Atende diferentes aplica\u00e7\u00f5es com um \u00fanico modelo.<\/p>","protected":false},"featured_media":5663,"comment_status":"open","ping_status":"closed","template":"","meta":{"_joinchat":[]},"product_brand":[],"product_cat":[175],"product_tag":[],"marca":[176],"class_list":{"0":"post-5659","1":"product","2":"type-product","3":"status-publish","4":"has-post-thumbnail","6":"product_cat-medicao","7":"marca-vega","9":"first","10":"instock","11":"shipping-taxable","12":"product-type-simple"},"yoast_head":"<!-- This site is optimized with the Yoast SEO plugin v27.2 - https:\/\/yoast.com\/product\/yoast-seo-wordpress\/ -->\n<title>VEGAPULS 6X - Full Solutions<\/title>\n<meta name=\"description\" content=\"VEGAPULS 6X da VEGA: sensor de n\u00edvel por radar sem contato com m\u00e1xima precis\u00e3o e versatilidade para aplica\u00e7\u00f5es industriais. Solicite cota\u00e7\u00e3o.\" \/>\n<meta name=\"robots\" content=\"index, follow, max-snippet:-1, max-image-preview:large, max-video-preview:-1\" \/>\n<link rel=\"canonical\" href=\"https:\/\/fullsolutions.info\/en\/product\/vegapuls-6x\/\" \/>\n<meta property=\"og:locale\" content=\"en_US\" \/>\n<meta property=\"og:type\" content=\"article\" \/>\n<meta property=\"og:title\" content=\"VEGAPULS 6X - Full Solutions\" \/>\n<meta property=\"og:description\" content=\"VEGAPULS 6X da VEGA: sensor de n\u00edvel por radar sem contato com m\u00e1xima precis\u00e3o e versatilidade para aplica\u00e7\u00f5es industriais. Solicite cota\u00e7\u00e3o.\" \/>\n<meta property=\"og:url\" content=\"https:\/\/fullsolutions.info\/en\/product\/vegapuls-6x\/\" \/>\n<meta property=\"og:site_name\" content=\"Full Solutions\" \/>\n<meta property=\"article:modified_time\" content=\"2026-04-22T13:08:45+00:00\" \/>\n<meta property=\"og:image\" content=\"https:\/\/mlhff0prgoxu.i.optimole.com\/cb:s0sM.767\/w:auto\/h:auto\/q:mauto\/f:best\/https:\/\/fullsolutions.info\/wp-content\/uploads\/2026\/01\/F-PS64-Radarsensor-Fuellstandsmessung-VEGAPULS64-G075-1-e1769623577619.png\" \/>\n\t<meta property=\"og:image:width\" content=\"549\" \/>\n\t<meta property=\"og:image:height\" content=\"533\" \/>\n\t<meta property=\"og:image:type\" content=\"image\/png\" \/>\n<meta name=\"twitter:card\" content=\"summary_large_image\" \/>\n<meta name=\"twitter:label1\" content=\"Est. reading time\" \/>\n\t<meta name=\"twitter:data1\" content=\"1 minute\" \/>\n<script type=\"application\/ld+json\" class=\"yoast-schema-graph\">{\"@context\":\"https:\/\/schema.org\",\"@graph\":[{\"@type\":\"WebPage\",\"@id\":\"https:\/\/fullsolutions.info\/produto\/vegapuls-6x\/\",\"url\":\"https:\/\/fullsolutions.info\/produto\/vegapuls-6x\/\",\"name\":\"VEGAPULS 6X - Full Solutions\",\"isPartOf\":{\"@id\":\"https:\/\/fullsolutions.info\/#website\"},\"primaryImageOfPage\":{\"@id\":\"https:\/\/fullsolutions.info\/produto\/vegapuls-6x\/#primaryimage\"},\"image\":{\"@id\":\"https:\/\/fullsolutions.info\/produto\/vegapuls-6x\/#primaryimage\"},\"thumbnailUrl\":\"https:\/\/mlhff0prgoxu.i.optimole.com\/cb:s0sM.767\/w:auto\/h:auto\/q:mauto\/f:best\/https:\/\/fullsolutions.info\/wp-content\/uploads\/2026\/01\/F-PS64-Radarsensor-Fuellstandsmessung-VEGAPULS64-G075-1-e1769623577619.png\",\"datePublished\":\"2026-01-28T17:57:59+00:00\",\"dateModified\":\"2026-04-22T13:08:45+00:00\",\"description\":\"VEGAPULS 6X da VEGA: sensor de n\u00edvel por radar sem contato com m\u00e1xima precis\u00e3o e versatilidade para aplica\u00e7\u00f5es industriais. Solicite cota\u00e7\u00e3o.\",\"breadcrumb\":{\"@id\":\"https:\/\/fullsolutions.info\/produto\/vegapuls-6x\/#breadcrumb\"},\"inLanguage\":\"en-US\",\"potentialAction\":[{\"@type\":\"ReadAction\",\"target\":[\"https:\/\/fullsolutions.info\/produto\/vegapuls-6x\/\"]}]},{\"@type\":\"ImageObject\",\"inLanguage\":\"en-US\",\"@id\":\"https:\/\/fullsolutions.info\/produto\/vegapuls-6x\/#primaryimage\",\"url\":\"https:\/\/mlhff0prgoxu.i.optimole.com\/cb:s0sM.767\/w:auto\/h:auto\/q:mauto\/f:best\/https:\/\/fullsolutions.info\/wp-content\/uploads\/2026\/01\/F-PS64-Radarsensor-Fuellstandsmessung-VEGAPULS64-G075-1-e1769623577619.png\",\"contentUrl\":\"https:\/\/mlhff0prgoxu.i.optimole.com\/cb:s0sM.767\/w:auto\/h:auto\/q:mauto\/f:best\/https:\/\/fullsolutions.info\/wp-content\/uploads\/2026\/01\/F-PS64-Radarsensor-Fuellstandsmessung-VEGAPULS64-G075-1-e1769623577619.png\",\"width\":549,\"height\":533},{\"@type\":\"BreadcrumbList\",\"@id\":\"https:\/\/fullsolutions.info\/produto\/vegapuls-6x\/#breadcrumb\",\"itemListElement\":[{\"@type\":\"ListItem\",\"position\":1,\"name\":\"In\u00edcio\",\"item\":\"https:\/\/fullsolutions.info\/\"},{\"@type\":\"ListItem\",\"position\":2,\"name\":\"Produtos\",\"item\":\"https:\/\/fullsolutions.info\/shop\/\"},{\"@type\":\"ListItem\",\"position\":3,\"name\":\"VEGAPULS 6X\"}]},{\"@type\":\"WebSite\",\"@id\":\"https:\/\/fullsolutions.info\/#website\",\"url\":\"https:\/\/fullsolutions.info\/\",\"name\":\"Full Solutions\",\"description\":\"Empresa na \u00c1rea de Procurement\",\"publisher\":{\"@id\":\"https:\/\/fullsolutions.info\/#organization\"},\"potentialAction\":[{\"@type\":\"SearchAction\",\"target\":{\"@type\":\"EntryPoint\",\"urlTemplate\":\"https:\/\/fullsolutions.info\/?s={search_term_string}\"},\"query-input\":{\"@type\":\"PropertyValueSpecification\",\"valueRequired\":true,\"valueName\":\"search_term_string\"}}],\"inLanguage\":\"en-US\"},{\"@type\":\"Organization\",\"@id\":\"https:\/\/fullsolutions.info\/#organization\",\"name\":\"Full Solutions\",\"url\":\"https:\/\/fullsolutions.info\/\",\"logo\":{\"@type\":\"ImageObject\",\"inLanguage\":\"en-US\",\"@id\":\"https:\/\/fullsolutions.info\/#\/schema\/logo\/image\/\",\"url\":\"https:\/\/mlhff0prgoxu.i.optimole.com\/cb:s0sM.767\/w:auto\/h:auto\/q:mauto\/f:best\/https:\/\/fullsolutions.info\/wp-content\/uploads\/2021\/07\/cropped-Design-sem-nome-300x193-1-e1627062664782.png\",\"contentUrl\":\"https:\/\/mlhff0prgoxu.i.optimole.com\/cb:s0sM.767\/w:auto\/h:auto\/q:mauto\/f:best\/https:\/\/fullsolutions.info\/wp-content\/uploads\/2021\/07\/cropped-Design-sem-nome-300x193-1-e1627062664782.png\",\"width\":202,\"height\":155,\"caption\":\"Full Solutions\"},\"image\":{\"@id\":\"https:\/\/fullsolutions.info\/#\/schema\/logo\/image\/\"},\"sameAs\":[\"https:\/\/www.linkedin.com\/company\/full-solutions-equipment\"]}]}<\/script>\n<!-- \/ Yoast SEO plugin. -->","yoast_head_json":{"title":"VEGAPULS 6X - Full Solutions","description":"VEGAPULS 6X da VEGA: sensor de n\u00edvel por radar sem contato com m\u00e1xima precis\u00e3o e versatilidade para aplica\u00e7\u00f5es industriais. Solicite cota\u00e7\u00e3o.","robots":{"index":"index","follow":"follow","max-snippet":"max-snippet:-1","max-image-preview":"max-image-preview:large","max-video-preview":"max-video-preview:-1"},"canonical":"https:\/\/fullsolutions.info\/en\/product\/vegapuls-6x\/","og_locale":"en_US","og_type":"article","og_title":"VEGAPULS 6X - Full Solutions","og_description":"VEGAPULS 6X da VEGA: sensor de n\u00edvel por radar sem contato com m\u00e1xima precis\u00e3o e versatilidade para aplica\u00e7\u00f5es industriais. Solicite cota\u00e7\u00e3o.","og_url":"https:\/\/fullsolutions.info\/en\/product\/vegapuls-6x\/","og_site_name":"Full Solutions","article_modified_time":"2026-04-22T13:08:45+00:00","og_image":[{"width":549,"height":533,"url":"https:\/\/mlhff0prgoxu.i.optimole.com\/cb:s0sM.767\/w:auto\/h:auto\/q:mauto\/f:best\/https:\/\/fullsolutions.info\/wp-content\/uploads\/2026\/01\/F-PS64-Radarsensor-Fuellstandsmessung-VEGAPULS64-G075-1-e1769623577619.png","type":"image\/png"}],"twitter_card":"summary_large_image","twitter_misc":{"Est. reading time":"1 minute"},"schema":{"@context":"https:\/\/schema.org","@graph":[{"@type":"WebPage","@id":"https:\/\/fullsolutions.info\/produto\/vegapuls-6x\/","url":"https:\/\/fullsolutions.info\/produto\/vegapuls-6x\/","name":"VEGAPULS 6X - Full Solutions","isPartOf":{"@id":"https:\/\/fullsolutions.info\/#website"},"primaryImageOfPage":{"@id":"https:\/\/fullsolutions.info\/produto\/vegapuls-6x\/#primaryimage"},"image":{"@id":"https:\/\/fullsolutions.info\/produto\/vegapuls-6x\/#primaryimage"},"thumbnailUrl":"https:\/\/mlhff0prgoxu.i.optimole.com\/cb:s0sM.767\/w:auto\/h:auto\/q:mauto\/f:best\/https:\/\/fullsolutions.info\/wp-content\/uploads\/2026\/01\/F-PS64-Radarsensor-Fuellstandsmessung-VEGAPULS64-G075-1-e1769623577619.png","datePublished":"2026-01-28T17:57:59+00:00","dateModified":"2026-04-22T13:08:45+00:00","description":"VEGAPULS 6X da VEGA: sensor de n\u00edvel por radar sem contato com m\u00e1xima precis\u00e3o e versatilidade para aplica\u00e7\u00f5es industriais. Solicite cota\u00e7\u00e3o.","breadcrumb":{"@id":"https:\/\/fullsolutions.info\/produto\/vegapuls-6x\/#breadcrumb"},"inLanguage":"en-US","potentialAction":[{"@type":"ReadAction","target":["https:\/\/fullsolutions.info\/produto\/vegapuls-6x\/"]}]},{"@type":"ImageObject","inLanguage":"en-US","@id":"https:\/\/fullsolutions.info\/produto\/vegapuls-6x\/#primaryimage","url":"https:\/\/mlhff0prgoxu.i.optimole.com\/cb:s0sM.767\/w:auto\/h:auto\/q:mauto\/f:best\/https:\/\/fullsolutions.info\/wp-content\/uploads\/2026\/01\/F-PS64-Radarsensor-Fuellstandsmessung-VEGAPULS64-G075-1-e1769623577619.png","contentUrl":"https:\/\/mlhff0prgoxu.i.optimole.com\/cb:s0sM.767\/w:auto\/h:auto\/q:mauto\/f:best\/https:\/\/fullsolutions.info\/wp-content\/uploads\/2026\/01\/F-PS64-Radarsensor-Fuellstandsmessung-VEGAPULS64-G075-1-e1769623577619.png","width":549,"height":533},{"@type":"BreadcrumbList","@id":"https:\/\/fullsolutions.info\/produto\/vegapuls-6x\/#breadcrumb","itemListElement":[{"@type":"ListItem","position":1,"name":"In\u00edcio","item":"https:\/\/fullsolutions.info\/"},{"@type":"ListItem","position":2,"name":"Produtos","item":"https:\/\/fullsolutions.info\/shop\/"},{"@type":"ListItem","position":3,"name":"VEGAPULS 6X"}]},{"@type":"WebSite","@id":"https:\/\/fullsolutions.info\/#website","url":"https:\/\/fullsolutions.info\/","name":"Full Solutions","description":"Empresa na \u00c1rea de Procurement","publisher":{"@id":"https:\/\/fullsolutions.info\/#organization"},"potentialAction":[{"@type":"SearchAction","target":{"@type":"EntryPoint","urlTemplate":"https:\/\/fullsolutions.info\/?s={search_term_string}"},"query-input":{"@type":"PropertyValueSpecification","valueRequired":true,"valueName":"search_term_string"}}],"inLanguage":"en-US"},{"@type":"Organization","@id":"https:\/\/fullsolutions.info\/#organization","name":"Full Solutions","url":"https:\/\/fullsolutions.info\/","logo":{"@type":"ImageObject","inLanguage":"en-US","@id":"https:\/\/fullsolutions.info\/#\/schema\/logo\/image\/","url":"https:\/\/mlhff0prgoxu.i.optimole.com\/cb:s0sM.767\/w:auto\/h:auto\/q:mauto\/f:best\/https:\/\/fullsolutions.info\/wp-content\/uploads\/2021\/07\/cropped-Design-sem-nome-300x193-1-e1627062664782.png","contentUrl":"https:\/\/mlhff0prgoxu.i.optimole.com\/cb:s0sM.767\/w:auto\/h:auto\/q:mauto\/f:best\/https:\/\/fullsolutions.info\/wp-content\/uploads\/2021\/07\/cropped-Design-sem-nome-300x193-1-e1627062664782.png","width":202,"height":155,"caption":"Full Solutions"},"image":{"@id":"https:\/\/fullsolutions.info\/#\/schema\/logo\/image\/"},"sameAs":["https:\/\/www.linkedin.com\/company\/full-solutions-equipment"]}]}},"_links":{"self":[{"href":"https:\/\/fullsolutions.info\/en\/wp-json\/wp\/v2\/product\/5659","targetHints":{"allow":["GET"]}}],"collection":[{"href":"https:\/\/fullsolutions.info\/en\/wp-json\/wp\/v2\/product"}],"about":[{"href":"https:\/\/fullsolutions.info\/en\/wp-json\/wp\/v2\/types\/product"}],"replies":[{"embeddable":true,"href":"https:\/\/fullsolutions.info\/en\/wp-json\/wp\/v2\/comments?post=5659"}],"wp:featuredmedia":[{"embeddable":true,"href":"https:\/\/fullsolutions.info\/en\/wp-json\/wp\/v2\/media\/5663"}],"wp:attachment":[{"href":"https:\/\/fullsolutions.info\/en\/wp-json\/wp\/v2\/media?parent=5659"}],"wp:term":[{"taxonomy":"product_brand","embeddable":true,"href":"https:\/\/fullsolutions.info\/en\/wp-json\/wp\/v2\/product_brand?post=5659"},{"taxonomy":"product_cat","embeddable":true,"href":"https:\/\/fullsolutions.info\/en\/wp-json\/wp\/v2\/product_cat?post=5659"},{"taxonomy":"product_tag","embeddable":true,"href":"https:\/\/fullsolutions.info\/en\/wp-json\/wp\/v2\/product_tag?post=5659"},{"taxonomy":"marca","embeddable":true,"href":"https:\/\/fullsolutions.info\/en\/wp-json\/wp\/v2\/marca?post=5659"}],"curies":[{"name":"wp","href":"https:\/\/api.w.org\/{rel}","templated":true}]}}