{"id":4723,"date":"2024-02-29T14:28:50","date_gmt":"2024-02-29T14:28:50","guid":{"rendered":"https:\/\/fullsolutionsequip.com\/?post_type=product&#038;p=4723"},"modified":"2026-04-22T10:27:57","modified_gmt":"2026-04-22T13:27:57","slug":"rosemount-3051-transmissor-de-pressao-em-linha","status":"publish","type":"product","link":"https:\/\/fullsolutions.info\/en\/product\/rosemount-3051-transmissor-de-pressao-em-linha\/","title":{"rendered":"Rosemount\u2122 3051 pressure Transmitter, in-line"},"content":{"rendered":"<p data-start=\"571\" data-end=\"700\">O Rosemount 3051 mede a press\u00e3o com alta precis\u00e3o e excelente estabilidade. O equipamento atende aplica\u00e7\u00f5es industriais cr\u00edticas. O transmissor mede press\u00e3o manom\u00e9trica ou absoluta. Em seguida, converte o sinal em sa\u00edda para sistemas de controle. Assim, permite o monitoramento cont\u00ednuo do processo.<\/p>\n<p data-start=\"873\" data-end=\"1060\">Al\u00e9m disso, o Rosemount 3051 apresenta alta estabilidade t\u00e9rmica e repetibilidade. O equipamento tamb\u00e9m opera bem em condi\u00e7\u00f5es severas. Isso garante medi\u00e7\u00f5es confi\u00e1veis ao longo do tempo. O transmissor possui instala\u00e7\u00e3o em linha simples e constru\u00e7\u00e3o robusta e \u00e9 uma solu\u00e7\u00e3o eficiente para controle de press\u00e3o.<\/p>","protected":false},"excerpt":{"rendered":"<p>O Rosemount 3051 mede a press\u00e3o com alta precis\u00e3o e excelente estabilidade. O equipamento atende aplica\u00e7\u00f5es industriais cr\u00edticas. O transmissor mede press\u00e3o manom\u00e9trica ou absoluta. Em seguida, converte o sinal em sa\u00edda para sistemas de controle. Assim, permite o monitoramento cont\u00ednuo do processo. Al\u00e9m disso, o Rosemount 3051 apresenta alta estabilidade t\u00e9rmica e repetibilidade. O equipamento tamb\u00e9m opera bem em condi\u00e7\u00f5es severas. Isso garante medi\u00e7\u00f5es confi\u00e1veis ao longo do tempo. O transmissor possui instala\u00e7\u00e3o em linha simples e constru\u00e7\u00e3o robusta e \u00e9 uma solu\u00e7\u00e3o eficiente para controle de press\u00e3o.<\/p>","protected":false},"featured_media":4724,"comment_status":"open","ping_status":"closed","template":"","meta":{"_joinchat":[]},"product_brand":[],"product_cat":[140],"product_tag":[],"marca":[141],"class_list":{"0":"post-4723","1":"product","2":"type-product","3":"status-publish","4":"has-post-thumbnail","6":"product_cat-transmissores","7":"marca-rosemount","9":"first","10":"instock","11":"shipping-taxable","12":"product-type-simple"},"yoast_head":"<!-- This site is optimized with the Yoast SEO plugin v27.2 - https:\/\/yoast.com\/product\/yoast-seo-wordpress\/ -->\n<title>Rosemount\u2122 3051 Transmissor de press\u00e3o em linha - Full Solutions<\/title>\n<meta name=\"description\" content=\"Rosemount 3051: transmissor de press\u00e3o em linha com alta precis\u00e3o e estabilidade para aplica\u00e7\u00f5es industriais cr\u00edticas. Solicite cota\u00e7\u00e3o.\" \/>\n<meta name=\"robots\" content=\"index, follow, max-snippet:-1, max-image-preview:large, max-video-preview:-1\" \/>\n<link rel=\"canonical\" href=\"https:\/\/fullsolutions.info\/en\/product\/rosemount-3051-transmissor-de-pressao-em-linha\/\" \/>\n<meta property=\"og:locale\" content=\"en_US\" \/>\n<meta property=\"og:type\" content=\"article\" \/>\n<meta property=\"og:title\" content=\"Rosemount\u2122 3051 Transmissor de press\u00e3o em linha - Full Solutions\" \/>\n<meta property=\"og:description\" content=\"Rosemount 3051: transmissor de press\u00e3o em linha com alta precis\u00e3o e estabilidade para aplica\u00e7\u00f5es industriais cr\u00edticas. Solicite cota\u00e7\u00e3o.\" \/>\n<meta property=\"og:url\" content=\"https:\/\/fullsolutions.info\/en\/product\/rosemount-3051-transmissor-de-pressao-em-linha\/\" \/>\n<meta property=\"og:site_name\" content=\"Full Solutions\" \/>\n<meta property=\"article:modified_time\" content=\"2026-04-22T13:27:57+00:00\" \/>\n<meta property=\"og:image\" content=\"https:\/\/mlhff0prgoxu.i.optimole.com\/cb:s0sM.767\/w:auto\/h:auto\/q:mauto\/f:best\/https:\/\/fullsolutions.info\/wp-content\/uploads\/2024\/02\/dl-rmt-3051-wireless-in-line-pressure-transmitter-2-facing-left-2-valve.jpeg\" \/>\n\t<meta property=\"og:image:width\" content=\"555\" \/>\n\t<meta property=\"og:image:height\" content=\"555\" \/>\n\t<meta property=\"og:image:type\" content=\"image\/jpeg\" \/>\n<meta name=\"twitter:card\" content=\"summary_large_image\" \/>\n<meta name=\"twitter:label1\" content=\"Est. reading time\" \/>\n\t<meta name=\"twitter:data1\" content=\"1 minute\" \/>\n<script type=\"application\/ld+json\" class=\"yoast-schema-graph\">{\"@context\":\"https:\/\/schema.org\",\"@graph\":[{\"@type\":\"WebPage\",\"@id\":\"https:\/\/fullsolutions.info\/produto\/rosemount-3051-transmissor-de-pressao-em-linha\/\",\"url\":\"https:\/\/fullsolutions.info\/produto\/rosemount-3051-transmissor-de-pressao-em-linha\/\",\"name\":\"Rosemount\u2122 3051 Transmissor de press\u00e3o em linha - Full Solutions\",\"isPartOf\":{\"@id\":\"https:\/\/fullsolutions.info\/#website\"},\"primaryImageOfPage\":{\"@id\":\"https:\/\/fullsolutions.info\/produto\/rosemount-3051-transmissor-de-pressao-em-linha\/#primaryimage\"},\"image\":{\"@id\":\"https:\/\/fullsolutions.info\/produto\/rosemount-3051-transmissor-de-pressao-em-linha\/#primaryimage\"},\"thumbnailUrl\":\"https:\/\/mlhff0prgoxu.i.optimole.com\/cb:s0sM.767\/w:auto\/h:auto\/q:mauto\/f:best\/https:\/\/fullsolutions.info\/wp-content\/uploads\/2024\/02\/dl-rmt-3051-wireless-in-line-pressure-transmitter-2-facing-left-2-valve.jpeg\",\"datePublished\":\"2024-02-29T14:28:50+00:00\",\"dateModified\":\"2026-04-22T13:27:57+00:00\",\"description\":\"Rosemount 3051: transmissor de press\u00e3o em linha com alta precis\u00e3o e estabilidade para aplica\u00e7\u00f5es industriais cr\u00edticas. Solicite cota\u00e7\u00e3o.\",\"breadcrumb\":{\"@id\":\"https:\/\/fullsolutions.info\/produto\/rosemount-3051-transmissor-de-pressao-em-linha\/#breadcrumb\"},\"inLanguage\":\"en-US\",\"potentialAction\":[{\"@type\":\"ReadAction\",\"target\":[\"https:\/\/fullsolutions.info\/produto\/rosemount-3051-transmissor-de-pressao-em-linha\/\"]}]},{\"@type\":\"ImageObject\",\"inLanguage\":\"en-US\",\"@id\":\"https:\/\/fullsolutions.info\/produto\/rosemount-3051-transmissor-de-pressao-em-linha\/#primaryimage\",\"url\":\"https:\/\/mlhff0prgoxu.i.optimole.com\/cb:s0sM.767\/w:auto\/h:auto\/q:mauto\/f:best\/https:\/\/fullsolutions.info\/wp-content\/uploads\/2024\/02\/dl-rmt-3051-wireless-in-line-pressure-transmitter-2-facing-left-2-valve.jpeg\",\"contentUrl\":\"https:\/\/mlhff0prgoxu.i.optimole.com\/cb:s0sM.767\/w:auto\/h:auto\/q:mauto\/f:best\/https:\/\/fullsolutions.info\/wp-content\/uploads\/2024\/02\/dl-rmt-3051-wireless-in-line-pressure-transmitter-2-facing-left-2-valve.jpeg\",\"width\":555,\"height\":555},{\"@type\":\"BreadcrumbList\",\"@id\":\"https:\/\/fullsolutions.info\/produto\/rosemount-3051-transmissor-de-pressao-em-linha\/#breadcrumb\",\"itemListElement\":[{\"@type\":\"ListItem\",\"position\":1,\"name\":\"In\u00edcio\",\"item\":\"https:\/\/fullsolutions.info\/\"},{\"@type\":\"ListItem\",\"position\":2,\"name\":\"Produtos\",\"item\":\"https:\/\/fullsolutions.info\/shop\/\"},{\"@type\":\"ListItem\",\"position\":3,\"name\":\"Rosemount\u2122 3051 Transmissor de press\u00e3o em linha\"}]},{\"@type\":\"WebSite\",\"@id\":\"https:\/\/fullsolutions.info\/#website\",\"url\":\"https:\/\/fullsolutions.info\/\",\"name\":\"Full Solutions\",\"description\":\"Empresa na \u00c1rea de Procurement\",\"publisher\":{\"@id\":\"https:\/\/fullsolutions.info\/#organization\"},\"potentialAction\":[{\"@type\":\"SearchAction\",\"target\":{\"@type\":\"EntryPoint\",\"urlTemplate\":\"https:\/\/fullsolutions.info\/?s={search_term_string}\"},\"query-input\":{\"@type\":\"PropertyValueSpecification\",\"valueRequired\":true,\"valueName\":\"search_term_string\"}}],\"inLanguage\":\"en-US\"},{\"@type\":\"Organization\",\"@id\":\"https:\/\/fullsolutions.info\/#organization\",\"name\":\"Full Solutions\",\"url\":\"https:\/\/fullsolutions.info\/\",\"logo\":{\"@type\":\"ImageObject\",\"inLanguage\":\"en-US\",\"@id\":\"https:\/\/fullsolutions.info\/#\/schema\/logo\/image\/\",\"url\":\"https:\/\/mlhff0prgoxu.i.optimole.com\/cb:s0sM.767\/w:auto\/h:auto\/q:mauto\/f:best\/https:\/\/fullsolutions.info\/wp-content\/uploads\/2021\/07\/cropped-Design-sem-nome-300x193-1-e1627062664782.png\",\"contentUrl\":\"https:\/\/mlhff0prgoxu.i.optimole.com\/cb:s0sM.767\/w:auto\/h:auto\/q:mauto\/f:best\/https:\/\/fullsolutions.info\/wp-content\/uploads\/2021\/07\/cropped-Design-sem-nome-300x193-1-e1627062664782.png\",\"width\":202,\"height\":155,\"caption\":\"Full Solutions\"},\"image\":{\"@id\":\"https:\/\/fullsolutions.info\/#\/schema\/logo\/image\/\"},\"sameAs\":[\"https:\/\/www.linkedin.com\/company\/full-solutions-equipment\"]}]}<\/script>\n<!-- \/ Yoast SEO plugin. -->","yoast_head_json":{"title":"Rosemount\u2122 3051 Transmissor de press\u00e3o em linha - Full Solutions","description":"Rosemount 3051: transmissor de press\u00e3o em linha com alta precis\u00e3o e estabilidade para aplica\u00e7\u00f5es industriais cr\u00edticas. Solicite cota\u00e7\u00e3o.","robots":{"index":"index","follow":"follow","max-snippet":"max-snippet:-1","max-image-preview":"max-image-preview:large","max-video-preview":"max-video-preview:-1"},"canonical":"https:\/\/fullsolutions.info\/en\/product\/rosemount-3051-transmissor-de-pressao-em-linha\/","og_locale":"en_US","og_type":"article","og_title":"Rosemount\u2122 3051 Transmissor de press\u00e3o em linha - Full Solutions","og_description":"Rosemount 3051: transmissor de press\u00e3o em linha com alta precis\u00e3o e estabilidade para aplica\u00e7\u00f5es industriais cr\u00edticas. Solicite cota\u00e7\u00e3o.","og_url":"https:\/\/fullsolutions.info\/en\/product\/rosemount-3051-transmissor-de-pressao-em-linha\/","og_site_name":"Full Solutions","article_modified_time":"2026-04-22T13:27:57+00:00","og_image":[{"width":555,"height":555,"url":"https:\/\/mlhff0prgoxu.i.optimole.com\/cb:s0sM.767\/w:auto\/h:auto\/q:mauto\/f:best\/https:\/\/fullsolutions.info\/wp-content\/uploads\/2024\/02\/dl-rmt-3051-wireless-in-line-pressure-transmitter-2-facing-left-2-valve.jpeg","type":"image\/jpeg"}],"twitter_card":"summary_large_image","twitter_misc":{"Est. reading time":"1 minute"},"schema":{"@context":"https:\/\/schema.org","@graph":[{"@type":"WebPage","@id":"https:\/\/fullsolutions.info\/produto\/rosemount-3051-transmissor-de-pressao-em-linha\/","url":"https:\/\/fullsolutions.info\/produto\/rosemount-3051-transmissor-de-pressao-em-linha\/","name":"Rosemount\u2122 3051 Transmissor de press\u00e3o em linha - Full Solutions","isPartOf":{"@id":"https:\/\/fullsolutions.info\/#website"},"primaryImageOfPage":{"@id":"https:\/\/fullsolutions.info\/produto\/rosemount-3051-transmissor-de-pressao-em-linha\/#primaryimage"},"image":{"@id":"https:\/\/fullsolutions.info\/produto\/rosemount-3051-transmissor-de-pressao-em-linha\/#primaryimage"},"thumbnailUrl":"https:\/\/mlhff0prgoxu.i.optimole.com\/cb:s0sM.767\/w:auto\/h:auto\/q:mauto\/f:best\/https:\/\/fullsolutions.info\/wp-content\/uploads\/2024\/02\/dl-rmt-3051-wireless-in-line-pressure-transmitter-2-facing-left-2-valve.jpeg","datePublished":"2024-02-29T14:28:50+00:00","dateModified":"2026-04-22T13:27:57+00:00","description":"Rosemount 3051: transmissor de press\u00e3o em linha com alta precis\u00e3o e estabilidade para aplica\u00e7\u00f5es industriais cr\u00edticas. Solicite cota\u00e7\u00e3o.","breadcrumb":{"@id":"https:\/\/fullsolutions.info\/produto\/rosemount-3051-transmissor-de-pressao-em-linha\/#breadcrumb"},"inLanguage":"en-US","potentialAction":[{"@type":"ReadAction","target":["https:\/\/fullsolutions.info\/produto\/rosemount-3051-transmissor-de-pressao-em-linha\/"]}]},{"@type":"ImageObject","inLanguage":"en-US","@id":"https:\/\/fullsolutions.info\/produto\/rosemount-3051-transmissor-de-pressao-em-linha\/#primaryimage","url":"https:\/\/mlhff0prgoxu.i.optimole.com\/cb:s0sM.767\/w:auto\/h:auto\/q:mauto\/f:best\/https:\/\/fullsolutions.info\/wp-content\/uploads\/2024\/02\/dl-rmt-3051-wireless-in-line-pressure-transmitter-2-facing-left-2-valve.jpeg","contentUrl":"https:\/\/mlhff0prgoxu.i.optimole.com\/cb:s0sM.767\/w:auto\/h:auto\/q:mauto\/f:best\/https:\/\/fullsolutions.info\/wp-content\/uploads\/2024\/02\/dl-rmt-3051-wireless-in-line-pressure-transmitter-2-facing-left-2-valve.jpeg","width":555,"height":555},{"@type":"BreadcrumbList","@id":"https:\/\/fullsolutions.info\/produto\/rosemount-3051-transmissor-de-pressao-em-linha\/#breadcrumb","itemListElement":[{"@type":"ListItem","position":1,"name":"In\u00edcio","item":"https:\/\/fullsolutions.info\/"},{"@type":"ListItem","position":2,"name":"Produtos","item":"https:\/\/fullsolutions.info\/shop\/"},{"@type":"ListItem","position":3,"name":"Rosemount\u2122 3051 Transmissor de press\u00e3o em linha"}]},{"@type":"WebSite","@id":"https:\/\/fullsolutions.info\/#website","url":"https:\/\/fullsolutions.info\/","name":"Full Solutions","description":"Empresa na \u00c1rea de Procurement","publisher":{"@id":"https:\/\/fullsolutions.info\/#organization"},"potentialAction":[{"@type":"SearchAction","target":{"@type":"EntryPoint","urlTemplate":"https:\/\/fullsolutions.info\/?s={search_term_string}"},"query-input":{"@type":"PropertyValueSpecification","valueRequired":true,"valueName":"search_term_string"}}],"inLanguage":"en-US"},{"@type":"Organization","@id":"https:\/\/fullsolutions.info\/#organization","name":"Full Solutions","url":"https:\/\/fullsolutions.info\/","logo":{"@type":"ImageObject","inLanguage":"en-US","@id":"https:\/\/fullsolutions.info\/#\/schema\/logo\/image\/","url":"https:\/\/mlhff0prgoxu.i.optimole.com\/cb:s0sM.767\/w:auto\/h:auto\/q:mauto\/f:best\/https:\/\/fullsolutions.info\/wp-content\/uploads\/2021\/07\/cropped-Design-sem-nome-300x193-1-e1627062664782.png","contentUrl":"https:\/\/mlhff0prgoxu.i.optimole.com\/cb:s0sM.767\/w:auto\/h:auto\/q:mauto\/f:best\/https:\/\/fullsolutions.info\/wp-content\/uploads\/2021\/07\/cropped-Design-sem-nome-300x193-1-e1627062664782.png","width":202,"height":155,"caption":"Full Solutions"},"image":{"@id":"https:\/\/fullsolutions.info\/#\/schema\/logo\/image\/"},"sameAs":["https:\/\/www.linkedin.com\/company\/full-solutions-equipment"]}]}},"_links":{"self":[{"href":"https:\/\/fullsolutions.info\/en\/wp-json\/wp\/v2\/product\/4723","targetHints":{"allow":["GET"]}}],"collection":[{"href":"https:\/\/fullsolutions.info\/en\/wp-json\/wp\/v2\/product"}],"about":[{"href":"https:\/\/fullsolutions.info\/en\/wp-json\/wp\/v2\/types\/product"}],"replies":[{"embeddable":true,"href":"https:\/\/fullsolutions.info\/en\/wp-json\/wp\/v2\/comments?post=4723"}],"wp:featuredmedia":[{"embeddable":true,"href":"https:\/\/fullsolutions.info\/en\/wp-json\/wp\/v2\/media\/4724"}],"wp:attachment":[{"href":"https:\/\/fullsolutions.info\/en\/wp-json\/wp\/v2\/media?parent=4723"}],"wp:term":[{"taxonomy":"product_brand","embeddable":true,"href":"https:\/\/fullsolutions.info\/en\/wp-json\/wp\/v2\/product_brand?post=4723"},{"taxonomy":"product_cat","embeddable":true,"href":"https:\/\/fullsolutions.info\/en\/wp-json\/wp\/v2\/product_cat?post=4723"},{"taxonomy":"product_tag","embeddable":true,"href":"https:\/\/fullsolutions.info\/en\/wp-json\/wp\/v2\/product_tag?post=4723"},{"taxonomy":"marca","embeddable":true,"href":"https:\/\/fullsolutions.info\/en\/wp-json\/wp\/v2\/marca?post=4723"}],"curies":[{"name":"wp","href":"https:\/\/api.w.org\/{rel}","templated":true}]}}