{"id":4721,"date":"2024-02-29T14:27:07","date_gmt":"2024-02-29T14:27:07","guid":{"rendered":"https:\/\/fullsolutionsequip.com\/?post_type=product&#038;p=4721"},"modified":"2026-04-22T10:35:28","modified_gmt":"2026-04-22T13:35:28","slug":"transmissor-de-pressao-diferencial-eja110e","status":"publish","type":"product","link":"https:\/\/fullsolutions.info\/en\/product\/transmissor-de-pressao-diferencial-eja110e\/","title":{"rendered":"Differential pressure transmitter EJA110E"},"content":{"rendered":"<p>A s\u00e9rie de transmissores EJA-E \u00e9 a evolu\u00e7\u00e3o mais recente da fam\u00edlia de transmissores de press\u00e3o DPharp da Yokogawa. Lan\u00e7ada em 2012, ela combina a robustez e o sucesso da s\u00e9rie EJA-A, um cavalo de batalha, com o desempenho da s\u00e9rie EJX-A, um puro-sangue, para oferecer o tipo de produto que voc\u00ea espera da Yokogawa.<\/p>\n<p>O EJA110E \u00e9 o nosso transmissor de press\u00e3o diferencial padr\u00e3o de montagem tradicional dessa s\u00e9rie.<\/p>\n<p>Os recursos do EJA110E incluem:<\/p>\n<ul>\n<li>0,055% de precis\u00e3o (0,04% de precis\u00e3o\u00a0<em>opcional<\/em>)<\/li>\n<li>0,1% Estabilidade por 10 anos<\/li>\n<li>90 ms Tempo de resposta<\/li>\n<li>Certifica\u00e7\u00e3o Exida e TUV SIL 2 \/ SIL3<\/li>\n<li>MWP 2.300 psi (<em>op\u00e7\u00e3o<\/em>\u00a0MWP 3.600 psi)<\/li>\n<li>Configura\u00e7\u00e3o de par\u00e2metros locais (LPS)<\/li>\n<\/ul>\n<p><em>Explore como o EJA110E pode ajud\u00e1-lo a aumentar<\/em>\u200b \u200b<strong><em>seus resultados.<\/em><\/strong><\/p>","protected":false},"excerpt":{"rendered":"<p>A s\u00e9rie de transmissores EJA-E \u00e9 a evolu\u00e7\u00e3o mais recente da fam\u00edlia de transmissores de press\u00e3o DPharp da Yokogawa. Lan\u00e7ada em 2012, ela combina a robustez e o sucesso da s\u00e9rie EJA-A, um cavalo de batalha, com o desempenho da s\u00e9rie EJX-A, um puro-sangue, para oferecer o tipo de produto que voc\u00ea espera da Yokogawa. O EJA110E \u00e9 o nosso transmissor de press\u00e3o diferencial padr\u00e3o de montagem tradicional dessa s\u00e9rie. Os recursos do EJA110E incluem: 0,055% de precis\u00e3o (0,04% de precis\u00e3o\u00a0opcional) 0,1% Estabilidade por 10 anos 90 ms Tempo de resposta Certifica\u00e7\u00e3o Exida e TUV SIL 2 \/ SIL3 MWP 2.300 psi (op\u00e7\u00e3o\u00a0MWP 3.600 psi) Configura\u00e7\u00e3o de par\u00e2metros locais (LPS) Explore como o EJA110E pode ajud\u00e1-lo a aumentar\u200b \u200bseus resultados.<\/p>","protected":false},"featured_media":4722,"comment_status":"open","ping_status":"closed","template":"","meta":{"_joinchat":[]},"product_brand":[],"product_cat":[140],"product_tag":[],"marca":[170,143],"class_list":{"0":"post-4721","1":"product","2":"type-product","3":"status-publish","4":"has-post-thumbnail","6":"product_cat-transmissores","7":"marca-oprex","8":"marca-yokogawa","10":"first","11":"instock","12":"shipping-taxable","13":"product-type-simple"},"yoast_head":"<!-- This site is optimized with the Yoast SEO plugin v27.2 - https:\/\/yoast.com\/product\/yoast-seo-wordpress\/ -->\n<title>Transmissor de press\u00e3o diferencial EJA110E - Full Solutions<\/title>\n<meta name=\"description\" content=\"EJA110E da Yokogawa: transmissor de press\u00e3o diferencial com alta precis\u00e3o e estabilidade para aplica\u00e7\u00f5es industriais. Ideal para controle de processos. Solicite cota\u00e7\u00e3o.\" \/>\n<meta name=\"robots\" content=\"index, follow, max-snippet:-1, max-image-preview:large, max-video-preview:-1\" \/>\n<link rel=\"canonical\" href=\"https:\/\/fullsolutions.info\/en\/product\/transmissor-de-pressao-diferencial-eja110e\/\" \/>\n<meta property=\"og:locale\" content=\"en_US\" \/>\n<meta property=\"og:type\" content=\"article\" \/>\n<meta property=\"og:title\" content=\"Transmissor de press\u00e3o diferencial EJA110E - Full Solutions\" \/>\n<meta property=\"og:description\" content=\"EJA110E da Yokogawa: transmissor de press\u00e3o diferencial com alta precis\u00e3o e estabilidade para aplica\u00e7\u00f5es industriais. Ideal para controle de processos. Solicite cota\u00e7\u00e3o.\" \/>\n<meta property=\"og:url\" content=\"https:\/\/fullsolutions.info\/en\/product\/transmissor-de-pressao-diferencial-eja110e\/\" \/>\n<meta property=\"og:site_name\" content=\"Full Solutions\" \/>\n<meta property=\"article:modified_time\" content=\"2026-04-22T13:35:28+00:00\" \/>\n<meta property=\"og:image\" content=\"https:\/\/mlhff0prgoxu.i.optimole.com\/cb:s0sM.767\/w:auto\/h:auto\/q:mauto\/f:best\/https:\/\/fullsolutions.info\/wp-content\/uploads\/2024\/02\/598__599_608_609_621_622_655_659_717_718.jpeg\" \/>\n\t<meta property=\"og:image:width\" content=\"700\" \/>\n\t<meta property=\"og:image:height\" content=\"700\" \/>\n\t<meta property=\"og:image:type\" content=\"image\/jpeg\" \/>\n<meta name=\"twitter:card\" content=\"summary_large_image\" \/>\n<meta name=\"twitter:label1\" content=\"Est. reading time\" \/>\n\t<meta name=\"twitter:data1\" content=\"1 minute\" \/>\n<script type=\"application\/ld+json\" class=\"yoast-schema-graph\">{\"@context\":\"https:\/\/schema.org\",\"@graph\":[{\"@type\":\"WebPage\",\"@id\":\"https:\/\/fullsolutions.info\/produto\/transmissor-de-pressao-diferencial-eja110e\/\",\"url\":\"https:\/\/fullsolutions.info\/produto\/transmissor-de-pressao-diferencial-eja110e\/\",\"name\":\"Transmissor de press\u00e3o diferencial EJA110E - Full Solutions\",\"isPartOf\":{\"@id\":\"https:\/\/fullsolutions.info\/#website\"},\"primaryImageOfPage\":{\"@id\":\"https:\/\/fullsolutions.info\/produto\/transmissor-de-pressao-diferencial-eja110e\/#primaryimage\"},\"image\":{\"@id\":\"https:\/\/fullsolutions.info\/produto\/transmissor-de-pressao-diferencial-eja110e\/#primaryimage\"},\"thumbnailUrl\":\"https:\/\/mlhff0prgoxu.i.optimole.com\/cb:s0sM.767\/w:auto\/h:auto\/q:mauto\/f:best\/https:\/\/fullsolutions.info\/wp-content\/uploads\/2024\/02\/598__599_608_609_621_622_655_659_717_718.jpeg\",\"datePublished\":\"2024-02-29T14:27:07+00:00\",\"dateModified\":\"2026-04-22T13:35:28+00:00\",\"description\":\"EJA110E da Yokogawa: transmissor de press\u00e3o diferencial com alta precis\u00e3o e estabilidade para aplica\u00e7\u00f5es industriais. Ideal para controle de processos. Solicite cota\u00e7\u00e3o.\",\"breadcrumb\":{\"@id\":\"https:\/\/fullsolutions.info\/produto\/transmissor-de-pressao-diferencial-eja110e\/#breadcrumb\"},\"inLanguage\":\"en-US\",\"potentialAction\":[{\"@type\":\"ReadAction\",\"target\":[\"https:\/\/fullsolutions.info\/produto\/transmissor-de-pressao-diferencial-eja110e\/\"]}]},{\"@type\":\"ImageObject\",\"inLanguage\":\"en-US\",\"@id\":\"https:\/\/fullsolutions.info\/produto\/transmissor-de-pressao-diferencial-eja110e\/#primaryimage\",\"url\":\"https:\/\/mlhff0prgoxu.i.optimole.com\/cb:s0sM.767\/w:auto\/h:auto\/q:mauto\/f:best\/https:\/\/fullsolutions.info\/wp-content\/uploads\/2024\/02\/598__599_608_609_621_622_655_659_717_718.jpeg\",\"contentUrl\":\"https:\/\/mlhff0prgoxu.i.optimole.com\/cb:s0sM.767\/w:auto\/h:auto\/q:mauto\/f:best\/https:\/\/fullsolutions.info\/wp-content\/uploads\/2024\/02\/598__599_608_609_621_622_655_659_717_718.jpeg\",\"width\":700,\"height\":700},{\"@type\":\"BreadcrumbList\",\"@id\":\"https:\/\/fullsolutions.info\/produto\/transmissor-de-pressao-diferencial-eja110e\/#breadcrumb\",\"itemListElement\":[{\"@type\":\"ListItem\",\"position\":1,\"name\":\"In\u00edcio\",\"item\":\"https:\/\/fullsolutions.info\/\"},{\"@type\":\"ListItem\",\"position\":2,\"name\":\"Produtos\",\"item\":\"https:\/\/fullsolutions.info\/shop\/\"},{\"@type\":\"ListItem\",\"position\":3,\"name\":\"Transmissor de press\u00e3o diferencial EJA110E\"}]},{\"@type\":\"WebSite\",\"@id\":\"https:\/\/fullsolutions.info\/#website\",\"url\":\"https:\/\/fullsolutions.info\/\",\"name\":\"Full Solutions\",\"description\":\"Empresa na \u00c1rea de Procurement\",\"publisher\":{\"@id\":\"https:\/\/fullsolutions.info\/#organization\"},\"potentialAction\":[{\"@type\":\"SearchAction\",\"target\":{\"@type\":\"EntryPoint\",\"urlTemplate\":\"https:\/\/fullsolutions.info\/?s={search_term_string}\"},\"query-input\":{\"@type\":\"PropertyValueSpecification\",\"valueRequired\":true,\"valueName\":\"search_term_string\"}}],\"inLanguage\":\"en-US\"},{\"@type\":\"Organization\",\"@id\":\"https:\/\/fullsolutions.info\/#organization\",\"name\":\"Full Solutions\",\"url\":\"https:\/\/fullsolutions.info\/\",\"logo\":{\"@type\":\"ImageObject\",\"inLanguage\":\"en-US\",\"@id\":\"https:\/\/fullsolutions.info\/#\/schema\/logo\/image\/\",\"url\":\"https:\/\/mlhff0prgoxu.i.optimole.com\/cb:s0sM.767\/w:auto\/h:auto\/q:mauto\/f:best\/https:\/\/fullsolutions.info\/wp-content\/uploads\/2021\/07\/cropped-Design-sem-nome-300x193-1-e1627062664782.png\",\"contentUrl\":\"https:\/\/mlhff0prgoxu.i.optimole.com\/cb:s0sM.767\/w:auto\/h:auto\/q:mauto\/f:best\/https:\/\/fullsolutions.info\/wp-content\/uploads\/2021\/07\/cropped-Design-sem-nome-300x193-1-e1627062664782.png\",\"width\":202,\"height\":155,\"caption\":\"Full Solutions\"},\"image\":{\"@id\":\"https:\/\/fullsolutions.info\/#\/schema\/logo\/image\/\"},\"sameAs\":[\"https:\/\/www.linkedin.com\/company\/full-solutions-equipment\"]}]}<\/script>\n<!-- \/ Yoast SEO plugin. -->","yoast_head_json":{"title":"Transmissor de press\u00e3o diferencial EJA110E - Full Solutions","description":"EJA110E da Yokogawa: transmissor de press\u00e3o diferencial com alta precis\u00e3o e estabilidade para aplica\u00e7\u00f5es industriais. Ideal para controle de processos. Solicite cota\u00e7\u00e3o.","robots":{"index":"index","follow":"follow","max-snippet":"max-snippet:-1","max-image-preview":"max-image-preview:large","max-video-preview":"max-video-preview:-1"},"canonical":"https:\/\/fullsolutions.info\/en\/product\/transmissor-de-pressao-diferencial-eja110e\/","og_locale":"en_US","og_type":"article","og_title":"Transmissor de press\u00e3o diferencial EJA110E - Full Solutions","og_description":"EJA110E da Yokogawa: transmissor de press\u00e3o diferencial com alta precis\u00e3o e estabilidade para aplica\u00e7\u00f5es industriais. Ideal para controle de processos. Solicite cota\u00e7\u00e3o.","og_url":"https:\/\/fullsolutions.info\/en\/product\/transmissor-de-pressao-diferencial-eja110e\/","og_site_name":"Full Solutions","article_modified_time":"2026-04-22T13:35:28+00:00","og_image":[{"width":700,"height":700,"url":"https:\/\/mlhff0prgoxu.i.optimole.com\/cb:s0sM.767\/w:auto\/h:auto\/q:mauto\/f:best\/https:\/\/fullsolutions.info\/wp-content\/uploads\/2024\/02\/598__599_608_609_621_622_655_659_717_718.jpeg","type":"image\/jpeg"}],"twitter_card":"summary_large_image","twitter_misc":{"Est. reading time":"1 minute"},"schema":{"@context":"https:\/\/schema.org","@graph":[{"@type":"WebPage","@id":"https:\/\/fullsolutions.info\/produto\/transmissor-de-pressao-diferencial-eja110e\/","url":"https:\/\/fullsolutions.info\/produto\/transmissor-de-pressao-diferencial-eja110e\/","name":"Transmissor de press\u00e3o diferencial EJA110E - Full Solutions","isPartOf":{"@id":"https:\/\/fullsolutions.info\/#website"},"primaryImageOfPage":{"@id":"https:\/\/fullsolutions.info\/produto\/transmissor-de-pressao-diferencial-eja110e\/#primaryimage"},"image":{"@id":"https:\/\/fullsolutions.info\/produto\/transmissor-de-pressao-diferencial-eja110e\/#primaryimage"},"thumbnailUrl":"https:\/\/mlhff0prgoxu.i.optimole.com\/cb:s0sM.767\/w:auto\/h:auto\/q:mauto\/f:best\/https:\/\/fullsolutions.info\/wp-content\/uploads\/2024\/02\/598__599_608_609_621_622_655_659_717_718.jpeg","datePublished":"2024-02-29T14:27:07+00:00","dateModified":"2026-04-22T13:35:28+00:00","description":"EJA110E da Yokogawa: transmissor de press\u00e3o diferencial com alta precis\u00e3o e estabilidade para aplica\u00e7\u00f5es industriais. Ideal para controle de processos. Solicite cota\u00e7\u00e3o.","breadcrumb":{"@id":"https:\/\/fullsolutions.info\/produto\/transmissor-de-pressao-diferencial-eja110e\/#breadcrumb"},"inLanguage":"en-US","potentialAction":[{"@type":"ReadAction","target":["https:\/\/fullsolutions.info\/produto\/transmissor-de-pressao-diferencial-eja110e\/"]}]},{"@type":"ImageObject","inLanguage":"en-US","@id":"https:\/\/fullsolutions.info\/produto\/transmissor-de-pressao-diferencial-eja110e\/#primaryimage","url":"https:\/\/mlhff0prgoxu.i.optimole.com\/cb:s0sM.767\/w:auto\/h:auto\/q:mauto\/f:best\/https:\/\/fullsolutions.info\/wp-content\/uploads\/2024\/02\/598__599_608_609_621_622_655_659_717_718.jpeg","contentUrl":"https:\/\/mlhff0prgoxu.i.optimole.com\/cb:s0sM.767\/w:auto\/h:auto\/q:mauto\/f:best\/https:\/\/fullsolutions.info\/wp-content\/uploads\/2024\/02\/598__599_608_609_621_622_655_659_717_718.jpeg","width":700,"height":700},{"@type":"BreadcrumbList","@id":"https:\/\/fullsolutions.info\/produto\/transmissor-de-pressao-diferencial-eja110e\/#breadcrumb","itemListElement":[{"@type":"ListItem","position":1,"name":"In\u00edcio","item":"https:\/\/fullsolutions.info\/"},{"@type":"ListItem","position":2,"name":"Produtos","item":"https:\/\/fullsolutions.info\/shop\/"},{"@type":"ListItem","position":3,"name":"Transmissor de press\u00e3o diferencial EJA110E"}]},{"@type":"WebSite","@id":"https:\/\/fullsolutions.info\/#website","url":"https:\/\/fullsolutions.info\/","name":"Full Solutions","description":"Empresa na \u00c1rea de Procurement","publisher":{"@id":"https:\/\/fullsolutions.info\/#organization"},"potentialAction":[{"@type":"SearchAction","target":{"@type":"EntryPoint","urlTemplate":"https:\/\/fullsolutions.info\/?s={search_term_string}"},"query-input":{"@type":"PropertyValueSpecification","valueRequired":true,"valueName":"search_term_string"}}],"inLanguage":"en-US"},{"@type":"Organization","@id":"https:\/\/fullsolutions.info\/#organization","name":"Full Solutions","url":"https:\/\/fullsolutions.info\/","logo":{"@type":"ImageObject","inLanguage":"en-US","@id":"https:\/\/fullsolutions.info\/#\/schema\/logo\/image\/","url":"https:\/\/mlhff0prgoxu.i.optimole.com\/cb:s0sM.767\/w:auto\/h:auto\/q:mauto\/f:best\/https:\/\/fullsolutions.info\/wp-content\/uploads\/2021\/07\/cropped-Design-sem-nome-300x193-1-e1627062664782.png","contentUrl":"https:\/\/mlhff0prgoxu.i.optimole.com\/cb:s0sM.767\/w:auto\/h:auto\/q:mauto\/f:best\/https:\/\/fullsolutions.info\/wp-content\/uploads\/2021\/07\/cropped-Design-sem-nome-300x193-1-e1627062664782.png","width":202,"height":155,"caption":"Full Solutions"},"image":{"@id":"https:\/\/fullsolutions.info\/#\/schema\/logo\/image\/"},"sameAs":["https:\/\/www.linkedin.com\/company\/full-solutions-equipment"]}]}},"_links":{"self":[{"href":"https:\/\/fullsolutions.info\/en\/wp-json\/wp\/v2\/product\/4721","targetHints":{"allow":["GET"]}}],"collection":[{"href":"https:\/\/fullsolutions.info\/en\/wp-json\/wp\/v2\/product"}],"about":[{"href":"https:\/\/fullsolutions.info\/en\/wp-json\/wp\/v2\/types\/product"}],"replies":[{"embeddable":true,"href":"https:\/\/fullsolutions.info\/en\/wp-json\/wp\/v2\/comments?post=4721"}],"wp:featuredmedia":[{"embeddable":true,"href":"https:\/\/fullsolutions.info\/en\/wp-json\/wp\/v2\/media\/4722"}],"wp:attachment":[{"href":"https:\/\/fullsolutions.info\/en\/wp-json\/wp\/v2\/media?parent=4721"}],"wp:term":[{"taxonomy":"product_brand","embeddable":true,"href":"https:\/\/fullsolutions.info\/en\/wp-json\/wp\/v2\/product_brand?post=4721"},{"taxonomy":"product_cat","embeddable":true,"href":"https:\/\/fullsolutions.info\/en\/wp-json\/wp\/v2\/product_cat?post=4721"},{"taxonomy":"product_tag","embeddable":true,"href":"https:\/\/fullsolutions.info\/en\/wp-json\/wp\/v2\/product_tag?post=4721"},{"taxonomy":"marca","embeddable":true,"href":"https:\/\/fullsolutions.info\/en\/wp-json\/wp\/v2\/marca?post=4721"}],"curies":[{"name":"wp","href":"https:\/\/api.w.org\/{rel}","templated":true}]}}