{"id":4584,"date":"2024-02-02T19:19:51","date_gmt":"2024-02-02T19:19:51","guid":{"rendered":"https:\/\/fullsolutionsequip.com\/?post_type=product&#038;p=4584"},"modified":"2026-04-22T10:40:44","modified_gmt":"2026-04-22T13:40:44","slug":"emerson-475-hart-comunicacao-de-campo","status":"publish","type":"product","link":"https:\/\/fullsolutions.info\/en\/product\/emerson-475-hart-comunicacao-de-campo\/","title":{"rendered":"Emerson 475 Hart field Communication"},"content":{"rendered":"<p data-start=\"567\" data-end=\"737\">O Emerson 475 Field Communicator permite a configura\u00e7\u00e3o, calibra\u00e7\u00e3o e diagn\u00f3stico de instrumentos de campo. O equipamento \u00e9 amplamente utilizado em ambientes industriais e opera com protocolo HART. Em seguida, acessa par\u00e2metros dos dispositivos conectados. Assim, facilita ajustes e manuten\u00e7\u00e3o em campo.<\/p>\n<p data-start=\"886\" data-end=\"1086\">Al\u00e9m disso, o Emerson 475 possui interface intuitiva e opera\u00e7\u00e3o simples. O equipamento tamb\u00e9m apresenta constru\u00e7\u00e3o robusta para uso industrial. Isso garante confiabilidade durante o trabalho em campo.<\/p>\n<p data-start=\"1088\" data-end=\"1258\">Por fim, o comunicador \u00e9 port\u00e1til e vers\u00e1til. Ele reduz o tempo de manuten\u00e7\u00e3o e aumenta a efici\u00eancia das opera\u00e7\u00f5es e \u00e9 essencial para t\u00e9cnicos de instrumenta\u00e7\u00e3o.<\/p>","protected":false},"excerpt":{"rendered":"<p>O Emerson 475 Field Communicator permite a configura\u00e7\u00e3o, calibra\u00e7\u00e3o e diagn\u00f3stico de instrumentos de campo. O equipamento \u00e9 amplamente utilizado em ambientes industriais e opera com protocolo HART. Em seguida, acessa par\u00e2metros dos dispositivos conectados. Assim, facilita ajustes e manuten\u00e7\u00e3o em campo. Al\u00e9m disso, o Emerson 475 possui interface intuitiva e opera\u00e7\u00e3o simples. O equipamento tamb\u00e9m apresenta constru\u00e7\u00e3o robusta para uso industrial. Isso garante confiabilidade durante o trabalho em campo. Por fim, o comunicador \u00e9 port\u00e1til e vers\u00e1til. Ele reduz o tempo de manuten\u00e7\u00e3o e aumenta a efici\u00eancia das opera\u00e7\u00f5es e \u00e9 essencial para t\u00e9cnicos de instrumenta\u00e7\u00e3o.<\/p>","protected":false},"featured_media":4585,"comment_status":"open","ping_status":"closed","template":"","meta":{"_joinchat":[]},"product_brand":[],"product_cat":[159],"product_tag":[],"marca":[158],"class_list":{"0":"post-4584","1":"product","2":"type-product","3":"status-publish","4":"has-post-thumbnail","6":"product_cat-hart-475-bt200","7":"marca-emerson","9":"first","10":"instock","11":"shipping-taxable","12":"purchasable","13":"product-type-simple"},"yoast_head":"<!-- This site is optimized with the Yoast SEO plugin v27.2 - https:\/\/yoast.com\/product\/yoast-seo-wordpress\/ -->\n<title>Emerson 475 Hart Comunica\u00e7\u00e3o de campo - Full Solutions<\/title>\n<meta name=\"description\" content=\"Emerson 475 HART: comunicador de campo para configura\u00e7\u00e3o e diagn\u00f3stico de instrumentos HART. Port\u00e1til, robusto e confi\u00e1vel. Solicite cota\u00e7\u00e3o.\" \/>\n<meta name=\"robots\" content=\"index, follow, max-snippet:-1, max-image-preview:large, max-video-preview:-1\" \/>\n<link rel=\"canonical\" href=\"https:\/\/fullsolutions.info\/en\/product\/emerson-475-hart-comunicacao-de-campo\/\" \/>\n<meta property=\"og:locale\" content=\"en_US\" \/>\n<meta property=\"og:type\" content=\"article\" \/>\n<meta property=\"og:title\" content=\"Emerson 475 Hart Comunica\u00e7\u00e3o de campo - Full Solutions\" \/>\n<meta property=\"og:description\" content=\"Emerson 475 HART: comunicador de campo para configura\u00e7\u00e3o e diagn\u00f3stico de instrumentos HART. Port\u00e1til, robusto e confi\u00e1vel. Solicite cota\u00e7\u00e3o.\" \/>\n<meta property=\"og:url\" content=\"https:\/\/fullsolutions.info\/en\/product\/emerson-475-hart-comunicacao-de-campo\/\" \/>\n<meta property=\"og:site_name\" content=\"Full Solutions\" \/>\n<meta property=\"article:modified_time\" content=\"2026-04-22T13:40:44+00:00\" \/>\n<meta property=\"og:image\" content=\"https:\/\/mlhff0prgoxu.i.optimole.com\/cb:s0sM.767\/w:auto\/h:auto\/q:mauto\/f:best\/https:\/\/fullsolutions.info\/wp-content\/uploads\/2024\/02\/EMERSON.jpeg\" \/>\n\t<meta property=\"og:image:width\" content=\"597\" \/>\n\t<meta property=\"og:image:height\" content=\"566\" \/>\n\t<meta property=\"og:image:type\" content=\"image\/jpeg\" \/>\n<meta name=\"twitter:card\" content=\"summary_large_image\" \/>\n<meta name=\"twitter:label1\" content=\"Est. reading time\" \/>\n\t<meta name=\"twitter:data1\" content=\"1 minute\" \/>\n<script type=\"application\/ld+json\" class=\"yoast-schema-graph\">{\"@context\":\"https:\/\/schema.org\",\"@graph\":[{\"@type\":\"WebPage\",\"@id\":\"https:\/\/fullsolutions.info\/produto\/emerson-475-hart-comunicacao-de-campo\/\",\"url\":\"https:\/\/fullsolutions.info\/produto\/emerson-475-hart-comunicacao-de-campo\/\",\"name\":\"Emerson 475 Hart Comunica\u00e7\u00e3o de campo - Full Solutions\",\"isPartOf\":{\"@id\":\"https:\/\/fullsolutions.info\/#website\"},\"primaryImageOfPage\":{\"@id\":\"https:\/\/fullsolutions.info\/produto\/emerson-475-hart-comunicacao-de-campo\/#primaryimage\"},\"image\":{\"@id\":\"https:\/\/fullsolutions.info\/produto\/emerson-475-hart-comunicacao-de-campo\/#primaryimage\"},\"thumbnailUrl\":\"https:\/\/mlhff0prgoxu.i.optimole.com\/cb:s0sM.767\/w:auto\/h:auto\/q:mauto\/f:best\/https:\/\/fullsolutions.info\/wp-content\/uploads\/2024\/02\/EMERSON.jpeg\",\"datePublished\":\"2024-02-02T19:19:51+00:00\",\"dateModified\":\"2026-04-22T13:40:44+00:00\",\"description\":\"Emerson 475 HART: comunicador de campo para configura\u00e7\u00e3o e diagn\u00f3stico de instrumentos HART. Port\u00e1til, robusto e confi\u00e1vel. Solicite cota\u00e7\u00e3o.\",\"breadcrumb\":{\"@id\":\"https:\/\/fullsolutions.info\/produto\/emerson-475-hart-comunicacao-de-campo\/#breadcrumb\"},\"inLanguage\":\"en-US\",\"potentialAction\":[{\"@type\":\"ReadAction\",\"target\":[\"https:\/\/fullsolutions.info\/produto\/emerson-475-hart-comunicacao-de-campo\/\"]}]},{\"@type\":\"ImageObject\",\"inLanguage\":\"en-US\",\"@id\":\"https:\/\/fullsolutions.info\/produto\/emerson-475-hart-comunicacao-de-campo\/#primaryimage\",\"url\":\"https:\/\/mlhff0prgoxu.i.optimole.com\/cb:s0sM.767\/w:auto\/h:auto\/q:mauto\/f:best\/https:\/\/fullsolutions.info\/wp-content\/uploads\/2024\/02\/EMERSON.jpeg\",\"contentUrl\":\"https:\/\/mlhff0prgoxu.i.optimole.com\/cb:s0sM.767\/w:auto\/h:auto\/q:mauto\/f:best\/https:\/\/fullsolutions.info\/wp-content\/uploads\/2024\/02\/EMERSON.jpeg\",\"width\":597,\"height\":566},{\"@type\":\"BreadcrumbList\",\"@id\":\"https:\/\/fullsolutions.info\/produto\/emerson-475-hart-comunicacao-de-campo\/#breadcrumb\",\"itemListElement\":[{\"@type\":\"ListItem\",\"position\":1,\"name\":\"In\u00edcio\",\"item\":\"https:\/\/fullsolutions.info\/\"},{\"@type\":\"ListItem\",\"position\":2,\"name\":\"Produtos\",\"item\":\"https:\/\/fullsolutions.info\/shop\/\"},{\"@type\":\"ListItem\",\"position\":3,\"name\":\"Emerson 475 Hart Comunica\u00e7\u00e3o de campo\"}]},{\"@type\":\"WebSite\",\"@id\":\"https:\/\/fullsolutions.info\/#website\",\"url\":\"https:\/\/fullsolutions.info\/\",\"name\":\"Full Solutions\",\"description\":\"Empresa na \u00c1rea de Procurement\",\"publisher\":{\"@id\":\"https:\/\/fullsolutions.info\/#organization\"},\"potentialAction\":[{\"@type\":\"SearchAction\",\"target\":{\"@type\":\"EntryPoint\",\"urlTemplate\":\"https:\/\/fullsolutions.info\/?s={search_term_string}\"},\"query-input\":{\"@type\":\"PropertyValueSpecification\",\"valueRequired\":true,\"valueName\":\"search_term_string\"}}],\"inLanguage\":\"en-US\"},{\"@type\":\"Organization\",\"@id\":\"https:\/\/fullsolutions.info\/#organization\",\"name\":\"Full Solutions\",\"url\":\"https:\/\/fullsolutions.info\/\",\"logo\":{\"@type\":\"ImageObject\",\"inLanguage\":\"en-US\",\"@id\":\"https:\/\/fullsolutions.info\/#\/schema\/logo\/image\/\",\"url\":\"https:\/\/mlhff0prgoxu.i.optimole.com\/cb:s0sM.767\/w:auto\/h:auto\/q:mauto\/f:best\/https:\/\/fullsolutions.info\/wp-content\/uploads\/2021\/07\/cropped-Design-sem-nome-300x193-1-e1627062664782.png\",\"contentUrl\":\"https:\/\/mlhff0prgoxu.i.optimole.com\/cb:s0sM.767\/w:auto\/h:auto\/q:mauto\/f:best\/https:\/\/fullsolutions.info\/wp-content\/uploads\/2021\/07\/cropped-Design-sem-nome-300x193-1-e1627062664782.png\",\"width\":202,\"height\":155,\"caption\":\"Full Solutions\"},\"image\":{\"@id\":\"https:\/\/fullsolutions.info\/#\/schema\/logo\/image\/\"},\"sameAs\":[\"https:\/\/www.linkedin.com\/company\/full-solutions-equipment\"]}]}<\/script>\n<!-- \/ Yoast SEO plugin. -->","yoast_head_json":{"title":"Emerson 475 Hart Comunica\u00e7\u00e3o de campo - Full Solutions","description":"Emerson 475 HART: comunicador de campo para configura\u00e7\u00e3o e diagn\u00f3stico de instrumentos HART. Port\u00e1til, robusto e confi\u00e1vel. Solicite cota\u00e7\u00e3o.","robots":{"index":"index","follow":"follow","max-snippet":"max-snippet:-1","max-image-preview":"max-image-preview:large","max-video-preview":"max-video-preview:-1"},"canonical":"https:\/\/fullsolutions.info\/en\/product\/emerson-475-hart-comunicacao-de-campo\/","og_locale":"en_US","og_type":"article","og_title":"Emerson 475 Hart Comunica\u00e7\u00e3o de campo - Full Solutions","og_description":"Emerson 475 HART: comunicador de campo para configura\u00e7\u00e3o e diagn\u00f3stico de instrumentos HART. Port\u00e1til, robusto e confi\u00e1vel. Solicite cota\u00e7\u00e3o.","og_url":"https:\/\/fullsolutions.info\/en\/product\/emerson-475-hart-comunicacao-de-campo\/","og_site_name":"Full Solutions","article_modified_time":"2026-04-22T13:40:44+00:00","og_image":[{"width":597,"height":566,"url":"https:\/\/mlhff0prgoxu.i.optimole.com\/cb:s0sM.767\/w:auto\/h:auto\/q:mauto\/f:best\/https:\/\/fullsolutions.info\/wp-content\/uploads\/2024\/02\/EMERSON.jpeg","type":"image\/jpeg"}],"twitter_card":"summary_large_image","twitter_misc":{"Est. reading time":"1 minute"},"schema":{"@context":"https:\/\/schema.org","@graph":[{"@type":"WebPage","@id":"https:\/\/fullsolutions.info\/produto\/emerson-475-hart-comunicacao-de-campo\/","url":"https:\/\/fullsolutions.info\/produto\/emerson-475-hart-comunicacao-de-campo\/","name":"Emerson 475 Hart Comunica\u00e7\u00e3o de campo - Full Solutions","isPartOf":{"@id":"https:\/\/fullsolutions.info\/#website"},"primaryImageOfPage":{"@id":"https:\/\/fullsolutions.info\/produto\/emerson-475-hart-comunicacao-de-campo\/#primaryimage"},"image":{"@id":"https:\/\/fullsolutions.info\/produto\/emerson-475-hart-comunicacao-de-campo\/#primaryimage"},"thumbnailUrl":"https:\/\/mlhff0prgoxu.i.optimole.com\/cb:s0sM.767\/w:auto\/h:auto\/q:mauto\/f:best\/https:\/\/fullsolutions.info\/wp-content\/uploads\/2024\/02\/EMERSON.jpeg","datePublished":"2024-02-02T19:19:51+00:00","dateModified":"2026-04-22T13:40:44+00:00","description":"Emerson 475 HART: comunicador de campo para configura\u00e7\u00e3o e diagn\u00f3stico de instrumentos HART. Port\u00e1til, robusto e confi\u00e1vel. Solicite cota\u00e7\u00e3o.","breadcrumb":{"@id":"https:\/\/fullsolutions.info\/produto\/emerson-475-hart-comunicacao-de-campo\/#breadcrumb"},"inLanguage":"en-US","potentialAction":[{"@type":"ReadAction","target":["https:\/\/fullsolutions.info\/produto\/emerson-475-hart-comunicacao-de-campo\/"]}]},{"@type":"ImageObject","inLanguage":"en-US","@id":"https:\/\/fullsolutions.info\/produto\/emerson-475-hart-comunicacao-de-campo\/#primaryimage","url":"https:\/\/mlhff0prgoxu.i.optimole.com\/cb:s0sM.767\/w:auto\/h:auto\/q:mauto\/f:best\/https:\/\/fullsolutions.info\/wp-content\/uploads\/2024\/02\/EMERSON.jpeg","contentUrl":"https:\/\/mlhff0prgoxu.i.optimole.com\/cb:s0sM.767\/w:auto\/h:auto\/q:mauto\/f:best\/https:\/\/fullsolutions.info\/wp-content\/uploads\/2024\/02\/EMERSON.jpeg","width":597,"height":566},{"@type":"BreadcrumbList","@id":"https:\/\/fullsolutions.info\/produto\/emerson-475-hart-comunicacao-de-campo\/#breadcrumb","itemListElement":[{"@type":"ListItem","position":1,"name":"In\u00edcio","item":"https:\/\/fullsolutions.info\/"},{"@type":"ListItem","position":2,"name":"Produtos","item":"https:\/\/fullsolutions.info\/shop\/"},{"@type":"ListItem","position":3,"name":"Emerson 475 Hart Comunica\u00e7\u00e3o de campo"}]},{"@type":"WebSite","@id":"https:\/\/fullsolutions.info\/#website","url":"https:\/\/fullsolutions.info\/","name":"Full Solutions","description":"Empresa na \u00c1rea de Procurement","publisher":{"@id":"https:\/\/fullsolutions.info\/#organization"},"potentialAction":[{"@type":"SearchAction","target":{"@type":"EntryPoint","urlTemplate":"https:\/\/fullsolutions.info\/?s={search_term_string}"},"query-input":{"@type":"PropertyValueSpecification","valueRequired":true,"valueName":"search_term_string"}}],"inLanguage":"en-US"},{"@type":"Organization","@id":"https:\/\/fullsolutions.info\/#organization","name":"Full Solutions","url":"https:\/\/fullsolutions.info\/","logo":{"@type":"ImageObject","inLanguage":"en-US","@id":"https:\/\/fullsolutions.info\/#\/schema\/logo\/image\/","url":"https:\/\/mlhff0prgoxu.i.optimole.com\/cb:s0sM.767\/w:auto\/h:auto\/q:mauto\/f:best\/https:\/\/fullsolutions.info\/wp-content\/uploads\/2021\/07\/cropped-Design-sem-nome-300x193-1-e1627062664782.png","contentUrl":"https:\/\/mlhff0prgoxu.i.optimole.com\/cb:s0sM.767\/w:auto\/h:auto\/q:mauto\/f:best\/https:\/\/fullsolutions.info\/wp-content\/uploads\/2021\/07\/cropped-Design-sem-nome-300x193-1-e1627062664782.png","width":202,"height":155,"caption":"Full Solutions"},"image":{"@id":"https:\/\/fullsolutions.info\/#\/schema\/logo\/image\/"},"sameAs":["https:\/\/www.linkedin.com\/company\/full-solutions-equipment"]}]}},"_links":{"self":[{"href":"https:\/\/fullsolutions.info\/en\/wp-json\/wp\/v2\/product\/4584","targetHints":{"allow":["GET"]}}],"collection":[{"href":"https:\/\/fullsolutions.info\/en\/wp-json\/wp\/v2\/product"}],"about":[{"href":"https:\/\/fullsolutions.info\/en\/wp-json\/wp\/v2\/types\/product"}],"replies":[{"embeddable":true,"href":"https:\/\/fullsolutions.info\/en\/wp-json\/wp\/v2\/comments?post=4584"}],"wp:featuredmedia":[{"embeddable":true,"href":"https:\/\/fullsolutions.info\/en\/wp-json\/wp\/v2\/media\/4585"}],"wp:attachment":[{"href":"https:\/\/fullsolutions.info\/en\/wp-json\/wp\/v2\/media?parent=4584"}],"wp:term":[{"taxonomy":"product_brand","embeddable":true,"href":"https:\/\/fullsolutions.info\/en\/wp-json\/wp\/v2\/product_brand?post=4584"},{"taxonomy":"product_cat","embeddable":true,"href":"https:\/\/fullsolutions.info\/en\/wp-json\/wp\/v2\/product_cat?post=4584"},{"taxonomy":"product_tag","embeddable":true,"href":"https:\/\/fullsolutions.info\/en\/wp-json\/wp\/v2\/product_tag?post=4584"},{"taxonomy":"marca","embeddable":true,"href":"https:\/\/fullsolutions.info\/en\/wp-json\/wp\/v2\/marca?post=4584"}],"curies":[{"name":"wp","href":"https:\/\/api.w.org\/{rel}","templated":true}]}}