{"id":4578,"date":"2024-02-02T19:14:13","date_gmt":"2024-02-02T19:14:13","guid":{"rendered":"https:\/\/fullsolutionsequip.com\/?post_type=product&#038;p=4578"},"modified":"2026-04-22T11:13:25","modified_gmt":"2026-04-22T14:13:25","slug":"546-transdutor","status":"publish","type":"product","link":"https:\/\/fullsolutions.info\/en\/product\/546-transdutor\/","title":{"rendered":"Transdutor 546"},"content":{"rendered":"<p data-start=\"577\" data-end=\"700\">O Transdutor 546 mede a press\u00e3o com alta precis\u00e3o e resposta r\u00e1pida. O equipamento atende aplica\u00e7\u00f5es industriais din\u00e2micas. O sensor capta a press\u00e3o do processo. Em seguida, converte o valor em sinal el\u00e9trico. Assim, permite o monitoramento cont\u00ednuo do sistema.<\/p>\n<p data-start=\"841\" data-end=\"1025\">Al\u00e9m disso, o Transdutor 546 apresenta boa estabilidade t\u00e9rmica. O equipamento tamb\u00e9m opera bem em ambientes industriais variados. Isso garante medi\u00e7\u00f5es consistentes ao longo do tempo.<\/p>\n<p data-start=\"1027\" data-end=\"1232\">Por fim, o sensor possui instala\u00e7\u00e3o simples e constru\u00e7\u00e3o robusta. Ele oferece desempenho confi\u00e1vel em opera\u00e7\u00e3o cont\u00ednua. Por isso, \u00e9 uma solu\u00e7\u00e3o eficiente para controle de press\u00e3o em processos industriais.<\/p>\n<p>Especifica\u00e7\u00f5es:<br \/>\n&#8211; **Entrada:**<br \/>\n&#8211; 4-20 mA<br \/>\n&#8211; 10-50 mA<br \/>\n&#8211; **Sa\u00edda:**<br \/>\n&#8211; 3-15 psig<br \/>\n&#8211; 6-30 psig<br \/>\n&#8211; 3-27 psig<br \/>\n&#8211; 0-18 psig<br \/>\n&#8211; 0-33 psig<br \/>\n&#8211; **Precis\u00e3o:**<br \/>\n&#8211; +\/-0.75% da amplitude<br \/>\n&#8211; **Alimenta\u00e7\u00e3o:**<br \/>\n&#8211; Fonte: 5 psi acima do limite superior da faixa do sinal de sa\u00edda<\/p>","protected":false},"excerpt":{"rendered":"<p>O Transdutor 546 mede a press\u00e3o com alta precis\u00e3o e resposta r\u00e1pida. O equipamento atende aplica\u00e7\u00f5es industriais din\u00e2micas. O sensor capta a press\u00e3o do processo. Em seguida, converte o valor em sinal el\u00e9trico. Assim, permite o monitoramento cont\u00ednuo do sistema. Al\u00e9m disso, o Transdutor 546 apresenta boa estabilidade t\u00e9rmica. O equipamento tamb\u00e9m opera bem em ambientes industriais variados. Isso garante medi\u00e7\u00f5es consistentes ao longo do tempo. Por fim, o sensor possui instala\u00e7\u00e3o simples e constru\u00e7\u00e3o robusta. Ele oferece desempenho confi\u00e1vel em opera\u00e7\u00e3o cont\u00ednua. Por isso, \u00e9 uma solu\u00e7\u00e3o eficiente para controle de press\u00e3o em processos industriais. Especifica\u00e7\u00f5es: &#8211; **Entrada:** &#8211; 4-20 mA &#8211; 10-50 mA &#8211; **Sa\u00edda:** &#8211; 3-15 psig &#8211; 6-30 psig &#8211; 3-27 psig &#8211; 0-18 psig &#8211; 0-33 psig &#8211; **Precis\u00e3o:** &#8211; +\/-0.75% da amplitude &#8211; **Alimenta\u00e7\u00e3o:** &#8211; Fonte: 5 psi acima do limite superior da faixa do sinal de sa\u00edda<\/p>","protected":false},"featured_media":4579,"comment_status":"open","ping_status":"closed","template":"","meta":{"_joinchat":[]},"product_brand":[],"product_cat":[157],"product_tag":[],"marca":[150],"class_list":{"0":"post-4578","1":"product","2":"type-product","3":"status-publish","4":"has-post-thumbnail","6":"product_cat-transdutores","7":"marca-fisher","9":"first","10":"instock","11":"shipping-taxable","12":"purchasable","13":"product-type-simple"},"yoast_head":"<!-- This site is optimized with the Yoast SEO plugin v27.2 - https:\/\/yoast.com\/product\/yoast-seo-wordpress\/ -->\n<title>Transdutor 546 - Full Solutions<\/title>\n<meta name=\"description\" content=\"Transdutor 546: sensor de press\u00e3o industrial com alta precis\u00e3o e resposta r\u00e1pida. Ideal para monitoramento e controle de processos. Solicite cota\u00e7\u00e3o.\" \/>\n<meta name=\"robots\" content=\"index, follow, max-snippet:-1, max-image-preview:large, max-video-preview:-1\" \/>\n<link rel=\"canonical\" href=\"https:\/\/fullsolutions.info\/en\/product\/546-transdutor\/\" \/>\n<meta property=\"og:locale\" content=\"en_US\" \/>\n<meta property=\"og:type\" content=\"article\" \/>\n<meta property=\"og:title\" content=\"Transdutor 546 - Full Solutions\" \/>\n<meta property=\"og:description\" content=\"Transdutor 546: sensor de press\u00e3o industrial com alta precis\u00e3o e resposta r\u00e1pida. Ideal para monitoramento e controle de processos. Solicite cota\u00e7\u00e3o.\" \/>\n<meta property=\"og:url\" content=\"https:\/\/fullsolutions.info\/en\/product\/546-transdutor\/\" \/>\n<meta property=\"og:site_name\" content=\"Full Solutions\" \/>\n<meta property=\"article:modified_time\" content=\"2026-04-22T14:13:25+00:00\" \/>\n<meta property=\"og:image\" content=\"https:\/\/mlhff0prgoxu.i.optimole.com\/cb:s0sM.767\/w:auto\/h:auto\/q:mauto\/f:best\/https:\/\/fullsolutions.info\/wp-content\/uploads\/2024\/02\/fisher-546-transducer.jpeg\" \/>\n\t<meta property=\"og:image:width\" content=\"600\" \/>\n\t<meta property=\"og:image:height\" content=\"600\" \/>\n\t<meta property=\"og:image:type\" content=\"image\/jpeg\" \/>\n<meta name=\"twitter:card\" content=\"summary_large_image\" \/>\n<meta name=\"twitter:label1\" content=\"Est. reading time\" \/>\n\t<meta name=\"twitter:data1\" content=\"1 minute\" \/>\n<script type=\"application\/ld+json\" class=\"yoast-schema-graph\">{\"@context\":\"https:\/\/schema.org\",\"@graph\":[{\"@type\":\"WebPage\",\"@id\":\"https:\/\/fullsolutions.info\/produto\/546-transdutor\/\",\"url\":\"https:\/\/fullsolutions.info\/produto\/546-transdutor\/\",\"name\":\"Transdutor 546 - Full Solutions\",\"isPartOf\":{\"@id\":\"https:\/\/fullsolutions.info\/#website\"},\"primaryImageOfPage\":{\"@id\":\"https:\/\/fullsolutions.info\/produto\/546-transdutor\/#primaryimage\"},\"image\":{\"@id\":\"https:\/\/fullsolutions.info\/produto\/546-transdutor\/#primaryimage\"},\"thumbnailUrl\":\"https:\/\/mlhff0prgoxu.i.optimole.com\/cb:s0sM.767\/w:auto\/h:auto\/q:mauto\/f:best\/https:\/\/fullsolutions.info\/wp-content\/uploads\/2024\/02\/fisher-546-transducer.jpeg\",\"datePublished\":\"2024-02-02T19:14:13+00:00\",\"dateModified\":\"2026-04-22T14:13:25+00:00\",\"description\":\"Transdutor 546: sensor de press\u00e3o industrial com alta precis\u00e3o e resposta r\u00e1pida. Ideal para monitoramento e controle de processos. Solicite cota\u00e7\u00e3o.\",\"breadcrumb\":{\"@id\":\"https:\/\/fullsolutions.info\/produto\/546-transdutor\/#breadcrumb\"},\"inLanguage\":\"en-US\",\"potentialAction\":[{\"@type\":\"ReadAction\",\"target\":[\"https:\/\/fullsolutions.info\/produto\/546-transdutor\/\"]}]},{\"@type\":\"ImageObject\",\"inLanguage\":\"en-US\",\"@id\":\"https:\/\/fullsolutions.info\/produto\/546-transdutor\/#primaryimage\",\"url\":\"https:\/\/mlhff0prgoxu.i.optimole.com\/cb:s0sM.767\/w:auto\/h:auto\/q:mauto\/f:best\/https:\/\/fullsolutions.info\/wp-content\/uploads\/2024\/02\/fisher-546-transducer.jpeg\",\"contentUrl\":\"https:\/\/mlhff0prgoxu.i.optimole.com\/cb:s0sM.767\/w:auto\/h:auto\/q:mauto\/f:best\/https:\/\/fullsolutions.info\/wp-content\/uploads\/2024\/02\/fisher-546-transducer.jpeg\",\"width\":600,\"height\":600},{\"@type\":\"BreadcrumbList\",\"@id\":\"https:\/\/fullsolutions.info\/produto\/546-transdutor\/#breadcrumb\",\"itemListElement\":[{\"@type\":\"ListItem\",\"position\":1,\"name\":\"In\u00edcio\",\"item\":\"https:\/\/fullsolutions.info\/\"},{\"@type\":\"ListItem\",\"position\":2,\"name\":\"Produtos\",\"item\":\"https:\/\/fullsolutions.info\/shop\/\"},{\"@type\":\"ListItem\",\"position\":3,\"name\":\"Transdutor 546\"}]},{\"@type\":\"WebSite\",\"@id\":\"https:\/\/fullsolutions.info\/#website\",\"url\":\"https:\/\/fullsolutions.info\/\",\"name\":\"Full Solutions\",\"description\":\"Empresa na \u00c1rea de Procurement\",\"publisher\":{\"@id\":\"https:\/\/fullsolutions.info\/#organization\"},\"potentialAction\":[{\"@type\":\"SearchAction\",\"target\":{\"@type\":\"EntryPoint\",\"urlTemplate\":\"https:\/\/fullsolutions.info\/?s={search_term_string}\"},\"query-input\":{\"@type\":\"PropertyValueSpecification\",\"valueRequired\":true,\"valueName\":\"search_term_string\"}}],\"inLanguage\":\"en-US\"},{\"@type\":\"Organization\",\"@id\":\"https:\/\/fullsolutions.info\/#organization\",\"name\":\"Full Solutions\",\"url\":\"https:\/\/fullsolutions.info\/\",\"logo\":{\"@type\":\"ImageObject\",\"inLanguage\":\"en-US\",\"@id\":\"https:\/\/fullsolutions.info\/#\/schema\/logo\/image\/\",\"url\":\"https:\/\/mlhff0prgoxu.i.optimole.com\/cb:s0sM.767\/w:auto\/h:auto\/q:mauto\/f:best\/https:\/\/fullsolutions.info\/wp-content\/uploads\/2021\/07\/cropped-Design-sem-nome-300x193-1-e1627062664782.png\",\"contentUrl\":\"https:\/\/mlhff0prgoxu.i.optimole.com\/cb:s0sM.767\/w:auto\/h:auto\/q:mauto\/f:best\/https:\/\/fullsolutions.info\/wp-content\/uploads\/2021\/07\/cropped-Design-sem-nome-300x193-1-e1627062664782.png\",\"width\":202,\"height\":155,\"caption\":\"Full Solutions\"},\"image\":{\"@id\":\"https:\/\/fullsolutions.info\/#\/schema\/logo\/image\/\"},\"sameAs\":[\"https:\/\/www.linkedin.com\/company\/full-solutions-equipment\"]}]}<\/script>\n<!-- \/ Yoast SEO plugin. -->","yoast_head_json":{"title":"Transdutor 546 - Full Solutions","description":"Transdutor 546: sensor de press\u00e3o industrial com alta precis\u00e3o e resposta r\u00e1pida. Ideal para monitoramento e controle de processos. Solicite cota\u00e7\u00e3o.","robots":{"index":"index","follow":"follow","max-snippet":"max-snippet:-1","max-image-preview":"max-image-preview:large","max-video-preview":"max-video-preview:-1"},"canonical":"https:\/\/fullsolutions.info\/en\/product\/546-transdutor\/","og_locale":"en_US","og_type":"article","og_title":"Transdutor 546 - Full Solutions","og_description":"Transdutor 546: sensor de press\u00e3o industrial com alta precis\u00e3o e resposta r\u00e1pida. Ideal para monitoramento e controle de processos. Solicite cota\u00e7\u00e3o.","og_url":"https:\/\/fullsolutions.info\/en\/product\/546-transdutor\/","og_site_name":"Full Solutions","article_modified_time":"2026-04-22T14:13:25+00:00","og_image":[{"width":600,"height":600,"url":"https:\/\/mlhff0prgoxu.i.optimole.com\/cb:s0sM.767\/w:auto\/h:auto\/q:mauto\/f:best\/https:\/\/fullsolutions.info\/wp-content\/uploads\/2024\/02\/fisher-546-transducer.jpeg","type":"image\/jpeg"}],"twitter_card":"summary_large_image","twitter_misc":{"Est. reading time":"1 minute"},"schema":{"@context":"https:\/\/schema.org","@graph":[{"@type":"WebPage","@id":"https:\/\/fullsolutions.info\/produto\/546-transdutor\/","url":"https:\/\/fullsolutions.info\/produto\/546-transdutor\/","name":"Transdutor 546 - Full Solutions","isPartOf":{"@id":"https:\/\/fullsolutions.info\/#website"},"primaryImageOfPage":{"@id":"https:\/\/fullsolutions.info\/produto\/546-transdutor\/#primaryimage"},"image":{"@id":"https:\/\/fullsolutions.info\/produto\/546-transdutor\/#primaryimage"},"thumbnailUrl":"https:\/\/mlhff0prgoxu.i.optimole.com\/cb:s0sM.767\/w:auto\/h:auto\/q:mauto\/f:best\/https:\/\/fullsolutions.info\/wp-content\/uploads\/2024\/02\/fisher-546-transducer.jpeg","datePublished":"2024-02-02T19:14:13+00:00","dateModified":"2026-04-22T14:13:25+00:00","description":"Transdutor 546: sensor de press\u00e3o industrial com alta precis\u00e3o e resposta r\u00e1pida. Ideal para monitoramento e controle de processos. Solicite cota\u00e7\u00e3o.","breadcrumb":{"@id":"https:\/\/fullsolutions.info\/produto\/546-transdutor\/#breadcrumb"},"inLanguage":"en-US","potentialAction":[{"@type":"ReadAction","target":["https:\/\/fullsolutions.info\/produto\/546-transdutor\/"]}]},{"@type":"ImageObject","inLanguage":"en-US","@id":"https:\/\/fullsolutions.info\/produto\/546-transdutor\/#primaryimage","url":"https:\/\/mlhff0prgoxu.i.optimole.com\/cb:s0sM.767\/w:auto\/h:auto\/q:mauto\/f:best\/https:\/\/fullsolutions.info\/wp-content\/uploads\/2024\/02\/fisher-546-transducer.jpeg","contentUrl":"https:\/\/mlhff0prgoxu.i.optimole.com\/cb:s0sM.767\/w:auto\/h:auto\/q:mauto\/f:best\/https:\/\/fullsolutions.info\/wp-content\/uploads\/2024\/02\/fisher-546-transducer.jpeg","width":600,"height":600},{"@type":"BreadcrumbList","@id":"https:\/\/fullsolutions.info\/produto\/546-transdutor\/#breadcrumb","itemListElement":[{"@type":"ListItem","position":1,"name":"In\u00edcio","item":"https:\/\/fullsolutions.info\/"},{"@type":"ListItem","position":2,"name":"Produtos","item":"https:\/\/fullsolutions.info\/shop\/"},{"@type":"ListItem","position":3,"name":"Transdutor 546"}]},{"@type":"WebSite","@id":"https:\/\/fullsolutions.info\/#website","url":"https:\/\/fullsolutions.info\/","name":"Full Solutions","description":"Empresa na \u00c1rea de Procurement","publisher":{"@id":"https:\/\/fullsolutions.info\/#organization"},"potentialAction":[{"@type":"SearchAction","target":{"@type":"EntryPoint","urlTemplate":"https:\/\/fullsolutions.info\/?s={search_term_string}"},"query-input":{"@type":"PropertyValueSpecification","valueRequired":true,"valueName":"search_term_string"}}],"inLanguage":"en-US"},{"@type":"Organization","@id":"https:\/\/fullsolutions.info\/#organization","name":"Full Solutions","url":"https:\/\/fullsolutions.info\/","logo":{"@type":"ImageObject","inLanguage":"en-US","@id":"https:\/\/fullsolutions.info\/#\/schema\/logo\/image\/","url":"https:\/\/mlhff0prgoxu.i.optimole.com\/cb:s0sM.767\/w:auto\/h:auto\/q:mauto\/f:best\/https:\/\/fullsolutions.info\/wp-content\/uploads\/2021\/07\/cropped-Design-sem-nome-300x193-1-e1627062664782.png","contentUrl":"https:\/\/mlhff0prgoxu.i.optimole.com\/cb:s0sM.767\/w:auto\/h:auto\/q:mauto\/f:best\/https:\/\/fullsolutions.info\/wp-content\/uploads\/2021\/07\/cropped-Design-sem-nome-300x193-1-e1627062664782.png","width":202,"height":155,"caption":"Full Solutions"},"image":{"@id":"https:\/\/fullsolutions.info\/#\/schema\/logo\/image\/"},"sameAs":["https:\/\/www.linkedin.com\/company\/full-solutions-equipment"]}]}},"_links":{"self":[{"href":"https:\/\/fullsolutions.info\/en\/wp-json\/wp\/v2\/product\/4578","targetHints":{"allow":["GET"]}}],"collection":[{"href":"https:\/\/fullsolutions.info\/en\/wp-json\/wp\/v2\/product"}],"about":[{"href":"https:\/\/fullsolutions.info\/en\/wp-json\/wp\/v2\/types\/product"}],"replies":[{"embeddable":true,"href":"https:\/\/fullsolutions.info\/en\/wp-json\/wp\/v2\/comments?post=4578"}],"wp:featuredmedia":[{"embeddable":true,"href":"https:\/\/fullsolutions.info\/en\/wp-json\/wp\/v2\/media\/4579"}],"wp:attachment":[{"href":"https:\/\/fullsolutions.info\/en\/wp-json\/wp\/v2\/media?parent=4578"}],"wp:term":[{"taxonomy":"product_brand","embeddable":true,"href":"https:\/\/fullsolutions.info\/en\/wp-json\/wp\/v2\/product_brand?post=4578"},{"taxonomy":"product_cat","embeddable":true,"href":"https:\/\/fullsolutions.info\/en\/wp-json\/wp\/v2\/product_cat?post=4578"},{"taxonomy":"product_tag","embeddable":true,"href":"https:\/\/fullsolutions.info\/en\/wp-json\/wp\/v2\/product_tag?post=4578"},{"taxonomy":"marca","embeddable":true,"href":"https:\/\/fullsolutions.info\/en\/wp-json\/wp\/v2\/marca?post=4578"}],"curies":[{"name":"wp","href":"https:\/\/api.w.org\/{rel}","templated":true}]}}