{"id":4571,"date":"2024-02-02T19:09:35","date_gmt":"2024-02-02T19:09:35","guid":{"rendered":"https:\/\/fullsolutionsequip.com\/?post_type=product&#038;p=4571"},"modified":"2026-04-22T11:36:32","modified_gmt":"2026-04-22T14:36:32","slug":"valvula-de-controle-v500","status":"publish","type":"product","link":"https:\/\/fullsolutions.info\/en\/product\/valvula-de-controle-v500\/","title":{"rendered":"Valve, control-V500"},"content":{"rendered":"<p data-start=\"580\" data-end=\"719\">A Fisher V500 realiza o controle de fluxo com alta precis\u00e3o e estabilidade. O equipamento \u00e9 indicado para aplica\u00e7\u00f5es industriais exigentes. A v\u00e1lvula regula a vaz\u00e3o de fluidos conforme a demanda do processo.<\/p>\n<p data-start=\"580\" data-end=\"719\">Em seguida, ajusta continuamente a abertura do obturador. Assim, mant\u00e9m o controle eficiente do sistema. Al\u00e9m disso, a Fisher V500 apresenta resposta r\u00e1pida \u00e0s varia\u00e7\u00f5es de opera\u00e7\u00e3o. O equipamento tamb\u00e9m opera bem em condi\u00e7\u00f5es severas. Isso garante desempenho consistente ao longo do tempo.<\/p>\n<p data-start=\"1082\" data-end=\"1282\">Por fim, a v\u00e1lvula possui constru\u00e7\u00e3o robusta e configura\u00e7\u00e3o vers\u00e1til. Ela oferece opera\u00e7\u00e3o confi\u00e1vel em diferentes aplica\u00e7\u00f5es. Por isso, \u00e9 uma solu\u00e7\u00e3o eficiente para controle de processos industriais.<\/p>\n<p>**Especifica\u00e7\u00f5es:**<br \/>\n&#8211; Tamanho: 1\u201d \u2013 12\u201d<br \/>\n&#8211; Material do Corpo: WCC, CF8M<br \/>\n&#8211; Tipo\/Material de Veda\u00e7\u00e3o: 316 Cromado, Liga 6<br \/>\n&#8211; Material do Mancais: 440, Liga 6<br \/>\n&#8211; Classifica\u00e7\u00f5es ANSI: 150 \u2013 600<br \/>\n&#8211; Atuadores Rotativos para V\u00e1lvulas: 480, 1051, 1052, 1061, 1066<\/p>","protected":false},"excerpt":{"rendered":"<p>A Fisher V500 realiza o controle de fluxo com alta precis\u00e3o e estabilidade. O equipamento \u00e9 indicado para aplica\u00e7\u00f5es industriais exigentes. A v\u00e1lvula regula a vaz\u00e3o de fluidos conforme a demanda do processo. Em seguida, ajusta continuamente a abertura do obturador. Assim, mant\u00e9m o controle eficiente do sistema. Al\u00e9m disso, a Fisher V500 apresenta resposta r\u00e1pida \u00e0s varia\u00e7\u00f5es de opera\u00e7\u00e3o. O equipamento tamb\u00e9m opera bem em condi\u00e7\u00f5es severas. Isso garante desempenho consistente ao longo do tempo. Por fim, a v\u00e1lvula possui constru\u00e7\u00e3o robusta e configura\u00e7\u00e3o vers\u00e1til. Ela oferece opera\u00e7\u00e3o confi\u00e1vel em diferentes aplica\u00e7\u00f5es. Por isso, \u00e9 uma solu\u00e7\u00e3o eficiente para controle de processos industriais. **Especifica\u00e7\u00f5es:** &#8211; Tamanho: 1\u201d \u2013 12\u201d &#8211; Material do Corpo: WCC, CF8M &#8211; Tipo\/Material de Veda\u00e7\u00e3o: 316 Cromado, Liga 6 &#8211; Material do Mancais: 440, Liga 6 &#8211; Classifica\u00e7\u00f5es ANSI: 150 \u2013 600 &#8211; Atuadores Rotativos para V\u00e1lvulas: 480, 1051, 1052, 1061, 1066<\/p>","protected":false},"featured_media":4572,"comment_status":"open","ping_status":"closed","template":"","meta":{"_joinchat":[]},"product_brand":[],"product_cat":[155],"product_tag":[],"marca":[150],"class_list":{"0":"post-4571","1":"product","2":"type-product","3":"status-publish","4":"has-post-thumbnail","6":"product_cat-valvulas-e-atuadores-de-controle","7":"marca-fisher","9":"first","10":"instock","11":"shipping-taxable","12":"purchasable","13":"product-type-simple"},"yoast_head":"<!-- This site is optimized with the Yoast SEO plugin v27.2 - https:\/\/yoast.com\/product\/yoast-seo-wordpress\/ -->\n<title>V\u00e1lvula de controle V500 - Full Solutions<\/title>\n<meta name=\"description\" content=\"Fisher V500: v\u00e1lvula de controle industrial com alta precis\u00e3o e desempenho est\u00e1vel. Ideal para controle de fluxo em processos cr\u00edticos. Solicite cota\u00e7\u00e3o.\" \/>\n<meta name=\"robots\" content=\"index, follow, max-snippet:-1, max-image-preview:large, max-video-preview:-1\" \/>\n<link rel=\"canonical\" href=\"https:\/\/fullsolutions.info\/en\/product\/valvula-de-controle-v500\/\" \/>\n<meta property=\"og:locale\" content=\"en_US\" \/>\n<meta property=\"og:type\" content=\"article\" \/>\n<meta property=\"og:title\" content=\"V\u00e1lvula de controle V500 - Full Solutions\" \/>\n<meta property=\"og:description\" content=\"Fisher V500: v\u00e1lvula de controle industrial com alta precis\u00e3o e desempenho est\u00e1vel. Ideal para controle de fluxo em processos cr\u00edticos. Solicite cota\u00e7\u00e3o.\" \/>\n<meta property=\"og:url\" content=\"https:\/\/fullsolutions.info\/en\/product\/valvula-de-controle-v500\/\" \/>\n<meta property=\"og:site_name\" content=\"Full Solutions\" \/>\n<meta property=\"article:modified_time\" content=\"2026-04-22T14:36:32+00:00\" \/>\n<meta property=\"og:image\" content=\"https:\/\/mlhff0prgoxu.i.optimole.com\/cb:s0sM.767\/w:auto\/h:auto\/q:mauto\/f:best\/https:\/\/fullsolutions.info\/wp-content\/uploads\/2024\/02\/fisher-v500.jpeg\" \/>\n\t<meta property=\"og:image:width\" content=\"600\" \/>\n\t<meta property=\"og:image:height\" content=\"600\" \/>\n\t<meta property=\"og:image:type\" content=\"image\/jpeg\" \/>\n<meta name=\"twitter:card\" content=\"summary_large_image\" \/>\n<meta name=\"twitter:label1\" content=\"Est. reading time\" \/>\n\t<meta name=\"twitter:data1\" content=\"1 minute\" \/>\n<script type=\"application\/ld+json\" class=\"yoast-schema-graph\">{\"@context\":\"https:\/\/schema.org\",\"@graph\":[{\"@type\":\"WebPage\",\"@id\":\"https:\/\/fullsolutions.info\/produto\/valvula-de-controle-v500\/\",\"url\":\"https:\/\/fullsolutions.info\/produto\/valvula-de-controle-v500\/\",\"name\":\"V\u00e1lvula de controle V500 - Full Solutions\",\"isPartOf\":{\"@id\":\"https:\/\/fullsolutions.info\/#website\"},\"primaryImageOfPage\":{\"@id\":\"https:\/\/fullsolutions.info\/produto\/valvula-de-controle-v500\/#primaryimage\"},\"image\":{\"@id\":\"https:\/\/fullsolutions.info\/produto\/valvula-de-controle-v500\/#primaryimage\"},\"thumbnailUrl\":\"https:\/\/mlhff0prgoxu.i.optimole.com\/cb:s0sM.767\/w:auto\/h:auto\/q:mauto\/f:best\/https:\/\/fullsolutions.info\/wp-content\/uploads\/2024\/02\/fisher-v500.jpeg\",\"datePublished\":\"2024-02-02T19:09:35+00:00\",\"dateModified\":\"2026-04-22T14:36:32+00:00\",\"description\":\"Fisher V500: v\u00e1lvula de controle industrial com alta precis\u00e3o e desempenho est\u00e1vel. Ideal para controle de fluxo em processos cr\u00edticos. Solicite cota\u00e7\u00e3o.\",\"breadcrumb\":{\"@id\":\"https:\/\/fullsolutions.info\/produto\/valvula-de-controle-v500\/#breadcrumb\"},\"inLanguage\":\"en-US\",\"potentialAction\":[{\"@type\":\"ReadAction\",\"target\":[\"https:\/\/fullsolutions.info\/produto\/valvula-de-controle-v500\/\"]}]},{\"@type\":\"ImageObject\",\"inLanguage\":\"en-US\",\"@id\":\"https:\/\/fullsolutions.info\/produto\/valvula-de-controle-v500\/#primaryimage\",\"url\":\"https:\/\/mlhff0prgoxu.i.optimole.com\/cb:s0sM.767\/w:auto\/h:auto\/q:mauto\/f:best\/https:\/\/fullsolutions.info\/wp-content\/uploads\/2024\/02\/fisher-v500.jpeg\",\"contentUrl\":\"https:\/\/mlhff0prgoxu.i.optimole.com\/cb:s0sM.767\/w:auto\/h:auto\/q:mauto\/f:best\/https:\/\/fullsolutions.info\/wp-content\/uploads\/2024\/02\/fisher-v500.jpeg\",\"width\":600,\"height\":600},{\"@type\":\"BreadcrumbList\",\"@id\":\"https:\/\/fullsolutions.info\/produto\/valvula-de-controle-v500\/#breadcrumb\",\"itemListElement\":[{\"@type\":\"ListItem\",\"position\":1,\"name\":\"In\u00edcio\",\"item\":\"https:\/\/fullsolutions.info\/\"},{\"@type\":\"ListItem\",\"position\":2,\"name\":\"Produtos\",\"item\":\"https:\/\/fullsolutions.info\/shop\/\"},{\"@type\":\"ListItem\",\"position\":3,\"name\":\"V\u00e1lvula de controle V500\"}]},{\"@type\":\"WebSite\",\"@id\":\"https:\/\/fullsolutions.info\/#website\",\"url\":\"https:\/\/fullsolutions.info\/\",\"name\":\"Full Solutions\",\"description\":\"Empresa na \u00c1rea de Procurement\",\"publisher\":{\"@id\":\"https:\/\/fullsolutions.info\/#organization\"},\"potentialAction\":[{\"@type\":\"SearchAction\",\"target\":{\"@type\":\"EntryPoint\",\"urlTemplate\":\"https:\/\/fullsolutions.info\/?s={search_term_string}\"},\"query-input\":{\"@type\":\"PropertyValueSpecification\",\"valueRequired\":true,\"valueName\":\"search_term_string\"}}],\"inLanguage\":\"en-US\"},{\"@type\":\"Organization\",\"@id\":\"https:\/\/fullsolutions.info\/#organization\",\"name\":\"Full Solutions\",\"url\":\"https:\/\/fullsolutions.info\/\",\"logo\":{\"@type\":\"ImageObject\",\"inLanguage\":\"en-US\",\"@id\":\"https:\/\/fullsolutions.info\/#\/schema\/logo\/image\/\",\"url\":\"https:\/\/mlhff0prgoxu.i.optimole.com\/cb:s0sM.767\/w:auto\/h:auto\/q:mauto\/f:best\/https:\/\/fullsolutions.info\/wp-content\/uploads\/2021\/07\/cropped-Design-sem-nome-300x193-1-e1627062664782.png\",\"contentUrl\":\"https:\/\/mlhff0prgoxu.i.optimole.com\/cb:s0sM.767\/w:auto\/h:auto\/q:mauto\/f:best\/https:\/\/fullsolutions.info\/wp-content\/uploads\/2021\/07\/cropped-Design-sem-nome-300x193-1-e1627062664782.png\",\"width\":202,\"height\":155,\"caption\":\"Full Solutions\"},\"image\":{\"@id\":\"https:\/\/fullsolutions.info\/#\/schema\/logo\/image\/\"},\"sameAs\":[\"https:\/\/www.linkedin.com\/company\/full-solutions-equipment\"]}]}<\/script>\n<!-- \/ Yoast SEO plugin. -->","yoast_head_json":{"title":"V\u00e1lvula de controle V500 - Full Solutions","description":"Fisher V500: v\u00e1lvula de controle industrial com alta precis\u00e3o e desempenho est\u00e1vel. Ideal para controle de fluxo em processos cr\u00edticos. Solicite cota\u00e7\u00e3o.","robots":{"index":"index","follow":"follow","max-snippet":"max-snippet:-1","max-image-preview":"max-image-preview:large","max-video-preview":"max-video-preview:-1"},"canonical":"https:\/\/fullsolutions.info\/en\/product\/valvula-de-controle-v500\/","og_locale":"en_US","og_type":"article","og_title":"V\u00e1lvula de controle V500 - Full Solutions","og_description":"Fisher V500: v\u00e1lvula de controle industrial com alta precis\u00e3o e desempenho est\u00e1vel. Ideal para controle de fluxo em processos cr\u00edticos. Solicite cota\u00e7\u00e3o.","og_url":"https:\/\/fullsolutions.info\/en\/product\/valvula-de-controle-v500\/","og_site_name":"Full Solutions","article_modified_time":"2026-04-22T14:36:32+00:00","og_image":[{"width":600,"height":600,"url":"https:\/\/mlhff0prgoxu.i.optimole.com\/cb:s0sM.767\/w:auto\/h:auto\/q:mauto\/f:best\/https:\/\/fullsolutions.info\/wp-content\/uploads\/2024\/02\/fisher-v500.jpeg","type":"image\/jpeg"}],"twitter_card":"summary_large_image","twitter_misc":{"Est. reading time":"1 minute"},"schema":{"@context":"https:\/\/schema.org","@graph":[{"@type":"WebPage","@id":"https:\/\/fullsolutions.info\/produto\/valvula-de-controle-v500\/","url":"https:\/\/fullsolutions.info\/produto\/valvula-de-controle-v500\/","name":"V\u00e1lvula de controle V500 - Full Solutions","isPartOf":{"@id":"https:\/\/fullsolutions.info\/#website"},"primaryImageOfPage":{"@id":"https:\/\/fullsolutions.info\/produto\/valvula-de-controle-v500\/#primaryimage"},"image":{"@id":"https:\/\/fullsolutions.info\/produto\/valvula-de-controle-v500\/#primaryimage"},"thumbnailUrl":"https:\/\/mlhff0prgoxu.i.optimole.com\/cb:s0sM.767\/w:auto\/h:auto\/q:mauto\/f:best\/https:\/\/fullsolutions.info\/wp-content\/uploads\/2024\/02\/fisher-v500.jpeg","datePublished":"2024-02-02T19:09:35+00:00","dateModified":"2026-04-22T14:36:32+00:00","description":"Fisher V500: v\u00e1lvula de controle industrial com alta precis\u00e3o e desempenho est\u00e1vel. Ideal para controle de fluxo em processos cr\u00edticos. Solicite cota\u00e7\u00e3o.","breadcrumb":{"@id":"https:\/\/fullsolutions.info\/produto\/valvula-de-controle-v500\/#breadcrumb"},"inLanguage":"en-US","potentialAction":[{"@type":"ReadAction","target":["https:\/\/fullsolutions.info\/produto\/valvula-de-controle-v500\/"]}]},{"@type":"ImageObject","inLanguage":"en-US","@id":"https:\/\/fullsolutions.info\/produto\/valvula-de-controle-v500\/#primaryimage","url":"https:\/\/mlhff0prgoxu.i.optimole.com\/cb:s0sM.767\/w:auto\/h:auto\/q:mauto\/f:best\/https:\/\/fullsolutions.info\/wp-content\/uploads\/2024\/02\/fisher-v500.jpeg","contentUrl":"https:\/\/mlhff0prgoxu.i.optimole.com\/cb:s0sM.767\/w:auto\/h:auto\/q:mauto\/f:best\/https:\/\/fullsolutions.info\/wp-content\/uploads\/2024\/02\/fisher-v500.jpeg","width":600,"height":600},{"@type":"BreadcrumbList","@id":"https:\/\/fullsolutions.info\/produto\/valvula-de-controle-v500\/#breadcrumb","itemListElement":[{"@type":"ListItem","position":1,"name":"In\u00edcio","item":"https:\/\/fullsolutions.info\/"},{"@type":"ListItem","position":2,"name":"Produtos","item":"https:\/\/fullsolutions.info\/shop\/"},{"@type":"ListItem","position":3,"name":"V\u00e1lvula de controle V500"}]},{"@type":"WebSite","@id":"https:\/\/fullsolutions.info\/#website","url":"https:\/\/fullsolutions.info\/","name":"Full Solutions","description":"Empresa na \u00c1rea de Procurement","publisher":{"@id":"https:\/\/fullsolutions.info\/#organization"},"potentialAction":[{"@type":"SearchAction","target":{"@type":"EntryPoint","urlTemplate":"https:\/\/fullsolutions.info\/?s={search_term_string}"},"query-input":{"@type":"PropertyValueSpecification","valueRequired":true,"valueName":"search_term_string"}}],"inLanguage":"en-US"},{"@type":"Organization","@id":"https:\/\/fullsolutions.info\/#organization","name":"Full Solutions","url":"https:\/\/fullsolutions.info\/","logo":{"@type":"ImageObject","inLanguage":"en-US","@id":"https:\/\/fullsolutions.info\/#\/schema\/logo\/image\/","url":"https:\/\/mlhff0prgoxu.i.optimole.com\/cb:s0sM.767\/w:auto\/h:auto\/q:mauto\/f:best\/https:\/\/fullsolutions.info\/wp-content\/uploads\/2021\/07\/cropped-Design-sem-nome-300x193-1-e1627062664782.png","contentUrl":"https:\/\/mlhff0prgoxu.i.optimole.com\/cb:s0sM.767\/w:auto\/h:auto\/q:mauto\/f:best\/https:\/\/fullsolutions.info\/wp-content\/uploads\/2021\/07\/cropped-Design-sem-nome-300x193-1-e1627062664782.png","width":202,"height":155,"caption":"Full Solutions"},"image":{"@id":"https:\/\/fullsolutions.info\/#\/schema\/logo\/image\/"},"sameAs":["https:\/\/www.linkedin.com\/company\/full-solutions-equipment"]}]}},"_links":{"self":[{"href":"https:\/\/fullsolutions.info\/en\/wp-json\/wp\/v2\/product\/4571","targetHints":{"allow":["GET"]}}],"collection":[{"href":"https:\/\/fullsolutions.info\/en\/wp-json\/wp\/v2\/product"}],"about":[{"href":"https:\/\/fullsolutions.info\/en\/wp-json\/wp\/v2\/types\/product"}],"replies":[{"embeddable":true,"href":"https:\/\/fullsolutions.info\/en\/wp-json\/wp\/v2\/comments?post=4571"}],"wp:featuredmedia":[{"embeddable":true,"href":"https:\/\/fullsolutions.info\/en\/wp-json\/wp\/v2\/media\/4572"}],"wp:attachment":[{"href":"https:\/\/fullsolutions.info\/en\/wp-json\/wp\/v2\/media?parent=4571"}],"wp:term":[{"taxonomy":"product_brand","embeddable":true,"href":"https:\/\/fullsolutions.info\/en\/wp-json\/wp\/v2\/product_brand?post=4571"},{"taxonomy":"product_cat","embeddable":true,"href":"https:\/\/fullsolutions.info\/en\/wp-json\/wp\/v2\/product_cat?post=4571"},{"taxonomy":"product_tag","embeddable":true,"href":"https:\/\/fullsolutions.info\/en\/wp-json\/wp\/v2\/product_tag?post=4571"},{"taxonomy":"marca","embeddable":true,"href":"https:\/\/fullsolutions.info\/en\/wp-json\/wp\/v2\/marca?post=4571"}],"curies":[{"name":"wp","href":"https:\/\/api.w.org\/{rel}","templated":true}]}}