{"id":4563,"date":"2024-02-02T19:04:38","date_gmt":"2024-02-02T19:04:38","guid":{"rendered":"https:\/\/fullsolutionsequip.com\/?post_type=product&#038;p=4563"},"modified":"2026-04-22T14:29:17","modified_gmt":"2026-04-22T17:29:17","slug":"valvula-de-controle-borboleta-8500","status":"publish","type":"product","link":"https:\/\/fullsolutions.info\/en\/product\/valvula-de-controle-borboleta-8500\/","title":{"rendered":"Control valve, butterfly 8500"},"content":{"rendered":"<p data-start=\"592\" data-end=\"747\">A Fisher 8500 realiza o controle de fluxo com efici\u00eancia e estabilidade. O modelo tipo borboleta \u00e9 indicado para aplica\u00e7\u00f5es industriais com grandes vaz\u00f5es. A v\u00e1lvula regula a passagem do fluido por meio do movimento rotativo do disco. Em seguida, ajusta a abertura conforme a demanda do processo. Assim, mant\u00e9m o controle eficiente do sistema.<\/p>\n<p>**Especifica\u00e7\u00f5es:**<\/p>\n<p>**Material do Disco:**<br \/>\n&#8211; 317, chapeado com cromo<br \/>\n&#8211; Tamanho: 2\u201d \u2013 30\u201d<\/p>\n<p>**Material do Corpo:**<br \/>\n&#8211; WCB (A\u00e7o Carbono)<br \/>\n&#8211; WCC (A\u00e7o Carbono Fundido)<br \/>\n&#8211; CF8M (A\u00e7o Inoxid\u00e1vel)<br \/>\n&#8211; CG8M (Liga de A\u00e7o Inoxid\u00e1vel)<\/p>\n<p>**Tipo de Corpo:**<br \/>\n&#8211; Wafer (sem flange)<br \/>\n&#8211; Flangeado (lugs)<\/p>\n<p>**Tipo\/Material de Veda\u00e7\u00e3o:**<br \/>\n&#8211; Sem veda\u00e7\u00e3o<br \/>\n&#8211; PTFE (Politetratetrafluoretileno)<br \/>\n&#8211; 316<br \/>\n&#8211; Novex<br \/>\n&#8211; Phoenix III<br \/>\n&#8211; Nitrilo<\/p>\n<p>**Material do Rolamento:**<br \/>\n&#8211; 316\/PTFE (Politetratetrafluoretileno)<br \/>\n&#8211; 316 Nitretado<br \/>\n&#8211; PEEK (Pol\u00edmero de Alto Desempenho)<\/p>\n<p>**Classifica\u00e7\u00f5es de Flange:**<br \/>\n&#8211; 150<br \/>\n&#8211; 300<br \/>\n&#8211; 600<\/p>\n<p>**Atuadores de V\u00e1lvula Rotativa:**<br \/>\n&#8211; 480, 1051, 1052, 1061, 1066<\/p>","protected":false},"excerpt":{"rendered":"<p>A Fisher 8500 realiza o controle de fluxo com efici\u00eancia e estabilidade. O modelo tipo borboleta \u00e9 indicado para aplica\u00e7\u00f5es industriais com grandes vaz\u00f5es. A v\u00e1lvula regula a passagem do fluido por meio do movimento rotativo do disco. Em seguida, ajusta a abertura conforme a demanda do processo. Assim, mant\u00e9m o controle eficiente do sistema. **Especifica\u00e7\u00f5es:** **Material do Disco:** &#8211; 317, chapeado com cromo &#8211; Tamanho: 2\u201d \u2013 30\u201d **Material do Corpo:** &#8211; WCB (A\u00e7o Carbono) &#8211; WCC (A\u00e7o Carbono Fundido) &#8211; CF8M (A\u00e7o Inoxid\u00e1vel) &#8211; CG8M (Liga de A\u00e7o Inoxid\u00e1vel) **Tipo de Corpo:** &#8211; Wafer (sem flange) &#8211; Flangeado (lugs) **Tipo\/Material de Veda\u00e7\u00e3o:** &#8211; Sem veda\u00e7\u00e3o &#8211; PTFE (Politetratetrafluoretileno) &#8211; 316 &#8211; Novex &#8211; Phoenix III &#8211; Nitrilo **Material do Rolamento:** &#8211; 316\/PTFE (Politetratetrafluoretileno) &#8211; 316 Nitretado &#8211; PEEK (Pol\u00edmero de Alto Desempenho) **Classifica\u00e7\u00f5es de Flange:** &#8211; 150 &#8211; 300 &#8211; 600 **Atuadores de V\u00e1lvula Rotativa:** &#8211; 480, 1051, 1052, 1061, 1066<\/p>","protected":false},"featured_media":4564,"comment_status":"open","ping_status":"closed","template":"","meta":{"_joinchat":[]},"product_brand":[],"product_cat":[155],"product_tag":[],"marca":[150],"class_list":{"0":"post-4563","1":"product","2":"type-product","3":"status-publish","4":"has-post-thumbnail","6":"product_cat-valvulas-e-atuadores-de-controle","7":"marca-fisher","9":"first","10":"instock","11":"shipping-taxable","12":"purchasable","13":"product-type-simple"},"yoast_head":"<!-- This site is optimized with the Yoast SEO plugin v27.2 - https:\/\/yoast.com\/product\/yoast-seo-wordpress\/ -->\n<title>V\u00e1lvula de controle borboleta 8500 - Full Solutions<\/title>\n<meta name=\"description\" content=\"Fisher 8500: v\u00e1lvula borboleta de controle para aplica\u00e7\u00f5es industriais. Alta efici\u00eancia, baixa perda de carga e controle est\u00e1vel de vaz\u00e3o. Solicite cota\u00e7\u00e3o.\" \/>\n<meta name=\"robots\" content=\"index, follow, max-snippet:-1, max-image-preview:large, max-video-preview:-1\" \/>\n<link rel=\"canonical\" href=\"https:\/\/fullsolutions.info\/en\/product\/valvula-de-controle-borboleta-8500\/\" \/>\n<meta property=\"og:locale\" content=\"en_US\" \/>\n<meta property=\"og:type\" content=\"article\" \/>\n<meta property=\"og:title\" content=\"V\u00e1lvula de controle borboleta 8500 - Full Solutions\" \/>\n<meta property=\"og:description\" content=\"Fisher 8500: v\u00e1lvula borboleta de controle para aplica\u00e7\u00f5es industriais. Alta efici\u00eancia, baixa perda de carga e controle est\u00e1vel de vaz\u00e3o. Solicite cota\u00e7\u00e3o.\" \/>\n<meta property=\"og:url\" content=\"https:\/\/fullsolutions.info\/en\/product\/valvula-de-controle-borboleta-8500\/\" \/>\n<meta property=\"og:site_name\" content=\"Full Solutions\" \/>\n<meta property=\"article:modified_time\" content=\"2026-04-22T17:29:17+00:00\" \/>\n<meta property=\"og:image\" content=\"https:\/\/mlhff0prgoxu.i.optimole.com\/cb:s0sM.767\/w:auto\/h:auto\/q:mauto\/f:best\/https:\/\/fullsolutions.info\/wp-content\/uploads\/2024\/02\/fisher-butterfly-valve8500.jpeg\" \/>\n\t<meta property=\"og:image:width\" content=\"600\" \/>\n\t<meta property=\"og:image:height\" content=\"600\" \/>\n\t<meta property=\"og:image:type\" content=\"image\/jpeg\" \/>\n<meta name=\"twitter:card\" content=\"summary_large_image\" \/>\n<meta name=\"twitter:label1\" content=\"Est. reading time\" \/>\n\t<meta name=\"twitter:data1\" content=\"1 minute\" \/>\n<script type=\"application\/ld+json\" class=\"yoast-schema-graph\">{\"@context\":\"https:\/\/schema.org\",\"@graph\":[{\"@type\":\"WebPage\",\"@id\":\"https:\/\/fullsolutions.info\/produto\/valvula-de-controle-borboleta-8500\/\",\"url\":\"https:\/\/fullsolutions.info\/produto\/valvula-de-controle-borboleta-8500\/\",\"name\":\"V\u00e1lvula de controle borboleta 8500 - Full Solutions\",\"isPartOf\":{\"@id\":\"https:\/\/fullsolutions.info\/#website\"},\"primaryImageOfPage\":{\"@id\":\"https:\/\/fullsolutions.info\/produto\/valvula-de-controle-borboleta-8500\/#primaryimage\"},\"image\":{\"@id\":\"https:\/\/fullsolutions.info\/produto\/valvula-de-controle-borboleta-8500\/#primaryimage\"},\"thumbnailUrl\":\"https:\/\/mlhff0prgoxu.i.optimole.com\/cb:s0sM.767\/w:auto\/h:auto\/q:mauto\/f:best\/https:\/\/fullsolutions.info\/wp-content\/uploads\/2024\/02\/fisher-butterfly-valve8500.jpeg\",\"datePublished\":\"2024-02-02T19:04:38+00:00\",\"dateModified\":\"2026-04-22T17:29:17+00:00\",\"description\":\"Fisher 8500: v\u00e1lvula borboleta de controle para aplica\u00e7\u00f5es industriais. Alta efici\u00eancia, baixa perda de carga e controle est\u00e1vel de vaz\u00e3o. Solicite cota\u00e7\u00e3o.\",\"breadcrumb\":{\"@id\":\"https:\/\/fullsolutions.info\/produto\/valvula-de-controle-borboleta-8500\/#breadcrumb\"},\"inLanguage\":\"en-US\",\"potentialAction\":[{\"@type\":\"ReadAction\",\"target\":[\"https:\/\/fullsolutions.info\/produto\/valvula-de-controle-borboleta-8500\/\"]}]},{\"@type\":\"ImageObject\",\"inLanguage\":\"en-US\",\"@id\":\"https:\/\/fullsolutions.info\/produto\/valvula-de-controle-borboleta-8500\/#primaryimage\",\"url\":\"https:\/\/mlhff0prgoxu.i.optimole.com\/cb:s0sM.767\/w:auto\/h:auto\/q:mauto\/f:best\/https:\/\/fullsolutions.info\/wp-content\/uploads\/2024\/02\/fisher-butterfly-valve8500.jpeg\",\"contentUrl\":\"https:\/\/mlhff0prgoxu.i.optimole.com\/cb:s0sM.767\/w:auto\/h:auto\/q:mauto\/f:best\/https:\/\/fullsolutions.info\/wp-content\/uploads\/2024\/02\/fisher-butterfly-valve8500.jpeg\",\"width\":600,\"height\":600},{\"@type\":\"BreadcrumbList\",\"@id\":\"https:\/\/fullsolutions.info\/produto\/valvula-de-controle-borboleta-8500\/#breadcrumb\",\"itemListElement\":[{\"@type\":\"ListItem\",\"position\":1,\"name\":\"In\u00edcio\",\"item\":\"https:\/\/fullsolutions.info\/\"},{\"@type\":\"ListItem\",\"position\":2,\"name\":\"Produtos\",\"item\":\"https:\/\/fullsolutions.info\/shop\/\"},{\"@type\":\"ListItem\",\"position\":3,\"name\":\"V\u00e1lvula de controle borboleta 8500\"}]},{\"@type\":\"WebSite\",\"@id\":\"https:\/\/fullsolutions.info\/#website\",\"url\":\"https:\/\/fullsolutions.info\/\",\"name\":\"Full Solutions\",\"description\":\"Empresa na \u00c1rea de Procurement\",\"publisher\":{\"@id\":\"https:\/\/fullsolutions.info\/#organization\"},\"potentialAction\":[{\"@type\":\"SearchAction\",\"target\":{\"@type\":\"EntryPoint\",\"urlTemplate\":\"https:\/\/fullsolutions.info\/?s={search_term_string}\"},\"query-input\":{\"@type\":\"PropertyValueSpecification\",\"valueRequired\":true,\"valueName\":\"search_term_string\"}}],\"inLanguage\":\"en-US\"},{\"@type\":\"Organization\",\"@id\":\"https:\/\/fullsolutions.info\/#organization\",\"name\":\"Full Solutions\",\"url\":\"https:\/\/fullsolutions.info\/\",\"logo\":{\"@type\":\"ImageObject\",\"inLanguage\":\"en-US\",\"@id\":\"https:\/\/fullsolutions.info\/#\/schema\/logo\/image\/\",\"url\":\"https:\/\/mlhff0prgoxu.i.optimole.com\/cb:s0sM.767\/w:auto\/h:auto\/q:mauto\/f:best\/https:\/\/fullsolutions.info\/wp-content\/uploads\/2021\/07\/cropped-Design-sem-nome-300x193-1-e1627062664782.png\",\"contentUrl\":\"https:\/\/mlhff0prgoxu.i.optimole.com\/cb:s0sM.767\/w:auto\/h:auto\/q:mauto\/f:best\/https:\/\/fullsolutions.info\/wp-content\/uploads\/2021\/07\/cropped-Design-sem-nome-300x193-1-e1627062664782.png\",\"width\":202,\"height\":155,\"caption\":\"Full Solutions\"},\"image\":{\"@id\":\"https:\/\/fullsolutions.info\/#\/schema\/logo\/image\/\"},\"sameAs\":[\"https:\/\/www.linkedin.com\/company\/full-solutions-equipment\"]}]}<\/script>\n<!-- \/ Yoast SEO plugin. -->","yoast_head_json":{"title":"V\u00e1lvula de controle borboleta 8500 - Full Solutions","description":"Fisher 8500: v\u00e1lvula borboleta de controle para aplica\u00e7\u00f5es industriais. Alta efici\u00eancia, baixa perda de carga e controle est\u00e1vel de vaz\u00e3o. Solicite cota\u00e7\u00e3o.","robots":{"index":"index","follow":"follow","max-snippet":"max-snippet:-1","max-image-preview":"max-image-preview:large","max-video-preview":"max-video-preview:-1"},"canonical":"https:\/\/fullsolutions.info\/en\/product\/valvula-de-controle-borboleta-8500\/","og_locale":"en_US","og_type":"article","og_title":"V\u00e1lvula de controle borboleta 8500 - Full Solutions","og_description":"Fisher 8500: v\u00e1lvula borboleta de controle para aplica\u00e7\u00f5es industriais. Alta efici\u00eancia, baixa perda de carga e controle est\u00e1vel de vaz\u00e3o. Solicite cota\u00e7\u00e3o.","og_url":"https:\/\/fullsolutions.info\/en\/product\/valvula-de-controle-borboleta-8500\/","og_site_name":"Full Solutions","article_modified_time":"2026-04-22T17:29:17+00:00","og_image":[{"width":600,"height":600,"url":"https:\/\/mlhff0prgoxu.i.optimole.com\/cb:s0sM.767\/w:auto\/h:auto\/q:mauto\/f:best\/https:\/\/fullsolutions.info\/wp-content\/uploads\/2024\/02\/fisher-butterfly-valve8500.jpeg","type":"image\/jpeg"}],"twitter_card":"summary_large_image","twitter_misc":{"Est. reading time":"1 minute"},"schema":{"@context":"https:\/\/schema.org","@graph":[{"@type":"WebPage","@id":"https:\/\/fullsolutions.info\/produto\/valvula-de-controle-borboleta-8500\/","url":"https:\/\/fullsolutions.info\/produto\/valvula-de-controle-borboleta-8500\/","name":"V\u00e1lvula de controle borboleta 8500 - Full Solutions","isPartOf":{"@id":"https:\/\/fullsolutions.info\/#website"},"primaryImageOfPage":{"@id":"https:\/\/fullsolutions.info\/produto\/valvula-de-controle-borboleta-8500\/#primaryimage"},"image":{"@id":"https:\/\/fullsolutions.info\/produto\/valvula-de-controle-borboleta-8500\/#primaryimage"},"thumbnailUrl":"https:\/\/mlhff0prgoxu.i.optimole.com\/cb:s0sM.767\/w:auto\/h:auto\/q:mauto\/f:best\/https:\/\/fullsolutions.info\/wp-content\/uploads\/2024\/02\/fisher-butterfly-valve8500.jpeg","datePublished":"2024-02-02T19:04:38+00:00","dateModified":"2026-04-22T17:29:17+00:00","description":"Fisher 8500: v\u00e1lvula borboleta de controle para aplica\u00e7\u00f5es industriais. Alta efici\u00eancia, baixa perda de carga e controle est\u00e1vel de vaz\u00e3o. Solicite cota\u00e7\u00e3o.","breadcrumb":{"@id":"https:\/\/fullsolutions.info\/produto\/valvula-de-controle-borboleta-8500\/#breadcrumb"},"inLanguage":"en-US","potentialAction":[{"@type":"ReadAction","target":["https:\/\/fullsolutions.info\/produto\/valvula-de-controle-borboleta-8500\/"]}]},{"@type":"ImageObject","inLanguage":"en-US","@id":"https:\/\/fullsolutions.info\/produto\/valvula-de-controle-borboleta-8500\/#primaryimage","url":"https:\/\/mlhff0prgoxu.i.optimole.com\/cb:s0sM.767\/w:auto\/h:auto\/q:mauto\/f:best\/https:\/\/fullsolutions.info\/wp-content\/uploads\/2024\/02\/fisher-butterfly-valve8500.jpeg","contentUrl":"https:\/\/mlhff0prgoxu.i.optimole.com\/cb:s0sM.767\/w:auto\/h:auto\/q:mauto\/f:best\/https:\/\/fullsolutions.info\/wp-content\/uploads\/2024\/02\/fisher-butterfly-valve8500.jpeg","width":600,"height":600},{"@type":"BreadcrumbList","@id":"https:\/\/fullsolutions.info\/produto\/valvula-de-controle-borboleta-8500\/#breadcrumb","itemListElement":[{"@type":"ListItem","position":1,"name":"In\u00edcio","item":"https:\/\/fullsolutions.info\/"},{"@type":"ListItem","position":2,"name":"Produtos","item":"https:\/\/fullsolutions.info\/shop\/"},{"@type":"ListItem","position":3,"name":"V\u00e1lvula de controle borboleta 8500"}]},{"@type":"WebSite","@id":"https:\/\/fullsolutions.info\/#website","url":"https:\/\/fullsolutions.info\/","name":"Full Solutions","description":"Empresa na \u00c1rea de Procurement","publisher":{"@id":"https:\/\/fullsolutions.info\/#organization"},"potentialAction":[{"@type":"SearchAction","target":{"@type":"EntryPoint","urlTemplate":"https:\/\/fullsolutions.info\/?s={search_term_string}"},"query-input":{"@type":"PropertyValueSpecification","valueRequired":true,"valueName":"search_term_string"}}],"inLanguage":"en-US"},{"@type":"Organization","@id":"https:\/\/fullsolutions.info\/#organization","name":"Full Solutions","url":"https:\/\/fullsolutions.info\/","logo":{"@type":"ImageObject","inLanguage":"en-US","@id":"https:\/\/fullsolutions.info\/#\/schema\/logo\/image\/","url":"https:\/\/mlhff0prgoxu.i.optimole.com\/cb:s0sM.767\/w:auto\/h:auto\/q:mauto\/f:best\/https:\/\/fullsolutions.info\/wp-content\/uploads\/2021\/07\/cropped-Design-sem-nome-300x193-1-e1627062664782.png","contentUrl":"https:\/\/mlhff0prgoxu.i.optimole.com\/cb:s0sM.767\/w:auto\/h:auto\/q:mauto\/f:best\/https:\/\/fullsolutions.info\/wp-content\/uploads\/2021\/07\/cropped-Design-sem-nome-300x193-1-e1627062664782.png","width":202,"height":155,"caption":"Full Solutions"},"image":{"@id":"https:\/\/fullsolutions.info\/#\/schema\/logo\/image\/"},"sameAs":["https:\/\/www.linkedin.com\/company\/full-solutions-equipment"]}]}},"_links":{"self":[{"href":"https:\/\/fullsolutions.info\/en\/wp-json\/wp\/v2\/product\/4563","targetHints":{"allow":["GET"]}}],"collection":[{"href":"https:\/\/fullsolutions.info\/en\/wp-json\/wp\/v2\/product"}],"about":[{"href":"https:\/\/fullsolutions.info\/en\/wp-json\/wp\/v2\/types\/product"}],"replies":[{"embeddable":true,"href":"https:\/\/fullsolutions.info\/en\/wp-json\/wp\/v2\/comments?post=4563"}],"wp:featuredmedia":[{"embeddable":true,"href":"https:\/\/fullsolutions.info\/en\/wp-json\/wp\/v2\/media\/4564"}],"wp:attachment":[{"href":"https:\/\/fullsolutions.info\/en\/wp-json\/wp\/v2\/media?parent=4563"}],"wp:term":[{"taxonomy":"product_brand","embeddable":true,"href":"https:\/\/fullsolutions.info\/en\/wp-json\/wp\/v2\/product_brand?post=4563"},{"taxonomy":"product_cat","embeddable":true,"href":"https:\/\/fullsolutions.info\/en\/wp-json\/wp\/v2\/product_cat?post=4563"},{"taxonomy":"product_tag","embeddable":true,"href":"https:\/\/fullsolutions.info\/en\/wp-json\/wp\/v2\/product_tag?post=4563"},{"taxonomy":"marca","embeddable":true,"href":"https:\/\/fullsolutions.info\/en\/wp-json\/wp\/v2\/marca?post=4563"}],"curies":[{"name":"wp","href":"https:\/\/api.w.org\/{rel}","templated":true}]}}