{"id":4559,"date":"2024-02-02T19:02:00","date_gmt":"2024-02-02T19:02:00","guid":{"rendered":"https:\/\/fullsolutionsequip.com\/?post_type=product&#038;p=4559"},"modified":"2026-04-22T14:32:45","modified_gmt":"2026-04-22T17:32:45","slug":"valvula-de-controle-v150","status":"publish","type":"product","link":"https:\/\/fullsolutions.info\/en\/product\/valvula-de-controle-v150\/","title":{"rendered":"Valve, control-V150"},"content":{"rendered":"<p>**Remanufaturada Fisher V150 V\u00e1lvula de Controle**<\/p>\n<p data-start=\"588\" data-end=\"736\">A Fisher V150 realiza o controle de fluxo com precis\u00e3o e estabilidade. O equipamento \u00e9 indicado para aplica\u00e7\u00f5es industriais em diferentes segmentos.<\/p>\n<p data-start=\"738\" data-end=\"928\">A v\u00e1lvula regula a vaz\u00e3o de fluidos conforme a necessidade do processo. Em seguida, ajusta continuamente a posi\u00e7\u00e3o do elemento de controle. Assim, mant\u00e9m o sistema operando de forma est\u00e1vel.<\/p>\n<p>**Especifica\u00e7\u00f5es:**<\/p>\n<p>**Tamanho:**<br \/>\n&#8211; 1&#8243; &#8211; 14&#8243;<\/p>\n<p>**Material do Corpo:**<br \/>\n&#8211; WCC (A\u00e7o Carbono Fundido)<br \/>\n&#8211; CG8M (Liga de A\u00e7o Inoxid\u00e1vel)<\/p>\n<p>**Tipo\/Material de Veda\u00e7\u00e3o:**<br \/>\n&#8211; TCM (Material composto de temperatura elevada)<br \/>\n&#8211; Liga 255<br \/>\n&#8211; Nitronic 60<br \/>\n&#8211; Liga 6<\/p>\n<p>**Material do Mancal:**<br \/>\n&#8211; 316\/PTFE (Politetrafluoretileno)<br \/>\n&#8211; PEEK (Pol\u00edmero de Alta Performance)<br \/>\n&#8211; Liga 6<\/p>\n<p>**Classifica\u00e7\u00f5es ANSI:**<br \/>\n&#8211; 150<br \/>\n&#8211; 300<br \/>\n&#8211; 600<\/p>\n<p>**Atuadores de V\u00e1lvulas Rotativas:**<br \/>\n&#8211; 480, 1051, 1052, 1061, 1066<\/p>","protected":false},"excerpt":{"rendered":"<p>**Remanufaturada Fisher V150 V\u00e1lvula de Controle** A Fisher V150 realiza o controle de fluxo com precis\u00e3o e estabilidade. O equipamento \u00e9 indicado para aplica\u00e7\u00f5es industriais em diferentes segmentos. A v\u00e1lvula regula a vaz\u00e3o de fluidos conforme a necessidade do processo. Em seguida, ajusta continuamente a posi\u00e7\u00e3o do elemento de controle. Assim, mant\u00e9m o sistema operando de forma est\u00e1vel. **Especifica\u00e7\u00f5es:** **Tamanho:** &#8211; 1&#8243; &#8211; 14&#8243; **Material do Corpo:** &#8211; WCC (A\u00e7o Carbono Fundido) &#8211; CG8M (Liga de A\u00e7o Inoxid\u00e1vel) **Tipo\/Material de Veda\u00e7\u00e3o:** &#8211; TCM (Material composto de temperatura elevada) &#8211; Liga 255 &#8211; Nitronic 60 &#8211; Liga 6 **Material do Mancal:** &#8211; 316\/PTFE (Politetrafluoretileno) &#8211; PEEK (Pol\u00edmero de Alta Performance) &#8211; Liga 6 **Classifica\u00e7\u00f5es ANSI:** &#8211; 150 &#8211; 300 &#8211; 600 **Atuadores de V\u00e1lvulas Rotativas:** &#8211; 480, 1051, 1052, 1061, 1066<\/p>","protected":false},"featured_media":4560,"comment_status":"open","ping_status":"closed","template":"","meta":{"_joinchat":[]},"product_brand":[],"product_cat":[155],"product_tag":[],"marca":[150],"class_list":{"0":"post-4559","1":"product","2":"type-product","3":"status-publish","4":"has-post-thumbnail","6":"product_cat-valvulas-e-atuadores-de-controle","7":"marca-fisher","9":"first","10":"instock","11":"shipping-taxable","12":"purchasable","13":"product-type-simple"},"yoast_head":"<!-- This site is optimized with the Yoast SEO plugin v27.2 - https:\/\/yoast.com\/product\/yoast-seo-wordpress\/ -->\n<title>V\u00e1lvula de controle V150 - Full Solutions<\/title>\n<meta name=\"description\" content=\"Fisher V150: v\u00e1lvula de controle industrial com alta precis\u00e3o e resposta est\u00e1vel. Ideal para controle de fluxo em processos industriais. Solicite cota\u00e7\u00e3o.\" \/>\n<meta name=\"robots\" content=\"index, follow, max-snippet:-1, max-image-preview:large, max-video-preview:-1\" \/>\n<link rel=\"canonical\" href=\"https:\/\/fullsolutions.info\/en\/product\/valvula-de-controle-v150\/\" \/>\n<meta property=\"og:locale\" content=\"en_US\" \/>\n<meta property=\"og:type\" content=\"article\" \/>\n<meta property=\"og:title\" content=\"V\u00e1lvula de controle V150 - Full Solutions\" \/>\n<meta property=\"og:description\" content=\"Fisher V150: v\u00e1lvula de controle industrial com alta precis\u00e3o e resposta est\u00e1vel. Ideal para controle de fluxo em processos industriais. Solicite cota\u00e7\u00e3o.\" \/>\n<meta property=\"og:url\" content=\"https:\/\/fullsolutions.info\/en\/product\/valvula-de-controle-v150\/\" \/>\n<meta property=\"og:site_name\" content=\"Full Solutions\" \/>\n<meta property=\"article:modified_time\" content=\"2026-04-22T17:32:45+00:00\" \/>\n<meta property=\"og:image\" content=\"https:\/\/mlhff0prgoxu.i.optimole.com\/cb:s0sM.767\/w:auto\/h:auto\/q:mauto\/f:best\/https:\/\/fullsolutions.info\/wp-content\/uploads\/2024\/02\/fisher-vee-ball1.jpeg\" \/>\n\t<meta property=\"og:image:width\" content=\"600\" \/>\n\t<meta property=\"og:image:height\" content=\"600\" \/>\n\t<meta property=\"og:image:type\" content=\"image\/jpeg\" \/>\n<meta name=\"twitter:card\" content=\"summary_large_image\" \/>\n<meta name=\"twitter:label1\" content=\"Est. reading time\" \/>\n\t<meta name=\"twitter:data1\" content=\"1 minute\" \/>\n<script type=\"application\/ld+json\" class=\"yoast-schema-graph\">{\"@context\":\"https:\/\/schema.org\",\"@graph\":[{\"@type\":\"WebPage\",\"@id\":\"https:\/\/fullsolutions.info\/produto\/valvula-de-controle-v150\/\",\"url\":\"https:\/\/fullsolutions.info\/produto\/valvula-de-controle-v150\/\",\"name\":\"V\u00e1lvula de controle V150 - Full Solutions\",\"isPartOf\":{\"@id\":\"https:\/\/fullsolutions.info\/#website\"},\"primaryImageOfPage\":{\"@id\":\"https:\/\/fullsolutions.info\/produto\/valvula-de-controle-v150\/#primaryimage\"},\"image\":{\"@id\":\"https:\/\/fullsolutions.info\/produto\/valvula-de-controle-v150\/#primaryimage\"},\"thumbnailUrl\":\"https:\/\/mlhff0prgoxu.i.optimole.com\/cb:s0sM.767\/w:auto\/h:auto\/q:mauto\/f:best\/https:\/\/fullsolutions.info\/wp-content\/uploads\/2024\/02\/fisher-vee-ball1.jpeg\",\"datePublished\":\"2024-02-02T19:02:00+00:00\",\"dateModified\":\"2026-04-22T17:32:45+00:00\",\"description\":\"Fisher V150: v\u00e1lvula de controle industrial com alta precis\u00e3o e resposta est\u00e1vel. Ideal para controle de fluxo em processos industriais. Solicite cota\u00e7\u00e3o.\",\"breadcrumb\":{\"@id\":\"https:\/\/fullsolutions.info\/produto\/valvula-de-controle-v150\/#breadcrumb\"},\"inLanguage\":\"en-US\",\"potentialAction\":[{\"@type\":\"ReadAction\",\"target\":[\"https:\/\/fullsolutions.info\/produto\/valvula-de-controle-v150\/\"]}]},{\"@type\":\"ImageObject\",\"inLanguage\":\"en-US\",\"@id\":\"https:\/\/fullsolutions.info\/produto\/valvula-de-controle-v150\/#primaryimage\",\"url\":\"https:\/\/mlhff0prgoxu.i.optimole.com\/cb:s0sM.767\/w:auto\/h:auto\/q:mauto\/f:best\/https:\/\/fullsolutions.info\/wp-content\/uploads\/2024\/02\/fisher-vee-ball1.jpeg\",\"contentUrl\":\"https:\/\/mlhff0prgoxu.i.optimole.com\/cb:s0sM.767\/w:auto\/h:auto\/q:mauto\/f:best\/https:\/\/fullsolutions.info\/wp-content\/uploads\/2024\/02\/fisher-vee-ball1.jpeg\",\"width\":600,\"height\":600},{\"@type\":\"BreadcrumbList\",\"@id\":\"https:\/\/fullsolutions.info\/produto\/valvula-de-controle-v150\/#breadcrumb\",\"itemListElement\":[{\"@type\":\"ListItem\",\"position\":1,\"name\":\"In\u00edcio\",\"item\":\"https:\/\/fullsolutions.info\/\"},{\"@type\":\"ListItem\",\"position\":2,\"name\":\"Produtos\",\"item\":\"https:\/\/fullsolutions.info\/shop\/\"},{\"@type\":\"ListItem\",\"position\":3,\"name\":\"V\u00e1lvula de controle V150\"}]},{\"@type\":\"WebSite\",\"@id\":\"https:\/\/fullsolutions.info\/#website\",\"url\":\"https:\/\/fullsolutions.info\/\",\"name\":\"Full Solutions\",\"description\":\"Empresa na \u00c1rea de Procurement\",\"publisher\":{\"@id\":\"https:\/\/fullsolutions.info\/#organization\"},\"potentialAction\":[{\"@type\":\"SearchAction\",\"target\":{\"@type\":\"EntryPoint\",\"urlTemplate\":\"https:\/\/fullsolutions.info\/?s={search_term_string}\"},\"query-input\":{\"@type\":\"PropertyValueSpecification\",\"valueRequired\":true,\"valueName\":\"search_term_string\"}}],\"inLanguage\":\"en-US\"},{\"@type\":\"Organization\",\"@id\":\"https:\/\/fullsolutions.info\/#organization\",\"name\":\"Full Solutions\",\"url\":\"https:\/\/fullsolutions.info\/\",\"logo\":{\"@type\":\"ImageObject\",\"inLanguage\":\"en-US\",\"@id\":\"https:\/\/fullsolutions.info\/#\/schema\/logo\/image\/\",\"url\":\"https:\/\/mlhff0prgoxu.i.optimole.com\/cb:s0sM.767\/w:auto\/h:auto\/q:mauto\/f:best\/https:\/\/fullsolutions.info\/wp-content\/uploads\/2021\/07\/cropped-Design-sem-nome-300x193-1-e1627062664782.png\",\"contentUrl\":\"https:\/\/mlhff0prgoxu.i.optimole.com\/cb:s0sM.767\/w:auto\/h:auto\/q:mauto\/f:best\/https:\/\/fullsolutions.info\/wp-content\/uploads\/2021\/07\/cropped-Design-sem-nome-300x193-1-e1627062664782.png\",\"width\":202,\"height\":155,\"caption\":\"Full Solutions\"},\"image\":{\"@id\":\"https:\/\/fullsolutions.info\/#\/schema\/logo\/image\/\"},\"sameAs\":[\"https:\/\/www.linkedin.com\/company\/full-solutions-equipment\"]}]}<\/script>\n<!-- \/ Yoast SEO plugin. -->","yoast_head_json":{"title":"V\u00e1lvula de controle V150 - Full Solutions","description":"Fisher V150: v\u00e1lvula de controle industrial com alta precis\u00e3o e resposta est\u00e1vel. Ideal para controle de fluxo em processos industriais. Solicite cota\u00e7\u00e3o.","robots":{"index":"index","follow":"follow","max-snippet":"max-snippet:-1","max-image-preview":"max-image-preview:large","max-video-preview":"max-video-preview:-1"},"canonical":"https:\/\/fullsolutions.info\/en\/product\/valvula-de-controle-v150\/","og_locale":"en_US","og_type":"article","og_title":"V\u00e1lvula de controle V150 - Full Solutions","og_description":"Fisher V150: v\u00e1lvula de controle industrial com alta precis\u00e3o e resposta est\u00e1vel. Ideal para controle de fluxo em processos industriais. Solicite cota\u00e7\u00e3o.","og_url":"https:\/\/fullsolutions.info\/en\/product\/valvula-de-controle-v150\/","og_site_name":"Full Solutions","article_modified_time":"2026-04-22T17:32:45+00:00","og_image":[{"width":600,"height":600,"url":"https:\/\/mlhff0prgoxu.i.optimole.com\/cb:s0sM.767\/w:auto\/h:auto\/q:mauto\/f:best\/https:\/\/fullsolutions.info\/wp-content\/uploads\/2024\/02\/fisher-vee-ball1.jpeg","type":"image\/jpeg"}],"twitter_card":"summary_large_image","twitter_misc":{"Est. reading time":"1 minute"},"schema":{"@context":"https:\/\/schema.org","@graph":[{"@type":"WebPage","@id":"https:\/\/fullsolutions.info\/produto\/valvula-de-controle-v150\/","url":"https:\/\/fullsolutions.info\/produto\/valvula-de-controle-v150\/","name":"V\u00e1lvula de controle V150 - Full Solutions","isPartOf":{"@id":"https:\/\/fullsolutions.info\/#website"},"primaryImageOfPage":{"@id":"https:\/\/fullsolutions.info\/produto\/valvula-de-controle-v150\/#primaryimage"},"image":{"@id":"https:\/\/fullsolutions.info\/produto\/valvula-de-controle-v150\/#primaryimage"},"thumbnailUrl":"https:\/\/mlhff0prgoxu.i.optimole.com\/cb:s0sM.767\/w:auto\/h:auto\/q:mauto\/f:best\/https:\/\/fullsolutions.info\/wp-content\/uploads\/2024\/02\/fisher-vee-ball1.jpeg","datePublished":"2024-02-02T19:02:00+00:00","dateModified":"2026-04-22T17:32:45+00:00","description":"Fisher V150: v\u00e1lvula de controle industrial com alta precis\u00e3o e resposta est\u00e1vel. Ideal para controle de fluxo em processos industriais. Solicite cota\u00e7\u00e3o.","breadcrumb":{"@id":"https:\/\/fullsolutions.info\/produto\/valvula-de-controle-v150\/#breadcrumb"},"inLanguage":"en-US","potentialAction":[{"@type":"ReadAction","target":["https:\/\/fullsolutions.info\/produto\/valvula-de-controle-v150\/"]}]},{"@type":"ImageObject","inLanguage":"en-US","@id":"https:\/\/fullsolutions.info\/produto\/valvula-de-controle-v150\/#primaryimage","url":"https:\/\/mlhff0prgoxu.i.optimole.com\/cb:s0sM.767\/w:auto\/h:auto\/q:mauto\/f:best\/https:\/\/fullsolutions.info\/wp-content\/uploads\/2024\/02\/fisher-vee-ball1.jpeg","contentUrl":"https:\/\/mlhff0prgoxu.i.optimole.com\/cb:s0sM.767\/w:auto\/h:auto\/q:mauto\/f:best\/https:\/\/fullsolutions.info\/wp-content\/uploads\/2024\/02\/fisher-vee-ball1.jpeg","width":600,"height":600},{"@type":"BreadcrumbList","@id":"https:\/\/fullsolutions.info\/produto\/valvula-de-controle-v150\/#breadcrumb","itemListElement":[{"@type":"ListItem","position":1,"name":"In\u00edcio","item":"https:\/\/fullsolutions.info\/"},{"@type":"ListItem","position":2,"name":"Produtos","item":"https:\/\/fullsolutions.info\/shop\/"},{"@type":"ListItem","position":3,"name":"V\u00e1lvula de controle V150"}]},{"@type":"WebSite","@id":"https:\/\/fullsolutions.info\/#website","url":"https:\/\/fullsolutions.info\/","name":"Full Solutions","description":"Empresa na \u00c1rea de Procurement","publisher":{"@id":"https:\/\/fullsolutions.info\/#organization"},"potentialAction":[{"@type":"SearchAction","target":{"@type":"EntryPoint","urlTemplate":"https:\/\/fullsolutions.info\/?s={search_term_string}"},"query-input":{"@type":"PropertyValueSpecification","valueRequired":true,"valueName":"search_term_string"}}],"inLanguage":"en-US"},{"@type":"Organization","@id":"https:\/\/fullsolutions.info\/#organization","name":"Full Solutions","url":"https:\/\/fullsolutions.info\/","logo":{"@type":"ImageObject","inLanguage":"en-US","@id":"https:\/\/fullsolutions.info\/#\/schema\/logo\/image\/","url":"https:\/\/mlhff0prgoxu.i.optimole.com\/cb:s0sM.767\/w:auto\/h:auto\/q:mauto\/f:best\/https:\/\/fullsolutions.info\/wp-content\/uploads\/2021\/07\/cropped-Design-sem-nome-300x193-1-e1627062664782.png","contentUrl":"https:\/\/mlhff0prgoxu.i.optimole.com\/cb:s0sM.767\/w:auto\/h:auto\/q:mauto\/f:best\/https:\/\/fullsolutions.info\/wp-content\/uploads\/2021\/07\/cropped-Design-sem-nome-300x193-1-e1627062664782.png","width":202,"height":155,"caption":"Full Solutions"},"image":{"@id":"https:\/\/fullsolutions.info\/#\/schema\/logo\/image\/"},"sameAs":["https:\/\/www.linkedin.com\/company\/full-solutions-equipment"]}]}},"_links":{"self":[{"href":"https:\/\/fullsolutions.info\/en\/wp-json\/wp\/v2\/product\/4559","targetHints":{"allow":["GET"]}}],"collection":[{"href":"https:\/\/fullsolutions.info\/en\/wp-json\/wp\/v2\/product"}],"about":[{"href":"https:\/\/fullsolutions.info\/en\/wp-json\/wp\/v2\/types\/product"}],"replies":[{"embeddable":true,"href":"https:\/\/fullsolutions.info\/en\/wp-json\/wp\/v2\/comments?post=4559"}],"wp:featuredmedia":[{"embeddable":true,"href":"https:\/\/fullsolutions.info\/en\/wp-json\/wp\/v2\/media\/4560"}],"wp:attachment":[{"href":"https:\/\/fullsolutions.info\/en\/wp-json\/wp\/v2\/media?parent=4559"}],"wp:term":[{"taxonomy":"product_brand","embeddable":true,"href":"https:\/\/fullsolutions.info\/en\/wp-json\/wp\/v2\/product_brand?post=4559"},{"taxonomy":"product_cat","embeddable":true,"href":"https:\/\/fullsolutions.info\/en\/wp-json\/wp\/v2\/product_cat?post=4559"},{"taxonomy":"product_tag","embeddable":true,"href":"https:\/\/fullsolutions.info\/en\/wp-json\/wp\/v2\/product_tag?post=4559"},{"taxonomy":"marca","embeddable":true,"href":"https:\/\/fullsolutions.info\/en\/wp-json\/wp\/v2\/marca?post=4559"}],"curies":[{"name":"wp","href":"https:\/\/api.w.org\/{rel}","templated":true}]}}