{"id":4547,"date":"2024-02-02T18:54:12","date_gmt":"2024-02-02T18:54:12","guid":{"rendered":"https:\/\/fullsolutionsequip.com\/?post_type=product&#038;p=4547"},"modified":"2026-04-22T14:54:16","modified_gmt":"2026-04-22T17:54:16","slug":"promag-10w","status":"publish","type":"product","link":"https:\/\/fullsolutions.info\/en\/product\/promag-10w\/","title":{"rendered":"Promag 10W"},"content":{"rendered":"<p>**Sistema de Medi\u00e7\u00e3o de Fluxo Eletromagn\u00e9tico**<\/p>\n<p>Medi\u00e7\u00e3o de fluxo de l\u00edquidos em aplica\u00e7\u00f5es de \u00e1gua ou \u00e1guas residuais<\/p>\n<p>**Benef\u00edcios**<\/p>\n<p>Os dispositivos de medi\u00e7\u00e3o Promag oferecem medi\u00e7\u00e3o de fluxo econ\u00f4mica com alto grau de precis\u00e3o para uma ampla variedade de condi\u00e7\u00f5es de processo.<\/p>\n<p>O conceito uniforme do transmissor Proline compreende:<\/p>\n<p>&#8211; Alto grau de confiabilidade e estabilidade de medi\u00e7\u00e3o<br \/>\n&#8211; Conceito operacional uniforme<\/p>\n<p>Os sensores Promag testados e comprovados oferecem:<\/p>\n<p>&#8211; Sem perda de press\u00e3o<br \/>\n&#8211; N\u00e3o sens\u00edveis a vibra\u00e7\u00f5es<br \/>\n&#8211; Instala\u00e7\u00e3o e comissionamento simples<\/p>\n<p>**Campo de Aplica\u00e7\u00e3o**<\/p>\n<p>Medidor de fluxo eletromagn\u00e9tico para medi\u00e7\u00e3o bidirecional de l\u00edquidos com uma condutividade m\u00ednima de \u226550 \u03bcS\/cm, incluindo:<\/p>\n<p>&#8211; \u00c1gua pot\u00e1vel<br \/>\n&#8211; \u00c1guas residuais<\/p>\n<p>Medi\u00e7\u00e3o de fluxo de at\u00e9 110.000 m\u00b3\/h (484.315 gal\/min), temperatura do fluido de at\u00e9 +80 \u00b0C (176 \u00b0F), press\u00f5es de processo de at\u00e9 40 bar (580 psi). Comprimentos de acordo com DVGW\/ISO.<\/p>\n<p>Materiais de revestimento espec\u00edficos para aplica\u00e7\u00e3o:<\/p>\n<p>&#8211; Poliuretano e borracha dura<\/p>\n<p>Tubos de medi\u00e7\u00e3o revestidos com materiais aprovados para \u00e1gua pot\u00e1vel:<\/p>\n<p>&#8211; KTW, WRAS, NSF, ACS, etc.<\/p>","protected":false},"excerpt":{"rendered":"<p>**Sistema de Medi\u00e7\u00e3o de Fluxo Eletromagn\u00e9tico** Medi\u00e7\u00e3o de fluxo de l\u00edquidos em aplica\u00e7\u00f5es de \u00e1gua ou \u00e1guas residuais **Benef\u00edcios** Os dispositivos de medi\u00e7\u00e3o Promag oferecem medi\u00e7\u00e3o de fluxo econ\u00f4mica com alto grau de precis\u00e3o para uma ampla variedade de condi\u00e7\u00f5es de processo. O conceito uniforme do transmissor Proline compreende: &#8211; Alto grau de confiabilidade e estabilidade de medi\u00e7\u00e3o &#8211; Conceito operacional uniforme Os sensores Promag testados e comprovados oferecem: &#8211; Sem perda de press\u00e3o &#8211; N\u00e3o sens\u00edveis a vibra\u00e7\u00f5es &#8211; Instala\u00e7\u00e3o e comissionamento simples **Campo de Aplica\u00e7\u00e3o** Medidor de fluxo eletromagn\u00e9tico para medi\u00e7\u00e3o bidirecional de l\u00edquidos com uma condutividade m\u00ednima de \u226550 \u03bcS\/cm, incluindo: &#8211; \u00c1gua pot\u00e1vel &#8211; \u00c1guas residuais Medi\u00e7\u00e3o de fluxo de at\u00e9 110.000 m\u00b3\/h (484.315 gal\/min), temperatura do fluido de at\u00e9 +80 \u00b0C (176 \u00b0F), press\u00f5es de processo de at\u00e9 40 bar (580 psi). Comprimentos de acordo com DVGW\/ISO. Materiais de revestimento espec\u00edficos para aplica\u00e7\u00e3o: &#8211; Poliuretano e borracha dura Tubos de medi\u00e7\u00e3o revestidos com materiais aprovados para \u00e1gua pot\u00e1vel: &#8211; KTW, WRAS, NSF, ACS, etc.<\/p>","protected":false},"featured_media":4548,"comment_status":"open","ping_status":"closed","template":"","meta":{"_joinchat":[]},"product_brand":[],"product_cat":[146],"product_tag":[],"marca":[147],"class_list":{"0":"post-4547","1":"product","2":"type-product","3":"status-publish","4":"has-post-thumbnail","6":"product_cat-medidores-de-vazao-e-tubos-de-vazao","7":"marca-endresshauser","9":"first","10":"instock","11":"shipping-taxable","12":"purchasable","13":"product-type-simple"},"yoast_head":"<!-- This site is optimized with the Yoast SEO plugin v27.2 - https:\/\/yoast.com\/product\/yoast-seo-wordpress\/ -->\n<title>Promag 10W - Full Solutions<\/title>\n<meta name=\"description\" content=\"Promag 10W da Endress+Hauser: medidor de vaz\u00e3o eletromagn\u00e9tico para \u00e1gua e efluentes. Alta precis\u00e3o, confiabilidade e f\u00e1cil integra\u00e7\u00e3o. Solicite cota\u00e7\u00e3o.\" \/>\n<meta name=\"robots\" content=\"index, follow, max-snippet:-1, max-image-preview:large, max-video-preview:-1\" \/>\n<link rel=\"canonical\" href=\"https:\/\/fullsolutions.info\/en\/product\/promag-10w\/\" \/>\n<meta property=\"og:locale\" content=\"en_US\" \/>\n<meta property=\"og:type\" content=\"article\" \/>\n<meta property=\"og:title\" content=\"Promag 10W - Full Solutions\" \/>\n<meta property=\"og:description\" content=\"Promag 10W da Endress+Hauser: medidor de vaz\u00e3o eletromagn\u00e9tico para \u00e1gua e efluentes. Alta precis\u00e3o, confiabilidade e f\u00e1cil integra\u00e7\u00e3o. Solicite cota\u00e7\u00e3o.\" \/>\n<meta property=\"og:url\" content=\"https:\/\/fullsolutions.info\/en\/product\/promag-10w\/\" \/>\n<meta property=\"og:site_name\" content=\"Full Solutions\" \/>\n<meta property=\"article:modified_time\" content=\"2026-04-22T17:54:16+00:00\" \/>\n<meta property=\"og:image\" content=\"https:\/\/mlhff0prgoxu.i.optimole.com\/cb:s0sM.767\/w:auto\/h:auto\/q:mauto\/f:best\/https:\/\/fullsolutions.info\/wp-content\/uploads\/2024\/02\/Promag-10W.jpeg\" \/>\n\t<meta property=\"og:image:width\" content=\"500\" \/>\n\t<meta property=\"og:image:height\" content=\"500\" \/>\n\t<meta property=\"og:image:type\" content=\"image\/jpeg\" \/>\n<meta name=\"twitter:card\" content=\"summary_large_image\" \/>\n<meta name=\"twitter:label1\" content=\"Est. reading time\" \/>\n\t<meta name=\"twitter:data1\" content=\"2 minutes\" \/>\n<script type=\"application\/ld+json\" class=\"yoast-schema-graph\">{\"@context\":\"https:\/\/schema.org\",\"@graph\":[{\"@type\":\"WebPage\",\"@id\":\"https:\/\/fullsolutions.info\/produto\/promag-10w\/\",\"url\":\"https:\/\/fullsolutions.info\/produto\/promag-10w\/\",\"name\":\"Promag 10W - Full Solutions\",\"isPartOf\":{\"@id\":\"https:\/\/fullsolutions.info\/#website\"},\"primaryImageOfPage\":{\"@id\":\"https:\/\/fullsolutions.info\/produto\/promag-10w\/#primaryimage\"},\"image\":{\"@id\":\"https:\/\/fullsolutions.info\/produto\/promag-10w\/#primaryimage\"},\"thumbnailUrl\":\"https:\/\/mlhff0prgoxu.i.optimole.com\/cb:s0sM.767\/w:auto\/h:auto\/q:mauto\/f:best\/https:\/\/fullsolutions.info\/wp-content\/uploads\/2024\/02\/Promag-10W.jpeg\",\"datePublished\":\"2024-02-02T18:54:12+00:00\",\"dateModified\":\"2026-04-22T17:54:16+00:00\",\"description\":\"Promag 10W da Endress+Hauser: medidor de vaz\u00e3o eletromagn\u00e9tico para \u00e1gua e efluentes. Alta precis\u00e3o, confiabilidade e f\u00e1cil integra\u00e7\u00e3o. Solicite cota\u00e7\u00e3o.\",\"breadcrumb\":{\"@id\":\"https:\/\/fullsolutions.info\/produto\/promag-10w\/#breadcrumb\"},\"inLanguage\":\"en-US\",\"potentialAction\":[{\"@type\":\"ReadAction\",\"target\":[\"https:\/\/fullsolutions.info\/produto\/promag-10w\/\"]}]},{\"@type\":\"ImageObject\",\"inLanguage\":\"en-US\",\"@id\":\"https:\/\/fullsolutions.info\/produto\/promag-10w\/#primaryimage\",\"url\":\"https:\/\/mlhff0prgoxu.i.optimole.com\/cb:s0sM.767\/w:auto\/h:auto\/q:mauto\/f:best\/https:\/\/fullsolutions.info\/wp-content\/uploads\/2024\/02\/Promag-10W.jpeg\",\"contentUrl\":\"https:\/\/mlhff0prgoxu.i.optimole.com\/cb:s0sM.767\/w:auto\/h:auto\/q:mauto\/f:best\/https:\/\/fullsolutions.info\/wp-content\/uploads\/2024\/02\/Promag-10W.jpeg\",\"width\":500,\"height\":500},{\"@type\":\"BreadcrumbList\",\"@id\":\"https:\/\/fullsolutions.info\/produto\/promag-10w\/#breadcrumb\",\"itemListElement\":[{\"@type\":\"ListItem\",\"position\":1,\"name\":\"In\u00edcio\",\"item\":\"https:\/\/fullsolutions.info\/\"},{\"@type\":\"ListItem\",\"position\":2,\"name\":\"Produtos\",\"item\":\"https:\/\/fullsolutions.info\/shop\/\"},{\"@type\":\"ListItem\",\"position\":3,\"name\":\"Promag 10W\"}]},{\"@type\":\"WebSite\",\"@id\":\"https:\/\/fullsolutions.info\/#website\",\"url\":\"https:\/\/fullsolutions.info\/\",\"name\":\"Full Solutions\",\"description\":\"Empresa na \u00c1rea de Procurement\",\"publisher\":{\"@id\":\"https:\/\/fullsolutions.info\/#organization\"},\"potentialAction\":[{\"@type\":\"SearchAction\",\"target\":{\"@type\":\"EntryPoint\",\"urlTemplate\":\"https:\/\/fullsolutions.info\/?s={search_term_string}\"},\"query-input\":{\"@type\":\"PropertyValueSpecification\",\"valueRequired\":true,\"valueName\":\"search_term_string\"}}],\"inLanguage\":\"en-US\"},{\"@type\":\"Organization\",\"@id\":\"https:\/\/fullsolutions.info\/#organization\",\"name\":\"Full Solutions\",\"url\":\"https:\/\/fullsolutions.info\/\",\"logo\":{\"@type\":\"ImageObject\",\"inLanguage\":\"en-US\",\"@id\":\"https:\/\/fullsolutions.info\/#\/schema\/logo\/image\/\",\"url\":\"https:\/\/mlhff0prgoxu.i.optimole.com\/cb:s0sM.767\/w:auto\/h:auto\/q:mauto\/f:best\/https:\/\/fullsolutions.info\/wp-content\/uploads\/2021\/07\/cropped-Design-sem-nome-300x193-1-e1627062664782.png\",\"contentUrl\":\"https:\/\/mlhff0prgoxu.i.optimole.com\/cb:s0sM.767\/w:auto\/h:auto\/q:mauto\/f:best\/https:\/\/fullsolutions.info\/wp-content\/uploads\/2021\/07\/cropped-Design-sem-nome-300x193-1-e1627062664782.png\",\"width\":202,\"height\":155,\"caption\":\"Full Solutions\"},\"image\":{\"@id\":\"https:\/\/fullsolutions.info\/#\/schema\/logo\/image\/\"},\"sameAs\":[\"https:\/\/www.linkedin.com\/company\/full-solutions-equipment\"]}]}<\/script>\n<!-- \/ Yoast SEO plugin. -->","yoast_head_json":{"title":"Promag 10W - Full Solutions","description":"Promag 10W da Endress+Hauser: medidor de vaz\u00e3o eletromagn\u00e9tico para \u00e1gua e efluentes. Alta precis\u00e3o, confiabilidade e f\u00e1cil integra\u00e7\u00e3o. Solicite cota\u00e7\u00e3o.","robots":{"index":"index","follow":"follow","max-snippet":"max-snippet:-1","max-image-preview":"max-image-preview:large","max-video-preview":"max-video-preview:-1"},"canonical":"https:\/\/fullsolutions.info\/en\/product\/promag-10w\/","og_locale":"en_US","og_type":"article","og_title":"Promag 10W - Full Solutions","og_description":"Promag 10W da Endress+Hauser: medidor de vaz\u00e3o eletromagn\u00e9tico para \u00e1gua e efluentes. Alta precis\u00e3o, confiabilidade e f\u00e1cil integra\u00e7\u00e3o. Solicite cota\u00e7\u00e3o.","og_url":"https:\/\/fullsolutions.info\/en\/product\/promag-10w\/","og_site_name":"Full Solutions","article_modified_time":"2026-04-22T17:54:16+00:00","og_image":[{"width":500,"height":500,"url":"https:\/\/mlhff0prgoxu.i.optimole.com\/cb:s0sM.767\/w:auto\/h:auto\/q:mauto\/f:best\/https:\/\/fullsolutions.info\/wp-content\/uploads\/2024\/02\/Promag-10W.jpeg","type":"image\/jpeg"}],"twitter_card":"summary_large_image","twitter_misc":{"Est. reading time":"2 minutes"},"schema":{"@context":"https:\/\/schema.org","@graph":[{"@type":"WebPage","@id":"https:\/\/fullsolutions.info\/produto\/promag-10w\/","url":"https:\/\/fullsolutions.info\/produto\/promag-10w\/","name":"Promag 10W - Full Solutions","isPartOf":{"@id":"https:\/\/fullsolutions.info\/#website"},"primaryImageOfPage":{"@id":"https:\/\/fullsolutions.info\/produto\/promag-10w\/#primaryimage"},"image":{"@id":"https:\/\/fullsolutions.info\/produto\/promag-10w\/#primaryimage"},"thumbnailUrl":"https:\/\/mlhff0prgoxu.i.optimole.com\/cb:s0sM.767\/w:auto\/h:auto\/q:mauto\/f:best\/https:\/\/fullsolutions.info\/wp-content\/uploads\/2024\/02\/Promag-10W.jpeg","datePublished":"2024-02-02T18:54:12+00:00","dateModified":"2026-04-22T17:54:16+00:00","description":"Promag 10W da Endress+Hauser: medidor de vaz\u00e3o eletromagn\u00e9tico para \u00e1gua e efluentes. Alta precis\u00e3o, confiabilidade e f\u00e1cil integra\u00e7\u00e3o. Solicite cota\u00e7\u00e3o.","breadcrumb":{"@id":"https:\/\/fullsolutions.info\/produto\/promag-10w\/#breadcrumb"},"inLanguage":"en-US","potentialAction":[{"@type":"ReadAction","target":["https:\/\/fullsolutions.info\/produto\/promag-10w\/"]}]},{"@type":"ImageObject","inLanguage":"en-US","@id":"https:\/\/fullsolutions.info\/produto\/promag-10w\/#primaryimage","url":"https:\/\/mlhff0prgoxu.i.optimole.com\/cb:s0sM.767\/w:auto\/h:auto\/q:mauto\/f:best\/https:\/\/fullsolutions.info\/wp-content\/uploads\/2024\/02\/Promag-10W.jpeg","contentUrl":"https:\/\/mlhff0prgoxu.i.optimole.com\/cb:s0sM.767\/w:auto\/h:auto\/q:mauto\/f:best\/https:\/\/fullsolutions.info\/wp-content\/uploads\/2024\/02\/Promag-10W.jpeg","width":500,"height":500},{"@type":"BreadcrumbList","@id":"https:\/\/fullsolutions.info\/produto\/promag-10w\/#breadcrumb","itemListElement":[{"@type":"ListItem","position":1,"name":"In\u00edcio","item":"https:\/\/fullsolutions.info\/"},{"@type":"ListItem","position":2,"name":"Produtos","item":"https:\/\/fullsolutions.info\/shop\/"},{"@type":"ListItem","position":3,"name":"Promag 10W"}]},{"@type":"WebSite","@id":"https:\/\/fullsolutions.info\/#website","url":"https:\/\/fullsolutions.info\/","name":"Full Solutions","description":"Empresa na \u00c1rea de Procurement","publisher":{"@id":"https:\/\/fullsolutions.info\/#organization"},"potentialAction":[{"@type":"SearchAction","target":{"@type":"EntryPoint","urlTemplate":"https:\/\/fullsolutions.info\/?s={search_term_string}"},"query-input":{"@type":"PropertyValueSpecification","valueRequired":true,"valueName":"search_term_string"}}],"inLanguage":"en-US"},{"@type":"Organization","@id":"https:\/\/fullsolutions.info\/#organization","name":"Full Solutions","url":"https:\/\/fullsolutions.info\/","logo":{"@type":"ImageObject","inLanguage":"en-US","@id":"https:\/\/fullsolutions.info\/#\/schema\/logo\/image\/","url":"https:\/\/mlhff0prgoxu.i.optimole.com\/cb:s0sM.767\/w:auto\/h:auto\/q:mauto\/f:best\/https:\/\/fullsolutions.info\/wp-content\/uploads\/2021\/07\/cropped-Design-sem-nome-300x193-1-e1627062664782.png","contentUrl":"https:\/\/mlhff0prgoxu.i.optimole.com\/cb:s0sM.767\/w:auto\/h:auto\/q:mauto\/f:best\/https:\/\/fullsolutions.info\/wp-content\/uploads\/2021\/07\/cropped-Design-sem-nome-300x193-1-e1627062664782.png","width":202,"height":155,"caption":"Full Solutions"},"image":{"@id":"https:\/\/fullsolutions.info\/#\/schema\/logo\/image\/"},"sameAs":["https:\/\/www.linkedin.com\/company\/full-solutions-equipment"]}]}},"_links":{"self":[{"href":"https:\/\/fullsolutions.info\/en\/wp-json\/wp\/v2\/product\/4547","targetHints":{"allow":["GET"]}}],"collection":[{"href":"https:\/\/fullsolutions.info\/en\/wp-json\/wp\/v2\/product"}],"about":[{"href":"https:\/\/fullsolutions.info\/en\/wp-json\/wp\/v2\/types\/product"}],"replies":[{"embeddable":true,"href":"https:\/\/fullsolutions.info\/en\/wp-json\/wp\/v2\/comments?post=4547"}],"wp:featuredmedia":[{"embeddable":true,"href":"https:\/\/fullsolutions.info\/en\/wp-json\/wp\/v2\/media\/4548"}],"wp:attachment":[{"href":"https:\/\/fullsolutions.info\/en\/wp-json\/wp\/v2\/media?parent=4547"}],"wp:term":[{"taxonomy":"product_brand","embeddable":true,"href":"https:\/\/fullsolutions.info\/en\/wp-json\/wp\/v2\/product_brand?post=4547"},{"taxonomy":"product_cat","embeddable":true,"href":"https:\/\/fullsolutions.info\/en\/wp-json\/wp\/v2\/product_cat?post=4547"},{"taxonomy":"product_tag","embeddable":true,"href":"https:\/\/fullsolutions.info\/en\/wp-json\/wp\/v2\/product_tag?post=4547"},{"taxonomy":"marca","embeddable":true,"href":"https:\/\/fullsolutions.info\/en\/wp-json\/wp\/v2\/marca?post=4547"}],"curies":[{"name":"wp","href":"https:\/\/api.w.org\/{rel}","templated":true}]}}