{"id":4545,"date":"2024-02-02T18:53:14","date_gmt":"2024-02-02T18:53:14","guid":{"rendered":"https:\/\/fullsolutionsequip.com\/?post_type=product&#038;p=4545"},"modified":"2026-04-22T14:56:37","modified_gmt":"2026-04-22T17:56:37","slug":"promag-23h","status":"publish","type":"product","link":"https:\/\/fullsolutions.info\/en\/product\/promag-23h\/","title":{"rendered":"Promag 23H"},"content":{"rendered":"<p data-start=\"584\" data-end=\"761\">O Promag 23H mede a vaz\u00e3o de l\u00edquidos condutivos em aplica\u00e7\u00f5es higi\u00eanicas com alta precis\u00e3o e estabilidade. O equipamento \u00e9 indicado para ind\u00fastrias que exigem padr\u00e3o sanit\u00e1rio.<\/p>\n<p data-start=\"763\" data-end=\"924\">O medidor utiliza tecnologia eletromagn\u00e9tica para calcular a vaz\u00e3o. Em seguida, realiza a medi\u00e7\u00e3o sem partes m\u00f3veis. Assim, garante opera\u00e7\u00e3o est\u00e1vel e confi\u00e1vel.<\/p>\n<p data-start=\"926\" data-end=\"1132\">Al\u00e9m disso, o Promag 23H \u00e9 projetado para processos sanit\u00e1rios. O equipamento atende requisitos de higiene em ind\u00fastrias como alimentos, bebidas e farmac\u00eautica. Isso garante medi\u00e7\u00f5es seguras e consistentes.<\/p>\n<p data-start=\"1134\" data-end=\"1297\">Por fim, o medidor possui constru\u00e7\u00e3o adequada para limpeza em linha e integra\u00e7\u00e3o com sistemas de automa\u00e7\u00e3o. Ele oferece desempenho confi\u00e1vel em processos cr\u00edticos.<\/p>\n<p>**Seus Benef\u00edcios**<\/p>\n<p>&#8211; Os dispositivos de medi\u00e7\u00e3o Promag oferecem medi\u00e7\u00e3o de fluxo econ\u00f4mica com alto grau de precis\u00e3o para uma ampla variedade de condi\u00e7\u00f5es de processo.<\/p>\n<p>&#8211; O conceito uniforme do transmissor Proline compreende:<br \/>\n&#8211; Alto grau de confiabilidade e estabilidade de medi\u00e7\u00e3o<br \/>\n&#8211; Conceito operacional uniforme<\/p>\n<p>&#8211; Os sensores Promag testados e comprovados oferecem:<br \/>\n&#8211; Sem perda de press\u00e3o<br \/>\n&#8211; Insensibilidade a vibra\u00e7\u00f5es<br \/>\n&#8211; Instala\u00e7\u00e3o e comissionamento simples<\/p>\n<p>&#8211; Conex\u00e3o a todas as fontes de alimenta\u00e7\u00e3o convencionais de transmissores e placas de entrada de sistemas de controle de processo<\/p>\n<p>&#8211; Redu\u00e7\u00e3o de custos de instala\u00e7\u00e3o e opera\u00e7\u00e3o devido \u00e0 tecnologia de dois fios<\/p>\n<p>&#8211; &#8220;Touch Control&#8221;: opera\u00e7\u00e3o sem abrir o inv\u00f3lucro, tamb\u00e9m em \u00e1reas perigosas<\/p>\n<p>Aprova\u00e7\u00f5es no setor de alimentos\/setor de higiene: Aprova\u00e7\u00e3o 3A, testado pelo EHEDG, conformidade com FDA, USP Classe VI. Material de revestimento espec\u00edfico para aplica\u00e7\u00e3o: PFA. Aprova\u00e7\u00f5es para \u00e1reas perigosas: ATEX, FM, CSA.<\/p>","protected":false},"excerpt":{"rendered":"<p>O Promag 23H mede a vaz\u00e3o de l\u00edquidos condutivos em aplica\u00e7\u00f5es higi\u00eanicas com alta precis\u00e3o e estabilidade. O equipamento \u00e9 indicado para ind\u00fastrias que exigem padr\u00e3o sanit\u00e1rio. O medidor utiliza tecnologia eletromagn\u00e9tica para calcular a vaz\u00e3o. Em seguida, realiza a medi\u00e7\u00e3o sem partes m\u00f3veis. Assim, garante opera\u00e7\u00e3o est\u00e1vel e confi\u00e1vel. Al\u00e9m disso, o Promag 23H \u00e9 projetado para processos sanit\u00e1rios. O equipamento atende requisitos de higiene em ind\u00fastrias como alimentos, bebidas e farmac\u00eautica. Isso garante medi\u00e7\u00f5es seguras e consistentes. Por fim, o medidor possui constru\u00e7\u00e3o adequada para limpeza em linha e integra\u00e7\u00e3o com sistemas de automa\u00e7\u00e3o. Ele oferece desempenho confi\u00e1vel em processos cr\u00edticos. **Seus Benef\u00edcios** &#8211; Os dispositivos de medi\u00e7\u00e3o Promag oferecem medi\u00e7\u00e3o de fluxo econ\u00f4mica com alto grau de precis\u00e3o para uma ampla variedade de condi\u00e7\u00f5es de processo. &#8211; O conceito uniforme do transmissor Proline compreende: &#8211; Alto grau de confiabilidade e estabilidade de medi\u00e7\u00e3o &#8211; Conceito operacional uniforme &#8211; Os sensores Promag testados e comprovados oferecem: &#8211; Sem perda de press\u00e3o &#8211; Insensibilidade a vibra\u00e7\u00f5es &#8211; Instala\u00e7\u00e3o e comissionamento simples &#8211; Conex\u00e3o a todas as fontes de alimenta\u00e7\u00e3o convencionais de transmissores e placas de entrada de sistemas de controle de processo &#8211; Redu\u00e7\u00e3o de custos de instala\u00e7\u00e3o e opera\u00e7\u00e3o devido \u00e0 tecnologia de dois fios &#8211; &#8220;Touch Control&#8221;: opera\u00e7\u00e3o sem abrir o inv\u00f3lucro, tamb\u00e9m em \u00e1reas perigosas Aprova\u00e7\u00f5es no setor de alimentos\/setor de higiene: Aprova\u00e7\u00e3o 3A, testado pelo EHEDG, conformidade com FDA, USP Classe VI. Material de revestimento espec\u00edfico para aplica\u00e7\u00e3o: PFA. Aprova\u00e7\u00f5es para \u00e1reas perigosas: ATEX, FM, CSA.<\/p>","protected":false},"featured_media":4546,"comment_status":"open","ping_status":"closed","template":"","meta":{"_joinchat":[]},"product_brand":[],"product_cat":[146],"product_tag":[],"marca":[147],"class_list":{"0":"post-4545","1":"product","2":"type-product","3":"status-publish","4":"has-post-thumbnail","6":"product_cat-medidores-de-vazao-e-tubos-de-vazao","7":"marca-endresshauser","9":"first","10":"instock","11":"shipping-taxable","12":"purchasable","13":"product-type-simple"},"yoast_head":"<!-- This site is optimized with the Yoast SEO plugin v27.2 - https:\/\/yoast.com\/product\/yoast-seo-wordpress\/ -->\n<title>Promag 23H - Full Solutions<\/title>\n<meta name=\"description\" content=\"Promag 23H da Endress+Hauser: medidor de vaz\u00e3o eletromagn\u00e9tico para aplica\u00e7\u00f5es higi\u00eanicas. Ideal para alimentos, bebidas e \u0444\u0430\u0440ma. Solicite cota\u00e7\u00e3o.\" \/>\n<meta name=\"robots\" content=\"index, follow, max-snippet:-1, max-image-preview:large, max-video-preview:-1\" \/>\n<link rel=\"canonical\" href=\"https:\/\/fullsolutions.info\/en\/product\/promag-23h\/\" \/>\n<meta property=\"og:locale\" content=\"en_US\" \/>\n<meta property=\"og:type\" content=\"article\" \/>\n<meta property=\"og:title\" content=\"Promag 23H - Full Solutions\" \/>\n<meta property=\"og:description\" content=\"Promag 23H da Endress+Hauser: medidor de vaz\u00e3o eletromagn\u00e9tico para aplica\u00e7\u00f5es higi\u00eanicas. Ideal para alimentos, bebidas e \u0444\u0430\u0440ma. Solicite cota\u00e7\u00e3o.\" \/>\n<meta property=\"og:url\" content=\"https:\/\/fullsolutions.info\/en\/product\/promag-23h\/\" \/>\n<meta property=\"og:site_name\" content=\"Full Solutions\" \/>\n<meta property=\"article:modified_time\" content=\"2026-04-22T17:56:37+00:00\" \/>\n<meta property=\"og:image\" content=\"https:\/\/mlhff0prgoxu.i.optimole.com\/cb:s0sM.767\/w:auto\/h:auto\/q:mauto\/f:best\/https:\/\/fullsolutions.info\/wp-content\/uploads\/2024\/02\/Promag-23H.jpeg\" \/>\n\t<meta property=\"og:image:width\" content=\"500\" \/>\n\t<meta property=\"og:image:height\" content=\"500\" \/>\n\t<meta property=\"og:image:type\" content=\"image\/jpeg\" \/>\n<meta name=\"twitter:card\" content=\"summary_large_image\" \/>\n<meta name=\"twitter:label1\" content=\"Est. reading time\" \/>\n\t<meta name=\"twitter:data1\" content=\"2 minutes\" \/>\n<script type=\"application\/ld+json\" class=\"yoast-schema-graph\">{\"@context\":\"https:\/\/schema.org\",\"@graph\":[{\"@type\":\"WebPage\",\"@id\":\"https:\/\/fullsolutions.info\/produto\/promag-23h\/\",\"url\":\"https:\/\/fullsolutions.info\/produto\/promag-23h\/\",\"name\":\"Promag 23H - Full Solutions\",\"isPartOf\":{\"@id\":\"https:\/\/fullsolutions.info\/#website\"},\"primaryImageOfPage\":{\"@id\":\"https:\/\/fullsolutions.info\/produto\/promag-23h\/#primaryimage\"},\"image\":{\"@id\":\"https:\/\/fullsolutions.info\/produto\/promag-23h\/#primaryimage\"},\"thumbnailUrl\":\"https:\/\/mlhff0prgoxu.i.optimole.com\/cb:s0sM.767\/w:auto\/h:auto\/q:mauto\/f:best\/https:\/\/fullsolutions.info\/wp-content\/uploads\/2024\/02\/Promag-23H.jpeg\",\"datePublished\":\"2024-02-02T18:53:14+00:00\",\"dateModified\":\"2026-04-22T17:56:37+00:00\",\"description\":\"Promag 23H da Endress+Hauser: medidor de vaz\u00e3o eletromagn\u00e9tico para aplica\u00e7\u00f5es higi\u00eanicas. Ideal para alimentos, bebidas e \u0444\u0430\u0440ma. Solicite cota\u00e7\u00e3o.\",\"breadcrumb\":{\"@id\":\"https:\/\/fullsolutions.info\/produto\/promag-23h\/#breadcrumb\"},\"inLanguage\":\"en-US\",\"potentialAction\":[{\"@type\":\"ReadAction\",\"target\":[\"https:\/\/fullsolutions.info\/produto\/promag-23h\/\"]}]},{\"@type\":\"ImageObject\",\"inLanguage\":\"en-US\",\"@id\":\"https:\/\/fullsolutions.info\/produto\/promag-23h\/#primaryimage\",\"url\":\"https:\/\/mlhff0prgoxu.i.optimole.com\/cb:s0sM.767\/w:auto\/h:auto\/q:mauto\/f:best\/https:\/\/fullsolutions.info\/wp-content\/uploads\/2024\/02\/Promag-23H.jpeg\",\"contentUrl\":\"https:\/\/mlhff0prgoxu.i.optimole.com\/cb:s0sM.767\/w:auto\/h:auto\/q:mauto\/f:best\/https:\/\/fullsolutions.info\/wp-content\/uploads\/2024\/02\/Promag-23H.jpeg\",\"width\":500,\"height\":500},{\"@type\":\"BreadcrumbList\",\"@id\":\"https:\/\/fullsolutions.info\/produto\/promag-23h\/#breadcrumb\",\"itemListElement\":[{\"@type\":\"ListItem\",\"position\":1,\"name\":\"In\u00edcio\",\"item\":\"https:\/\/fullsolutions.info\/\"},{\"@type\":\"ListItem\",\"position\":2,\"name\":\"Produtos\",\"item\":\"https:\/\/fullsolutions.info\/shop\/\"},{\"@type\":\"ListItem\",\"position\":3,\"name\":\"Promag 23H\"}]},{\"@type\":\"WebSite\",\"@id\":\"https:\/\/fullsolutions.info\/#website\",\"url\":\"https:\/\/fullsolutions.info\/\",\"name\":\"Full Solutions\",\"description\":\"Empresa na \u00c1rea de Procurement\",\"publisher\":{\"@id\":\"https:\/\/fullsolutions.info\/#organization\"},\"potentialAction\":[{\"@type\":\"SearchAction\",\"target\":{\"@type\":\"EntryPoint\",\"urlTemplate\":\"https:\/\/fullsolutions.info\/?s={search_term_string}\"},\"query-input\":{\"@type\":\"PropertyValueSpecification\",\"valueRequired\":true,\"valueName\":\"search_term_string\"}}],\"inLanguage\":\"en-US\"},{\"@type\":\"Organization\",\"@id\":\"https:\/\/fullsolutions.info\/#organization\",\"name\":\"Full Solutions\",\"url\":\"https:\/\/fullsolutions.info\/\",\"logo\":{\"@type\":\"ImageObject\",\"inLanguage\":\"en-US\",\"@id\":\"https:\/\/fullsolutions.info\/#\/schema\/logo\/image\/\",\"url\":\"https:\/\/mlhff0prgoxu.i.optimole.com\/cb:s0sM.767\/w:auto\/h:auto\/q:mauto\/f:best\/https:\/\/fullsolutions.info\/wp-content\/uploads\/2021\/07\/cropped-Design-sem-nome-300x193-1-e1627062664782.png\",\"contentUrl\":\"https:\/\/mlhff0prgoxu.i.optimole.com\/cb:s0sM.767\/w:auto\/h:auto\/q:mauto\/f:best\/https:\/\/fullsolutions.info\/wp-content\/uploads\/2021\/07\/cropped-Design-sem-nome-300x193-1-e1627062664782.png\",\"width\":202,\"height\":155,\"caption\":\"Full Solutions\"},\"image\":{\"@id\":\"https:\/\/fullsolutions.info\/#\/schema\/logo\/image\/\"},\"sameAs\":[\"https:\/\/www.linkedin.com\/company\/full-solutions-equipment\"]}]}<\/script>\n<!-- \/ Yoast SEO plugin. -->","yoast_head_json":{"title":"Promag 23H - Full Solutions","description":"Promag 23H da Endress+Hauser: medidor de vaz\u00e3o eletromagn\u00e9tico para aplica\u00e7\u00f5es higi\u00eanicas. Ideal para alimentos, bebidas e \u0444\u0430\u0440ma. Solicite cota\u00e7\u00e3o.","robots":{"index":"index","follow":"follow","max-snippet":"max-snippet:-1","max-image-preview":"max-image-preview:large","max-video-preview":"max-video-preview:-1"},"canonical":"https:\/\/fullsolutions.info\/en\/product\/promag-23h\/","og_locale":"en_US","og_type":"article","og_title":"Promag 23H - Full Solutions","og_description":"Promag 23H da Endress+Hauser: medidor de vaz\u00e3o eletromagn\u00e9tico para aplica\u00e7\u00f5es higi\u00eanicas. Ideal para alimentos, bebidas e \u0444\u0430\u0440ma. Solicite cota\u00e7\u00e3o.","og_url":"https:\/\/fullsolutions.info\/en\/product\/promag-23h\/","og_site_name":"Full Solutions","article_modified_time":"2026-04-22T17:56:37+00:00","og_image":[{"width":500,"height":500,"url":"https:\/\/mlhff0prgoxu.i.optimole.com\/cb:s0sM.767\/w:auto\/h:auto\/q:mauto\/f:best\/https:\/\/fullsolutions.info\/wp-content\/uploads\/2024\/02\/Promag-23H.jpeg","type":"image\/jpeg"}],"twitter_card":"summary_large_image","twitter_misc":{"Est. reading time":"2 minutes"},"schema":{"@context":"https:\/\/schema.org","@graph":[{"@type":"WebPage","@id":"https:\/\/fullsolutions.info\/produto\/promag-23h\/","url":"https:\/\/fullsolutions.info\/produto\/promag-23h\/","name":"Promag 23H - Full Solutions","isPartOf":{"@id":"https:\/\/fullsolutions.info\/#website"},"primaryImageOfPage":{"@id":"https:\/\/fullsolutions.info\/produto\/promag-23h\/#primaryimage"},"image":{"@id":"https:\/\/fullsolutions.info\/produto\/promag-23h\/#primaryimage"},"thumbnailUrl":"https:\/\/mlhff0prgoxu.i.optimole.com\/cb:s0sM.767\/w:auto\/h:auto\/q:mauto\/f:best\/https:\/\/fullsolutions.info\/wp-content\/uploads\/2024\/02\/Promag-23H.jpeg","datePublished":"2024-02-02T18:53:14+00:00","dateModified":"2026-04-22T17:56:37+00:00","description":"Promag 23H da Endress+Hauser: medidor de vaz\u00e3o eletromagn\u00e9tico para aplica\u00e7\u00f5es higi\u00eanicas. Ideal para alimentos, bebidas e \u0444\u0430\u0440ma. Solicite cota\u00e7\u00e3o.","breadcrumb":{"@id":"https:\/\/fullsolutions.info\/produto\/promag-23h\/#breadcrumb"},"inLanguage":"en-US","potentialAction":[{"@type":"ReadAction","target":["https:\/\/fullsolutions.info\/produto\/promag-23h\/"]}]},{"@type":"ImageObject","inLanguage":"en-US","@id":"https:\/\/fullsolutions.info\/produto\/promag-23h\/#primaryimage","url":"https:\/\/mlhff0prgoxu.i.optimole.com\/cb:s0sM.767\/w:auto\/h:auto\/q:mauto\/f:best\/https:\/\/fullsolutions.info\/wp-content\/uploads\/2024\/02\/Promag-23H.jpeg","contentUrl":"https:\/\/mlhff0prgoxu.i.optimole.com\/cb:s0sM.767\/w:auto\/h:auto\/q:mauto\/f:best\/https:\/\/fullsolutions.info\/wp-content\/uploads\/2024\/02\/Promag-23H.jpeg","width":500,"height":500},{"@type":"BreadcrumbList","@id":"https:\/\/fullsolutions.info\/produto\/promag-23h\/#breadcrumb","itemListElement":[{"@type":"ListItem","position":1,"name":"In\u00edcio","item":"https:\/\/fullsolutions.info\/"},{"@type":"ListItem","position":2,"name":"Produtos","item":"https:\/\/fullsolutions.info\/shop\/"},{"@type":"ListItem","position":3,"name":"Promag 23H"}]},{"@type":"WebSite","@id":"https:\/\/fullsolutions.info\/#website","url":"https:\/\/fullsolutions.info\/","name":"Full Solutions","description":"Empresa na \u00c1rea de Procurement","publisher":{"@id":"https:\/\/fullsolutions.info\/#organization"},"potentialAction":[{"@type":"SearchAction","target":{"@type":"EntryPoint","urlTemplate":"https:\/\/fullsolutions.info\/?s={search_term_string}"},"query-input":{"@type":"PropertyValueSpecification","valueRequired":true,"valueName":"search_term_string"}}],"inLanguage":"en-US"},{"@type":"Organization","@id":"https:\/\/fullsolutions.info\/#organization","name":"Full Solutions","url":"https:\/\/fullsolutions.info\/","logo":{"@type":"ImageObject","inLanguage":"en-US","@id":"https:\/\/fullsolutions.info\/#\/schema\/logo\/image\/","url":"https:\/\/mlhff0prgoxu.i.optimole.com\/cb:s0sM.767\/w:auto\/h:auto\/q:mauto\/f:best\/https:\/\/fullsolutions.info\/wp-content\/uploads\/2021\/07\/cropped-Design-sem-nome-300x193-1-e1627062664782.png","contentUrl":"https:\/\/mlhff0prgoxu.i.optimole.com\/cb:s0sM.767\/w:auto\/h:auto\/q:mauto\/f:best\/https:\/\/fullsolutions.info\/wp-content\/uploads\/2021\/07\/cropped-Design-sem-nome-300x193-1-e1627062664782.png","width":202,"height":155,"caption":"Full Solutions"},"image":{"@id":"https:\/\/fullsolutions.info\/#\/schema\/logo\/image\/"},"sameAs":["https:\/\/www.linkedin.com\/company\/full-solutions-equipment"]}]}},"_links":{"self":[{"href":"https:\/\/fullsolutions.info\/en\/wp-json\/wp\/v2\/product\/4545","targetHints":{"allow":["GET"]}}],"collection":[{"href":"https:\/\/fullsolutions.info\/en\/wp-json\/wp\/v2\/product"}],"about":[{"href":"https:\/\/fullsolutions.info\/en\/wp-json\/wp\/v2\/types\/product"}],"replies":[{"embeddable":true,"href":"https:\/\/fullsolutions.info\/en\/wp-json\/wp\/v2\/comments?post=4545"}],"wp:featuredmedia":[{"embeddable":true,"href":"https:\/\/fullsolutions.info\/en\/wp-json\/wp\/v2\/media\/4546"}],"wp:attachment":[{"href":"https:\/\/fullsolutions.info\/en\/wp-json\/wp\/v2\/media?parent=4545"}],"wp:term":[{"taxonomy":"product_brand","embeddable":true,"href":"https:\/\/fullsolutions.info\/en\/wp-json\/wp\/v2\/product_brand?post=4545"},{"taxonomy":"product_cat","embeddable":true,"href":"https:\/\/fullsolutions.info\/en\/wp-json\/wp\/v2\/product_cat?post=4545"},{"taxonomy":"product_tag","embeddable":true,"href":"https:\/\/fullsolutions.info\/en\/wp-json\/wp\/v2\/product_tag?post=4545"},{"taxonomy":"marca","embeddable":true,"href":"https:\/\/fullsolutions.info\/en\/wp-json\/wp\/v2\/marca?post=4545"}],"curies":[{"name":"wp","href":"https:\/\/api.w.org\/{rel}","templated":true}]}}