{"id":4543,"date":"2024-02-02T18:52:01","date_gmt":"2024-02-02T18:52:01","guid":{"rendered":"https:\/\/fullsolutionsequip.com\/?post_type=product&#038;p=4543"},"modified":"2026-04-22T14:58:02","modified_gmt":"2026-04-22T17:58:02","slug":"promag-23p","status":"publish","type":"product","link":"https:\/\/fullsolutions.info\/en\/product\/promag-23p\/","title":{"rendered":"Promag 23P"},"content":{"rendered":"<p data-start=\"585\" data-end=\"731\">O Promag 23P mede a vaz\u00e3o de l\u00edquidos condutivos com alta precis\u00e3o e estabilidade. O equipamento \u00e9 indicado para aplica\u00e7\u00f5es industriais exigentes.<\/p>\n<p data-start=\"733\" data-end=\"894\">O medidor utiliza tecnologia eletromagn\u00e9tica para calcular a vaz\u00e3o. Em seguida, realiza a medi\u00e7\u00e3o sem partes m\u00f3veis. Assim, garante opera\u00e7\u00e3o est\u00e1vel e confi\u00e1vel.<\/p>\n<p>Medi\u00e7\u00e3o de fluxo em aplica\u00e7\u00f5es qu\u00edmicas ou de processos<\/p>\n<p>**Seus Benef\u00edcios**<\/p>\n<p>&#8211; Di\u00e2metros nominais de 1&#8243; a 8&#8243;<br \/>\n&#8211; Revestimento de PTFE ou PFA<br \/>\n&#8211; PFA para aplica\u00e7\u00f5es em alta temperatura de at\u00e9 355\u00b0F (at\u00e9 300\u00b0F para \u00e1reas perigosas)<br \/>\n&#8211; Comprimentos de encaixe conforme ISO e DVGW<br \/>\n&#8211; Precis\u00e3o de medi\u00e7\u00e3o de \u00b1 0,5%<br \/>\n&#8211; Inv\u00f3lucro robusto para campo, NEMA 4X (IP 67) com compartimento de terminal separado<br \/>\n&#8211; Touch Control: opera\u00e7\u00e3o sem abrir o inv\u00f3lucro, tamb\u00e9m em \u00e1reas perigosas<br \/>\n&#8211; Menus de configura\u00e7\u00e3o r\u00e1pida para comissionamento simples no campo<br \/>\n&#8211; Conex\u00e3o a todas as fontes de alimenta\u00e7\u00e3o de transmissores convencionais e cart\u00f5es de entrada de sistemas de controle de processo<br \/>\n&#8211; Comunica\u00e7\u00e3o via HART\u00ae \u00e9 padr\u00e3o<br \/>\n&#8211; Intrinsecamente seguro para instala\u00e7\u00e3o na Divis\u00e3o 1 (FM, CSA, ATEX, etc.)<br \/>\n&#8211; Fonte de alimenta\u00e7\u00e3o do transmissor:<br \/>\n&#8211; \u00c1reas n\u00e3o perigosas: 12 a 30 VDC<br \/>\n&#8211; \u00c1reas perigosas: 13,9 a 30 VDC<br \/>\n&#8211; Custo reduzido de instala\u00e7\u00e3o e opera\u00e7\u00e3o<\/p>\n<p>**Campo de Aplica\u00e7\u00e3o**<\/p>\n<p>Todos os fluidos com uma condutividade m\u00ednima de \u2265 50 \u03bcS\/cm podem ser medidos, incluindo:<\/p>\n<p>&#8211; \u00c1cidos<br \/>\n&#8211; \u00c1lcalis<br \/>\n&#8211; Tintas, vernizes<br \/>\n&#8211; \u00c1gua, etc.<\/p>","protected":false},"excerpt":{"rendered":"<p>O Promag 23P mede a vaz\u00e3o de l\u00edquidos condutivos com alta precis\u00e3o e estabilidade. O equipamento \u00e9 indicado para aplica\u00e7\u00f5es industriais exigentes. O medidor utiliza tecnologia eletromagn\u00e9tica para calcular a vaz\u00e3o. Em seguida, realiza a medi\u00e7\u00e3o sem partes m\u00f3veis. Assim, garante opera\u00e7\u00e3o est\u00e1vel e confi\u00e1vel. Medi\u00e7\u00e3o de fluxo em aplica\u00e7\u00f5es qu\u00edmicas ou de processos **Seus Benef\u00edcios** &#8211; Di\u00e2metros nominais de 1&#8243; a 8&#8243; &#8211; Revestimento de PTFE ou PFA &#8211; PFA para aplica\u00e7\u00f5es em alta temperatura de at\u00e9 355\u00b0F (at\u00e9 300\u00b0F para \u00e1reas perigosas) &#8211; Comprimentos de encaixe conforme ISO e DVGW &#8211; Precis\u00e3o de medi\u00e7\u00e3o de \u00b1 0,5% &#8211; Inv\u00f3lucro robusto para campo, NEMA 4X (IP 67) com compartimento de terminal separado &#8211; Touch Control: opera\u00e7\u00e3o sem abrir o inv\u00f3lucro, tamb\u00e9m em \u00e1reas perigosas &#8211; Menus de configura\u00e7\u00e3o r\u00e1pida para comissionamento simples no campo &#8211; Conex\u00e3o a todas as fontes de alimenta\u00e7\u00e3o de transmissores convencionais e cart\u00f5es de entrada de sistemas de controle de processo &#8211; Comunica\u00e7\u00e3o via HART\u00ae \u00e9 padr\u00e3o &#8211; Intrinsecamente seguro para instala\u00e7\u00e3o na Divis\u00e3o 1 (FM, CSA, ATEX, etc.) &#8211; Fonte de alimenta\u00e7\u00e3o do transmissor: &#8211; \u00c1reas n\u00e3o perigosas: 12 a 30 VDC &#8211; \u00c1reas perigosas: 13,9 a 30 VDC &#8211; Custo reduzido de instala\u00e7\u00e3o e opera\u00e7\u00e3o **Campo de Aplica\u00e7\u00e3o** Todos os fluidos com uma condutividade m\u00ednima de \u2265 50 \u03bcS\/cm podem ser medidos, incluindo: &#8211; \u00c1cidos &#8211; \u00c1lcalis &#8211; Tintas, vernizes &#8211; \u00c1gua, etc.<\/p>","protected":false},"featured_media":4544,"comment_status":"open","ping_status":"closed","template":"","meta":{"_joinchat":[]},"product_brand":[],"product_cat":[146],"product_tag":[],"marca":[147],"class_list":{"0":"post-4543","1":"product","2":"type-product","3":"status-publish","4":"has-post-thumbnail","6":"product_cat-medidores-de-vazao-e-tubos-de-vazao","7":"marca-endresshauser","9":"first","10":"instock","11":"shipping-taxable","12":"purchasable","13":"product-type-simple"},"yoast_head":"<!-- This site is optimized with the Yoast SEO plugin v27.2 - https:\/\/yoast.com\/product\/yoast-seo-wordpress\/ -->\n<title>Promag 23P - Full Solutions<\/title>\n<meta name=\"description\" content=\"Promag 23P da Endress+Hauser: medidor de vaz\u00e3o eletromagn\u00e9tico para l\u00edquidos agressivos em aplica\u00e7\u00f5es industriais. Alta precis\u00e3o e confiabilidade. Solicite cota\u00e7\u00e3o.\" \/>\n<meta name=\"robots\" content=\"index, follow, max-snippet:-1, max-image-preview:large, max-video-preview:-1\" \/>\n<link rel=\"canonical\" href=\"https:\/\/fullsolutions.info\/en\/product\/promag-23p\/\" \/>\n<meta property=\"og:locale\" content=\"en_US\" \/>\n<meta property=\"og:type\" content=\"article\" \/>\n<meta property=\"og:title\" content=\"Promag 23P - Full Solutions\" \/>\n<meta property=\"og:description\" content=\"Promag 23P da Endress+Hauser: medidor de vaz\u00e3o eletromagn\u00e9tico para l\u00edquidos agressivos em aplica\u00e7\u00f5es industriais. Alta precis\u00e3o e confiabilidade. Solicite cota\u00e7\u00e3o.\" \/>\n<meta property=\"og:url\" content=\"https:\/\/fullsolutions.info\/en\/product\/promag-23p\/\" \/>\n<meta property=\"og:site_name\" content=\"Full Solutions\" \/>\n<meta property=\"article:modified_time\" content=\"2026-04-22T17:58:02+00:00\" \/>\n<meta property=\"og:image\" content=\"https:\/\/mlhff0prgoxu.i.optimole.com\/cb:s0sM.767\/w:auto\/h:auto\/q:mauto\/f:best\/https:\/\/fullsolutions.info\/wp-content\/uploads\/2024\/02\/Promag-23P.jpeg\" \/>\n\t<meta property=\"og:image:width\" content=\"500\" \/>\n\t<meta property=\"og:image:height\" content=\"500\" \/>\n\t<meta property=\"og:image:type\" content=\"image\/jpeg\" \/>\n<meta name=\"twitter:card\" content=\"summary_large_image\" \/>\n<meta name=\"twitter:label1\" content=\"Est. reading time\" \/>\n\t<meta name=\"twitter:data1\" content=\"2 minutes\" \/>\n<script type=\"application\/ld+json\" class=\"yoast-schema-graph\">{\"@context\":\"https:\/\/schema.org\",\"@graph\":[{\"@type\":\"WebPage\",\"@id\":\"https:\/\/fullsolutions.info\/produto\/promag-23p\/\",\"url\":\"https:\/\/fullsolutions.info\/produto\/promag-23p\/\",\"name\":\"Promag 23P - Full Solutions\",\"isPartOf\":{\"@id\":\"https:\/\/fullsolutions.info\/#website\"},\"primaryImageOfPage\":{\"@id\":\"https:\/\/fullsolutions.info\/produto\/promag-23p\/#primaryimage\"},\"image\":{\"@id\":\"https:\/\/fullsolutions.info\/produto\/promag-23p\/#primaryimage\"},\"thumbnailUrl\":\"https:\/\/mlhff0prgoxu.i.optimole.com\/cb:s0sM.767\/w:auto\/h:auto\/q:mauto\/f:best\/https:\/\/fullsolutions.info\/wp-content\/uploads\/2024\/02\/Promag-23P.jpeg\",\"datePublished\":\"2024-02-02T18:52:01+00:00\",\"dateModified\":\"2026-04-22T17:58:02+00:00\",\"description\":\"Promag 23P da Endress+Hauser: medidor de vaz\u00e3o eletromagn\u00e9tico para l\u00edquidos agressivos em aplica\u00e7\u00f5es industriais. Alta precis\u00e3o e confiabilidade. Solicite cota\u00e7\u00e3o.\",\"breadcrumb\":{\"@id\":\"https:\/\/fullsolutions.info\/produto\/promag-23p\/#breadcrumb\"},\"inLanguage\":\"en-US\",\"potentialAction\":[{\"@type\":\"ReadAction\",\"target\":[\"https:\/\/fullsolutions.info\/produto\/promag-23p\/\"]}]},{\"@type\":\"ImageObject\",\"inLanguage\":\"en-US\",\"@id\":\"https:\/\/fullsolutions.info\/produto\/promag-23p\/#primaryimage\",\"url\":\"https:\/\/mlhff0prgoxu.i.optimole.com\/cb:s0sM.767\/w:auto\/h:auto\/q:mauto\/f:best\/https:\/\/fullsolutions.info\/wp-content\/uploads\/2024\/02\/Promag-23P.jpeg\",\"contentUrl\":\"https:\/\/mlhff0prgoxu.i.optimole.com\/cb:s0sM.767\/w:auto\/h:auto\/q:mauto\/f:best\/https:\/\/fullsolutions.info\/wp-content\/uploads\/2024\/02\/Promag-23P.jpeg\",\"width\":500,\"height\":500},{\"@type\":\"BreadcrumbList\",\"@id\":\"https:\/\/fullsolutions.info\/produto\/promag-23p\/#breadcrumb\",\"itemListElement\":[{\"@type\":\"ListItem\",\"position\":1,\"name\":\"In\u00edcio\",\"item\":\"https:\/\/fullsolutions.info\/\"},{\"@type\":\"ListItem\",\"position\":2,\"name\":\"Produtos\",\"item\":\"https:\/\/fullsolutions.info\/shop\/\"},{\"@type\":\"ListItem\",\"position\":3,\"name\":\"Promag 23P\"}]},{\"@type\":\"WebSite\",\"@id\":\"https:\/\/fullsolutions.info\/#website\",\"url\":\"https:\/\/fullsolutions.info\/\",\"name\":\"Full Solutions\",\"description\":\"Empresa na \u00c1rea de Procurement\",\"publisher\":{\"@id\":\"https:\/\/fullsolutions.info\/#organization\"},\"potentialAction\":[{\"@type\":\"SearchAction\",\"target\":{\"@type\":\"EntryPoint\",\"urlTemplate\":\"https:\/\/fullsolutions.info\/?s={search_term_string}\"},\"query-input\":{\"@type\":\"PropertyValueSpecification\",\"valueRequired\":true,\"valueName\":\"search_term_string\"}}],\"inLanguage\":\"en-US\"},{\"@type\":\"Organization\",\"@id\":\"https:\/\/fullsolutions.info\/#organization\",\"name\":\"Full Solutions\",\"url\":\"https:\/\/fullsolutions.info\/\",\"logo\":{\"@type\":\"ImageObject\",\"inLanguage\":\"en-US\",\"@id\":\"https:\/\/fullsolutions.info\/#\/schema\/logo\/image\/\",\"url\":\"https:\/\/mlhff0prgoxu.i.optimole.com\/cb:s0sM.767\/w:auto\/h:auto\/q:mauto\/f:best\/https:\/\/fullsolutions.info\/wp-content\/uploads\/2021\/07\/cropped-Design-sem-nome-300x193-1-e1627062664782.png\",\"contentUrl\":\"https:\/\/mlhff0prgoxu.i.optimole.com\/cb:s0sM.767\/w:auto\/h:auto\/q:mauto\/f:best\/https:\/\/fullsolutions.info\/wp-content\/uploads\/2021\/07\/cropped-Design-sem-nome-300x193-1-e1627062664782.png\",\"width\":202,\"height\":155,\"caption\":\"Full Solutions\"},\"image\":{\"@id\":\"https:\/\/fullsolutions.info\/#\/schema\/logo\/image\/\"},\"sameAs\":[\"https:\/\/www.linkedin.com\/company\/full-solutions-equipment\"]}]}<\/script>\n<!-- \/ Yoast SEO plugin. -->","yoast_head_json":{"title":"Promag 23P - Full Solutions","description":"Promag 23P da Endress+Hauser: medidor de vaz\u00e3o eletromagn\u00e9tico para l\u00edquidos agressivos em aplica\u00e7\u00f5es industriais. Alta precis\u00e3o e confiabilidade. Solicite cota\u00e7\u00e3o.","robots":{"index":"index","follow":"follow","max-snippet":"max-snippet:-1","max-image-preview":"max-image-preview:large","max-video-preview":"max-video-preview:-1"},"canonical":"https:\/\/fullsolutions.info\/en\/product\/promag-23p\/","og_locale":"en_US","og_type":"article","og_title":"Promag 23P - Full Solutions","og_description":"Promag 23P da Endress+Hauser: medidor de vaz\u00e3o eletromagn\u00e9tico para l\u00edquidos agressivos em aplica\u00e7\u00f5es industriais. Alta precis\u00e3o e confiabilidade. Solicite cota\u00e7\u00e3o.","og_url":"https:\/\/fullsolutions.info\/en\/product\/promag-23p\/","og_site_name":"Full Solutions","article_modified_time":"2026-04-22T17:58:02+00:00","og_image":[{"width":500,"height":500,"url":"https:\/\/mlhff0prgoxu.i.optimole.com\/cb:s0sM.767\/w:auto\/h:auto\/q:mauto\/f:best\/https:\/\/fullsolutions.info\/wp-content\/uploads\/2024\/02\/Promag-23P.jpeg","type":"image\/jpeg"}],"twitter_card":"summary_large_image","twitter_misc":{"Est. reading time":"2 minutes"},"schema":{"@context":"https:\/\/schema.org","@graph":[{"@type":"WebPage","@id":"https:\/\/fullsolutions.info\/produto\/promag-23p\/","url":"https:\/\/fullsolutions.info\/produto\/promag-23p\/","name":"Promag 23P - Full Solutions","isPartOf":{"@id":"https:\/\/fullsolutions.info\/#website"},"primaryImageOfPage":{"@id":"https:\/\/fullsolutions.info\/produto\/promag-23p\/#primaryimage"},"image":{"@id":"https:\/\/fullsolutions.info\/produto\/promag-23p\/#primaryimage"},"thumbnailUrl":"https:\/\/mlhff0prgoxu.i.optimole.com\/cb:s0sM.767\/w:auto\/h:auto\/q:mauto\/f:best\/https:\/\/fullsolutions.info\/wp-content\/uploads\/2024\/02\/Promag-23P.jpeg","datePublished":"2024-02-02T18:52:01+00:00","dateModified":"2026-04-22T17:58:02+00:00","description":"Promag 23P da Endress+Hauser: medidor de vaz\u00e3o eletromagn\u00e9tico para l\u00edquidos agressivos em aplica\u00e7\u00f5es industriais. Alta precis\u00e3o e confiabilidade. Solicite cota\u00e7\u00e3o.","breadcrumb":{"@id":"https:\/\/fullsolutions.info\/produto\/promag-23p\/#breadcrumb"},"inLanguage":"en-US","potentialAction":[{"@type":"ReadAction","target":["https:\/\/fullsolutions.info\/produto\/promag-23p\/"]}]},{"@type":"ImageObject","inLanguage":"en-US","@id":"https:\/\/fullsolutions.info\/produto\/promag-23p\/#primaryimage","url":"https:\/\/mlhff0prgoxu.i.optimole.com\/cb:s0sM.767\/w:auto\/h:auto\/q:mauto\/f:best\/https:\/\/fullsolutions.info\/wp-content\/uploads\/2024\/02\/Promag-23P.jpeg","contentUrl":"https:\/\/mlhff0prgoxu.i.optimole.com\/cb:s0sM.767\/w:auto\/h:auto\/q:mauto\/f:best\/https:\/\/fullsolutions.info\/wp-content\/uploads\/2024\/02\/Promag-23P.jpeg","width":500,"height":500},{"@type":"BreadcrumbList","@id":"https:\/\/fullsolutions.info\/produto\/promag-23p\/#breadcrumb","itemListElement":[{"@type":"ListItem","position":1,"name":"In\u00edcio","item":"https:\/\/fullsolutions.info\/"},{"@type":"ListItem","position":2,"name":"Produtos","item":"https:\/\/fullsolutions.info\/shop\/"},{"@type":"ListItem","position":3,"name":"Promag 23P"}]},{"@type":"WebSite","@id":"https:\/\/fullsolutions.info\/#website","url":"https:\/\/fullsolutions.info\/","name":"Full Solutions","description":"Empresa na \u00c1rea de Procurement","publisher":{"@id":"https:\/\/fullsolutions.info\/#organization"},"potentialAction":[{"@type":"SearchAction","target":{"@type":"EntryPoint","urlTemplate":"https:\/\/fullsolutions.info\/?s={search_term_string}"},"query-input":{"@type":"PropertyValueSpecification","valueRequired":true,"valueName":"search_term_string"}}],"inLanguage":"en-US"},{"@type":"Organization","@id":"https:\/\/fullsolutions.info\/#organization","name":"Full Solutions","url":"https:\/\/fullsolutions.info\/","logo":{"@type":"ImageObject","inLanguage":"en-US","@id":"https:\/\/fullsolutions.info\/#\/schema\/logo\/image\/","url":"https:\/\/mlhff0prgoxu.i.optimole.com\/cb:s0sM.767\/w:auto\/h:auto\/q:mauto\/f:best\/https:\/\/fullsolutions.info\/wp-content\/uploads\/2021\/07\/cropped-Design-sem-nome-300x193-1-e1627062664782.png","contentUrl":"https:\/\/mlhff0prgoxu.i.optimole.com\/cb:s0sM.767\/w:auto\/h:auto\/q:mauto\/f:best\/https:\/\/fullsolutions.info\/wp-content\/uploads\/2021\/07\/cropped-Design-sem-nome-300x193-1-e1627062664782.png","width":202,"height":155,"caption":"Full Solutions"},"image":{"@id":"https:\/\/fullsolutions.info\/#\/schema\/logo\/image\/"},"sameAs":["https:\/\/www.linkedin.com\/company\/full-solutions-equipment"]}]}},"_links":{"self":[{"href":"https:\/\/fullsolutions.info\/en\/wp-json\/wp\/v2\/product\/4543","targetHints":{"allow":["GET"]}}],"collection":[{"href":"https:\/\/fullsolutions.info\/en\/wp-json\/wp\/v2\/product"}],"about":[{"href":"https:\/\/fullsolutions.info\/en\/wp-json\/wp\/v2\/types\/product"}],"replies":[{"embeddable":true,"href":"https:\/\/fullsolutions.info\/en\/wp-json\/wp\/v2\/comments?post=4543"}],"wp:featuredmedia":[{"embeddable":true,"href":"https:\/\/fullsolutions.info\/en\/wp-json\/wp\/v2\/media\/4544"}],"wp:attachment":[{"href":"https:\/\/fullsolutions.info\/en\/wp-json\/wp\/v2\/media?parent=4543"}],"wp:term":[{"taxonomy":"product_brand","embeddable":true,"href":"https:\/\/fullsolutions.info\/en\/wp-json\/wp\/v2\/product_brand?post=4543"},{"taxonomy":"product_cat","embeddable":true,"href":"https:\/\/fullsolutions.info\/en\/wp-json\/wp\/v2\/product_cat?post=4543"},{"taxonomy":"product_tag","embeddable":true,"href":"https:\/\/fullsolutions.info\/en\/wp-json\/wp\/v2\/product_tag?post=4543"},{"taxonomy":"marca","embeddable":true,"href":"https:\/\/fullsolutions.info\/en\/wp-json\/wp\/v2\/marca?post=4543"}],"curies":[{"name":"wp","href":"https:\/\/api.w.org\/{rel}","templated":true}]}}