{"id":4539,"date":"2024-02-02T18:49:30","date_gmt":"2024-02-02T18:49:30","guid":{"rendered":"https:\/\/fullsolutionsequip.com\/?post_type=product&#038;p=4539"},"modified":"2026-04-22T15:01:11","modified_gmt":"2026-04-22T18:01:11","slug":"promag-50d","status":"publish","type":"product","link":"https:\/\/fullsolutions.info\/en\/product\/promag-50d\/","title":{"rendered":"Promag 50D"},"content":{"rendered":"<p>**Sistema de Medi\u00e7\u00e3o de Fluxo Eletromagn\u00e9tico**<\/p>\n<p>Medi\u00e7\u00e3o de fluxo de l\u00edquidos em aplica\u00e7\u00f5es de \u00e1gua ou \u00e1guas residuais<\/p>\n<p>**Seus Benef\u00edcios**<\/p>\n<p>Os dispositivos de medi\u00e7\u00e3o oferecem uma medi\u00e7\u00e3o de fluxo eficaz com alto grau de precis\u00e3o para uma ampla gama de condi\u00e7\u00f5es de processo.<\/p>\n<p>O conceito uniforme do transmissor Proline compreende:<\/p>\n<p>&#8211; Alto n\u00edvel de efici\u00eancia gra\u00e7as ao conceito de dispositivo modular<br \/>\n&#8211; Alto grau de confiabilidade e estabilidade de medi\u00e7\u00e3o<br \/>\n&#8211; Conceito operacional uniforme<\/p>\n<p>Os sensores Promag testados e aprovados oferecem:<\/p>\n<p>&#8211; Sem perda de press\u00e3o<br \/>\n&#8211; N\u00e3o sens\u00edveis a vibra\u00e7\u00f5es<br \/>\n&#8211; Instala\u00e7\u00e3o e comissionamento simples<br \/>\n&#8211; Design compacto<\/p>\n<p>**Campo de Aplica\u00e7\u00e3o**<\/p>\n<p>Medidor de fluxo eletromagn\u00e9tico para medi\u00e7\u00e3o bidirecional de l\u00edquidos com:<\/p>\n<p>&#8211; Condutividade m\u00ednima de \u2265 5 \u03bcS\/cm<br \/>\n&#8211; \u00c1gua pot\u00e1vel<br \/>\n&#8211; \u00c1guas residuais<\/p>\n<p>Medi\u00e7\u00e3o de fluxo de at\u00e9 4700 dm\u00b3\/min (1250 gal\/min)<\/p>\n<p>Temperatura do fluido de at\u00e9 +60 \u00b0C (140 \u00b0F)<\/p>\n<p>Press\u00f5es de processo de at\u00e9 16 bar (232 psi)<\/p>\n<p>Material de revestimento de poliamida<\/p>\n<p>Aprova\u00e7\u00f5es para \u00e1gua pot\u00e1vel:<\/p>\n<p>&#8211; KTW\/W270<br \/>\n&#8211; WRAS BS 6920<br \/>\n&#8211; ACS<br \/>\n&#8211; NSF 61<\/p>\n<p>**Conex\u00e3o ao Sistema de Controle de Processo:**<\/p>\n<p>&#8211; HART<br \/>\n&#8211; PROFIBUS DP\/PA<\/p>","protected":false},"excerpt":{"rendered":"<p>**Sistema de Medi\u00e7\u00e3o de Fluxo Eletromagn\u00e9tico** Medi\u00e7\u00e3o de fluxo de l\u00edquidos em aplica\u00e7\u00f5es de \u00e1gua ou \u00e1guas residuais **Seus Benef\u00edcios** Os dispositivos de medi\u00e7\u00e3o oferecem uma medi\u00e7\u00e3o de fluxo eficaz com alto grau de precis\u00e3o para uma ampla gama de condi\u00e7\u00f5es de processo. O conceito uniforme do transmissor Proline compreende: &#8211; Alto n\u00edvel de efici\u00eancia gra\u00e7as ao conceito de dispositivo modular &#8211; Alto grau de confiabilidade e estabilidade de medi\u00e7\u00e3o &#8211; Conceito operacional uniforme Os sensores Promag testados e aprovados oferecem: &#8211; Sem perda de press\u00e3o &#8211; N\u00e3o sens\u00edveis a vibra\u00e7\u00f5es &#8211; Instala\u00e7\u00e3o e comissionamento simples &#8211; Design compacto **Campo de Aplica\u00e7\u00e3o** Medidor de fluxo eletromagn\u00e9tico para medi\u00e7\u00e3o bidirecional de l\u00edquidos com: &#8211; Condutividade m\u00ednima de \u2265 5 \u03bcS\/cm &#8211; \u00c1gua pot\u00e1vel &#8211; \u00c1guas residuais Medi\u00e7\u00e3o de fluxo de at\u00e9 4700 dm\u00b3\/min (1250 gal\/min) Temperatura do fluido de at\u00e9 +60 \u00b0C (140 \u00b0F) Press\u00f5es de processo de at\u00e9 16 bar (232 psi) Material de revestimento de poliamida Aprova\u00e7\u00f5es para \u00e1gua pot\u00e1vel: &#8211; KTW\/W270 &#8211; WRAS BS 6920 &#8211; ACS &#8211; NSF 61 **Conex\u00e3o ao Sistema de Controle de Processo:** &#8211; HART &#8211; PROFIBUS DP\/PA<\/p>","protected":false},"featured_media":4540,"comment_status":"open","ping_status":"closed","template":"","meta":{"_joinchat":[]},"product_brand":[],"product_cat":[146],"product_tag":[],"marca":[147],"class_list":{"0":"post-4539","1":"product","2":"type-product","3":"status-publish","4":"has-post-thumbnail","6":"product_cat-medidores-de-vazao-e-tubos-de-vazao","7":"marca-endresshauser","9":"first","10":"instock","11":"shipping-taxable","12":"purchasable","13":"product-type-simple"},"yoast_head":"<!-- This site is optimized with the Yoast SEO plugin v27.2 - https:\/\/yoast.com\/product\/yoast-seo-wordpress\/ -->\n<title>Promag 50D - Full Solutions<\/title>\n<meta name=\"description\" content=\"Promag 50D da Endress+Hauser: medidor de vaz\u00e3o eletromagn\u00e9tico para l\u00edquidos condutivos em aplica\u00e7\u00f5es industriais. Alta precis\u00e3o e estabilidade. Solicite cota\u00e7\u00e3o.\" \/>\n<meta name=\"robots\" content=\"index, follow, max-snippet:-1, max-image-preview:large, max-video-preview:-1\" \/>\n<link rel=\"canonical\" href=\"https:\/\/fullsolutions.info\/en\/product\/promag-50d\/\" \/>\n<meta property=\"og:locale\" content=\"en_US\" \/>\n<meta property=\"og:type\" content=\"article\" \/>\n<meta property=\"og:title\" content=\"Promag 50D - Full Solutions\" \/>\n<meta property=\"og:description\" content=\"Promag 50D da Endress+Hauser: medidor de vaz\u00e3o eletromagn\u00e9tico para l\u00edquidos condutivos em aplica\u00e7\u00f5es industriais. Alta precis\u00e3o e estabilidade. Solicite cota\u00e7\u00e3o.\" \/>\n<meta property=\"og:url\" content=\"https:\/\/fullsolutions.info\/en\/product\/promag-50d\/\" \/>\n<meta property=\"og:site_name\" content=\"Full Solutions\" \/>\n<meta property=\"article:modified_time\" content=\"2026-04-22T18:01:11+00:00\" \/>\n<meta property=\"og:image\" content=\"https:\/\/mlhff0prgoxu.i.optimole.com\/cb:s0sM.767\/w:auto\/h:auto\/q:mauto\/f:best\/https:\/\/fullsolutions.info\/wp-content\/uploads\/2024\/02\/Promag-50D.jpeg\" \/>\n\t<meta property=\"og:image:width\" content=\"500\" \/>\n\t<meta property=\"og:image:height\" content=\"500\" \/>\n\t<meta property=\"og:image:type\" content=\"image\/jpeg\" \/>\n<meta name=\"twitter:card\" content=\"summary_large_image\" \/>\n<meta name=\"twitter:label1\" content=\"Est. reading time\" \/>\n\t<meta name=\"twitter:data1\" content=\"2 minutes\" \/>\n<script type=\"application\/ld+json\" class=\"yoast-schema-graph\">{\"@context\":\"https:\/\/schema.org\",\"@graph\":[{\"@type\":\"WebPage\",\"@id\":\"https:\/\/fullsolutions.info\/produto\/promag-50d\/\",\"url\":\"https:\/\/fullsolutions.info\/produto\/promag-50d\/\",\"name\":\"Promag 50D - Full Solutions\",\"isPartOf\":{\"@id\":\"https:\/\/fullsolutions.info\/#website\"},\"primaryImageOfPage\":{\"@id\":\"https:\/\/fullsolutions.info\/produto\/promag-50d\/#primaryimage\"},\"image\":{\"@id\":\"https:\/\/fullsolutions.info\/produto\/promag-50d\/#primaryimage\"},\"thumbnailUrl\":\"https:\/\/mlhff0prgoxu.i.optimole.com\/cb:s0sM.767\/w:auto\/h:auto\/q:mauto\/f:best\/https:\/\/fullsolutions.info\/wp-content\/uploads\/2024\/02\/Promag-50D.jpeg\",\"datePublished\":\"2024-02-02T18:49:30+00:00\",\"dateModified\":\"2026-04-22T18:01:11+00:00\",\"description\":\"Promag 50D da Endress+Hauser: medidor de vaz\u00e3o eletromagn\u00e9tico para l\u00edquidos condutivos em aplica\u00e7\u00f5es industriais. Alta precis\u00e3o e estabilidade. Solicite cota\u00e7\u00e3o.\",\"breadcrumb\":{\"@id\":\"https:\/\/fullsolutions.info\/produto\/promag-50d\/#breadcrumb\"},\"inLanguage\":\"en-US\",\"potentialAction\":[{\"@type\":\"ReadAction\",\"target\":[\"https:\/\/fullsolutions.info\/produto\/promag-50d\/\"]}]},{\"@type\":\"ImageObject\",\"inLanguage\":\"en-US\",\"@id\":\"https:\/\/fullsolutions.info\/produto\/promag-50d\/#primaryimage\",\"url\":\"https:\/\/mlhff0prgoxu.i.optimole.com\/cb:s0sM.767\/w:auto\/h:auto\/q:mauto\/f:best\/https:\/\/fullsolutions.info\/wp-content\/uploads\/2024\/02\/Promag-50D.jpeg\",\"contentUrl\":\"https:\/\/mlhff0prgoxu.i.optimole.com\/cb:s0sM.767\/w:auto\/h:auto\/q:mauto\/f:best\/https:\/\/fullsolutions.info\/wp-content\/uploads\/2024\/02\/Promag-50D.jpeg\",\"width\":500,\"height\":500},{\"@type\":\"BreadcrumbList\",\"@id\":\"https:\/\/fullsolutions.info\/produto\/promag-50d\/#breadcrumb\",\"itemListElement\":[{\"@type\":\"ListItem\",\"position\":1,\"name\":\"In\u00edcio\",\"item\":\"https:\/\/fullsolutions.info\/\"},{\"@type\":\"ListItem\",\"position\":2,\"name\":\"Produtos\",\"item\":\"https:\/\/fullsolutions.info\/shop\/\"},{\"@type\":\"ListItem\",\"position\":3,\"name\":\"Promag 50D\"}]},{\"@type\":\"WebSite\",\"@id\":\"https:\/\/fullsolutions.info\/#website\",\"url\":\"https:\/\/fullsolutions.info\/\",\"name\":\"Full Solutions\",\"description\":\"Empresa na \u00c1rea de Procurement\",\"publisher\":{\"@id\":\"https:\/\/fullsolutions.info\/#organization\"},\"potentialAction\":[{\"@type\":\"SearchAction\",\"target\":{\"@type\":\"EntryPoint\",\"urlTemplate\":\"https:\/\/fullsolutions.info\/?s={search_term_string}\"},\"query-input\":{\"@type\":\"PropertyValueSpecification\",\"valueRequired\":true,\"valueName\":\"search_term_string\"}}],\"inLanguage\":\"en-US\"},{\"@type\":\"Organization\",\"@id\":\"https:\/\/fullsolutions.info\/#organization\",\"name\":\"Full Solutions\",\"url\":\"https:\/\/fullsolutions.info\/\",\"logo\":{\"@type\":\"ImageObject\",\"inLanguage\":\"en-US\",\"@id\":\"https:\/\/fullsolutions.info\/#\/schema\/logo\/image\/\",\"url\":\"https:\/\/mlhff0prgoxu.i.optimole.com\/cb:s0sM.767\/w:auto\/h:auto\/q:mauto\/f:best\/https:\/\/fullsolutions.info\/wp-content\/uploads\/2021\/07\/cropped-Design-sem-nome-300x193-1-e1627062664782.png\",\"contentUrl\":\"https:\/\/mlhff0prgoxu.i.optimole.com\/cb:s0sM.767\/w:auto\/h:auto\/q:mauto\/f:best\/https:\/\/fullsolutions.info\/wp-content\/uploads\/2021\/07\/cropped-Design-sem-nome-300x193-1-e1627062664782.png\",\"width\":202,\"height\":155,\"caption\":\"Full Solutions\"},\"image\":{\"@id\":\"https:\/\/fullsolutions.info\/#\/schema\/logo\/image\/\"},\"sameAs\":[\"https:\/\/www.linkedin.com\/company\/full-solutions-equipment\"]}]}<\/script>\n<!-- \/ Yoast SEO plugin. -->","yoast_head_json":{"title":"Promag 50D - Full Solutions","description":"Promag 50D da Endress+Hauser: medidor de vaz\u00e3o eletromagn\u00e9tico para l\u00edquidos condutivos em aplica\u00e7\u00f5es industriais. Alta precis\u00e3o e estabilidade. Solicite cota\u00e7\u00e3o.","robots":{"index":"index","follow":"follow","max-snippet":"max-snippet:-1","max-image-preview":"max-image-preview:large","max-video-preview":"max-video-preview:-1"},"canonical":"https:\/\/fullsolutions.info\/en\/product\/promag-50d\/","og_locale":"en_US","og_type":"article","og_title":"Promag 50D - Full Solutions","og_description":"Promag 50D da Endress+Hauser: medidor de vaz\u00e3o eletromagn\u00e9tico para l\u00edquidos condutivos em aplica\u00e7\u00f5es industriais. Alta precis\u00e3o e estabilidade. Solicite cota\u00e7\u00e3o.","og_url":"https:\/\/fullsolutions.info\/en\/product\/promag-50d\/","og_site_name":"Full Solutions","article_modified_time":"2026-04-22T18:01:11+00:00","og_image":[{"width":500,"height":500,"url":"https:\/\/mlhff0prgoxu.i.optimole.com\/cb:s0sM.767\/w:auto\/h:auto\/q:mauto\/f:best\/https:\/\/fullsolutions.info\/wp-content\/uploads\/2024\/02\/Promag-50D.jpeg","type":"image\/jpeg"}],"twitter_card":"summary_large_image","twitter_misc":{"Est. reading time":"2 minutes"},"schema":{"@context":"https:\/\/schema.org","@graph":[{"@type":"WebPage","@id":"https:\/\/fullsolutions.info\/produto\/promag-50d\/","url":"https:\/\/fullsolutions.info\/produto\/promag-50d\/","name":"Promag 50D - Full Solutions","isPartOf":{"@id":"https:\/\/fullsolutions.info\/#website"},"primaryImageOfPage":{"@id":"https:\/\/fullsolutions.info\/produto\/promag-50d\/#primaryimage"},"image":{"@id":"https:\/\/fullsolutions.info\/produto\/promag-50d\/#primaryimage"},"thumbnailUrl":"https:\/\/mlhff0prgoxu.i.optimole.com\/cb:s0sM.767\/w:auto\/h:auto\/q:mauto\/f:best\/https:\/\/fullsolutions.info\/wp-content\/uploads\/2024\/02\/Promag-50D.jpeg","datePublished":"2024-02-02T18:49:30+00:00","dateModified":"2026-04-22T18:01:11+00:00","description":"Promag 50D da Endress+Hauser: medidor de vaz\u00e3o eletromagn\u00e9tico para l\u00edquidos condutivos em aplica\u00e7\u00f5es industriais. Alta precis\u00e3o e estabilidade. Solicite cota\u00e7\u00e3o.","breadcrumb":{"@id":"https:\/\/fullsolutions.info\/produto\/promag-50d\/#breadcrumb"},"inLanguage":"en-US","potentialAction":[{"@type":"ReadAction","target":["https:\/\/fullsolutions.info\/produto\/promag-50d\/"]}]},{"@type":"ImageObject","inLanguage":"en-US","@id":"https:\/\/fullsolutions.info\/produto\/promag-50d\/#primaryimage","url":"https:\/\/mlhff0prgoxu.i.optimole.com\/cb:s0sM.767\/w:auto\/h:auto\/q:mauto\/f:best\/https:\/\/fullsolutions.info\/wp-content\/uploads\/2024\/02\/Promag-50D.jpeg","contentUrl":"https:\/\/mlhff0prgoxu.i.optimole.com\/cb:s0sM.767\/w:auto\/h:auto\/q:mauto\/f:best\/https:\/\/fullsolutions.info\/wp-content\/uploads\/2024\/02\/Promag-50D.jpeg","width":500,"height":500},{"@type":"BreadcrumbList","@id":"https:\/\/fullsolutions.info\/produto\/promag-50d\/#breadcrumb","itemListElement":[{"@type":"ListItem","position":1,"name":"In\u00edcio","item":"https:\/\/fullsolutions.info\/"},{"@type":"ListItem","position":2,"name":"Produtos","item":"https:\/\/fullsolutions.info\/shop\/"},{"@type":"ListItem","position":3,"name":"Promag 50D"}]},{"@type":"WebSite","@id":"https:\/\/fullsolutions.info\/#website","url":"https:\/\/fullsolutions.info\/","name":"Full Solutions","description":"Empresa na \u00c1rea de Procurement","publisher":{"@id":"https:\/\/fullsolutions.info\/#organization"},"potentialAction":[{"@type":"SearchAction","target":{"@type":"EntryPoint","urlTemplate":"https:\/\/fullsolutions.info\/?s={search_term_string}"},"query-input":{"@type":"PropertyValueSpecification","valueRequired":true,"valueName":"search_term_string"}}],"inLanguage":"en-US"},{"@type":"Organization","@id":"https:\/\/fullsolutions.info\/#organization","name":"Full Solutions","url":"https:\/\/fullsolutions.info\/","logo":{"@type":"ImageObject","inLanguage":"en-US","@id":"https:\/\/fullsolutions.info\/#\/schema\/logo\/image\/","url":"https:\/\/mlhff0prgoxu.i.optimole.com\/cb:s0sM.767\/w:auto\/h:auto\/q:mauto\/f:best\/https:\/\/fullsolutions.info\/wp-content\/uploads\/2021\/07\/cropped-Design-sem-nome-300x193-1-e1627062664782.png","contentUrl":"https:\/\/mlhff0prgoxu.i.optimole.com\/cb:s0sM.767\/w:auto\/h:auto\/q:mauto\/f:best\/https:\/\/fullsolutions.info\/wp-content\/uploads\/2021\/07\/cropped-Design-sem-nome-300x193-1-e1627062664782.png","width":202,"height":155,"caption":"Full Solutions"},"image":{"@id":"https:\/\/fullsolutions.info\/#\/schema\/logo\/image\/"},"sameAs":["https:\/\/www.linkedin.com\/company\/full-solutions-equipment"]}]}},"_links":{"self":[{"href":"https:\/\/fullsolutions.info\/en\/wp-json\/wp\/v2\/product\/4539","targetHints":{"allow":["GET"]}}],"collection":[{"href":"https:\/\/fullsolutions.info\/en\/wp-json\/wp\/v2\/product"}],"about":[{"href":"https:\/\/fullsolutions.info\/en\/wp-json\/wp\/v2\/types\/product"}],"replies":[{"embeddable":true,"href":"https:\/\/fullsolutions.info\/en\/wp-json\/wp\/v2\/comments?post=4539"}],"wp:featuredmedia":[{"embeddable":true,"href":"https:\/\/fullsolutions.info\/en\/wp-json\/wp\/v2\/media\/4540"}],"wp:attachment":[{"href":"https:\/\/fullsolutions.info\/en\/wp-json\/wp\/v2\/media?parent=4539"}],"wp:term":[{"taxonomy":"product_brand","embeddable":true,"href":"https:\/\/fullsolutions.info\/en\/wp-json\/wp\/v2\/product_brand?post=4539"},{"taxonomy":"product_cat","embeddable":true,"href":"https:\/\/fullsolutions.info\/en\/wp-json\/wp\/v2\/product_cat?post=4539"},{"taxonomy":"product_tag","embeddable":true,"href":"https:\/\/fullsolutions.info\/en\/wp-json\/wp\/v2\/product_tag?post=4539"},{"taxonomy":"marca","embeddable":true,"href":"https:\/\/fullsolutions.info\/en\/wp-json\/wp\/v2\/marca?post=4539"}],"curies":[{"name":"wp","href":"https:\/\/api.w.org\/{rel}","templated":true}]}}