{"id":4528,"date":"2024-02-02T18:40:59","date_gmt":"2024-02-02T18:40:59","guid":{"rendered":"https:\/\/fullsolutionsequip.com\/?post_type=product&#038;p=4528"},"modified":"2026-04-22T15:13:47","modified_gmt":"2026-04-22T18:13:47","slug":"promag-51w-2","status":"publish","type":"product","link":"https:\/\/fullsolutions.info\/en\/product\/promag-51w-2\/","title":{"rendered":"Promag 51W"},"content":{"rendered":"<p>**Sistema de Medi\u00e7\u00e3o de Fluxo Eletromagn\u00e9tico para Transfer\u00eancia de Cust\u00f3dia com \u00c1gua Fria**<\/p>\n<p>Seus benef\u00edcios<\/p>\n<p>Os dispositivos de medi\u00e7\u00e3o Promag oferecem medi\u00e7\u00e3o de vaz\u00e3o econ\u00f4mica com alto grau de precis\u00e3o para uma ampla variedade de condi\u00e7\u00f5es de processo.<\/p>\n<p>O conceito uniforme do transmissor Proline compreende:<\/p>\n<p>&#8211; Conceito e opera\u00e7\u00e3o modular resultando em um maior grau de efici\u00eancia<br \/>\n&#8211; Conceito operacional uniforme<\/p>\n<p>Os sensores testados e comprovados do Promag oferecem:<\/p>\n<p>&#8211; Sem perda de press\u00e3o<br \/>\n&#8211; Insensibilidade a vibra\u00e7\u00f5es<br \/>\n&#8211; Instala\u00e7\u00e3o e comissionamento simples<\/p>\n<p>Campo de aplica\u00e7\u00e3o<\/p>\n<p>Medidor de vaz\u00e3o eletromagn\u00e9tico para transfer\u00eancia de cust\u00f3dia com \u00e1gua fria:<\/p>\n<p>&#8211; Medi\u00e7\u00e3o de vaz\u00e3o de at\u00e9 110.000 m\u00b3\/h (484.315 gal\/min)<br \/>\n&#8211; Temperatura do fluido (para um dispositivo certificado) de at\u00e9 +30 \u00b0C (+86 \u00b0F)<br \/>\n&#8211; Press\u00f5es de processo de at\u00e9 40 bar (580 psi)<br \/>\n&#8211; Comprimentos de encaixe conforme DVGW\/ISO<br \/>\n&#8211; Aprova\u00e7\u00e3o PTB<br \/>\n&#8211; Classes metrologicamente A e B<br \/>\n&#8211; Com exame tipo nacional para \u00e1gua fria (ALE)<br \/>\n&#8211; Opera\u00e7\u00e3o cont\u00ednua em Qmax poss\u00edvel<\/p>\n<p>Materiais de revestimento espec\u00edficos para a aplica\u00e7\u00e3o:<\/p>\n<p>&#8211; Poliuretano, borracha r\u00edgida<\/p>\n<p>Tubula\u00e7\u00f5es de medi\u00e7\u00e3o revestidas com materiais aprovados para \u00e1gua pot\u00e1vel:<\/p>\n<p>&#8211; KTW, WRAS, ACS, etc.<\/p>\n<p>Sa\u00edda de medi\u00e7\u00e3o espec\u00edfica para a aplica\u00e7\u00e3o:<\/p>\n<p>&#8211; Com display totalizador certificado e sa\u00edda de pulso<\/p>","protected":false},"excerpt":{"rendered":"<p>**Sistema de Medi\u00e7\u00e3o de Fluxo Eletromagn\u00e9tico para Transfer\u00eancia de Cust\u00f3dia com \u00c1gua Fria** Seus benef\u00edcios Os dispositivos de medi\u00e7\u00e3o Promag oferecem medi\u00e7\u00e3o de vaz\u00e3o econ\u00f4mica com alto grau de precis\u00e3o para uma ampla variedade de condi\u00e7\u00f5es de processo. O conceito uniforme do transmissor Proline compreende: &#8211; Conceito e opera\u00e7\u00e3o modular resultando em um maior grau de efici\u00eancia &#8211; Conceito operacional uniforme Os sensores testados e comprovados do Promag oferecem: &#8211; Sem perda de press\u00e3o &#8211; Insensibilidade a vibra\u00e7\u00f5es &#8211; Instala\u00e7\u00e3o e comissionamento simples Campo de aplica\u00e7\u00e3o Medidor de vaz\u00e3o eletromagn\u00e9tico para transfer\u00eancia de cust\u00f3dia com \u00e1gua fria: &#8211; Medi\u00e7\u00e3o de vaz\u00e3o de at\u00e9 110.000 m\u00b3\/h (484.315 gal\/min) &#8211; Temperatura do fluido (para um dispositivo certificado) de at\u00e9 +30 \u00b0C (+86 \u00b0F) &#8211; Press\u00f5es de processo de at\u00e9 40 bar (580 psi) &#8211; Comprimentos de encaixe conforme DVGW\/ISO &#8211; Aprova\u00e7\u00e3o PTB &#8211; Classes metrologicamente A e B &#8211; Com exame tipo nacional para \u00e1gua fria (ALE) &#8211; Opera\u00e7\u00e3o cont\u00ednua em Qmax poss\u00edvel Materiais de revestimento espec\u00edficos para a aplica\u00e7\u00e3o: &#8211; Poliuretano, borracha r\u00edgida Tubula\u00e7\u00f5es de medi\u00e7\u00e3o revestidas com materiais aprovados para \u00e1gua pot\u00e1vel: &#8211; KTW, WRAS, ACS, etc. Sa\u00edda de medi\u00e7\u00e3o espec\u00edfica para a aplica\u00e7\u00e3o: &#8211; Com display totalizador certificado e sa\u00edda de pulso<\/p>","protected":false},"featured_media":4529,"comment_status":"open","ping_status":"closed","template":"","meta":{"_joinchat":[]},"product_brand":[],"product_cat":[146],"product_tag":[],"marca":[147],"class_list":{"0":"post-4528","1":"product","2":"type-product","3":"status-publish","4":"has-post-thumbnail","6":"product_cat-medidores-de-vazao-e-tubos-de-vazao","7":"marca-endresshauser","9":"first","10":"instock","11":"shipping-taxable","12":"purchasable","13":"product-type-simple"},"yoast_head":"<!-- This site is optimized with the Yoast SEO plugin v27.2 - https:\/\/yoast.com\/product\/yoast-seo-wordpress\/ -->\n<title>Promag 51W - Full Solutions<\/title>\n<meta name=\"description\" content=\"Promag 51W da Endress+Hauser: medidor de vaz\u00e3o eletromagn\u00e9tico para \u00e1gua e efluentes. Alta precis\u00e3o, estabilidade e integra\u00e7\u00e3o industrial. Solicite cota\u00e7\u00e3o.\" \/>\n<meta name=\"robots\" content=\"index, follow, max-snippet:-1, max-image-preview:large, max-video-preview:-1\" \/>\n<link rel=\"canonical\" href=\"https:\/\/fullsolutions.info\/en\/product\/promag-51w-2\/\" \/>\n<meta property=\"og:locale\" content=\"en_US\" \/>\n<meta property=\"og:type\" content=\"article\" \/>\n<meta property=\"og:title\" content=\"Promag 51W - Full Solutions\" \/>\n<meta property=\"og:description\" content=\"Promag 51W da Endress+Hauser: medidor de vaz\u00e3o eletromagn\u00e9tico para \u00e1gua e efluentes. Alta precis\u00e3o, estabilidade e integra\u00e7\u00e3o industrial. Solicite cota\u00e7\u00e3o.\" \/>\n<meta property=\"og:url\" content=\"https:\/\/fullsolutions.info\/en\/product\/promag-51w-2\/\" \/>\n<meta property=\"og:site_name\" content=\"Full Solutions\" \/>\n<meta property=\"article:modified_time\" content=\"2026-04-22T18:13:47+00:00\" \/>\n<meta property=\"og:image\" content=\"https:\/\/mlhff0prgoxu.i.optimole.com\/cb:s0sM.767\/w:auto\/h:auto\/q:mauto\/f:best\/https:\/\/fullsolutions.info\/wp-content\/uploads\/2024\/02\/Promag-51P.jpeg\" \/>\n\t<meta property=\"og:image:width\" content=\"500\" \/>\n\t<meta property=\"og:image:height\" content=\"500\" \/>\n\t<meta property=\"og:image:type\" content=\"image\/jpeg\" \/>\n<meta name=\"twitter:card\" content=\"summary_large_image\" \/>\n<meta name=\"twitter:label1\" content=\"Est. reading time\" \/>\n\t<meta name=\"twitter:data1\" content=\"2 minutes\" \/>\n<script type=\"application\/ld+json\" class=\"yoast-schema-graph\">{\"@context\":\"https:\/\/schema.org\",\"@graph\":[{\"@type\":\"WebPage\",\"@id\":\"https:\/\/fullsolutions.info\/produto\/promag-51w-2\/\",\"url\":\"https:\/\/fullsolutions.info\/produto\/promag-51w-2\/\",\"name\":\"Promag 51W - Full Solutions\",\"isPartOf\":{\"@id\":\"https:\/\/fullsolutions.info\/#website\"},\"primaryImageOfPage\":{\"@id\":\"https:\/\/fullsolutions.info\/produto\/promag-51w-2\/#primaryimage\"},\"image\":{\"@id\":\"https:\/\/fullsolutions.info\/produto\/promag-51w-2\/#primaryimage\"},\"thumbnailUrl\":\"https:\/\/mlhff0prgoxu.i.optimole.com\/cb:s0sM.767\/w:auto\/h:auto\/q:mauto\/f:best\/https:\/\/fullsolutions.info\/wp-content\/uploads\/2024\/02\/Promag-51P.jpeg\",\"datePublished\":\"2024-02-02T18:40:59+00:00\",\"dateModified\":\"2026-04-22T18:13:47+00:00\",\"description\":\"Promag 51W da Endress+Hauser: medidor de vaz\u00e3o eletromagn\u00e9tico para \u00e1gua e efluentes. Alta precis\u00e3o, estabilidade e integra\u00e7\u00e3o industrial. Solicite cota\u00e7\u00e3o.\",\"breadcrumb\":{\"@id\":\"https:\/\/fullsolutions.info\/produto\/promag-51w-2\/#breadcrumb\"},\"inLanguage\":\"en-US\",\"potentialAction\":[{\"@type\":\"ReadAction\",\"target\":[\"https:\/\/fullsolutions.info\/produto\/promag-51w-2\/\"]}]},{\"@type\":\"ImageObject\",\"inLanguage\":\"en-US\",\"@id\":\"https:\/\/fullsolutions.info\/produto\/promag-51w-2\/#primaryimage\",\"url\":\"https:\/\/mlhff0prgoxu.i.optimole.com\/cb:s0sM.767\/w:auto\/h:auto\/q:mauto\/f:best\/https:\/\/fullsolutions.info\/wp-content\/uploads\/2024\/02\/Promag-51P.jpeg\",\"contentUrl\":\"https:\/\/mlhff0prgoxu.i.optimole.com\/cb:s0sM.767\/w:auto\/h:auto\/q:mauto\/f:best\/https:\/\/fullsolutions.info\/wp-content\/uploads\/2024\/02\/Promag-51P.jpeg\",\"width\":500,\"height\":500},{\"@type\":\"BreadcrumbList\",\"@id\":\"https:\/\/fullsolutions.info\/produto\/promag-51w-2\/#breadcrumb\",\"itemListElement\":[{\"@type\":\"ListItem\",\"position\":1,\"name\":\"In\u00edcio\",\"item\":\"https:\/\/fullsolutions.info\/\"},{\"@type\":\"ListItem\",\"position\":2,\"name\":\"Produtos\",\"item\":\"https:\/\/fullsolutions.info\/shop\/\"},{\"@type\":\"ListItem\",\"position\":3,\"name\":\"Promag 51W\"}]},{\"@type\":\"WebSite\",\"@id\":\"https:\/\/fullsolutions.info\/#website\",\"url\":\"https:\/\/fullsolutions.info\/\",\"name\":\"Full Solutions\",\"description\":\"Empresa na \u00c1rea de Procurement\",\"publisher\":{\"@id\":\"https:\/\/fullsolutions.info\/#organization\"},\"potentialAction\":[{\"@type\":\"SearchAction\",\"target\":{\"@type\":\"EntryPoint\",\"urlTemplate\":\"https:\/\/fullsolutions.info\/?s={search_term_string}\"},\"query-input\":{\"@type\":\"PropertyValueSpecification\",\"valueRequired\":true,\"valueName\":\"search_term_string\"}}],\"inLanguage\":\"en-US\"},{\"@type\":\"Organization\",\"@id\":\"https:\/\/fullsolutions.info\/#organization\",\"name\":\"Full Solutions\",\"url\":\"https:\/\/fullsolutions.info\/\",\"logo\":{\"@type\":\"ImageObject\",\"inLanguage\":\"en-US\",\"@id\":\"https:\/\/fullsolutions.info\/#\/schema\/logo\/image\/\",\"url\":\"https:\/\/mlhff0prgoxu.i.optimole.com\/cb:s0sM.767\/w:auto\/h:auto\/q:mauto\/f:best\/https:\/\/fullsolutions.info\/wp-content\/uploads\/2021\/07\/cropped-Design-sem-nome-300x193-1-e1627062664782.png\",\"contentUrl\":\"https:\/\/mlhff0prgoxu.i.optimole.com\/cb:s0sM.767\/w:auto\/h:auto\/q:mauto\/f:best\/https:\/\/fullsolutions.info\/wp-content\/uploads\/2021\/07\/cropped-Design-sem-nome-300x193-1-e1627062664782.png\",\"width\":202,\"height\":155,\"caption\":\"Full Solutions\"},\"image\":{\"@id\":\"https:\/\/fullsolutions.info\/#\/schema\/logo\/image\/\"},\"sameAs\":[\"https:\/\/www.linkedin.com\/company\/full-solutions-equipment\"]}]}<\/script>\n<!-- \/ Yoast SEO plugin. -->","yoast_head_json":{"title":"Promag 51W - Full Solutions","description":"Promag 51W da Endress+Hauser: medidor de vaz\u00e3o eletromagn\u00e9tico para \u00e1gua e efluentes. Alta precis\u00e3o, estabilidade e integra\u00e7\u00e3o industrial. Solicite cota\u00e7\u00e3o.","robots":{"index":"index","follow":"follow","max-snippet":"max-snippet:-1","max-image-preview":"max-image-preview:large","max-video-preview":"max-video-preview:-1"},"canonical":"https:\/\/fullsolutions.info\/en\/product\/promag-51w-2\/","og_locale":"en_US","og_type":"article","og_title":"Promag 51W - Full Solutions","og_description":"Promag 51W da Endress+Hauser: medidor de vaz\u00e3o eletromagn\u00e9tico para \u00e1gua e efluentes. Alta precis\u00e3o, estabilidade e integra\u00e7\u00e3o industrial. Solicite cota\u00e7\u00e3o.","og_url":"https:\/\/fullsolutions.info\/en\/product\/promag-51w-2\/","og_site_name":"Full Solutions","article_modified_time":"2026-04-22T18:13:47+00:00","og_image":[{"width":500,"height":500,"url":"https:\/\/mlhff0prgoxu.i.optimole.com\/cb:s0sM.767\/w:auto\/h:auto\/q:mauto\/f:best\/https:\/\/fullsolutions.info\/wp-content\/uploads\/2024\/02\/Promag-51P.jpeg","type":"image\/jpeg"}],"twitter_card":"summary_large_image","twitter_misc":{"Est. reading time":"2 minutes"},"schema":{"@context":"https:\/\/schema.org","@graph":[{"@type":"WebPage","@id":"https:\/\/fullsolutions.info\/produto\/promag-51w-2\/","url":"https:\/\/fullsolutions.info\/produto\/promag-51w-2\/","name":"Promag 51W - Full Solutions","isPartOf":{"@id":"https:\/\/fullsolutions.info\/#website"},"primaryImageOfPage":{"@id":"https:\/\/fullsolutions.info\/produto\/promag-51w-2\/#primaryimage"},"image":{"@id":"https:\/\/fullsolutions.info\/produto\/promag-51w-2\/#primaryimage"},"thumbnailUrl":"https:\/\/mlhff0prgoxu.i.optimole.com\/cb:s0sM.767\/w:auto\/h:auto\/q:mauto\/f:best\/https:\/\/fullsolutions.info\/wp-content\/uploads\/2024\/02\/Promag-51P.jpeg","datePublished":"2024-02-02T18:40:59+00:00","dateModified":"2026-04-22T18:13:47+00:00","description":"Promag 51W da Endress+Hauser: medidor de vaz\u00e3o eletromagn\u00e9tico para \u00e1gua e efluentes. Alta precis\u00e3o, estabilidade e integra\u00e7\u00e3o industrial. Solicite cota\u00e7\u00e3o.","breadcrumb":{"@id":"https:\/\/fullsolutions.info\/produto\/promag-51w-2\/#breadcrumb"},"inLanguage":"en-US","potentialAction":[{"@type":"ReadAction","target":["https:\/\/fullsolutions.info\/produto\/promag-51w-2\/"]}]},{"@type":"ImageObject","inLanguage":"en-US","@id":"https:\/\/fullsolutions.info\/produto\/promag-51w-2\/#primaryimage","url":"https:\/\/mlhff0prgoxu.i.optimole.com\/cb:s0sM.767\/w:auto\/h:auto\/q:mauto\/f:best\/https:\/\/fullsolutions.info\/wp-content\/uploads\/2024\/02\/Promag-51P.jpeg","contentUrl":"https:\/\/mlhff0prgoxu.i.optimole.com\/cb:s0sM.767\/w:auto\/h:auto\/q:mauto\/f:best\/https:\/\/fullsolutions.info\/wp-content\/uploads\/2024\/02\/Promag-51P.jpeg","width":500,"height":500},{"@type":"BreadcrumbList","@id":"https:\/\/fullsolutions.info\/produto\/promag-51w-2\/#breadcrumb","itemListElement":[{"@type":"ListItem","position":1,"name":"In\u00edcio","item":"https:\/\/fullsolutions.info\/"},{"@type":"ListItem","position":2,"name":"Produtos","item":"https:\/\/fullsolutions.info\/shop\/"},{"@type":"ListItem","position":3,"name":"Promag 51W"}]},{"@type":"WebSite","@id":"https:\/\/fullsolutions.info\/#website","url":"https:\/\/fullsolutions.info\/","name":"Full Solutions","description":"Empresa na \u00c1rea de Procurement","publisher":{"@id":"https:\/\/fullsolutions.info\/#organization"},"potentialAction":[{"@type":"SearchAction","target":{"@type":"EntryPoint","urlTemplate":"https:\/\/fullsolutions.info\/?s={search_term_string}"},"query-input":{"@type":"PropertyValueSpecification","valueRequired":true,"valueName":"search_term_string"}}],"inLanguage":"en-US"},{"@type":"Organization","@id":"https:\/\/fullsolutions.info\/#organization","name":"Full Solutions","url":"https:\/\/fullsolutions.info\/","logo":{"@type":"ImageObject","inLanguage":"en-US","@id":"https:\/\/fullsolutions.info\/#\/schema\/logo\/image\/","url":"https:\/\/mlhff0prgoxu.i.optimole.com\/cb:s0sM.767\/w:auto\/h:auto\/q:mauto\/f:best\/https:\/\/fullsolutions.info\/wp-content\/uploads\/2021\/07\/cropped-Design-sem-nome-300x193-1-e1627062664782.png","contentUrl":"https:\/\/mlhff0prgoxu.i.optimole.com\/cb:s0sM.767\/w:auto\/h:auto\/q:mauto\/f:best\/https:\/\/fullsolutions.info\/wp-content\/uploads\/2021\/07\/cropped-Design-sem-nome-300x193-1-e1627062664782.png","width":202,"height":155,"caption":"Full Solutions"},"image":{"@id":"https:\/\/fullsolutions.info\/#\/schema\/logo\/image\/"},"sameAs":["https:\/\/www.linkedin.com\/company\/full-solutions-equipment"]}]}},"_links":{"self":[{"href":"https:\/\/fullsolutions.info\/en\/wp-json\/wp\/v2\/product\/4528","targetHints":{"allow":["GET"]}}],"collection":[{"href":"https:\/\/fullsolutions.info\/en\/wp-json\/wp\/v2\/product"}],"about":[{"href":"https:\/\/fullsolutions.info\/en\/wp-json\/wp\/v2\/types\/product"}],"replies":[{"embeddable":true,"href":"https:\/\/fullsolutions.info\/en\/wp-json\/wp\/v2\/comments?post=4528"}],"wp:featuredmedia":[{"embeddable":true,"href":"https:\/\/fullsolutions.info\/en\/wp-json\/wp\/v2\/media\/4529"}],"wp:attachment":[{"href":"https:\/\/fullsolutions.info\/en\/wp-json\/wp\/v2\/media?parent=4528"}],"wp:term":[{"taxonomy":"product_brand","embeddable":true,"href":"https:\/\/fullsolutions.info\/en\/wp-json\/wp\/v2\/product_brand?post=4528"},{"taxonomy":"product_cat","embeddable":true,"href":"https:\/\/fullsolutions.info\/en\/wp-json\/wp\/v2\/product_cat?post=4528"},{"taxonomy":"product_tag","embeddable":true,"href":"https:\/\/fullsolutions.info\/en\/wp-json\/wp\/v2\/product_tag?post=4528"},{"taxonomy":"marca","embeddable":true,"href":"https:\/\/fullsolutions.info\/en\/wp-json\/wp\/v2\/marca?post=4528"}],"curies":[{"name":"wp","href":"https:\/\/api.w.org\/{rel}","templated":true}]}}