{"id":4526,"date":"2024-02-02T18:40:01","date_gmt":"2024-02-02T18:40:01","guid":{"rendered":"https:\/\/fullsolutionsequip.com\/?post_type=product&#038;p=4526"},"modified":"2026-04-22T15:16:31","modified_gmt":"2026-04-22T18:16:31","slug":"promag-53h-2","status":"publish","type":"product","link":"https:\/\/fullsolutions.info\/en\/product\/promag-53h-2\/","title":{"rendered":"Promag 53H"},"content":{"rendered":"<p data-start=\"611\" data-end=\"792\">O Promag 53H mede a vaz\u00e3o de l\u00edquidos condutivos em aplica\u00e7\u00f5es higi\u00eanicas com alta precis\u00e3o e estabilidade. O equipamento \u00e9 indicado para ind\u00fastrias com exig\u00eancia sanit\u00e1ria elevada.<\/p>\n<p data-start=\"794\" data-end=\"970\">O medidor utiliza tecnologia eletromagn\u00e9tica para realizar a medi\u00e7\u00e3o. Em seguida, calcula a vaz\u00e3o sem necessidade de partes m\u00f3veis. Assim, garante opera\u00e7\u00e3o est\u00e1vel e confi\u00e1vel.<\/p>\n<p data-start=\"972\" data-end=\"1157\">Al\u00e9m disso, o Promag 53H \u00e9 projetado para processos sanit\u00e1rios cr\u00edticos. O equipamento atende aplica\u00e7\u00f5es em alimentos, bebidas e \u0444\u0430\u0440ma, com foco em conformidade e seguran\u00e7a do processo.<\/p>\n<p data-start=\"1159\" data-end=\"1317\">Por fim, o medidor possui constru\u00e7\u00e3o higi\u00eanica e integra\u00e7\u00e3o facilitada com sistemas de automa\u00e7\u00e3o. Ele oferece desempenho consistente em ambientes controlados.<\/p>\n<p>Aprova\u00e7\u00f5es na ind\u00fastria de alimentos\/\u00e1rea de higiene:<\/p>\n<p>Aprova\u00e7\u00e3o 3A, testado pelo EHEDG, conformidade com FDA, USP Classe VI<br \/>\nMateriais de revestimento espec\u00edficos para a aplica\u00e7\u00e3o:<\/p>\n<p>PFA<br \/>\nAprova\u00e7\u00f5es para \u00e1rea classificada:<\/p>\n<p>ATEX, FM, CSA, TIIS<br \/>\nConex\u00e3o ao sistema de controle de processo:<\/p>\n<p>HART, PROFIBUS DP\/PA, FOUNDATION Fieldbus, MODBUS RS485, EtherNet\/IP<\/p>","protected":false},"excerpt":{"rendered":"<p>O Promag 53H mede a vaz\u00e3o de l\u00edquidos condutivos em aplica\u00e7\u00f5es higi\u00eanicas com alta precis\u00e3o e estabilidade. O equipamento \u00e9 indicado para ind\u00fastrias com exig\u00eancia sanit\u00e1ria elevada. O medidor utiliza tecnologia eletromagn\u00e9tica para realizar a medi\u00e7\u00e3o. Em seguida, calcula a vaz\u00e3o sem necessidade de partes m\u00f3veis. Assim, garante opera\u00e7\u00e3o est\u00e1vel e confi\u00e1vel. Al\u00e9m disso, o Promag 53H \u00e9 projetado para processos sanit\u00e1rios cr\u00edticos. O equipamento atende aplica\u00e7\u00f5es em alimentos, bebidas e \u0444\u0430\u0440ma, com foco em conformidade e seguran\u00e7a do processo. Por fim, o medidor possui constru\u00e7\u00e3o higi\u00eanica e integra\u00e7\u00e3o facilitada com sistemas de automa\u00e7\u00e3o. Ele oferece desempenho consistente em ambientes controlados. Aprova\u00e7\u00f5es na ind\u00fastria de alimentos\/\u00e1rea de higiene: Aprova\u00e7\u00e3o 3A, testado pelo EHEDG, conformidade com FDA, USP Classe VI Materiais de revestimento espec\u00edficos para a aplica\u00e7\u00e3o: PFA Aprova\u00e7\u00f5es para \u00e1rea classificada: ATEX, FM, CSA, TIIS Conex\u00e3o ao sistema de controle de processo: HART, PROFIBUS DP\/PA, FOUNDATION Fieldbus, MODBUS RS485, EtherNet\/IP<\/p>","protected":false},"featured_media":4527,"comment_status":"open","ping_status":"closed","template":"","meta":{"_joinchat":[]},"product_brand":[],"product_cat":[146],"product_tag":[],"marca":[147],"class_list":{"0":"post-4526","1":"product","2":"type-product","3":"status-publish","4":"has-post-thumbnail","6":"product_cat-medidores-de-vazao-e-tubos-de-vazao","7":"marca-endresshauser","9":"first","10":"instock","11":"shipping-taxable","12":"purchasable","13":"product-type-simple"},"yoast_head":"<!-- This site is optimized with the Yoast SEO plugin v27.2 - https:\/\/yoast.com\/product\/yoast-seo-wordpress\/ -->\n<title>Promag 53H - Full Solutions<\/title>\n<meta name=\"description\" content=\"Promag 53H da Endress+Hauser: medidor de vaz\u00e3o eletromagn\u00e9tico para aplica\u00e7\u00f5es higi\u00eanicas. Alta precis\u00e3o e confiabilidade. Solicite cota\u00e7\u00e3o.\" \/>\n<meta name=\"robots\" content=\"index, follow, max-snippet:-1, max-image-preview:large, max-video-preview:-1\" \/>\n<link rel=\"canonical\" href=\"https:\/\/fullsolutions.info\/en\/product\/promag-53h-2\/\" \/>\n<meta property=\"og:locale\" content=\"en_US\" \/>\n<meta property=\"og:type\" content=\"article\" \/>\n<meta property=\"og:title\" content=\"Promag 53H - Full Solutions\" \/>\n<meta property=\"og:description\" content=\"Promag 53H da Endress+Hauser: medidor de vaz\u00e3o eletromagn\u00e9tico para aplica\u00e7\u00f5es higi\u00eanicas. Alta precis\u00e3o e confiabilidade. Solicite cota\u00e7\u00e3o.\" \/>\n<meta property=\"og:url\" content=\"https:\/\/fullsolutions.info\/en\/product\/promag-53h-2\/\" \/>\n<meta property=\"og:site_name\" content=\"Full Solutions\" \/>\n<meta property=\"article:modified_time\" content=\"2026-04-22T18:16:31+00:00\" \/>\n<meta property=\"og:image\" content=\"https:\/\/mlhff0prgoxu.i.optimole.com\/cb:s0sM.767\/w:auto\/h:auto\/q:mauto\/f:best\/https:\/\/fullsolutions.info\/wp-content\/uploads\/2024\/02\/Promag-53H-1.jpeg\" \/>\n\t<meta property=\"og:image:width\" content=\"500\" \/>\n\t<meta property=\"og:image:height\" content=\"500\" \/>\n\t<meta property=\"og:image:type\" content=\"image\/jpeg\" \/>\n<meta name=\"twitter:card\" content=\"summary_large_image\" \/>\n<meta name=\"twitter:label1\" content=\"Est. reading time\" \/>\n\t<meta name=\"twitter:data1\" content=\"2 minutes\" \/>\n<script type=\"application\/ld+json\" class=\"yoast-schema-graph\">{\"@context\":\"https:\/\/schema.org\",\"@graph\":[{\"@type\":\"WebPage\",\"@id\":\"https:\/\/fullsolutions.info\/produto\/promag-53h-2\/\",\"url\":\"https:\/\/fullsolutions.info\/produto\/promag-53h-2\/\",\"name\":\"Promag 53H - Full Solutions\",\"isPartOf\":{\"@id\":\"https:\/\/fullsolutions.info\/#website\"},\"primaryImageOfPage\":{\"@id\":\"https:\/\/fullsolutions.info\/produto\/promag-53h-2\/#primaryimage\"},\"image\":{\"@id\":\"https:\/\/fullsolutions.info\/produto\/promag-53h-2\/#primaryimage\"},\"thumbnailUrl\":\"https:\/\/mlhff0prgoxu.i.optimole.com\/cb:s0sM.767\/w:auto\/h:auto\/q:mauto\/f:best\/https:\/\/fullsolutions.info\/wp-content\/uploads\/2024\/02\/Promag-53H-1.jpeg\",\"datePublished\":\"2024-02-02T18:40:01+00:00\",\"dateModified\":\"2026-04-22T18:16:31+00:00\",\"description\":\"Promag 53H da Endress+Hauser: medidor de vaz\u00e3o eletromagn\u00e9tico para aplica\u00e7\u00f5es higi\u00eanicas. Alta precis\u00e3o e confiabilidade. Solicite cota\u00e7\u00e3o.\",\"breadcrumb\":{\"@id\":\"https:\/\/fullsolutions.info\/produto\/promag-53h-2\/#breadcrumb\"},\"inLanguage\":\"en-US\",\"potentialAction\":[{\"@type\":\"ReadAction\",\"target\":[\"https:\/\/fullsolutions.info\/produto\/promag-53h-2\/\"]}]},{\"@type\":\"ImageObject\",\"inLanguage\":\"en-US\",\"@id\":\"https:\/\/fullsolutions.info\/produto\/promag-53h-2\/#primaryimage\",\"url\":\"https:\/\/mlhff0prgoxu.i.optimole.com\/cb:s0sM.767\/w:auto\/h:auto\/q:mauto\/f:best\/https:\/\/fullsolutions.info\/wp-content\/uploads\/2024\/02\/Promag-53H-1.jpeg\",\"contentUrl\":\"https:\/\/mlhff0prgoxu.i.optimole.com\/cb:s0sM.767\/w:auto\/h:auto\/q:mauto\/f:best\/https:\/\/fullsolutions.info\/wp-content\/uploads\/2024\/02\/Promag-53H-1.jpeg\",\"width\":500,\"height\":500},{\"@type\":\"BreadcrumbList\",\"@id\":\"https:\/\/fullsolutions.info\/produto\/promag-53h-2\/#breadcrumb\",\"itemListElement\":[{\"@type\":\"ListItem\",\"position\":1,\"name\":\"In\u00edcio\",\"item\":\"https:\/\/fullsolutions.info\/\"},{\"@type\":\"ListItem\",\"position\":2,\"name\":\"Produtos\",\"item\":\"https:\/\/fullsolutions.info\/shop\/\"},{\"@type\":\"ListItem\",\"position\":3,\"name\":\"Promag 53H\"}]},{\"@type\":\"WebSite\",\"@id\":\"https:\/\/fullsolutions.info\/#website\",\"url\":\"https:\/\/fullsolutions.info\/\",\"name\":\"Full Solutions\",\"description\":\"Empresa na \u00c1rea de Procurement\",\"publisher\":{\"@id\":\"https:\/\/fullsolutions.info\/#organization\"},\"potentialAction\":[{\"@type\":\"SearchAction\",\"target\":{\"@type\":\"EntryPoint\",\"urlTemplate\":\"https:\/\/fullsolutions.info\/?s={search_term_string}\"},\"query-input\":{\"@type\":\"PropertyValueSpecification\",\"valueRequired\":true,\"valueName\":\"search_term_string\"}}],\"inLanguage\":\"en-US\"},{\"@type\":\"Organization\",\"@id\":\"https:\/\/fullsolutions.info\/#organization\",\"name\":\"Full Solutions\",\"url\":\"https:\/\/fullsolutions.info\/\",\"logo\":{\"@type\":\"ImageObject\",\"inLanguage\":\"en-US\",\"@id\":\"https:\/\/fullsolutions.info\/#\/schema\/logo\/image\/\",\"url\":\"https:\/\/mlhff0prgoxu.i.optimole.com\/cb:s0sM.767\/w:auto\/h:auto\/q:mauto\/f:best\/https:\/\/fullsolutions.info\/wp-content\/uploads\/2021\/07\/cropped-Design-sem-nome-300x193-1-e1627062664782.png\",\"contentUrl\":\"https:\/\/mlhff0prgoxu.i.optimole.com\/cb:s0sM.767\/w:auto\/h:auto\/q:mauto\/f:best\/https:\/\/fullsolutions.info\/wp-content\/uploads\/2021\/07\/cropped-Design-sem-nome-300x193-1-e1627062664782.png\",\"width\":202,\"height\":155,\"caption\":\"Full Solutions\"},\"image\":{\"@id\":\"https:\/\/fullsolutions.info\/#\/schema\/logo\/image\/\"},\"sameAs\":[\"https:\/\/www.linkedin.com\/company\/full-solutions-equipment\"]}]}<\/script>\n<!-- \/ Yoast SEO plugin. -->","yoast_head_json":{"title":"Promag 53H - Full Solutions","description":"Promag 53H da Endress+Hauser: medidor de vaz\u00e3o eletromagn\u00e9tico para aplica\u00e7\u00f5es higi\u00eanicas. Alta precis\u00e3o e confiabilidade. Solicite cota\u00e7\u00e3o.","robots":{"index":"index","follow":"follow","max-snippet":"max-snippet:-1","max-image-preview":"max-image-preview:large","max-video-preview":"max-video-preview:-1"},"canonical":"https:\/\/fullsolutions.info\/en\/product\/promag-53h-2\/","og_locale":"en_US","og_type":"article","og_title":"Promag 53H - Full Solutions","og_description":"Promag 53H da Endress+Hauser: medidor de vaz\u00e3o eletromagn\u00e9tico para aplica\u00e7\u00f5es higi\u00eanicas. Alta precis\u00e3o e confiabilidade. Solicite cota\u00e7\u00e3o.","og_url":"https:\/\/fullsolutions.info\/en\/product\/promag-53h-2\/","og_site_name":"Full Solutions","article_modified_time":"2026-04-22T18:16:31+00:00","og_image":[{"width":500,"height":500,"url":"https:\/\/mlhff0prgoxu.i.optimole.com\/cb:s0sM.767\/w:auto\/h:auto\/q:mauto\/f:best\/https:\/\/fullsolutions.info\/wp-content\/uploads\/2024\/02\/Promag-53H-1.jpeg","type":"image\/jpeg"}],"twitter_card":"summary_large_image","twitter_misc":{"Est. reading time":"2 minutes"},"schema":{"@context":"https:\/\/schema.org","@graph":[{"@type":"WebPage","@id":"https:\/\/fullsolutions.info\/produto\/promag-53h-2\/","url":"https:\/\/fullsolutions.info\/produto\/promag-53h-2\/","name":"Promag 53H - Full Solutions","isPartOf":{"@id":"https:\/\/fullsolutions.info\/#website"},"primaryImageOfPage":{"@id":"https:\/\/fullsolutions.info\/produto\/promag-53h-2\/#primaryimage"},"image":{"@id":"https:\/\/fullsolutions.info\/produto\/promag-53h-2\/#primaryimage"},"thumbnailUrl":"https:\/\/mlhff0prgoxu.i.optimole.com\/cb:s0sM.767\/w:auto\/h:auto\/q:mauto\/f:best\/https:\/\/fullsolutions.info\/wp-content\/uploads\/2024\/02\/Promag-53H-1.jpeg","datePublished":"2024-02-02T18:40:01+00:00","dateModified":"2026-04-22T18:16:31+00:00","description":"Promag 53H da Endress+Hauser: medidor de vaz\u00e3o eletromagn\u00e9tico para aplica\u00e7\u00f5es higi\u00eanicas. Alta precis\u00e3o e confiabilidade. Solicite cota\u00e7\u00e3o.","breadcrumb":{"@id":"https:\/\/fullsolutions.info\/produto\/promag-53h-2\/#breadcrumb"},"inLanguage":"en-US","potentialAction":[{"@type":"ReadAction","target":["https:\/\/fullsolutions.info\/produto\/promag-53h-2\/"]}]},{"@type":"ImageObject","inLanguage":"en-US","@id":"https:\/\/fullsolutions.info\/produto\/promag-53h-2\/#primaryimage","url":"https:\/\/mlhff0prgoxu.i.optimole.com\/cb:s0sM.767\/w:auto\/h:auto\/q:mauto\/f:best\/https:\/\/fullsolutions.info\/wp-content\/uploads\/2024\/02\/Promag-53H-1.jpeg","contentUrl":"https:\/\/mlhff0prgoxu.i.optimole.com\/cb:s0sM.767\/w:auto\/h:auto\/q:mauto\/f:best\/https:\/\/fullsolutions.info\/wp-content\/uploads\/2024\/02\/Promag-53H-1.jpeg","width":500,"height":500},{"@type":"BreadcrumbList","@id":"https:\/\/fullsolutions.info\/produto\/promag-53h-2\/#breadcrumb","itemListElement":[{"@type":"ListItem","position":1,"name":"In\u00edcio","item":"https:\/\/fullsolutions.info\/"},{"@type":"ListItem","position":2,"name":"Produtos","item":"https:\/\/fullsolutions.info\/shop\/"},{"@type":"ListItem","position":3,"name":"Promag 53H"}]},{"@type":"WebSite","@id":"https:\/\/fullsolutions.info\/#website","url":"https:\/\/fullsolutions.info\/","name":"Full Solutions","description":"Empresa na \u00c1rea de Procurement","publisher":{"@id":"https:\/\/fullsolutions.info\/#organization"},"potentialAction":[{"@type":"SearchAction","target":{"@type":"EntryPoint","urlTemplate":"https:\/\/fullsolutions.info\/?s={search_term_string}"},"query-input":{"@type":"PropertyValueSpecification","valueRequired":true,"valueName":"search_term_string"}}],"inLanguage":"en-US"},{"@type":"Organization","@id":"https:\/\/fullsolutions.info\/#organization","name":"Full Solutions","url":"https:\/\/fullsolutions.info\/","logo":{"@type":"ImageObject","inLanguage":"en-US","@id":"https:\/\/fullsolutions.info\/#\/schema\/logo\/image\/","url":"https:\/\/mlhff0prgoxu.i.optimole.com\/cb:s0sM.767\/w:auto\/h:auto\/q:mauto\/f:best\/https:\/\/fullsolutions.info\/wp-content\/uploads\/2021\/07\/cropped-Design-sem-nome-300x193-1-e1627062664782.png","contentUrl":"https:\/\/mlhff0prgoxu.i.optimole.com\/cb:s0sM.767\/w:auto\/h:auto\/q:mauto\/f:best\/https:\/\/fullsolutions.info\/wp-content\/uploads\/2021\/07\/cropped-Design-sem-nome-300x193-1-e1627062664782.png","width":202,"height":155,"caption":"Full Solutions"},"image":{"@id":"https:\/\/fullsolutions.info\/#\/schema\/logo\/image\/"},"sameAs":["https:\/\/www.linkedin.com\/company\/full-solutions-equipment"]}]}},"_links":{"self":[{"href":"https:\/\/fullsolutions.info\/en\/wp-json\/wp\/v2\/product\/4526","targetHints":{"allow":["GET"]}}],"collection":[{"href":"https:\/\/fullsolutions.info\/en\/wp-json\/wp\/v2\/product"}],"about":[{"href":"https:\/\/fullsolutions.info\/en\/wp-json\/wp\/v2\/types\/product"}],"replies":[{"embeddable":true,"href":"https:\/\/fullsolutions.info\/en\/wp-json\/wp\/v2\/comments?post=4526"}],"wp:featuredmedia":[{"embeddable":true,"href":"https:\/\/fullsolutions.info\/en\/wp-json\/wp\/v2\/media\/4527"}],"wp:attachment":[{"href":"https:\/\/fullsolutions.info\/en\/wp-json\/wp\/v2\/media?parent=4526"}],"wp:term":[{"taxonomy":"product_brand","embeddable":true,"href":"https:\/\/fullsolutions.info\/en\/wp-json\/wp\/v2\/product_brand?post=4526"},{"taxonomy":"product_cat","embeddable":true,"href":"https:\/\/fullsolutions.info\/en\/wp-json\/wp\/v2\/product_cat?post=4526"},{"taxonomy":"product_tag","embeddable":true,"href":"https:\/\/fullsolutions.info\/en\/wp-json\/wp\/v2\/product_tag?post=4526"},{"taxonomy":"marca","embeddable":true,"href":"https:\/\/fullsolutions.info\/en\/wp-json\/wp\/v2\/marca?post=4526"}],"curies":[{"name":"wp","href":"https:\/\/api.w.org\/{rel}","templated":true}]}}