{"id":4524,"date":"2024-02-02T18:38:31","date_gmt":"2024-02-02T18:38:31","guid":{"rendered":"https:\/\/fullsolutionsequip.com\/?post_type=product&#038;p=4524"},"modified":"2026-04-22T15:20:59","modified_gmt":"2026-04-22T18:20:59","slug":"promag-51w","status":"publish","type":"product","link":"https:\/\/fullsolutions.info\/en\/product\/promag-51w\/","title":{"rendered":"Promag 51W"},"content":{"rendered":"<p>Sistema de Medi\u00e7\u00e3o de Fluxo Eletromagn\u00e9tico para transfer\u00eancia de cust\u00f3dia com \u00e1gua fria<\/p>\n<p>Seus benef\u00edcios<\/p>\n<p>Os dispositivos de medi\u00e7\u00e3o Promag oferecem medi\u00e7\u00e3o de vaz\u00e3o econ\u00f4mica com alto grau de precis\u00e3o para uma ampla variedade de condi\u00e7\u00f5es de processo.<\/p>\n<p>O conceito uniforme do transmissor Proline compreende:<\/p>\n<p>Conceito de dispositivo modular e operacional resultando em um maior grau de efici\u00eancia<br \/>\nConceito operacional uniforme<br \/>\nOs sensores testados e aprovados do Promag oferecem:<\/p>\n<p>Sem perda de press\u00e3o<br \/>\nInsensibilidade a vibra\u00e7\u00f5es<br \/>\nInstala\u00e7\u00e3o e comissionamento simples<\/p>\n<p>Campo de aplica\u00e7\u00e3o<br \/>\nMedidor de vaz\u00e3o eletromagn\u00e9tico para transfer\u00eancia de cust\u00f3dia com \u00e1gua fria:<\/p>\n<p>Medi\u00e7\u00e3o de fluxo de at\u00e9 110.000 m\u00b3\/h (484.315 gal\/min)<br \/>\nTemperatura do fluido (para um dispositivo certificado) de at\u00e9 +30 \u00b0C (+86 \u00b0F)<br \/>\nPress\u00f5es de processo de at\u00e9 40 bar (580 psi)<br \/>\nComprimentos de conex\u00e3o conforme DVGW\/ISO<br \/>\nAprova\u00e7\u00e3o PTB<br \/>\nClasses metrol\u00f3gicas A e B<br \/>\nCom exame tipo nacional para \u00e1gua fria (ALE)<br \/>\nOpera\u00e7\u00e3o cont\u00ednua em Qmax poss\u00edvel<br \/>\nMateriais de revestimento espec\u00edficos para a aplica\u00e7\u00e3o:<\/p>\n<p>Poliuretano, borracha dura<br \/>\nTubula\u00e7\u00f5es de medi\u00e7\u00e3o revestidas com materiais aprovados para \u00e1gua pot\u00e1vel:<\/p>\n<p>KTW, WRAS, ACS, etc.<br \/>\nSa\u00edda de medi\u00e7\u00e3o espec\u00edfica para a aplica\u00e7\u00e3o:<\/p>\n<p>Com display totalizador certificado e sa\u00edda de pulso<\/p>","protected":false},"excerpt":{"rendered":"<p>Sistema de Medi\u00e7\u00e3o de Fluxo Eletromagn\u00e9tico para transfer\u00eancia de cust\u00f3dia com \u00e1gua fria Seus benef\u00edcios Os dispositivos de medi\u00e7\u00e3o Promag oferecem medi\u00e7\u00e3o de vaz\u00e3o econ\u00f4mica com alto grau de precis\u00e3o para uma ampla variedade de condi\u00e7\u00f5es de processo. O conceito uniforme do transmissor Proline compreende: Conceito de dispositivo modular e operacional resultando em um maior grau de efici\u00eancia Conceito operacional uniforme Os sensores testados e aprovados do Promag oferecem: Sem perda de press\u00e3o Insensibilidade a vibra\u00e7\u00f5es Instala\u00e7\u00e3o e comissionamento simples Campo de aplica\u00e7\u00e3o Medidor de vaz\u00e3o eletromagn\u00e9tico para transfer\u00eancia de cust\u00f3dia com \u00e1gua fria: Medi\u00e7\u00e3o de fluxo de at\u00e9 110.000 m\u00b3\/h (484.315 gal\/min) Temperatura do fluido (para um dispositivo certificado) de at\u00e9 +30 \u00b0C (+86 \u00b0F) Press\u00f5es de processo de at\u00e9 40 bar (580 psi) Comprimentos de conex\u00e3o conforme DVGW\/ISO Aprova\u00e7\u00e3o PTB Classes metrol\u00f3gicas A e B Com exame tipo nacional para \u00e1gua fria (ALE) Opera\u00e7\u00e3o cont\u00ednua em Qmax poss\u00edvel Materiais de revestimento espec\u00edficos para a aplica\u00e7\u00e3o: Poliuretano, borracha dura Tubula\u00e7\u00f5es de medi\u00e7\u00e3o revestidas com materiais aprovados para \u00e1gua pot\u00e1vel: KTW, WRAS, ACS, etc. Sa\u00edda de medi\u00e7\u00e3o espec\u00edfica para a aplica\u00e7\u00e3o: Com display totalizador certificado e sa\u00edda de pulso<\/p>","protected":false},"featured_media":4525,"comment_status":"open","ping_status":"closed","template":"","meta":{"_joinchat":[]},"product_brand":[],"product_cat":[146],"product_tag":[],"marca":[147],"class_list":{"0":"post-4524","1":"product","2":"type-product","3":"status-publish","4":"has-post-thumbnail","6":"product_cat-medidores-de-vazao-e-tubos-de-vazao","7":"marca-endresshauser","9":"first","10":"instock","11":"shipping-taxable","12":"purchasable","13":"product-type-simple"},"yoast_head":"<!-- This site is optimized with the Yoast SEO plugin v27.2 - https:\/\/yoast.com\/product\/yoast-seo-wordpress\/ -->\n<title>Promag 51W - Full Solutions<\/title>\n<meta name=\"description\" content=\"Promag 51W da Endress+Hauser: medidor de vaz\u00e3o eletromagn\u00e9tico para \u00e1gua e efluentes. Alta precis\u00e3o, estabilidade e integra\u00e7\u00e3o industrial. Solicite cota\u00e7\u00e3o.\" \/>\n<meta name=\"robots\" content=\"index, follow, max-snippet:-1, max-image-preview:large, max-video-preview:-1\" \/>\n<link rel=\"canonical\" href=\"https:\/\/fullsolutions.info\/en\/product\/promag-51w\/\" \/>\n<meta property=\"og:locale\" content=\"en_US\" \/>\n<meta property=\"og:type\" content=\"article\" \/>\n<meta property=\"og:title\" content=\"Promag 51W - Full Solutions\" \/>\n<meta property=\"og:description\" content=\"Promag 51W da Endress+Hauser: medidor de vaz\u00e3o eletromagn\u00e9tico para \u00e1gua e efluentes. Alta precis\u00e3o, estabilidade e integra\u00e7\u00e3o industrial. Solicite cota\u00e7\u00e3o.\" \/>\n<meta property=\"og:url\" content=\"https:\/\/fullsolutions.info\/en\/product\/promag-51w\/\" \/>\n<meta property=\"og:site_name\" content=\"Full Solutions\" \/>\n<meta property=\"article:modified_time\" content=\"2026-04-22T18:20:59+00:00\" \/>\n<meta property=\"og:image\" content=\"https:\/\/mlhff0prgoxu.i.optimole.com\/cb:s0sM.767\/w:auto\/h:auto\/q:mauto\/f:best\/https:\/\/fullsolutions.info\/wp-content\/uploads\/2024\/02\/Promag-51W.jpeg\" \/>\n\t<meta property=\"og:image:width\" content=\"500\" \/>\n\t<meta property=\"og:image:height\" content=\"500\" \/>\n\t<meta property=\"og:image:type\" content=\"image\/jpeg\" \/>\n<meta name=\"twitter:card\" content=\"summary_large_image\" \/>\n<meta name=\"twitter:label1\" content=\"Est. reading time\" \/>\n\t<meta name=\"twitter:data1\" content=\"2 minutes\" \/>\n<script type=\"application\/ld+json\" class=\"yoast-schema-graph\">{\"@context\":\"https:\/\/schema.org\",\"@graph\":[{\"@type\":\"WebPage\",\"@id\":\"https:\/\/fullsolutions.info\/produto\/promag-51w\/\",\"url\":\"https:\/\/fullsolutions.info\/produto\/promag-51w\/\",\"name\":\"Promag 51W - Full Solutions\",\"isPartOf\":{\"@id\":\"https:\/\/fullsolutions.info\/#website\"},\"primaryImageOfPage\":{\"@id\":\"https:\/\/fullsolutions.info\/produto\/promag-51w\/#primaryimage\"},\"image\":{\"@id\":\"https:\/\/fullsolutions.info\/produto\/promag-51w\/#primaryimage\"},\"thumbnailUrl\":\"https:\/\/mlhff0prgoxu.i.optimole.com\/cb:s0sM.767\/w:auto\/h:auto\/q:mauto\/f:best\/https:\/\/fullsolutions.info\/wp-content\/uploads\/2024\/02\/Promag-51W.jpeg\",\"datePublished\":\"2024-02-02T18:38:31+00:00\",\"dateModified\":\"2026-04-22T18:20:59+00:00\",\"description\":\"Promag 51W da Endress+Hauser: medidor de vaz\u00e3o eletromagn\u00e9tico para \u00e1gua e efluentes. Alta precis\u00e3o, estabilidade e integra\u00e7\u00e3o industrial. Solicite cota\u00e7\u00e3o.\",\"breadcrumb\":{\"@id\":\"https:\/\/fullsolutions.info\/produto\/promag-51w\/#breadcrumb\"},\"inLanguage\":\"en-US\",\"potentialAction\":[{\"@type\":\"ReadAction\",\"target\":[\"https:\/\/fullsolutions.info\/produto\/promag-51w\/\"]}]},{\"@type\":\"ImageObject\",\"inLanguage\":\"en-US\",\"@id\":\"https:\/\/fullsolutions.info\/produto\/promag-51w\/#primaryimage\",\"url\":\"https:\/\/mlhff0prgoxu.i.optimole.com\/cb:s0sM.767\/w:auto\/h:auto\/q:mauto\/f:best\/https:\/\/fullsolutions.info\/wp-content\/uploads\/2024\/02\/Promag-51W.jpeg\",\"contentUrl\":\"https:\/\/mlhff0prgoxu.i.optimole.com\/cb:s0sM.767\/w:auto\/h:auto\/q:mauto\/f:best\/https:\/\/fullsolutions.info\/wp-content\/uploads\/2024\/02\/Promag-51W.jpeg\",\"width\":500,\"height\":500},{\"@type\":\"BreadcrumbList\",\"@id\":\"https:\/\/fullsolutions.info\/produto\/promag-51w\/#breadcrumb\",\"itemListElement\":[{\"@type\":\"ListItem\",\"position\":1,\"name\":\"In\u00edcio\",\"item\":\"https:\/\/fullsolutions.info\/\"},{\"@type\":\"ListItem\",\"position\":2,\"name\":\"Produtos\",\"item\":\"https:\/\/fullsolutions.info\/shop\/\"},{\"@type\":\"ListItem\",\"position\":3,\"name\":\"Promag 51W\"}]},{\"@type\":\"WebSite\",\"@id\":\"https:\/\/fullsolutions.info\/#website\",\"url\":\"https:\/\/fullsolutions.info\/\",\"name\":\"Full Solutions\",\"description\":\"Empresa na \u00c1rea de Procurement\",\"publisher\":{\"@id\":\"https:\/\/fullsolutions.info\/#organization\"},\"potentialAction\":[{\"@type\":\"SearchAction\",\"target\":{\"@type\":\"EntryPoint\",\"urlTemplate\":\"https:\/\/fullsolutions.info\/?s={search_term_string}\"},\"query-input\":{\"@type\":\"PropertyValueSpecification\",\"valueRequired\":true,\"valueName\":\"search_term_string\"}}],\"inLanguage\":\"en-US\"},{\"@type\":\"Organization\",\"@id\":\"https:\/\/fullsolutions.info\/#organization\",\"name\":\"Full Solutions\",\"url\":\"https:\/\/fullsolutions.info\/\",\"logo\":{\"@type\":\"ImageObject\",\"inLanguage\":\"en-US\",\"@id\":\"https:\/\/fullsolutions.info\/#\/schema\/logo\/image\/\",\"url\":\"https:\/\/mlhff0prgoxu.i.optimole.com\/cb:s0sM.767\/w:auto\/h:auto\/q:mauto\/f:best\/https:\/\/fullsolutions.info\/wp-content\/uploads\/2021\/07\/cropped-Design-sem-nome-300x193-1-e1627062664782.png\",\"contentUrl\":\"https:\/\/mlhff0prgoxu.i.optimole.com\/cb:s0sM.767\/w:auto\/h:auto\/q:mauto\/f:best\/https:\/\/fullsolutions.info\/wp-content\/uploads\/2021\/07\/cropped-Design-sem-nome-300x193-1-e1627062664782.png\",\"width\":202,\"height\":155,\"caption\":\"Full Solutions\"},\"image\":{\"@id\":\"https:\/\/fullsolutions.info\/#\/schema\/logo\/image\/\"},\"sameAs\":[\"https:\/\/www.linkedin.com\/company\/full-solutions-equipment\"]}]}<\/script>\n<!-- \/ Yoast SEO plugin. -->","yoast_head_json":{"title":"Promag 51W - Full Solutions","description":"Promag 51W da Endress+Hauser: medidor de vaz\u00e3o eletromagn\u00e9tico para \u00e1gua e efluentes. Alta precis\u00e3o, estabilidade e integra\u00e7\u00e3o industrial. Solicite cota\u00e7\u00e3o.","robots":{"index":"index","follow":"follow","max-snippet":"max-snippet:-1","max-image-preview":"max-image-preview:large","max-video-preview":"max-video-preview:-1"},"canonical":"https:\/\/fullsolutions.info\/en\/product\/promag-51w\/","og_locale":"en_US","og_type":"article","og_title":"Promag 51W - Full Solutions","og_description":"Promag 51W da Endress+Hauser: medidor de vaz\u00e3o eletromagn\u00e9tico para \u00e1gua e efluentes. Alta precis\u00e3o, estabilidade e integra\u00e7\u00e3o industrial. Solicite cota\u00e7\u00e3o.","og_url":"https:\/\/fullsolutions.info\/en\/product\/promag-51w\/","og_site_name":"Full Solutions","article_modified_time":"2026-04-22T18:20:59+00:00","og_image":[{"width":500,"height":500,"url":"https:\/\/mlhff0prgoxu.i.optimole.com\/cb:s0sM.767\/w:auto\/h:auto\/q:mauto\/f:best\/https:\/\/fullsolutions.info\/wp-content\/uploads\/2024\/02\/Promag-51W.jpeg","type":"image\/jpeg"}],"twitter_card":"summary_large_image","twitter_misc":{"Est. reading time":"2 minutes"},"schema":{"@context":"https:\/\/schema.org","@graph":[{"@type":"WebPage","@id":"https:\/\/fullsolutions.info\/produto\/promag-51w\/","url":"https:\/\/fullsolutions.info\/produto\/promag-51w\/","name":"Promag 51W - Full Solutions","isPartOf":{"@id":"https:\/\/fullsolutions.info\/#website"},"primaryImageOfPage":{"@id":"https:\/\/fullsolutions.info\/produto\/promag-51w\/#primaryimage"},"image":{"@id":"https:\/\/fullsolutions.info\/produto\/promag-51w\/#primaryimage"},"thumbnailUrl":"https:\/\/mlhff0prgoxu.i.optimole.com\/cb:s0sM.767\/w:auto\/h:auto\/q:mauto\/f:best\/https:\/\/fullsolutions.info\/wp-content\/uploads\/2024\/02\/Promag-51W.jpeg","datePublished":"2024-02-02T18:38:31+00:00","dateModified":"2026-04-22T18:20:59+00:00","description":"Promag 51W da Endress+Hauser: medidor de vaz\u00e3o eletromagn\u00e9tico para \u00e1gua e efluentes. Alta precis\u00e3o, estabilidade e integra\u00e7\u00e3o industrial. Solicite cota\u00e7\u00e3o.","breadcrumb":{"@id":"https:\/\/fullsolutions.info\/produto\/promag-51w\/#breadcrumb"},"inLanguage":"en-US","potentialAction":[{"@type":"ReadAction","target":["https:\/\/fullsolutions.info\/produto\/promag-51w\/"]}]},{"@type":"ImageObject","inLanguage":"en-US","@id":"https:\/\/fullsolutions.info\/produto\/promag-51w\/#primaryimage","url":"https:\/\/mlhff0prgoxu.i.optimole.com\/cb:s0sM.767\/w:auto\/h:auto\/q:mauto\/f:best\/https:\/\/fullsolutions.info\/wp-content\/uploads\/2024\/02\/Promag-51W.jpeg","contentUrl":"https:\/\/mlhff0prgoxu.i.optimole.com\/cb:s0sM.767\/w:auto\/h:auto\/q:mauto\/f:best\/https:\/\/fullsolutions.info\/wp-content\/uploads\/2024\/02\/Promag-51W.jpeg","width":500,"height":500},{"@type":"BreadcrumbList","@id":"https:\/\/fullsolutions.info\/produto\/promag-51w\/#breadcrumb","itemListElement":[{"@type":"ListItem","position":1,"name":"In\u00edcio","item":"https:\/\/fullsolutions.info\/"},{"@type":"ListItem","position":2,"name":"Produtos","item":"https:\/\/fullsolutions.info\/shop\/"},{"@type":"ListItem","position":3,"name":"Promag 51W"}]},{"@type":"WebSite","@id":"https:\/\/fullsolutions.info\/#website","url":"https:\/\/fullsolutions.info\/","name":"Full Solutions","description":"Empresa na \u00c1rea de Procurement","publisher":{"@id":"https:\/\/fullsolutions.info\/#organization"},"potentialAction":[{"@type":"SearchAction","target":{"@type":"EntryPoint","urlTemplate":"https:\/\/fullsolutions.info\/?s={search_term_string}"},"query-input":{"@type":"PropertyValueSpecification","valueRequired":true,"valueName":"search_term_string"}}],"inLanguage":"en-US"},{"@type":"Organization","@id":"https:\/\/fullsolutions.info\/#organization","name":"Full Solutions","url":"https:\/\/fullsolutions.info\/","logo":{"@type":"ImageObject","inLanguage":"en-US","@id":"https:\/\/fullsolutions.info\/#\/schema\/logo\/image\/","url":"https:\/\/mlhff0prgoxu.i.optimole.com\/cb:s0sM.767\/w:auto\/h:auto\/q:mauto\/f:best\/https:\/\/fullsolutions.info\/wp-content\/uploads\/2021\/07\/cropped-Design-sem-nome-300x193-1-e1627062664782.png","contentUrl":"https:\/\/mlhff0prgoxu.i.optimole.com\/cb:s0sM.767\/w:auto\/h:auto\/q:mauto\/f:best\/https:\/\/fullsolutions.info\/wp-content\/uploads\/2021\/07\/cropped-Design-sem-nome-300x193-1-e1627062664782.png","width":202,"height":155,"caption":"Full Solutions"},"image":{"@id":"https:\/\/fullsolutions.info\/#\/schema\/logo\/image\/"},"sameAs":["https:\/\/www.linkedin.com\/company\/full-solutions-equipment"]}]}},"_links":{"self":[{"href":"https:\/\/fullsolutions.info\/en\/wp-json\/wp\/v2\/product\/4524","targetHints":{"allow":["GET"]}}],"collection":[{"href":"https:\/\/fullsolutions.info\/en\/wp-json\/wp\/v2\/product"}],"about":[{"href":"https:\/\/fullsolutions.info\/en\/wp-json\/wp\/v2\/types\/product"}],"replies":[{"embeddable":true,"href":"https:\/\/fullsolutions.info\/en\/wp-json\/wp\/v2\/comments?post=4524"}],"wp:featuredmedia":[{"embeddable":true,"href":"https:\/\/fullsolutions.info\/en\/wp-json\/wp\/v2\/media\/4525"}],"wp:attachment":[{"href":"https:\/\/fullsolutions.info\/en\/wp-json\/wp\/v2\/media?parent=4524"}],"wp:term":[{"taxonomy":"product_brand","embeddable":true,"href":"https:\/\/fullsolutions.info\/en\/wp-json\/wp\/v2\/product_brand?post=4524"},{"taxonomy":"product_cat","embeddable":true,"href":"https:\/\/fullsolutions.info\/en\/wp-json\/wp\/v2\/product_cat?post=4524"},{"taxonomy":"product_tag","embeddable":true,"href":"https:\/\/fullsolutions.info\/en\/wp-json\/wp\/v2\/product_tag?post=4524"},{"taxonomy":"marca","embeddable":true,"href":"https:\/\/fullsolutions.info\/en\/wp-json\/wp\/v2\/marca?post=4524"}],"curies":[{"name":"wp","href":"https:\/\/api.w.org\/{rel}","templated":true}]}}