{"id":4508,"date":"2024-02-02T18:28:00","date_gmt":"2024-02-02T18:28:00","guid":{"rendered":"https:\/\/fullsolutionsequip.com\/?post_type=product&#038;p=4508"},"modified":"2026-04-22T16:02:11","modified_gmt":"2026-04-22T19:02:11","slug":"promag-w-400","status":"publish","type":"product","link":"https:\/\/fullsolutions.info\/en\/product\/promag-w-400\/","title":{"rendered":"Promag W 400"},"content":{"rendered":"<p>O Promag 800 L mede vaz\u00e3o de l\u00edquidos condutivos em aplica\u00e7\u00f5es industriais e de utilidades.<\/p>\n<p>Campo de aplica\u00e7\u00e3o<\/p>\n<p>Medi\u00e7\u00e3o bidirecional precisa de l\u00edquidos com uma condutividade m\u00ednima de \u22655 \u03bcS\/cm em aplica\u00e7\u00f5es de \u00e1gua\/\u00e1guas residuais.<br \/>\nO princ\u00edpio de medi\u00e7\u00e3o eletromagn\u00e9tica n\u00e3o \u00e9 afetado por press\u00e3o e temperatura. Al\u00e9m disso, o perfil de fluxo tem um efeito m\u00ednimo nos resultados da medi\u00e7\u00e3o.<\/p>\n<p>Propriedades do dispositivo<\/p>\n<p>Di\u00e2metro nominal: DN 25 a 2000 (1 a 78&#8243;)<br \/>\nRevestimento (HG, PU) com aprova\u00e7\u00f5es mundiais para \u00e1gua pot\u00e1vel: KTW, WRAS, NSF, ACS<br \/>\nPress\u00e3o de processo: m\u00e1x. 40 bar (580 psi)<br \/>\nInv\u00f3lucro do transmissor dur\u00e1vel em policarbonato<br \/>\nDisplay local gr\u00e1fico com opera\u00e7\u00e3o externa (Touch Control)<br \/>\nAt\u00e9 3 sa\u00eddas e 1 entrada, incluindo comunica\u00e7\u00e3o HART 4-20 mA<\/p>","protected":false},"excerpt":{"rendered":"<p>O Promag 800 L mede vaz\u00e3o de l\u00edquidos condutivos em aplica\u00e7\u00f5es industriais e de utilidades. Campo de aplica\u00e7\u00e3o Medi\u00e7\u00e3o bidirecional precisa de l\u00edquidos com uma condutividade m\u00ednima de \u22655 \u03bcS\/cm em aplica\u00e7\u00f5es de \u00e1gua\/\u00e1guas residuais. O princ\u00edpio de medi\u00e7\u00e3o eletromagn\u00e9tica n\u00e3o \u00e9 afetado por press\u00e3o e temperatura. Al\u00e9m disso, o perfil de fluxo tem um efeito m\u00ednimo nos resultados da medi\u00e7\u00e3o. Propriedades do dispositivo Di\u00e2metro nominal: DN 25 a 2000 (1 a 78&#8243;) Revestimento (HG, PU) com aprova\u00e7\u00f5es mundiais para \u00e1gua pot\u00e1vel: KTW, WRAS, NSF, ACS Press\u00e3o de processo: m\u00e1x. 40 bar (580 psi) Inv\u00f3lucro do transmissor dur\u00e1vel em policarbonato Display local gr\u00e1fico com opera\u00e7\u00e3o externa (Touch Control) At\u00e9 3 sa\u00eddas e 1 entrada, incluindo comunica\u00e7\u00e3o HART 4-20 mA<\/p>","protected":false},"featured_media":4509,"comment_status":"open","ping_status":"closed","template":"","meta":{"_joinchat":[]},"product_brand":[],"product_cat":[146],"product_tag":[],"marca":[147],"class_list":{"0":"post-4508","1":"product","2":"type-product","3":"status-publish","4":"has-post-thumbnail","6":"product_cat-medidores-de-vazao-e-tubos-de-vazao","7":"marca-endresshauser","9":"first","10":"instock","11":"shipping-taxable","12":"purchasable","13":"product-type-simple"},"yoast_head":"<!-- This site is optimized with the Yoast SEO plugin v27.2 - https:\/\/yoast.com\/product\/yoast-seo-wordpress\/ -->\n<title>Promag W 400 - Full Solutions<\/title>\n<meta name=\"description\" content=\"Promag 400 W da Endress+Hauser mede vaz\u00e3o de \u00e1gua e efluentes com alta precis\u00e3o. Ideal para saneamento e utilidades industriais.\" \/>\n<meta name=\"robots\" content=\"index, follow, max-snippet:-1, max-image-preview:large, max-video-preview:-1\" \/>\n<link rel=\"canonical\" href=\"https:\/\/fullsolutions.info\/en\/product\/promag-w-400\/\" \/>\n<meta property=\"og:locale\" content=\"en_US\" \/>\n<meta property=\"og:type\" content=\"article\" \/>\n<meta property=\"og:title\" content=\"Promag W 400 - Full Solutions\" \/>\n<meta property=\"og:description\" content=\"Promag 400 W da Endress+Hauser mede vaz\u00e3o de \u00e1gua e efluentes com alta precis\u00e3o. Ideal para saneamento e utilidades industriais.\" \/>\n<meta property=\"og:url\" content=\"https:\/\/fullsolutions.info\/en\/product\/promag-w-400\/\" \/>\n<meta property=\"og:site_name\" content=\"Full Solutions\" \/>\n<meta property=\"article:modified_time\" content=\"2026-04-22T19:02:11+00:00\" \/>\n<meta property=\"og:image\" content=\"https:\/\/mlhff0prgoxu.i.optimole.com\/cb:s0sM.767\/w:auto\/h:auto\/q:mauto\/f:best\/https:\/\/fullsolutions.info\/wp-content\/uploads\/2024\/02\/Promag-W-400.jpeg\" \/>\n\t<meta property=\"og:image:width\" content=\"500\" \/>\n\t<meta property=\"og:image:height\" content=\"500\" \/>\n\t<meta property=\"og:image:type\" content=\"image\/jpeg\" \/>\n<meta name=\"twitter:card\" content=\"summary_large_image\" \/>\n<meta name=\"twitter:label1\" content=\"Est. reading time\" \/>\n\t<meta name=\"twitter:data1\" content=\"1 minute\" \/>\n<script type=\"application\/ld+json\" class=\"yoast-schema-graph\">{\"@context\":\"https:\/\/schema.org\",\"@graph\":[{\"@type\":\"WebPage\",\"@id\":\"https:\/\/fullsolutions.info\/produto\/promag-w-400\/\",\"url\":\"https:\/\/fullsolutions.info\/produto\/promag-w-400\/\",\"name\":\"Promag W 400 - Full Solutions\",\"isPartOf\":{\"@id\":\"https:\/\/fullsolutions.info\/#website\"},\"primaryImageOfPage\":{\"@id\":\"https:\/\/fullsolutions.info\/produto\/promag-w-400\/#primaryimage\"},\"image\":{\"@id\":\"https:\/\/fullsolutions.info\/produto\/promag-w-400\/#primaryimage\"},\"thumbnailUrl\":\"https:\/\/mlhff0prgoxu.i.optimole.com\/cb:s0sM.767\/w:auto\/h:auto\/q:mauto\/f:best\/https:\/\/fullsolutions.info\/wp-content\/uploads\/2024\/02\/Promag-W-400.jpeg\",\"datePublished\":\"2024-02-02T18:28:00+00:00\",\"dateModified\":\"2026-04-22T19:02:11+00:00\",\"description\":\"Promag 400 W da Endress+Hauser mede vaz\u00e3o de \u00e1gua e efluentes com alta precis\u00e3o. Ideal para saneamento e utilidades industriais.\",\"breadcrumb\":{\"@id\":\"https:\/\/fullsolutions.info\/produto\/promag-w-400\/#breadcrumb\"},\"inLanguage\":\"en-US\",\"potentialAction\":[{\"@type\":\"ReadAction\",\"target\":[\"https:\/\/fullsolutions.info\/produto\/promag-w-400\/\"]}]},{\"@type\":\"ImageObject\",\"inLanguage\":\"en-US\",\"@id\":\"https:\/\/fullsolutions.info\/produto\/promag-w-400\/#primaryimage\",\"url\":\"https:\/\/mlhff0prgoxu.i.optimole.com\/cb:s0sM.767\/w:auto\/h:auto\/q:mauto\/f:best\/https:\/\/fullsolutions.info\/wp-content\/uploads\/2024\/02\/Promag-W-400.jpeg\",\"contentUrl\":\"https:\/\/mlhff0prgoxu.i.optimole.com\/cb:s0sM.767\/w:auto\/h:auto\/q:mauto\/f:best\/https:\/\/fullsolutions.info\/wp-content\/uploads\/2024\/02\/Promag-W-400.jpeg\",\"width\":500,\"height\":500},{\"@type\":\"BreadcrumbList\",\"@id\":\"https:\/\/fullsolutions.info\/produto\/promag-w-400\/#breadcrumb\",\"itemListElement\":[{\"@type\":\"ListItem\",\"position\":1,\"name\":\"In\u00edcio\",\"item\":\"https:\/\/fullsolutions.info\/\"},{\"@type\":\"ListItem\",\"position\":2,\"name\":\"Produtos\",\"item\":\"https:\/\/fullsolutions.info\/shop\/\"},{\"@type\":\"ListItem\",\"position\":3,\"name\":\"Promag W 400\"}]},{\"@type\":\"WebSite\",\"@id\":\"https:\/\/fullsolutions.info\/#website\",\"url\":\"https:\/\/fullsolutions.info\/\",\"name\":\"Full Solutions\",\"description\":\"Empresa na \u00c1rea de Procurement\",\"publisher\":{\"@id\":\"https:\/\/fullsolutions.info\/#organization\"},\"potentialAction\":[{\"@type\":\"SearchAction\",\"target\":{\"@type\":\"EntryPoint\",\"urlTemplate\":\"https:\/\/fullsolutions.info\/?s={search_term_string}\"},\"query-input\":{\"@type\":\"PropertyValueSpecification\",\"valueRequired\":true,\"valueName\":\"search_term_string\"}}],\"inLanguage\":\"en-US\"},{\"@type\":\"Organization\",\"@id\":\"https:\/\/fullsolutions.info\/#organization\",\"name\":\"Full Solutions\",\"url\":\"https:\/\/fullsolutions.info\/\",\"logo\":{\"@type\":\"ImageObject\",\"inLanguage\":\"en-US\",\"@id\":\"https:\/\/fullsolutions.info\/#\/schema\/logo\/image\/\",\"url\":\"https:\/\/mlhff0prgoxu.i.optimole.com\/cb:s0sM.767\/w:auto\/h:auto\/q:mauto\/f:best\/https:\/\/fullsolutions.info\/wp-content\/uploads\/2021\/07\/cropped-Design-sem-nome-300x193-1-e1627062664782.png\",\"contentUrl\":\"https:\/\/mlhff0prgoxu.i.optimole.com\/cb:s0sM.767\/w:auto\/h:auto\/q:mauto\/f:best\/https:\/\/fullsolutions.info\/wp-content\/uploads\/2021\/07\/cropped-Design-sem-nome-300x193-1-e1627062664782.png\",\"width\":202,\"height\":155,\"caption\":\"Full Solutions\"},\"image\":{\"@id\":\"https:\/\/fullsolutions.info\/#\/schema\/logo\/image\/\"},\"sameAs\":[\"https:\/\/www.linkedin.com\/company\/full-solutions-equipment\"]}]}<\/script>\n<!-- \/ Yoast SEO plugin. -->","yoast_head_json":{"title":"Promag W 400 - Full Solutions","description":"Promag 400 W da Endress+Hauser mede vaz\u00e3o de \u00e1gua e efluentes com alta precis\u00e3o. Ideal para saneamento e utilidades industriais.","robots":{"index":"index","follow":"follow","max-snippet":"max-snippet:-1","max-image-preview":"max-image-preview:large","max-video-preview":"max-video-preview:-1"},"canonical":"https:\/\/fullsolutions.info\/en\/product\/promag-w-400\/","og_locale":"en_US","og_type":"article","og_title":"Promag W 400 - Full Solutions","og_description":"Promag 400 W da Endress+Hauser mede vaz\u00e3o de \u00e1gua e efluentes com alta precis\u00e3o. Ideal para saneamento e utilidades industriais.","og_url":"https:\/\/fullsolutions.info\/en\/product\/promag-w-400\/","og_site_name":"Full Solutions","article_modified_time":"2026-04-22T19:02:11+00:00","og_image":[{"width":500,"height":500,"url":"https:\/\/mlhff0prgoxu.i.optimole.com\/cb:s0sM.767\/w:auto\/h:auto\/q:mauto\/f:best\/https:\/\/fullsolutions.info\/wp-content\/uploads\/2024\/02\/Promag-W-400.jpeg","type":"image\/jpeg"}],"twitter_card":"summary_large_image","twitter_misc":{"Est. reading time":"1 minute"},"schema":{"@context":"https:\/\/schema.org","@graph":[{"@type":"WebPage","@id":"https:\/\/fullsolutions.info\/produto\/promag-w-400\/","url":"https:\/\/fullsolutions.info\/produto\/promag-w-400\/","name":"Promag W 400 - Full Solutions","isPartOf":{"@id":"https:\/\/fullsolutions.info\/#website"},"primaryImageOfPage":{"@id":"https:\/\/fullsolutions.info\/produto\/promag-w-400\/#primaryimage"},"image":{"@id":"https:\/\/fullsolutions.info\/produto\/promag-w-400\/#primaryimage"},"thumbnailUrl":"https:\/\/mlhff0prgoxu.i.optimole.com\/cb:s0sM.767\/w:auto\/h:auto\/q:mauto\/f:best\/https:\/\/fullsolutions.info\/wp-content\/uploads\/2024\/02\/Promag-W-400.jpeg","datePublished":"2024-02-02T18:28:00+00:00","dateModified":"2026-04-22T19:02:11+00:00","description":"Promag 400 W da Endress+Hauser mede vaz\u00e3o de \u00e1gua e efluentes com alta precis\u00e3o. Ideal para saneamento e utilidades industriais.","breadcrumb":{"@id":"https:\/\/fullsolutions.info\/produto\/promag-w-400\/#breadcrumb"},"inLanguage":"en-US","potentialAction":[{"@type":"ReadAction","target":["https:\/\/fullsolutions.info\/produto\/promag-w-400\/"]}]},{"@type":"ImageObject","inLanguage":"en-US","@id":"https:\/\/fullsolutions.info\/produto\/promag-w-400\/#primaryimage","url":"https:\/\/mlhff0prgoxu.i.optimole.com\/cb:s0sM.767\/w:auto\/h:auto\/q:mauto\/f:best\/https:\/\/fullsolutions.info\/wp-content\/uploads\/2024\/02\/Promag-W-400.jpeg","contentUrl":"https:\/\/mlhff0prgoxu.i.optimole.com\/cb:s0sM.767\/w:auto\/h:auto\/q:mauto\/f:best\/https:\/\/fullsolutions.info\/wp-content\/uploads\/2024\/02\/Promag-W-400.jpeg","width":500,"height":500},{"@type":"BreadcrumbList","@id":"https:\/\/fullsolutions.info\/produto\/promag-w-400\/#breadcrumb","itemListElement":[{"@type":"ListItem","position":1,"name":"In\u00edcio","item":"https:\/\/fullsolutions.info\/"},{"@type":"ListItem","position":2,"name":"Produtos","item":"https:\/\/fullsolutions.info\/shop\/"},{"@type":"ListItem","position":3,"name":"Promag W 400"}]},{"@type":"WebSite","@id":"https:\/\/fullsolutions.info\/#website","url":"https:\/\/fullsolutions.info\/","name":"Full Solutions","description":"Empresa na \u00c1rea de Procurement","publisher":{"@id":"https:\/\/fullsolutions.info\/#organization"},"potentialAction":[{"@type":"SearchAction","target":{"@type":"EntryPoint","urlTemplate":"https:\/\/fullsolutions.info\/?s={search_term_string}"},"query-input":{"@type":"PropertyValueSpecification","valueRequired":true,"valueName":"search_term_string"}}],"inLanguage":"en-US"},{"@type":"Organization","@id":"https:\/\/fullsolutions.info\/#organization","name":"Full Solutions","url":"https:\/\/fullsolutions.info\/","logo":{"@type":"ImageObject","inLanguage":"en-US","@id":"https:\/\/fullsolutions.info\/#\/schema\/logo\/image\/","url":"https:\/\/mlhff0prgoxu.i.optimole.com\/cb:s0sM.767\/w:auto\/h:auto\/q:mauto\/f:best\/https:\/\/fullsolutions.info\/wp-content\/uploads\/2021\/07\/cropped-Design-sem-nome-300x193-1-e1627062664782.png","contentUrl":"https:\/\/mlhff0prgoxu.i.optimole.com\/cb:s0sM.767\/w:auto\/h:auto\/q:mauto\/f:best\/https:\/\/fullsolutions.info\/wp-content\/uploads\/2021\/07\/cropped-Design-sem-nome-300x193-1-e1627062664782.png","width":202,"height":155,"caption":"Full Solutions"},"image":{"@id":"https:\/\/fullsolutions.info\/#\/schema\/logo\/image\/"},"sameAs":["https:\/\/www.linkedin.com\/company\/full-solutions-equipment"]}]}},"_links":{"self":[{"href":"https:\/\/fullsolutions.info\/en\/wp-json\/wp\/v2\/product\/4508","targetHints":{"allow":["GET"]}}],"collection":[{"href":"https:\/\/fullsolutions.info\/en\/wp-json\/wp\/v2\/product"}],"about":[{"href":"https:\/\/fullsolutions.info\/en\/wp-json\/wp\/v2\/types\/product"}],"replies":[{"embeddable":true,"href":"https:\/\/fullsolutions.info\/en\/wp-json\/wp\/v2\/comments?post=4508"}],"wp:featuredmedia":[{"embeddable":true,"href":"https:\/\/fullsolutions.info\/en\/wp-json\/wp\/v2\/media\/4509"}],"wp:attachment":[{"href":"https:\/\/fullsolutions.info\/en\/wp-json\/wp\/v2\/media?parent=4508"}],"wp:term":[{"taxonomy":"product_brand","embeddable":true,"href":"https:\/\/fullsolutions.info\/en\/wp-json\/wp\/v2\/product_brand?post=4508"},{"taxonomy":"product_cat","embeddable":true,"href":"https:\/\/fullsolutions.info\/en\/wp-json\/wp\/v2\/product_cat?post=4508"},{"taxonomy":"product_tag","embeddable":true,"href":"https:\/\/fullsolutions.info\/en\/wp-json\/wp\/v2\/product_tag?post=4508"},{"taxonomy":"marca","embeddable":true,"href":"https:\/\/fullsolutions.info\/en\/wp-json\/wp\/v2\/marca?post=4508"}],"curies":[{"name":"wp","href":"https:\/\/api.w.org\/{rel}","templated":true}]}}