{"id":4500,"date":"2024-02-02T18:21:55","date_gmt":"2024-02-02T18:21:55","guid":{"rendered":"https:\/\/fullsolutionsequip.com\/?post_type=product&#038;p=4500"},"modified":"2026-04-20T15:06:25","modified_gmt":"2026-04-20T18:06:25","slug":"prowirl-72w","status":"publish","type":"product","link":"https:\/\/fullsolutions.info\/en\/product\/prowirl-72w\/","title":{"rendered":"Prowirl 72W"},"content":{"rendered":"<p>Endress+Hauser Vortex Flowmeters &#8211; Prowirl 72W<\/p>\n<p>Descri\u00e7\u00e3o do Produto<br \/>\nSistema de Medi\u00e7\u00e3o de Fluxo Vortex<br \/>\nMedi\u00e7\u00e3o confi\u00e1vel de fluxo de g\u00e1s, vapor e l\u00edquidos<\/p>\n<p>Seus benef\u00edcios<\/p>\n<p>O robusto sensor Prowirl, testado em mais de 100.000 aplica\u00e7\u00f5es, oferece:<\/p>\n<p>Alta resist\u00eancia a:<br \/>\n&#8211; Vibra\u00e7\u00f5es (mais de 1 g em todos os eixos)<br \/>\n&#8211; Choques de temperatura (&gt; 150 K\/s)<br \/>\n&#8211; Meios contaminados<br \/>\n&#8211; Golpe de ar\u00edete<br \/>\nSem manuten\u00e7\u00e3o, sem pe\u00e7as m\u00f3veis, sem desvio do ponto zero (calibra\u00e7\u00e3o &#8220;vital\u00edcia&#8221;)<br \/>\nAs configura\u00e7\u00f5es iniciais de software economizam tempo e custos<\/p>\n<p>Campo de aplica\u00e7\u00e3o<br \/>\nPara a medi\u00e7\u00e3o universal do fluxo volum\u00e9trico de gases, vapor e l\u00edquidos.<\/p>\n<p>Ampla faixa de aplica\u00e7\u00f5es gra\u00e7as a:<\/p>\n<p>Faixa de temperatura do fluido de -200 a +400 \u00b0C (-328 a +752 \u00b0F)<br \/>\nClassifica\u00e7\u00e3o de press\u00e3o at\u00e9 PN 40\/Classe 300<\/p>\n<p>Aprova\u00e7\u00f5es para \u00e1reas perigosas:<\/p>\n<p>ATEX, FM, CSA, TIIS, NEPSI, IEC<\/p>\n<p>Conex\u00e3o a todos os sistemas de controle de processo comuns:<\/p>\n<p>HART, PROFIBUS PA, FOUNDATION Fieldbus<\/p>\n<p>Aspectos relevantes de seguran\u00e7a:<\/p>\n<p>Diretiva de Equipamentos de Press\u00e3o<br \/>\nSIL 2<\/p>","protected":false},"excerpt":{"rendered":"<p>Endress+Hauser Vortex Flowmeters &#8211; Prowirl 72W Descri\u00e7\u00e3o do Produto Sistema de Medi\u00e7\u00e3o de Fluxo Vortex Medi\u00e7\u00e3o confi\u00e1vel de fluxo de g\u00e1s, vapor e l\u00edquidos Seus benef\u00edcios O robusto sensor Prowirl, testado em mais de 100.000 aplica\u00e7\u00f5es, oferece: Alta resist\u00eancia a: &#8211; Vibra\u00e7\u00f5es (mais de 1 g em todos os eixos) &#8211; Choques de temperatura (&gt; 150 K\/s) &#8211; Meios contaminados &#8211; Golpe de ar\u00edete Sem manuten\u00e7\u00e3o, sem pe\u00e7as m\u00f3veis, sem desvio do ponto zero (calibra\u00e7\u00e3o &#8220;vital\u00edcia&#8221;) As configura\u00e7\u00f5es iniciais de software economizam tempo e custos Campo de aplica\u00e7\u00e3o Para a medi\u00e7\u00e3o universal do fluxo volum\u00e9trico de gases, vapor e l\u00edquidos. Ampla faixa de aplica\u00e7\u00f5es gra\u00e7as a: Faixa de temperatura do fluido de -200 a +400 \u00b0C (-328 a +752 \u00b0F) Classifica\u00e7\u00e3o de press\u00e3o at\u00e9 PN 40\/Classe 300 Aprova\u00e7\u00f5es para \u00e1reas perigosas: ATEX, FM, CSA, TIIS, NEPSI, IEC Conex\u00e3o a todos os sistemas de controle de processo comuns: HART, PROFIBUS PA, FOUNDATION Fieldbus Aspectos relevantes de seguran\u00e7a: Diretiva de Equipamentos de Press\u00e3o SIL 2<\/p>","protected":false},"featured_media":4501,"comment_status":"open","ping_status":"closed","template":"","meta":{"_joinchat":[]},"product_brand":[],"product_cat":[146],"product_tag":[],"marca":[147],"class_list":{"0":"post-4500","1":"product","2":"type-product","3":"status-publish","4":"has-post-thumbnail","6":"product_cat-medidores-de-vazao-e-tubos-de-vazao","7":"marca-endresshauser","9":"first","10":"instock","11":"shipping-taxable","12":"purchasable","13":"product-type-simple"},"yoast_head":"<!-- This site is optimized with the Yoast SEO plugin v27.2 - https:\/\/yoast.com\/product\/yoast-seo-wordpress\/ -->\n<title>Prowirl 72W - Full Solutions<\/title>\n<meta name=\"description\" content=\"Prowirl 72W da Endress+Hauser: medidor de vaz\u00e3o vortex para l\u00edquidos, gases e vapor. Alta confiabilidade e precis\u00e3o industrial. Solicite cota\u00e7\u00e3o.\" \/>\n<meta name=\"robots\" content=\"index, follow, max-snippet:-1, max-image-preview:large, max-video-preview:-1\" \/>\n<link rel=\"canonical\" href=\"https:\/\/fullsolutions.info\/en\/product\/prowirl-72w\/\" \/>\n<meta property=\"og:locale\" content=\"en_US\" \/>\n<meta property=\"og:type\" content=\"article\" \/>\n<meta property=\"og:title\" content=\"Prowirl 72W - Full Solutions\" \/>\n<meta property=\"og:description\" content=\"Prowirl 72W da Endress+Hauser: medidor de vaz\u00e3o vortex para l\u00edquidos, gases e vapor. Alta confiabilidade e precis\u00e3o industrial. Solicite cota\u00e7\u00e3o.\" \/>\n<meta property=\"og:url\" content=\"https:\/\/fullsolutions.info\/en\/product\/prowirl-72w\/\" \/>\n<meta property=\"og:site_name\" content=\"Full Solutions\" \/>\n<meta property=\"article:modified_time\" content=\"2026-04-20T18:06:25+00:00\" \/>\n<meta property=\"og:image\" content=\"https:\/\/mlhff0prgoxu.i.optimole.com\/cb:s0sM.767\/w:auto\/h:auto\/q:mauto\/f:best\/https:\/\/fullsolutions.info\/wp-content\/uploads\/2024\/02\/Prowirl-72W.jpeg\" \/>\n\t<meta property=\"og:image:width\" content=\"500\" \/>\n\t<meta property=\"og:image:height\" content=\"500\" \/>\n\t<meta property=\"og:image:type\" content=\"image\/jpeg\" \/>\n<meta name=\"twitter:card\" content=\"summary_large_image\" \/>\n<meta name=\"twitter:label1\" content=\"Est. reading time\" \/>\n\t<meta name=\"twitter:data1\" content=\"2 minutes\" \/>\n<script type=\"application\/ld+json\" class=\"yoast-schema-graph\">{\"@context\":\"https:\/\/schema.org\",\"@graph\":[{\"@type\":\"WebPage\",\"@id\":\"https:\/\/fullsolutions.info\/produto\/prowirl-72w\/\",\"url\":\"https:\/\/fullsolutions.info\/produto\/prowirl-72w\/\",\"name\":\"Prowirl 72W - Full Solutions\",\"isPartOf\":{\"@id\":\"https:\/\/fullsolutions.info\/#website\"},\"primaryImageOfPage\":{\"@id\":\"https:\/\/fullsolutions.info\/produto\/prowirl-72w\/#primaryimage\"},\"image\":{\"@id\":\"https:\/\/fullsolutions.info\/produto\/prowirl-72w\/#primaryimage\"},\"thumbnailUrl\":\"https:\/\/mlhff0prgoxu.i.optimole.com\/cb:s0sM.767\/w:auto\/h:auto\/q:mauto\/f:best\/https:\/\/fullsolutions.info\/wp-content\/uploads\/2024\/02\/Prowirl-72W.jpeg\",\"datePublished\":\"2024-02-02T18:21:55+00:00\",\"dateModified\":\"2026-04-20T18:06:25+00:00\",\"description\":\"Prowirl 72W da Endress+Hauser: medidor de vaz\u00e3o vortex para l\u00edquidos, gases e vapor. Alta confiabilidade e precis\u00e3o industrial. Solicite cota\u00e7\u00e3o.\",\"breadcrumb\":{\"@id\":\"https:\/\/fullsolutions.info\/produto\/prowirl-72w\/#breadcrumb\"},\"inLanguage\":\"en-US\",\"potentialAction\":[{\"@type\":\"ReadAction\",\"target\":[\"https:\/\/fullsolutions.info\/produto\/prowirl-72w\/\"]}]},{\"@type\":\"ImageObject\",\"inLanguage\":\"en-US\",\"@id\":\"https:\/\/fullsolutions.info\/produto\/prowirl-72w\/#primaryimage\",\"url\":\"https:\/\/mlhff0prgoxu.i.optimole.com\/cb:s0sM.767\/w:auto\/h:auto\/q:mauto\/f:best\/https:\/\/fullsolutions.info\/wp-content\/uploads\/2024\/02\/Prowirl-72W.jpeg\",\"contentUrl\":\"https:\/\/mlhff0prgoxu.i.optimole.com\/cb:s0sM.767\/w:auto\/h:auto\/q:mauto\/f:best\/https:\/\/fullsolutions.info\/wp-content\/uploads\/2024\/02\/Prowirl-72W.jpeg\",\"width\":500,\"height\":500},{\"@type\":\"BreadcrumbList\",\"@id\":\"https:\/\/fullsolutions.info\/produto\/prowirl-72w\/#breadcrumb\",\"itemListElement\":[{\"@type\":\"ListItem\",\"position\":1,\"name\":\"In\u00edcio\",\"item\":\"https:\/\/fullsolutions.info\/\"},{\"@type\":\"ListItem\",\"position\":2,\"name\":\"Produtos\",\"item\":\"https:\/\/fullsolutions.info\/shop\/\"},{\"@type\":\"ListItem\",\"position\":3,\"name\":\"Prowirl 72W\"}]},{\"@type\":\"WebSite\",\"@id\":\"https:\/\/fullsolutions.info\/#website\",\"url\":\"https:\/\/fullsolutions.info\/\",\"name\":\"Full Solutions\",\"description\":\"Empresa na \u00c1rea de Procurement\",\"publisher\":{\"@id\":\"https:\/\/fullsolutions.info\/#organization\"},\"potentialAction\":[{\"@type\":\"SearchAction\",\"target\":{\"@type\":\"EntryPoint\",\"urlTemplate\":\"https:\/\/fullsolutions.info\/?s={search_term_string}\"},\"query-input\":{\"@type\":\"PropertyValueSpecification\",\"valueRequired\":true,\"valueName\":\"search_term_string\"}}],\"inLanguage\":\"en-US\"},{\"@type\":\"Organization\",\"@id\":\"https:\/\/fullsolutions.info\/#organization\",\"name\":\"Full Solutions\",\"url\":\"https:\/\/fullsolutions.info\/\",\"logo\":{\"@type\":\"ImageObject\",\"inLanguage\":\"en-US\",\"@id\":\"https:\/\/fullsolutions.info\/#\/schema\/logo\/image\/\",\"url\":\"https:\/\/mlhff0prgoxu.i.optimole.com\/cb:s0sM.767\/w:auto\/h:auto\/q:mauto\/f:best\/https:\/\/fullsolutions.info\/wp-content\/uploads\/2021\/07\/cropped-Design-sem-nome-300x193-1-e1627062664782.png\",\"contentUrl\":\"https:\/\/mlhff0prgoxu.i.optimole.com\/cb:s0sM.767\/w:auto\/h:auto\/q:mauto\/f:best\/https:\/\/fullsolutions.info\/wp-content\/uploads\/2021\/07\/cropped-Design-sem-nome-300x193-1-e1627062664782.png\",\"width\":202,\"height\":155,\"caption\":\"Full Solutions\"},\"image\":{\"@id\":\"https:\/\/fullsolutions.info\/#\/schema\/logo\/image\/\"},\"sameAs\":[\"https:\/\/www.linkedin.com\/company\/full-solutions-equipment\"]}]}<\/script>\n<!-- \/ Yoast SEO plugin. -->","yoast_head_json":{"title":"Prowirl 72W - Full Solutions","description":"Prowirl 72W da Endress+Hauser: medidor de vaz\u00e3o vortex para l\u00edquidos, gases e vapor. Alta confiabilidade e precis\u00e3o industrial. Solicite cota\u00e7\u00e3o.","robots":{"index":"index","follow":"follow","max-snippet":"max-snippet:-1","max-image-preview":"max-image-preview:large","max-video-preview":"max-video-preview:-1"},"canonical":"https:\/\/fullsolutions.info\/en\/product\/prowirl-72w\/","og_locale":"en_US","og_type":"article","og_title":"Prowirl 72W - Full Solutions","og_description":"Prowirl 72W da Endress+Hauser: medidor de vaz\u00e3o vortex para l\u00edquidos, gases e vapor. Alta confiabilidade e precis\u00e3o industrial. Solicite cota\u00e7\u00e3o.","og_url":"https:\/\/fullsolutions.info\/en\/product\/prowirl-72w\/","og_site_name":"Full Solutions","article_modified_time":"2026-04-20T18:06:25+00:00","og_image":[{"width":500,"height":500,"url":"https:\/\/mlhff0prgoxu.i.optimole.com\/cb:s0sM.767\/w:auto\/h:auto\/q:mauto\/f:best\/https:\/\/fullsolutions.info\/wp-content\/uploads\/2024\/02\/Prowirl-72W.jpeg","type":"image\/jpeg"}],"twitter_card":"summary_large_image","twitter_misc":{"Est. reading time":"2 minutes"},"schema":{"@context":"https:\/\/schema.org","@graph":[{"@type":"WebPage","@id":"https:\/\/fullsolutions.info\/produto\/prowirl-72w\/","url":"https:\/\/fullsolutions.info\/produto\/prowirl-72w\/","name":"Prowirl 72W - Full Solutions","isPartOf":{"@id":"https:\/\/fullsolutions.info\/#website"},"primaryImageOfPage":{"@id":"https:\/\/fullsolutions.info\/produto\/prowirl-72w\/#primaryimage"},"image":{"@id":"https:\/\/fullsolutions.info\/produto\/prowirl-72w\/#primaryimage"},"thumbnailUrl":"https:\/\/mlhff0prgoxu.i.optimole.com\/cb:s0sM.767\/w:auto\/h:auto\/q:mauto\/f:best\/https:\/\/fullsolutions.info\/wp-content\/uploads\/2024\/02\/Prowirl-72W.jpeg","datePublished":"2024-02-02T18:21:55+00:00","dateModified":"2026-04-20T18:06:25+00:00","description":"Prowirl 72W da Endress+Hauser: medidor de vaz\u00e3o vortex para l\u00edquidos, gases e vapor. Alta confiabilidade e precis\u00e3o industrial. Solicite cota\u00e7\u00e3o.","breadcrumb":{"@id":"https:\/\/fullsolutions.info\/produto\/prowirl-72w\/#breadcrumb"},"inLanguage":"en-US","potentialAction":[{"@type":"ReadAction","target":["https:\/\/fullsolutions.info\/produto\/prowirl-72w\/"]}]},{"@type":"ImageObject","inLanguage":"en-US","@id":"https:\/\/fullsolutions.info\/produto\/prowirl-72w\/#primaryimage","url":"https:\/\/mlhff0prgoxu.i.optimole.com\/cb:s0sM.767\/w:auto\/h:auto\/q:mauto\/f:best\/https:\/\/fullsolutions.info\/wp-content\/uploads\/2024\/02\/Prowirl-72W.jpeg","contentUrl":"https:\/\/mlhff0prgoxu.i.optimole.com\/cb:s0sM.767\/w:auto\/h:auto\/q:mauto\/f:best\/https:\/\/fullsolutions.info\/wp-content\/uploads\/2024\/02\/Prowirl-72W.jpeg","width":500,"height":500},{"@type":"BreadcrumbList","@id":"https:\/\/fullsolutions.info\/produto\/prowirl-72w\/#breadcrumb","itemListElement":[{"@type":"ListItem","position":1,"name":"In\u00edcio","item":"https:\/\/fullsolutions.info\/"},{"@type":"ListItem","position":2,"name":"Produtos","item":"https:\/\/fullsolutions.info\/shop\/"},{"@type":"ListItem","position":3,"name":"Prowirl 72W"}]},{"@type":"WebSite","@id":"https:\/\/fullsolutions.info\/#website","url":"https:\/\/fullsolutions.info\/","name":"Full Solutions","description":"Empresa na \u00c1rea de Procurement","publisher":{"@id":"https:\/\/fullsolutions.info\/#organization"},"potentialAction":[{"@type":"SearchAction","target":{"@type":"EntryPoint","urlTemplate":"https:\/\/fullsolutions.info\/?s={search_term_string}"},"query-input":{"@type":"PropertyValueSpecification","valueRequired":true,"valueName":"search_term_string"}}],"inLanguage":"en-US"},{"@type":"Organization","@id":"https:\/\/fullsolutions.info\/#organization","name":"Full Solutions","url":"https:\/\/fullsolutions.info\/","logo":{"@type":"ImageObject","inLanguage":"en-US","@id":"https:\/\/fullsolutions.info\/#\/schema\/logo\/image\/","url":"https:\/\/mlhff0prgoxu.i.optimole.com\/cb:s0sM.767\/w:auto\/h:auto\/q:mauto\/f:best\/https:\/\/fullsolutions.info\/wp-content\/uploads\/2021\/07\/cropped-Design-sem-nome-300x193-1-e1627062664782.png","contentUrl":"https:\/\/mlhff0prgoxu.i.optimole.com\/cb:s0sM.767\/w:auto\/h:auto\/q:mauto\/f:best\/https:\/\/fullsolutions.info\/wp-content\/uploads\/2021\/07\/cropped-Design-sem-nome-300x193-1-e1627062664782.png","width":202,"height":155,"caption":"Full Solutions"},"image":{"@id":"https:\/\/fullsolutions.info\/#\/schema\/logo\/image\/"},"sameAs":["https:\/\/www.linkedin.com\/company\/full-solutions-equipment"]}]}},"_links":{"self":[{"href":"https:\/\/fullsolutions.info\/en\/wp-json\/wp\/v2\/product\/4500","targetHints":{"allow":["GET"]}}],"collection":[{"href":"https:\/\/fullsolutions.info\/en\/wp-json\/wp\/v2\/product"}],"about":[{"href":"https:\/\/fullsolutions.info\/en\/wp-json\/wp\/v2\/types\/product"}],"replies":[{"embeddable":true,"href":"https:\/\/fullsolutions.info\/en\/wp-json\/wp\/v2\/comments?post=4500"}],"wp:featuredmedia":[{"embeddable":true,"href":"https:\/\/fullsolutions.info\/en\/wp-json\/wp\/v2\/media\/4501"}],"wp:attachment":[{"href":"https:\/\/fullsolutions.info\/en\/wp-json\/wp\/v2\/media?parent=4500"}],"wp:term":[{"taxonomy":"product_brand","embeddable":true,"href":"https:\/\/fullsolutions.info\/en\/wp-json\/wp\/v2\/product_brand?post=4500"},{"taxonomy":"product_cat","embeddable":true,"href":"https:\/\/fullsolutions.info\/en\/wp-json\/wp\/v2\/product_cat?post=4500"},{"taxonomy":"product_tag","embeddable":true,"href":"https:\/\/fullsolutions.info\/en\/wp-json\/wp\/v2\/product_tag?post=4500"},{"taxonomy":"marca","embeddable":true,"href":"https:\/\/fullsolutions.info\/en\/wp-json\/wp\/v2\/marca?post=4500"}],"curies":[{"name":"wp","href":"https:\/\/api.w.org\/{rel}","templated":true}]}}