{"id":4496,"date":"2024-02-02T18:19:11","date_gmt":"2024-02-02T18:19:11","guid":{"rendered":"https:\/\/fullsolutionsequip.com\/?post_type=product&#038;p=4496"},"modified":"2026-04-22T16:22:47","modified_gmt":"2026-04-22T19:22:47","slug":"medidor-de-vazao-magnetico-de-dois-fios-admag-axr","status":"publish","type":"product","link":"https:\/\/fullsolutions.info\/en\/product\/medidor-de-vazao-magnetico-de-dois-fios-admag-axr\/","title":{"rendered":"The flow meter's magnetic two-wire ADMAG AXR"},"content":{"rendered":"<p data-start=\"234\" data-end=\"346\">O ADMAG AXR \u00e9 um medidor de fluxo magn\u00e9tico de dois fios desenvolvido pela Yokogawa para aplica\u00e7\u00f5es industriais.<\/p>\n<p data-start=\"348\" data-end=\"520\">Ele permite instala\u00e7\u00e3o em sistemas de dois fios sem necessidade de fonte de alimenta\u00e7\u00e3o CA. Isso reduz o custo inicial de instrumenta\u00e7\u00e3o e simplifica a instala\u00e7\u00e3o em campo.<\/p>\n<p data-start=\"522\" data-end=\"709\">O equipamento utiliza o \u201cM\u00e9todo de Excita\u00e7\u00e3o de Dupla Frequ\u00eancia\u201d, uma inova\u00e7\u00e3o da Yokogawa. Essa tecnologia reduz interfer\u00eancias causadas pelo fluido e melhora a estabilidade da medi\u00e7\u00e3o.<\/p>\n<p data-start=\"711\" data-end=\"884\">O ADMAG AXR entrega desempenho confi\u00e1vel mesmo em condi\u00e7\u00f5es vari\u00e1veis de processo. Ele mant\u00e9m medi\u00e7\u00f5es est\u00e1veis e precisas em aplica\u00e7\u00f5es industriais com l\u00edquidos condutivos.<\/p>\n<p data-start=\"886\" data-end=\"1068\">O equipamento tamb\u00e9m oferece recursos de opera\u00e7\u00e3o simplificada. Ele conta com display LCD de matriz completa, fun\u00e7\u00f5es de diagn\u00f3stico de ader\u00eancia de eletrodo e interface multil\u00edngue.<\/p>\n<p data-start=\"1070\" data-end=\"1250\">Al\u00e9m disso, o sistema permite ajustes e verifica\u00e7\u00e3o de par\u00e2metros por meio de interruptores magn\u00e9ticos. Isso elimina a necessidade de abrir a tampa do inv\u00f3lucro durante a opera\u00e7\u00e3o.<\/p>","protected":false},"excerpt":{"rendered":"<p>O ADMAG AXR \u00e9 um medidor de fluxo magn\u00e9tico de dois fios desenvolvido pela Yokogawa para aplica\u00e7\u00f5es industriais. Ele permite instala\u00e7\u00e3o em sistemas de dois fios sem necessidade de fonte de alimenta\u00e7\u00e3o CA. Isso reduz o custo inicial de instrumenta\u00e7\u00e3o e simplifica a instala\u00e7\u00e3o em campo. O equipamento utiliza o \u201cM\u00e9todo de Excita\u00e7\u00e3o de Dupla Frequ\u00eancia\u201d, uma inova\u00e7\u00e3o da Yokogawa. Essa tecnologia reduz interfer\u00eancias causadas pelo fluido e melhora a estabilidade da medi\u00e7\u00e3o. O ADMAG AXR entrega desempenho confi\u00e1vel mesmo em condi\u00e7\u00f5es vari\u00e1veis de processo. Ele mant\u00e9m medi\u00e7\u00f5es est\u00e1veis e precisas em aplica\u00e7\u00f5es industriais com l\u00edquidos condutivos. O equipamento tamb\u00e9m oferece recursos de opera\u00e7\u00e3o simplificada. Ele conta com display LCD de matriz completa, fun\u00e7\u00f5es de diagn\u00f3stico de ader\u00eancia de eletrodo e interface multil\u00edngue. Al\u00e9m disso, o sistema permite ajustes e verifica\u00e7\u00e3o de par\u00e2metros por meio de interruptores magn\u00e9ticos. Isso elimina a necessidade de abrir a tampa do inv\u00f3lucro durante a opera\u00e7\u00e3o.<\/p>","protected":false},"featured_media":4497,"comment_status":"open","ping_status":"closed","template":"","meta":{"_joinchat":[]},"product_brand":[],"product_cat":[146],"product_tag":[],"marca":[143],"class_list":{"0":"post-4496","1":"product","2":"type-product","3":"status-publish","4":"has-post-thumbnail","6":"product_cat-medidores-de-vazao-e-tubos-de-vazao","7":"marca-yokogawa","9":"first","10":"instock","11":"shipping-taxable","12":"purchasable","13":"product-type-simple"},"yoast_head":"<!-- This site is optimized with the Yoast SEO plugin v27.2 - https:\/\/yoast.com\/product\/yoast-seo-wordpress\/ -->\n<title>Medidor de vaz\u00e3o magn\u00e9tico de dois fios ADMAG AXR - Full Solutions<\/title>\n<meta name=\"description\" content=\"ADMAG AXR da Yokogawa: medidor de vaz\u00e3o magn\u00e9tico de dois fios para \u00e1gua e processos industriais. Alta precis\u00e3o, baixo consumo e f\u00e1cil instala\u00e7\u00e3o.\" \/>\n<meta name=\"robots\" content=\"index, follow, max-snippet:-1, max-image-preview:large, max-video-preview:-1\" \/>\n<link rel=\"canonical\" href=\"https:\/\/fullsolutions.info\/en\/product\/medidor-de-vazao-magnetico-de-dois-fios-admag-axr\/\" \/>\n<meta property=\"og:locale\" content=\"en_US\" \/>\n<meta property=\"og:type\" content=\"article\" \/>\n<meta property=\"og:title\" content=\"Medidor de vaz\u00e3o magn\u00e9tico de dois fios ADMAG AXR - Full Solutions\" \/>\n<meta property=\"og:description\" content=\"ADMAG AXR da Yokogawa: medidor de vaz\u00e3o magn\u00e9tico de dois fios para \u00e1gua e processos industriais. Alta precis\u00e3o, baixo consumo e f\u00e1cil instala\u00e7\u00e3o.\" \/>\n<meta property=\"og:url\" content=\"https:\/\/fullsolutions.info\/en\/product\/medidor-de-vazao-magnetico-de-dois-fios-admag-axr\/\" \/>\n<meta property=\"og:site_name\" content=\"Full Solutions\" \/>\n<meta property=\"article:modified_time\" content=\"2026-04-22T19:22:47+00:00\" \/>\n<meta property=\"og:image\" content=\"https:\/\/mlhff0prgoxu.i.optimole.com\/cb:s0sM.767\/w:auto\/h:auto\/q:mauto\/f:best\/https:\/\/fullsolutions.info\/wp-content\/uploads\/2024\/02\/Yokogawa-ADMAG-AXR-Two-wire-Magnetic-Flowmeter.png\" \/>\n\t<meta property=\"og:image:width\" content=\"199\" \/>\n\t<meta property=\"og:image:height\" content=\"254\" \/>\n\t<meta property=\"og:image:type\" content=\"image\/png\" \/>\n<meta name=\"twitter:card\" content=\"summary_large_image\" \/>\n<meta name=\"twitter:label1\" content=\"Est. reading time\" \/>\n\t<meta name=\"twitter:data1\" content=\"2 minutes\" \/>\n<script type=\"application\/ld+json\" class=\"yoast-schema-graph\">{\"@context\":\"https:\/\/schema.org\",\"@graph\":[{\"@type\":\"WebPage\",\"@id\":\"https:\/\/fullsolutions.info\/produto\/medidor-de-vazao-magnetico-de-dois-fios-admag-axr\/\",\"url\":\"https:\/\/fullsolutions.info\/produto\/medidor-de-vazao-magnetico-de-dois-fios-admag-axr\/\",\"name\":\"Medidor de vaz\u00e3o magn\u00e9tico de dois fios ADMAG AXR - Full Solutions\",\"isPartOf\":{\"@id\":\"https:\/\/fullsolutions.info\/#website\"},\"primaryImageOfPage\":{\"@id\":\"https:\/\/fullsolutions.info\/produto\/medidor-de-vazao-magnetico-de-dois-fios-admag-axr\/#primaryimage\"},\"image\":{\"@id\":\"https:\/\/fullsolutions.info\/produto\/medidor-de-vazao-magnetico-de-dois-fios-admag-axr\/#primaryimage\"},\"thumbnailUrl\":\"https:\/\/mlhff0prgoxu.i.optimole.com\/cb:s0sM.767\/w:auto\/h:auto\/q:mauto\/f:best\/https:\/\/fullsolutions.info\/wp-content\/uploads\/2024\/02\/Yokogawa-ADMAG-AXR-Two-wire-Magnetic-Flowmeter.png\",\"datePublished\":\"2024-02-02T18:19:11+00:00\",\"dateModified\":\"2026-04-22T19:22:47+00:00\",\"description\":\"ADMAG AXR da Yokogawa: medidor de vaz\u00e3o magn\u00e9tico de dois fios para \u00e1gua e processos industriais. Alta precis\u00e3o, baixo consumo e f\u00e1cil instala\u00e7\u00e3o.\",\"breadcrumb\":{\"@id\":\"https:\/\/fullsolutions.info\/produto\/medidor-de-vazao-magnetico-de-dois-fios-admag-axr\/#breadcrumb\"},\"inLanguage\":\"en-US\",\"potentialAction\":[{\"@type\":\"ReadAction\",\"target\":[\"https:\/\/fullsolutions.info\/produto\/medidor-de-vazao-magnetico-de-dois-fios-admag-axr\/\"]}]},{\"@type\":\"ImageObject\",\"inLanguage\":\"en-US\",\"@id\":\"https:\/\/fullsolutions.info\/produto\/medidor-de-vazao-magnetico-de-dois-fios-admag-axr\/#primaryimage\",\"url\":\"https:\/\/mlhff0prgoxu.i.optimole.com\/cb:s0sM.767\/w:auto\/h:auto\/q:mauto\/f:best\/https:\/\/fullsolutions.info\/wp-content\/uploads\/2024\/02\/Yokogawa-ADMAG-AXR-Two-wire-Magnetic-Flowmeter.png\",\"contentUrl\":\"https:\/\/mlhff0prgoxu.i.optimole.com\/cb:s0sM.767\/w:auto\/h:auto\/q:mauto\/f:best\/https:\/\/fullsolutions.info\/wp-content\/uploads\/2024\/02\/Yokogawa-ADMAG-AXR-Two-wire-Magnetic-Flowmeter.png\",\"width\":199,\"height\":254},{\"@type\":\"BreadcrumbList\",\"@id\":\"https:\/\/fullsolutions.info\/produto\/medidor-de-vazao-magnetico-de-dois-fios-admag-axr\/#breadcrumb\",\"itemListElement\":[{\"@type\":\"ListItem\",\"position\":1,\"name\":\"In\u00edcio\",\"item\":\"https:\/\/fullsolutions.info\/\"},{\"@type\":\"ListItem\",\"position\":2,\"name\":\"Produtos\",\"item\":\"https:\/\/fullsolutions.info\/shop\/\"},{\"@type\":\"ListItem\",\"position\":3,\"name\":\"Medidor de vaz\u00e3o magn\u00e9tico de dois fios ADMAG AXR\"}]},{\"@type\":\"WebSite\",\"@id\":\"https:\/\/fullsolutions.info\/#website\",\"url\":\"https:\/\/fullsolutions.info\/\",\"name\":\"Full Solutions\",\"description\":\"Empresa na \u00c1rea de Procurement\",\"publisher\":{\"@id\":\"https:\/\/fullsolutions.info\/#organization\"},\"potentialAction\":[{\"@type\":\"SearchAction\",\"target\":{\"@type\":\"EntryPoint\",\"urlTemplate\":\"https:\/\/fullsolutions.info\/?s={search_term_string}\"},\"query-input\":{\"@type\":\"PropertyValueSpecification\",\"valueRequired\":true,\"valueName\":\"search_term_string\"}}],\"inLanguage\":\"en-US\"},{\"@type\":\"Organization\",\"@id\":\"https:\/\/fullsolutions.info\/#organization\",\"name\":\"Full Solutions\",\"url\":\"https:\/\/fullsolutions.info\/\",\"logo\":{\"@type\":\"ImageObject\",\"inLanguage\":\"en-US\",\"@id\":\"https:\/\/fullsolutions.info\/#\/schema\/logo\/image\/\",\"url\":\"https:\/\/mlhff0prgoxu.i.optimole.com\/cb:s0sM.767\/w:auto\/h:auto\/q:mauto\/f:best\/https:\/\/fullsolutions.info\/wp-content\/uploads\/2021\/07\/cropped-Design-sem-nome-300x193-1-e1627062664782.png\",\"contentUrl\":\"https:\/\/mlhff0prgoxu.i.optimole.com\/cb:s0sM.767\/w:auto\/h:auto\/q:mauto\/f:best\/https:\/\/fullsolutions.info\/wp-content\/uploads\/2021\/07\/cropped-Design-sem-nome-300x193-1-e1627062664782.png\",\"width\":202,\"height\":155,\"caption\":\"Full Solutions\"},\"image\":{\"@id\":\"https:\/\/fullsolutions.info\/#\/schema\/logo\/image\/\"},\"sameAs\":[\"https:\/\/www.linkedin.com\/company\/full-solutions-equipment\"]}]}<\/script>\n<!-- \/ Yoast SEO plugin. -->","yoast_head_json":{"title":"Medidor de vaz\u00e3o magn\u00e9tico de dois fios ADMAG AXR - Full Solutions","description":"ADMAG AXR da Yokogawa: medidor de vaz\u00e3o magn\u00e9tico de dois fios para \u00e1gua e processos industriais. Alta precis\u00e3o, baixo consumo e f\u00e1cil instala\u00e7\u00e3o.","robots":{"index":"index","follow":"follow","max-snippet":"max-snippet:-1","max-image-preview":"max-image-preview:large","max-video-preview":"max-video-preview:-1"},"canonical":"https:\/\/fullsolutions.info\/en\/product\/medidor-de-vazao-magnetico-de-dois-fios-admag-axr\/","og_locale":"en_US","og_type":"article","og_title":"Medidor de vaz\u00e3o magn\u00e9tico de dois fios ADMAG AXR - Full Solutions","og_description":"ADMAG AXR da Yokogawa: medidor de vaz\u00e3o magn\u00e9tico de dois fios para \u00e1gua e processos industriais. Alta precis\u00e3o, baixo consumo e f\u00e1cil instala\u00e7\u00e3o.","og_url":"https:\/\/fullsolutions.info\/en\/product\/medidor-de-vazao-magnetico-de-dois-fios-admag-axr\/","og_site_name":"Full Solutions","article_modified_time":"2026-04-22T19:22:47+00:00","og_image":[{"width":199,"height":254,"url":"https:\/\/mlhff0prgoxu.i.optimole.com\/cb:s0sM.767\/w:auto\/h:auto\/q:mauto\/f:best\/https:\/\/fullsolutions.info\/wp-content\/uploads\/2024\/02\/Yokogawa-ADMAG-AXR-Two-wire-Magnetic-Flowmeter.png","type":"image\/png"}],"twitter_card":"summary_large_image","twitter_misc":{"Est. reading time":"2 minutes"},"schema":{"@context":"https:\/\/schema.org","@graph":[{"@type":"WebPage","@id":"https:\/\/fullsolutions.info\/produto\/medidor-de-vazao-magnetico-de-dois-fios-admag-axr\/","url":"https:\/\/fullsolutions.info\/produto\/medidor-de-vazao-magnetico-de-dois-fios-admag-axr\/","name":"Medidor de vaz\u00e3o magn\u00e9tico de dois fios ADMAG AXR - Full Solutions","isPartOf":{"@id":"https:\/\/fullsolutions.info\/#website"},"primaryImageOfPage":{"@id":"https:\/\/fullsolutions.info\/produto\/medidor-de-vazao-magnetico-de-dois-fios-admag-axr\/#primaryimage"},"image":{"@id":"https:\/\/fullsolutions.info\/produto\/medidor-de-vazao-magnetico-de-dois-fios-admag-axr\/#primaryimage"},"thumbnailUrl":"https:\/\/mlhff0prgoxu.i.optimole.com\/cb:s0sM.767\/w:auto\/h:auto\/q:mauto\/f:best\/https:\/\/fullsolutions.info\/wp-content\/uploads\/2024\/02\/Yokogawa-ADMAG-AXR-Two-wire-Magnetic-Flowmeter.png","datePublished":"2024-02-02T18:19:11+00:00","dateModified":"2026-04-22T19:22:47+00:00","description":"ADMAG AXR da Yokogawa: medidor de vaz\u00e3o magn\u00e9tico de dois fios para \u00e1gua e processos industriais. Alta precis\u00e3o, baixo consumo e f\u00e1cil instala\u00e7\u00e3o.","breadcrumb":{"@id":"https:\/\/fullsolutions.info\/produto\/medidor-de-vazao-magnetico-de-dois-fios-admag-axr\/#breadcrumb"},"inLanguage":"en-US","potentialAction":[{"@type":"ReadAction","target":["https:\/\/fullsolutions.info\/produto\/medidor-de-vazao-magnetico-de-dois-fios-admag-axr\/"]}]},{"@type":"ImageObject","inLanguage":"en-US","@id":"https:\/\/fullsolutions.info\/produto\/medidor-de-vazao-magnetico-de-dois-fios-admag-axr\/#primaryimage","url":"https:\/\/mlhff0prgoxu.i.optimole.com\/cb:s0sM.767\/w:auto\/h:auto\/q:mauto\/f:best\/https:\/\/fullsolutions.info\/wp-content\/uploads\/2024\/02\/Yokogawa-ADMAG-AXR-Two-wire-Magnetic-Flowmeter.png","contentUrl":"https:\/\/mlhff0prgoxu.i.optimole.com\/cb:s0sM.767\/w:auto\/h:auto\/q:mauto\/f:best\/https:\/\/fullsolutions.info\/wp-content\/uploads\/2024\/02\/Yokogawa-ADMAG-AXR-Two-wire-Magnetic-Flowmeter.png","width":199,"height":254},{"@type":"BreadcrumbList","@id":"https:\/\/fullsolutions.info\/produto\/medidor-de-vazao-magnetico-de-dois-fios-admag-axr\/#breadcrumb","itemListElement":[{"@type":"ListItem","position":1,"name":"In\u00edcio","item":"https:\/\/fullsolutions.info\/"},{"@type":"ListItem","position":2,"name":"Produtos","item":"https:\/\/fullsolutions.info\/shop\/"},{"@type":"ListItem","position":3,"name":"Medidor de vaz\u00e3o magn\u00e9tico de dois fios ADMAG AXR"}]},{"@type":"WebSite","@id":"https:\/\/fullsolutions.info\/#website","url":"https:\/\/fullsolutions.info\/","name":"Full Solutions","description":"Empresa na \u00c1rea de Procurement","publisher":{"@id":"https:\/\/fullsolutions.info\/#organization"},"potentialAction":[{"@type":"SearchAction","target":{"@type":"EntryPoint","urlTemplate":"https:\/\/fullsolutions.info\/?s={search_term_string}"},"query-input":{"@type":"PropertyValueSpecification","valueRequired":true,"valueName":"search_term_string"}}],"inLanguage":"en-US"},{"@type":"Organization","@id":"https:\/\/fullsolutions.info\/#organization","name":"Full Solutions","url":"https:\/\/fullsolutions.info\/","logo":{"@type":"ImageObject","inLanguage":"en-US","@id":"https:\/\/fullsolutions.info\/#\/schema\/logo\/image\/","url":"https:\/\/mlhff0prgoxu.i.optimole.com\/cb:s0sM.767\/w:auto\/h:auto\/q:mauto\/f:best\/https:\/\/fullsolutions.info\/wp-content\/uploads\/2021\/07\/cropped-Design-sem-nome-300x193-1-e1627062664782.png","contentUrl":"https:\/\/mlhff0prgoxu.i.optimole.com\/cb:s0sM.767\/w:auto\/h:auto\/q:mauto\/f:best\/https:\/\/fullsolutions.info\/wp-content\/uploads\/2021\/07\/cropped-Design-sem-nome-300x193-1-e1627062664782.png","width":202,"height":155,"caption":"Full Solutions"},"image":{"@id":"https:\/\/fullsolutions.info\/#\/schema\/logo\/image\/"},"sameAs":["https:\/\/www.linkedin.com\/company\/full-solutions-equipment"]}]}},"_links":{"self":[{"href":"https:\/\/fullsolutions.info\/en\/wp-json\/wp\/v2\/product\/4496","targetHints":{"allow":["GET"]}}],"collection":[{"href":"https:\/\/fullsolutions.info\/en\/wp-json\/wp\/v2\/product"}],"about":[{"href":"https:\/\/fullsolutions.info\/en\/wp-json\/wp\/v2\/types\/product"}],"replies":[{"embeddable":true,"href":"https:\/\/fullsolutions.info\/en\/wp-json\/wp\/v2\/comments?post=4496"}],"wp:featuredmedia":[{"embeddable":true,"href":"https:\/\/fullsolutions.info\/en\/wp-json\/wp\/v2\/media\/4497"}],"wp:attachment":[{"href":"https:\/\/fullsolutions.info\/en\/wp-json\/wp\/v2\/media?parent=4496"}],"wp:term":[{"taxonomy":"product_brand","embeddable":true,"href":"https:\/\/fullsolutions.info\/en\/wp-json\/wp\/v2\/product_brand?post=4496"},{"taxonomy":"product_cat","embeddable":true,"href":"https:\/\/fullsolutions.info\/en\/wp-json\/wp\/v2\/product_cat?post=4496"},{"taxonomy":"product_tag","embeddable":true,"href":"https:\/\/fullsolutions.info\/en\/wp-json\/wp\/v2\/product_tag?post=4496"},{"taxonomy":"marca","embeddable":true,"href":"https:\/\/fullsolutions.info\/en\/wp-json\/wp\/v2\/marca?post=4496"}],"curies":[{"name":"wp","href":"https:\/\/api.w.org\/{rel}","templated":true}]}}