{"id":4492,"date":"2024-02-02T18:16:39","date_gmt":"2024-02-02T18:16:39","guid":{"rendered":"https:\/\/fullsolutionsequip.com\/?post_type=product&#038;p=4492"},"modified":"2026-04-27T11:09:47","modified_gmt":"2026-04-27T14:09:47","slug":"medidores-de-vazao-magneticos-sanitarios-yokogawa-admag","status":"publish","type":"product","link":"https:\/\/fullsolutions.info\/en\/product\/medidores-de-vazao-magneticos-sanitarios-yokogawa-admag\/","title":{"rendered":"Flow meter, magnetic health Yokogawa ADMAG"},"content":{"rendered":"<p data-start=\"568\" data-end=\"665\">Os ADMAG Sanit\u00e1rio medem vaz\u00e3o de l\u00edquidos condutivos em aplica\u00e7\u00f5es higi\u00eanicas com alta precis\u00e3o. Os equipamentos utilizam tecnologia eletromagn\u00e9tica e eles n\u00e3o possuem partes m\u00f3veis. Isso garante medi\u00e7\u00f5es est\u00e1veis e reduz interfer\u00eancias no processo.<\/p>\n<p data-start=\"568\" data-end=\"665\">A linha ADMAG sanit\u00e1ria atende ind\u00fastrias de alimentos, bebidas e farmac\u00eautica, oferecendo desempenho confi\u00e1vel em processos que exigem controle rigoroso e conformidade sanit\u00e1ria.<\/p>\n<p data-start=\"1002\" data-end=\"1159\">Os medidores tamb\u00e9m facilitam a integra\u00e7\u00e3o com sistemas de automa\u00e7\u00e3o industrial e permitem monitoramento cont\u00ednuo da vaz\u00e3o e melhor controle operacional. Al\u00e9m disso, os equipamentos contam com constru\u00e7\u00e3o adequada para ambientes higi\u00eanicos, o que contribui para seguran\u00e7a e consist\u00eancia do processo.<\/p>","protected":false},"excerpt":{"rendered":"<p>Os ADMAG Sanit\u00e1rio medem vaz\u00e3o de l\u00edquidos condutivos em aplica\u00e7\u00f5es higi\u00eanicas com alta precis\u00e3o. Os equipamentos utilizam tecnologia eletromagn\u00e9tica e eles n\u00e3o possuem partes m\u00f3veis. Isso garante medi\u00e7\u00f5es est\u00e1veis e reduz interfer\u00eancias no processo. A linha ADMAG sanit\u00e1ria atende ind\u00fastrias de alimentos, bebidas e farmac\u00eautica, oferecendo desempenho confi\u00e1vel em processos que exigem controle rigoroso e conformidade sanit\u00e1ria. Os medidores tamb\u00e9m facilitam a integra\u00e7\u00e3o com sistemas de automa\u00e7\u00e3o industrial e permitem monitoramento cont\u00ednuo da vaz\u00e3o e melhor controle operacional. Al\u00e9m disso, os equipamentos contam com constru\u00e7\u00e3o adequada para ambientes higi\u00eanicos, o que contribui para seguran\u00e7a e consist\u00eancia do processo.<\/p>","protected":false},"featured_media":4493,"comment_status":"open","ping_status":"closed","template":"","meta":{"_joinchat":[]},"product_brand":[],"product_cat":[146],"product_tag":[],"marca":[143],"class_list":{"0":"post-4492","1":"product","2":"type-product","3":"status-publish","4":"has-post-thumbnail","6":"product_cat-medidores-de-vazao-e-tubos-de-vazao","7":"marca-yokogawa","9":"first","10":"instock","11":"shipping-taxable","12":"purchasable","13":"product-type-simple"},"yoast_head":"<!-- This site is optimized with the Yoast SEO plugin v27.2 - https:\/\/yoast.com\/product\/yoast-seo-wordpress\/ -->\n<title>Medidores de vaz\u00e3o magn\u00e9ticos sanit\u00e1rios Yokogawa ADMAG - Full Solutions<\/title>\n<meta name=\"description\" content=\"ADMAG sanit\u00e1rio da Yokogawa mede vaz\u00e3o com alta precis\u00e3o em aplica\u00e7\u00f5es higi\u00eanicas. Ideal para alimentos, bebidas e ind\u00fastria farmac\u00eautica.\" \/>\n<meta name=\"robots\" content=\"index, follow, max-snippet:-1, max-image-preview:large, max-video-preview:-1\" \/>\n<link rel=\"canonical\" href=\"https:\/\/fullsolutions.info\/en\/product\/medidores-de-vazao-magneticos-sanitarios-yokogawa-admag\/\" \/>\n<meta property=\"og:locale\" content=\"en_US\" \/>\n<meta property=\"og:type\" content=\"article\" \/>\n<meta property=\"og:title\" content=\"Medidores de vaz\u00e3o magn\u00e9ticos sanit\u00e1rios Yokogawa ADMAG - Full Solutions\" \/>\n<meta property=\"og:description\" content=\"ADMAG sanit\u00e1rio da Yokogawa mede vaz\u00e3o com alta precis\u00e3o em aplica\u00e7\u00f5es higi\u00eanicas. Ideal para alimentos, bebidas e ind\u00fastria farmac\u00eautica.\" \/>\n<meta property=\"og:url\" content=\"https:\/\/fullsolutions.info\/en\/product\/medidores-de-vazao-magneticos-sanitarios-yokogawa-admag\/\" \/>\n<meta property=\"og:site_name\" content=\"Full Solutions\" \/>\n<meta property=\"article:modified_time\" content=\"2026-04-27T14:09:47+00:00\" \/>\n<meta property=\"og:image\" content=\"https:\/\/mlhff0prgoxu.i.optimole.com\/cb:s0sM.767\/w:auto\/h:auto\/q:mauto\/f:best\/https:\/\/fullsolutions.info\/wp-content\/uploads\/2024\/02\/Yokogawa-ADMAG.png\" \/>\n\t<meta property=\"og:image:width\" content=\"185\" \/>\n\t<meta property=\"og:image:height\" content=\"200\" \/>\n\t<meta property=\"og:image:type\" content=\"image\/png\" \/>\n<meta name=\"twitter:card\" content=\"summary_large_image\" \/>\n<meta name=\"twitter:label1\" content=\"Est. reading time\" \/>\n\t<meta name=\"twitter:data1\" content=\"1 minute\" \/>\n<script type=\"application\/ld+json\" class=\"yoast-schema-graph\">{\"@context\":\"https:\/\/schema.org\",\"@graph\":[{\"@type\":\"WebPage\",\"@id\":\"https:\/\/fullsolutions.info\/produto\/medidores-de-vazao-magneticos-sanitarios-yokogawa-admag\/\",\"url\":\"https:\/\/fullsolutions.info\/produto\/medidores-de-vazao-magneticos-sanitarios-yokogawa-admag\/\",\"name\":\"Medidores de vaz\u00e3o magn\u00e9ticos sanit\u00e1rios Yokogawa ADMAG - Full Solutions\",\"isPartOf\":{\"@id\":\"https:\/\/fullsolutions.info\/#website\"},\"primaryImageOfPage\":{\"@id\":\"https:\/\/fullsolutions.info\/produto\/medidores-de-vazao-magneticos-sanitarios-yokogawa-admag\/#primaryimage\"},\"image\":{\"@id\":\"https:\/\/fullsolutions.info\/produto\/medidores-de-vazao-magneticos-sanitarios-yokogawa-admag\/#primaryimage\"},\"thumbnailUrl\":\"https:\/\/mlhff0prgoxu.i.optimole.com\/cb:s0sM.767\/w:auto\/h:auto\/q:mauto\/f:best\/https:\/\/fullsolutions.info\/wp-content\/uploads\/2024\/02\/Yokogawa-ADMAG.png\",\"datePublished\":\"2024-02-02T18:16:39+00:00\",\"dateModified\":\"2026-04-27T14:09:47+00:00\",\"description\":\"ADMAG sanit\u00e1rio da Yokogawa mede vaz\u00e3o com alta precis\u00e3o em aplica\u00e7\u00f5es higi\u00eanicas. Ideal para alimentos, bebidas e ind\u00fastria farmac\u00eautica.\",\"breadcrumb\":{\"@id\":\"https:\/\/fullsolutions.info\/produto\/medidores-de-vazao-magneticos-sanitarios-yokogawa-admag\/#breadcrumb\"},\"inLanguage\":\"en-US\",\"potentialAction\":[{\"@type\":\"ReadAction\",\"target\":[\"https:\/\/fullsolutions.info\/produto\/medidores-de-vazao-magneticos-sanitarios-yokogawa-admag\/\"]}]},{\"@type\":\"ImageObject\",\"inLanguage\":\"en-US\",\"@id\":\"https:\/\/fullsolutions.info\/produto\/medidores-de-vazao-magneticos-sanitarios-yokogawa-admag\/#primaryimage\",\"url\":\"https:\/\/mlhff0prgoxu.i.optimole.com\/cb:s0sM.767\/w:auto\/h:auto\/q:mauto\/f:best\/https:\/\/fullsolutions.info\/wp-content\/uploads\/2024\/02\/Yokogawa-ADMAG.png\",\"contentUrl\":\"https:\/\/mlhff0prgoxu.i.optimole.com\/cb:s0sM.767\/w:auto\/h:auto\/q:mauto\/f:best\/https:\/\/fullsolutions.info\/wp-content\/uploads\/2024\/02\/Yokogawa-ADMAG.png\",\"width\":185,\"height\":200},{\"@type\":\"BreadcrumbList\",\"@id\":\"https:\/\/fullsolutions.info\/produto\/medidores-de-vazao-magneticos-sanitarios-yokogawa-admag\/#breadcrumb\",\"itemListElement\":[{\"@type\":\"ListItem\",\"position\":1,\"name\":\"In\u00edcio\",\"item\":\"https:\/\/fullsolutions.info\/\"},{\"@type\":\"ListItem\",\"position\":2,\"name\":\"Produtos\",\"item\":\"https:\/\/fullsolutions.info\/shop\/\"},{\"@type\":\"ListItem\",\"position\":3,\"name\":\"Medidores de vaz\u00e3o magn\u00e9ticos sanit\u00e1rios Yokogawa ADMAG\"}]},{\"@type\":\"WebSite\",\"@id\":\"https:\/\/fullsolutions.info\/#website\",\"url\":\"https:\/\/fullsolutions.info\/\",\"name\":\"Full Solutions\",\"description\":\"Empresa na \u00c1rea de Procurement\",\"publisher\":{\"@id\":\"https:\/\/fullsolutions.info\/#organization\"},\"potentialAction\":[{\"@type\":\"SearchAction\",\"target\":{\"@type\":\"EntryPoint\",\"urlTemplate\":\"https:\/\/fullsolutions.info\/?s={search_term_string}\"},\"query-input\":{\"@type\":\"PropertyValueSpecification\",\"valueRequired\":true,\"valueName\":\"search_term_string\"}}],\"inLanguage\":\"en-US\"},{\"@type\":\"Organization\",\"@id\":\"https:\/\/fullsolutions.info\/#organization\",\"name\":\"Full Solutions\",\"url\":\"https:\/\/fullsolutions.info\/\",\"logo\":{\"@type\":\"ImageObject\",\"inLanguage\":\"en-US\",\"@id\":\"https:\/\/fullsolutions.info\/#\/schema\/logo\/image\/\",\"url\":\"https:\/\/mlhff0prgoxu.i.optimole.com\/cb:s0sM.767\/w:auto\/h:auto\/q:mauto\/f:best\/https:\/\/fullsolutions.info\/wp-content\/uploads\/2021\/07\/cropped-Design-sem-nome-300x193-1-e1627062664782.png\",\"contentUrl\":\"https:\/\/mlhff0prgoxu.i.optimole.com\/cb:s0sM.767\/w:auto\/h:auto\/q:mauto\/f:best\/https:\/\/fullsolutions.info\/wp-content\/uploads\/2021\/07\/cropped-Design-sem-nome-300x193-1-e1627062664782.png\",\"width\":202,\"height\":155,\"caption\":\"Full Solutions\"},\"image\":{\"@id\":\"https:\/\/fullsolutions.info\/#\/schema\/logo\/image\/\"},\"sameAs\":[\"https:\/\/www.linkedin.com\/company\/full-solutions-equipment\"]}]}<\/script>\n<!-- \/ Yoast SEO plugin. -->","yoast_head_json":{"title":"Medidores de vaz\u00e3o magn\u00e9ticos sanit\u00e1rios Yokogawa ADMAG - Full Solutions","description":"ADMAG sanit\u00e1rio da Yokogawa mede vaz\u00e3o com alta precis\u00e3o em aplica\u00e7\u00f5es higi\u00eanicas. Ideal para alimentos, bebidas e ind\u00fastria farmac\u00eautica.","robots":{"index":"index","follow":"follow","max-snippet":"max-snippet:-1","max-image-preview":"max-image-preview:large","max-video-preview":"max-video-preview:-1"},"canonical":"https:\/\/fullsolutions.info\/en\/product\/medidores-de-vazao-magneticos-sanitarios-yokogawa-admag\/","og_locale":"en_US","og_type":"article","og_title":"Medidores de vaz\u00e3o magn\u00e9ticos sanit\u00e1rios Yokogawa ADMAG - Full Solutions","og_description":"ADMAG sanit\u00e1rio da Yokogawa mede vaz\u00e3o com alta precis\u00e3o em aplica\u00e7\u00f5es higi\u00eanicas. Ideal para alimentos, bebidas e ind\u00fastria farmac\u00eautica.","og_url":"https:\/\/fullsolutions.info\/en\/product\/medidores-de-vazao-magneticos-sanitarios-yokogawa-admag\/","og_site_name":"Full Solutions","article_modified_time":"2026-04-27T14:09:47+00:00","og_image":[{"width":185,"height":200,"url":"https:\/\/mlhff0prgoxu.i.optimole.com\/cb:s0sM.767\/w:auto\/h:auto\/q:mauto\/f:best\/https:\/\/fullsolutions.info\/wp-content\/uploads\/2024\/02\/Yokogawa-ADMAG.png","type":"image\/png"}],"twitter_card":"summary_large_image","twitter_misc":{"Est. reading time":"1 minute"},"schema":{"@context":"https:\/\/schema.org","@graph":[{"@type":"WebPage","@id":"https:\/\/fullsolutions.info\/produto\/medidores-de-vazao-magneticos-sanitarios-yokogawa-admag\/","url":"https:\/\/fullsolutions.info\/produto\/medidores-de-vazao-magneticos-sanitarios-yokogawa-admag\/","name":"Medidores de vaz\u00e3o magn\u00e9ticos sanit\u00e1rios Yokogawa ADMAG - Full Solutions","isPartOf":{"@id":"https:\/\/fullsolutions.info\/#website"},"primaryImageOfPage":{"@id":"https:\/\/fullsolutions.info\/produto\/medidores-de-vazao-magneticos-sanitarios-yokogawa-admag\/#primaryimage"},"image":{"@id":"https:\/\/fullsolutions.info\/produto\/medidores-de-vazao-magneticos-sanitarios-yokogawa-admag\/#primaryimage"},"thumbnailUrl":"https:\/\/mlhff0prgoxu.i.optimole.com\/cb:s0sM.767\/w:auto\/h:auto\/q:mauto\/f:best\/https:\/\/fullsolutions.info\/wp-content\/uploads\/2024\/02\/Yokogawa-ADMAG.png","datePublished":"2024-02-02T18:16:39+00:00","dateModified":"2026-04-27T14:09:47+00:00","description":"ADMAG sanit\u00e1rio da Yokogawa mede vaz\u00e3o com alta precis\u00e3o em aplica\u00e7\u00f5es higi\u00eanicas. Ideal para alimentos, bebidas e ind\u00fastria farmac\u00eautica.","breadcrumb":{"@id":"https:\/\/fullsolutions.info\/produto\/medidores-de-vazao-magneticos-sanitarios-yokogawa-admag\/#breadcrumb"},"inLanguage":"en-US","potentialAction":[{"@type":"ReadAction","target":["https:\/\/fullsolutions.info\/produto\/medidores-de-vazao-magneticos-sanitarios-yokogawa-admag\/"]}]},{"@type":"ImageObject","inLanguage":"en-US","@id":"https:\/\/fullsolutions.info\/produto\/medidores-de-vazao-magneticos-sanitarios-yokogawa-admag\/#primaryimage","url":"https:\/\/mlhff0prgoxu.i.optimole.com\/cb:s0sM.767\/w:auto\/h:auto\/q:mauto\/f:best\/https:\/\/fullsolutions.info\/wp-content\/uploads\/2024\/02\/Yokogawa-ADMAG.png","contentUrl":"https:\/\/mlhff0prgoxu.i.optimole.com\/cb:s0sM.767\/w:auto\/h:auto\/q:mauto\/f:best\/https:\/\/fullsolutions.info\/wp-content\/uploads\/2024\/02\/Yokogawa-ADMAG.png","width":185,"height":200},{"@type":"BreadcrumbList","@id":"https:\/\/fullsolutions.info\/produto\/medidores-de-vazao-magneticos-sanitarios-yokogawa-admag\/#breadcrumb","itemListElement":[{"@type":"ListItem","position":1,"name":"In\u00edcio","item":"https:\/\/fullsolutions.info\/"},{"@type":"ListItem","position":2,"name":"Produtos","item":"https:\/\/fullsolutions.info\/shop\/"},{"@type":"ListItem","position":3,"name":"Medidores de vaz\u00e3o magn\u00e9ticos sanit\u00e1rios Yokogawa ADMAG"}]},{"@type":"WebSite","@id":"https:\/\/fullsolutions.info\/#website","url":"https:\/\/fullsolutions.info\/","name":"Full Solutions","description":"Empresa na \u00c1rea de Procurement","publisher":{"@id":"https:\/\/fullsolutions.info\/#organization"},"potentialAction":[{"@type":"SearchAction","target":{"@type":"EntryPoint","urlTemplate":"https:\/\/fullsolutions.info\/?s={search_term_string}"},"query-input":{"@type":"PropertyValueSpecification","valueRequired":true,"valueName":"search_term_string"}}],"inLanguage":"en-US"},{"@type":"Organization","@id":"https:\/\/fullsolutions.info\/#organization","name":"Full Solutions","url":"https:\/\/fullsolutions.info\/","logo":{"@type":"ImageObject","inLanguage":"en-US","@id":"https:\/\/fullsolutions.info\/#\/schema\/logo\/image\/","url":"https:\/\/mlhff0prgoxu.i.optimole.com\/cb:s0sM.767\/w:auto\/h:auto\/q:mauto\/f:best\/https:\/\/fullsolutions.info\/wp-content\/uploads\/2021\/07\/cropped-Design-sem-nome-300x193-1-e1627062664782.png","contentUrl":"https:\/\/mlhff0prgoxu.i.optimole.com\/cb:s0sM.767\/w:auto\/h:auto\/q:mauto\/f:best\/https:\/\/fullsolutions.info\/wp-content\/uploads\/2021\/07\/cropped-Design-sem-nome-300x193-1-e1627062664782.png","width":202,"height":155,"caption":"Full Solutions"},"image":{"@id":"https:\/\/fullsolutions.info\/#\/schema\/logo\/image\/"},"sameAs":["https:\/\/www.linkedin.com\/company\/full-solutions-equipment"]}]}},"_links":{"self":[{"href":"https:\/\/fullsolutions.info\/en\/wp-json\/wp\/v2\/product\/4492","targetHints":{"allow":["GET"]}}],"collection":[{"href":"https:\/\/fullsolutions.info\/en\/wp-json\/wp\/v2\/product"}],"about":[{"href":"https:\/\/fullsolutions.info\/en\/wp-json\/wp\/v2\/types\/product"}],"replies":[{"embeddable":true,"href":"https:\/\/fullsolutions.info\/en\/wp-json\/wp\/v2\/comments?post=4492"}],"wp:featuredmedia":[{"embeddable":true,"href":"https:\/\/fullsolutions.info\/en\/wp-json\/wp\/v2\/media\/4493"}],"wp:attachment":[{"href":"https:\/\/fullsolutions.info\/en\/wp-json\/wp\/v2\/media?parent=4492"}],"wp:term":[{"taxonomy":"product_brand","embeddable":true,"href":"https:\/\/fullsolutions.info\/en\/wp-json\/wp\/v2\/product_brand?post=4492"},{"taxonomy":"product_cat","embeddable":true,"href":"https:\/\/fullsolutions.info\/en\/wp-json\/wp\/v2\/product_cat?post=4492"},{"taxonomy":"product_tag","embeddable":true,"href":"https:\/\/fullsolutions.info\/en\/wp-json\/wp\/v2\/product_tag?post=4492"},{"taxonomy":"marca","embeddable":true,"href":"https:\/\/fullsolutions.info\/en\/wp-json\/wp\/v2\/marca?post=4492"}],"curies":[{"name":"wp","href":"https:\/\/api.w.org\/{rel}","templated":true}]}}