{"id":4488,"date":"2024-02-02T18:13:34","date_gmt":"2024-02-02T18:13:34","guid":{"rendered":"https:\/\/fullsolutionsequip.com\/?post_type=product&#038;p=4488"},"modified":"2026-04-27T11:21:49","modified_gmt":"2026-04-27T14:21:49","slug":"conversores-de-fluxo-magnetico-yokogawa","status":"publish","type":"product","link":"https:\/\/fullsolutions.info\/en\/product\/conversores-de-fluxo-magnetico-yokogawa\/","title":{"rendered":"Conversores de Fluxo Magn\u00e9tico Yokogawa AXFA11"},"content":{"rendered":"<div class=\"flex-1 overflow-hidden\">\n<div class=\"react-scroll-to-bottom--css-pwfux-79elbk h-full\">\n<div class=\"react-scroll-to-bottom--css-pwfux-1n7m0yu\">\n<div class=\"flex flex-col pb-9 text-sm\">\n<div class=\"w-full text-token-text-primary\" data-testid=\"conversation-turn-213\">\n<div class=\"px-4 py-2 justify-center text-base md:gap-6 m-auto\">\n<div class=\"flex flex-1 text-base mx-auto gap-3 md:px-5 lg:px-1 xl:px-5 md:max-w-3xl lg:max-w-[40rem] xl:max-w-[48rem] group final-completion\">\n<div class=\"relative flex w-full flex-col lg:w-[calc(100%-115px)] agent-turn\">\n<div class=\"flex-col gap-1 md:gap-3\">\n<div class=\"flex flex-grow flex-col max-w-full\">\n<div class=\"min-h-[20px] text-message flex flex-col items-start gap-3 whitespace-pre-wrap break-words [.text-message+&amp;]:mt-5 overflow-x-auto\" data-message-author-role=\"assistant\" data-message-id=\"8006a799-2117-4e07-a95a-0fa03d66dcf0\">\n<div class=\"markdown prose w-full break-words dark:prose-invert light\">\n<p data-start=\"504\" data-end=\"753\">Os AXFA11 processam os sinais gerados por sensores de vaz\u00e3o magn\u00e9ticos e convertem esses dados em medi\u00e7\u00f5es precisas para aplica\u00e7\u00f5es industriais. Os equipamentos utilizam tecnologia eletr\u00f4nica avan\u00e7ada e garantem leitura est\u00e1vel e confi\u00e1vel do fluxo.<\/p>\n<p data-start=\"755\" data-end=\"906\">A linha AXFA11 atende ind\u00fastrias qu\u00edmicas, saneamento e processos industriais em geral, oferecendo desempenho consistente mesmo em ambientes exigentes.<\/p>\n<p data-start=\"908\" data-end=\"1227\">Os conversores tamb\u00e9m facilitam a integra\u00e7\u00e3o com sistemas de automa\u00e7\u00e3o industrial e permitem monitoramento cont\u00ednuo da vaz\u00e3o, melhorando o controle operacional. Al\u00e9m disso, os equipamentos contam com fun\u00e7\u00f5es de diagn\u00f3stico e configura\u00e7\u00e3o simplificada, o que contribui para maior confiabilidade e efici\u00eancia do processo.<\/p>\n<\/div>\n<\/div>\n<\/div>\n<\/div>\n<\/div>\n<\/div>\n<\/div>\n<\/div>\n<\/div>\n<\/div>\n<\/div>\n<\/div>","protected":false},"excerpt":{"rendered":"<p>Os AXFA11 processam os sinais gerados por sensores de vaz\u00e3o magn\u00e9ticos e convertem esses dados em medi\u00e7\u00f5es precisas para aplica\u00e7\u00f5es industriais. Os equipamentos utilizam tecnologia eletr\u00f4nica avan\u00e7ada e garantem leitura est\u00e1vel e confi\u00e1vel do fluxo. A linha AXFA11 atende ind\u00fastrias qu\u00edmicas, saneamento e processos industriais em geral, oferecendo desempenho consistente mesmo em ambientes exigentes. Os conversores tamb\u00e9m facilitam a integra\u00e7\u00e3o com sistemas de automa\u00e7\u00e3o industrial e permitem monitoramento cont\u00ednuo da vaz\u00e3o, melhorando o controle operacional. Al\u00e9m disso, os equipamentos contam com fun\u00e7\u00f5es de diagn\u00f3stico e configura\u00e7\u00e3o simplificada, o que contribui para maior confiabilidade e efici\u00eancia do processo.<\/p>","protected":false},"featured_media":4489,"comment_status":"open","ping_status":"closed","template":"","meta":{"_joinchat":[]},"product_brand":[],"product_cat":[146],"product_tag":[],"marca":[143],"class_list":{"0":"post-4488","1":"product","2":"type-product","3":"status-publish","4":"has-post-thumbnail","6":"product_cat-medidores-de-vazao-e-tubos-de-vazao","7":"marca-yokogawa","9":"first","10":"instock","11":"shipping-taxable","12":"purchasable","13":"product-type-simple"},"yoast_head":"<!-- This site is optimized with the Yoast SEO plugin v27.2 - https:\/\/yoast.com\/product\/yoast-seo-wordpress\/ -->\n<title>Conversores de Fluxo Magn\u00e9tico Yokogawa AXFA11 - Full Solutions<\/title>\n<meta name=\"description\" content=\"AXFA11 da Yokogawa: conversor para medidores de vaz\u00e3o magn\u00e9ticos com alta precis\u00e3o, diagn\u00f3stico avan\u00e7ado e integra\u00e7\u00e3o com automa\u00e7\u00e3o industrial.\" \/>\n<meta name=\"robots\" content=\"index, follow, max-snippet:-1, max-image-preview:large, max-video-preview:-1\" \/>\n<link rel=\"canonical\" href=\"https:\/\/fullsolutions.info\/en\/product\/conversores-de-fluxo-magnetico-yokogawa\/\" \/>\n<meta property=\"og:locale\" content=\"en_US\" \/>\n<meta property=\"og:type\" content=\"article\" \/>\n<meta property=\"og:title\" content=\"Conversores de Fluxo Magn\u00e9tico Yokogawa AXFA11 - Full Solutions\" \/>\n<meta property=\"og:description\" content=\"AXFA11 da Yokogawa: conversor para medidores de vaz\u00e3o magn\u00e9ticos com alta precis\u00e3o, diagn\u00f3stico avan\u00e7ado e integra\u00e7\u00e3o com automa\u00e7\u00e3o industrial.\" \/>\n<meta property=\"og:url\" content=\"https:\/\/fullsolutions.info\/en\/product\/conversores-de-fluxo-magnetico-yokogawa\/\" \/>\n<meta property=\"og:site_name\" content=\"Full Solutions\" \/>\n<meta property=\"article:modified_time\" content=\"2026-04-27T14:21:49+00:00\" \/>\n<meta property=\"og:image\" content=\"https:\/\/mlhff0prgoxu.i.optimole.com\/cb:s0sM.767\/w:auto\/h:auto\/q:mauto\/f:best\/https:\/\/fullsolutions.info\/wp-content\/uploads\/2024\/02\/Yokogawa-Magnetic.png\" \/>\n\t<meta property=\"og:image:width\" content=\"163\" \/>\n\t<meta property=\"og:image:height\" content=\"169\" \/>\n\t<meta property=\"og:image:type\" content=\"image\/png\" \/>\n<meta name=\"twitter:card\" content=\"summary_large_image\" \/>\n<meta name=\"twitter:label1\" content=\"Est. reading time\" \/>\n\t<meta name=\"twitter:data1\" content=\"1 minute\" \/>\n<script type=\"application\/ld+json\" class=\"yoast-schema-graph\">{\"@context\":\"https:\/\/schema.org\",\"@graph\":[{\"@type\":\"WebPage\",\"@id\":\"https:\/\/fullsolutions.info\/produto\/conversores-de-fluxo-magnetico-yokogawa\/\",\"url\":\"https:\/\/fullsolutions.info\/produto\/conversores-de-fluxo-magnetico-yokogawa\/\",\"name\":\"Conversores de Fluxo Magn\u00e9tico Yokogawa AXFA11 - Full Solutions\",\"isPartOf\":{\"@id\":\"https:\/\/fullsolutions.info\/#website\"},\"primaryImageOfPage\":{\"@id\":\"https:\/\/fullsolutions.info\/produto\/conversores-de-fluxo-magnetico-yokogawa\/#primaryimage\"},\"image\":{\"@id\":\"https:\/\/fullsolutions.info\/produto\/conversores-de-fluxo-magnetico-yokogawa\/#primaryimage\"},\"thumbnailUrl\":\"https:\/\/mlhff0prgoxu.i.optimole.com\/cb:s0sM.767\/w:auto\/h:auto\/q:mauto\/f:best\/https:\/\/fullsolutions.info\/wp-content\/uploads\/2024\/02\/Yokogawa-Magnetic.png\",\"datePublished\":\"2024-02-02T18:13:34+00:00\",\"dateModified\":\"2026-04-27T14:21:49+00:00\",\"description\":\"AXFA11 da Yokogawa: conversor para medidores de vaz\u00e3o magn\u00e9ticos com alta precis\u00e3o, diagn\u00f3stico avan\u00e7ado e integra\u00e7\u00e3o com automa\u00e7\u00e3o industrial.\",\"breadcrumb\":{\"@id\":\"https:\/\/fullsolutions.info\/produto\/conversores-de-fluxo-magnetico-yokogawa\/#breadcrumb\"},\"inLanguage\":\"en-US\",\"potentialAction\":[{\"@type\":\"ReadAction\",\"target\":[\"https:\/\/fullsolutions.info\/produto\/conversores-de-fluxo-magnetico-yokogawa\/\"]}]},{\"@type\":\"ImageObject\",\"inLanguage\":\"en-US\",\"@id\":\"https:\/\/fullsolutions.info\/produto\/conversores-de-fluxo-magnetico-yokogawa\/#primaryimage\",\"url\":\"https:\/\/mlhff0prgoxu.i.optimole.com\/cb:s0sM.767\/w:auto\/h:auto\/q:mauto\/f:best\/https:\/\/fullsolutions.info\/wp-content\/uploads\/2024\/02\/Yokogawa-Magnetic.png\",\"contentUrl\":\"https:\/\/mlhff0prgoxu.i.optimole.com\/cb:s0sM.767\/w:auto\/h:auto\/q:mauto\/f:best\/https:\/\/fullsolutions.info\/wp-content\/uploads\/2024\/02\/Yokogawa-Magnetic.png\",\"width\":163,\"height\":169},{\"@type\":\"BreadcrumbList\",\"@id\":\"https:\/\/fullsolutions.info\/produto\/conversores-de-fluxo-magnetico-yokogawa\/#breadcrumb\",\"itemListElement\":[{\"@type\":\"ListItem\",\"position\":1,\"name\":\"In\u00edcio\",\"item\":\"https:\/\/fullsolutions.info\/\"},{\"@type\":\"ListItem\",\"position\":2,\"name\":\"Produtos\",\"item\":\"https:\/\/fullsolutions.info\/shop\/\"},{\"@type\":\"ListItem\",\"position\":3,\"name\":\"Conversores de Fluxo Magn\u00e9tico Yokogawa AXFA11\"}]},{\"@type\":\"WebSite\",\"@id\":\"https:\/\/fullsolutions.info\/#website\",\"url\":\"https:\/\/fullsolutions.info\/\",\"name\":\"Full Solutions\",\"description\":\"Empresa na \u00c1rea de Procurement\",\"publisher\":{\"@id\":\"https:\/\/fullsolutions.info\/#organization\"},\"potentialAction\":[{\"@type\":\"SearchAction\",\"target\":{\"@type\":\"EntryPoint\",\"urlTemplate\":\"https:\/\/fullsolutions.info\/?s={search_term_string}\"},\"query-input\":{\"@type\":\"PropertyValueSpecification\",\"valueRequired\":true,\"valueName\":\"search_term_string\"}}],\"inLanguage\":\"en-US\"},{\"@type\":\"Organization\",\"@id\":\"https:\/\/fullsolutions.info\/#organization\",\"name\":\"Full Solutions\",\"url\":\"https:\/\/fullsolutions.info\/\",\"logo\":{\"@type\":\"ImageObject\",\"inLanguage\":\"en-US\",\"@id\":\"https:\/\/fullsolutions.info\/#\/schema\/logo\/image\/\",\"url\":\"https:\/\/mlhff0prgoxu.i.optimole.com\/cb:s0sM.767\/w:auto\/h:auto\/q:mauto\/f:best\/https:\/\/fullsolutions.info\/wp-content\/uploads\/2021\/07\/cropped-Design-sem-nome-300x193-1-e1627062664782.png\",\"contentUrl\":\"https:\/\/mlhff0prgoxu.i.optimole.com\/cb:s0sM.767\/w:auto\/h:auto\/q:mauto\/f:best\/https:\/\/fullsolutions.info\/wp-content\/uploads\/2021\/07\/cropped-Design-sem-nome-300x193-1-e1627062664782.png\",\"width\":202,\"height\":155,\"caption\":\"Full Solutions\"},\"image\":{\"@id\":\"https:\/\/fullsolutions.info\/#\/schema\/logo\/image\/\"},\"sameAs\":[\"https:\/\/www.linkedin.com\/company\/full-solutions-equipment\"]}]}<\/script>\n<!-- \/ Yoast SEO plugin. -->","yoast_head_json":{"title":"Conversores de Fluxo Magn\u00e9tico Yokogawa AXFA11 - Full Solutions","description":"AXFA11 da Yokogawa: conversor para medidores de vaz\u00e3o magn\u00e9ticos com alta precis\u00e3o, diagn\u00f3stico avan\u00e7ado e integra\u00e7\u00e3o com automa\u00e7\u00e3o industrial.","robots":{"index":"index","follow":"follow","max-snippet":"max-snippet:-1","max-image-preview":"max-image-preview:large","max-video-preview":"max-video-preview:-1"},"canonical":"https:\/\/fullsolutions.info\/en\/product\/conversores-de-fluxo-magnetico-yokogawa\/","og_locale":"en_US","og_type":"article","og_title":"Conversores de Fluxo Magn\u00e9tico Yokogawa AXFA11 - Full Solutions","og_description":"AXFA11 da Yokogawa: conversor para medidores de vaz\u00e3o magn\u00e9ticos com alta precis\u00e3o, diagn\u00f3stico avan\u00e7ado e integra\u00e7\u00e3o com automa\u00e7\u00e3o industrial.","og_url":"https:\/\/fullsolutions.info\/en\/product\/conversores-de-fluxo-magnetico-yokogawa\/","og_site_name":"Full Solutions","article_modified_time":"2026-04-27T14:21:49+00:00","og_image":[{"width":163,"height":169,"url":"https:\/\/mlhff0prgoxu.i.optimole.com\/cb:s0sM.767\/w:auto\/h:auto\/q:mauto\/f:best\/https:\/\/fullsolutions.info\/wp-content\/uploads\/2024\/02\/Yokogawa-Magnetic.png","type":"image\/png"}],"twitter_card":"summary_large_image","twitter_misc":{"Est. reading time":"1 minute"},"schema":{"@context":"https:\/\/schema.org","@graph":[{"@type":"WebPage","@id":"https:\/\/fullsolutions.info\/produto\/conversores-de-fluxo-magnetico-yokogawa\/","url":"https:\/\/fullsolutions.info\/produto\/conversores-de-fluxo-magnetico-yokogawa\/","name":"Conversores de Fluxo Magn\u00e9tico Yokogawa AXFA11 - Full Solutions","isPartOf":{"@id":"https:\/\/fullsolutions.info\/#website"},"primaryImageOfPage":{"@id":"https:\/\/fullsolutions.info\/produto\/conversores-de-fluxo-magnetico-yokogawa\/#primaryimage"},"image":{"@id":"https:\/\/fullsolutions.info\/produto\/conversores-de-fluxo-magnetico-yokogawa\/#primaryimage"},"thumbnailUrl":"https:\/\/mlhff0prgoxu.i.optimole.com\/cb:s0sM.767\/w:auto\/h:auto\/q:mauto\/f:best\/https:\/\/fullsolutions.info\/wp-content\/uploads\/2024\/02\/Yokogawa-Magnetic.png","datePublished":"2024-02-02T18:13:34+00:00","dateModified":"2026-04-27T14:21:49+00:00","description":"AXFA11 da Yokogawa: conversor para medidores de vaz\u00e3o magn\u00e9ticos com alta precis\u00e3o, diagn\u00f3stico avan\u00e7ado e integra\u00e7\u00e3o com automa\u00e7\u00e3o industrial.","breadcrumb":{"@id":"https:\/\/fullsolutions.info\/produto\/conversores-de-fluxo-magnetico-yokogawa\/#breadcrumb"},"inLanguage":"en-US","potentialAction":[{"@type":"ReadAction","target":["https:\/\/fullsolutions.info\/produto\/conversores-de-fluxo-magnetico-yokogawa\/"]}]},{"@type":"ImageObject","inLanguage":"en-US","@id":"https:\/\/fullsolutions.info\/produto\/conversores-de-fluxo-magnetico-yokogawa\/#primaryimage","url":"https:\/\/mlhff0prgoxu.i.optimole.com\/cb:s0sM.767\/w:auto\/h:auto\/q:mauto\/f:best\/https:\/\/fullsolutions.info\/wp-content\/uploads\/2024\/02\/Yokogawa-Magnetic.png","contentUrl":"https:\/\/mlhff0prgoxu.i.optimole.com\/cb:s0sM.767\/w:auto\/h:auto\/q:mauto\/f:best\/https:\/\/fullsolutions.info\/wp-content\/uploads\/2024\/02\/Yokogawa-Magnetic.png","width":163,"height":169},{"@type":"BreadcrumbList","@id":"https:\/\/fullsolutions.info\/produto\/conversores-de-fluxo-magnetico-yokogawa\/#breadcrumb","itemListElement":[{"@type":"ListItem","position":1,"name":"In\u00edcio","item":"https:\/\/fullsolutions.info\/"},{"@type":"ListItem","position":2,"name":"Produtos","item":"https:\/\/fullsolutions.info\/shop\/"},{"@type":"ListItem","position":3,"name":"Conversores de Fluxo Magn\u00e9tico Yokogawa AXFA11"}]},{"@type":"WebSite","@id":"https:\/\/fullsolutions.info\/#website","url":"https:\/\/fullsolutions.info\/","name":"Full Solutions","description":"Empresa na \u00c1rea de Procurement","publisher":{"@id":"https:\/\/fullsolutions.info\/#organization"},"potentialAction":[{"@type":"SearchAction","target":{"@type":"EntryPoint","urlTemplate":"https:\/\/fullsolutions.info\/?s={search_term_string}"},"query-input":{"@type":"PropertyValueSpecification","valueRequired":true,"valueName":"search_term_string"}}],"inLanguage":"en-US"},{"@type":"Organization","@id":"https:\/\/fullsolutions.info\/#organization","name":"Full Solutions","url":"https:\/\/fullsolutions.info\/","logo":{"@type":"ImageObject","inLanguage":"en-US","@id":"https:\/\/fullsolutions.info\/#\/schema\/logo\/image\/","url":"https:\/\/mlhff0prgoxu.i.optimole.com\/cb:s0sM.767\/w:auto\/h:auto\/q:mauto\/f:best\/https:\/\/fullsolutions.info\/wp-content\/uploads\/2021\/07\/cropped-Design-sem-nome-300x193-1-e1627062664782.png","contentUrl":"https:\/\/mlhff0prgoxu.i.optimole.com\/cb:s0sM.767\/w:auto\/h:auto\/q:mauto\/f:best\/https:\/\/fullsolutions.info\/wp-content\/uploads\/2021\/07\/cropped-Design-sem-nome-300x193-1-e1627062664782.png","width":202,"height":155,"caption":"Full Solutions"},"image":{"@id":"https:\/\/fullsolutions.info\/#\/schema\/logo\/image\/"},"sameAs":["https:\/\/www.linkedin.com\/company\/full-solutions-equipment"]}]}},"_links":{"self":[{"href":"https:\/\/fullsolutions.info\/en\/wp-json\/wp\/v2\/product\/4488","targetHints":{"allow":["GET"]}}],"collection":[{"href":"https:\/\/fullsolutions.info\/en\/wp-json\/wp\/v2\/product"}],"about":[{"href":"https:\/\/fullsolutions.info\/en\/wp-json\/wp\/v2\/types\/product"}],"replies":[{"embeddable":true,"href":"https:\/\/fullsolutions.info\/en\/wp-json\/wp\/v2\/comments?post=4488"}],"wp:featuredmedia":[{"embeddable":true,"href":"https:\/\/fullsolutions.info\/en\/wp-json\/wp\/v2\/media\/4489"}],"wp:attachment":[{"href":"https:\/\/fullsolutions.info\/en\/wp-json\/wp\/v2\/media?parent=4488"}],"wp:term":[{"taxonomy":"product_brand","embeddable":true,"href":"https:\/\/fullsolutions.info\/en\/wp-json\/wp\/v2\/product_brand?post=4488"},{"taxonomy":"product_cat","embeddable":true,"href":"https:\/\/fullsolutions.info\/en\/wp-json\/wp\/v2\/product_cat?post=4488"},{"taxonomy":"product_tag","embeddable":true,"href":"https:\/\/fullsolutions.info\/en\/wp-json\/wp\/v2\/product_tag?post=4488"},{"taxonomy":"marca","embeddable":true,"href":"https:\/\/fullsolutions.info\/en\/wp-json\/wp\/v2\/marca?post=4488"}],"curies":[{"name":"wp","href":"https:\/\/api.w.org\/{rel}","templated":true}]}}