{"id":4484,"date":"2024-02-02T18:09:41","date_gmt":"2024-02-02T18:09:41","guid":{"rendered":"https:\/\/fullsolutionsequip.com\/?post_type=product&#038;p=4484"},"modified":"2026-04-27T11:35:07","modified_gmt":"2026-04-27T14:35:07","slug":"digital-yewflo-furo-reduzido-dy-rb","status":"publish","type":"product","link":"https:\/\/fullsolutions.info\/en\/product\/digital-yewflo-furo-reduzido-dy-rb\/","title":{"rendered":"Digital YEWFLO-Furo Reduzido-DY-RB"},"content":{"rendered":"<p data-start=\"545\" data-end=\"790\">O YEWFLO DY-RB mede vaz\u00e3o de vapor, gases e l\u00edquidos em aplica\u00e7\u00f5es industriais com alta precis\u00e3o. O equipamento utiliza tecnologia de v\u00f3rtice digital e n\u00e3o possui partes m\u00f3veis, o que garante medi\u00e7\u00f5es est\u00e1veis e reduz interfer\u00eancias no processo.<\/p>\n<p data-start=\"792\" data-end=\"1045\">A vers\u00e3o DY-RB conta com configura\u00e7\u00e3o de furo reduzido, o que permite melhor desempenho em baixas vaz\u00f5es e maior sensibilidade na medi\u00e7\u00e3o. Essa caracter\u00edstica torna o equipamento ideal para aplica\u00e7\u00f5es onde o controle de fluxo em baixa vaz\u00e3o \u00e9 essencial.<\/p>\n<p data-start=\"1047\" data-end=\"1201\">O medidor atende ind\u00fastrias qu\u00edmicas, energia e processos industriais em geral, oferecendo desempenho confi\u00e1vel em aplica\u00e7\u00f5es com vapor, gases e l\u00edquidos.<\/p>\n<p data-start=\"1203\" data-end=\"1484\">Os equipamentos tamb\u00e9m facilitam a integra\u00e7\u00e3o com sistemas de automa\u00e7\u00e3o industrial e permitem monitoramento cont\u00ednuo da vaz\u00e3o, melhorando o controle operacional. Al\u00e9m disso, contam com processamento digital avan\u00e7ado, o que contribui para maior precis\u00e3o e consist\u00eancia das medi\u00e7\u00f5es.<\/p>","protected":false},"excerpt":{"rendered":"<p>O YEWFLO DY-RB mede vaz\u00e3o de vapor, gases e l\u00edquidos em aplica\u00e7\u00f5es industriais com alta precis\u00e3o. O equipamento utiliza tecnologia de v\u00f3rtice digital e n\u00e3o possui partes m\u00f3veis, o que garante medi\u00e7\u00f5es est\u00e1veis e reduz interfer\u00eancias no processo. A vers\u00e3o DY-RB conta com configura\u00e7\u00e3o de furo reduzido, o que permite melhor desempenho em baixas vaz\u00f5es e maior sensibilidade na medi\u00e7\u00e3o. Essa caracter\u00edstica torna o equipamento ideal para aplica\u00e7\u00f5es onde o controle de fluxo em baixa vaz\u00e3o \u00e9 essencial. O medidor atende ind\u00fastrias qu\u00edmicas, energia e processos industriais em geral, oferecendo desempenho confi\u00e1vel em aplica\u00e7\u00f5es com vapor, gases e l\u00edquidos. Os equipamentos tamb\u00e9m facilitam a integra\u00e7\u00e3o com sistemas de automa\u00e7\u00e3o industrial e permitem monitoramento cont\u00ednuo da vaz\u00e3o, melhorando o controle operacional. Al\u00e9m disso, contam com processamento digital avan\u00e7ado, o que contribui para maior precis\u00e3o e consist\u00eancia das medi\u00e7\u00f5es.<\/p>","protected":false},"featured_media":4485,"comment_status":"open","ping_status":"closed","template":"","meta":{"_joinchat":[]},"product_brand":[],"product_cat":[146],"product_tag":[],"marca":[143],"class_list":{"0":"post-4484","1":"product","2":"type-product","3":"status-publish","4":"has-post-thumbnail","6":"product_cat-medidores-de-vazao-e-tubos-de-vazao","7":"marca-yokogawa","9":"first","10":"instock","11":"shipping-taxable","12":"purchasable","13":"product-type-simple"},"yoast_head":"<!-- This site is optimized with the Yoast SEO plugin v27.2 - https:\/\/yoast.com\/product\/yoast-seo-wordpress\/ -->\n<title>Digital YEWFLO-Furo Reduzido-DY-RB - Full Solutions<\/title>\n<meta name=\"robots\" content=\"index, follow, max-snippet:-1, max-image-preview:large, max-video-preview:-1\" \/>\n<link rel=\"canonical\" href=\"https:\/\/fullsolutions.info\/en\/product\/digital-yewflo-furo-reduzido-dy-rb\/\" \/>\n<meta property=\"og:locale\" content=\"en_US\" \/>\n<meta property=\"og:type\" content=\"article\" \/>\n<meta property=\"og:title\" content=\"Digital YEWFLO-Furo Reduzido-DY-RB - Full Solutions\" \/>\n<meta property=\"og:description\" content=\"O YEWFLO DY-RB mede vaz\u00e3o de vapor, gases e l\u00edquidos em aplica\u00e7\u00f5es industriais com alta precis\u00e3o. O equipamento utiliza tecnologia de v\u00f3rtice digital e n\u00e3o possui partes m\u00f3veis, o que garante medi\u00e7\u00f5es est\u00e1veis e reduz interfer\u00eancias no processo. A vers\u00e3o DY-RB conta com configura\u00e7\u00e3o de furo reduzido, o que permite melhor desempenho em baixas vaz\u00f5es e maior sensibilidade na medi\u00e7\u00e3o. Essa caracter\u00edstica torna o equipamento ideal para aplica\u00e7\u00f5es onde o controle de fluxo em baixa vaz\u00e3o \u00e9 essencial. O medidor atende ind\u00fastrias qu\u00edmicas, energia e processos industriais em geral, oferecendo desempenho confi\u00e1vel em aplica\u00e7\u00f5es com vapor, gases e l\u00edquidos. Os equipamentos tamb\u00e9m facilitam a integra\u00e7\u00e3o com sistemas de automa\u00e7\u00e3o industrial e permitem monitoramento cont\u00ednuo da vaz\u00e3o, melhorando o controle operacional. Al\u00e9m disso, contam com processamento digital avan\u00e7ado, o que contribui para maior precis\u00e3o e consist\u00eancia das medi\u00e7\u00f5es.\" \/>\n<meta property=\"og:url\" content=\"https:\/\/fullsolutions.info\/en\/product\/digital-yewflo-furo-reduzido-dy-rb\/\" \/>\n<meta property=\"og:site_name\" content=\"Full Solutions\" \/>\n<meta property=\"article:modified_time\" content=\"2026-04-27T14:35:07+00:00\" \/>\n<meta property=\"og:image\" content=\"https:\/\/mlhff0prgoxu.i.optimole.com\/cb:s0sM.767\/w:auto\/h:auto\/q:mauto\/f:best\/https:\/\/fullsolutions.info\/wp-content\/uploads\/2024\/02\/Yokogawa-digital.png\" \/>\n\t<meta property=\"og:image:width\" content=\"163\" \/>\n\t<meta property=\"og:image:height\" content=\"188\" \/>\n\t<meta property=\"og:image:type\" content=\"image\/png\" \/>\n<meta name=\"twitter:card\" content=\"summary_large_image\" \/>\n<meta name=\"twitter:label1\" content=\"Est. reading time\" \/>\n\t<meta name=\"twitter:data1\" content=\"1 minute\" \/>\n<script type=\"application\/ld+json\" class=\"yoast-schema-graph\">{\"@context\":\"https:\/\/schema.org\",\"@graph\":[{\"@type\":\"WebPage\",\"@id\":\"https:\/\/fullsolutions.info\/produto\/digital-yewflo-furo-reduzido-dy-rb\/\",\"url\":\"https:\/\/fullsolutions.info\/produto\/digital-yewflo-furo-reduzido-dy-rb\/\",\"name\":\"Digital YEWFLO-Furo Reduzido-DY-RB - Full Solutions\",\"isPartOf\":{\"@id\":\"https:\/\/fullsolutions.info\/#website\"},\"primaryImageOfPage\":{\"@id\":\"https:\/\/fullsolutions.info\/produto\/digital-yewflo-furo-reduzido-dy-rb\/#primaryimage\"},\"image\":{\"@id\":\"https:\/\/fullsolutions.info\/produto\/digital-yewflo-furo-reduzido-dy-rb\/#primaryimage\"},\"thumbnailUrl\":\"https:\/\/mlhff0prgoxu.i.optimole.com\/cb:s0sM.767\/w:auto\/h:auto\/q:mauto\/f:best\/https:\/\/fullsolutions.info\/wp-content\/uploads\/2024\/02\/Yokogawa-digital.png\",\"datePublished\":\"2024-02-02T18:09:41+00:00\",\"dateModified\":\"2026-04-27T14:35:07+00:00\",\"breadcrumb\":{\"@id\":\"https:\/\/fullsolutions.info\/produto\/digital-yewflo-furo-reduzido-dy-rb\/#breadcrumb\"},\"inLanguage\":\"en-US\",\"potentialAction\":[{\"@type\":\"ReadAction\",\"target\":[\"https:\/\/fullsolutions.info\/produto\/digital-yewflo-furo-reduzido-dy-rb\/\"]}]},{\"@type\":\"ImageObject\",\"inLanguage\":\"en-US\",\"@id\":\"https:\/\/fullsolutions.info\/produto\/digital-yewflo-furo-reduzido-dy-rb\/#primaryimage\",\"url\":\"https:\/\/mlhff0prgoxu.i.optimole.com\/cb:s0sM.767\/w:auto\/h:auto\/q:mauto\/f:best\/https:\/\/fullsolutions.info\/wp-content\/uploads\/2024\/02\/Yokogawa-digital.png\",\"contentUrl\":\"https:\/\/mlhff0prgoxu.i.optimole.com\/cb:s0sM.767\/w:auto\/h:auto\/q:mauto\/f:best\/https:\/\/fullsolutions.info\/wp-content\/uploads\/2024\/02\/Yokogawa-digital.png\",\"width\":163,\"height\":188},{\"@type\":\"BreadcrumbList\",\"@id\":\"https:\/\/fullsolutions.info\/produto\/digital-yewflo-furo-reduzido-dy-rb\/#breadcrumb\",\"itemListElement\":[{\"@type\":\"ListItem\",\"position\":1,\"name\":\"In\u00edcio\",\"item\":\"https:\/\/fullsolutions.info\/\"},{\"@type\":\"ListItem\",\"position\":2,\"name\":\"Produtos\",\"item\":\"https:\/\/fullsolutions.info\/shop\/\"},{\"@type\":\"ListItem\",\"position\":3,\"name\":\"Digital YEWFLO-Furo Reduzido-DY-RB\"}]},{\"@type\":\"WebSite\",\"@id\":\"https:\/\/fullsolutions.info\/#website\",\"url\":\"https:\/\/fullsolutions.info\/\",\"name\":\"Full Solutions\",\"description\":\"Empresa na \u00c1rea de Procurement\",\"publisher\":{\"@id\":\"https:\/\/fullsolutions.info\/#organization\"},\"potentialAction\":[{\"@type\":\"SearchAction\",\"target\":{\"@type\":\"EntryPoint\",\"urlTemplate\":\"https:\/\/fullsolutions.info\/?s={search_term_string}\"},\"query-input\":{\"@type\":\"PropertyValueSpecification\",\"valueRequired\":true,\"valueName\":\"search_term_string\"}}],\"inLanguage\":\"en-US\"},{\"@type\":\"Organization\",\"@id\":\"https:\/\/fullsolutions.info\/#organization\",\"name\":\"Full Solutions\",\"url\":\"https:\/\/fullsolutions.info\/\",\"logo\":{\"@type\":\"ImageObject\",\"inLanguage\":\"en-US\",\"@id\":\"https:\/\/fullsolutions.info\/#\/schema\/logo\/image\/\",\"url\":\"https:\/\/mlhff0prgoxu.i.optimole.com\/cb:s0sM.767\/w:auto\/h:auto\/q:mauto\/f:best\/https:\/\/fullsolutions.info\/wp-content\/uploads\/2021\/07\/cropped-Design-sem-nome-300x193-1-e1627062664782.png\",\"contentUrl\":\"https:\/\/mlhff0prgoxu.i.optimole.com\/cb:s0sM.767\/w:auto\/h:auto\/q:mauto\/f:best\/https:\/\/fullsolutions.info\/wp-content\/uploads\/2021\/07\/cropped-Design-sem-nome-300x193-1-e1627062664782.png\",\"width\":202,\"height\":155,\"caption\":\"Full Solutions\"},\"image\":{\"@id\":\"https:\/\/fullsolutions.info\/#\/schema\/logo\/image\/\"},\"sameAs\":[\"https:\/\/www.linkedin.com\/company\/full-solutions-equipment\"]}]}<\/script>\n<!-- \/ Yoast SEO plugin. -->","yoast_head_json":{"title":"Digital YEWFLO-Furo Reduzido-DY-RB - Full Solutions","robots":{"index":"index","follow":"follow","max-snippet":"max-snippet:-1","max-image-preview":"max-image-preview:large","max-video-preview":"max-video-preview:-1"},"canonical":"https:\/\/fullsolutions.info\/en\/product\/digital-yewflo-furo-reduzido-dy-rb\/","og_locale":"en_US","og_type":"article","og_title":"Digital YEWFLO-Furo Reduzido-DY-RB - Full Solutions","og_description":"O YEWFLO DY-RB mede vaz\u00e3o de vapor, gases e l\u00edquidos em aplica\u00e7\u00f5es industriais com alta precis\u00e3o. O equipamento utiliza tecnologia de v\u00f3rtice digital e n\u00e3o possui partes m\u00f3veis, o que garante medi\u00e7\u00f5es est\u00e1veis e reduz interfer\u00eancias no processo. A vers\u00e3o DY-RB conta com configura\u00e7\u00e3o de furo reduzido, o que permite melhor desempenho em baixas vaz\u00f5es e maior sensibilidade na medi\u00e7\u00e3o. Essa caracter\u00edstica torna o equipamento ideal para aplica\u00e7\u00f5es onde o controle de fluxo em baixa vaz\u00e3o \u00e9 essencial. O medidor atende ind\u00fastrias qu\u00edmicas, energia e processos industriais em geral, oferecendo desempenho confi\u00e1vel em aplica\u00e7\u00f5es com vapor, gases e l\u00edquidos. Os equipamentos tamb\u00e9m facilitam a integra\u00e7\u00e3o com sistemas de automa\u00e7\u00e3o industrial e permitem monitoramento cont\u00ednuo da vaz\u00e3o, melhorando o controle operacional. Al\u00e9m disso, contam com processamento digital avan\u00e7ado, o que contribui para maior precis\u00e3o e consist\u00eancia das medi\u00e7\u00f5es.","og_url":"https:\/\/fullsolutions.info\/en\/product\/digital-yewflo-furo-reduzido-dy-rb\/","og_site_name":"Full Solutions","article_modified_time":"2026-04-27T14:35:07+00:00","og_image":[{"width":163,"height":188,"url":"https:\/\/mlhff0prgoxu.i.optimole.com\/cb:s0sM.767\/w:auto\/h:auto\/q:mauto\/f:best\/https:\/\/fullsolutions.info\/wp-content\/uploads\/2024\/02\/Yokogawa-digital.png","type":"image\/png"}],"twitter_card":"summary_large_image","twitter_misc":{"Est. reading time":"1 minute"},"schema":{"@context":"https:\/\/schema.org","@graph":[{"@type":"WebPage","@id":"https:\/\/fullsolutions.info\/produto\/digital-yewflo-furo-reduzido-dy-rb\/","url":"https:\/\/fullsolutions.info\/produto\/digital-yewflo-furo-reduzido-dy-rb\/","name":"Digital YEWFLO-Furo Reduzido-DY-RB - Full Solutions","isPartOf":{"@id":"https:\/\/fullsolutions.info\/#website"},"primaryImageOfPage":{"@id":"https:\/\/fullsolutions.info\/produto\/digital-yewflo-furo-reduzido-dy-rb\/#primaryimage"},"image":{"@id":"https:\/\/fullsolutions.info\/produto\/digital-yewflo-furo-reduzido-dy-rb\/#primaryimage"},"thumbnailUrl":"https:\/\/mlhff0prgoxu.i.optimole.com\/cb:s0sM.767\/w:auto\/h:auto\/q:mauto\/f:best\/https:\/\/fullsolutions.info\/wp-content\/uploads\/2024\/02\/Yokogawa-digital.png","datePublished":"2024-02-02T18:09:41+00:00","dateModified":"2026-04-27T14:35:07+00:00","breadcrumb":{"@id":"https:\/\/fullsolutions.info\/produto\/digital-yewflo-furo-reduzido-dy-rb\/#breadcrumb"},"inLanguage":"en-US","potentialAction":[{"@type":"ReadAction","target":["https:\/\/fullsolutions.info\/produto\/digital-yewflo-furo-reduzido-dy-rb\/"]}]},{"@type":"ImageObject","inLanguage":"en-US","@id":"https:\/\/fullsolutions.info\/produto\/digital-yewflo-furo-reduzido-dy-rb\/#primaryimage","url":"https:\/\/mlhff0prgoxu.i.optimole.com\/cb:s0sM.767\/w:auto\/h:auto\/q:mauto\/f:best\/https:\/\/fullsolutions.info\/wp-content\/uploads\/2024\/02\/Yokogawa-digital.png","contentUrl":"https:\/\/mlhff0prgoxu.i.optimole.com\/cb:s0sM.767\/w:auto\/h:auto\/q:mauto\/f:best\/https:\/\/fullsolutions.info\/wp-content\/uploads\/2024\/02\/Yokogawa-digital.png","width":163,"height":188},{"@type":"BreadcrumbList","@id":"https:\/\/fullsolutions.info\/produto\/digital-yewflo-furo-reduzido-dy-rb\/#breadcrumb","itemListElement":[{"@type":"ListItem","position":1,"name":"In\u00edcio","item":"https:\/\/fullsolutions.info\/"},{"@type":"ListItem","position":2,"name":"Produtos","item":"https:\/\/fullsolutions.info\/shop\/"},{"@type":"ListItem","position":3,"name":"Digital YEWFLO-Furo Reduzido-DY-RB"}]},{"@type":"WebSite","@id":"https:\/\/fullsolutions.info\/#website","url":"https:\/\/fullsolutions.info\/","name":"Full Solutions","description":"Empresa na \u00c1rea de Procurement","publisher":{"@id":"https:\/\/fullsolutions.info\/#organization"},"potentialAction":[{"@type":"SearchAction","target":{"@type":"EntryPoint","urlTemplate":"https:\/\/fullsolutions.info\/?s={search_term_string}"},"query-input":{"@type":"PropertyValueSpecification","valueRequired":true,"valueName":"search_term_string"}}],"inLanguage":"en-US"},{"@type":"Organization","@id":"https:\/\/fullsolutions.info\/#organization","name":"Full Solutions","url":"https:\/\/fullsolutions.info\/","logo":{"@type":"ImageObject","inLanguage":"en-US","@id":"https:\/\/fullsolutions.info\/#\/schema\/logo\/image\/","url":"https:\/\/mlhff0prgoxu.i.optimole.com\/cb:s0sM.767\/w:auto\/h:auto\/q:mauto\/f:best\/https:\/\/fullsolutions.info\/wp-content\/uploads\/2021\/07\/cropped-Design-sem-nome-300x193-1-e1627062664782.png","contentUrl":"https:\/\/mlhff0prgoxu.i.optimole.com\/cb:s0sM.767\/w:auto\/h:auto\/q:mauto\/f:best\/https:\/\/fullsolutions.info\/wp-content\/uploads\/2021\/07\/cropped-Design-sem-nome-300x193-1-e1627062664782.png","width":202,"height":155,"caption":"Full Solutions"},"image":{"@id":"https:\/\/fullsolutions.info\/#\/schema\/logo\/image\/"},"sameAs":["https:\/\/www.linkedin.com\/company\/full-solutions-equipment"]}]}},"_links":{"self":[{"href":"https:\/\/fullsolutions.info\/en\/wp-json\/wp\/v2\/product\/4484","targetHints":{"allow":["GET"]}}],"collection":[{"href":"https:\/\/fullsolutions.info\/en\/wp-json\/wp\/v2\/product"}],"about":[{"href":"https:\/\/fullsolutions.info\/en\/wp-json\/wp\/v2\/types\/product"}],"replies":[{"embeddable":true,"href":"https:\/\/fullsolutions.info\/en\/wp-json\/wp\/v2\/comments?post=4484"}],"wp:featuredmedia":[{"embeddable":true,"href":"https:\/\/fullsolutions.info\/en\/wp-json\/wp\/v2\/media\/4485"}],"wp:attachment":[{"href":"https:\/\/fullsolutions.info\/en\/wp-json\/wp\/v2\/media?parent=4484"}],"wp:term":[{"taxonomy":"product_brand","embeddable":true,"href":"https:\/\/fullsolutions.info\/en\/wp-json\/wp\/v2\/product_brand?post=4484"},{"taxonomy":"product_cat","embeddable":true,"href":"https:\/\/fullsolutions.info\/en\/wp-json\/wp\/v2\/product_cat?post=4484"},{"taxonomy":"product_tag","embeddable":true,"href":"https:\/\/fullsolutions.info\/en\/wp-json\/wp\/v2\/product_tag?post=4484"},{"taxonomy":"marca","embeddable":true,"href":"https:\/\/fullsolutions.info\/en\/wp-json\/wp\/v2\/marca?post=4484"}],"curies":[{"name":"wp","href":"https:\/\/api.w.org\/{rel}","templated":true}]}}