{"id":4476,"date":"2024-02-02T17:58:08","date_gmt":"2024-02-02T17:58:08","guid":{"rendered":"https:\/\/fullsolutionsequip.com\/?post_type=product&#038;p=4476"},"modified":"2026-04-27T11:51:48","modified_gmt":"2026-04-27T14:51:48","slug":"yt-225","status":"publish","type":"product","link":"https:\/\/fullsolutions.info\/en\/product\/yt-225\/","title":{"rendered":"Posicionador Eletropneum\u00e1tico YT-225"},"content":{"rendered":"<p data-start=\"504\" data-end=\"721\">O YT-225 controla a posi\u00e7\u00e3o de v\u00e1lvulas de controle com alta precis\u00e3o em aplica\u00e7\u00f5es industriais. O equipamento converte sinais el\u00e9tricos em sinais pneum\u00e1ticos, o que garante resposta r\u00e1pida e estabilidade no controle.<\/p>\n<p data-start=\"723\" data-end=\"883\">O posicionador YT-225 atende ind\u00fastrias qu\u00edmicas, \u00f3leo e g\u00e1s e processos industriais em geral, oferecendo desempenho confi\u00e1vel em sistemas de controle de fluxo.<\/p>\n<p data-start=\"885\" data-end=\"1163\">O equipamento tamb\u00e9m facilita a integra\u00e7\u00e3o com sistemas de automa\u00e7\u00e3o industrial e permite ajuste preciso da v\u00e1lvula, melhorando o desempenho operacional. Al\u00e9m disso, o posicionador conta com constru\u00e7\u00e3o robusta, o que contribui para maior durabilidade e consist\u00eancia do processo.<\/p>","protected":false},"excerpt":{"rendered":"<p>O YT-225 controla a posi\u00e7\u00e3o de v\u00e1lvulas de controle com alta precis\u00e3o em aplica\u00e7\u00f5es industriais. O equipamento converte sinais el\u00e9tricos em sinais pneum\u00e1ticos, o que garante resposta r\u00e1pida e estabilidade no controle. O posicionador YT-225 atende ind\u00fastrias qu\u00edmicas, \u00f3leo e g\u00e1s e processos industriais em geral, oferecendo desempenho confi\u00e1vel em sistemas de controle de fluxo. O equipamento tamb\u00e9m facilita a integra\u00e7\u00e3o com sistemas de automa\u00e7\u00e3o industrial e permite ajuste preciso da v\u00e1lvula, melhorando o desempenho operacional. Al\u00e9m disso, o posicionador conta com constru\u00e7\u00e3o robusta, o que contribui para maior durabilidade e consist\u00eancia do processo.<\/p>","protected":false},"featured_media":4477,"comment_status":"open","ping_status":"closed","template":"","meta":{"_joinchat":[]},"product_brand":[],"product_cat":[149],"product_tag":[],"marca":[153],"class_list":{"0":"post-4476","1":"product","2":"type-product","3":"status-publish","4":"has-post-thumbnail","6":"product_cat-controladores-e-posicionadores","7":"marca-ytc","9":"first","10":"instock","11":"shipping-taxable","12":"purchasable","13":"product-type-simple"},"yoast_head":"<!-- This site is optimized with the Yoast SEO plugin v27.2 - https:\/\/yoast.com\/product\/yoast-seo-wordpress\/ -->\n<title>Posicionador Eletropneum\u00e1tico YT-225 - Full Solutions<\/title>\n<meta name=\"description\" content=\"YT-225 da YTC: posicionador eletropneum\u00e1tico para v\u00e1lvulas de controle. Alta precis\u00e3o, resposta r\u00e1pida e integra\u00e7\u00e3o com automa\u00e7\u00e3o industrial.\" \/>\n<meta name=\"robots\" content=\"index, follow, max-snippet:-1, max-image-preview:large, max-video-preview:-1\" \/>\n<link rel=\"canonical\" href=\"https:\/\/fullsolutions.info\/en\/product\/yt-225\/\" \/>\n<meta property=\"og:locale\" content=\"en_US\" \/>\n<meta property=\"og:type\" content=\"article\" \/>\n<meta property=\"og:title\" content=\"Posicionador Eletropneum\u00e1tico YT-225 - Full Solutions\" \/>\n<meta property=\"og:description\" content=\"YT-225 da YTC: posicionador eletropneum\u00e1tico para v\u00e1lvulas de controle. Alta precis\u00e3o, resposta r\u00e1pida e integra\u00e7\u00e3o com automa\u00e7\u00e3o industrial.\" \/>\n<meta property=\"og:url\" content=\"https:\/\/fullsolutions.info\/en\/product\/yt-225\/\" \/>\n<meta property=\"og:site_name\" content=\"Full Solutions\" \/>\n<meta property=\"article:modified_time\" content=\"2026-04-27T14:51:48+00:00\" \/>\n<meta property=\"og:image\" content=\"https:\/\/mlhff0prgoxu.i.optimole.com\/cb:s0sM.767\/w:auto\/h:auto\/q:mauto\/f:best\/https:\/\/fullsolutions.info\/wp-content\/uploads\/2024\/02\/225-B.jpeg\" \/>\n\t<meta property=\"og:image:width\" content=\"562\" \/>\n\t<meta property=\"og:image:height\" content=\"397\" \/>\n\t<meta property=\"og:image:type\" content=\"image\/jpeg\" \/>\n<meta name=\"twitter:card\" content=\"summary_large_image\" \/>\n<meta name=\"twitter:label1\" content=\"Est. reading time\" \/>\n\t<meta name=\"twitter:data1\" content=\"1 minute\" \/>\n<script type=\"application\/ld+json\" class=\"yoast-schema-graph\">{\"@context\":\"https:\/\/schema.org\",\"@graph\":[{\"@type\":\"WebPage\",\"@id\":\"https:\/\/fullsolutions.info\/produto\/yt-225\/\",\"url\":\"https:\/\/fullsolutions.info\/produto\/yt-225\/\",\"name\":\"Posicionador Eletropneum\u00e1tico YT-225 - Full Solutions\",\"isPartOf\":{\"@id\":\"https:\/\/fullsolutions.info\/#website\"},\"primaryImageOfPage\":{\"@id\":\"https:\/\/fullsolutions.info\/produto\/yt-225\/#primaryimage\"},\"image\":{\"@id\":\"https:\/\/fullsolutions.info\/produto\/yt-225\/#primaryimage\"},\"thumbnailUrl\":\"https:\/\/mlhff0prgoxu.i.optimole.com\/cb:s0sM.767\/w:auto\/h:auto\/q:mauto\/f:best\/https:\/\/fullsolutions.info\/wp-content\/uploads\/2024\/02\/225-B.jpeg\",\"datePublished\":\"2024-02-02T17:58:08+00:00\",\"dateModified\":\"2026-04-27T14:51:48+00:00\",\"description\":\"YT-225 da YTC: posicionador eletropneum\u00e1tico para v\u00e1lvulas de controle. Alta precis\u00e3o, resposta r\u00e1pida e integra\u00e7\u00e3o com automa\u00e7\u00e3o industrial.\",\"breadcrumb\":{\"@id\":\"https:\/\/fullsolutions.info\/produto\/yt-225\/#breadcrumb\"},\"inLanguage\":\"en-US\",\"potentialAction\":[{\"@type\":\"ReadAction\",\"target\":[\"https:\/\/fullsolutions.info\/produto\/yt-225\/\"]}]},{\"@type\":\"ImageObject\",\"inLanguage\":\"en-US\",\"@id\":\"https:\/\/fullsolutions.info\/produto\/yt-225\/#primaryimage\",\"url\":\"https:\/\/mlhff0prgoxu.i.optimole.com\/cb:s0sM.767\/w:auto\/h:auto\/q:mauto\/f:best\/https:\/\/fullsolutions.info\/wp-content\/uploads\/2024\/02\/225-B.jpeg\",\"contentUrl\":\"https:\/\/mlhff0prgoxu.i.optimole.com\/cb:s0sM.767\/w:auto\/h:auto\/q:mauto\/f:best\/https:\/\/fullsolutions.info\/wp-content\/uploads\/2024\/02\/225-B.jpeg\",\"width\":562,\"height\":397},{\"@type\":\"BreadcrumbList\",\"@id\":\"https:\/\/fullsolutions.info\/produto\/yt-225\/#breadcrumb\",\"itemListElement\":[{\"@type\":\"ListItem\",\"position\":1,\"name\":\"In\u00edcio\",\"item\":\"https:\/\/fullsolutions.info\/\"},{\"@type\":\"ListItem\",\"position\":2,\"name\":\"Produtos\",\"item\":\"https:\/\/fullsolutions.info\/shop\/\"},{\"@type\":\"ListItem\",\"position\":3,\"name\":\"Posicionador Eletropneum\u00e1tico YT-225\"}]},{\"@type\":\"WebSite\",\"@id\":\"https:\/\/fullsolutions.info\/#website\",\"url\":\"https:\/\/fullsolutions.info\/\",\"name\":\"Full Solutions\",\"description\":\"Empresa na \u00c1rea de Procurement\",\"publisher\":{\"@id\":\"https:\/\/fullsolutions.info\/#organization\"},\"potentialAction\":[{\"@type\":\"SearchAction\",\"target\":{\"@type\":\"EntryPoint\",\"urlTemplate\":\"https:\/\/fullsolutions.info\/?s={search_term_string}\"},\"query-input\":{\"@type\":\"PropertyValueSpecification\",\"valueRequired\":true,\"valueName\":\"search_term_string\"}}],\"inLanguage\":\"en-US\"},{\"@type\":\"Organization\",\"@id\":\"https:\/\/fullsolutions.info\/#organization\",\"name\":\"Full Solutions\",\"url\":\"https:\/\/fullsolutions.info\/\",\"logo\":{\"@type\":\"ImageObject\",\"inLanguage\":\"en-US\",\"@id\":\"https:\/\/fullsolutions.info\/#\/schema\/logo\/image\/\",\"url\":\"https:\/\/mlhff0prgoxu.i.optimole.com\/cb:s0sM.767\/w:auto\/h:auto\/q:mauto\/f:best\/https:\/\/fullsolutions.info\/wp-content\/uploads\/2021\/07\/cropped-Design-sem-nome-300x193-1-e1627062664782.png\",\"contentUrl\":\"https:\/\/mlhff0prgoxu.i.optimole.com\/cb:s0sM.767\/w:auto\/h:auto\/q:mauto\/f:best\/https:\/\/fullsolutions.info\/wp-content\/uploads\/2021\/07\/cropped-Design-sem-nome-300x193-1-e1627062664782.png\",\"width\":202,\"height\":155,\"caption\":\"Full Solutions\"},\"image\":{\"@id\":\"https:\/\/fullsolutions.info\/#\/schema\/logo\/image\/\"},\"sameAs\":[\"https:\/\/www.linkedin.com\/company\/full-solutions-equipment\"]}]}<\/script>\n<!-- \/ Yoast SEO plugin. -->","yoast_head_json":{"title":"Posicionador Eletropneum\u00e1tico YT-225 - Full Solutions","description":"YT-225 da YTC: posicionador eletropneum\u00e1tico para v\u00e1lvulas de controle. Alta precis\u00e3o, resposta r\u00e1pida e integra\u00e7\u00e3o com automa\u00e7\u00e3o industrial.","robots":{"index":"index","follow":"follow","max-snippet":"max-snippet:-1","max-image-preview":"max-image-preview:large","max-video-preview":"max-video-preview:-1"},"canonical":"https:\/\/fullsolutions.info\/en\/product\/yt-225\/","og_locale":"en_US","og_type":"article","og_title":"Posicionador Eletropneum\u00e1tico YT-225 - Full Solutions","og_description":"YT-225 da YTC: posicionador eletropneum\u00e1tico para v\u00e1lvulas de controle. Alta precis\u00e3o, resposta r\u00e1pida e integra\u00e7\u00e3o com automa\u00e7\u00e3o industrial.","og_url":"https:\/\/fullsolutions.info\/en\/product\/yt-225\/","og_site_name":"Full Solutions","article_modified_time":"2026-04-27T14:51:48+00:00","og_image":[{"width":562,"height":397,"url":"https:\/\/mlhff0prgoxu.i.optimole.com\/cb:s0sM.767\/w:auto\/h:auto\/q:mauto\/f:best\/https:\/\/fullsolutions.info\/wp-content\/uploads\/2024\/02\/225-B.jpeg","type":"image\/jpeg"}],"twitter_card":"summary_large_image","twitter_misc":{"Est. reading time":"1 minute"},"schema":{"@context":"https:\/\/schema.org","@graph":[{"@type":"WebPage","@id":"https:\/\/fullsolutions.info\/produto\/yt-225\/","url":"https:\/\/fullsolutions.info\/produto\/yt-225\/","name":"Posicionador Eletropneum\u00e1tico YT-225 - Full Solutions","isPartOf":{"@id":"https:\/\/fullsolutions.info\/#website"},"primaryImageOfPage":{"@id":"https:\/\/fullsolutions.info\/produto\/yt-225\/#primaryimage"},"image":{"@id":"https:\/\/fullsolutions.info\/produto\/yt-225\/#primaryimage"},"thumbnailUrl":"https:\/\/mlhff0prgoxu.i.optimole.com\/cb:s0sM.767\/w:auto\/h:auto\/q:mauto\/f:best\/https:\/\/fullsolutions.info\/wp-content\/uploads\/2024\/02\/225-B.jpeg","datePublished":"2024-02-02T17:58:08+00:00","dateModified":"2026-04-27T14:51:48+00:00","description":"YT-225 da YTC: posicionador eletropneum\u00e1tico para v\u00e1lvulas de controle. Alta precis\u00e3o, resposta r\u00e1pida e integra\u00e7\u00e3o com automa\u00e7\u00e3o industrial.","breadcrumb":{"@id":"https:\/\/fullsolutions.info\/produto\/yt-225\/#breadcrumb"},"inLanguage":"en-US","potentialAction":[{"@type":"ReadAction","target":["https:\/\/fullsolutions.info\/produto\/yt-225\/"]}]},{"@type":"ImageObject","inLanguage":"en-US","@id":"https:\/\/fullsolutions.info\/produto\/yt-225\/#primaryimage","url":"https:\/\/mlhff0prgoxu.i.optimole.com\/cb:s0sM.767\/w:auto\/h:auto\/q:mauto\/f:best\/https:\/\/fullsolutions.info\/wp-content\/uploads\/2024\/02\/225-B.jpeg","contentUrl":"https:\/\/mlhff0prgoxu.i.optimole.com\/cb:s0sM.767\/w:auto\/h:auto\/q:mauto\/f:best\/https:\/\/fullsolutions.info\/wp-content\/uploads\/2024\/02\/225-B.jpeg","width":562,"height":397},{"@type":"BreadcrumbList","@id":"https:\/\/fullsolutions.info\/produto\/yt-225\/#breadcrumb","itemListElement":[{"@type":"ListItem","position":1,"name":"In\u00edcio","item":"https:\/\/fullsolutions.info\/"},{"@type":"ListItem","position":2,"name":"Produtos","item":"https:\/\/fullsolutions.info\/shop\/"},{"@type":"ListItem","position":3,"name":"Posicionador Eletropneum\u00e1tico YT-225"}]},{"@type":"WebSite","@id":"https:\/\/fullsolutions.info\/#website","url":"https:\/\/fullsolutions.info\/","name":"Full Solutions","description":"Empresa na \u00c1rea de Procurement","publisher":{"@id":"https:\/\/fullsolutions.info\/#organization"},"potentialAction":[{"@type":"SearchAction","target":{"@type":"EntryPoint","urlTemplate":"https:\/\/fullsolutions.info\/?s={search_term_string}"},"query-input":{"@type":"PropertyValueSpecification","valueRequired":true,"valueName":"search_term_string"}}],"inLanguage":"en-US"},{"@type":"Organization","@id":"https:\/\/fullsolutions.info\/#organization","name":"Full Solutions","url":"https:\/\/fullsolutions.info\/","logo":{"@type":"ImageObject","inLanguage":"en-US","@id":"https:\/\/fullsolutions.info\/#\/schema\/logo\/image\/","url":"https:\/\/mlhff0prgoxu.i.optimole.com\/cb:s0sM.767\/w:auto\/h:auto\/q:mauto\/f:best\/https:\/\/fullsolutions.info\/wp-content\/uploads\/2021\/07\/cropped-Design-sem-nome-300x193-1-e1627062664782.png","contentUrl":"https:\/\/mlhff0prgoxu.i.optimole.com\/cb:s0sM.767\/w:auto\/h:auto\/q:mauto\/f:best\/https:\/\/fullsolutions.info\/wp-content\/uploads\/2021\/07\/cropped-Design-sem-nome-300x193-1-e1627062664782.png","width":202,"height":155,"caption":"Full Solutions"},"image":{"@id":"https:\/\/fullsolutions.info\/#\/schema\/logo\/image\/"},"sameAs":["https:\/\/www.linkedin.com\/company\/full-solutions-equipment"]}]}},"_links":{"self":[{"href":"https:\/\/fullsolutions.info\/en\/wp-json\/wp\/v2\/product\/4476","targetHints":{"allow":["GET"]}}],"collection":[{"href":"https:\/\/fullsolutions.info\/en\/wp-json\/wp\/v2\/product"}],"about":[{"href":"https:\/\/fullsolutions.info\/en\/wp-json\/wp\/v2\/types\/product"}],"replies":[{"embeddable":true,"href":"https:\/\/fullsolutions.info\/en\/wp-json\/wp\/v2\/comments?post=4476"}],"wp:featuredmedia":[{"embeddable":true,"href":"https:\/\/fullsolutions.info\/en\/wp-json\/wp\/v2\/media\/4477"}],"wp:attachment":[{"href":"https:\/\/fullsolutions.info\/en\/wp-json\/wp\/v2\/media?parent=4476"}],"wp:term":[{"taxonomy":"product_brand","embeddable":true,"href":"https:\/\/fullsolutions.info\/en\/wp-json\/wp\/v2\/product_brand?post=4476"},{"taxonomy":"product_cat","embeddable":true,"href":"https:\/\/fullsolutions.info\/en\/wp-json\/wp\/v2\/product_cat?post=4476"},{"taxonomy":"product_tag","embeddable":true,"href":"https:\/\/fullsolutions.info\/en\/wp-json\/wp\/v2\/product_tag?post=4476"},{"taxonomy":"marca","embeddable":true,"href":"https:\/\/fullsolutions.info\/en\/wp-json\/wp\/v2\/marca?post=4476"}],"curies":[{"name":"wp","href":"https:\/\/api.w.org\/{rel}","templated":true}]}}