{"id":4465,"date":"2024-02-02T17:51:56","date_gmt":"2024-02-02T17:51:56","guid":{"rendered":"https:\/\/fullsolutionsequip.com\/?post_type=product&#038;p=4465"},"modified":"2024-02-19T16:12:20","modified_gmt":"2024-02-19T16:12:20","slug":"yt-1200l","status":"publish","type":"product","link":"https:\/\/fullsolutions.info\/en\/product\/yt-1200l\/","title":{"rendered":"YT-1200L"},"content":{"rendered":"<p>A s\u00e9rie de posicionadores pneum\u00e1ticos YT-1200 \u00e9 usada para atuadores de v\u00e1lvulas pneum\u00e1ticas por meio de um controlador pneum\u00e1tico ou sistemas de controle com um sinal de sa\u00edda de 3 a 5 psi ou faixas divididas.<\/p>\n<p>&#8211; O produto pode operar normalmente em ambientes muito extremos, como vibra\u00e7\u00e3o e temperatura.<br \/>\n&#8211; A durabilidade foi comprovada ap\u00f3s testes de 2 milh\u00f5es de ciclos no m\u00ednimo.<br \/>\n&#8211; O tempo de resposta \u00e9 muito curto e preciso.<br \/>\n&#8211; A troca simples de pe\u00e7as pode configurar 1\/2 de faixa dividida.<br \/>\n&#8211; \u00c9 econ\u00f4mico devido ao menor consumo de ar.<br \/>\n&#8211; A a\u00e7\u00e3o direta\/reversa pode ser configurada facilmente.<br \/>\n&#8211; Os processos de ajuste de zero e span s\u00e3o simples.<br \/>\n&#8211; A conex\u00e3o de feedback \u00e9 f\u00e1cil.<\/p>","protected":false},"excerpt":{"rendered":"<p>A s\u00e9rie de posicionadores pneum\u00e1ticos YT-1200 \u00e9 usada para atuadores de v\u00e1lvulas pneum\u00e1ticas por meio de um controlador pneum\u00e1tico ou sistemas de controle com um sinal de sa\u00edda de 3 a 5 psi ou faixas divididas. &#8211; O produto pode operar normalmente em ambientes muito extremos, como vibra\u00e7\u00e3o e temperatura. &#8211; A durabilidade foi comprovada ap\u00f3s testes de 2 milh\u00f5es de ciclos no m\u00ednimo. &#8211; O tempo de resposta \u00e9 muito curto e preciso. &#8211; A troca simples de pe\u00e7as pode configurar 1\/2 de faixa dividida. &#8211; \u00c9 econ\u00f4mico devido ao menor consumo de ar. &#8211; A a\u00e7\u00e3o direta\/reversa pode ser configurada facilmente. &#8211; Os processos de ajuste de zero e span s\u00e3o simples. &#8211; A conex\u00e3o de feedback \u00e9 f\u00e1cil.<\/p>","protected":false},"featured_media":4466,"comment_status":"open","ping_status":"closed","template":"","meta":{"_joinchat":[]},"product_brand":[],"product_cat":[149],"product_tag":[],"marca":[153],"class_list":{"0":"post-4465","1":"product","2":"type-product","3":"status-publish","4":"has-post-thumbnail","6":"product_cat-controladores-e-posicionadores","7":"marca-ytc","9":"first","10":"instock","11":"shipping-taxable","12":"purchasable","13":"product-type-simple"},"yoast_head":"<!-- This site is optimized with the Yoast SEO plugin v27.2 - https:\/\/yoast.com\/product\/yoast-seo-wordpress\/ -->\n<title>YT-1200L - Full Solutions<\/title>\n<meta name=\"robots\" content=\"index, follow, max-snippet:-1, max-image-preview:large, max-video-preview:-1\" \/>\n<link rel=\"canonical\" href=\"https:\/\/fullsolutions.info\/en\/product\/yt-1200l\/\" \/>\n<meta property=\"og:locale\" content=\"en_US\" \/>\n<meta property=\"og:type\" content=\"article\" \/>\n<meta property=\"og:title\" content=\"YT-1200L - Full Solutions\" \/>\n<meta property=\"og:description\" content=\"A s\u00e9rie de posicionadores pneum\u00e1ticos YT-1200 \u00e9 usada para atuadores de v\u00e1lvulas pneum\u00e1ticas por meio de um controlador pneum\u00e1tico ou sistemas de controle com um sinal de sa\u00edda de 3 a 5 psi ou faixas divididas. &#8211; O produto pode operar normalmente em ambientes muito extremos, como vibra\u00e7\u00e3o e temperatura. &#8211; A durabilidade foi comprovada ap\u00f3s testes de 2 milh\u00f5es de ciclos no m\u00ednimo. &#8211; O tempo de resposta \u00e9 muito curto e preciso. &#8211; A troca simples de pe\u00e7as pode configurar 1\/2 de faixa dividida. &#8211; \u00c9 econ\u00f4mico devido ao menor consumo de ar. &#8211; A a\u00e7\u00e3o direta\/reversa pode ser configurada facilmente. &#8211; Os processos de ajuste de zero e span s\u00e3o simples. &#8211; A conex\u00e3o de feedback \u00e9 f\u00e1cil.\" \/>\n<meta property=\"og:url\" content=\"https:\/\/fullsolutions.info\/en\/product\/yt-1200l\/\" \/>\n<meta property=\"og:site_name\" content=\"Full Solutions\" \/>\n<meta property=\"article:modified_time\" content=\"2024-02-19T16:12:20+00:00\" \/>\n<meta property=\"og:image\" content=\"https:\/\/mlhff0prgoxu.i.optimole.com\/cb:s0sM.767\/w:auto\/h:auto\/q:mauto\/f:best\/https:\/\/fullsolutions.info\/wp-content\/uploads\/2024\/02\/YT-1200L12.jpeg\" \/>\n\t<meta property=\"og:image:width\" content=\"600\" \/>\n\t<meta property=\"og:image:height\" content=\"396\" \/>\n\t<meta property=\"og:image:type\" content=\"image\/jpeg\" \/>\n<meta name=\"twitter:card\" content=\"summary_large_image\" \/>\n<meta name=\"twitter:label1\" content=\"Est. reading time\" \/>\n\t<meta name=\"twitter:data1\" content=\"1 minute\" \/>\n<script type=\"application\/ld+json\" class=\"yoast-schema-graph\">{\"@context\":\"https:\/\/schema.org\",\"@graph\":[{\"@type\":\"WebPage\",\"@id\":\"https:\/\/fullsolutions.info\/produto\/yt-1200l\/\",\"url\":\"https:\/\/fullsolutions.info\/produto\/yt-1200l\/\",\"name\":\"YT-1200L - Full Solutions\",\"isPartOf\":{\"@id\":\"https:\/\/fullsolutions.info\/#website\"},\"primaryImageOfPage\":{\"@id\":\"https:\/\/fullsolutions.info\/produto\/yt-1200l\/#primaryimage\"},\"image\":{\"@id\":\"https:\/\/fullsolutions.info\/produto\/yt-1200l\/#primaryimage\"},\"thumbnailUrl\":\"https:\/\/mlhff0prgoxu.i.optimole.com\/cb:s0sM.767\/w:auto\/h:auto\/q:mauto\/f:best\/https:\/\/fullsolutions.info\/wp-content\/uploads\/2024\/02\/YT-1200L12.jpeg\",\"datePublished\":\"2024-02-02T17:51:56+00:00\",\"dateModified\":\"2024-02-19T16:12:20+00:00\",\"breadcrumb\":{\"@id\":\"https:\/\/fullsolutions.info\/produto\/yt-1200l\/#breadcrumb\"},\"inLanguage\":\"en-US\",\"potentialAction\":[{\"@type\":\"ReadAction\",\"target\":[\"https:\/\/fullsolutions.info\/produto\/yt-1200l\/\"]}]},{\"@type\":\"ImageObject\",\"inLanguage\":\"en-US\",\"@id\":\"https:\/\/fullsolutions.info\/produto\/yt-1200l\/#primaryimage\",\"url\":\"https:\/\/mlhff0prgoxu.i.optimole.com\/cb:s0sM.767\/w:auto\/h:auto\/q:mauto\/f:best\/https:\/\/fullsolutions.info\/wp-content\/uploads\/2024\/02\/YT-1200L12.jpeg\",\"contentUrl\":\"https:\/\/mlhff0prgoxu.i.optimole.com\/cb:s0sM.767\/w:auto\/h:auto\/q:mauto\/f:best\/https:\/\/fullsolutions.info\/wp-content\/uploads\/2024\/02\/YT-1200L12.jpeg\",\"width\":600,\"height\":396},{\"@type\":\"BreadcrumbList\",\"@id\":\"https:\/\/fullsolutions.info\/produto\/yt-1200l\/#breadcrumb\",\"itemListElement\":[{\"@type\":\"ListItem\",\"position\":1,\"name\":\"In\u00edcio\",\"item\":\"https:\/\/fullsolutions.info\/\"},{\"@type\":\"ListItem\",\"position\":2,\"name\":\"Produtos\",\"item\":\"https:\/\/fullsolutions.info\/shop\/\"},{\"@type\":\"ListItem\",\"position\":3,\"name\":\"YT-1200L\"}]},{\"@type\":\"WebSite\",\"@id\":\"https:\/\/fullsolutions.info\/#website\",\"url\":\"https:\/\/fullsolutions.info\/\",\"name\":\"Full Solutions\",\"description\":\"Empresa na \u00c1rea de Procurement\",\"publisher\":{\"@id\":\"https:\/\/fullsolutions.info\/#organization\"},\"potentialAction\":[{\"@type\":\"SearchAction\",\"target\":{\"@type\":\"EntryPoint\",\"urlTemplate\":\"https:\/\/fullsolutions.info\/?s={search_term_string}\"},\"query-input\":{\"@type\":\"PropertyValueSpecification\",\"valueRequired\":true,\"valueName\":\"search_term_string\"}}],\"inLanguage\":\"en-US\"},{\"@type\":\"Organization\",\"@id\":\"https:\/\/fullsolutions.info\/#organization\",\"name\":\"Full Solutions\",\"url\":\"https:\/\/fullsolutions.info\/\",\"logo\":{\"@type\":\"ImageObject\",\"inLanguage\":\"en-US\",\"@id\":\"https:\/\/fullsolutions.info\/#\/schema\/logo\/image\/\",\"url\":\"https:\/\/mlhff0prgoxu.i.optimole.com\/cb:s0sM.767\/w:auto\/h:auto\/q:mauto\/f:best\/https:\/\/fullsolutions.info\/wp-content\/uploads\/2021\/07\/cropped-Design-sem-nome-300x193-1-e1627062664782.png\",\"contentUrl\":\"https:\/\/mlhff0prgoxu.i.optimole.com\/cb:s0sM.767\/w:auto\/h:auto\/q:mauto\/f:best\/https:\/\/fullsolutions.info\/wp-content\/uploads\/2021\/07\/cropped-Design-sem-nome-300x193-1-e1627062664782.png\",\"width\":202,\"height\":155,\"caption\":\"Full Solutions\"},\"image\":{\"@id\":\"https:\/\/fullsolutions.info\/#\/schema\/logo\/image\/\"},\"sameAs\":[\"https:\/\/www.linkedin.com\/company\/full-solutions-equipment\"]}]}<\/script>\n<!-- \/ Yoast SEO plugin. -->","yoast_head_json":{"title":"YT-1200L - Full Solutions","robots":{"index":"index","follow":"follow","max-snippet":"max-snippet:-1","max-image-preview":"max-image-preview:large","max-video-preview":"max-video-preview:-1"},"canonical":"https:\/\/fullsolutions.info\/en\/product\/yt-1200l\/","og_locale":"en_US","og_type":"article","og_title":"YT-1200L - Full Solutions","og_description":"A s\u00e9rie de posicionadores pneum\u00e1ticos YT-1200 \u00e9 usada para atuadores de v\u00e1lvulas pneum\u00e1ticas por meio de um controlador pneum\u00e1tico ou sistemas de controle com um sinal de sa\u00edda de 3 a 5 psi ou faixas divididas. &#8211; O produto pode operar normalmente em ambientes muito extremos, como vibra\u00e7\u00e3o e temperatura. &#8211; A durabilidade foi comprovada ap\u00f3s testes de 2 milh\u00f5es de ciclos no m\u00ednimo. &#8211; O tempo de resposta \u00e9 muito curto e preciso. &#8211; A troca simples de pe\u00e7as pode configurar 1\/2 de faixa dividida. &#8211; \u00c9 econ\u00f4mico devido ao menor consumo de ar. &#8211; A a\u00e7\u00e3o direta\/reversa pode ser configurada facilmente. &#8211; Os processos de ajuste de zero e span s\u00e3o simples. &#8211; A conex\u00e3o de feedback \u00e9 f\u00e1cil.","og_url":"https:\/\/fullsolutions.info\/en\/product\/yt-1200l\/","og_site_name":"Full Solutions","article_modified_time":"2024-02-19T16:12:20+00:00","og_image":[{"width":600,"height":396,"url":"https:\/\/mlhff0prgoxu.i.optimole.com\/cb:s0sM.767\/w:auto\/h:auto\/q:mauto\/f:best\/https:\/\/fullsolutions.info\/wp-content\/uploads\/2024\/02\/YT-1200L12.jpeg","type":"image\/jpeg"}],"twitter_card":"summary_large_image","twitter_misc":{"Est. reading time":"1 minute"},"schema":{"@context":"https:\/\/schema.org","@graph":[{"@type":"WebPage","@id":"https:\/\/fullsolutions.info\/produto\/yt-1200l\/","url":"https:\/\/fullsolutions.info\/produto\/yt-1200l\/","name":"YT-1200L - Full Solutions","isPartOf":{"@id":"https:\/\/fullsolutions.info\/#website"},"primaryImageOfPage":{"@id":"https:\/\/fullsolutions.info\/produto\/yt-1200l\/#primaryimage"},"image":{"@id":"https:\/\/fullsolutions.info\/produto\/yt-1200l\/#primaryimage"},"thumbnailUrl":"https:\/\/mlhff0prgoxu.i.optimole.com\/cb:s0sM.767\/w:auto\/h:auto\/q:mauto\/f:best\/https:\/\/fullsolutions.info\/wp-content\/uploads\/2024\/02\/YT-1200L12.jpeg","datePublished":"2024-02-02T17:51:56+00:00","dateModified":"2024-02-19T16:12:20+00:00","breadcrumb":{"@id":"https:\/\/fullsolutions.info\/produto\/yt-1200l\/#breadcrumb"},"inLanguage":"en-US","potentialAction":[{"@type":"ReadAction","target":["https:\/\/fullsolutions.info\/produto\/yt-1200l\/"]}]},{"@type":"ImageObject","inLanguage":"en-US","@id":"https:\/\/fullsolutions.info\/produto\/yt-1200l\/#primaryimage","url":"https:\/\/mlhff0prgoxu.i.optimole.com\/cb:s0sM.767\/w:auto\/h:auto\/q:mauto\/f:best\/https:\/\/fullsolutions.info\/wp-content\/uploads\/2024\/02\/YT-1200L12.jpeg","contentUrl":"https:\/\/mlhff0prgoxu.i.optimole.com\/cb:s0sM.767\/w:auto\/h:auto\/q:mauto\/f:best\/https:\/\/fullsolutions.info\/wp-content\/uploads\/2024\/02\/YT-1200L12.jpeg","width":600,"height":396},{"@type":"BreadcrumbList","@id":"https:\/\/fullsolutions.info\/produto\/yt-1200l\/#breadcrumb","itemListElement":[{"@type":"ListItem","position":1,"name":"In\u00edcio","item":"https:\/\/fullsolutions.info\/"},{"@type":"ListItem","position":2,"name":"Produtos","item":"https:\/\/fullsolutions.info\/shop\/"},{"@type":"ListItem","position":3,"name":"YT-1200L"}]},{"@type":"WebSite","@id":"https:\/\/fullsolutions.info\/#website","url":"https:\/\/fullsolutions.info\/","name":"Full Solutions","description":"Empresa na \u00c1rea de Procurement","publisher":{"@id":"https:\/\/fullsolutions.info\/#organization"},"potentialAction":[{"@type":"SearchAction","target":{"@type":"EntryPoint","urlTemplate":"https:\/\/fullsolutions.info\/?s={search_term_string}"},"query-input":{"@type":"PropertyValueSpecification","valueRequired":true,"valueName":"search_term_string"}}],"inLanguage":"en-US"},{"@type":"Organization","@id":"https:\/\/fullsolutions.info\/#organization","name":"Full Solutions","url":"https:\/\/fullsolutions.info\/","logo":{"@type":"ImageObject","inLanguage":"en-US","@id":"https:\/\/fullsolutions.info\/#\/schema\/logo\/image\/","url":"https:\/\/mlhff0prgoxu.i.optimole.com\/cb:s0sM.767\/w:auto\/h:auto\/q:mauto\/f:best\/https:\/\/fullsolutions.info\/wp-content\/uploads\/2021\/07\/cropped-Design-sem-nome-300x193-1-e1627062664782.png","contentUrl":"https:\/\/mlhff0prgoxu.i.optimole.com\/cb:s0sM.767\/w:auto\/h:auto\/q:mauto\/f:best\/https:\/\/fullsolutions.info\/wp-content\/uploads\/2021\/07\/cropped-Design-sem-nome-300x193-1-e1627062664782.png","width":202,"height":155,"caption":"Full Solutions"},"image":{"@id":"https:\/\/fullsolutions.info\/#\/schema\/logo\/image\/"},"sameAs":["https:\/\/www.linkedin.com\/company\/full-solutions-equipment"]}]}},"_links":{"self":[{"href":"https:\/\/fullsolutions.info\/en\/wp-json\/wp\/v2\/product\/4465","targetHints":{"allow":["GET"]}}],"collection":[{"href":"https:\/\/fullsolutions.info\/en\/wp-json\/wp\/v2\/product"}],"about":[{"href":"https:\/\/fullsolutions.info\/en\/wp-json\/wp\/v2\/types\/product"}],"replies":[{"embeddable":true,"href":"https:\/\/fullsolutions.info\/en\/wp-json\/wp\/v2\/comments?post=4465"}],"wp:featuredmedia":[{"embeddable":true,"href":"https:\/\/fullsolutions.info\/en\/wp-json\/wp\/v2\/media\/4466"}],"wp:attachment":[{"href":"https:\/\/fullsolutions.info\/en\/wp-json\/wp\/v2\/media?parent=4465"}],"wp:term":[{"taxonomy":"product_brand","embeddable":true,"href":"https:\/\/fullsolutions.info\/en\/wp-json\/wp\/v2\/product_brand?post=4465"},{"taxonomy":"product_cat","embeddable":true,"href":"https:\/\/fullsolutions.info\/en\/wp-json\/wp\/v2\/product_cat?post=4465"},{"taxonomy":"product_tag","embeddable":true,"href":"https:\/\/fullsolutions.info\/en\/wp-json\/wp\/v2\/product_tag?post=4465"},{"taxonomy":"marca","embeddable":true,"href":"https:\/\/fullsolutions.info\/en\/wp-json\/wp\/v2\/marca?post=4465"}],"curies":[{"name":"wp","href":"https:\/\/api.w.org\/{rel}","templated":true}]}}