{"id":4451,"date":"2024-02-02T17:43:58","date_gmt":"2024-02-02T17:43:58","guid":{"rendered":"https:\/\/fullsolutionsequip.com\/?post_type=product&#038;p=4451"},"modified":"2024-02-19T16:12:21","modified_gmt":"2024-02-19T16:12:21","slug":"medidores-de-vazao-vortex-multivariaveis-digitaisyewflo-2","status":"publish","type":"product","link":"https:\/\/fullsolutions.info\/en\/product\/medidores-de-vazao-vortex-multivariaveis-digitaisyewflo-2\/","title":{"rendered":"Vortex flow meters multivariate digitaisYEWFLO"},"content":{"rendered":"<div class=\"flex-1 overflow-hidden\">\n<div class=\"react-scroll-to-bottom--css-mnlsn-79elbk h-full\">\n<div class=\"react-scroll-to-bottom--css-mnlsn-1n7m0yu\">\n<div class=\"flex flex-col pb-9 text-sm\">\n<div class=\"w-full text-token-text-primary\" data-testid=\"conversation-turn-171\">\n<div class=\"px-4 py-2 justify-center text-base md:gap-6 m-auto\">\n<div class=\"flex flex-1 text-base mx-auto gap-3 md:px-5 lg:px-1 xl:px-5 md:max-w-3xl lg:max-w-[40rem] xl:max-w-[48rem] group final-completion\">\n<div class=\"relative flex w-full flex-col lg:w-[calc(100%-115px)] agent-turn\">\n<div class=\"flex-col gap-1 md:gap-3\">\n<div class=\"flex flex-grow flex-col max-w-full\">\n<div class=\"min-h-[20px] text-message flex flex-col items-start gap-3 whitespace-pre-wrap break-words [.text-message+&amp;]:mt-5 overflow-x-auto\" data-message-author-role=\"assistant\" data-message-id=\"6675a613-c0ed-4f2c-bfbd-a06cfc963714\">\n<div class=\"markdown prose w-full break-words dark:prose-invert dark\">\n<p><strong>Recursos<\/strong>:<\/p>\n<p>Medidores de V\u00f3rtice digitalYEWFLO Multivari\u00e1veis Tipo Multivari\u00e1vel: c\u00f3digo de op\u00e7\u00e3o \/MV<\/p>\n<ul>\n<li>Sensor de temperatura de resist\u00eancia incorporado na barra de derramamento de v\u00f3rtice<\/li>\n<li>Exibi\u00e7\u00f5es selecion\u00e1veis pelo usu\u00e1rio para Fluxo, Temp, Total e outras<\/li>\n<li>Taxa de fluxo em massa calculada usando leituras de temperatura e dados da tabela de vapor<\/li>\n<li>Capaz, por si s\u00f3, de emitir a taxa de fluxo em massa<\/li>\n<\/ul>\n<p><strong>Mecanismo de Medi\u00e7\u00e3o de Vapor Saturado<\/strong><\/p>\n<p>Como a densidade do vapor pode ser calculada a partir de uma leitura de temperatura?&gt; Uma tabela de vapor fornece dados sobre a temperatura, press\u00e3o e densidade do vapor e \u00e9 fornecida por um \u00f3rg\u00e3o de certifica\u00e7\u00e3o como a ASME. A curva de vapor saturado mostra o ponto de satura\u00e7\u00e3o do vapor para cada n\u00edvel de press\u00e3o\/temperatura. O conversor digitalYEWFLO calcula a taxa de fluxo em massa usando a figura de densidade da tabela de vapor. Com seu sistema de Processamento de Sinal Espectral, o digitalYEWFLO \u00e9 capaz de medir com precis\u00e3o as flutua\u00e7\u00f5es de temperatura.<\/p>\n<ul>\n<li>Com vapor superaquecido, a densidade \u00e9 calculada como um valor de press\u00e3o fixa que inclui o valor de temperatura superaquecido.<\/li>\n<\/ul>\n<p>Com a fun\u00e7\u00e3o de totaliza\u00e7\u00e3o, os dados de consumo de energia coletados ao longo do tempo podem ser armazenados na mem\u00f3ria e usados para desenvolver medidas para reduzir o consumo de energia.<\/p>\n<\/div>\n<\/div>\n<\/div>\n<\/div>\n<div class=\"absolute\">\n<div class=\"flex w-full gap-2 items-center justify-center\"><\/div>\n<\/div>\n<\/div>\n<\/div>\n<\/div>\n<\/div>\n<\/div>\n<\/div>\n<\/div>\n<\/div>\n<div class=\"w-full pt-2 md:pt-0 dark:border-white\/20 md:border-transparent md:dark:border-transparent md:w-[calc(100%-.5rem)]\">\n<form class=\"stretch mx-2 flex flex-row gap-3 last:mb-2 md:mx-4 md:last:mb-6 lg:mx-auto lg:max-w-2xl xl:max-w-3xl\" action=\"\">\n<div class=\"relative flex h-full flex-1 items-stretch md:flex-col\">\n<div class=\"flex w-full items-center\"><\/div>\n<\/div>\n<input type=\"hidden\" name=\"trp-form-language\" value=\"en\"\/><\/form>\n<\/div>","protected":false},"excerpt":{"rendered":"<p>Recursos: Medidores de V\u00f3rtice digitalYEWFLO Multivari\u00e1veis Tipo Multivari\u00e1vel: c\u00f3digo de op\u00e7\u00e3o \/MV Sensor de temperatura de resist\u00eancia incorporado na barra de derramamento de v\u00f3rtice Exibi\u00e7\u00f5es selecion\u00e1veis pelo usu\u00e1rio para Fluxo, Temp, Total e outras Taxa de fluxo em massa calculada usando leituras de temperatura e dados da tabela de vapor Capaz, por si s\u00f3, de emitir a taxa de fluxo em massa Mecanismo de Medi\u00e7\u00e3o de Vapor Saturado Como a densidade do vapor pode ser calculada a partir de uma leitura de temperatura?&gt; Uma tabela de vapor fornece dados sobre a temperatura, press\u00e3o e densidade do vapor e \u00e9 fornecida por um \u00f3rg\u00e3o de certifica\u00e7\u00e3o como a ASME. A curva de vapor saturado mostra o ponto de satura\u00e7\u00e3o do vapor para cada n\u00edvel de press\u00e3o\/temperatura. O conversor digitalYEWFLO calcula a taxa de fluxo em massa usando a figura de densidade da tabela de vapor. Com seu sistema de Processamento de Sinal Espectral, o digitalYEWFLO \u00e9 capaz de medir com precis\u00e3o as flutua\u00e7\u00f5es de temperatura. Com vapor superaquecido, a densidade \u00e9 calculada como um valor de press\u00e3o fixa que inclui o valor de temperatura superaquecido. Com a fun\u00e7\u00e3o de totaliza\u00e7\u00e3o, os dados de consumo de energia coletados ao longo do tempo podem ser armazenados na mem\u00f3ria e usados para desenvolver medidas para reduzir o consumo de energia.<\/p>","protected":false},"featured_media":4453,"comment_status":"open","ping_status":"closed","template":"","meta":{"_joinchat":[]},"product_brand":[],"product_cat":[146],"product_tag":[],"marca":[143],"class_list":{"0":"post-4451","1":"product","2":"type-product","3":"status-publish","4":"has-post-thumbnail","6":"product_cat-medidores-de-vazao-e-tubos-de-vazao","7":"marca-yokogawa","9":"first","10":"instock","11":"shipping-taxable","12":"purchasable","13":"product-type-simple"},"yoast_head":"<!-- This site is optimized with the Yoast SEO plugin v27.2 - https:\/\/yoast.com\/product\/yoast-seo-wordpress\/ -->\n<title>Medidores de vaz\u00e3o Vortex multivari\u00e1veis digitaisYEWFLO - Full Solutions<\/title>\n<meta name=\"robots\" content=\"index, follow, max-snippet:-1, max-image-preview:large, max-video-preview:-1\" \/>\n<link rel=\"canonical\" href=\"https:\/\/fullsolutions.info\/en\/product\/medidores-de-vazao-vortex-multivariaveis-digitaisyewflo-2\/\" \/>\n<meta property=\"og:locale\" content=\"en_US\" \/>\n<meta property=\"og:type\" content=\"article\" \/>\n<meta property=\"og:title\" content=\"Medidores de vaz\u00e3o Vortex multivari\u00e1veis digitaisYEWFLO - Full Solutions\" \/>\n<meta property=\"og:description\" content=\"Recursos: Medidores de V\u00f3rtice digitalYEWFLO Multivari\u00e1veis Tipo Multivari\u00e1vel: c\u00f3digo de op\u00e7\u00e3o \/MV Sensor de temperatura de resist\u00eancia incorporado na barra de derramamento de v\u00f3rtice Exibi\u00e7\u00f5es selecion\u00e1veis pelo usu\u00e1rio para Fluxo, Temp, Total e outras Taxa de fluxo em massa calculada usando leituras de temperatura e dados da tabela de vapor Capaz, por si s\u00f3, de emitir a taxa de fluxo em massa Mecanismo de Medi\u00e7\u00e3o de Vapor Saturado Como a densidade do vapor pode ser calculada a partir de uma leitura de temperatura?&gt; Uma tabela de vapor fornece dados sobre a temperatura, press\u00e3o e densidade do vapor e \u00e9 fornecida por um \u00f3rg\u00e3o de certifica\u00e7\u00e3o como a ASME. A curva de vapor saturado mostra o ponto de satura\u00e7\u00e3o do vapor para cada n\u00edvel de press\u00e3o\/temperatura. O conversor digitalYEWFLO calcula a taxa de fluxo em massa usando a figura de densidade da tabela de vapor. Com seu sistema de Processamento de Sinal Espectral, o digitalYEWFLO \u00e9 capaz de medir com precis\u00e3o as flutua\u00e7\u00f5es de temperatura. Com vapor superaquecido, a densidade \u00e9 calculada como um valor de press\u00e3o fixa que inclui o valor de temperatura superaquecido. Com a fun\u00e7\u00e3o de totaliza\u00e7\u00e3o, os dados de consumo de energia coletados ao longo do tempo podem ser armazenados na mem\u00f3ria e usados para desenvolver medidas para reduzir o consumo de energia.\" \/>\n<meta property=\"og:url\" content=\"https:\/\/fullsolutions.info\/en\/product\/medidores-de-vazao-vortex-multivariaveis-digitaisyewflo-2\/\" \/>\n<meta property=\"og:site_name\" content=\"Full Solutions\" \/>\n<meta property=\"article:modified_time\" content=\"2024-02-19T16:12:21+00:00\" \/>\n<meta property=\"og:image\" content=\"https:\/\/mlhff0prgoxu.i.optimole.com\/cb:s0sM.767\/w:auto\/h:auto\/q:mauto\/f:best\/https:\/\/fullsolutions.info\/wp-content\/uploads\/2024\/02\/digitalYEWFLO-multivariable-Vortex-Flowmeters-1.jpg\" \/>\n\t<meta property=\"og:image:width\" content=\"145\" \/>\n\t<meta property=\"og:image:height\" content=\"179\" \/>\n\t<meta property=\"og:image:type\" content=\"image\/jpeg\" \/>\n<meta name=\"twitter:card\" content=\"summary_large_image\" \/>\n<meta name=\"twitter:label1\" content=\"Est. reading time\" \/>\n\t<meta name=\"twitter:data1\" content=\"1 minute\" \/>\n<script type=\"application\/ld+json\" class=\"yoast-schema-graph\">{\"@context\":\"https:\/\/schema.org\",\"@graph\":[{\"@type\":\"WebPage\",\"@id\":\"https:\/\/fullsolutions.info\/produto\/medidores-de-vazao-vortex-multivariaveis-digitaisyewflo-2\/\",\"url\":\"https:\/\/fullsolutions.info\/produto\/medidores-de-vazao-vortex-multivariaveis-digitaisyewflo-2\/\",\"name\":\"Medidores de vaz\u00e3o Vortex multivari\u00e1veis digitaisYEWFLO - Full Solutions\",\"isPartOf\":{\"@id\":\"https:\/\/fullsolutions.info\/#website\"},\"primaryImageOfPage\":{\"@id\":\"https:\/\/fullsolutions.info\/produto\/medidores-de-vazao-vortex-multivariaveis-digitaisyewflo-2\/#primaryimage\"},\"image\":{\"@id\":\"https:\/\/fullsolutions.info\/produto\/medidores-de-vazao-vortex-multivariaveis-digitaisyewflo-2\/#primaryimage\"},\"thumbnailUrl\":\"https:\/\/mlhff0prgoxu.i.optimole.com\/cb:s0sM.767\/w:auto\/h:auto\/q:mauto\/f:best\/https:\/\/fullsolutions.info\/wp-content\/uploads\/2024\/02\/digitalYEWFLO-multivariable-Vortex-Flowmeters-1.jpg\",\"datePublished\":\"2024-02-02T17:43:58+00:00\",\"dateModified\":\"2024-02-19T16:12:21+00:00\",\"breadcrumb\":{\"@id\":\"https:\/\/fullsolutions.info\/produto\/medidores-de-vazao-vortex-multivariaveis-digitaisyewflo-2\/#breadcrumb\"},\"inLanguage\":\"en-US\",\"potentialAction\":[{\"@type\":\"ReadAction\",\"target\":[\"https:\/\/fullsolutions.info\/produto\/medidores-de-vazao-vortex-multivariaveis-digitaisyewflo-2\/\"]}]},{\"@type\":\"ImageObject\",\"inLanguage\":\"en-US\",\"@id\":\"https:\/\/fullsolutions.info\/produto\/medidores-de-vazao-vortex-multivariaveis-digitaisyewflo-2\/#primaryimage\",\"url\":\"https:\/\/mlhff0prgoxu.i.optimole.com\/cb:s0sM.767\/w:auto\/h:auto\/q:mauto\/f:best\/https:\/\/fullsolutions.info\/wp-content\/uploads\/2024\/02\/digitalYEWFLO-multivariable-Vortex-Flowmeters-1.jpg\",\"contentUrl\":\"https:\/\/mlhff0prgoxu.i.optimole.com\/cb:s0sM.767\/w:auto\/h:auto\/q:mauto\/f:best\/https:\/\/fullsolutions.info\/wp-content\/uploads\/2024\/02\/digitalYEWFLO-multivariable-Vortex-Flowmeters-1.jpg\",\"width\":145,\"height\":179},{\"@type\":\"BreadcrumbList\",\"@id\":\"https:\/\/fullsolutions.info\/produto\/medidores-de-vazao-vortex-multivariaveis-digitaisyewflo-2\/#breadcrumb\",\"itemListElement\":[{\"@type\":\"ListItem\",\"position\":1,\"name\":\"In\u00edcio\",\"item\":\"https:\/\/fullsolutions.info\/\"},{\"@type\":\"ListItem\",\"position\":2,\"name\":\"Produtos\",\"item\":\"https:\/\/fullsolutions.info\/shop\/\"},{\"@type\":\"ListItem\",\"position\":3,\"name\":\"Medidores de vaz\u00e3o Vortex multivari\u00e1veis digitaisYEWFLO\"}]},{\"@type\":\"WebSite\",\"@id\":\"https:\/\/fullsolutions.info\/#website\",\"url\":\"https:\/\/fullsolutions.info\/\",\"name\":\"Full Solutions\",\"description\":\"Empresa na \u00c1rea de Procurement\",\"publisher\":{\"@id\":\"https:\/\/fullsolutions.info\/#organization\"},\"potentialAction\":[{\"@type\":\"SearchAction\",\"target\":{\"@type\":\"EntryPoint\",\"urlTemplate\":\"https:\/\/fullsolutions.info\/?s={search_term_string}\"},\"query-input\":{\"@type\":\"PropertyValueSpecification\",\"valueRequired\":true,\"valueName\":\"search_term_string\"}}],\"inLanguage\":\"en-US\"},{\"@type\":\"Organization\",\"@id\":\"https:\/\/fullsolutions.info\/#organization\",\"name\":\"Full Solutions\",\"url\":\"https:\/\/fullsolutions.info\/\",\"logo\":{\"@type\":\"ImageObject\",\"inLanguage\":\"en-US\",\"@id\":\"https:\/\/fullsolutions.info\/#\/schema\/logo\/image\/\",\"url\":\"https:\/\/mlhff0prgoxu.i.optimole.com\/cb:s0sM.767\/w:auto\/h:auto\/q:mauto\/f:best\/https:\/\/fullsolutions.info\/wp-content\/uploads\/2021\/07\/cropped-Design-sem-nome-300x193-1-e1627062664782.png\",\"contentUrl\":\"https:\/\/mlhff0prgoxu.i.optimole.com\/cb:s0sM.767\/w:auto\/h:auto\/q:mauto\/f:best\/https:\/\/fullsolutions.info\/wp-content\/uploads\/2021\/07\/cropped-Design-sem-nome-300x193-1-e1627062664782.png\",\"width\":202,\"height\":155,\"caption\":\"Full Solutions\"},\"image\":{\"@id\":\"https:\/\/fullsolutions.info\/#\/schema\/logo\/image\/\"},\"sameAs\":[\"https:\/\/www.linkedin.com\/company\/full-solutions-equipment\"]}]}<\/script>\n<!-- \/ Yoast SEO plugin. -->","yoast_head_json":{"title":"Medidores de vaz\u00e3o Vortex multivari\u00e1veis digitaisYEWFLO - Full Solutions","robots":{"index":"index","follow":"follow","max-snippet":"max-snippet:-1","max-image-preview":"max-image-preview:large","max-video-preview":"max-video-preview:-1"},"canonical":"https:\/\/fullsolutions.info\/en\/product\/medidores-de-vazao-vortex-multivariaveis-digitaisyewflo-2\/","og_locale":"en_US","og_type":"article","og_title":"Medidores de vaz\u00e3o Vortex multivari\u00e1veis digitaisYEWFLO - Full Solutions","og_description":"Recursos: Medidores de V\u00f3rtice digitalYEWFLO Multivari\u00e1veis Tipo Multivari\u00e1vel: c\u00f3digo de op\u00e7\u00e3o \/MV Sensor de temperatura de resist\u00eancia incorporado na barra de derramamento de v\u00f3rtice Exibi\u00e7\u00f5es selecion\u00e1veis pelo usu\u00e1rio para Fluxo, Temp, Total e outras Taxa de fluxo em massa calculada usando leituras de temperatura e dados da tabela de vapor Capaz, por si s\u00f3, de emitir a taxa de fluxo em massa Mecanismo de Medi\u00e7\u00e3o de Vapor Saturado Como a densidade do vapor pode ser calculada a partir de uma leitura de temperatura?&gt; Uma tabela de vapor fornece dados sobre a temperatura, press\u00e3o e densidade do vapor e \u00e9 fornecida por um \u00f3rg\u00e3o de certifica\u00e7\u00e3o como a ASME. A curva de vapor saturado mostra o ponto de satura\u00e7\u00e3o do vapor para cada n\u00edvel de press\u00e3o\/temperatura. O conversor digitalYEWFLO calcula a taxa de fluxo em massa usando a figura de densidade da tabela de vapor. Com seu sistema de Processamento de Sinal Espectral, o digitalYEWFLO \u00e9 capaz de medir com precis\u00e3o as flutua\u00e7\u00f5es de temperatura. Com vapor superaquecido, a densidade \u00e9 calculada como um valor de press\u00e3o fixa que inclui o valor de temperatura superaquecido. Com a fun\u00e7\u00e3o de totaliza\u00e7\u00e3o, os dados de consumo de energia coletados ao longo do tempo podem ser armazenados na mem\u00f3ria e usados para desenvolver medidas para reduzir o consumo de energia.","og_url":"https:\/\/fullsolutions.info\/en\/product\/medidores-de-vazao-vortex-multivariaveis-digitaisyewflo-2\/","og_site_name":"Full Solutions","article_modified_time":"2024-02-19T16:12:21+00:00","og_image":[{"width":145,"height":179,"url":"https:\/\/mlhff0prgoxu.i.optimole.com\/cb:s0sM.767\/w:auto\/h:auto\/q:mauto\/f:best\/https:\/\/fullsolutions.info\/wp-content\/uploads\/2024\/02\/digitalYEWFLO-multivariable-Vortex-Flowmeters-1.jpg","type":"image\/jpeg"}],"twitter_card":"summary_large_image","twitter_misc":{"Est. reading time":"1 minute"},"schema":{"@context":"https:\/\/schema.org","@graph":[{"@type":"WebPage","@id":"https:\/\/fullsolutions.info\/produto\/medidores-de-vazao-vortex-multivariaveis-digitaisyewflo-2\/","url":"https:\/\/fullsolutions.info\/produto\/medidores-de-vazao-vortex-multivariaveis-digitaisyewflo-2\/","name":"Medidores de vaz\u00e3o Vortex multivari\u00e1veis digitaisYEWFLO - Full Solutions","isPartOf":{"@id":"https:\/\/fullsolutions.info\/#website"},"primaryImageOfPage":{"@id":"https:\/\/fullsolutions.info\/produto\/medidores-de-vazao-vortex-multivariaveis-digitaisyewflo-2\/#primaryimage"},"image":{"@id":"https:\/\/fullsolutions.info\/produto\/medidores-de-vazao-vortex-multivariaveis-digitaisyewflo-2\/#primaryimage"},"thumbnailUrl":"https:\/\/mlhff0prgoxu.i.optimole.com\/cb:s0sM.767\/w:auto\/h:auto\/q:mauto\/f:best\/https:\/\/fullsolutions.info\/wp-content\/uploads\/2024\/02\/digitalYEWFLO-multivariable-Vortex-Flowmeters-1.jpg","datePublished":"2024-02-02T17:43:58+00:00","dateModified":"2024-02-19T16:12:21+00:00","breadcrumb":{"@id":"https:\/\/fullsolutions.info\/produto\/medidores-de-vazao-vortex-multivariaveis-digitaisyewflo-2\/#breadcrumb"},"inLanguage":"en-US","potentialAction":[{"@type":"ReadAction","target":["https:\/\/fullsolutions.info\/produto\/medidores-de-vazao-vortex-multivariaveis-digitaisyewflo-2\/"]}]},{"@type":"ImageObject","inLanguage":"en-US","@id":"https:\/\/fullsolutions.info\/produto\/medidores-de-vazao-vortex-multivariaveis-digitaisyewflo-2\/#primaryimage","url":"https:\/\/mlhff0prgoxu.i.optimole.com\/cb:s0sM.767\/w:auto\/h:auto\/q:mauto\/f:best\/https:\/\/fullsolutions.info\/wp-content\/uploads\/2024\/02\/digitalYEWFLO-multivariable-Vortex-Flowmeters-1.jpg","contentUrl":"https:\/\/mlhff0prgoxu.i.optimole.com\/cb:s0sM.767\/w:auto\/h:auto\/q:mauto\/f:best\/https:\/\/fullsolutions.info\/wp-content\/uploads\/2024\/02\/digitalYEWFLO-multivariable-Vortex-Flowmeters-1.jpg","width":145,"height":179},{"@type":"BreadcrumbList","@id":"https:\/\/fullsolutions.info\/produto\/medidores-de-vazao-vortex-multivariaveis-digitaisyewflo-2\/#breadcrumb","itemListElement":[{"@type":"ListItem","position":1,"name":"In\u00edcio","item":"https:\/\/fullsolutions.info\/"},{"@type":"ListItem","position":2,"name":"Produtos","item":"https:\/\/fullsolutions.info\/shop\/"},{"@type":"ListItem","position":3,"name":"Medidores de vaz\u00e3o Vortex multivari\u00e1veis digitaisYEWFLO"}]},{"@type":"WebSite","@id":"https:\/\/fullsolutions.info\/#website","url":"https:\/\/fullsolutions.info\/","name":"Full Solutions","description":"Empresa na \u00c1rea de Procurement","publisher":{"@id":"https:\/\/fullsolutions.info\/#organization"},"potentialAction":[{"@type":"SearchAction","target":{"@type":"EntryPoint","urlTemplate":"https:\/\/fullsolutions.info\/?s={search_term_string}"},"query-input":{"@type":"PropertyValueSpecification","valueRequired":true,"valueName":"search_term_string"}}],"inLanguage":"en-US"},{"@type":"Organization","@id":"https:\/\/fullsolutions.info\/#organization","name":"Full Solutions","url":"https:\/\/fullsolutions.info\/","logo":{"@type":"ImageObject","inLanguage":"en-US","@id":"https:\/\/fullsolutions.info\/#\/schema\/logo\/image\/","url":"https:\/\/mlhff0prgoxu.i.optimole.com\/cb:s0sM.767\/w:auto\/h:auto\/q:mauto\/f:best\/https:\/\/fullsolutions.info\/wp-content\/uploads\/2021\/07\/cropped-Design-sem-nome-300x193-1-e1627062664782.png","contentUrl":"https:\/\/mlhff0prgoxu.i.optimole.com\/cb:s0sM.767\/w:auto\/h:auto\/q:mauto\/f:best\/https:\/\/fullsolutions.info\/wp-content\/uploads\/2021\/07\/cropped-Design-sem-nome-300x193-1-e1627062664782.png","width":202,"height":155,"caption":"Full Solutions"},"image":{"@id":"https:\/\/fullsolutions.info\/#\/schema\/logo\/image\/"},"sameAs":["https:\/\/www.linkedin.com\/company\/full-solutions-equipment"]}]}},"_links":{"self":[{"href":"https:\/\/fullsolutions.info\/en\/wp-json\/wp\/v2\/product\/4451","targetHints":{"allow":["GET"]}}],"collection":[{"href":"https:\/\/fullsolutions.info\/en\/wp-json\/wp\/v2\/product"}],"about":[{"href":"https:\/\/fullsolutions.info\/en\/wp-json\/wp\/v2\/types\/product"}],"replies":[{"embeddable":true,"href":"https:\/\/fullsolutions.info\/en\/wp-json\/wp\/v2\/comments?post=4451"}],"wp:featuredmedia":[{"embeddable":true,"href":"https:\/\/fullsolutions.info\/en\/wp-json\/wp\/v2\/media\/4453"}],"wp:attachment":[{"href":"https:\/\/fullsolutions.info\/en\/wp-json\/wp\/v2\/media?parent=4451"}],"wp:term":[{"taxonomy":"product_brand","embeddable":true,"href":"https:\/\/fullsolutions.info\/en\/wp-json\/wp\/v2\/product_brand?post=4451"},{"taxonomy":"product_cat","embeddable":true,"href":"https:\/\/fullsolutions.info\/en\/wp-json\/wp\/v2\/product_cat?post=4451"},{"taxonomy":"product_tag","embeddable":true,"href":"https:\/\/fullsolutions.info\/en\/wp-json\/wp\/v2\/product_tag?post=4451"},{"taxonomy":"marca","embeddable":true,"href":"https:\/\/fullsolutions.info\/en\/wp-json\/wp\/v2\/marca?post=4451"}],"curies":[{"name":"wp","href":"https:\/\/api.w.org\/{rel}","templated":true}]}}