{"id":4445,"date":"2024-02-02T17:42:32","date_gmt":"2024-02-02T17:42:32","guid":{"rendered":"https:\/\/fullsolutionsequip.com\/?post_type=product&#038;p=4445"},"modified":"2024-02-19T16:12:21","modified_gmt":"2024-02-19T16:12:21","slug":"versao-digitalyewflo-de-alta-temperatura-de-processo-versao-criogenica-dy-htlt","status":"publish","type":"product","link":"https:\/\/fullsolutions.info\/en\/product\/versao-digitalyewflo-de-alta-temperatura-de-processo-versao-criogenica-dy-htlt\/","title":{"rendered":"Version of digitalYEWFLO high process temperature version\/cryogenic (DY-HTLT)"},"content":{"rendered":"<p>Temos a vers\u00e3o de temperatura de processo e a vers\u00e3o criog\u00eanica na s\u00e9rie digitalYEWFLO, que ostenta confiabilidade a longo prazo. A vers\u00e3o de alta temperatura de processo est\u00e1 dispon\u00edvel at\u00e9 450 graus Celsius, a temperatura mais alta no medidor de v\u00f3rtice. A vers\u00e3o criog\u00eanica est\u00e1 dispon\u00edvel at\u00e9 -196 graus Celsius. Essas vers\u00f5es s\u00e3o as melhores solu\u00e7\u00f5es para aplica\u00e7\u00e3o de vapor de alta temperatura ou oxig\u00eanio l\u00edquido criog\u00eanico de at\u00e9 200 mm de tamanhos nominais.<\/p>\n<p>&nbsp;<\/p>\n<div class=\"flex-1 overflow-hidden\">\n<div class=\"react-scroll-to-bottom--css-mnlsn-79elbk h-full\">\n<div class=\"react-scroll-to-bottom--css-mnlsn-1n7m0yu\">\n<div class=\"flex flex-col pb-9 text-sm\">\n<div class=\"w-full text-token-text-primary\" data-testid=\"conversation-turn-169\">\n<div class=\"px-4 py-2 justify-center text-base md:gap-6 m-auto\">\n<div class=\"flex flex-1 text-base mx-auto gap-3 md:px-5 lg:px-1 xl:px-5 md:max-w-3xl lg:max-w-[40rem] xl:max-w-[48rem] group final-completion\">\n<div class=\"relative flex w-full flex-col lg:w-[calc(100%-115px)] agent-turn\">\n<div class=\"flex-col gap-1 md:gap-3\">\n<div class=\"flex flex-grow flex-col max-w-full\">\n<div class=\"min-h-[20px] text-message flex flex-col items-start gap-3 whitespace-pre-wrap break-words [.text-message+&amp;]:mt-5 overflow-x-auto\" data-message-author-role=\"assistant\" data-message-id=\"b2c17966-c504-4423-9bd9-43c0dc628ef6\">\n<div class=\"markdown prose w-full break-words dark:prose-invert dark\">\n<p><strong>Especifica\u00e7\u00f5es Gerais<\/strong><\/p>\n<p><strong>Recursos:<\/strong><\/p>\n<p>Vers\u00e3o de Alta Temperatura de Processo \/ Vers\u00e3o Criog\u00eanica<\/p>\n<ul>\n<li>Novas fun\u00e7\u00f5es com a tecnologia de Processamento de Sinal Espectral (SSP) SSP analisa as condi\u00e7\u00f5es do fluido dentro do medidor de v\u00f3rtice digitalYEWFLO e usa os dados para selecionar automaticamente o ajuste ideal para a aplica\u00e7\u00e3o, proporcionando recursos nunca antes vistos em um medidor de v\u00f3rtice. SSP detecta com precis\u00e3o v\u00f3rtices na faixa de baixo fluxo, proporcionando uma estabilidade de fluxo excepcional.<\/li>\n<li>Autodiagn\u00f3stico avan\u00e7ado Condi\u00e7\u00f5es de aplica\u00e7\u00e3o, como alta vibra\u00e7\u00e3o do oleoduto e fluxo anormal, s\u00e3o previstas e indicadas.<\/li>\n<li>Alta precis\u00e3o \u00b10,75% da leitura (l\u00edquido) \u00b11,0% da leitura (g\u00e1s, vapor)<\/li>\n<li>Ampla faixa de temperatura de processo Vers\u00e3o de alta temperatura at\u00e9 450 graus Celsius Vers\u00e3o criog\u00eanica m\u00ednimo -196 graus Celsius<\/li>\n<li>Configura\u00e7\u00f5es simples de par\u00e2metros Sele\u00e7\u00f5es frequentemente usadas agrupadas em um formato de acesso r\u00e1pido diminuem o tempo de comissionamento.<\/li>\n<li>Indicador claro e conciso Exibi\u00e7\u00e3o conveniente das taxas de fluxo simult\u00e2neas e totais juntamente com o diagn\u00f3stico do processo.<\/li>\n<li>Sa\u00edda dupla para anal\u00f3gico\/pulso Sa\u00edda simult\u00e2nea para taxa de fluxo e pulso.<\/li>\n<li>Sa\u00edda de alarme Um sinal de alarme \u00e9 emitido quando ocorre um alarme.<\/li>\n<li>Comunica\u00e7\u00e3o BRAIN\/HART e interruptores de teclas para interface homem-m\u00e1quina.<\/li>\n<li>Conformidade com NACE<\/li>\n<li>Conformidade com NAMUR 43<\/li>\n<li>Comprimento remoto do cabo de at\u00e9 30 metros<\/li>\n<\/ul>\n<\/div>\n<\/div>\n<\/div>\n<div class=\"mt-1 flex justify-start gap-3 empty:hidden\">\n<div class=\"text-gray-400 flex self-end lg:self-center justify-center lg:justify-start mt-0 -ml-1 visible\"><button class=\"flex items-center gap-1.5 rounded-md p-1 text-xs text-token-text-tertiary hover:text-token-text-primary md:invisible md:group-hover:visible md:group-[.final-completion]:visible\"><\/button><\/p>\n<div class=\"flex\"><\/div>\n<div class=\"flex items-center gap-1.5 text-xs\"><\/div>\n<\/div>\n<\/div>\n<\/div>\n<div class=\"absolute\">\n<div class=\"flex w-full gap-2 items-center justify-center\"><\/div>\n<\/div>\n<\/div>\n<\/div>\n<\/div>\n<\/div>\n<\/div>\n<\/div>\n<\/div>\n<\/div>\n<div class=\"w-full pt-2 md:pt-0 dark:border-white\/20 md:border-transparent md:dark:border-transparent md:w-[calc(100%-.5rem)]\">\n<form class=\"stretch mx-2 flex flex-row gap-3 last:mb-2 md:mx-4 md:last:mb-6 lg:mx-auto lg:max-w-2xl xl:max-w-3xl\" action=\"\">\n<div class=\"relative flex h-full flex-1 items-stretch md:flex-col\">\n<div class=\"flex w-full items-center\"><\/div>\n<\/div>\n<input type=\"hidden\" name=\"trp-form-language\" value=\"en\"\/><\/form>\n<\/div>","protected":false},"excerpt":{"rendered":"<p>Temos a vers\u00e3o de temperatura de processo e a vers\u00e3o criog\u00eanica na s\u00e9rie digitalYEWFLO, que ostenta confiabilidade a longo prazo. A vers\u00e3o de alta temperatura de processo est\u00e1 dispon\u00edvel at\u00e9 450 graus Celsius, a temperatura mais alta no medidor de v\u00f3rtice. A vers\u00e3o criog\u00eanica est\u00e1 dispon\u00edvel at\u00e9 -196 graus Celsius. Essas vers\u00f5es s\u00e3o as melhores solu\u00e7\u00f5es para aplica\u00e7\u00e3o de vapor de alta temperatura ou oxig\u00eanio l\u00edquido criog\u00eanico de at\u00e9 200 mm de tamanhos nominais. &nbsp; Especifica\u00e7\u00f5es Gerais Recursos: Vers\u00e3o de Alta Temperatura de Processo \/ Vers\u00e3o Criog\u00eanica Novas fun\u00e7\u00f5es com a tecnologia de Processamento de Sinal Espectral (SSP) SSP analisa as condi\u00e7\u00f5es do fluido dentro do medidor de v\u00f3rtice digitalYEWFLO e usa os dados para selecionar automaticamente o ajuste ideal para a aplica\u00e7\u00e3o, proporcionando recursos nunca antes vistos em um medidor de v\u00f3rtice. SSP detecta com precis\u00e3o v\u00f3rtices na faixa de baixo fluxo, proporcionando uma estabilidade de fluxo excepcional. Autodiagn\u00f3stico avan\u00e7ado Condi\u00e7\u00f5es de aplica\u00e7\u00e3o, como alta vibra\u00e7\u00e3o do oleoduto e fluxo anormal, s\u00e3o previstas e indicadas. Alta precis\u00e3o \u00b10,75% da leitura (l\u00edquido) \u00b11,0% da leitura (g\u00e1s, vapor) Ampla faixa de temperatura de processo Vers\u00e3o de alta temperatura at\u00e9 450 graus Celsius Vers\u00e3o criog\u00eanica m\u00ednimo -196 graus Celsius Configura\u00e7\u00f5es simples de par\u00e2metros Sele\u00e7\u00f5es frequentemente usadas agrupadas em um formato de acesso r\u00e1pido diminuem o tempo de comissionamento. Indicador claro e conciso Exibi\u00e7\u00e3o conveniente das taxas de fluxo simult\u00e2neas e totais juntamente com o diagn\u00f3stico do processo. Sa\u00edda dupla para anal\u00f3gico\/pulso Sa\u00edda simult\u00e2nea para taxa de fluxo e pulso. Sa\u00edda de alarme Um sinal de alarme \u00e9 emitido quando ocorre um alarme. Comunica\u00e7\u00e3o BRAIN\/HART e interruptores de teclas para interface homem-m\u00e1quina. Conformidade com NACE Conformidade com NAMUR 43 Comprimento remoto do cabo de at\u00e9 30 metros<\/p>","protected":false},"featured_media":4447,"comment_status":"open","ping_status":"closed","template":"","meta":{"_joinchat":[]},"product_brand":[],"product_cat":[146],"product_tag":[],"marca":[143],"class_list":{"0":"post-4445","1":"product","2":"type-product","3":"status-publish","4":"has-post-thumbnail","6":"product_cat-medidores-de-vazao-e-tubos-de-vazao","7":"marca-yokogawa","9":"first","10":"instock","11":"shipping-taxable","12":"purchasable","13":"product-type-simple"},"yoast_head":"<!-- This site is optimized with the Yoast SEO plugin v27.2 - https:\/\/yoast.com\/product\/yoast-seo-wordpress\/ -->\n<title>Vers\u00e3o digitalYEWFLO de alta temperatura de processo\/vers\u00e3o criog\u00eanica (DY-HTLT) - Full Solutions<\/title>\n<meta name=\"robots\" content=\"index, follow, max-snippet:-1, max-image-preview:large, max-video-preview:-1\" \/>\n<link rel=\"canonical\" href=\"https:\/\/fullsolutions.info\/en\/product\/versao-digitalyewflo-de-alta-temperatura-de-processo-versao-criogenica-dy-htlt\/\" \/>\n<meta property=\"og:locale\" content=\"en_US\" \/>\n<meta property=\"og:type\" content=\"article\" \/>\n<meta property=\"og:title\" content=\"Vers\u00e3o digitalYEWFLO de alta temperatura de processo\/vers\u00e3o criog\u00eanica (DY-HTLT) - Full Solutions\" \/>\n<meta property=\"og:description\" content=\"Temos a vers\u00e3o de temperatura de processo e a vers\u00e3o criog\u00eanica na s\u00e9rie digitalYEWFLO, que ostenta confiabilidade a longo prazo. A vers\u00e3o de alta temperatura de processo est\u00e1 dispon\u00edvel at\u00e9 450 graus Celsius, a temperatura mais alta no medidor de v\u00f3rtice. A vers\u00e3o criog\u00eanica est\u00e1 dispon\u00edvel at\u00e9 -196 graus Celsius. Essas vers\u00f5es s\u00e3o as melhores solu\u00e7\u00f5es para aplica\u00e7\u00e3o de vapor de alta temperatura ou oxig\u00eanio l\u00edquido criog\u00eanico de at\u00e9 200 mm de tamanhos nominais. &nbsp; Especifica\u00e7\u00f5es Gerais Recursos: Vers\u00e3o de Alta Temperatura de Processo \/ Vers\u00e3o Criog\u00eanica Novas fun\u00e7\u00f5es com a tecnologia de Processamento de Sinal Espectral (SSP) SSP analisa as condi\u00e7\u00f5es do fluido dentro do medidor de v\u00f3rtice digitalYEWFLO e usa os dados para selecionar automaticamente o ajuste ideal para a aplica\u00e7\u00e3o, proporcionando recursos nunca antes vistos em um medidor de v\u00f3rtice. SSP detecta com precis\u00e3o v\u00f3rtices na faixa de baixo fluxo, proporcionando uma estabilidade de fluxo excepcional. Autodiagn\u00f3stico avan\u00e7ado Condi\u00e7\u00f5es de aplica\u00e7\u00e3o, como alta vibra\u00e7\u00e3o do oleoduto e fluxo anormal, s\u00e3o previstas e indicadas. Alta precis\u00e3o \u00b10,75% da leitura (l\u00edquido) \u00b11,0% da leitura (g\u00e1s, vapor) Ampla faixa de temperatura de processo Vers\u00e3o de alta temperatura at\u00e9 450 graus Celsius Vers\u00e3o criog\u00eanica m\u00ednimo -196 graus Celsius Configura\u00e7\u00f5es simples de par\u00e2metros Sele\u00e7\u00f5es frequentemente usadas agrupadas em um formato de acesso r\u00e1pido diminuem o tempo de comissionamento. Indicador claro e conciso Exibi\u00e7\u00e3o conveniente das taxas de fluxo simult\u00e2neas e totais juntamente com o diagn\u00f3stico do processo. Sa\u00edda dupla para anal\u00f3gico\/pulso Sa\u00edda simult\u00e2nea para taxa de fluxo e pulso. Sa\u00edda de alarme Um sinal de alarme \u00e9 emitido quando ocorre um alarme. Comunica\u00e7\u00e3o BRAIN\/HART e interruptores de teclas para interface homem-m\u00e1quina. Conformidade com NACE Conformidade com NAMUR 43 Comprimento remoto do cabo de at\u00e9 30 metros\" \/>\n<meta property=\"og:url\" content=\"https:\/\/fullsolutions.info\/en\/product\/versao-digitalyewflo-de-alta-temperatura-de-processo-versao-criogenica-dy-htlt\/\" \/>\n<meta property=\"og:site_name\" content=\"Full Solutions\" \/>\n<meta property=\"article:modified_time\" content=\"2024-02-19T16:12:21+00:00\" \/>\n<meta property=\"og:image\" content=\"https:\/\/mlhff0prgoxu.i.optimole.com\/cb:s0sM.767\/w:auto\/h:auto\/q:mauto\/f:best\/https:\/\/fullsolutions.info\/wp-content\/uploads\/2024\/02\/digitalYEWFLO-High.png\" \/>\n\t<meta property=\"og:image:width\" content=\"167\" \/>\n\t<meta property=\"og:image:height\" content=\"207\" \/>\n\t<meta property=\"og:image:type\" content=\"image\/png\" \/>\n<meta name=\"twitter:card\" content=\"summary_large_image\" \/>\n<meta name=\"twitter:label1\" content=\"Est. reading time\" \/>\n\t<meta name=\"twitter:data1\" content=\"2 minutes\" \/>\n<script type=\"application\/ld+json\" class=\"yoast-schema-graph\">{\"@context\":\"https:\/\/schema.org\",\"@graph\":[{\"@type\":\"WebPage\",\"@id\":\"https:\/\/fullsolutions.info\/produto\/versao-digitalyewflo-de-alta-temperatura-de-processo-versao-criogenica-dy-htlt\/\",\"url\":\"https:\/\/fullsolutions.info\/produto\/versao-digitalyewflo-de-alta-temperatura-de-processo-versao-criogenica-dy-htlt\/\",\"name\":\"Vers\u00e3o digitalYEWFLO de alta temperatura de processo\/vers\u00e3o criog\u00eanica (DY-HTLT) - Full Solutions\",\"isPartOf\":{\"@id\":\"https:\/\/fullsolutions.info\/#website\"},\"primaryImageOfPage\":{\"@id\":\"https:\/\/fullsolutions.info\/produto\/versao-digitalyewflo-de-alta-temperatura-de-processo-versao-criogenica-dy-htlt\/#primaryimage\"},\"image\":{\"@id\":\"https:\/\/fullsolutions.info\/produto\/versao-digitalyewflo-de-alta-temperatura-de-processo-versao-criogenica-dy-htlt\/#primaryimage\"},\"thumbnailUrl\":\"https:\/\/mlhff0prgoxu.i.optimole.com\/cb:s0sM.767\/w:auto\/h:auto\/q:mauto\/f:best\/https:\/\/fullsolutions.info\/wp-content\/uploads\/2024\/02\/digitalYEWFLO-High.png\",\"datePublished\":\"2024-02-02T17:42:32+00:00\",\"dateModified\":\"2024-02-19T16:12:21+00:00\",\"breadcrumb\":{\"@id\":\"https:\/\/fullsolutions.info\/produto\/versao-digitalyewflo-de-alta-temperatura-de-processo-versao-criogenica-dy-htlt\/#breadcrumb\"},\"inLanguage\":\"en-US\",\"potentialAction\":[{\"@type\":\"ReadAction\",\"target\":[\"https:\/\/fullsolutions.info\/produto\/versao-digitalyewflo-de-alta-temperatura-de-processo-versao-criogenica-dy-htlt\/\"]}]},{\"@type\":\"ImageObject\",\"inLanguage\":\"en-US\",\"@id\":\"https:\/\/fullsolutions.info\/produto\/versao-digitalyewflo-de-alta-temperatura-de-processo-versao-criogenica-dy-htlt\/#primaryimage\",\"url\":\"https:\/\/mlhff0prgoxu.i.optimole.com\/cb:s0sM.767\/w:auto\/h:auto\/q:mauto\/f:best\/https:\/\/fullsolutions.info\/wp-content\/uploads\/2024\/02\/digitalYEWFLO-High.png\",\"contentUrl\":\"https:\/\/mlhff0prgoxu.i.optimole.com\/cb:s0sM.767\/w:auto\/h:auto\/q:mauto\/f:best\/https:\/\/fullsolutions.info\/wp-content\/uploads\/2024\/02\/digitalYEWFLO-High.png\",\"width\":167,\"height\":207},{\"@type\":\"BreadcrumbList\",\"@id\":\"https:\/\/fullsolutions.info\/produto\/versao-digitalyewflo-de-alta-temperatura-de-processo-versao-criogenica-dy-htlt\/#breadcrumb\",\"itemListElement\":[{\"@type\":\"ListItem\",\"position\":1,\"name\":\"In\u00edcio\",\"item\":\"https:\/\/fullsolutions.info\/\"},{\"@type\":\"ListItem\",\"position\":2,\"name\":\"Produtos\",\"item\":\"https:\/\/fullsolutions.info\/shop\/\"},{\"@type\":\"ListItem\",\"position\":3,\"name\":\"Vers\u00e3o digitalYEWFLO de alta temperatura de processo\/vers\u00e3o criog\u00eanica (DY-HTLT)\"}]},{\"@type\":\"WebSite\",\"@id\":\"https:\/\/fullsolutions.info\/#website\",\"url\":\"https:\/\/fullsolutions.info\/\",\"name\":\"Full Solutions\",\"description\":\"Empresa na \u00c1rea de Procurement\",\"publisher\":{\"@id\":\"https:\/\/fullsolutions.info\/#organization\"},\"potentialAction\":[{\"@type\":\"SearchAction\",\"target\":{\"@type\":\"EntryPoint\",\"urlTemplate\":\"https:\/\/fullsolutions.info\/?s={search_term_string}\"},\"query-input\":{\"@type\":\"PropertyValueSpecification\",\"valueRequired\":true,\"valueName\":\"search_term_string\"}}],\"inLanguage\":\"en-US\"},{\"@type\":\"Organization\",\"@id\":\"https:\/\/fullsolutions.info\/#organization\",\"name\":\"Full Solutions\",\"url\":\"https:\/\/fullsolutions.info\/\",\"logo\":{\"@type\":\"ImageObject\",\"inLanguage\":\"en-US\",\"@id\":\"https:\/\/fullsolutions.info\/#\/schema\/logo\/image\/\",\"url\":\"https:\/\/mlhff0prgoxu.i.optimole.com\/cb:s0sM.767\/w:auto\/h:auto\/q:mauto\/f:best\/https:\/\/fullsolutions.info\/wp-content\/uploads\/2021\/07\/cropped-Design-sem-nome-300x193-1-e1627062664782.png\",\"contentUrl\":\"https:\/\/mlhff0prgoxu.i.optimole.com\/cb:s0sM.767\/w:auto\/h:auto\/q:mauto\/f:best\/https:\/\/fullsolutions.info\/wp-content\/uploads\/2021\/07\/cropped-Design-sem-nome-300x193-1-e1627062664782.png\",\"width\":202,\"height\":155,\"caption\":\"Full Solutions\"},\"image\":{\"@id\":\"https:\/\/fullsolutions.info\/#\/schema\/logo\/image\/\"},\"sameAs\":[\"https:\/\/www.linkedin.com\/company\/full-solutions-equipment\"]}]}<\/script>\n<!-- \/ Yoast SEO plugin. -->","yoast_head_json":{"title":"Vers\u00e3o digitalYEWFLO de alta temperatura de processo\/vers\u00e3o criog\u00eanica (DY-HTLT) - Full Solutions","robots":{"index":"index","follow":"follow","max-snippet":"max-snippet:-1","max-image-preview":"max-image-preview:large","max-video-preview":"max-video-preview:-1"},"canonical":"https:\/\/fullsolutions.info\/en\/product\/versao-digitalyewflo-de-alta-temperatura-de-processo-versao-criogenica-dy-htlt\/","og_locale":"en_US","og_type":"article","og_title":"Vers\u00e3o digitalYEWFLO de alta temperatura de processo\/vers\u00e3o criog\u00eanica (DY-HTLT) - Full Solutions","og_description":"Temos a vers\u00e3o de temperatura de processo e a vers\u00e3o criog\u00eanica na s\u00e9rie digitalYEWFLO, que ostenta confiabilidade a longo prazo. A vers\u00e3o de alta temperatura de processo est\u00e1 dispon\u00edvel at\u00e9 450 graus Celsius, a temperatura mais alta no medidor de v\u00f3rtice. A vers\u00e3o criog\u00eanica est\u00e1 dispon\u00edvel at\u00e9 -196 graus Celsius. Essas vers\u00f5es s\u00e3o as melhores solu\u00e7\u00f5es para aplica\u00e7\u00e3o de vapor de alta temperatura ou oxig\u00eanio l\u00edquido criog\u00eanico de at\u00e9 200 mm de tamanhos nominais. &nbsp; Especifica\u00e7\u00f5es Gerais Recursos: Vers\u00e3o de Alta Temperatura de Processo \/ Vers\u00e3o Criog\u00eanica Novas fun\u00e7\u00f5es com a tecnologia de Processamento de Sinal Espectral (SSP) SSP analisa as condi\u00e7\u00f5es do fluido dentro do medidor de v\u00f3rtice digitalYEWFLO e usa os dados para selecionar automaticamente o ajuste ideal para a aplica\u00e7\u00e3o, proporcionando recursos nunca antes vistos em um medidor de v\u00f3rtice. SSP detecta com precis\u00e3o v\u00f3rtices na faixa de baixo fluxo, proporcionando uma estabilidade de fluxo excepcional. Autodiagn\u00f3stico avan\u00e7ado Condi\u00e7\u00f5es de aplica\u00e7\u00e3o, como alta vibra\u00e7\u00e3o do oleoduto e fluxo anormal, s\u00e3o previstas e indicadas. Alta precis\u00e3o \u00b10,75% da leitura (l\u00edquido) \u00b11,0% da leitura (g\u00e1s, vapor) Ampla faixa de temperatura de processo Vers\u00e3o de alta temperatura at\u00e9 450 graus Celsius Vers\u00e3o criog\u00eanica m\u00ednimo -196 graus Celsius Configura\u00e7\u00f5es simples de par\u00e2metros Sele\u00e7\u00f5es frequentemente usadas agrupadas em um formato de acesso r\u00e1pido diminuem o tempo de comissionamento. Indicador claro e conciso Exibi\u00e7\u00e3o conveniente das taxas de fluxo simult\u00e2neas e totais juntamente com o diagn\u00f3stico do processo. Sa\u00edda dupla para anal\u00f3gico\/pulso Sa\u00edda simult\u00e2nea para taxa de fluxo e pulso. Sa\u00edda de alarme Um sinal de alarme \u00e9 emitido quando ocorre um alarme. Comunica\u00e7\u00e3o BRAIN\/HART e interruptores de teclas para interface homem-m\u00e1quina. Conformidade com NACE Conformidade com NAMUR 43 Comprimento remoto do cabo de at\u00e9 30 metros","og_url":"https:\/\/fullsolutions.info\/en\/product\/versao-digitalyewflo-de-alta-temperatura-de-processo-versao-criogenica-dy-htlt\/","og_site_name":"Full Solutions","article_modified_time":"2024-02-19T16:12:21+00:00","og_image":[{"width":167,"height":207,"url":"https:\/\/mlhff0prgoxu.i.optimole.com\/cb:s0sM.767\/w:auto\/h:auto\/q:mauto\/f:best\/https:\/\/fullsolutions.info\/wp-content\/uploads\/2024\/02\/digitalYEWFLO-High.png","type":"image\/png"}],"twitter_card":"summary_large_image","twitter_misc":{"Est. reading time":"2 minutes"},"schema":{"@context":"https:\/\/schema.org","@graph":[{"@type":"WebPage","@id":"https:\/\/fullsolutions.info\/produto\/versao-digitalyewflo-de-alta-temperatura-de-processo-versao-criogenica-dy-htlt\/","url":"https:\/\/fullsolutions.info\/produto\/versao-digitalyewflo-de-alta-temperatura-de-processo-versao-criogenica-dy-htlt\/","name":"Vers\u00e3o digitalYEWFLO de alta temperatura de processo\/vers\u00e3o criog\u00eanica (DY-HTLT) - Full Solutions","isPartOf":{"@id":"https:\/\/fullsolutions.info\/#website"},"primaryImageOfPage":{"@id":"https:\/\/fullsolutions.info\/produto\/versao-digitalyewflo-de-alta-temperatura-de-processo-versao-criogenica-dy-htlt\/#primaryimage"},"image":{"@id":"https:\/\/fullsolutions.info\/produto\/versao-digitalyewflo-de-alta-temperatura-de-processo-versao-criogenica-dy-htlt\/#primaryimage"},"thumbnailUrl":"https:\/\/mlhff0prgoxu.i.optimole.com\/cb:s0sM.767\/w:auto\/h:auto\/q:mauto\/f:best\/https:\/\/fullsolutions.info\/wp-content\/uploads\/2024\/02\/digitalYEWFLO-High.png","datePublished":"2024-02-02T17:42:32+00:00","dateModified":"2024-02-19T16:12:21+00:00","breadcrumb":{"@id":"https:\/\/fullsolutions.info\/produto\/versao-digitalyewflo-de-alta-temperatura-de-processo-versao-criogenica-dy-htlt\/#breadcrumb"},"inLanguage":"en-US","potentialAction":[{"@type":"ReadAction","target":["https:\/\/fullsolutions.info\/produto\/versao-digitalyewflo-de-alta-temperatura-de-processo-versao-criogenica-dy-htlt\/"]}]},{"@type":"ImageObject","inLanguage":"en-US","@id":"https:\/\/fullsolutions.info\/produto\/versao-digitalyewflo-de-alta-temperatura-de-processo-versao-criogenica-dy-htlt\/#primaryimage","url":"https:\/\/mlhff0prgoxu.i.optimole.com\/cb:s0sM.767\/w:auto\/h:auto\/q:mauto\/f:best\/https:\/\/fullsolutions.info\/wp-content\/uploads\/2024\/02\/digitalYEWFLO-High.png","contentUrl":"https:\/\/mlhff0prgoxu.i.optimole.com\/cb:s0sM.767\/w:auto\/h:auto\/q:mauto\/f:best\/https:\/\/fullsolutions.info\/wp-content\/uploads\/2024\/02\/digitalYEWFLO-High.png","width":167,"height":207},{"@type":"BreadcrumbList","@id":"https:\/\/fullsolutions.info\/produto\/versao-digitalyewflo-de-alta-temperatura-de-processo-versao-criogenica-dy-htlt\/#breadcrumb","itemListElement":[{"@type":"ListItem","position":1,"name":"In\u00edcio","item":"https:\/\/fullsolutions.info\/"},{"@type":"ListItem","position":2,"name":"Produtos","item":"https:\/\/fullsolutions.info\/shop\/"},{"@type":"ListItem","position":3,"name":"Vers\u00e3o digitalYEWFLO de alta temperatura de processo\/vers\u00e3o criog\u00eanica (DY-HTLT)"}]},{"@type":"WebSite","@id":"https:\/\/fullsolutions.info\/#website","url":"https:\/\/fullsolutions.info\/","name":"Full Solutions","description":"Empresa na \u00c1rea de Procurement","publisher":{"@id":"https:\/\/fullsolutions.info\/#organization"},"potentialAction":[{"@type":"SearchAction","target":{"@type":"EntryPoint","urlTemplate":"https:\/\/fullsolutions.info\/?s={search_term_string}"},"query-input":{"@type":"PropertyValueSpecification","valueRequired":true,"valueName":"search_term_string"}}],"inLanguage":"en-US"},{"@type":"Organization","@id":"https:\/\/fullsolutions.info\/#organization","name":"Full Solutions","url":"https:\/\/fullsolutions.info\/","logo":{"@type":"ImageObject","inLanguage":"en-US","@id":"https:\/\/fullsolutions.info\/#\/schema\/logo\/image\/","url":"https:\/\/mlhff0prgoxu.i.optimole.com\/cb:s0sM.767\/w:auto\/h:auto\/q:mauto\/f:best\/https:\/\/fullsolutions.info\/wp-content\/uploads\/2021\/07\/cropped-Design-sem-nome-300x193-1-e1627062664782.png","contentUrl":"https:\/\/mlhff0prgoxu.i.optimole.com\/cb:s0sM.767\/w:auto\/h:auto\/q:mauto\/f:best\/https:\/\/fullsolutions.info\/wp-content\/uploads\/2021\/07\/cropped-Design-sem-nome-300x193-1-e1627062664782.png","width":202,"height":155,"caption":"Full Solutions"},"image":{"@id":"https:\/\/fullsolutions.info\/#\/schema\/logo\/image\/"},"sameAs":["https:\/\/www.linkedin.com\/company\/full-solutions-equipment"]}]}},"_links":{"self":[{"href":"https:\/\/fullsolutions.info\/en\/wp-json\/wp\/v2\/product\/4445","targetHints":{"allow":["GET"]}}],"collection":[{"href":"https:\/\/fullsolutions.info\/en\/wp-json\/wp\/v2\/product"}],"about":[{"href":"https:\/\/fullsolutions.info\/en\/wp-json\/wp\/v2\/types\/product"}],"replies":[{"embeddable":true,"href":"https:\/\/fullsolutions.info\/en\/wp-json\/wp\/v2\/comments?post=4445"}],"wp:featuredmedia":[{"embeddable":true,"href":"https:\/\/fullsolutions.info\/en\/wp-json\/wp\/v2\/media\/4447"}],"wp:attachment":[{"href":"https:\/\/fullsolutions.info\/en\/wp-json\/wp\/v2\/media?parent=4445"}],"wp:term":[{"taxonomy":"product_brand","embeddable":true,"href":"https:\/\/fullsolutions.info\/en\/wp-json\/wp\/v2\/product_brand?post=4445"},{"taxonomy":"product_cat","embeddable":true,"href":"https:\/\/fullsolutions.info\/en\/wp-json\/wp\/v2\/product_cat?post=4445"},{"taxonomy":"product_tag","embeddable":true,"href":"https:\/\/fullsolutions.info\/en\/wp-json\/wp\/v2\/product_tag?post=4445"},{"taxonomy":"marca","embeddable":true,"href":"https:\/\/fullsolutions.info\/en\/wp-json\/wp\/v2\/marca?post=4445"}],"curies":[{"name":"wp","href":"https:\/\/api.w.org\/{rel}","templated":true}]}}